{"id":63558,"date":"2026-01-31T07:15:13","date_gmt":"2026-01-31T07:15:13","guid":{"rendered":"https:\/\/vapexyz.com\/?post_type=product&#038;p=63558"},"modified":"2026-03-04T12:50:26","modified_gmt":"2026-03-04T12:50:26","slug":"waspe-8si-1de-tat-kristali-180000-puff-180k-tek-kullanimlik-vape-toptan-toplu-alisveris-sarj-edilebilir-led-ekran","status":"publish","type":"product","link":"https:\/\/vapexyz.com\/tr\/product\/waspe-8-in-1taste-crystal-180000-puffs-180k-disposable-vapes-wholesale-bulk-buy-rechargeable-led-screen\/","title":{"rendered":"WASPE 8'i 1 Arada Tad\u0131ml\u0131 Kristal 180000 Puff 180K Tek Kullan\u0131ml\u0131k Vape Toptan Toplu Al\u0131m \u015earj Edilebilir LED Ekran"},"content":{"rendered":"<article>\n<h2>\ud83d\ude80 Devi Tan\u0131\u015f\u0131n: <a href=\"https:\/\/vapexyz.com\/tr\/urun-kategori%cc%87si%cc%87\/waspe\/\">WASPE<\/a> 8'i 1 Arada Kristal 180000 Puff<\/h2>\n<p>VapeXYZ'e ho\u015f geldiniz, Avrupa'daki en b\u00fcy\u00fck ve en iyi tek kullan\u0131ml\u0131k vape \u00fcr\u00fcnlerinin premier perakende merkeziyiz! Bug\u00fcn, ger\u00e7ek bir a\u011f\u0131r s\u0131klet \u015fampiyonunu tan\u0131d\u0131\u011f\u0131m\u0131zdan dolay\u0131 heyecan duyuyoruz: WASPE 8 in 1 Crystal 180000 Puffs. Bu sadece bir cihaz de\u011fil; en sevdi\u011finiz vape'lerden asla t\u00fckenmek istemeyenler i\u00e7in tasarlanan devasa bir g\u00fc\u00e7 merkezi.<\/p>\n<p>Standart tek kullan\u0131ml\u0131k vape'lerin b\u00fct\u00fcn bir koleksiyonu kadar uzun s\u00fcre dayanan bir cihaz hayal edin. 180.000 \u015fa\u015f\u0131rt\u0131c\u0131 say\u0131da nefes ve y\u00fcksek teknoloji sanat eserine benzeyen kristal berrakl\u0131\u011f\u0131ndaki tasar\u0131m\u0131 ile WASPE Crystal etkileyici olmak \u00fczere in\u015fa edilmi\u015ftir.  Ma\u011faza sahibi olarak stoklamak isteyen veya en iyi de\u011feri isteyen a\u011f\u0131r bir kullan\u0131c\u0131 olup olmad\u0131\u011f\u0131n\u0131z\u0131, bu tek kullan\u0131ml\u0131k vape, ilk nefisten son nefse kadar g\u00fc\u00e7l\u00fc kalan performans\u0131 sunar.<\/p>\n<div style=\"background-color: #f0f7ff; border-left: 5px solid #007bff; padding: 20px; margin: 20px 0; border-radius: 8px;\">\n<h3 style=\"margin-top: 0; color: #007bff;\">\u2728 Herkes Neden Hakk\u0131nda Konu\u015fuyor<\/h3>\n<p>WASPE 8'si 1 arada Kristal, inan\u0131lmaz 68ml kapasitesi nedeniyle \u00f6ne \u00e7\u0131k\u0131yor. \u0130\u00e7inde neler olup bitti\u011fini tam olarak s\u00f6yleyen ak\u0131ll\u0131 bir LED ekran\u0131 bulunuyor, b\u00f6ylece asla haz\u0131rl\u0131ks\u0131z yakalanmazs\u0131n\u0131z. Ayr\u0131ca, d\u00f6rt a\u011f\u0131zl\u0131 bobin sistemi (1.0ohm x 4) ile bulutlar her zamankinden daha kal\u0131n, daha p\u00fcr\u00fczs\u00fcz ve daha tatmin edici!<\/p>\n<\/div>\n<div style=\"flex-wrap: wrap; gap: 20px; justify-content: space-between; margin: 20px 0;\">\n<div style=\"flex: 1; min-width: 250px; border: 1px solid #ddd; padding: 15px; border-radius: 10px; text-align: center;\">\n<h4 style=\"color: #e67e22;\">\ud83d\udca8 180.000 Puff<\/h4>\n<p>B\u00fcy\u00fck miktarda puf say\u0131s\u0131, s\u0131k de\u011fi\u015ftirme ihtiyac\u0131 olmadan uzun s\u00fcreli keyif almay\u0131 garanti eder.<\/p>\n<\/div>\n<div style=\"flex: 1; min-width: 250px; border: 1px solid #ddd; padding: 15px; border-radius: 10px; text-align: center;\">\n<h4 style=\"color: #27ae60;\">\ud83d\udd0b \u015earj Edilebilir G\u00fc\u00e7<\/h4>\n<p>650mAh batarya ve Type-C h\u0131zl\u0131 \u015farj ile donat\u0131lm\u0131\u015f, sizi s\u00fcrekli enerji dolu tutar.<\/p>\n<\/div>\n<div style=\"flex: 1; min-width: 250px; border: 1px solid #ddd; padding: 15px; border-radius: 10px; text-align: center;\">\n<h4 style=\"color: #8e44ad;\">\ud83d\udcf1 Ak\u0131ll\u0131 LED Ekran<\/h4>\n<p>Cihaz durumunuzu net ve okunmas\u0131 kolay bir ekran ile izleyin.<\/p>\n<\/div>\n<\/div>\n<h2>\ud83c\udf1f WASPE 8'li 1 Crystal 180000'in En \u0130yi \u00d6zellikleri<\/h2>\n<ul>\n<li>E\u015fsiz Kapasite: 68ml'lik devasa kapasite, vape'inizin haftalarca hatta aylarca keyfini \u00e7\u0131karabilece\u011finiz anlam\u0131na gelir.<\/li>\n<li>Geli\u015fmi\u015f Mesh Bobinler: D\u00f6rt 1.0ohm mesh bobin birlikte \u00e7al\u0131\u015farak tutarl\u0131 ve zengin bir deneyim sa\u011flar.<\/li>\n<li>Dayan\u0131kl\u0131 &amp; \u015e\u0131k: Kristal tarz\u0131 kasan\u0131n yaln\u0131zca g\u00fczel de\u011fil, ayn\u0131 zamanda g\u00fcnl\u00fck kullan\u0131m i\u00e7in yeterince sa\u011flam.<\/li>\n<li>Toptan Haz\u0131r: Avrupa \u00e7ap\u0131ndaki perakendeciler i\u00e7in m\u00fckemmel olan toplu sat\u0131n alma i\u00e7in VapeXYZ'de mevcuttur.<\/li>\n<li>Ta\u015f\u0131nabilirlik: G\u00fcc\u00fcne ra\u011fmen, rahat\u00e7a elinize ve \u00e7antan\u0131za s\u0131\u011far.<\/li>\n<\/ul>\n<h2>\ud83c\udf08 \u0130nan\u0131lmaz \u00c7e\u015fitlilik: Se\u00e7enekler<\/h2>\n<p>WASPE 8\u201ci 1 Aras\u0131nda Kristal, e\u015fsiz bir \u201d\u00e7oklu se\u00e7enek\u201d deneyimi sunar. Her cihaz, heyecan verici kombinasyonlarla birlikte paketlenmi\u015ftir. \u0130\u015fte se\u00e7ebilece\u011finiz 12 inan\u0131lmaz set:<\/p>\n<ol>\n<li>Kavun Buz &amp; Limon Lime &amp; Ek\u015fi Mango Buz &amp; Kivi Kavun Buz<\/li>\n<li>Mavi Yaban Mersini &amp; Kiraz Kola &amp; \u00c7ilek Vanilya &amp; Limon Kiraz<\/li>\n<li>Red Bull Buz &amp; \u00c7ilek Buz &amp; Ek\u015fi Fcuking Fab &amp; Cola Buz<\/li>\n<li>\u00dcz\u00fcm Dondurmas\u0131 &amp; \u00c7ilek Kivi &amp; Karpuz Dondurmas\u0131 &amp; Mavi Rancher<\/li>\n<li>Kavun Tutku Meyvesi &amp; Ek\u015fi Mango Ananas &amp; Muz Toffee \u015eekeri &amp; \u00c7ilek Berry<\/li>\n<li>\u00c7ilek Karpuz &amp; Serin Nane &amp; Mavi Razz Dondurmas\u0131 &amp; Blackcurrant Dondurmas\u0131<\/li>\n<li>Blackberry Buz &amp; \u00c7ift Elma &amp; Black Dragon Buz &amp; \u00c7ilek Kivi<\/li>\n<li>\u00c7ilekli Red Bull &amp; Kirazl\u0131 Cola &amp; Kirazl\u0131 Lemon &amp; Tropikal Meyve<\/li>\n<li>Kar\u0131\u015f\u0131k Meyveler &amp; Limon Lime &amp; Yaban Mersini Ahududu &amp; Ye\u015fil Elma<\/li>\n<li>\u00c7ilek Ahududu Kiraz &amp; \u00c7ilek Karpuz &amp; Kivi Karpuz &amp; Limon Lime<\/li>\n<li>\u00c7ilek Muz &amp; Mango \u015eeftali &amp; \u00dc\u00e7l\u00fc Meyveler &amp; \u00c7ilek Ananas<\/li>\n<li>Mavi Razz Lemonade &amp; Kiraz Limon &amp; Mavi Yaban Mersini Dondurmas\u0131 &amp; Karpuz \u015eeftali<\/li>\n<\/ol>\n<h2>\ud83d\udcca \u00dcr\u00fcn \u00d6zellikleri Bir Bak\u0131\u015fta<\/h2>\n<table style=\"width: 100%; border-collapse: collapse; margin: 20px 0; font-family: sans-serif;\">\n<thead>\n<tr style=\"background-color: #333; color: #fff;\">\n<th style=\"padding: 12px; border: 1px solid #ddd; text-align: left;\">\u00d6zellik<\/th>\n<th style=\"padding: 12px; border: 1px solid #ddd; text-align: left;\">Detaylar<\/th>\n<\/tr>\n<\/thead>\n<tbody>\n<tr>\n<td style=\"padding: 12px; border: 1px solid #ddd;\">Toplam Puf<\/td>\n<td style=\"padding: 12px; border: 1px solid #ddd;\">180.000'e kadar<\/td>\n<\/tr>\n<tr style=\"background-color: #f9f9f9;\">\n<td style=\"padding: 12px; border: 1px solid #ddd;\">\u0130\u00e7 Kapasite<\/td>\n<td style=\"padding: 12px; border: 1px solid #ddd;\">68 ml<\/td>\n<\/tr>\n<tr>\n<td style=\"padding: 12px; border: 1px solid #ddd;\">Pil Boyutu<\/td>\n<td style=\"padding: 12px; border: 1px solid #ddd;\">650mAh (Type-C \u015earj Edilebilir)<\/td>\n<\/tr>\n<tr style=\"background-color: #f9f9f9;\">\n<td style=\"padding: 12px; border: 1px solid #ddd;\">Is\u0131tma Eleman\u0131<\/td>\n<td style=\"padding: 12px; border: 1px solid #ddd;\">1,0 ohm A\u011f Bobini x 4<\/td>\n<\/tr>\n<tr>\n<td style=\"padding: 12px; border: 1px solid #ddd;\">Ekran T\u00fcr\u00fc<\/td>\n<td style=\"padding: 12px; border: 1px solid #ddd;\">Ak\u0131ll\u0131 LED Ekran<\/td>\n<\/tr>\n<tr style=\"background-color: #f9f9f9;\">\n<td style=\"padding: 12px; border: 1px solid #ddd;\">A\u011f\u0131rl\u0131k &amp; Boyut<\/td>\n<td style=\"padding: 12px; border: 1px solid #ddd;\">150g | 53*46*138mm<\/td>\n<\/tr>\n<\/tbody>\n<\/table>\n<div style=\"background-color: #fff4e5; border: 2px dashed #ff9800; padding: 20px; border-radius: 10px; margin: 20px 0;\">\n<h3 style=\"margin-top: 0; color: #e65100;\">\ud83d\udecd\ufe0f Toptan Al\u0131\u015fveri\u015f Avantajlar\u0131 <a href=\"https:\/\/vapexyz.com\/tr\/\">VapeXYZ<\/a><\/h3>\n<p>At\u0131k vape'lerin Avrupa'n\u0131n en b\u00fcy\u00fck \u00e7evrimi\u00e7i toptan sat\u0131\u015f platformu olarak, toplu sipari\u015fler i\u00e7in en d\u00fc\u015f\u00fck fiyatlar\u0131 sunuyoruz. VapeXYZ'den WASPE 8 in 1 Crystal 180000 sat\u0131n almak, garantili kalite, k\u0131ta \u00e7ap\u0131nda h\u0131zl\u0131 teslimat ve g\u00fcvenebilece\u011finiz bir ortak elde etti\u011finiz anlam\u0131na gelir. Bug\u00fcn 180k puff devini raflar\u0131n\u0131z\u0131 stoklay\u0131n!<\/p>\n<\/div>\n<div style=\"background-color: #e8f5e9; padding: 25px; border-radius: 15px; margin-top: 30px; border: 1px solid #c8e6c9;\">\n<h2 style=\"margin-top: 0; color: #2e7d32; text-align: center;\">\ud83e\udd14S\u0131k\u00e7a Sorulan Sorular (SSS)<\/h2>\n<div style=\"margin-bottom: 15px;\">\n<p>S: WASPE 8 in 1'imi ne zaman \u015farj etmem gerekti\u011fini nas\u0131l bilebilirim?<\/p>\n<p>A: Dahili LED ekran size pil durumunu g\u00f6sterecektir. G\u00fcc\u00fc d\u00fc\u015f\u00fck oldu\u011funda basit\u00e7e bir Type-C kablo ile tak\u0131n!<\/p>\n<\/div>\n<div style=\"margin-bottom: 15px;\">\n<p>S: D\u00fckkan\u0131m i\u00e7in bunlar\u0131 toplu olarak sat\u0131n alabilir miyim?<\/p>\n<p>A: Kesinlikle! VapeXYZ perakende sat\u0131\u015fta uzmanla\u015fm\u0131\u015ft\u0131r. Karton ba\u015f\u0131na 160 \u00fcnite g\u00f6nderiyoruz, bu da stoklamay\u0131 kolayla\u015ft\u0131r\u0131yor.<\/p>\n<\/div>\n<div style=\"margin-bottom: 15px;\">\n<p>S: \u0130\u00e7erde neden d\u00f6rt bobin var?<\/p>\n<p>A: D\u00f6rt a\u011f bobini, y\u00fcksek bir kapasiteye ra\u011fmen performans\u0131n d\u00fczg\u00fcn kalmas\u0131n\u0131 ve \u00e7\u0131kt\u0131n\u0131n \u00f6mr\u00fc boyunca g\u00fc\u00e7l\u00fc kalmas\u0131n\u0131 sa\u011flar.<\/p>\n<\/div>\n<div style=\"margin-bottom: 10px;\">\n<p>Ta\u015f\u0131nmas\u0131 kolay m\u0131?<\/p>\n<p>A: Evet! \u00c7ok fazla kapasiteye sahip olmas\u0131na ra\u011fmen, ergonomik olarak tasarlanm\u0131\u015f ve bir cebine veya \u00e7antaya g\u00fczelce oturuyor.<\/p>\n<\/div>\n<\/div>\n<p style=\"text-align: center; margin-top: 30px; font-weight: bold; font-size: 1.2em;\">Envanterinizi y\u00fckseltmeye haz\u0131rs\u0131n\u0131z? \u015eimdi VapeXYZ'yi ziyaret edin ve rekabetsiz toptan fiyatlarla WASPE 180.000 Puff tek kullan\u0131ml\u0131k vape'lerini al\u0131n!<\/p>\n<p><img loading=\"lazy\" decoding=\"async\" class=\"size-full wp-image-63562 aligncenter\" src=\"https:\/\/vapexyz.com\/wp-content\/uploads\/2026\/01\/WASPE-8-in-1-Crystal-180000-Puffs-180K-Disposable-Vapes-Wholesale-Bulk-Buy-Rechargeable-LED-Screen-2.webp\" alt=\"WASPE 8&#039;li 1 Kristal 180000 Puff 180K Tek Kullan\u0131ml\u0131k Vape Toptan Toplu Al\u0131m \u015earj Edilebilir LED Ekran\" width=\"1920\" height=\"1220\" title=\"\" srcset=\"https:\/\/vapexyz.com\/wp-content\/uploads\/2026\/01\/WASPE-8-in-1-Crystal-180000-Puffs-180K-Disposable-Vapes-Wholesale-Bulk-Buy-Rechargeable-LED-Screen-2.webp 1920w, https:\/\/vapexyz.com\/wp-content\/uploads\/2026\/01\/WASPE-8-in-1-Crystal-180000-Puffs-180K-Disposable-Vapes-Wholesale-Bulk-Buy-Rechargeable-LED-Screen-2-510x324.webp 510w, https:\/\/vapexyz.com\/wp-content\/uploads\/2026\/01\/WASPE-8-in-1-Crystal-180000-Puffs-180K-Disposable-Vapes-Wholesale-Bulk-Buy-Rechargeable-LED-Screen-2-500x318.webp 500w, https:\/\/vapexyz.com\/wp-content\/uploads\/2026\/01\/WASPE-8-in-1-Crystal-180000-Puffs-180K-Disposable-Vapes-Wholesale-Bulk-Buy-Rechargeable-LED-Screen-2-1024x651.webp 1024w, https:\/\/vapexyz.com\/wp-content\/uploads\/2026\/01\/WASPE-8-in-1-Crystal-180000-Puffs-180K-Disposable-Vapes-Wholesale-Bulk-Buy-Rechargeable-LED-Screen-2-768x488.webp 768w, https:\/\/vapexyz.com\/wp-content\/uploads\/2026\/01\/WASPE-8-in-1-Crystal-180000-Puffs-180K-Disposable-Vapes-Wholesale-Bulk-Buy-Rechargeable-LED-Screen-2-1536x976.webp 1536w, https:\/\/vapexyz.com\/wp-content\/uploads\/2026\/01\/WASPE-8-in-1-Crystal-180000-Puffs-180K-Disposable-Vapes-Wholesale-Bulk-Buy-Rechargeable-LED-Screen-2-18x12.webp 18w\" sizes=\"auto, (max-width: 1920px) 100vw, 1920px\" \/><\/p>\n<\/article>","protected":false},"excerpt":{"rendered":"<p>WASPE 8'i 1 Aras\u0131nda 180000 Puffs Kristal, ak\u0131ll\u0131 bir LED ekran ve d\u00f6rt bobinli performansla \u00e7al\u0131\u015fan y\u00fcksek kapasiteli, \u015farj edilebilir bir g\u00fc\u00e7 merkezi olup, toplu perakende sat\u0131\u015f i\u00e7in mevcuttur. <b data-path-to-node=\"0\" data-index-in-node=\"169\">VapeXYZ<\/b>, Avrupa'n\u0131n en iyi tek kullan\u0131ml\u0131k vape \u00fcr\u00fcnlerinin premier kayna\u011f\u0131.<\/p>","protected":false},"featured_media":63561,"comment_status":"open","ping_status":"closed","template":"","meta":{"_lmt_disableupdate":"no","_lmt_disable":""},"product_brand":[],"product_cat":[852,1107,947,935,934,927,929,928,930,933,939,932,938,931,936,937,1017,948,949,946,950,951,953,987],"product_tag":[],"class_list":{"0":"post-63558","1":"product","2":"type-product","3":"status-publish","4":"has-post-thumbnail","6":"product_cat-waspe","7":"product_cat-180000-puffs-vapes","8":"product_cat-big-puffs-vapes","9":"product_cat-bulk-buy-disposable-vapes-in-austria","10":"product_cat-bulk-buy-disposable-vapes-in-belgium","11":"product_cat-bulk-buy-disposable-vapes-in-europe","12":"product_cat-bulk-buy-disposable-vapes-in-france","13":"product_cat-bulk-buy-disposable-vapes-in-germany","14":"product_cat-bulk-buy-disposable-vapes-in-italy","15":"product_cat-bulk-buy-disposable-vapes-in-netherlands","16":"product_cat-bulk-buy-disposable-vapes-in-norway","17":"product_cat-bulk-buy-disposable-vapes-in-poland","18":"product_cat-bulk-buy-disposable-vapes-in-portugal","19":"product_cat-bulk-buy-disposable-vapes-in-spain","20":"product_cat-bulk-buy-disposable-vapes-in-sweden","21":"product_cat-bulk-buy-disposable-vapes-in-switzerland","22":"product_cat-buy-best-disposable-vape-flavors","23":"product_cat-crystal-vapes","24":"product_cat-digital-box-vapes","25":"product_cat-disposable-vapes-series","26":"product_cat-dual-mesh-vapes","27":"product_cat-lower-nicotine-vapes","28":"product_cat-rechargeable-vapes","29":"product_cat-vape-shop-by-puffs","31":"first","32":"instock","33":"shipping-taxable","34":"purchasable","35":"product-type-variable","36":"has-default-attributes"},"jetpack_sharing_enabled":true,"tiered_pricing_type":"fixed","tiered_pricing_fixed_rules":[],"tiered_pricing_product_settings":{"layout":"default","base_unit_name":{"singular":null,"plural":null},"default_variation":null},"tiered_pricing_minimum_quantity":null,"tiered_pricing_roles_data":[],"tiered_pricing_percentage_rules":[],"tiered_pricing_maximum_quantity":null,"tiered_pricing_quantity_step":null,"_links":{"self":[{"href":"https:\/\/vapexyz.com\/tr\/wp-json\/wp\/v2\/product\/63558","targetHints":{"allow":["GET"]}}],"collection":[{"href":"https:\/\/vapexyz.com\/tr\/wp-json\/wp\/v2\/product"}],"about":[{"href":"https:\/\/vapexyz.com\/tr\/wp-json\/wp\/v2\/types\/product"}],"replies":[{"embeddable":true,"href":"https:\/\/vapexyz.com\/tr\/wp-json\/wp\/v2\/comments?post=63558"}],"wp:featuredmedia":[{"embeddable":true,"href":"https:\/\/vapexyz.com\/tr\/wp-json\/wp\/v2\/media\/63561"}],"wp:attachment":[{"href":"https:\/\/vapexyz.com\/tr\/wp-json\/wp\/v2\/media?parent=63558"}],"wp:term":[{"taxonomy":"product_brand","embeddable":true,"href":"https:\/\/vapexyz.com\/tr\/wp-json\/wp\/v2\/product_brand?post=63558"},{"taxonomy":"product_cat","embeddable":true,"href":"https:\/\/vapexyz.com\/tr\/wp-json\/wp\/v2\/product_cat?post=63558"},{"taxonomy":"product_tag","embeddable":true,"href":"https:\/\/vapexyz.com\/tr\/wp-json\/wp\/v2\/product_tag?post=63558"}],"curies":[{"name":"wp","href":"https:\/\/api.w.org\/{rel}","templated":true}]}}