{"id":62895,"date":"2026-03-09T07:46:06","date_gmt":"2026-03-09T07:46:06","guid":{"rendered":"https:\/\/vapexyz.com\/?post_type=product&#038;p=62895"},"modified":"2026-03-15T16:14:41","modified_gmt":"2026-03-15T16:14:41","slug":"bang-lider-stoll-60000-60k-puffs-tek-kullanimlik-vape-2si-1-arada-tatli-mesh-coil-toptan-toplu-satin-al","status":"publish","type":"product","link":"https:\/\/vapexyz.com\/tr\/product\/bang-leader-stoll-60000-60k-puffs-disposable-vapes-2in1-taste-mesh-coil-wholesale-bulk-buy\/","title":{"rendered":"BANG L\u0130DER\u0130 STOLL 60000 60K Puffs Tek Kullan\u0131ml\u0131k Vape 2'\u0130N1 Tat  Mesh Coil Toptan Toplu Al\u0131m"},"content":{"rendered":"<article style=\"font-family: Arial, sans-serif; line-height: 1.6; color: #333;\">\n<h2 style=\"color: #2c3e50; text-align: center; border-bottom: 2px solid #2c3e50; padding-bottom: 10px;\">BANG L\u0130DER\u0130 STOLL 60000: Kapsaml\u0131 Teknik Analiz ve Toptanc\u0131 Rehberi<\/h2>\n<div style=\"padding: 10px 0;\">\n<p>BANG LEADER STOLL 60000, y\u00fcksek kapasiteli tek kullan\u0131ml\u0131k vape sekt\u00f6r\u00fcnde \u00f6nemli bir m\u00fchendislik ilerlemesi temsil eder. Uzun s\u00fcreli cihaz dayan\u0131kl\u0131l\u0131\u011f\u0131 ile birlikte kararl\u0131 termodinamik performans gerektiren kullan\u0131c\u0131lar i\u00e7in \u00f6zel olarak tasarlanan bu donan\u0131m, yakla\u015f\u0131k 60.000 \u00e7ekme d\u00f6ng\u00fcs\u00fc sunar. Y\u00fcksek verimli g\u00fc\u00e7 teslimat sistemlerini \u00e7ift odac\u0131kl\u0131 form\u00fclasyon rezervuarlar\u0131 ile entegre ederek, piyasadaki standart tek kullan\u0131ml\u0131k vape mimarisi ile kar\u015f\u0131la\u015ft\u0131r\u0131ld\u0131\u011f\u0131nda olduk\u00e7a g\u00fcvenilir, uzun s\u00fcreli kullan\u0131m \u00e7\u00f6z\u00fcm\u00fc sa\u011flar.<\/p>\n<p>Bu \u00f6zel model, hem kullan\u0131c\u0131 rahatl\u0131\u011f\u0131 hem de titiz operasyonel performans g\u00f6z \u00f6n\u00fcnde bulundurularak tasarlanm\u0131\u015ft\u0131r. \u00d6nemli miktardaki puf kapasitesi, cihaz\u0131n de\u011fi\u015ftirilme s\u0131kl\u0131\u011f\u0131n\u0131 temel olarak azalt\u0131r ve uzun s\u00fcreli, kesintisiz bir deneyim arayan t\u00fcketiciler i\u00e7in optimum bir donan\u0131m se\u00e7ene\u011fi sunar. Tedarik zinciri perspektifinden bak\u0131ld\u0131\u011f\u0131nda, de\u011fi\u015ftirme s\u0131kl\u0131\u011f\u0131n\u0131n azalt\u0131lmas\u0131 ayn\u0131 zamanda ambalaj at\u0131klar\u0131n\u0131 en aza indirir ve modern t\u00fcketici kullan\u0131m modellerine daha iyi uyum sa\u011flar.<\/p>\n<p>VapeXYZ'de operasyonel oda\u011f\u0131m\u0131z, Avrupa toptan sat\u0131\u015f pazar\u0131na titizlikle incelenmi\u015f, y\u00fcksek kapasiteli tek kullan\u0131ml\u0131k vape'ler tedarik etmek \u00fczerine odaklanm\u0131\u015ft\u0131r. Kat\u0131 \u00fcretim kalite kontrollerine uygun donan\u0131mlar\u0131 \u00f6nceliklendiriyoruz. Perakendeciler, toptan al\u0131c\u0131lar ve b\u00f6lgesel distrib\u00fct\u00f6rler, BANG LEADER STOLL 60000 gibi \u00f6nde gelen cihazlar\u0131 rekabet\u00e7i toptan sat\u0131\u015f fiyatlar\u0131yla g\u00fcvenle toplu olarak sipari\u015f edebilirler, \u00e7\u00fcnk\u00fc ampirik olarak test edilmi\u015f, premium donan\u0131mlara yat\u0131r\u0131m yapt\u0131klar\u0131n\u0131 bilirler.<\/p>\n<\/div>\n<div style=\"background-color: #f4f6f7; border-left: 6px solid #3498db; padding: 20px; margin: 25px 0; border-radius: 4px; box-shadow: 0 2px 5px rgba(0,0,0,0.05);\">\n<h3 style=\"margin-top: 0; color: #2980b9; font-size: 1.25em;\">Teknik Bilgi Noktas\u0131: 60.000 Puff \u00d6l\u00e7\u00fct\u00fcn\u00fcn Anla\u015f\u0131lmas\u0131<\/h3>\n<p style=\"margin-bottom: 0;\">Ampirik test ortamlar\u0131nda, tek kullan\u0131ml\u0131k vape'lerin puf say\u0131s\u0131 otomatik pn\u00f6matik \u00e7ekme makineleri kullan\u0131larak \u00f6l\u00e7\u00fcl\u00fcr. Standart bir temel \u00e7ekme genellikle belirli bir s\u00fcreye (\u00e7o\u011fu zaman 1,5 ila 2,0 saniye) ve belirli bir vakum bas\u0131nc\u0131na kalibre edilir. BANG LEADER STOLL'un 60.000 kapasite derecesi, 1.0 ohm diren\u00e7 bobininin buharla\u015ft\u0131rma verimlili\u011fi ve 650mAh h\u00fccrenin sabit voltaj \u00e7\u0131k\u0131\u015f\u0131 ile dahili form\u00fclasyon hacmi dengelenerek hassas bir hesaplama yoluyla elde edilir. Bu \u00f6l\u00e7\u00fctlerin ba\u011f\u0131ms\u0131z olarak do\u011frulanmas\u0131, donan\u0131m\u0131n ilk \u00e7ekmeden cihaz\u0131n ya\u015fam d\u00f6ng\u00fcs\u00fcn\u00fcn sonuna kadar tutarl\u0131 aerosol \u00fcretimi sa\u011flad\u0131\u011f\u0131n\u0131 garanti eder.<\/p>\n<\/div>\n<h3 style=\"color: #2c3e50; margin-top: 30px;\">Donan\u0131m Mimarisi: G\u00fc\u00e7 Da\u011f\u0131t\u0131m Sistemi<\/h3>\n<p>Bu cihaz\u0131n yap\u0131sal b\u00fct\u00fcnl\u00fc\u011f\u00fc, dahili g\u00fc\u00e7 y\u00f6netimine olduk\u00e7a ba\u011f\u0131ml\u0131d\u0131r. BANG LEADER STOLL 60000, entegre 650mAh lityum-iyon \u015farj edilebilir h\u00fccre ile donat\u0131lm\u0131\u015ft\u0131r. Daha d\u00fc\u015f\u00fck seviyeli pil bile\u015fenlerinden dolay\u0131 voltaj d\u00fc\u015f\u00fc\u015fleri ya\u015fanan tek kullan\u0131ml\u0131k vape'lerin aksine, bu \u00f6zel pil kimyas\u0131 tutarl\u0131 de\u015farj oranlar\u0131 i\u00e7in optimize edilmi\u015ftir. Standart Type-C h\u0131zl\u0131 \u015farj protokollerini destekler (tipik olarak 5V\/1A girdi parametrelerinde \u00e7al\u0131\u015f\u0131r). Bu, kullan\u0131c\u0131lar\u0131n h\u00fccreyi h\u0131zl\u0131 bir \u015fekilde yeniden \u015farj etmesini sa\u011flar, b\u00f6ylece i\u00e7 bobini yeterince \u0131s\u0131tmak i\u00e7in gerekli termodinamik enerjinin her zaman mevcut olmas\u0131 sa\u011flan\u0131r ve b\u00f6ylece donan\u0131m\u0131n \u00f6mr\u00fc boyunca tutarl\u0131 bir \u00e7\u0131kt\u0131 sa\u011flan\u0131r.<\/p>\n<h3 style=\"color: #2c3e50; margin-top: 30px;\">Termodinamik: 1.0 ohm A\u011f Bobin Sistemi<\/h3>\n<p>Standart yuvarlak tel bobinler genellikle e\u015fit olmayan \u0131s\u0131 da\u011f\u0131l\u0131m\u0131ndan muzdariptir, bu da dahili form\u00fclasyonu bozabilir. BANG LEADER STOLL 60000, geli\u015fmi\u015f 1.0ohm a\u011f bobin teknolojisini kullanarak bu sorunu bypass eder. M\u00fchendislik a\u00e7\u0131s\u0131ndan, bir a\u011f bobin geleneksel helisel tel ile kar\u015f\u0131la\u015ft\u0131r\u0131ld\u0131\u011f\u0131nda \u00e7ok daha \u00fcst\u00fcn bir y\u00fczey alan\u0131 sa\u011flar. Pil a\u011fa ak\u0131m uygulad\u0131\u011f\u0131nda, t\u00fcm y\u00fczey boyunca h\u0131zl\u0131 ve e\u015fit bir \u015fekilde \u0131s\u0131t\u0131l\u0131r. Bu hassas termal d\u00fczenleme, lokalize yanmay\u0131 \u00f6nler ve aerosol \u00e7\u0131k\u0131\u015f\u0131n\u0131n inan\u0131lmaz derecede p\u00fcr\u00fczs\u00fcz kalmas\u0131n\u0131 sa\u011flar. 1.0ohm diren\u00e7, A\u011f\u0131zdan Akci\u011fere (MTL) \u00e7ekme i\u00e7in \u00f6zel olarak kalibre edilmi\u015ftir ve buhar \u00fcretimini, geleneksel solunum modellerini taklit eden optimal, k\u0131s\u0131tl\u0131 hava ak\u0131\u015f\u0131 ile m\u00fckemmel bir \u015fekilde dengeler.<\/p>\n<div style=\"background-color: #fdfefe; border: 1px solid #e5e7e9; border-left: 6px solid #e67e22; padding: 20px; margin: 25px 0; border-radius: 4px;\">\n<h3 style=\"margin-top: 0; color: #d35400; font-size: 1.25em;\">Ampirik Kalite G\u00fcvencesi ve Uygunluk<\/h3>\n<p style=\"margin-bottom: 0;\">Avrupal\u0131 sat\u0131c\u0131lar i\u00e7in, uyumsuz donan\u0131m da\u011f\u0131t\u0131m\u0131 \u00f6nemli bir d\u00fczenleyici risk olu\u015fturur. BANG LEADER STOLL 60000, kat\u0131 ISO sertifikal\u0131 tesis standartlar\u0131 alt\u0131nda \u00fcretilmektedir. Da\u011f\u0131t\u0131m \u00f6ncesi, donan\u0131m, termal stres testi, pil d\u00f6ng\u00fcs\u00fc bozulma analizi ve kapal\u0131 sistem s\u0131z\u0131nt\u0131 \u00f6nleme testi dahil olmak \u00fczere titiz kalite g\u00fcvence protokollerinden ge\u00e7er. Elektronik bile\u015fenler, Avrupa Ekonomik Alan\u0131 (EEA) i\u00e7inde sat\u0131lan \u00fcr\u00fcnler i\u00e7in g\u00fcvenlik, sa\u011fl\u0131k ve \u00e7evre koruma gereksinimlerine uyumu onaylayan CE (Conformit\u00e9 Europ\u00e9enne) i\u015faretleme standartlar\u0131na uygun olarak tasarlanm\u0131\u015ft\u0131r. Ayr\u0131ca, Type-C ba\u011flant\u0131 noktas\u0131 ve dahili devre, maksimum kullan\u0131c\u0131 g\u00fcvenli\u011fi sa\u011flamak i\u00e7in a\u015f\u0131r\u0131 \u015farj korumas\u0131, k\u0131sa devre \u00f6nleme ve d\u00fc\u015f\u00fck voltaj kesme \u00f6zelli\u011fine sahiptir.<\/p>\n<\/div>\n<h3 style=\"color: #2c3e50; margin-top: 30px;\">\u0130novatif \u0130ki Odac\u0131kl\u0131 Entegrasyon (2'si 1 Arada Anahtar)<\/h3>\n<p>BANG LEADER STOLL 60000'\u0131n en karma\u015f\u0131k m\u00fchendislik ba\u015far\u0131lar\u0131ndan biri, iki-in-tek rezervuar sistemidir. Bu cihaz, kullan\u0131c\u0131lar\u0131n ba\u011f\u0131ms\u0131z i\u00e7 b\u00f6lmeler i\u00e7inde bar\u0131nd\u0131r\u0131lan iki farkl\u0131 duyusal profil aras\u0131nda sorunsuz bir \u015fekilde ge\u00e7i\u015f yapmalar\u0131n\u0131 sa\u011flayan mekanik bir anahtar \u00f6zelli\u011fine sahiptir. Bu tasar\u0131m, aromatik kar\u0131\u015f\u0131mlar\u0131n herhangi bir \u00e7apraz kontaminasyonunu \u00f6nler. Tek bir d\u0131\u015f \u015fasiye iki ayr\u0131 k\u0131lcal emme sistemi entegre ederek, tek bir tek kullan\u0131ml\u0131k vape'in \u00e7ok y\u00f6nl\u00fcl\u00fc\u011f\u00fcn\u00fc dramatik bir \u015fekilde geni\u015fletir ve t\u00fcketicilerin ayn\u0131 anda birden fazla ayr\u0131 cihaz ta\u015f\u0131ma ihtiyac\u0131n\u0131 azalt\u0131r.<\/p>\n<h3 style=\"color: #8e44ad; margin-top: 30px; border-bottom: 1px solid #8e44ad; padding-bottom: 5px;\">Aromatik Profil Kombinasyonlar\u0131: Duyusal Analiz<\/h3>\n<p>\u00dcretici, kapsaml\u0131 bir duyusal deneyim i\u00e7in \u00fcst notalar\u0131 ve alt notalar\u0131 dikkatlice dengeleyerek \u00e7e\u015fitli ikili profil kombinasyonlar\u0131 tasarlam\u0131\u015ft\u0131r. A\u015fa\u011f\u0131da, toplu sat\u0131n alma i\u00e7in mevcut e\u015fle\u015ftirilmi\u015f se\u00e7eneklerin ayr\u0131nt\u0131l\u0131 d\u00f6k\u00fcm\u00fc verilmi\u015ftir:<\/p>\n<ol style=\"line-height: 1.8; margin-top: 15px; padding-left: 20px;\">\n<li style=\"margin-bottom: 10px;\"><strong>Karpuzlu Dondurma + \u00c7ilekli Karpuzlu Sak\u0131z:<\/strong> Bir taraf\u0131nda kriojenik olarak so\u011futulmu\u015f karpuz \u00f6z\u00fc, di\u011fer taraf\u0131nda ise \u015fekerleme ilhaml\u0131, tatl\u0131 \u00e7ilek ve kavun kar\u0131\u015f\u0131m\u0131 bulunan bir kombinasyon.<\/li>\n<li style=\"margin-bottom: 10px;\"><strong>Red Bull + Siyah Buz Ejder Meyvesi \u00c7ilek:<\/strong> Canland\u0131r\u0131c\u0131 i\u00e7eceklerden esinlenen botanik bir profil, yo\u011fun so\u011futulmu\u015f, egzotik bir karanl\u0131k ejder meyvesi ve tarla \u00e7ilekleri kar\u0131\u015f\u0131m\u0131 ile e\u015fle\u015ftirildi.<\/li>\n<li style=\"margin-bottom: 10px;\"><strong>Vanilya Kola + Limon \u015eeftali \u00c7ilek Ahududu:<\/strong> Fizzy bir kola ve zengin vanilya \u00f6z\u00fc, son derece karma\u015f\u0131k, \u00e7ok katmanl\u0131 bir narenciye ve kar\u0131\u015f\u0131k meyve kompozisyonu ile birle\u015ftirilmi\u015ftir.<\/li>\n<li style=\"margin-bottom: 10px;\"><strong>Kiraz Dondurmas\u0131 + \u00dcz\u00fcm Dondurmas\u0131:<\/strong> Bir donma noktas\u0131 y\u00fckseltilmi\u015f bah\u00e7e kiraz \u00f6z\u00fc, derinlemesine so\u011futulmu\u015f, g\u00fc\u00e7l\u00fc bir koyu \u00fcz\u00fcm aromatik profili ile e\u015fle\u015ftirildi.<\/li>\n<li style=\"margin-bottom: 10px;\"><strong>Karpuzlu Dondurma + \u00c7ilekli Mango:<\/strong> Buzluluklu karpuz notalar\u0131, taze \u00e7ileklerin ve olgun mango'lar\u0131n canl\u0131, tropikal bir f\u00fczyonu ile e\u015fle\u015ftirildi.<\/li>\n<li style=\"margin-bottom: 10px;\"><strong>Mavi \u00dcz\u00fcm + Gazl\u0131 Kiraz:<\/strong> Dondurulmu\u015f yaban mersini botanik \u00f6z\u00fc, karbonizasyon taklit eden parlak bir kiraz profili ile e\u015fle\u015ftirildi.<\/li>\n<li style=\"margin-bottom: 10px;\"><strong>\u00c7ilek Kavun + Kiraz Kola:<\/strong> Klasik, so\u011futulmam\u0131\u015f bah\u00e7e meyveleri, ferahl\u0131k veren, tatl\u0131 kiraz kola aromatik kar\u0131\u015f\u0131m\u0131 ile birle\u015ftirildi.<\/li>\n<li style=\"margin-bottom: 10px;\"><strong>\u015eeftali Buz + Greyfurt Yenileyici:<\/strong> So\u011futulmu\u015f bah\u00e7e \u015feftali \u00f6z\u00fc, keskin, ek\u015fi ve olduk\u00e7a ferahlat\u0131c\u0131 bir greyfurt botanik kar\u0131\u015f\u0131m\u0131 ile m\u00fckemmel dengelenmi\u015ftir.<\/li>\n<li style=\"margin-bottom: 10px;\"><strong>Pembe Limonata + Kivi Tutku Meyvesi Guava:<\/strong> Canland\u0131r\u0131c\u0131, \u00f6ne \u00e7\u0131kan limonata notalar\u0131, k\u00fcresel olarak kaynakl\u0131, egzotik tropikal meyve kar\u0131\u015f\u0131m\u0131 ile e\u015fle\u015ftirildi.<\/li>\n<li style=\"margin-bottom: 10px;\"><strong>\u015eeftali Berry + \u00c7ilek Muz:<\/strong> \u015eeftali ve koyu meyvelerin d\u00fczg\u00fcn bir f\u00fczyonu, \u00e7ilezi ve muzu i\u00e7eren yo\u011fun, kremams\u0131 bir profil ile birlikte.<\/li>\n<li style=\"margin-bottom: 10px;\"><strong>Mojito Canavar\u0131 Mango + Kiraz Limon:<\/strong> Karma\u015f\u0131k, nane ile tatland\u0131r\u0131lm\u0131\u015f mango form\u00fclasyonu, keskin bir kontrast olu\u015fturan parlak kiraz ve narenciye kar\u0131\u015f\u0131m\u0131 ile birle\u015ftirilmi\u015ftir.<\/li>\n<li style=\"margin-bottom: 10px;\"><strong>\u00c7ilek Kivi + \u00c7ilek Karpuz Sak\u0131z:<\/strong> Geleneksel bir tart kivi ve \u00e7ilek kar\u0131\u015f\u0131m\u0131, yo\u011fun \u015fekilde tatland\u0131r\u0131lm\u0131\u015f, \u015fekerleme tarz\u0131 bir meyve form\u00fclasyonu ile e\u015fle\u015ftirilmi\u015ftir.<\/li>\n<\/ol>\n<h3 style=\"color: #c0392b; margin-top: 30px;\">Donan\u0131m \u00d6zellikleri Matrisi<\/h3>\n<p>A\u015fa\u011f\u0131daki veri tablosu, bu premium tek kullan\u0131ml\u0131k vape modelinin kesin ampirik \u00f6zelliklerini ve yap\u0131 bile\u015fenlerini \u00f6zetlemektedir; toptan al\u0131c\u0131lar\u0131n \u00fcr\u00fcn\u00fcn yeteneklerine tam \u015feffafl\u0131k sa\u011flamaktad\u0131r.<\/p>\n<table style=\"width: 100%; border-collapse: collapse; margin: 25px 0; font-family: Arial, sans-serif; box-shadow: 0 4px 8px rgba(0,0,0,0.05);\">\n<thead>\n<tr style=\"background-color: #2c3e50; color: white; text-align: left;\">\n<th style=\"padding: 15px; border: 1px solid #bdc3c7; font-weight: bold; text-transform: uppercase; font-size: 0.9em;\">Donan\u0131m \u00d6zelli\u011fi<\/th>\n<th style=\"padding: 15px; border: 1px solid #bdc3c7; font-weight: bold; text-transform: uppercase; font-size: 0.9em;\">M\u00fchendislik \u00d6zellikleri<\/th>\n<\/tr>\n<\/thead>\n<tbody>\n<tr>\n<td style=\"padding: 15px; border: 1px solid #ecf0f1; background-color: #f8f9fa; font-weight: bold; color: #34495e;\">Toplam Siklus Kapasitesi<\/td>\n<td style=\"padding: 15px; border: 1px solid #ecf0f1; color: #555;\">60.000 \u00c7ekime Kadar (Makine testli tahmin)<\/td>\n<\/tr>\n<tr>\n<td style=\"padding: 15px; border: 1px solid #ecf0f1; font-weight: bold; color: #34495e;\">Pil H\u00fccresi Kimyas\u0131<\/td>\n<td style=\"padding: 15px; border: 1px solid #ecf0f1; color: #555;\">650mAh Lityum-\u0130yon (\u015earj Edilebilir)<\/td>\n<\/tr>\n<tr>\n<td style=\"padding: 15px; border: 1px solid #ecf0f1; background-color: #f8f9fa; font-weight: bold; color: #34495e;\">\u015earj Protokol\u00fc<\/td>\n<td style=\"padding: 15px; border: 1px solid #ecf0f1; color: #555;\">Type-C Ba\u011flant\u0131 Noktas\u0131 (5V\/1A \u00f6nerilen girdi)<\/td>\n<\/tr>\n<tr>\n<td style=\"padding: 15px; border: 1px solid #ecf0f1; font-weight: bold; color: #34495e;\">Termal Atomizer<\/td>\n<td style=\"padding: 15px; border: 1px solid #ecf0f1; color: #555;\">1,0 ohm Hassas A\u011f Bobini<\/td>\n<\/tr>\n<tr>\n<td style=\"padding: 15px; border: 1px solid #ecf0f1; background-color: #f8f9fa; font-weight: bold; color: #34495e;\">\u0130\u00e7 Mimarl\u0131k<\/td>\n<td style=\"padding: 15px; border: 1px solid #ecf0f1; color: #555;\">\u0130ki Odac\u0131kl\u0131 Rezervuar (2'si 1 Arada \u00c7\u0131k\u0131\u015f Anahtar\u0131)<\/td>\n<\/tr>\n<tr>\n<td style=\"padding: 15px; border: 1px solid #ecf0f1; font-weight: bold; color: #34495e;\">Aktivasyon Mekanizmas\u0131<\/td>\n<td style=\"padding: 15px; border: 1px solid #ecf0f1; color: #555;\">Pn\u00f6matik \u00c7ekme-Aktiveli Ate\u015fleme<\/td>\n<\/tr>\n<\/tbody>\n<\/table>\n<h3 style=\"color: #2c3e50; margin-top: 40px; border-bottom: 2px solid #2c3e50; padding-bottom: 10px;\">Ana Noktalar: S\u0131k\u00e7a Sorulan Sorular<\/h3>\n<div style=\"background-color: #ffffff; padding: 20px; border: 1px solid #dcdde1; border-left: 5px solid #2c3e50; border-radius: 6px; margin-bottom: 15px; box-shadow: 0 2px 4px rgba(0,0,0,0.02);\"><strong style=\"color: #2c3e50; font-size: 1.1em; display: block; margin-bottom: 8px;\">S: 60.000 kapasite nas\u0131l de\u011ferlendirilir ve ger\u00e7ek\u00e7i \u00f6m\u00fcr nedir?<\/strong><\/p>\n<p style=\"margin: 0; color: #555;\">60.000 metrik de\u011feri, standartla\u015ft\u0131r\u0131lm\u0131\u015f soluma s\u00fcrelerini kullanan otomatik laboratuvar testlerinden elde edilmektedir. Ger\u00e7ek d\u00fcnya uygulamalar\u0131nda, \u00f6mr\u00fc bireysel t\u00fcketici \u00e7ekme uzunluklar\u0131na ve g\u00fcnl\u00fck kullan\u0131m s\u0131kl\u0131\u011f\u0131na ba\u011fl\u0131 olarak de\u011fi\u015fecektir. Bununla birlikte, matematiksel olarak, bu b\u00fcy\u00fck kapasite donan\u0131m\u0131n birka\u00e7 hafta boyunca s\u00fcrekli olarak \u00e7al\u0131\u015fmas\u0131n\u0131 sa\u011flar, daha d\u00fc\u015f\u00fck kapasiteli tek kullan\u0131ml\u0131k vape'lerden \u00f6nemli \u00f6l\u00e7\u00fcde daha uzun \u00f6m\u00fcrl\u00fcd\u00fcr ve m\u00fckemmel uzun vadeli de\u011fer sa\u011flar.<\/p>\n<\/div>\n<div style=\"background-color: #ffffff; padding: 20px; border: 1px solid #dcdde1; border-left: 5px solid #2c3e50; border-radius: 6px; margin-bottom: 15px; box-shadow: 0 2px 4px rgba(0,0,0,0.02);\"><strong style=\"color: #2c3e50; font-size: 1.1em; display: block; margin-bottom: 8px;\">S: \u0130\u00e7teki 650mAh bataryan\u0131n yeniden \u015farj edilmesi i\u00e7in en iyi uygulamalar nelerdir?<\/strong><\/p>\n<p style=\"margin: 0; color: #555;\">Cihaz, end\u00fcstri standard\u0131 Type-C giri\u015f ba\u011flant\u0131 noktas\u0131yla donat\u0131lm\u0131\u015ft\u0131r. En iyi pil sa\u011fl\u0131\u011f\u0131 ve g\u00fcvenli\u011fi i\u00e7in, standart bir 5V\/1A \u015farj blo\u011fu kullanman\u0131z \u00f6nerilir. Y\u00fcksek g\u00fc\u00e7l\u00fc diz\u00fcst\u00fc bilgisayar veya tablet \u015farj cihazlar\u0131 kullanmaktan ka\u00e7\u0131n\u0131n, \u00e7\u00fcnk\u00fc a\u015f\u0131r\u0131 ak\u0131m lityum-iyon h\u00fccrenin zamanla daha h\u0131zl\u0131 bozulmas\u0131na neden olabilir. Entegre devre, tam kapasiteye ula\u015f\u0131ld\u0131\u011f\u0131nda g\u00fcc\u00fc otomatik olarak keserek donan\u0131m\u0131 a\u015f\u0131r\u0131 \u015farjdan korur.<\/p>\n<\/div>\n<div style=\"background-color: #ffffff; padding: 20px; border: 1px solid #dcdde1; border-left: 5px solid #2c3e50; border-radius: 6px; margin-bottom: 15px; box-shadow: 0 2px 4px rgba(0,0,0,0.02);\"><strong style=\"color: #2c3e50; font-size: 1.1em; display: block; margin-bottom: 8px;\">S: \u0130ki odac\u0131kl\u0131 anahtar mekanizmas\u0131 nas\u0131l \u00e7al\u0131\u015f\u0131r?<\/strong><\/p>\n<p style=\"margin: 0; color: #555;\">Donan\u0131m, taban veya a\u011f\u0131zl\u0131k yak\u0131n\u0131nda (tam \u015fasi yinelemesine ba\u011fl\u0131 olarak) bulunan d\u0131\u015f manuel bir anahtar \u00f6zelli\u011fine sahiptir. Bu anahtar\u0131n etkinle\u015ftirilmesi, hava ak\u0131\u015f\u0131 y\u00f6nlendirmesini mekanik olarak de\u011fi\u015ftirerek pn\u00f6matik vakumu ya Odak A'dan ya da Odak B'den \u00e7ekmeye y\u00f6nlendirir. Odaklar tamamen fiziksel olarak izole edilmi\u015f oldu\u011fundan, iki farkl\u0131 aromatik form\u00fclasyonun kar\u0131\u015fmas\u0131 konusunda s\u0131f\u0131r risk vard\u0131r ve se\u00e7ilen se\u00e7enek i\u00e7in saf bir duyusal \u00e7\u0131kt\u0131 garanti edilir.<\/p>\n<\/div>\n<div style=\"background-color: #ffffff; padding: 20px; border: 1px solid #dcdde1; border-left: 5px solid #2c3e50; border-radius: 6px; margin-bottom: 25px; box-shadow: 0 2px 4px rgba(0,0,0,0.02);\"><strong style=\"color: #2c3e50; font-size: 1.1em; display: block; margin-bottom: 8px;\">S: Neden VapeXYZ ile bu donan\u0131m i\u00e7in perakendeci distrib\u00fct\u00f6rler ortak olmal\u0131d\u0131r?<\/strong><\/p>\n<p style=\"margin: 0; color: #555;\">VapeXYZ, Avrupa pazar\u0131na odaklanan \u00f6zel bir B2B distrib\u00fct\u00f6rd\u00fcr. \u00dcreticilerle do\u011frudan ili\u015fkilerimizi s\u00fcrd\u00fcrerek, tek kullan\u0131ml\u0131k vape toplu sipari\u015flerinin orijinal ve b\u00f6lgesel g\u00fcvenlik beklentilerine uygun oldu\u011funu garanti ediyoruz. Sadece 10 par\u00e7a olan son derece eri\u015filebilir Minimum Sipari\u015f Miktar\u0131 (MOQ), Almanya ve \u0130spanya gibi \u00fclkelerdeki sa\u011flam lojistik a\u011flar ve perakende operasyonlar\u0131n\u0131 g\u00fcvenli ve verimli bir \u015fekilde \u00f6l\u00e7eklendirmek i\u00e7in \u00f6zel hesap y\u00f6netimi sunuyoruz.<\/p>\n<\/div>\n<p style=\"text-align: center; margin-top: 50px; padding: 20px; background-color: #fdfefe; border: 1px dashed #bdc3c7; font-weight: bold; font-size: 1.2em; color: #2c3e50;\">Perakende envanterinizi premium donan\u0131mlarla optimize edin. Ziyaret edin <a style=\"color: #2980b9; text-decoration: none;\" href=\"https:\/\/vapexyz.com\/tr\/\">VapeXYZ<\/a> Bug\u00fcn, BANG LEADER STOLL 60000 i\u00e7in perakende tahsisat\u0131n\u0131z\u0131 g\u00fcvence alt\u0131na almak ve Avrupa pazar\u0131nda \u00fcst d\u00fczey tek kullan\u0131ml\u0131k vape \u00fcr\u00fcnlerinin g\u00fcvenilir teslimat\u0131n\u0131 sa\u011flamak i\u00e7in.<\/p>\n<div style=\"text-align: center; margin-top: 30px;\"><img loading=\"lazy\" decoding=\"async\" class=\"size-full wp-image-62908 aligncenter\" style=\"max-width: 100%; height: auto; border-radius: 8px; box-shadow: 0 4px 12px rgba(0,0,0,0.1);\" src=\"https:\/\/vapexyz.com\/wp-content\/uploads\/2026\/01\/BANG-LEADER-STOLL-60000-60K-Puffs-Disposable-Vapes-2IN1-Taste-Options-Mesh-Coil-Wholesale-Bulk-Buy-scaled.webp\" alt=\"BANG L\u0130DER\u0130 STOLL 60000 60K Puffs Tek Kullan\u0131ml\u0131k Vape 2&#039;\u0130N1 Tat Se\u00e7enekleri Mesh Bobin Toptan Toplu Al\u0131m\" width=\"1487\" height=\"2560\" title=\"\" srcset=\"https:\/\/vapexyz.com\/wp-content\/uploads\/2026\/01\/BANG-LEADER-STOLL-60000-60K-Puffs-Disposable-Vapes-2IN1-Taste-Options-Mesh-Coil-Wholesale-Bulk-Buy-scaled.webp 1487w, https:\/\/vapexyz.com\/wp-content\/uploads\/2026\/01\/BANG-LEADER-STOLL-60000-60K-Puffs-Disposable-Vapes-2IN1-Taste-Options-Mesh-Coil-Wholesale-Bulk-Buy-scaled-290x500.webp 290w, https:\/\/vapexyz.com\/wp-content\/uploads\/2026\/01\/BANG-LEADER-STOLL-60000-60K-Puffs-Disposable-Vapes-2IN1-Taste-Options-Mesh-Coil-Wholesale-Bulk-Buy-scaled-595x1024.webp 595w, https:\/\/vapexyz.com\/wp-content\/uploads\/2026\/01\/BANG-LEADER-STOLL-60000-60K-Puffs-Disposable-Vapes-2IN1-Taste-Options-Mesh-Coil-Wholesale-Bulk-Buy-scaled-768x1322.webp 768w, https:\/\/vapexyz.com\/wp-content\/uploads\/2026\/01\/BANG-LEADER-STOLL-60000-60K-Puffs-Disposable-Vapes-2IN1-Taste-Options-Mesh-Coil-Wholesale-Bulk-Buy-scaled-892x1536.webp 892w, https:\/\/vapexyz.com\/wp-content\/uploads\/2026\/01\/BANG-LEADER-STOLL-60000-60K-Puffs-Disposable-Vapes-2IN1-Taste-Options-Mesh-Coil-Wholesale-Bulk-Buy-scaled-1190x2048.webp 1190w, https:\/\/vapexyz.com\/wp-content\/uploads\/2026\/01\/BANG-LEADER-STOLL-60000-60K-Puffs-Disposable-Vapes-2IN1-Taste-Options-Mesh-Coil-Wholesale-Bulk-Buy-scaled-7x12.webp 7w, https:\/\/vapexyz.com\/wp-content\/uploads\/2026\/01\/BANG-LEADER-STOLL-60000-60K-Puffs-Disposable-Vapes-2IN1-Taste-Options-Mesh-Coil-Wholesale-Bulk-Buy-scaled-510x878.webp 510w\" sizes=\"auto, (max-width: 1487px) 100vw, 1487px\" \/><\/div>\n<\/article>","protected":false},"excerpt":{"rendered":"<p>BANG LEADER STOLL 60000, VapeXYZ'de perakende sat\u0131n al\u0131mlar\u0131n\u0131z i\u00e7in ideal se\u00e7im olan, e\u011flenceli 2'si 1 arada tat anahtar\u0131 ve 60.000 b\u00fcy\u00fck \u00e7ekim sunan, uzun s\u00fcre dayan\u0131kl\u0131, \u015farj edilebilir, tek kullan\u0131ml\u0131k bir vape cihaz\u0131d\u0131r.<\/p>","protected":false},"featured_media":62900,"comment_status":"open","ping_status":"closed","template":"","meta":{"_lmt_disableupdate":"no","_lmt_disable":""},"product_brand":[],"product_cat":[821,1072,947,935,934,927,929,928,930,933,939,932,938,931,936,937,1017,949,946,1083,950,951,953,987],"product_tag":[],"class_list":{"0":"post-62895","1":"product","2":"type-product","3":"status-publish","4":"has-post-thumbnail","6":"product_cat-bang","7":"product_cat-60000-puff-vapes","8":"product_cat-big-puffs-vapes","9":"product_cat-bulk-buy-disposable-vapes-in-austria","10":"product_cat-bulk-buy-disposable-vapes-in-belgium","11":"product_cat-bulk-buy-disposable-vapes-in-europe","12":"product_cat-bulk-buy-disposable-vapes-in-france","13":"product_cat-bulk-buy-disposable-vapes-in-germany","14":"product_cat-bulk-buy-disposable-vapes-in-italy","15":"product_cat-bulk-buy-disposable-vapes-in-netherlands","16":"product_cat-bulk-buy-disposable-vapes-in-norway","17":"product_cat-bulk-buy-disposable-vapes-in-poland","18":"product_cat-bulk-buy-disposable-vapes-in-portugal","19":"product_cat-bulk-buy-disposable-vapes-in-spain","20":"product_cat-bulk-buy-disposable-vapes-in-sweden","21":"product_cat-bulk-buy-disposable-vapes-in-switzerland","22":"product_cat-buy-best-disposable-vape-flavors","23":"product_cat-digital-box-vapes","24":"product_cat-disposable-vapes-series","25":"product_cat-double-flavor-vapes","26":"product_cat-dual-mesh-vapes","27":"product_cat-lower-nicotine-vapes","28":"product_cat-rechargeable-vapes","29":"product_cat-vape-shop-by-puffs","31":"first","32":"instock","33":"shipping-taxable","34":"purchasable","35":"product-type-variable","36":"has-default-attributes"},"jetpack_sharing_enabled":true,"tiered_pricing_type":"fixed","tiered_pricing_fixed_rules":[],"tiered_pricing_product_settings":{"layout":"default","base_unit_name":{"singular":null,"plural":null},"default_variation":null},"tiered_pricing_minimum_quantity":null,"tiered_pricing_roles_data":[],"tiered_pricing_percentage_rules":[],"tiered_pricing_maximum_quantity":null,"tiered_pricing_quantity_step":null,"_links":{"self":[{"href":"https:\/\/vapexyz.com\/tr\/wp-json\/wp\/v2\/product\/62895","targetHints":{"allow":["GET"]}}],"collection":[{"href":"https:\/\/vapexyz.com\/tr\/wp-json\/wp\/v2\/product"}],"about":[{"href":"https:\/\/vapexyz.com\/tr\/wp-json\/wp\/v2\/types\/product"}],"replies":[{"embeddable":true,"href":"https:\/\/vapexyz.com\/tr\/wp-json\/wp\/v2\/comments?post=62895"}],"wp:featuredmedia":[{"embeddable":true,"href":"https:\/\/vapexyz.com\/tr\/wp-json\/wp\/v2\/media\/62900"}],"wp:attachment":[{"href":"https:\/\/vapexyz.com\/tr\/wp-json\/wp\/v2\/media?parent=62895"}],"wp:term":[{"taxonomy":"product_brand","embeddable":true,"href":"https:\/\/vapexyz.com\/tr\/wp-json\/wp\/v2\/product_brand?post=62895"},{"taxonomy":"product_cat","embeddable":true,"href":"https:\/\/vapexyz.com\/tr\/wp-json\/wp\/v2\/product_cat?post=62895"},{"taxonomy":"product_tag","embeddable":true,"href":"https:\/\/vapexyz.com\/tr\/wp-json\/wp\/v2\/product_tag?post=62895"}],"curies":[{"name":"wp","href":"https:\/\/api.w.org\/{rel}","templated":true}]}}