{"id":61082,"date":"2025-12-23T09:40:56","date_gmt":"2025-12-23T09:40:56","guid":{"rendered":"https:\/\/vapexyz.com\/?post_type=product&#038;p=61082"},"modified":"2026-03-04T13:44:01","modified_gmt":"2026-03-04T13:44:01","slug":"vopk-btc-35k-35000-puffs-cift-agizli-bobin-tek-kullanimlik-vape-toptan-ayarlanabilir-hava-akimi-kontrolu","status":"publish","type":"product","link":"https:\/\/vapexyz.com\/tr\/product\/vopk-btc-35k-35000-puffs-dual-mesh-coil-disposable-vape-wholesale-adjustable-airflow-control\/","title":{"rendered":"VOPK BTC 35K 35000 Puffs \u00c7ift A\u011f\u0131zl\u0131 Bobin Tek Kullan\u0131ml\u0131k Vape Toptan Ayarlanabilir Hava Ak\u0131\u015f\u0131 Kontrol\u00fc"},"content":{"rendered":"<article style=\"font-family: 'Segoe UI', Roboto, Helvetica, Arial, sans-serif; line-height: 1.6; color: #333; max-width: 100%; margin: auto; padding: 20px; background-color: #f9f9f9; border-radius: 10px; border: 1px solid #e0e0e0;\">\n<h2 style=\"color: #2c3e50; text-align: center; font-size: 2.2em; margin-bottom: 25px; border-bottom: 2px solid #3498db; padding-bottom: 15px;\"><a href=\"https:\/\/vapexyz.com\/tr\/urun-kategori%cc%87si%cc%87\/vopk\/\">VOPK<\/a> BTC 35K: Y\u00fcksek Kapasiteli Tek Kullan\u0131ml\u0131k Vape Teknolojisinin Zirvesi<\/h2>\n<p style=\"font-size: 1.1em; text-align: justify; margin-bottom: 20px;\">H\u0131zla geli\u015fen vape donan\u0131m\u0131 pazar\u0131nda, VOPK BTC 35K, modern t\u00fcketicilerin kat\u0131 taleplerini kar\u015f\u0131lamak \u00fczere \u00f6zel olarak tasarlanm\u0131\u015f bir pazar lideri olarak ortaya \u00e7\u0131k\u0131yor. VapeXYZ, Avrupa'n\u0131n \u00f6nde gelen toptan distrib\u00fct\u00f6r\u00fc arac\u0131l\u0131\u011f\u0131yla temin edilebilen bu cihaz, tek kullan\u0131ml\u0131k vape m\u00fchendisli\u011finde \u00f6nemli bir ilerleme ad\u0131m\u0131n\u0131 temsil ediyor. S\u0131n\u0131rl\u0131 bir \u00f6m\u00fcr sunan geleneksel modellere k\u0131yasla, VOPK BTC 35K, sekt\u00f6rde dayan\u0131kl\u0131l\u0131k ve g\u00fcvenilirlik i\u00e7in yeni bir \u00f6l\u00e7\u00fct belirleyerek 35.000 \u00e7ekim sa\u011flamak \u00fczere tasarlanm\u0131\u015ft\u0131r.<\/p>\n<p style=\"font-size: 1.1em; text-align: justify; margin-bottom: 30px;\">Perakendeciler ve toplu al\u0131c\u0131lar i\u00e7in VOPK BTC 35K sto\u011fu, kalite ve inovasyona olan ba\u011fl\u0131l\u0131\u011f\u0131n bir i\u015faretidir. Bu cihaz sadece t\u00fcketilebilir bir \u00fcr\u00fcn de\u011fil; b\u00fcy\u00fck, entegre y\u00fcksek tan\u0131ml\u0131 ekran, \u00e7ift a\u011f\u0131zl\u0131 bobin teknolojisi ve sa\u011flam hava ak\u0131m\u0131 kontrol\u00fc gibi \u00f6zelliklere sahip karma\u015f\u0131k bir donan\u0131m par\u00e7as\u0131d\u0131r. Estetik \u00e7ekicili\u011fi end\u00fcstriyel s\u0131n\u0131f performansla birle\u015ftirerek, VOPK, hem yeni ba\u015flayan kullan\u0131c\u0131lar hem de tutarl\u0131l\u0131k arayan deneyimli merakl\u0131lar i\u00e7in hitap eden bir tek kullan\u0131ml\u0131k vape olu\u015fturmu\u015ftur. VapeXYZ'de, envanterinizin bu y\u00fcksek performansl\u0131 \u00fcnitelerle stoklanmas\u0131n\u0131 sa\u011fl\u0131yoruz, bu da geni\u015f lojistik a\u011f\u0131m\u0131z ve perakende m\u00fckemmelli\u011fine olan ba\u011fl\u0131l\u0131\u011f\u0131m\u0131zla destekleniyor.<\/p>\n<div style=\"background-color: #fff; padding: 30px; border-radius: 15px; margin-bottom: 40px;\">\n<h3 style=\"color: #2980b9; font-size: 1.8em; margin-top: 0; margin-bottom: 20px;\">M\u00fchendislik \u00dcst\u00fcnl\u00fc\u011f\u00fc: \u00c7ift A\u011f Bobin Sistemi<\/h3>\n<p style=\"margin-bottom: 15px;\">VOPK BTC 35K'\u0131n kalbinde geli\u015fmi\u015f \u0131s\u0131tma eleman\u0131 yatmaktad\u0131r: 0.8\u03a9 Dual Mesh Coil. Kullan-at vape'lerde bobin b\u00fct\u00fcnl\u00fc\u011f\u00fc son derece \u00f6nemlidir. Standart tek telli bobinler genellikle d\u00fczensiz \u0131s\u0131tma sorunuyla kar\u015f\u0131la\u015f\u0131r, bu da erken yanma ve tutars\u0131z tat teslimat\u0131na yol a\u00e7ar. \u0130ki a\u011f mimarisi, rezervuar malzemesiyle temas halindeki y\u00fczey alan\u0131n\u0131 art\u0131rarak bu sorunu giderir.<\/p>\n<p>Bu teknik yap\u0131land\u0131rma daha h\u0131zl\u0131 ve d\u00fczg\u00fcn bir ramp-up s\u00fcresi sa\u011flar. Kullan\u0131c\u0131lar, \u00e7al\u0131\u015fma modlar\u0131 aras\u0131nda ge\u00e7i\u015f yapabilir, \u00e7ift bobinleri ya \u00f6mr\u00fc en \u00fcst d\u00fczeye \u00e7\u0131karmak ya da buhar \u00e7\u0131k\u0131\u015f yo\u011funlu\u011funu art\u0131rmak i\u00e7in etkili bir \u015fekilde kullanabilirler. Bu \u201c\u00c7ift Mod\u201d yetene\u011fi, cihaz\u0131n performans b\u00fct\u00fcnl\u00fc\u011f\u00fcn\u00fc ilk \u00e7ekimden 35.000'incisine kadar korudu\u011funu garanti eder ve genellikle daha d\u00fc\u015f\u00fck kaliteli tek kullan\u0131ml\u0131k vape modellerinde bulunan bozulma olmadan p\u00fcr\u00fczs\u00fcz, yo\u011fun ve tatmin edici bir \u00e7ekim sa\u011flar.<\/p>\n<\/div>\n<p><img loading=\"lazy\" decoding=\"async\" class=\"aligncenter wp-image-61108 size-large\" src=\"https:\/\/vapexyz.com\/wp-content\/uploads\/2025\/12\/VOPK-BTC-35K-35000-Puffs-Dual-Mesh-Coil-Disposable-Vape-Wholesale-Adjustable-Airflow-Control-1024x1024.webp\" alt=\"VOPK BTC 35K 35000 Puffs \u00c7ift A\u011f\u0131zl\u0131 Bobin Tek Kullan\u0131ml\u0131k Vape Toptan Ayarlanabilir Hava Ak\u0131\u015f\u0131 Kontrol\u00fc\" width=\"1020\" height=\"1020\" title=\"\" srcset=\"https:\/\/vapexyz.com\/wp-content\/uploads\/2025\/12\/VOPK-BTC-35K-35000-Puffs-Dual-Mesh-Coil-Disposable-Vape-Wholesale-Adjustable-Airflow-Control-1024x1024.webp 1024w, https:\/\/vapexyz.com\/wp-content\/uploads\/2025\/12\/VOPK-BTC-35K-35000-Puffs-Dual-Mesh-Coil-Disposable-Vape-Wholesale-Adjustable-Airflow-Control-500x500.webp 500w, https:\/\/vapexyz.com\/wp-content\/uploads\/2025\/12\/VOPK-BTC-35K-35000-Puffs-Dual-Mesh-Coil-Disposable-Vape-Wholesale-Adjustable-Airflow-Control-300x300.webp 300w, https:\/\/vapexyz.com\/wp-content\/uploads\/2025\/12\/VOPK-BTC-35K-35000-Puffs-Dual-Mesh-Coil-Disposable-Vape-Wholesale-Adjustable-Airflow-Control-768x768.webp 768w, https:\/\/vapexyz.com\/wp-content\/uploads\/2025\/12\/VOPK-BTC-35K-35000-Puffs-Dual-Mesh-Coil-Disposable-Vape-Wholesale-Adjustable-Airflow-Control-12x12.webp 12w, https:\/\/vapexyz.com\/wp-content\/uploads\/2025\/12\/VOPK-BTC-35K-35000-Puffs-Dual-Mesh-Coil-Disposable-Vape-Wholesale-Adjustable-Airflow-Control-247x247.webp 247w, https:\/\/vapexyz.com\/wp-content\/uploads\/2025\/12\/VOPK-BTC-35K-35000-Puffs-Dual-Mesh-Coil-Disposable-Vape-Wholesale-Adjustable-Airflow-Control-510x510.webp 510w, https:\/\/vapexyz.com\/wp-content\/uploads\/2025\/12\/VOPK-BTC-35K-35000-Puffs-Dual-Mesh-Coil-Disposable-Vape-Wholesale-Adjustable-Airflow-Control-100x100.webp 100w, https:\/\/vapexyz.com\/wp-content\/uploads\/2025\/12\/VOPK-BTC-35K-35000-Puffs-Dual-Mesh-Coil-Disposable-Vape-Wholesale-Adjustable-Airflow-Control.webp 1500w\" sizes=\"auto, (max-width: 1020px) 100vw, 1020px\" \/><\/p>\n<h2 style=\"color: #2c3e50; text-align: center; font-size: 2em; margin-bottom: 30px;\">Geli\u015fmi\u015f Kullan\u0131c\u0131 Aray\u00fcz\u00fc ve G\u00fc\u00e7 Y\u00f6netimi<\/h2>\n<div style=\"flex-wrap: wrap; gap: 25px; margin-bottom: 40px;\">\n<div style=\"flex: 1; min-width: 300px; background: #ffffff; padding: 25px; border-radius: 15px; border-left: 5px solid #27ae60;\">\n<h3 style=\"color: #27ae60; margin-top: 0;\">Ak\u0131ll\u0131 Ekran Entegrasyonu<\/h3>\n<p>VOPK BTC 35K, g\u00f6ze \u00e7arpan, y\u00fcksek \u00e7\u00f6z\u00fcn\u00fcrl\u00fckl\u00fc dijital ekran\u0131yla kendini ay\u0131rt eder. Bu \u201cTV tarz\u0131\u201d ekran, genellikle tek kullan\u0131ml\u0131k vape'lerle ili\u015fkili olan tahmin i\u015fini ortadan kald\u0131r\u0131r. Mevcut pil \u00f6mr\u00fc ve kalan rezervuar hacmi konusunda iki kritik alanda ger\u00e7ek zamanl\u0131 \u00f6l\u00e7\u00fcmler sa\u011flar. Bu \u015feffafl\u0131k, kullan\u0131c\u0131lar\u0131n kullan\u0131m\u0131n\u0131 etkili bir \u015fekilde y\u00f6netmesine olanak tan\u0131yarak, bitmi\u015f bir pil veya bo\u015f bir cihaz taraf\u0131ndan asla gafil avlanmamalar\u0131n\u0131 sa\u011flar.<\/p>\n<\/div>\n<div style=\"flex: 1; min-width: 300px; background: #ffffff; padding: 25px; border-radius: 15px; border-left: 5px solid #8e44ad;\">\n<h3 style=\"color: #8e44ad; margin-top: 0;\">850mAh \u015earj Edilebilir Pil<\/h3>\n<p>Bu y\u00fcksek kapasiteli \u00fcnitenin g\u00fcc\u00fcn\u00fc sa\u011flamas\u0131 i\u00e7in sa\u011flam bir 850mAh batarya bulunmaktad\u0131r. Dayan\u0131kl\u0131l\u0131k i\u00e7in tasarlanan bu g\u00fc\u00e7 h\u00fccresi, cihaz\u0131n uzat\u0131lm\u0131\u015f \u00f6mr\u00fcn\u00fc destekler. At\u0131k olu\u015fturmaya katk\u0131da bulunan tek kullan\u0131ml\u0131k pillerin aksine, bu sistem modern bir Type-C portu arac\u0131l\u0131\u011f\u0131yla \u015farj edilebilir. Bu, 22ml rezervuar\u0131n her damlas\u0131n\u0131n kullan\u0131lmas\u0131n\u0131 sa\u011flayarak, maksimum de\u011fer ve daha d\u00fc\u015f\u00fck kapasiteli tek kullan\u0131ml\u0131k vape'lerle kar\u015f\u0131la\u015ft\u0131r\u0131ld\u0131\u011f\u0131nda \u00e7evresel ayak izini azalt\u0131r.<\/p>\n<\/div>\n<\/div>\n<div style=\"background-color: #eaf2f8; padding: 25px; border-radius: 15px; border: 1px solid #d6eaf8; margin-bottom: 40px;\">\n<h3 style=\"color: #2c3e50; margin-top: 0;\">Hassas Hava Ak\u0131\u015f\u0131 Kontrol\u00fc<\/h3>\n<p>\u00d6zelle\u015ftirme, modern vape deneyiminin anahtar\u0131d\u0131r. VOPK BTC 35K, cihaz\u0131n taban\u0131nda bulunan rafine edilmi\u015f ayarlanabilir bir hava ak\u0131\u015f\u0131 mekanizmas\u0131 \u00f6zelli\u011fine sahiptir. Bu kayd\u0131r\u0131c\u0131, kullan\u0131c\u0131lar\u0131n \u00e7ekme direncini ince ayar yapmalar\u0131na olanak tan\u0131yarak, s\u0131k\u0131, k\u0131s\u0131tl\u0131 bir \u00e7ekmeden gev\u015fek, havadar bir nefes almaya sorunsuz bir \u015fekilde ge\u00e7i\u015f yapar. Bu uyarlanabilirlik, cihaz\u0131n geni\u015f bir tercih yelpazesine uygun olmas\u0131n\u0131 sa\u011flar ve kullan\u0131c\u0131n\u0131n yo\u011fun bir bulut veya ince bir \u00e7\u0131kt\u0131 tercih etmesine bak\u0131lmaks\u0131z\u0131n, VOPK BTC 35K teslim eder.<\/p>\n<\/div>\n<h2 style=\"color: #2c3e50; text-align: center; font-size: 2em; margin-bottom: 30px;\">Se\u00e7ilmi\u015f Aromatik Profiller<\/h2>\n<p style=\"text-align: center; margin-bottom: 30px; font-size: 1.05em;\">VOPK BTC 35K, on \u00e7e\u015fit farkl\u0131 duyusal profil se\u00e7ene\u011fi sunar. Her se\u00e7enek, cihaz\u0131n \u00f6mr\u00fc boyunca stabilite ve zenginli\u011fi sa\u011flamak i\u00e7in titizlikle tasarlanm\u0131\u015ft\u0131r.<\/p>\n<div style=\"grid-template-columns: repeat(auto-fill, minmax(280px, 1fr)); gap: 20px; margin-bottom: 50px;\">\n<div style=\"background: white; padding: 20px; border-radius: 10px; border: 1px solid #eee;\">\n<p>1. Karpuzlu Buz<\/p>\n<p style=\"font-size: 0.9em; margin: 0;\">Serin ve ferahl\u0131k veren bir profil, so\u011futulmu\u015f yaz kavunlar\u0131n\u0131n \u00f6z\u00fcn\u00fc yakalar ve serinletici bir biti\u015f sunar.<\/p>\n<\/div>\n<div style=\"background: white; padding: 20px; border-radius: 10px; border: 1px solid #eee;\">\n<p>2. Mavi Razz Buz<\/p>\n<p style=\"font-size: 0.9em; margin: 0;\">Pop\u00fcler bir kar\u0131\u015f\u0131m; ek\u015fi mavi frambuaz notalar\u0131 ile donmu\u015f nane hissiyat\u0131n\u0131 dengeler.<\/p>\n<\/div>\n<div style=\"background: white; padding: 20px; border-radius: 10px; border: 1px solid #eee;\">\n<p>3. \u00c7ilek Patlamas\u0131<\/p>\n<p style=\"font-size: 0.9em; margin: 0;\">Olgun \u00e7ilekleri and\u0131ran canl\u0131 ve tatl\u0131 bir profil, p\u00fcr\u00fczs\u00fcz ve meyveli bir aroma sunar.<\/p>\n<\/div>\n<div style=\"background: white; padding: 20px; border-radius: 10px; border: 1px solid #eee;\">\n<p>4. G\u00fcrcistan \u015eeftalisi<\/p>\n<p style=\"font-size: 0.9em; margin: 0;\">G\u00fcneyli bah\u00e7elerden esinlenen bu se\u00e7enek, hem yumu\u015fak hem de tatl\u0131 olan zengin, nektar benzeri bir \u015feftali tad\u0131 sa\u011flar.<\/p>\n<\/div>\n<div style=\"background: white; padding: 20px; border-radius: 10px; border: 1px solid #eee;\">\n<p>5. Passion Kiwi<\/p>\n<p style=\"font-size: 0.9em; margin: 0;\">Kivi'nin ek\u015fili\u011fi ile pasyon meyvesinin tatl\u0131, tropikal notalar\u0131n\u0131n e\u015fle\u015ftirildi\u011fi egzotik bir kombinasyon.<\/p>\n<\/div>\n<div style=\"background: white; padding: 20px; border-radius: 10px; border: 1px solid #eee;\">\n<p>6. Portakal K\u0131z\u0131lc\u0131k Lime Dondurma<\/p>\n<p style=\"font-size: 0.9em; margin: 0;\">Taze lime ve portakal ile k\u0131z\u0131lc\u0131klar\u0131n keskin \u0131s\u0131r\u0131\u011f\u0131n\u0131 birle\u015ftiren karma\u015f\u0131k bir narenciye kar\u0131\u015f\u0131m\u0131, buzu ile tamamlanm\u0131\u015ft\u0131r.<\/p>\n<\/div>\n<div style=\"background: white; padding: 20px; border-radius: 10px; border: 1px solid #eee;\">\n<p>7. Serin Nane<\/p>\n<p style=\"font-size: 0.9em; margin: 0;\">Klasik, basit bir nane profili, temiz, canland\u0131r\u0131c\u0131 ve so\u011fuk bir deneyim sunar.<\/p>\n<\/div>\n<div style=\"background: white; padding: 20px; border-radius: 10px; border: 1px solid #eee;\">\n<p>8. Ek\u015fi Mango Ananas<\/p>\n<p style=\"font-size: 0.9em; margin: 0;\">Tropikal bir g\u00fc\u00e7 merkezi, ananas\u0131n tatl\u0131l\u0131\u011f\u0131n\u0131 ek\u015fi mango'nun keskin vuru\u015fuyla kar\u0131\u015ft\u0131r\u0131yor.<\/p>\n<\/div>\n<div style=\"background: white; padding: 20px; border-radius: 10px; border: 1px solid #eee;\">\n<p>9. Beyaz \u015eeftali Ahududu<\/p>\n<p style=\"font-size: 0.9em; margin: 0;\">Narenciye beyaz \u015feftali ve ek\u015fi frambuaz\u0131n zarif bir f\u00fczyonu, sofistike ve dengeli bir profil olu\u015fturur.<\/p>\n<\/div>\n<div style=\"background: white; padding: 20px; border-radius: 10px; border: 1px solid #eee;\">\n<p>10. Muzlu Taffy Dondurmas\u0131<\/p>\n<p style=\"font-size: 0.9em; margin: 0;\">Kremal\u0131 ve nostaljik bir profil, tatl\u0131 muzlu \u015fekerlemeleri taklit eden, ferahlat\u0131c\u0131 so\u011fuk bir alt tona sahip.<\/p>\n<\/div>\n<\/div>\n<h2 style=\"color: #2c3e50; margin-top: 50px; text-align: center;\">Teknik \u00d6zellikler &amp; Piyasa Verileri<\/h2>\n<div style=\"margin-bottom: 50px;\">\n<table style=\"width: 100%; border-collapse: collapse; background: white; border-radius: 10px; overflow: hidden;\">\n<thead>\n<tr style=\"background-color: #34495e; color: white;\">\n<th style=\"padding: 15px; text-align: left; font-weight: 600;\">Spesifikasyon Kategorisi<\/th>\n<th style=\"padding: 15px; text-align: left; font-weight: 600;\">Teknik Ayr\u0131nt\u0131lar<\/th>\n<\/tr>\n<\/thead>\n<tbody>\n<tr style=\"border-bottom: 1px solid #eee;\">\n<td style=\"padding: 15px; color: #555;\">Puff Derecesi<\/td>\n<td style=\"padding: 15px; color: #333;\">Yakla\u015f\u0131k 35.000 Puffs<\/td>\n<\/tr>\n<tr style=\"background-color: #f9f9f9; border-bottom: 1px solid #eee;\">\n<td style=\"padding: 15px; color: #555;\">Baraj Kapasitesi<\/td>\n<td style=\"padding: 15px; color: #333;\">22ml \u00d6nceden Doldurulmu\u015f Oda<\/td>\n<\/tr>\n<tr style=\"border-bottom: 1px solid #eee;\">\n<td style=\"padding: 15px; color: #555;\">Bobin Yap\u0131land\u0131rmas\u0131<\/td>\n<td style=\"padding: 15px; color: #333;\">0.8\u03a9 \u00c7ift A\u011f Teknolojisi<\/td>\n<\/tr>\n<tr style=\"background-color: #f9f9f9; border-bottom: 1px solid #eee;\">\n<td style=\"padding: 15px; color: #555;\">Pil \u00d6zellikleri<\/td>\n<td style=\"padding: 15px; color: #333;\">850mAh, Type-C \u015earj Edilebilir<\/td>\n<\/tr>\n<tr style=\"border-bottom: 1px solid #eee;\">\n<td style=\"padding: 15px; color: #555;\">G\u00f6r\u00fcnt\u00fcleme Aray\u00fcz\u00fc<\/td>\n<td style=\"padding: 15px; color: #333;\">Y\u00fcksek \u00c7\u00f6z\u00fcn\u00fcrl\u00fckl\u00fc Dijital Ekran (Pil &amp; Ses)<\/td>\n<\/tr>\n<tr style=\"background-color: #f9f9f9;\">\n<td style=\"padding: 15px; color: #555;\">Toptan Sat\u0131\u015f Durumu<\/td>\n<td style=\"padding: 15px; color: #333;\">VapeXYZ \u00fczerinden k\u00fcresel kargo ile mevcuttur<\/td>\n<\/tr>\n<\/tbody>\n<\/table>\n<\/div>\n<h2 style=\"color: #2c3e50; text-align: center; margin-bottom: 30px;\">S\u0131k Sorulan Sorular (SSS)<\/h2>\n<div style=\"margin-bottom: 40px;\">\n<div style=\"margin-bottom: 20px; background: #fff; border: 1px solid #ddd; border-radius: 8px; overflow: hidden;\">\n<h3 style=\"background-color: #f4f6f7; color: #2c3e50; padding: 15px; margin: 0; font-size: 1.1em; border-bottom: 1px solid #ddd;\">VOPK BTC 35K neden perakendeciler i\u00e7in \u00fcst\u00fcn bir se\u00e7im olarak kabul edilir?<\/h3>\n<div style=\"padding: 20px; color: #555;\">\n<p style=\"margin: 0;\">Perakendeciler, VOPK BTC 35K'yi y\u00fcksek cirosu ve m\u00fc\u015fteri memnuniyeti oranlar\u0131 nedeniyle tercih ediyor. 35.000'lik puf say\u0131s\u0131, standart rakiplerini \u00f6nemli \u00f6l\u00e7\u00fcde geride b\u0131rakarak son t\u00fcketiciye daha iyi bir de\u011fer sa\u011flar. Ayr\u0131ca, dijital ekran ve ayarlanabilir hava ak\u0131\u015f\u0131n\u0131n dahil edilmesi, \u00fcr\u00fcn\u00fcne yasaklay\u0131c\u0131 bir maliyet olmadan premium bir his verir ve raflarda sergilemek i\u00e7in \u00e7ekici bir se\u00e7enek haline getirir. VapeXYZ'den kaynak sa\u011flanmas\u0131, orijinal \u00fcr\u00fcnleri ve g\u00fcvenilir tedarik zinciri y\u00f6netimini sa\u011flar.<\/p>\n<\/div>\n<\/div>\n<div style=\"margin-bottom: 20px; background: #fff; border: 1px solid #ddd; border-radius: 8px; overflow: hidden;\">\n<h3 style=\"background-color: #f4f6f7; color: #2c3e50; padding: 15px; margin: 0; font-size: 1.1em; border-bottom: 1px solid #ddd;\">\u0130ki a\u011f\u0131zl\u0131 bobin buharla\u015ft\u0131rma deneyimini nas\u0131l geli\u015ftirir?<\/h3>\n<div style=\"padding: 20px; color: #555;\">\n<p style=\"margin: 0;\">\u0130ki a\u011f bobin sistemi, tutarl\u0131 bir \u0131s\u0131tma y\u00fczeyi alan\u0131 sa\u011flamak \u00fczere tasarlanm\u0131\u015ft\u0131r. Bu, tat profilini bozan s\u0131cak noktalar\u0131n olu\u015fmas\u0131n\u0131 \u00f6nler. \u0130ki a\u011f katman\u0131 kullan\u0131larak, cihaz i\u00e7eri\u011fi daha verimli bir \u015fekilde buharla\u015ft\u0131rabilir, bu da daha yo\u011fun bir bulut ve ilk nefisten son nefise kadar saf, do\u011fal bir tat elde edilmesini sa\u011flar. Ayr\u0131ca yedeklilik sunar; a\u011f\u0131n bir b\u00f6l\u00fcm\u00fc stres alt\u0131nda olsa bile, genel sistem performans\u0131 korur.<\/p>\n<\/div>\n<\/div>\n<div style=\"margin-bottom: 20px; background: #fff; border: 1px solid #ddd; border-radius: 8px; overflow: hidden;\">\n<h3 style=\"background-color: #f4f6f7; color: #2c3e50; padding: 15px; margin: 0; font-size: 1.1em; border-bottom: 1px solid #ddd;\">VapeXYZ \u00fczerinden toplu sipari\u015fler i\u00e7in nakliye lojisti\u011fi nedir?<\/h3>\n<div style=\"padding: 20px; color: #555;\">\n<p style=\"margin: 0;\">VapeXYZ, perakende i\u00e7in haz\u0131r olan toptan tek kullan\u0131ml\u0131k vape'ler i\u00e7in ak\u0131c\u0131 lojistik \u00fczerine uzmanla\u015fm\u0131\u015ft\u0131r. T\u00fcm i\u015fletmelerin stok olu\u015fturmas\u0131n\u0131 kolayla\u015ft\u0131rmak i\u00e7in sadece 10 par\u00e7a olan d\u00fc\u015f\u00fck Minimum Sipari\u015f Miktar\u0131 (MOQ) ile \u00e7al\u0131\u015f\u0131yoruz. Da\u011f\u0131t\u0131m a\u011f\u0131m\u0131z, h\u0131zl\u0131 ve g\u00fcmr\u00fck uyumlu teslimat sa\u011flayarak Avrupa pazar\u0131na optimize edilmi\u015ftir. Transit s\u0131ras\u0131nda hasar\u0131 \u00f6nlemek i\u00e7in g\u00fcvenli paketlemeye \u00f6ncelik veriyoruz, envanterinizin perakende sat\u0131\u015fa haz\u0131r olarak m\u00fckemmel durumda gelmesini sa\u011fl\u0131yoruz.<\/p>\n<\/div>\n<\/div>\n<div style=\"margin-bottom: 20px; background: #fff; border: 1px solid #ddd; border-radius: 8px; overflow: hidden;\">\n<h3 style=\"background-color: #f4f6f7; color: #2c3e50; padding: 15px; margin: 0; font-size: 1.1em; border-bottom: 1px solid #ddd;\">Dijital ekrandaki verileri nas\u0131l yorumlar\u0131m?<\/h3>\n<div style=\"padding: 20px; color: #555;\">\n<p style=\"margin: 0;\">VOPK BTC 35K \u00fczerindeki dijital aray\u00fcz sezgiseldir. Hem pil \u00f6mr\u00fc hem de kalan kapasite i\u00e7in y\u00fczde g\u00f6stergeleri g\u00f6r\u00fcnt\u00fcler. Bu, opak tek kullan\u0131ml\u0131k vape'lerle yayg\u0131n olan \u201ckuru darbe\u201d endi\u015fesini ortadan kald\u0131r\u0131r. Pil g\u00f6stergesi d\u00fc\u015f\u00fck oldu\u011funda, basit\u00e7e Type-C \u00fczerinden yeniden \u015farj edin. Kapasite g\u00f6stergesi s\u0131f\u0131ra yakla\u015ft\u0131\u011f\u0131nda, yeni bir cihaza sorunsuz bir ge\u00e7i\u015fi sa\u011flayarak, stoklar\u0131 yenilemek i\u00e7in zaman\u0131nda bir hat\u0131rlatma g\u00f6revi g\u00f6r\u00fcr.<\/p>\n<\/div>\n<\/div>\n<\/div>\n<div style=\"background-color: #34495e; color: white; padding: 30px; text-align: center; border-radius: 15px; margin-top: 40px;\">\n<h3 style=\"color: #fff; margin-top: 0;\">Envanterinizi Y\u00fckseltmeye Haz\u0131r m\u0131s\u0131n\u0131z?<\/h3>\n<p style=\"font-size: 1.1em; margin-bottom: 20px;\">\u015eununla ortak olun:<a href=\"https:\/\/vapexyz.com\/tr\/\"> VapeXYZ<\/a> Bug\u00fcn VOPK BTC 35K ve di\u011fer premium tek kullan\u0131ml\u0131k vape \u00fcr\u00fcnlerine rekabet\u00e7i toptan fiyatlarla eri\u015fin.<\/p>\n<\/div>\n<p><img loading=\"lazy\" decoding=\"async\" class=\"aligncenter wp-image-61130 size-full\" src=\"https:\/\/vapexyz.com\/wp-content\/uploads\/2025\/12\/VOPK-BTC-35K-35000-Puffs-Dual-Mesh-Coil-Disposable-Vape-Wholesale-Adjustable-Airflow-Control.jpg\" alt=\"VOPK BTC 35K 35000 Puffs \u00c7ift A\u011f\u0131zl\u0131 Bobin Tek Kullan\u0131ml\u0131k Vape Toptan Ayarlanabilir Hava Ak\u0131\u015f\u0131 Kontrol\u00fc\" width=\"1200\" height=\"686\" title=\"\" srcset=\"https:\/\/vapexyz.com\/wp-content\/uploads\/2025\/12\/VOPK-BTC-35K-35000-Puffs-Dual-Mesh-Coil-Disposable-Vape-Wholesale-Adjustable-Airflow-Control.jpg 1200w, https:\/\/vapexyz.com\/wp-content\/uploads\/2025\/12\/VOPK-BTC-35K-35000-Puffs-Dual-Mesh-Coil-Disposable-Vape-Wholesale-Adjustable-Airflow-Control-510x292.jpg 510w, https:\/\/vapexyz.com\/wp-content\/uploads\/2025\/12\/VOPK-BTC-35K-35000-Puffs-Dual-Mesh-Coil-Disposable-Vape-Wholesale-Adjustable-Airflow-Control-500x286.jpg 500w, https:\/\/vapexyz.com\/wp-content\/uploads\/2025\/12\/VOPK-BTC-35K-35000-Puffs-Dual-Mesh-Coil-Disposable-Vape-Wholesale-Adjustable-Airflow-Control-1024x585.jpg 1024w, https:\/\/vapexyz.com\/wp-content\/uploads\/2025\/12\/VOPK-BTC-35K-35000-Puffs-Dual-Mesh-Coil-Disposable-Vape-Wholesale-Adjustable-Airflow-Control-768x439.jpg 768w, https:\/\/vapexyz.com\/wp-content\/uploads\/2025\/12\/VOPK-BTC-35K-35000-Puffs-Dual-Mesh-Coil-Disposable-Vape-Wholesale-Adjustable-Airflow-Control-18x10.jpg 18w\" sizes=\"auto, (max-width: 1200px) 100vw, 1200px\" \/><\/p>\n<p>\u201c`<\/p>\n<\/article>","protected":false},"excerpt":{"rendered":"<p>VOPK BTC 35K, canl\u0131 bir ak\u0131ll\u0131 ekran ve 35.000 \u00e7ekim i\u00e7in ayarlanabilir \u00e7ift \u00f6rg\u00fc g\u00fcc\u00fcyle \u00f6zelle\u015ftirilebilir keyif sunan son teknoloji \u00fcr\u00fcn\u00fc tek kullan\u0131ml\u0131k bir vape'dir. \u015eimdi VapeXYZ'de Avrupa'daki toplu al\u0131c\u0131lar i\u00e7in en iyi toptan fiyatlarla sat\u0131\u015fa sunuldu.<\/p>","protected":false},"featured_media":61105,"comment_status":"open","ping_status":"closed","template":"","meta":{"_lmt_disableupdate":"no","_lmt_disable":""},"product_brand":[],"product_cat":[853,1042,947,935,934,927,929,928,930,933,939,932,938,931,936,937,1017,948,949,946,950,1016,951,953,820,987],"product_tag":[],"class_list":{"0":"post-61082","1":"product","2":"type-product","3":"status-publish","4":"has-post-thumbnail","6":"product_cat-vopk","7":"product_cat-35000-puff-vapes","8":"product_cat-big-puffs-vapes","9":"product_cat-bulk-buy-disposable-vapes-in-austria","10":"product_cat-bulk-buy-disposable-vapes-in-belgium","11":"product_cat-bulk-buy-disposable-vapes-in-europe","12":"product_cat-bulk-buy-disposable-vapes-in-france","13":"product_cat-bulk-buy-disposable-vapes-in-germany","14":"product_cat-bulk-buy-disposable-vapes-in-italy","15":"product_cat-bulk-buy-disposable-vapes-in-netherlands","16":"product_cat-bulk-buy-disposable-vapes-in-norway","17":"product_cat-bulk-buy-disposable-vapes-in-poland","18":"product_cat-bulk-buy-disposable-vapes-in-portugal","19":"product_cat-bulk-buy-disposable-vapes-in-spain","20":"product_cat-bulk-buy-disposable-vapes-in-sweden","21":"product_cat-bulk-buy-disposable-vapes-in-switzerland","22":"product_cat-buy-best-disposable-vape-flavors","23":"product_cat-crystal-vapes","24":"product_cat-digital-box-vapes","25":"product_cat-disposable-vapes-series","26":"product_cat-dual-mesh-vapes","27":"product_cat-european-vape-warehouse","28":"product_cat-lower-nicotine-vapes","29":"product_cat-rechargeable-vapes","30":"product_cat-vape","31":"product_cat-vape-shop-by-puffs","33":"first","34":"instock","35":"shipping-taxable","36":"purchasable","37":"product-type-variable","38":"has-default-attributes"},"jetpack_sharing_enabled":true,"tiered_pricing_type":"fixed","tiered_pricing_fixed_rules":[],"tiered_pricing_product_settings":{"layout":"default","base_unit_name":{"singular":null,"plural":null},"default_variation":null},"tiered_pricing_minimum_quantity":null,"tiered_pricing_roles_data":[],"tiered_pricing_percentage_rules":[],"tiered_pricing_maximum_quantity":null,"tiered_pricing_quantity_step":null,"_links":{"self":[{"href":"https:\/\/vapexyz.com\/tr\/wp-json\/wp\/v2\/product\/61082","targetHints":{"allow":["GET"]}}],"collection":[{"href":"https:\/\/vapexyz.com\/tr\/wp-json\/wp\/v2\/product"}],"about":[{"href":"https:\/\/vapexyz.com\/tr\/wp-json\/wp\/v2\/types\/product"}],"replies":[{"embeddable":true,"href":"https:\/\/vapexyz.com\/tr\/wp-json\/wp\/v2\/comments?post=61082"}],"wp:featuredmedia":[{"embeddable":true,"href":"https:\/\/vapexyz.com\/tr\/wp-json\/wp\/v2\/media\/61105"}],"wp:attachment":[{"href":"https:\/\/vapexyz.com\/tr\/wp-json\/wp\/v2\/media?parent=61082"}],"wp:term":[{"taxonomy":"product_brand","embeddable":true,"href":"https:\/\/vapexyz.com\/tr\/wp-json\/wp\/v2\/product_brand?post=61082"},{"taxonomy":"product_cat","embeddable":true,"href":"https:\/\/vapexyz.com\/tr\/wp-json\/wp\/v2\/product_cat?post=61082"},{"taxonomy":"product_tag","embeddable":true,"href":"https:\/\/vapexyz.com\/tr\/wp-json\/wp\/v2\/product_tag?post=61082"}],"curies":[{"name":"wp","href":"https:\/\/api.w.org\/{rel}","templated":true}]}}