{"id":60021,"date":"2025-12-02T08:58:28","date_gmt":"2025-12-02T08:58:28","guid":{"rendered":"https:\/\/vapexyz.com\/?post_type=product&#038;p=60021"},"modified":"2026-03-05T03:54:48","modified_gmt":"2026-03-05T03:54:48","slug":"razz-bar-60k-60000-puf-kristal-vape-sarj-edilebilir-toptan-toplu-al-mesh-coil-avrupa-deposu","status":"publish","type":"product","link":"https:\/\/vapexyz.com\/tr\/product\/razz-bar-60k-60000-puffs-crystal-vape-rechargeable-wholesale-bulk-buy-mesh-coil-european-warehouse\/","title":{"rendered":"RAZZ BAR 60K 60000 Puffs Kristal Vape \u015earj Edilebilir Toptan Toplu Al\u0131m Mesh Coil Avrupa Depo"},"content":{"rendered":"<article>\n<h2 style=\"font-size: 24px; color: #333; margin-bottom: 20px;\">\ud83c\udf08<a href=\"https:\/\/vapexyz.com\/tr\/urun-kategori%cc%87si%cc%87\/razz-bar-tek-kullanimlik-vape-cihazlari\/\"> RAZZ BAR<\/a> 60k Kristal Tek Kullan\u0131ml\u0131k Vape Toptan Rehberi<\/h2>\n<p>Merhaba! \ud83d\ude0a En s\u00fcper e\u011flenceli rehberimize ho\u015f geldiniz, burada RAZZ BAR 60k Crystal disposable vape'leri hakk\u0131nda bilgi veriyoruz! Bunlar, renkli, kullan\u0131m\u0131 kolay ve uzun s\u00fcre dayanan disposable vape'leri seven herkes i\u00e7in m\u00fckemmel. Biz VapeXYZ, Avrupa'da toptan disposable vape'lerinizi temin eden \u00e7evrimi\u00e7i platformuz. Hadi ba\u015flayal\u0131m!<\/p>\n<h3 style=\"color: #6a5acd; border-left: 5px solid #9370DB; padding-left: 10px;\">\u2728 RAZZ BAR 60k Kristal'\u0131 \u00d6zel K\u0131lan Nedir?<\/h3>\n<p>Bu tek kullan\u0131ml\u0131k vape'ler sihirli bir \u015feker kavanozu \ud83c\udf6c gibi - parlak, \u0131\u015f\u0131lt\u0131l\u0131 ve s\u00fcrprizlerle dolu! Kullan\u0131c\u0131ya 60.000'e kadar \u00e7ekim sa\u011flamak \u00fczere tasarlanm\u0131\u015flar, yani sizi uzun s\u00fcre mutlu edecekler. \u015earj edilebilir bir batarya ve bir a\u011f bobini ile her \u00e7ekim p\u00fcr\u00fczs\u00fcz ve tutarl\u0131. Ayr\u0131ca, sizi harika deneyimler ya\u015fatacak 16 farkl\u0131 se\u00e7enekle gelirler!<\/p>\n<h3 style=\"color: #ffa500; border-left: 5px solid #FFD700; padding-left: 10px;\">\ud83c\udf1f RAZZ BAR 60k Tek Kullan\u0131ml\u0131k Vape \u00d6zellikleri<\/h3>\n<ul style=\"list-style-type: none; padding: 0;\">\n<li style=\"margin-bottom: 8px;\">\u2705 <span style=\"color: #ff69b4;\">Uzun S\u00fcren E\u011flence<\/span>60.000 puff'a kadar! Bu hi\u00e7 bitmeyen bir parti gibi!<\/li>\n<li style=\"margin-bottom: 8px;\">\u2705 <span style=\"color: #ff69b4;\">\u015earj Edilebilir G\u00fc\u00e7<\/span>: 650mAh kapasiteli batarya ve Type-C \u015farj\u0131, b\u00f6ylece h\u0131zl\u0131 bir \u015fekilde \u015farj edebilirsiniz.<\/li>\n<li style=\"margin-bottom: 8px;\">\u2705 <span style=\"color: #ff69b4;\">P\u00fcr\u00fczs\u00fcz Pufaklar<\/span>: A\u011f \u00f6rg\u00fcl\u00fc bobin sayesinde her nefes yumu\u015fak ve sabit hissedilir.<\/li>\n<li style=\"margin-bottom: 8px;\">\u2705 <span style=\"color: #ff69b4;\">Toplu Kullan\u0131ma Uygun<\/span>Her karton 200 adet i\u00e7erir, a\u011f\u0131rl\u0131\u011f\u0131 25.2kg\u2014b\u00fcy\u00fck sipari\u015fler i\u00e7in m\u00fckemmel!<\/li>\n<li style=\"margin-bottom: 8px;\">\u2705 <span style=\"color: #ff69b4;\">16 Farkl\u0131 Se\u00e7enek<\/span>Meyveliden tatl\u0131ya, herkes i\u00e7in bir \u015feyler var.<\/li>\n<\/ul>\n<h3 style=\"color: #32cd32; border-left: 5px solid #90EE90; padding-left: 10px;\">\ud83c\udf4e Farkl\u0131 Se\u00e7enekler Listesi (T\u00fcm 16 Se\u00e7enek!)<\/h3>\n<p>A\u015fa\u011f\u0131daki heyecan verici se\u00e7enekleri inceleyin, s\u0131rayla listelenmi\u015ftir. Her biri k\u00fc\u00e7\u00fck bir mutluluk patlamas\u0131!<\/p>\n<div style=\"background: #F0F8FF; padding: 15px; border-radius: 10px; border: 2px dashed #ADD8E6;\">\n<p>\u00c7ilek Muz<\/p>\n<p>\u015eeftali Buz \ud83c\udf51\u2744\ufe0f<\/p>\n<p>Coco Loco<\/p>\n<p>Mavi Yaban Mersini Ek\u015fi Ahududu<\/p>\n<p>Pamuk \u015eekeri<\/p>\n<p>E\u011fitim Bal\u0131 \ud83e\uddf8\ud83c\udf6c<\/p>\n<p>Mavi Yaban Mersini Karpuz \ud83e\uded0\ud83c\udf49<\/p>\n<p>Limon \u015eeftali Passion Meyve \ud83c\udf4b\ud83c\udf51\u2728<\/p>\n<p>Siyah Buz Ejder Meyvesi \u00c7ilek \ud83d\udda4\u2744\ufe0f\ud83d\udc09\ud83c\udf53<\/p>\n<p>Kar\u0131\u015f\u0131k Meyveler \ud83c\udf53\ud83e\uded0\ud83c\udf52<\/p>\n<p>A\u015fk 66 \ud83d\udc9666<\/p>\n<p>\u00c7ilek Kivi \ud83c\udf53\ud83e\udd5d<\/p>\n<p>Tropikal Meyve \ud83c\udf4d\ud83e\udd6d\ud83c\udf3a<\/p>\n<p>\u00c7ilekli Vanilya Coke<\/p>\n<p>Limon Lime<\/p>\n<p>Yaz R\u00fcyas\u0131 \u2600\ufe0f\ud83c\udf19\u2728<\/p>\n<\/div>\n<h3 style=\"color: #ff4500; border-left: 5px solid #FF6347; padding-left: 10px;\">\ud83d\udcca H\u0131zl\u0131 Kar\u015f\u0131la\u015ft\u0131rma Tablosu: RAZZ BAR 60k vs. Di\u011ferleri<\/h3>\n<table style=\"width: 100%; border-collapse: collapse; background: #FFF5EE; border-radius: 10px; overflow: hidden;\">\n<tbody>\n<tr style=\"background: #FFB6C1;\">\n<th style=\"padding: 12px; text-align: left; border: 1px solid #FF69B4;\">\u00d6zellik<\/th>\n<th style=\"padding: 12px; text-align: left; border: 1px solid #FF69B4;\">RAZZ BAR 60k<\/th>\n<th style=\"padding: 12px; text-align: left; border: 1px solid #FF69B4;\">Di\u011fer Tek Kullan\u0131ml\u0131k Elektronik Sigaralar<\/th>\n<\/tr>\n<tr style=\"background: #FFF0F5;\">\n<td style=\"padding: 12px; border: 1px solid #FFB6C1;\">Toplam Puf<\/td>\n<td style=\"padding: 12px; border: 1px solid #FFB6C1;\">60.000'a kadar<\/td>\n<td style=\"padding: 12px; border: 1px solid #FFB6C1;\">Genellikle daha az, \u00f6rne\u011fin 5,000-10,000<\/td>\n<\/tr>\n<tr style=\"background: #FFF0F5;\">\n<td style=\"padding: 12px; border: 1px solid #FFB6C1;\">Ak\u00fc<\/td>\n<td style=\"padding: 12px; border: 1px solid #FFB6C1;\">650mAh, \u015farj edilebilir \ud83d\udd0b<\/td>\n<td style=\"padding: 12px; border: 1px solid #FFB6C1;\">\u00c7o\u011fu zaman \u015farj edilemiyor<\/td>\n<\/tr>\n<tr style=\"background: #FFF0F5;\">\n<td style=\"padding: 12px; border: 1px solid #FFB6C1;\">Mevcut Se\u00e7enekler<\/td>\n<td style=\"padding: 12px; border: 1px solid #FFB6C1;\">16 farkl\u0131 se\u00e7im \ud83c\udf6d<\/td>\n<td style=\"padding: 12px; border: 1px solid #FFB6C1;\">Daha az se\u00e7enek, belki 5-10<\/td>\n<\/tr>\n<tr style=\"background: #FFF0F5;\">\n<td style=\"padding: 12px; border: 1px solid #FFB6C1;\">Bulk Orders<\/td>\n<td style=\"padding: 12px; border: 1px solid #FFB6C1;\">Karton ba\u015f\u0131na 200, toptan sat\u0131\u015f i\u00e7in ideal \ud83d\udce6<\/td>\n<td style=\"padding: 12px; border: 1px solid #FFB6C1;\">Daha k\u00fc\u00e7\u00fck paketler<\/td>\n<\/tr>\n<\/tbody>\n<\/table>\n<h3 style=\"color: #8a2be2; border-left: 5px solid #DA70D6; padding-left: 10px;\">\u2753 RAZZ BAR 60k Tek Kullan\u0131ml\u0131k Vape Hakk\u0131nda E\u011flenceli SSS<\/h3>\n<div style=\"background: #E6E6FA; padding: 15px; border-radius: 10px; border: 2px solid #DDA0DD;\">\n<p>S: Bir RAZZ BAR 60k tek kullan\u0131ml\u0131k vape ne kadar dayan\u0131r?<br \/>\nA: 60.000 puff'a kadar vararak, kullan\u0131m yo\u011funlu\u011funuza ba\u011fl\u0131 olarak haftalar hatta aylar boyunca dayanabilir! Yan\u0131n\u0131zdan hi\u00e7 ayr\u0131lmayan g\u00fcvenilir bir arkada\u015f gibi.<\/p>\n<p>S: Bu tek kullan\u0131ml\u0131k vape cihaz\u0131n\u0131 \u015farj edebilir miyim?<br \/>\nA: Evet! 650mAh bataryaya sahip ve Type-C \u015farj kullan\u0131yor, b\u00f6ylece h\u0131zl\u0131 ve kolay bir \u015fekilde \u015farj edebilirsiniz. E\u011flencenin bitmesi konusunda endi\u015fe yok!<\/p>\n<p>S: Se\u00e7mek i\u00e7in bir\u00e7ok se\u00e7enek var m\u0131?<br \/>\nA: Kesinlikle! Meyve kar\u0131\u015f\u0131mlar\u0131ndan tatl\u0131 ikramlara kadar 16 heyecan verici se\u00e7enek var. Asla s\u0131k\u0131lmayacaks\u0131n\u0131z!<\/p>\n<p>Soru: Bunlar\u0131 toplu olarak nereden sat\u0131n alabilirim?<br \/>\nA: Tam burada VapeXYZ'de! Avrupa'daki en iyi \u00e7evrimi\u00e7i perakende platformuyuz  vape \u00fcr\u00fcnleri i\u00e7in. Sipari\u015finizi vermek i\u00e7in sadece web sitemizi ziyaret edin.<\/p>\n<\/div>\n<h3 style=\"color: #ff69b4; border-left: 5px solid #FF1493; padding-left: 10px;\">\ud83c\udf89 Neden Bizden Almal\u0131 <a href=\"https:\/\/vapexyz.com\/tr\/\">VapeXYZ<\/a>?<\/h3>\n<p>VapeXYZ'de, tek kullan\u0131ml\u0131k vape sat\u0131n almay\u0131 kolay ve e\u011flenceli hale getiriyoruz! Toplu sipari\u015fler i\u00e7in harika fiyatlar, Avrupa \u00e7ap\u0131nda h\u0131zl\u0131 teslimat ve s\u00fcper arkada\u015f canl\u0131s\u0131 hizmet sunuyoruz. \u0130ster bir i\u015f ba\u015flat\u0131yor olun, isterseniz bunlar\u0131 arkada\u015flar\u0131n\u0131zla payla\u015fmay\u0131 seviyor olun, arkan\u0131z\u0131 biz koruyoruz. \ud83d\ude0a Bug\u00fcn bizim web sitemize gidin ve RAZZ BAR 60k Crystal tek kullan\u0131ml\u0131k vape'lerinizi al\u0131n - birlikte sevinci yayal\u0131m!<\/p>\n<p style=\"text-align: center; font-size: 1.2em; color: #ff6b88; margin-top: 20px;\">Okumak i\u00e7in te\u015fekk\u00fcr ederiz ve tek kullan\u0131ml\u0131k vape ihtiya\u00e7lar\u0131n\u0131zda size yard\u0131mc\u0131 olmaktan sab\u0131rs\u0131zlan\u0131yoruz!<\/p>\n<\/article>\n<p><strong><img loading=\"lazy\" decoding=\"async\" class=\"aligncenter wp-image-60064 size-large\" src=\"https:\/\/vapexyz.com\/wp-content\/uploads\/2025\/11\/RAZZ-BAR-60k-60000-Puffs-Crystal-Vape-Wholesale-Bulk-Buy-Orders-Mesh-Coil-1-777x1024.webp\" alt=\"RAZZ BAR 60k 60000 Puffs Kristal Vape Toptan Toplu Al\u0131\u015fveri\u015f Sipari\u015fleri A\u011f Kafes Bobin \" width=\"777\" height=\"1024\" title=\"\" srcset=\"https:\/\/vapexyz.com\/wp-content\/uploads\/2025\/11\/RAZZ-BAR-60k-60000-Puffs-Crystal-Vape-Wholesale-Bulk-Buy-Orders-Mesh-Coil-1-777x1024.webp 777w, https:\/\/vapexyz.com\/wp-content\/uploads\/2025\/11\/RAZZ-BAR-60k-60000-Puffs-Crystal-Vape-Wholesale-Bulk-Buy-Orders-Mesh-Coil-1-scaled-510x672.webp 510w, https:\/\/vapexyz.com\/wp-content\/uploads\/2025\/11\/RAZZ-BAR-60k-60000-Puffs-Crystal-Vape-Wholesale-Bulk-Buy-Orders-Mesh-Coil-1-379x500.webp 379w, https:\/\/vapexyz.com\/wp-content\/uploads\/2025\/11\/RAZZ-BAR-60k-60000-Puffs-Crystal-Vape-Wholesale-Bulk-Buy-Orders-Mesh-Coil-1-768x1012.webp 768w, https:\/\/vapexyz.com\/wp-content\/uploads\/2025\/11\/RAZZ-BAR-60k-60000-Puffs-Crystal-Vape-Wholesale-Bulk-Buy-Orders-Mesh-Coil-1-1165x1536.webp 1165w, https:\/\/vapexyz.com\/wp-content\/uploads\/2025\/11\/RAZZ-BAR-60k-60000-Puffs-Crystal-Vape-Wholesale-Bulk-Buy-Orders-Mesh-Coil-1-1554x2048.webp 1554w, https:\/\/vapexyz.com\/wp-content\/uploads\/2025\/11\/RAZZ-BAR-60k-60000-Puffs-Crystal-Vape-Wholesale-Bulk-Buy-Orders-Mesh-Coil-1-9x12.webp 9w, https:\/\/vapexyz.com\/wp-content\/uploads\/2025\/11\/RAZZ-BAR-60k-60000-Puffs-Crystal-Vape-Wholesale-Bulk-Buy-Orders-Mesh-Coil-1-scaled.webp 1942w\" sizes=\"auto, (max-width: 777px) 100vw, 777px\" \/><\/strong><\/p>","protected":false},"excerpt":{"rendered":"<p><span class=\"ng-star-inserted\">Bu renkli ve e\u011flenceli rehber, uzun \u00f6m\u00fcrl\u00fc ve bir\u00e7ok \u00f6zelli\u011fe sahip RAZZ BAR 60k tek kullan\u0131ml\u0131k vape'lerin neden pop\u00fcler oldu\u011funu a\u00e7\u0131kl\u0131yor\u00a0<\/span><span class=\"ng-star-inserted\">heyecan verici<\/span><span class=\"ng-star-inserted\"> Se\u00e7enekler toptan sat\u0131\u015f i\u00e7in m\u00fckemmel, sizi VapeXYZ web sitemizden sat\u0131n almaya davet ediyoruz.<\/span><\/p>","protected":false},"featured_media":60063,"comment_status":"open","ping_status":"closed","template":"","meta":{"_lmt_disableupdate":"no","_lmt_disable":""},"product_brand":[],"product_cat":[1077,1072,947,935,934,927,929,928,930,933,939,932,938,931,936,937,1017,948,946,950,1016,951,953,954,987],"product_tag":[],"class_list":{"0":"post-60021","1":"product","2":"type-product","3":"status-publish","4":"has-post-thumbnail","6":"product_cat-razz-bar-disposable-vapes","7":"product_cat-60000-puff-vapes","8":"product_cat-big-puffs-vapes","9":"product_cat-bulk-buy-disposable-vapes-in-austria","10":"product_cat-bulk-buy-disposable-vapes-in-belgium","11":"product_cat-bulk-buy-disposable-vapes-in-europe","12":"product_cat-bulk-buy-disposable-vapes-in-france","13":"product_cat-bulk-buy-disposable-vapes-in-germany","14":"product_cat-bulk-buy-disposable-vapes-in-italy","15":"product_cat-bulk-buy-disposable-vapes-in-netherlands","16":"product_cat-bulk-buy-disposable-vapes-in-norway","17":"product_cat-bulk-buy-disposable-vapes-in-poland","18":"product_cat-bulk-buy-disposable-vapes-in-portugal","19":"product_cat-bulk-buy-disposable-vapes-in-spain","20":"product_cat-bulk-buy-disposable-vapes-in-sweden","21":"product_cat-bulk-buy-disposable-vapes-in-switzerland","22":"product_cat-buy-best-disposable-vape-flavors","23":"product_cat-crystal-vapes","24":"product_cat-disposable-vapes-series","25":"product_cat-dual-mesh-vapes","26":"product_cat-european-vape-warehouse","27":"product_cat-lower-nicotine-vapes","28":"product_cat-rechargeable-vapes","29":"product_cat-shisha-hookah-vapes","30":"product_cat-vape-shop-by-puffs","32":"first","33":"outofstock","34":"shipping-taxable","35":"purchasable","36":"product-type-variable","37":"has-default-attributes"},"jetpack_sharing_enabled":true,"tiered_pricing_type":"fixed","tiered_pricing_fixed_rules":[],"tiered_pricing_product_settings":{"layout":"default","base_unit_name":{"singular":null,"plural":null},"default_variation":null},"tiered_pricing_minimum_quantity":null,"tiered_pricing_roles_data":[],"tiered_pricing_percentage_rules":[],"tiered_pricing_maximum_quantity":null,"tiered_pricing_quantity_step":null,"_links":{"self":[{"href":"https:\/\/vapexyz.com\/tr\/wp-json\/wp\/v2\/product\/60021","targetHints":{"allow":["GET"]}}],"collection":[{"href":"https:\/\/vapexyz.com\/tr\/wp-json\/wp\/v2\/product"}],"about":[{"href":"https:\/\/vapexyz.com\/tr\/wp-json\/wp\/v2\/types\/product"}],"replies":[{"embeddable":true,"href":"https:\/\/vapexyz.com\/tr\/wp-json\/wp\/v2\/comments?post=60021"}],"wp:featuredmedia":[{"embeddable":true,"href":"https:\/\/vapexyz.com\/tr\/wp-json\/wp\/v2\/media\/60063"}],"wp:attachment":[{"href":"https:\/\/vapexyz.com\/tr\/wp-json\/wp\/v2\/media?parent=60021"}],"wp:term":[{"taxonomy":"product_brand","embeddable":true,"href":"https:\/\/vapexyz.com\/tr\/wp-json\/wp\/v2\/product_brand?post=60021"},{"taxonomy":"product_cat","embeddable":true,"href":"https:\/\/vapexyz.com\/tr\/wp-json\/wp\/v2\/product_cat?post=60021"},{"taxonomy":"product_tag","embeddable":true,"href":"https:\/\/vapexyz.com\/tr\/wp-json\/wp\/v2\/product_tag?post=60021"}],"curies":[{"name":"wp","href":"https:\/\/api.w.org\/{rel}","templated":true}]}}