{"id":58804,"date":"2025-11-11T09:00:22","date_gmt":"2025-11-11T09:00:22","guid":{"rendered":"https:\/\/vapexyz.com\/?post_type=product&#038;p=58804"},"modified":"2026-03-02T13:40:44","modified_gmt":"2026-03-02T13:40:44","slug":"bang-leader-stoll-100k-4u-1inde-100000-pufflu-tek-kullanimlik-vape-toptan-satis-en-iyi-toplu-fiyatlar-type-c-sarj-edilebilir","status":"publish","type":"product","link":"https:\/\/vapexyz.com\/tr\/product\/buy-bang-leader-stoll-100k-4-in-1-flavor-100000-puffs-disposable-vape-wholesale-best-bulk-prices-type-c-rechargeable\/","title":{"rendered":"BANG L\u0130DER\u0130 STOLL 100K 4'\u00dc 1'DE 100000 PUFFS ATILAB\u0130L\u0130R VAPE TOPTAN SATI\u015e"},"content":{"rendered":"<article style=\"font-family: 'Segoe UI', Arial, sans-serif;line-height: 1.8;color: #333333;max-width: 100%;margin: 0 auto;padding: 20px;background-color: #ffffff\">\n<h2 style=\"color: #1a4341;border-bottom: 3px solid #ff9a76;padding-bottom: 12px;font-size: 28px;margin-top: 0\">Kapsaml\u0131 Teknik Genel Bak\u0131\u015f: BANG LEADER 100K Puffs Tek Kullan\u0131ml\u0131k Vape<\/h2>\n<p style=\"font-size: 16px;margin-bottom: 20px\">Ki\u015fisel buharla\u015ft\u0131r\u0131c\u0131lar\u0131n h\u0131zla de\u011fi\u015fen ortam\u0131nda, donan\u0131m inovasyonu hem son kullan\u0131c\u0131lar\u0131n hem de toptan distrib\u00fct\u00f6rlerin kat\u0131 taleplerini kar\u015f\u0131lamal\u0131d\u0131r. BANG LEADER 100K Puffs Tek Kullan\u0131ml\u0131k Vape, \u00e7ok profilli teslimat sistemlerinde \u00f6nemli bir ilerleme temsil eder. Uzun \u00f6m\u00fcr ve \u00e7ok y\u00f6nl\u00fcl\u00fck i\u00e7in tasarlanan bu cihaz, tek bir \u015fasi i\u00e7inde d\u00f6rt farkl\u0131 duyusal kar\u0131\u015f\u0131m aras\u0131nda sorunsuz bir \u015fekilde ge\u00e7i\u015f yapmas\u0131na olanak sa\u011flayan benzersiz bir 4'\u00fc 1 arada d\u00f6ner sistem entegre eder.<\/p>\n<p style=\"font-size: 16px;margin-bottom: 20px\">VapeXYZ'te, sekiz y\u0131ll\u0131k tedarik zinciri uzmanl\u0131\u011f\u0131m\u0131zdan ve B2B da\u011f\u0131t\u0131m m\u00fckemmelli\u011fimizden yararlanarak, \u00fcr\u00fcn iddialar\u0131n\u0131 ampirik veriler ve teknik \u015feffafl\u0131kla desteklemenin \u00f6nemini tan\u0131yoruz. Bu belge, BANG LEADER'\u0131n mimarisinin, laboratuvar testli performans \u00f6l\u00e7\u00fctlerinin ve uyumluluk standartlar\u0131n\u0131n derinlemesine, objektif bir analizini sa\u011flayarak, ortaklar\u0131m\u0131z\u0131n pazar\u0131n en geli\u015fmi\u015f tek kullan\u0131ml\u0131k vape'lerini g\u00fcvenle stoklayabilmelerini sa\u011flar.<\/p>\n<h3 style=\"color: #2c7873;margin-top: 35px;font-size: 24px\">M\u00fchendislik Mimarl\u0131\u011f\u0131 ve Uzmanl\u0131k<\/h3>\n<p style=\"font-size: 16px;margin-bottom: 20px\">Herhangi bir y\u00fcksek kapasiteli tek kullan\u0131ml\u0131k vape'in mekanik temeli, uzun bir \u00f6m\u00fcr boyunca g\u00fcvenilirli\u011fini belirler. BANG LEADER, \u00f6ng\u00f6r\u00fclen 100.000-puff \u00f6mr\u00fc boyunca tutarl\u0131 \u00e7\u0131kt\u0131 sa\u011flamak \u00fczere tasarlanan end\u00fcstriyel s\u0131n\u0131f bile\u015fenleri kullanarak standart giri\u015f seviyesi yap\u0131s\u0131n\u0131 atlar.<\/p>\n<div style=\"background-color: #f4f8f7;border-left: 6px solid #2c7873;padding: 20px;margin-bottom: 30px;border-radius: 0 8px 8px 0\">\n<h4 style=\"margin-top: 0;color: #1a4341;font-size: 20px\">Bilgi Noktas\u0131: Termodinamik ve Elektrik \u00d6zellikleri<\/h4>\n<ul style=\"list-style-type: disc;padding-left: 20px;margin-bottom: 0\">\n<li style=\"margin-bottom: 12px\">G\u00fc\u00e7 H\u00fccre Entegrasyonlar\u0131: 850mAh lityum-iyon \u015farj edilebilir h\u00fccre ile donat\u0131lm\u0131\u015ft\u0131r. Standart pillere k\u0131yasla, bu \u00f6zel g\u00fc\u00e7 \u00e7ekirde\u011fi, tekrarlanan \u015farj fazlar\u0131ndan sonra orijinal kapasitesinin 'ini koruyarak geli\u015fmi\u015f d\u00f6ng\u00fc stabilitesi \u00f6zelli\u011fine sahiptir. Standart a\u015f\u0131r\u0131 \u015farj, k\u0131sa devre ve d\u00fc\u015f\u00fck voltaj koruma devrelerini entegre eder.<\/li>\n<li style=\"margin-bottom: 12px\">Mesh Bobin Termodinami\u011fi: Is\u0131tma eleman\u0131 1.0 ohm diren\u00e7li bir mesh mimari kullan\u0131r. Bu \u00f6zel ala\u015f\u0131m bile\u015fimi, i\u00e7 emme malzemesiyle temas halindeki y\u00fczey alan\u0131n\u0131 maksimuma \u00e7\u0131kararak e\u015fit bir \u0131s\u0131 da\u011f\u0131l\u0131m\u0131 sa\u011flar. Bu, lokalize s\u0131cak noktalar\u0131 \u00f6nler ve aromatik notalar\u0131n bozulmadan tutarl\u0131 bir buhar verimi sa\u011flar.<\/li>\n<li style=\"margin-bottom: 12px\">\u015earj Altyap\u0131s\u0131: Standartla\u015ft\u0131r\u0131lm\u0131\u015f bir Type-C aray\u00fcz\u00fc \u00f6zelli\u011fi ta\u015f\u0131r. Dahili g\u00fc\u00e7 y\u00f6netim IC'si, \u015farj ak\u0131m\u0131n\u0131 5V\/1A'ya d\u00fczenleyerek yeniden \u015farj i\u015flemi s\u0131ras\u0131nda termal g\u00fcvenli\u011fi sa\u011flar ve g\u00fc\u00e7 \u00fcnitesinin genel \u00f6mr\u00fcn\u00fc uzat\u0131r.<\/li>\n<li style=\"margin-bottom: 0\">D\u00f6ner Se\u00e7ici Mekanizmas\u0131: \u0130\u00e7 yap\u0131sal tasar\u0131m, izole edilmi\u015f, \u00e7ok odac\u0131kl\u0131 bir rezervuar sistemi i\u00e7erir. Kullan\u0131c\u0131lar, hava ak\u0131\u015f\u0131n\u0131 ve buharla\u015ft\u0131rma yollar\u0131n\u0131 d\u00f6rt farkl\u0131 i\u00e7 poddan biriyle hizalamak i\u00e7in fiziksel bir d\u00f6ner bezeli etkinle\u015ftirir ve bu da farkl\u0131 duyusal profiller aras\u0131nda s\u0131f\u0131r \u00e7apraz kontaminasyonu garanti eder.<\/li>\n<\/ul>\n<\/div>\n<h3 style=\"color: #2c7873;margin-top: 35px;font-size: 24px\">Ampirik Performans ve Laboratuvar Testleri<\/h3>\n<p style=\"font-size: 16px;margin-bottom: 20px\">\u00dcreticinin teknik \u00f6zelliklerini do\u011frulamak i\u00e7in VapeXYZ kalite g\u00fcvence ekipleri, gelen t\u00fcm tek kullan\u0131ml\u0131k vape'ler \u00fczerinde titiz \u00f6rnekleme testleri ger\u00e7ekle\u015ftirir. Ampirik metodolojimiz, hem otomatik d\u00f6ng\u00fc testi hem de insan-sim\u00fcle \u00e7ekme analizi i\u00e7erir.<\/p>\n<p style=\"font-size: 16px;margin-bottom: 20px\">A\u011f\u0131rl\u0131k ve Ergonomi: Kalibre edilmi\u015f mikro teraziler kullan\u0131larak yap\u0131lan fiziksel incelemeler s\u0131ras\u0131nda, cihaz\u0131n ortalama \u00e7al\u0131\u015fma a\u011f\u0131rl\u0131\u011f\u0131 tam olarak 148 gramd\u0131r. D\u00f6rt ayr\u0131 hazne ve 850mAh batarya bar\u0131nd\u0131rmas\u0131na ra\u011fmen, a\u011f\u0131rl\u0131k da\u011f\u0131l\u0131m\u0131 avu\u00e7 i\u00e7i \u00fczerinde rahat\u00e7a duracak \u015fekilde tasarlanarak kullan\u0131c\u0131 yorgunlu\u011funu en aza indirmi\u015ftir. D\u0131\u015f kasan\u0131n yap\u0131s\u0131nda, y\u00fcksek yo\u011funluklu, darbeye dayan\u0131kl\u0131 bir polikarbonat kabuk kullan\u0131lmaktad\u0131r; bu, yap\u0131sal b\u00fct\u00fcnl\u00fc\u011f\u00fc korurken hafif bir profil sa\u011flar.<\/p>\n<p style=\"font-size: 16px;margin-bottom: 20px\">\u00c7ekme Aktivasyon Gecikmesi: Hava ak\u0131\u015f\u0131 direnci, optimum A\u011f\u0131zdan- Akci\u011fere (MTL) ila K\u0131s\u0131tl\u0131 Do\u011frudan Akci\u011fere (RDL) deneyimi i\u00e7in kalibre edilmi\u015ftir. Pn\u00f6matik sens\u00f6r testlerimiz, \u00e7ekme aktivasyon gecikmesinin 0,05 saniyeden az oldu\u011funu ortaya koyar. Mikroi\u015flemci, bas\u0131n\u00e7 de\u011fi\u015fimini anl\u0131k olarak yorumlar ve 1,0 ohm a\u011f bobinini devreye sokarak ilk nefes al\u0131n\u0131\u015f\u0131ndan itibaren yo\u011fun, termal olarak d\u00fczenlenmi\u015f bir buhar \u00e7\u0131k\u0131\u015f\u0131 \u00fcretir.<\/p>\n<h3 style=\"color: #2c7873;margin-top: 35px;font-size: 24px\">Se\u00e7ilmi\u015f Aromatik Profiller ve Botanik Notlar\u0131<\/h3>\n<p style=\"font-size: 16px;margin-bottom: 20px\">Bu \u00f6zel tek kullan\u0131ml\u0131k vape'nin ger\u00e7ek inovasyonu, \u00e7oklu duyusal y\u00fck\u00fcnde yatmaktad\u0131r. Her birim, d\u00f6rt farkl\u0131 aromatik kar\u0131\u015f\u0131mla \u00f6nceden yap\u0131land\u0131r\u0131lm\u0131\u015ft\u0131r ve kullan\u0131c\u0131n\u0131n talep \u00fczerine farkl\u0131 botanik ve meyve ilhaml\u0131 profilleri d\u00f6nd\u00fcrmesine olanak tan\u0131r. Form\u00fclasyonlar, y\u00fcksek kaliteli sentetik ve do\u011fal olarak t\u00fcretilmi\u015f ekstraktlar\u0131 kullanarak kat\u0131 safl\u0131k standartlar\u0131na uymaktad\u0131r.<\/p>\n<div style=\"background-color: #ffffff;border: 1px solid #e0e0e0;padding: 20px;border-radius: 8px;margin-bottom: 30px\">\n<ol style=\"padding-left: 20px;margin: 0;font-weight: bold;color: #2c7873\">\n<li style=\"margin-bottom: 15px\"><span style=\"color: #333333\">Portakal Patlamas\u0131 &amp; Karpuz So\u011fu\u011fu &amp; Siyah Ejder So\u011fu\u011fu &amp; Tatl\u0131 K\u0131rm\u0131z\u0131 Kar\u0131\u015f\u0131m<\/span><\/li>\n<li style=\"margin-bottom: 15px\"><span style=\"color: #333333\">Vanilya Kola &amp; Narenciye \u015eeftali &amp; \u00dc\u00e7l\u00fc Berry Frost &amp; \u00dcz\u00fcm Frost<\/span><\/li>\n<li style=\"margin-bottom: 15px\"><span style=\"color: #333333\">\u00dcz\u00fcm Patlamas\u0131 &amp; Lychee Dondurmas\u0131 &amp; \u015eeftali Berry &amp; Tropikal Kivi Guava<\/span><\/li>\n<li style=\"margin-bottom: 15px\"><span style=\"color: #333333\">Karpuz So\u011fu\u011fu &amp; \u00c7ilek Mango &amp; Mavi Yaban Mersini So\u011fu\u011fu &amp; \u00c7\u0131t\u0131r Kiraz<\/span><\/li>\n<li style=\"margin-bottom: 15px\"><span style=\"color: #333333\">\u00c7ilek Kavun &amp; Kiraz Kola &amp; Bah\u00e7e \u015eeftali Dondurmas\u0131 &amp; Greyfurt Refresher<\/span><\/li>\n<li style=\"margin-bottom: 15px\"><span style=\"color: #333333\">Portakal Kar\u0131\u015f\u0131m\u0131 &amp; \u00c7ilek Dondurmas\u0131 &amp; Ahududu Karpuz &amp; K\u0131z\u0131lc\u0131k Gazozu<\/span><\/li>\n<li style=\"margin-bottom: 15px\"><span style=\"color: #333333\">Pembe Limonata &amp; Tropikal Passion Guava &amp; \u015eeftali Berry &amp; \u00c7ilek Muz<\/span><\/li>\n<li style=\"margin-bottom: 15px\"><span style=\"color: #333333\">\u00c7ilek Mango &amp; Blue Razz Lemonade &amp; Vanilya Krem &amp; Ek\u015fi \u00dc\u00e7l\u00fc Berry<\/span><\/li>\n<li style=\"margin-bottom: 15px\"><span style=\"color: #333333\">Kar\u0131\u015f\u0131k Berry &amp; Kiraz Narenciye &amp; \u00c7ilek Kivi &amp; \u00c7ilek Karpuz \u015eekeri<\/span><\/li>\n<li style=\"margin-bottom: 0\"><span style=\"color: #333333\">Nane Mojito &amp; Mango Blitz &amp; Scarlet Blend &amp; Pembe Limonata<\/span><\/li>\n<\/ol>\n<\/div>\n<h3 style=\"color: #2c7873;margin-top: 35px;font-size: 24px\">Toptan Lojistik ve Seri Do\u011frulama<\/h3>\n<p style=\"font-size: 16px;margin-bottom: 20px\">Ticari perakendeciler ve b\u00f6lgesel distrib\u00fct\u00f6rler i\u00e7in, nakliye lojisti\u011fi ve hassas boyutsal a\u011f\u0131rl\u0131k hesaplamalar\u0131, tedarik zinciri verimlili\u011fi i\u00e7in kritik \u00f6neme sahiptir. VapeXYZ, \u015feffaf nakliye ve envanter y\u00f6netimini kolayla\u015ft\u0131rmak i\u00e7in kesin \u00f6l\u00e7\u00fctler sa\u011flar.<\/p>\n<table style=\"width: 100%;border-collapse: collapse;margin-bottom: 30px;font-size: 15px;border-radius: 8px;overflow: hidden\">\n<thead>\n<tr style=\"background-color: #2c7873;color: #ffffff\">\n<th style=\"padding: 15px;text-align: left;border-bottom: 2px solid #1a4341\">Al\u0131m Katman\u0131 (\u00dcniteler)<\/th>\n<th style=\"padding: 15px;text-align: left;border-bottom: 2px solid #1a4341\">Neto A\u011f\u0131rl\u0131k \u00d6l\u00e7\u00fcm\u00fc<\/th>\n<th style=\"padding: 15px;text-align: left;border-bottom: 2px solid #1a4341\">Lojistik Notlar\u0131<\/th>\n<\/tr>\n<\/thead>\n<tbody>\n<tr style=\"background-color: #ffffff\">\n<td style=\"padding: 15px;border-bottom: 1px solid #eeeeee\">1 Bireysel Cihaz<\/td>\n<td style=\"padding: 15px;border-bottom: 1px solid #eeeeee\">148g<\/td>\n<td style=\"padding: 15px;border-bottom: 1px solid #eeeeee\">Temel \u00fcnite \u00f6l\u00e7\u00fcm\u00fc (perakende ambalaj\u0131 hari\u00e7)<\/td>\n<\/tr>\n<tr style=\"background-color: #f9fbfb\">\n<td style=\"padding: 15px;border-bottom: 1px solid #eeeeee\">10 Cihaz (Minimum Sipari\u015f Miktar\u0131)<\/td>\n<td style=\"padding: 15px;border-bottom: 1px solid #eeeeee\">1.48 KG (1480g)<\/td>\n<td style=\"padding: 15px;border-bottom: 1px solid #eeeeee\">Standart ekran kutusu konfig\u00fcrasyonu<\/td>\n<\/tr>\n<tr style=\"background-color: #ffffff\">\n<td style=\"padding: 15px\">200 Cihaz (Ana Karton)<\/td>\n<td style=\"padding: 15px\">29,6 KG<\/td>\n<td style=\"padding: 15px\">B\u00f6lgesel transit i\u00e7in optimize edilmi\u015f, palet haz\u0131r ticari ambalajlama<\/td>\n<\/tr>\n<\/tbody>\n<\/table>\n<h3 style=\"color: #2c7873;margin-top: 35px;font-size: 24px\">Yetki ve G\u00fcven: VapeXYZ G\u00fcvencesi<\/h3>\n<p style=\"font-size: 16px;margin-bottom: 20px\">Karma\u015f\u0131k k\u00fcresel pazar\u0131n y\u00f6netilmesi, uyumluluk ve g\u00fcvenilirlik a\u00e7\u0131s\u0131ndan tan\u0131nan bir ortak gerektirir. Kullan\u0131labilir vape'lerin premier merkezi olarak VapeXYZ, sekiz y\u0131l\u0131 a\u015fk\u0131n belgelenmi\u015f da\u011f\u0131t\u0131m ge\u00e7mi\u015fiyle faaliyet g\u00f6stermektedir. Sadece i\u015flemsel bir sat\u0131c\u0131 olarak hareket etmek yerine; stratejik bir uyumluluk orta\u011f\u0131 olarak i\u015flev g\u00f6r\u00fcyoruz.<\/p>\n<p style=\"font-size: 16px;margin-bottom: 20px\">D\u00fczenleyici Uyum ve Sertifikalar: BANG LEADER serisinin \u00fcreticileri de dahil olmak \u00fczere birlikte \u00e7al\u0131\u015ft\u0131\u011f\u0131m\u0131z \u00fcreticiler, uluslararas\u0131 elektronik g\u00fcvenlik standartlar\u0131na kesinlikle uymaktad\u0131r. Donan\u0131m, RoHS (Tehlikeli Maddelerin K\u0131s\u0131tlanmas\u0131) uyumlu malzemeleri entegre eder ve Avrupa Ekonomik B\u00f6lgesi ve daha geni\u015f k\u00fcresel pazarlarda sa\u011fl\u0131k, g\u00fcvenlik ve \u00e7evre korumas\u0131 i\u00e7in yasal uygunlu\u011funu do\u011frulayan standart CE i\u015faretleri ta\u015f\u0131r. Ayr\u0131ca, yerel y\u00f6netim organlar\u0131 taraf\u0131ndan zorunlu k\u0131l\u0131nan belirli b\u00f6lgesel etiketleme ve donan\u0131m gereksinimlerini kar\u015f\u0131layarak, tamamen \u00f6zelle\u015ftirilebilir OEM\/ODM \u00fcretim s\u00fcre\u00e7lerini desteklemekteyiz.<\/p>\n<h3 style=\"color: #2c7873;margin-top: 35px;font-size: 24px\">S\u0131k\u00e7a Sorulan Teknik Sorular (SSS)<\/h3>\n<div style=\"background-color: #fafafa;border: 1px solid #eaeaea;padding: 25px;border-radius: 8px;margin-bottom: 30px\">\n<div style=\"margin-bottom: 20px\">\n<h5 style=\"margin: 0 0 8px 0;color: #1a4341;font-size: 18px\">S: 100.000 hareket boyunca performans nas\u0131l korunur?<\/h5>\n<p style=\"margin: 0;font-size: 15px;color: #555\">Bir Type-C \u015farj edilebilir 850mAh bataryan\u0131n entegrasyonu, kullan\u0131c\u0131n\u0131n dahili rezervuarlar\u0131n \u00f6mr\u00fc boyunca g\u00fc\u00e7 h\u00fccresini birka\u00e7 kez yenileyebilmesini sa\u011flar. Ak\u0131ll\u0131 \u00e7ipset, son pufun ilk p\u00fcfte oldu\u011fu gibi ayn\u0131 termal enerjiyi almas\u0131n\u0131 sa\u011flayarak performans d\u00fc\u015f\u00fc\u015f\u00fcn\u00fc \u00f6nleyerek voltaj \u00e7\u0131k\u0131\u015f\u0131n\u0131 d\u00fczenler.<\/p>\n<\/div>\n<div style=\"margin-bottom: 20px\">\n<h5 style=\"margin: 0 0 8px 0;color: #1a4341;font-size: 18px\">S: Bir profil grubundan di\u011ferine ge\u00e7i\u015f yap\u0131ld\u0131\u011f\u0131nda \u00e7apraz kontaminasyon riskleri var m\u0131d\u0131r?<\/h5>\n<p style=\"margin: 0;font-size: 15px;color: #555\">A: Hay\u0131r. \u0130\u00e7 mimari, d\u00f6rt tamamen ba\u011f\u0131ms\u0131z rezervuar t\u00fcp\u00fc ve izole edilmi\u015f emme kanallar\u0131 kullan\u0131r. D\u00f6ner taban d\u00f6nd\u00fcr\u00fcld\u00fc\u011f\u00fcnde, etkin olmayan b\u00f6lmeleri mekanik olarak kapat\u0131r ve botanik notlar\u0131n buharla\u015ft\u0131rma s\u0131ras\u0131nda saf ve kar\u0131\u015ft\u0131r\u0131lmam\u0131\u015f kalmas\u0131n\u0131 sa\u011flar.<\/p>\n<\/div>\n<div style=\"margin-bottom: 20px\">\n<h5 style=\"margin: 0 0 8px 0;color: #1a4341;font-size: 18px\">Soru: B2B m\u00fc\u015fterilerin bu \u00f6zel modeli sat\u0131n al\u0131rkenki birincil avantajlar\u0131 nelerdir?<\/h5>\n<p style=\"margin: 0;font-size: 15px;color: #555\">Perakende perspektifinden bak\u0131ld\u0131\u011f\u0131nda, 4'\u00fc 1 arada cihaz sto\u011fu yapmak, t\u00fcketiciye benzeri g\u00f6r\u00fclmemi\u015f \u00e7e\u015fitlilik sunarken raf alan\u0131 gereksinimlerini b\u00fcy\u00fck \u00f6l\u00e7\u00fcde azalt\u0131r. Minimum Sipari\u015f Miktar\u0131 (MOQ) sadece 10 par\u00e7a ve agresif toptan sat\u0131\u015f fiyatland\u0131rma kademeleri ile birle\u015fti\u011finde, perakendeciler Yat\u0131r\u0131m Getirisini (ROI) maksimize ederken envanter giderlerini minimize edebilirler.<\/p>\n<\/div>\n<div>\n<h5 style=\"margin: 0 0 8px 0;color: #1a4341;font-size: 18px\">S: VapeXYZ \u00f6zel \u00fcretim taleplerini kolayla\u015ft\u0131r\u0131r m\u0131?<\/h5>\n<p style=\"margin: 0;font-size: 15px;color: #555\">A: Evet, kurmu\u015f oldu\u011fumuz tedarik zinciri a\u011flar\u0131, fabrikalar\u0131n zeminleriyle \u00f6zel markala\u015fma, \u00f6zel donan\u0131m modifikasyonlar\u0131 ve b\u00f6lgesel piyasa taleplerinize g\u00f6re uyarlanm\u0131\u015f \u00f6zel duyusal profil form\u00fclasyonlar\u0131 i\u00e7in koordinasyon sa\u011flamam\u0131za olanak tan\u0131r.<\/p>\n<\/div>\n<\/div>\n<div style=\"background: linear-gradient(135deg, #2c7873 0%, #1a4341 100%);padding: 30px;border-radius: 8px;margin-top: 40px;text-align: center;color: #ffffff\">\n<h3 style=\"color: #ffffff;margin-top: 0;font-size: 26px\">Ticari Envanterinizi Bug\u00fcn Optimize Edin<\/h3>\n<p style=\"font-size: 16px;margin-bottom: 25px;color: #e0f2f1\">VapeXYZ'in premium, uyumlu ve teknik olarak \u00fcst\u00fcn donan\u0131mlar\u0131na g\u00fcvenen ba\u015far\u0131l\u0131 distrib\u00fct\u00f6rlerin k\u00fcresel a\u011f\u0131na kat\u0131l\u0131n. Kat\u0131 kalite kontrol\u00fc ve optimize edilmi\u015f toptan lojistik ile i\u015fletmenizi \u00f6l\u00e7eklendirmek hi\u00e7 bu kadar verimli olmam\u0131\u015ft\u0131. BANG LEADER serisinin toplu tahsisat\u0131n\u0131z\u0131 g\u00fcvence alt\u0131na al\u0131n ve perakende portf\u00f6y\u00fcn\u00fcz\u00fc y\u00fckseltin.<\/p>\n<p style=\"font-size: 14px;font-style: italic;color: #b2dfdb;margin-bottom: 0\">\u00d6zel B2B fiyatland\u0131rma tablolar\u0131, konteyner y\u00fck ta\u015f\u0131mac\u0131l\u0131\u011f\u0131 lojisti\u011fi veya \u00f6zel OEM dan\u0131\u015fmanl\u0131klar\u0131 i\u00e7in l\u00fctfen \u00f6zel kurumsal destek ekibimizle ileti\u015fime ge\u00e7in.<\/p>\n<\/div>\n<div style=\"text-align: center;margin-top: 40px\"><img loading=\"lazy\" decoding=\"async\" class=\"alignnone wp-image-58821 size-full\" style=\"max-width: 100%;height: auto;border-radius: 8px\" src=\"https:\/\/vapexyz.com\/wp-content\/uploads\/2025\/11\/Buy-BANG-LEADER-100K-Puffs-Disposable-Vape-Wholesale-Best-Bulk-Prices-Type-C-Rechargeable-scaled.webp\" alt=\"BANG LEADER STOLL 100K 4&#039;\u00dc 1&#039;DE Tad\u0131ml\u0131 100000 Puff&#039;l\u0131 Tek Kullan\u0131ml\u0131k Vape Toptan En \u0130yi Toplu Fiyatlar Type-C \u015earj Edilebilir\" width=\"1371\" height=\"2560\" title=\"\" srcset=\"https:\/\/vapexyz.com\/wp-content\/uploads\/2025\/11\/Buy-BANG-LEADER-100K-Puffs-Disposable-Vape-Wholesale-Best-Bulk-Prices-Type-C-Rechargeable-scaled.webp 1371w, https:\/\/vapexyz.com\/wp-content\/uploads\/2025\/11\/Buy-BANG-LEADER-100K-Puffs-Disposable-Vape-Wholesale-Best-Bulk-Prices-Type-C-Rechargeable-scaled-510x952.webp 510w, https:\/\/vapexyz.com\/wp-content\/uploads\/2025\/11\/Buy-BANG-LEADER-100K-Puffs-Disposable-Vape-Wholesale-Best-Bulk-Prices-Type-C-Rechargeable-268x500.webp 268w, https:\/\/vapexyz.com\/wp-content\/uploads\/2025\/11\/Buy-BANG-LEADER-100K-Puffs-Disposable-Vape-Wholesale-Best-Bulk-Prices-Type-C-Rechargeable-548x1024.webp 548w, https:\/\/vapexyz.com\/wp-content\/uploads\/2025\/11\/Buy-BANG-LEADER-100K-Puffs-Disposable-Vape-Wholesale-Best-Bulk-Prices-Type-C-Rechargeable-768x1434.webp 768w, https:\/\/vapexyz.com\/wp-content\/uploads\/2025\/11\/Buy-BANG-LEADER-100K-Puffs-Disposable-Vape-Wholesale-Best-Bulk-Prices-Type-C-Rechargeable-823x1536.webp 823w, https:\/\/vapexyz.com\/wp-content\/uploads\/2025\/11\/Buy-BANG-LEADER-100K-Puffs-Disposable-Vape-Wholesale-Best-Bulk-Prices-Type-C-Rechargeable-1097x2048.webp 1097w, https:\/\/vapexyz.com\/wp-content\/uploads\/2025\/11\/Buy-BANG-LEADER-100K-Puffs-Disposable-Vape-Wholesale-Best-Bulk-Prices-Type-C-Rechargeable-6x12.webp 6w\" sizes=\"auto, (max-width: 1371px) 100vw, 1371px\" \/><\/div>\n<\/article>","protected":false},"excerpt":{"rendered":"<p>BANG LEADER 100K Puffs, VapeXYZ'de \u015fimdi toplu olarak sat\u0131\u015fa sunulan, tek bir hafif cihazda 100.000 \u00e7ekim ve d\u00f6rt heyecan verici tat i\u00e7eren \u015farj edilebilir, tek kullan\u0131ml\u0131k bir vape'dir.<\/p>","protected":false},"featured_media":58819,"comment_status":"open","ping_status":"closed","template":"","meta":{"_lmt_disableupdate":"no","_lmt_disable":""},"product_brand":[],"product_cat":[821,1056,947,935,934,927,929,928,930,933,939,932,938,931,936,937,1017,948,949,946,953,987],"product_tag":[],"class_list":{"0":"post-58804","1":"product","2":"type-product","3":"status-publish","4":"has-post-thumbnail","6":"product_cat-bang","7":"product_cat-100000-puff-vapes","8":"product_cat-big-puffs-vapes","9":"product_cat-bulk-buy-disposable-vapes-in-austria","10":"product_cat-bulk-buy-disposable-vapes-in-belgium","11":"product_cat-bulk-buy-disposable-vapes-in-europe","12":"product_cat-bulk-buy-disposable-vapes-in-france","13":"product_cat-bulk-buy-disposable-vapes-in-germany","14":"product_cat-bulk-buy-disposable-vapes-in-italy","15":"product_cat-bulk-buy-disposable-vapes-in-netherlands","16":"product_cat-bulk-buy-disposable-vapes-in-norway","17":"product_cat-bulk-buy-disposable-vapes-in-poland","18":"product_cat-bulk-buy-disposable-vapes-in-portugal","19":"product_cat-bulk-buy-disposable-vapes-in-spain","20":"product_cat-bulk-buy-disposable-vapes-in-sweden","21":"product_cat-bulk-buy-disposable-vapes-in-switzerland","22":"product_cat-buy-best-disposable-vape-flavors","23":"product_cat-crystal-vapes","24":"product_cat-digital-box-vapes","25":"product_cat-disposable-vapes-series","26":"product_cat-rechargeable-vapes","27":"product_cat-vape-shop-by-puffs","29":"first","30":"instock","31":"shipping-taxable","32":"purchasable","33":"product-type-variable","34":"has-default-attributes"},"jetpack_sharing_enabled":true,"tiered_pricing_type":"fixed","tiered_pricing_fixed_rules":[],"tiered_pricing_product_settings":{"layout":"default","base_unit_name":{"singular":null,"plural":null},"default_variation":null},"tiered_pricing_minimum_quantity":null,"tiered_pricing_roles_data":[],"tiered_pricing_percentage_rules":[],"tiered_pricing_maximum_quantity":null,"tiered_pricing_quantity_step":null,"_links":{"self":[{"href":"https:\/\/vapexyz.com\/tr\/wp-json\/wp\/v2\/product\/58804","targetHints":{"allow":["GET"]}}],"collection":[{"href":"https:\/\/vapexyz.com\/tr\/wp-json\/wp\/v2\/product"}],"about":[{"href":"https:\/\/vapexyz.com\/tr\/wp-json\/wp\/v2\/types\/product"}],"replies":[{"embeddable":true,"href":"https:\/\/vapexyz.com\/tr\/wp-json\/wp\/v2\/comments?post=58804"}],"wp:featuredmedia":[{"embeddable":true,"href":"https:\/\/vapexyz.com\/tr\/wp-json\/wp\/v2\/media\/58819"}],"wp:attachment":[{"href":"https:\/\/vapexyz.com\/tr\/wp-json\/wp\/v2\/media?parent=58804"}],"wp:term":[{"taxonomy":"product_brand","embeddable":true,"href":"https:\/\/vapexyz.com\/tr\/wp-json\/wp\/v2\/product_brand?post=58804"},{"taxonomy":"product_cat","embeddable":true,"href":"https:\/\/vapexyz.com\/tr\/wp-json\/wp\/v2\/product_cat?post=58804"},{"taxonomy":"product_tag","embeddable":true,"href":"https:\/\/vapexyz.com\/tr\/wp-json\/wp\/v2\/product_tag?post=58804"}],"curies":[{"name":"wp","href":"https:\/\/api.w.org\/{rel}","templated":true}]}}