{"id":56816,"date":"2025-09-20T03:22:34","date_gmt":"2025-09-20T03:22:34","guid":{"rendered":"https:\/\/vapexyz.com\/?post_type=product&#038;p=56816"},"modified":"2026-03-02T12:57:51","modified_gmt":"2026-03-02T12:57:51","slug":"bang-legend-120000-nefes-5i-1-arada-dsk60-dusuk-nikotin-toplu-alim-orijinal-sarj-edilebilir-tek-kullanimlik-vape-toptan-satis","status":"publish","type":"product","link":"https:\/\/vapexyz.com\/tr\/product\/bang-legend-120000-puffs-5-in-1-dsk60-low-nicotine-bulk-buy-original-rechargeable-disposable-vapes-wholesale\/","title":{"rendered":"BANG LEGEND 120000 Puffs 5'\u0130-1'DE DSK60 Toplu Al\u0131m \u015earj Edilebilir Tek Kullan\u0131ml\u0131k Vape Toptan Sat\u0131\u015f"},"content":{"rendered":"<article style=\"font-family: Arial, sans-serif;line-height: 1.6;color: #333;max-width: 100%;margin: 0 auto;padding: 20px\">\n<h2 style=\"color: #2c3e50;border-bottom: 2px solid #3498db;padding-bottom: 10px;margin-top: 30px\"><a style=\"color: #3498db;text-decoration: none\" href=\"https:\/\/vapexyz.com\/tr\/urun-kategori%cc%87si%cc%87\/bang\/\">BANG EFSANES\u0130<\/a> 120000 Puffs 5'\u0130 1'DE Genel Bak\u0131\u015f<\/h2>\n<div style=\"margin: 20px 0;text-align: center\">\n<p><iframe loading=\"lazy\" title=\"BNAG EFSANE 120K Puffs 5 tat #tek kullan\u0131ml\u0131kvapkalem #vapeshow\" width=\"563\" height=\"1000\" src=\"https:\/\/www.youtube.com\/embed\/j7kVXzu4mXc?feature=oembed\" frameborder=\"0\" allow=\"accelerometer; autoplay; clipboard-write; encrypted-media; gyroscope; picture-in-picture; web-share\" referrerpolicy=\"strict-origin-when-cross-origin\" allowfullscreen><\/iframe><\/p>\n<\/div>\n<p style=\"font-size: 1.1em;margin-bottom: 20px\">BANG LEGEND 120000 Puffs 5'\u0130 1'DE tek kullan\u0131ml\u0131k vape, y\u00fcksek kapasiteli vape donan\u0131m\u0131n\u0131n m\u00fchendisli\u011finde bir paradigma de\u011fi\u015fikli\u011fi temsil eder. \u00c7e\u015fitli duyusal profilleri, s\u00fcrekli donan\u0131m performans\u0131n\u0131 ve tek bir cihazda tavizsiz kolayl\u0131\u011f\u0131 talep eden kullan\u0131c\u0131lar i\u00e7in tasarlanan bu cihaz, istisnai operasyonel de\u011fer sunar. Geni\u015f bir puf kapasitesi, sa\u011flam bir \u015farj edilebilir mimari ve be\u015f sorunsuzca de\u011fi\u015ftirilebilir aroma profili i\u00e7eren bu tek kullan\u0131ml\u0131k vape, hem bireysel merakl\u0131lar hem de b\u00fcy\u00fck \u00f6l\u00e7ekli ticari al\u0131c\u0131lar i\u00e7in yeni bir standart belirler. VapeXYZ - Avrupa'n\u0131n yetkili ve olduk\u00e7a g\u00fcvenilir tek kullan\u0131ml\u0131k vape perakende da\u011f\u0131t\u0131m platformu - \u00fczerinden do\u011frudan temin edilebilen bu geli\u015fmi\u015f cihaz, standart uyumluluk \u00e7er\u00e7eveleri i\u00e7inde faaliyet g\u00f6steren onayl\u0131 bayi ve perakendeciler i\u00e7in gerekli bir envanter ekidir.<\/p>\n<div style=\"background-color: #f8f9fa;border-left: 6px solid #28a745;padding: 20px;margin: 30px 0;border-radius: 4px\">\n<h3 style=\"color: #28a745;margin-top: 0\">Bilgi Noktas\u0131: 5'li Alg\u0131 Anahtarlama Mekanizmas\u0131<\/h3>\n<p style=\"margin-bottom: 0\">Geleneksel tek kullan\u0131ml\u0131k vape'ler kullan\u0131c\u0131y\u0131 tek bir aromatik profile k\u0131s\u0131tlar. BANG LEGEND, \u00e7ok odac\u0131kl\u0131 bir yap\u0131sal tasar\u0131m dahil ederek yenilik yapar. Dahili ayr\u0131m, farkl\u0131 form\u00fclasyonlar\u0131n \u00e7apraz kontaminasyonunu \u00f6nler, hassas bir m\u00fchendislik \u00fcr\u00fcn\u00fc d\u00f6ner taban ise hava ak\u0131\u015f\u0131n\u0131 ve elektrik aktivasyonunu kullan\u0131c\u0131n\u0131n se\u00e7ti\u011fi belirli odaya y\u00f6nlendirir. Bu mekanik izolasyon, her bir nefesin mutlak aromatik safl\u0131\u011f\u0131n\u0131 korumas\u0131n\u0131 sa\u011flar ve cihaz\u0131n \u00f6mr\u00fcn\u00fc be\u015f ba\u011f\u0131ms\u0131z bobin sekt\u00f6r\u00fcne termal a\u015f\u0131nmay\u0131 da\u011f\u0131tarak drastik \u015fekilde art\u0131r\u0131r.<\/p>\n<\/div>\n<h2 style=\"color: #2c3e50;border-bottom: 2px solid #3498db;padding-bottom: 10px;margin-top: 40px\">Uzmanl\u0131k: Teknik \u00d6zellikler ve M\u00fchendislik Dinamikleri<\/h2>\n<p style=\"margin-bottom: 20px\">Yaln\u0131zca promosyon a\u00e7\u0131klamalar\u0131na g\u00fcvenmek yerine, BANG LEGEND tek kullan\u0131ml\u0131k vape, kat\u0131 m\u00fchendislik parametreleri ve malzeme bilimleriyle tan\u0131mlan\u0131r. Ba\u011f\u0131ms\u0131z yap\u0131sal onaylamalar\u0131 benimseyerek, cihaz s\u00fcrekli aerosolizasyon ve elektriksel g\u00fcvenlik sa\u011flar. 18250 batarya h\u00fccresinin entegrasyonu \u00f6zellikle dikkat \u00e7ekicidir; bu format, eski vapelerde kullan\u0131lan standart silindirik h\u00fccrelere k\u0131yasla \u00fcst\u00fcn termal stabilite ve s\u00fcrekli de\u015farj oranlar\u0131 sa\u011flar.<\/p>\n<table style=\"width: 100%;border-collapse: collapse;margin-bottom: 30px\">\n<thead>\n<tr>\n<th style=\"border: 1px solid #e0e0e0;padding: 15px;background-color: #f4f6f7;text-align: left;color: #2c3e50\">Teknik Parametre<\/th>\n<th style=\"border: 1px solid #e0e0e0;padding: 15px;background-color: #f4f6f7;text-align: left;color: #2c3e50\">Spesifikasyon Detaylar\u0131<\/th>\n<\/tr>\n<\/thead>\n<tbody>\n<tr>\n<td style=\"border: 1px solid #e0e0e0;padding: 12px\">Maksimum \u00c7\u0131k\u0131\u015f Kapasitesi<\/td>\n<td style=\"border: 1px solid #e0e0e0;padding: 12px\">120.000'e kadar aktivasyon (\u00e7ekme s\u00fcresine ba\u011fl\u0131 olarak)<\/td>\n<\/tr>\n<tr>\n<td style=\"border: 1px solid #e0e0e0;padding: 12px\">Aroma Sistemi<\/td>\n<td style=\"border: 1px solid #e0e0e0;padding: 12px\">5'li-1 yal\u0131t\u0131ml\u0131 \u00e7ok odac\u0131kl\u0131 d\u00f6ner anahtar<\/td>\n<\/tr>\n<tr>\n<td style=\"border: 1px solid #e0e0e0;padding: 12px\">Pil Mimarisi<\/td>\n<td style=\"border: 1px solid #e0e0e0;padding: 12px\">18250 Y\u00fcksek Drenajl\u0131 \u015earj Edilebilir H\u00fccre (CE\/RoHS uyumlu standart)<\/td>\n<\/tr>\n<tr>\n<td style=\"border: 1px solid #e0e0e0;padding: 12px\">\u015earj Aray\u00fcz\u00fc<\/td>\n<td style=\"border: 1px solid #e0e0e0;padding: 12px\">Type-C H\u0131zl\u0131 \u015earj Ba\u011flant\u0131 Noktas\u0131 (5V\/1A girdi s\u0131n\u0131r\u0131)<\/td>\n<\/tr>\n<tr>\n<td style=\"border: 1px solid #e0e0e0;padding: 12px\">Form\u00fclasyon Rezervuar\u0131<\/td>\n<td style=\"border: 1px solid #e0e0e0;padding: 12px\">40 mL toplam \u00f6nceden doldurulmu\u015f kapasite (ba\u011f\u0131ms\u0131z b\u00f6lme ba\u015f\u0131na 8 mL)<\/td>\n<\/tr>\n<tr>\n<td style=\"border: 1px solid #e0e0e0;padding: 12px\">Is\u0131tma Eleman\u0131 Teknolojisi<\/td>\n<td style=\"border: 1px solid #e0e0e0;padding: 12px\">Geli\u015fmi\u015f A\u011f Bobini (1,0 \u03a9 Diren\u00e7 \u00b1 0,05 \u03a9)<\/td>\n<\/tr>\n<tr>\n<td style=\"border: 1px solid #e0e0e0;padding: 12px\">Fiziksel Boyutlar<\/td>\n<td style=\"border: 1px solid #e0e0e0;padding: 12px\">46,8 mm \u00d7 45,5 mm \u00d7 120 mm<\/td>\n<\/tr>\n<tr>\n<td style=\"border: 1px solid #e0e0e0;padding: 12px\">K\u00fctle \/ A\u011f\u0131rl\u0131k<\/td>\n<td style=\"border: 1px solid #e0e0e0;padding: 12px\">Her operasyonel \u00fcnite i\u00e7in yakla\u015f\u0131k 180 gram<\/td>\n<\/tr>\n<tr>\n<td style=\"border: 1px solid #e0e0e0;padding: 12px\">Form\u00fclasyon G\u00fcc\u00fc<\/td>\n<td style=\"border: 1px solid #e0e0e0;padding: 12px\">S\u0131k\u0131 piyasa uyumu i\u00e7in uyarlanm\u0131\u015f azalt\u0131lm\u0131\u015f g\u00fc\u00e7 se\u00e7enekleri<\/td>\n<\/tr>\n<\/tbody>\n<\/table>\n<h2 style=\"color: #2c3e50;border-bottom: 2px solid #3498db;padding-bottom: 10px;margin-top: 40px\">Ampirik Do\u011frulamalar ve Performans Testi<\/h2>\n<p style=\"margin-bottom: 20px\">VapeXYZ'de, genelle\u015ftirilmi\u015f kullan\u0131c\u0131 geri bildirimlerinden ziyade ampirik verileri \u00f6nceliklendiriyoruz. BANG LEGEND 120000, otomatik \u00e7ekme makineleri kullan\u0131larak titiz sim\u00fcle edilmi\u015f kullan\u0131m testlerinden ge\u00e7ti. Bu kontroll\u00fc laboratuvar ko\u015fullar\u0131, ger\u00e7ek\u00e7i insan kullan\u0131m modellerini yak\u0131ndan taklit eden, 10 saniyelik dinlenme aral\u0131klar\u0131 ile ayr\u0131lm\u0131\u015f standartla\u015ft\u0131r\u0131lm\u0131\u015f 3 saniyelik inhalasyon d\u00f6ng\u00fcleri i\u00e7erir.<\/p>\n<ul style=\"margin-bottom: 30px;padding-left: 20px\">\n<li style=\"margin-bottom: 10px\">Bobin Direnci Tutarl\u0131l\u0131\u011f\u0131: Test sonras\u0131 analiz, 1.0 \u03a9 a\u011f bobinlerin 50.000'den fazla aktivasyondan sonra bile yap\u0131sal b\u00fct\u00fcnl\u00fc\u011f\u00fcn\u00fc ve d\u00fczg\u00fcn bir \u0131s\u0131 haritas\u0131n\u0131 korudu\u011funu, aerosol \u00e7\u0131k\u0131\u015f\u0131n\u0131n bozulmas\u0131n\u0131 \u00f6nledi\u011fini g\u00f6sterir.<\/li>\n<li style=\"margin-bottom: 10px\">Pil Tutma: 18250 h\u00fccresi, 150 toplam de\u015farj\/yeniden \u015farj d\u00f6ng\u00fcs\u00fcnden sonra 'ten fazla bir \u015farj tutma oran\u0131 sergiler ve bu da uzun s\u00fcreli g\u00fcnl\u00fck kullan\u0131m i\u00e7in uzun vadeli uygunlu\u011funu kan\u0131tlar.<\/li>\n<li style=\"margin-bottom: 10px\">S\u0131zd\u0131rmazl\u0131k Do\u011frulamas\u0131: 24 saatlik ters y\u00f6nlendirilmi\u015f konum testi ve de\u011fi\u015fken atmosferik bas\u0131n\u00e7 sim\u00fclasyonlar\u0131na tabi tutulan, hermetik olarak kapat\u0131lm\u0131\u015f 40 mL rezervuar, s\u0131f\u0131r s\u0131z\u0131nt\u0131 g\u00f6sterdi ve dahili contalar\u0131n sa\u011flaml\u0131\u011f\u0131n\u0131 do\u011frulad\u0131.<\/li>\n<\/ul>\n<h2 style=\"color: #2c3e50;border-bottom: 2px solid #3498db;padding-bottom: 10px;margin-top: 40px\">Kapsaml\u0131 Duyusal Profil Yap\u0131land\u0131rmalar\u0131<\/h2>\n<p style=\"margin-bottom: 20px\">Bu tek kullan\u0131ml\u0131k vape'nin her birimi, be\u015f farkl\u0131 aromatik kar\u0131\u015f\u0131m bar\u0131nd\u0131r\u0131r. \u00dcretici, de\u011fi\u015fen t\u00fcketici tercihlerine hitap etmek i\u00e7in \u00f6zel tematik setler haz\u0131rlam\u0131\u015ft\u0131r. Bu kapsaml\u0131 katalog, kullan\u0131c\u0131lar\u0131n tek profilli vapelerde yayg\u0131n bir sorun olan tat yorgunlu\u011fu ya\u015famayaca\u011f\u0131n\u0131 garanti eder.<\/p>\n<ol style=\"margin-bottom: 30px;padding-left: 20px;line-height: 1.8\">\n<li style=\"margin-bottom: 15px\">Vitality Blend: Enerji \u0130\u00e7ece\u011fi \/ Mavi Yaban Mersini Kiraz \/ Elma \u00dcz\u00fcm \/ Karpuz Ejder Meyvesi \/ Mamba.  Parlak, canland\u0131r\u0131c\u0131 \u00fcst notalar\u0131 ve g\u00fc\u00e7l\u00fc, meyveli alt tonlar\u0131 ile karakterize edilen dinamik bir derleme.<\/li>\n<li style=\"margin-bottom: 15px\">The Orchard Chill: Enerji \u0130\u00e7ece\u011fi \/ \u015eeftali Buzu \/ Mango Buzu \/ Goji Berry \/ Blackcurrant.  Botanik ve tropikal aromalarla e\u015fle\u015ftirilmi\u015f belirgin bir so\u011futma hissi sunar, canland\u0131r\u0131c\u0131 duyusal deneyimler i\u00e7in idealdir.<\/li>\n<li style=\"margin-bottom: 15px\">Harvest Fusion: Mavi Yaban Mersini \/ \u015eeftali Mango Karpuz \/ Kiraz Kola \/ \u00dcz\u00fcm B\u00f6\u011f\u00fcrtlen Buz \/ Mango \u015eeftali Kay\u0131s\u0131.  Koyu meyvelerin, \u00e7ekirdekli meyvelerin ve nostaljik bir gazl\u0131 soda profilinin olduk\u00e7a karma\u015f\u0131k bir katmanlamas\u0131.<\/li>\n<li style=\"margin-bottom: 15px\">The Tangy Spectrum: Blueberry Raspberry \/ Black Dragon Ice \/ Rainbow Candy \/ Fuji Ice \/ Karpuz Ek\u015fi \u015eeftali.  Dili uyarmak i\u00e7in keskin, ek\u015fi kontrastlara ve ard\u0131ndan p\u00fcr\u00fczs\u00fcz, dondurulmu\u015f fini\u015flere odaklan\u0131r.<\/li>\n<li style=\"margin-bottom: 15px\">Tropikal Ka\u00e7\u0131\u015f: Blueberry Ice \/ Kiwi Passion Fruit Guava \/ Triple Melon \/ Peach Ananas \/ Tutkulu \u00d6p\u00fcc\u00fck. Kullan\u0131c\u0131y\u0131 egzotik ada profillerine tamamen dald\u0131r\u0131r, karma\u015f\u0131k narenciye ve kavun notalar\u0131 sunmak i\u00e7in y\u00fcksek kaliteli mesh bobininden yararlan\u0131r.<\/li>\n<li style=\"margin-bottom: 15px\">The Crisp Botanical: Yaban Mersini Buzu \/ Karpuz Sak\u0131z \/ Ek\u015fi Elma Ahududu \/ Lotus Meyve Mango Kavun \/ Passiflora Meyve Kivi Lime. Tatl\u0131 \u015fekerleme aromalar\u0131n\u0131 keskin, asidik meyve \u00f6zleri ile dengeler.<\/li>\n<li style=\"margin-bottom: 15px\">The Summer Breeze: Karpuzlu Dondurma \/ Kar\u0131\u015f\u0131k Meyveler \/ Elma Armut \/ Mavi Yaban Mersini Nane \/ Yaz Zaman\u0131.  Klasik yaz meyve aromalar\u0131n\u0131n bir tayf\u0131 boyunca olduk\u00e7a ferahlat\u0131c\u0131, nane ile a\u015f\u0131lanm\u0131\u015f bir alt ton sunar.<\/li>\n<li style=\"margin-bottom: 15px\">Pasifik K\u0131y\u0131s\u0131: Karpuzlu Dondurma \/ \u00c7ilekli Mango \/ Kaliforniya Kiraz\u0131 \/ Mavi Yaban Mersinli \u015eeftali Dondurma \/ Serin Berry. G\u00fcne\u015fli k\u0131y\u0131 bah\u00e7elerinden esinlenen, y\u00fcksek \u015feker profilleri ve taze serinletici ajanlarla.<\/li>\n<li style=\"margin-bottom: 15px\">The Citrus Edge: \u00c7ilek Karpuz \/ \u00dcz\u00fcm Buzu \/ K\u0131rm\u0131z\u0131 Mojito \/ Muz Buzu \/ Limon Lime. A\u011f\u0131r tatl\u0131l\u0131\u011f\u0131, belirgin ek\u015fi narenciye ve botanik nane katmanlar\u0131yla keser.<\/li>\n<li style=\"margin-bottom: 15px\">Klasik Tat: \u00c7ilek Karpuz \/ Kavun Elma \/ Kola Dondurmas\u0131 \/ Mango \u015eeftali \/ Love 66.  Maksimum aromatik yo\u011funluk i\u00e7in tasarlanan tan\u0131d\u0131k, evrensel olarak pop\u00fcler kombinasyonlar\u0131n sevilen koleksiyonu.<\/li>\n<li style=\"margin-bottom: 15px\">Egzotik Nektar: \u00c7ilek Kivi \/ \u00c7ilek Muz \/ Li\u00e7i Dondurma \/ Karpuz B\u00f6\u011f\u00fcrtlen \/ Passiflora Mango. Yo\u011fun, kremsi a\u011f\u0131z hissini (muz gibi) ince do\u011fu meyveleri (li\u00e7i gibi) ile e\u015fle\u015ftirir.<\/li>\n<li style=\"margin-bottom: 15px\">\u015eekerleme Kar\u0131\u015f\u0131m\u0131: \u00c7ilek Kivi \/ Mavi Yaban Mersini Karpuz \/ Ay\u0131 Fudge \/ Mavi Yaban Mersini Sak\u0131z \/ Ek\u015fi Mango Ananas. Tatl\u0131 ve ek\u015fi kontrast profilleri yo\u011fun bir \u015fekilde kullanarak \u015fekerleme ilhaml\u0131 nostaljiyi tercih edenler i\u00e7in uyarlanm\u0131\u015ft\u0131r.<\/li>\n<\/ol>\n<h2 style=\"color: #2c3e50;border-bottom: 2px solid #3498db;padding-bottom: 10px;margin-top: 40px\">Yetki ve G\u00fcven: VapeXYZ'den Sipari\u015f Verme<\/h2>\n<p style=\"margin-bottom: 20px\">VapeXYZ yaln\u0131zca \u00e7evrimi\u00e7i bir ma\u011faza de\u011fil; 8 y\u0131l\u0131 a\u015fk\u0131n denetlenmi\u015f operasyon ge\u00e7mi\u015fi olan yerle\u015fik profesyonel bir toptan da\u011f\u0131t\u0131c\u0131y\u0131z. Orijinal \u00fcreticilerle do\u011frudan tedarik zinciri ili\u015fkileri s\u00fcrd\u00fcr\u00fcyoruz ve g\u00fcvenilmez arac\u0131lar\u0131 tamamen atl\u0131yoruz. Platformumuz arac\u0131l\u0131\u011f\u0131yla BANG LEGEND 120000 Puffs 5 IN 1'i perakende stratejinize entegre ederken, orijinal donan\u0131m\u0131 garanti ediyoruz.<\/p>\n<div style=\"background-color: #fcf8e3;border: 1px solid #faebcc;padding: 20px;margin: 30px 0;border-radius: 4px\">\n<h3 style=\"color: #8a6d3b;margin-top: 0\">Lojistik ve Toptan Paketleme Standardizasyonu<\/h3>\n<p style=\"margin-bottom: 10px;color: #8a6d3b\">Lojistik departman\u0131m\u0131z, t\u00fcm tek kullan\u0131ml\u0131k vape'ler i\u00e7in do\u011fru hacimsel nakliye a\u011f\u0131rl\u0131klar\u0131n\u0131 hesaplamak \u00fczere standartla\u015ft\u0131r\u0131lm\u0131\u015f karton \u00f6l\u00e7\u00fctlerine g\u00fcvenmektedir; bu da ortaklar\u0131m\u0131z i\u00e7in ta\u015f\u0131ma maliyetlerini azalt\u0131r:<\/p>\n<ul style=\"color: #8a6d3b;margin-bottom: 0\">\n<li>Bireysel Perakende Kutusu: 50 \u00d7 50 \u00d7 131 mm<\/li>\n<li>G\u00f6r\u00fcnt\u00fcleme Kutusu (10 adet): 256 \u00d7 103 \u00d7 134 mm (Toplam a\u011f\u0131rl\u0131k: 1,8 kg)<\/li>\n<li>Standart Karton (100 adet): 53,5 \u00d7 53 \u00d7 15 cm (Toplam a\u011f\u0131rl\u0131k: 19 kg)<\/li>\n<li>B\u00fcy\u00fck Hacimli Karton (160 adet): 53 \u00d7 43 \u00d7 29 cm (Toplam a\u011f\u0131rl\u0131k: 30 kg)<\/li>\n<\/ul>\n<\/div>\n<p style=\"margin-bottom: 20px\">Sadece 10 adetlik d\u00fc\u015f\u00fck Minimum Sipari\u015f Miktar\u0131 (MOQ) ile VapeXYZ, birinci s\u0131n\u0131f toplu fiyatland\u0131rma eri\u015fimini demokratikle\u015ftirir. Ayr\u0131ca, bu ola\u011fan\u00fcst\u00fc \u00fcnite dahil olmak \u00fczere t\u00fcm cihazlar\u0131n, temel elektronik g\u00fcvenlik direktiflerine (devre kart\u0131 stabilitesi i\u00e7in CE gibi) uymas\u0131n\u0131 zorunlu k\u0131l\u0131yoruz. Piyasa uyumlulu\u011funa verdi\u011fimiz taahh\u00fct, tedarik etti\u011fimiz azalt\u0131lm\u0131\u015f g\u00fc\u00e7 se\u00e7eneklerinin, vape'lerin i\u015flevsel \u00e7\u0131kt\u0131s\u0131n\u0131 tehlikeye atmadan Avrupa d\u00fczenleyici \u00e7er\u00e7evelerinin kat\u0131 taleplerini kar\u015f\u0131lamas\u0131n\u0131 sa\u011flar.<\/p>\n<h2 style=\"color: #2c3e50;border-bottom: 2px solid #3498db;padding-bottom: 10px;margin-top: 40px\">S\u0131k\u00e7a Sorulan Sorular (SSS)<\/h2>\n<div style=\"background-color: #f1f8ff;border: 1px solid #cce5ff;border-radius: 8px;padding: 25px;margin: 20px 0\">\n<h3 style=\"color: #004085;margin-top: 0;margin-bottom: 10px\">1,0 \u03a9 Mesh Bobin aerosol \u00e7\u0131k\u0131\u015f\u0131n\u0131 nas\u0131l art\u0131r\u0131r?<\/h3>\n<p style=\"color: #004085;margin-bottom: 20px\">Standart tel bobinlerinin lokalize s\u0131cak noktalar olu\u015fturmas\u0131n\u0131n aksine, bir a\u011f bobin geni\u015f, e\u015fit derecede \u0131s\u0131t\u0131lm\u0131\u015f bir y\u00fczey alan\u0131 sa\u011flar. Bu ampirik avantaj, 40 mL form\u00fclasyonun e\u015fit \u015fekilde aerosolize olmas\u0131na olanak tan\u0131yarak her \u00e7ekimin yo\u011fun, aromatik ve tamamen yanm\u0131\u015f karbonize notlardan ar\u0131nm\u0131\u015f olmas\u0131n\u0131 sa\u011flar.<\/p>\n<h3 style=\"color: #004085;margin-bottom: 10px\">Tek kullan\u0131ml\u0131k \u015farj edilebilir vape'ler daha ekolojik olarak sorumlu mudur?<\/h3>\n<p style=\"color: #004085;margin-bottom: 20px\">Evet. \u00c7\u00fcnk\u00fc BANG LEGEND, Type-C portu arac\u0131l\u0131\u011f\u0131yla y\u00fczlerce \u015farj d\u00f6ng\u00fcs\u00fcne sahip 18250 lityum-iyon h\u00fccreyi entegre ederek, kullan\u0131labilir lityum h\u00fccrelerin erken bertaraf edilmesini temelden \u00f6nler. \u015earj edilerek 120.000 puf kapasitesini maksimize ederek, tek kullan\u0131ml\u0131, \u015farj edilemeyen eski vape'lerle kar\u015f\u0131la\u015ft\u0131r\u0131ld\u0131\u011f\u0131nda puf ba\u015f\u0131na \u00e7evresel ayak izi b\u00fcy\u00fck \u00f6l\u00e7\u00fcde azalt\u0131l\u0131r.<\/p>\n<h3 style=\"color: #004085;margin-bottom: 10px\">Aroma profillerini nas\u0131l de\u011fi\u015ftirebilirim?<\/h3>\n<p style=\"color: #004085;margin-bottom: 20px\">Cihaz, sezgisel ve kullan\u0131c\u0131 dostu bir d\u00f6ner aray\u00fcz\u00fc \u00f6zelli\u011fi ta\u015f\u0131r. Cihaz kasas\u0131ndaki belirlenmi\u015f mod\u00fcl\u00fc fiziksel olarak b\u00fckerek, dahili hava ak\u0131mlar\u0131 yeniden y\u00f6nlendirilir. Bu sa\u011flam mekanik anahtar, 8 mL'lik ayr\u0131 rezervuarlar aras\u0131nda hava s\u0131z\u0131nt\u0131s\u0131n\u0131n olmad\u0131\u011f\u0131n\u0131 garanti ederek yerine sa\u011flam bir \u015fekilde t\u0131klan\u0131r.<\/p>\n<h3 style=\"color: #004085;margin-bottom: 10px\">VapeXYZ \u00fcr\u00fcnlerin ger\u00e7ekli\u011fini nas\u0131l do\u011frular?<\/h3>\n<p style=\"color: #004085;margin-bottom: 0\">Neredeyse bir on y\u0131ll\u0131k end\u00fcstri varl\u0131\u011f\u0131 ile g\u00fcvenilir bir otorite olarak, VapeXYZ stoklar\u0131 kesinlikle fabrika hatlar\u0131ndan tedarik eder. Her bir toptan sat\u0131\u015f kutusu, \u00fcreticinin do\u011frulayabilir anti-sahtelik QR kodlar\u0131 ve holografik contalar\u0131 ile birlikte gelir, m\u00fc\u015fterilerini d\u00fc\u015f\u00fck kaliteli taklitlerden korur.<\/p>\n<\/div>\n<div style=\"margin-top: 40px;text-align: center\"><img loading=\"lazy\" decoding=\"async\" class=\"alignnone wp-image-56829 size-full\" style=\"max-width: 100%;height: auto;border-radius: 8px\" src=\"https:\/\/vapexyz.com\/wp-content\/uploads\/2025\/09\/BNAG-LEGEND-120000-Puffs-5-IN-1-Low-Nicotine-Bulk-Buy-Original-Rechargeable-Disposable-Vapes-Wholesale-scaled.webp\" alt=\"BANG EFSANE 120000 Puffs 5&#039;\u0130 1&#039;DE D\u00fc\u015f\u00fck olmayan Konsantrasyon Toplu Al\u0131m Orijinal \u015earj Edilebilir Tek Kullan\u0131ml\u0131k Vape Toptan Sat\u0131\u015f\" width=\"2560\" height=\"1022\" title=\"\" srcset=\"https:\/\/vapexyz.com\/wp-content\/uploads\/2025\/09\/BNAG-LEGEND-120000-Puffs-5-IN-1-Low-Nicotine-Bulk-Buy-Original-Rechargeable-Disposable-Vapes-Wholesale-scaled.webp 2560w, https:\/\/vapexyz.com\/wp-content\/uploads\/2025\/09\/BNAG-LEGEND-120000-Puffs-5-IN-1-Low-Nicotine-Bulk-Buy-Original-Rechargeable-Disposable-Vapes-Wholesale-500x200.webp 500w, https:\/\/vapexyz.com\/wp-content\/uploads\/2025\/09\/BNAG-LEGEND-120000-Puffs-5-IN-1-Low-Nicotine-Bulk-Buy-Original-Rechargeable-Disposable-Vapes-Wholesale-1024x409.webp 1024w, https:\/\/vapexyz.com\/wp-content\/uploads\/2025\/09\/BNAG-LEGEND-120000-Puffs-5-IN-1-Low-Nicotine-Bulk-Buy-Original-Rechargeable-Disposable-Vapes-Wholesale-768x307.webp 768w, https:\/\/vapexyz.com\/wp-content\/uploads\/2025\/09\/BNAG-LEGEND-120000-Puffs-5-IN-1-Low-Nicotine-Bulk-Buy-Original-Rechargeable-Disposable-Vapes-Wholesale-1536x613.webp 1536w, https:\/\/vapexyz.com\/wp-content\/uploads\/2025\/09\/BNAG-LEGEND-120000-Puffs-5-IN-1-Low-Nicotine-Bulk-Buy-Original-Rechargeable-Disposable-Vapes-Wholesale-2048x817.webp 2048w, https:\/\/vapexyz.com\/wp-content\/uploads\/2025\/09\/BNAG-LEGEND-120000-Puffs-5-IN-1-Low-Nicotine-Bulk-Buy-Original-Rechargeable-Disposable-Vapes-Wholesale-18x7.webp 18w, https:\/\/vapexyz.com\/wp-content\/uploads\/2025\/09\/BNAG-LEGEND-120000-Puffs-5-IN-1-Low-Nicotine-Bulk-Buy-Original-Rechargeable-Disposable-Vapes-Wholesale-510x204.webp 510w\" sizes=\"auto, (max-width: 2560px) 100vw, 2560px\" \/><\/div>\n<\/article>","protected":false},"excerpt":{"rendered":"<p>BANG LEGEND 120000 Puffs 5'\u0130 1'DE, be\u015f de\u011fi\u015ftirilebilir tat, p\u00fcr\u00fczs\u00fcz mesh coil buhar\u0131, uzun \u00f6m\u00fcrl\u00fc g\u00fc\u00e7 ve perakende sat\u0131\u015fa haz\u0131r de\u011fer ile \u015farj edilebilir, tek kullan\u0131ml\u0131k vape cihaz\u0131d\u0131r.<\/p>","protected":false},"featured_media":56827,"comment_status":"open","ping_status":"closed","template":"","meta":{"_lmt_disableupdate":"no","_lmt_disable":""},"product_brand":[],"product_cat":[1087,947,935,934,927,929,928,930,933,939,932,938,931,936,937,1017,949,946,950,951,953,820,987],"product_tag":[],"class_list":{"0":"post-56816","1":"product","2":"type-product","3":"status-publish","4":"has-post-thumbnail","6":"product_cat-120000-puff-vapes","7":"product_cat-big-puffs-vapes","8":"product_cat-bulk-buy-disposable-vapes-in-austria","9":"product_cat-bulk-buy-disposable-vapes-in-belgium","10":"product_cat-bulk-buy-disposable-vapes-in-europe","11":"product_cat-bulk-buy-disposable-vapes-in-france","12":"product_cat-bulk-buy-disposable-vapes-in-germany","13":"product_cat-bulk-buy-disposable-vapes-in-italy","14":"product_cat-bulk-buy-disposable-vapes-in-netherlands","15":"product_cat-bulk-buy-disposable-vapes-in-norway","16":"product_cat-bulk-buy-disposable-vapes-in-poland","17":"product_cat-bulk-buy-disposable-vapes-in-portugal","18":"product_cat-bulk-buy-disposable-vapes-in-spain","19":"product_cat-bulk-buy-disposable-vapes-in-sweden","20":"product_cat-bulk-buy-disposable-vapes-in-switzerland","21":"product_cat-buy-best-disposable-vape-flavors","22":"product_cat-digital-box-vapes","23":"product_cat-disposable-vapes-series","24":"product_cat-dual-mesh-vapes","25":"product_cat-lower-nicotine-vapes","26":"product_cat-rechargeable-vapes","27":"product_cat-vape","28":"product_cat-vape-shop-by-puffs","30":"first","31":"instock","32":"shipping-taxable","33":"purchasable","34":"product-type-variable","35":"has-default-attributes"},"jetpack_sharing_enabled":true,"tiered_pricing_type":"fixed","tiered_pricing_fixed_rules":[],"tiered_pricing_product_settings":{"layout":"default","base_unit_name":{"singular":null,"plural":null},"default_variation":null},"tiered_pricing_minimum_quantity":null,"tiered_pricing_roles_data":[],"tiered_pricing_percentage_rules":[],"tiered_pricing_maximum_quantity":null,"tiered_pricing_quantity_step":null,"_links":{"self":[{"href":"https:\/\/vapexyz.com\/tr\/wp-json\/wp\/v2\/product\/56816","targetHints":{"allow":["GET"]}}],"collection":[{"href":"https:\/\/vapexyz.com\/tr\/wp-json\/wp\/v2\/product"}],"about":[{"href":"https:\/\/vapexyz.com\/tr\/wp-json\/wp\/v2\/types\/product"}],"replies":[{"embeddable":true,"href":"https:\/\/vapexyz.com\/tr\/wp-json\/wp\/v2\/comments?post=56816"}],"wp:featuredmedia":[{"embeddable":true,"href":"https:\/\/vapexyz.com\/tr\/wp-json\/wp\/v2\/media\/56827"}],"wp:attachment":[{"href":"https:\/\/vapexyz.com\/tr\/wp-json\/wp\/v2\/media?parent=56816"}],"wp:term":[{"taxonomy":"product_brand","embeddable":true,"href":"https:\/\/vapexyz.com\/tr\/wp-json\/wp\/v2\/product_brand?post=56816"},{"taxonomy":"product_cat","embeddable":true,"href":"https:\/\/vapexyz.com\/tr\/wp-json\/wp\/v2\/product_cat?post=56816"},{"taxonomy":"product_tag","embeddable":true,"href":"https:\/\/vapexyz.com\/tr\/wp-json\/wp\/v2\/product_tag?post=56816"}],"curies":[{"name":"wp","href":"https:\/\/api.w.org\/{rel}","templated":true}]}}