{"id":56074,"date":"2025-09-13T09:09:23","date_gmt":"2025-09-13T09:09:23","guid":{"rendered":"https:\/\/vapexyz.com\/?post_type=product&#038;p=56074"},"modified":"2026-03-05T03:54:53","modified_gmt":"2026-03-05T03:54:53","slug":"fycos-40000-puff-dusuk-nikotin-toplu-alim-orijinal-sarj-edilebilir-tek-kullanimlik-vape-toptan-satis","status":"publish","type":"product","link":"https:\/\/vapexyz.com\/tr\/product\/fycos-40000-puffs-low-nicotine-bulk-buy-original-rechargeable-disposable-vapes-wholesale\/","title":{"rendered":"FYCOS 40000 Puffs Toplu Al\u0131m \u015earj Edilebilir Tek Kullan\u0131ml\u0131k Vape Toptan Sat\u0131\u015f"},"content":{"rendered":"<article style=\"font-family: 'Segoe UI', Roboto, Helvetica, Arial, sans-serif; line-height: 1.6; color: #333; max-width: 100%; margin: 0 auto; padding: 20px;\">\n<div style=\"text-align: center; margin-bottom: 30px;\">\n<p><iframe loading=\"lazy\" title=\"FYCOS 40000 Puffs Tek Kullan\u0131ml\u0131k Vape#tek kullan\u0131ml\u0131k vape kalemi #vape g\u00f6sterisi  #puff\" width=\"563\" height=\"1000\" src=\"https:\/\/www.youtube.com\/embed\/hvoxlGvO-q0?feature=oembed\" frameborder=\"0\" allow=\"accelerometer; autoplay; clipboard-write; encrypted-media; gyroscope; picture-in-picture; web-share\" referrerpolicy=\"strict-origin-when-cross-origin\" allowfullscreen><\/iframe><\/p>\n<\/div>\n<h2 style=\"color: #1a365d; font-size: 28px; border-bottom: 2px solid #e2e8f0; padding-bottom: 10px; margin-top: 40px;\"><a style=\"color: #2b6cb0; text-decoration: none;\" href=\"https:\/\/vapexyz.com\/tr\/urun-kategori%cc%87si%cc%87\/fycos-tek-kullanimlik-vape-cihazlari\/\">FYCOS<\/a> 40.000 Puff: Kapsaml\u0131 Donan\u0131m ve Performans Analizi<\/h2>\n<p style=\"font-size: 16px; margin-bottom: 20px;\">VapeXYZ'e ho\u015f geldiniz, tamamen tek kullan\u0131ml\u0131k vape d\u00fcnyas\u0131na adanm\u0131\u015f olan nihai \u00e7evrimi\u00e7i merkez ve profesyonel toptan da\u011f\u0131t\u0131c\u0131. Sekiz y\u0131ldan fazla do\u011frulanan end\u00fcstri uzmanl\u0131\u011f\u0131 ve k\u00fcresel tedarik zinciri entegrasyonu ile toptan sat\u0131n alma i\u00e7in en iyi destinasyon olarak kendimizi kan\u0131tlad\u0131k. En iyi donan\u0131m markalar\u0131ndan olu\u015fan kapsaml\u0131 bir portf\u00f6y sunuyoruz ve olduk\u00e7a eri\u015filebilir bir minimum sipari\u015f miktar\u0131 (MOQ) sadece 10 par\u00e7a olarak koruyoruz. Ba\u011f\u0131ms\u0131z bir butik veya b\u00fcy\u00fck \u00f6l\u00e7ekli bir b\u00f6lgesel distrib\u00fct\u00f6r olsan\u0131z da, bizimle ortakl\u0131k yapmak, bug\u00fcn piyasada mevcut olan en rekabet\u00e7i fiyatland\u0131rma yap\u0131lar\u0131n\u0131 alaca\u011f\u0131n\u0131z\u0131 garanti eder.<\/p>\n<p style=\"font-size: 16px; margin-bottom: 20px;\">FYCOS 40000 Puffs tek kullan\u0131ml\u0131k vape, donan\u0131m m\u00fchendisli\u011finde \u00f6nemli bir ilerleme temsil eder, \u00f6zellikle uzun \u00f6m\u00fcr, tavizsiz tutarl\u0131l\u0131k ve premium bir duyusal deneyim talep eden kullan\u0131c\u0131lar i\u00e7in tasarlanm\u0131\u015ft\u0131r. 40ml \u00f6nceden doldurulmu\u015f form\u00fcl rezervuar\u0131 ile donat\u0131lm\u0131\u015f ve end\u00fcstriyel s\u0131n\u0131f 850mAh \u015farj edilebilir bir pil ile g\u00fc\u00e7lendirilmi\u015f bu cihaz, standart tek kullan\u0131ml\u0131k vape'lerde g\u00f6r\u00fclen performans d\u00fc\u015f\u00fc\u015f\u00fc olmadan 40.000'e kadar aktivasyon sa\u011flar.<\/p>\n<p style=\"font-size: 16px; margin-bottom: 20px;\">Ayr\u0131ca, son derece hassas bir 1.0 ohm a\u011f bobin mimarisinin, gran\u00fcl bir hava ak\u0131m\u0131 kontrol sistemi ile entegre edilmesi, tamamen \u00f6zelle\u015ftirilebilir bir \u00e7ekme imkan\u0131 sa\u011flar. Kullan\u0131c\u0131lar, belirli operasyonel tercihlerine ba\u011fl\u0131 olarak, olduk\u00e7a k\u0131s\u0131tl\u0131, s\u0131k\u0131 bir diren\u00e7 veya tamamen a\u00e7\u0131k, y\u00fcksek hacimli bir inhalasyon aras\u0131nda zahmetsizce ge\u00e7i\u015f yapabilirler.<\/p>\n<h3 style=\"color: #2d3748; font-size: 24px; margin-top: 35px; margin-bottom: 15px;\">Teknik \u00d6zellikler ve Bile\u015fen M\u00fchendisli\u011fi<\/h3>\n<p style=\"font-size: 16px; margin-bottom: 20px;\">Jenerik cihazlar\u0131n aksine, FYCOS 40000 titiz m\u00fchendislik standartlar\u0131 \u00fczerine in\u015fa edilmi\u015ftir. A\u015fa\u011f\u0131daki tablo, bu cihaz\u0131 standart piyasa tekliflerinin \u00fczerinde y\u00fckselten onayl\u0131 teknik \u00f6zellikleri \u00f6zetlemektedir.<\/p>\n<table style=\"width: 100%; border-collapse: collapse; margin-bottom: 30px; box-shadow: 0 4px 6px rgba(0,0,0,0.05); background-color: #fff; border-radius: 8px; overflow: hidden;\">\n<thead>\n<tr style=\"background-color: #2b6cb0; color: #ffffff; text-align: left;\">\n<th style=\"padding: 15px; font-weight: 600; border-bottom: 2px solid #1a365d;\">\u00d6zellik Parametresi<\/th>\n<th style=\"padding: 15px; font-weight: 600; border-bottom: 2px solid #1a365d;\">Teknik Detaylar ve Metrikler<\/th>\n<\/tr>\n<\/thead>\n<tbody>\n<tr style=\"border-bottom: 1px solid #e2e8f0; background-color: #f7fafc;\">\n<td style=\"padding: 15px; font-weight: 500;\">Maksimum \u00c7\u0131k\u0131\u015f Kapasitesi<\/td>\n<td style=\"padding: 15px;\">40.000 puff'a kadar (kontroll\u00fc laboratuvar \u00e7ekme ko\u015fullar\u0131 alt\u0131nda)<\/td>\n<\/tr>\n<tr style=\"border-bottom: 1px solid #e2e8f0; background-color: #ffffff;\">\n<td style=\"padding: 15px; font-weight: 500;\">Havza Hacmi<\/td>\n<td style=\"padding: 15px;\">40ml \u00f6nceden doldurulmu\u015f, optimize edilmi\u015f y\u00fcksek viskoziteli sol\u00fcsyon kapasitesi<\/td>\n<\/tr>\n<tr style=\"border-bottom: 1px solid #e2e8f0; background-color: #f7fafc;\">\n<td style=\"padding: 15px; font-weight: 500;\">Pil Mimarisi<\/td>\n<td style=\"padding: 15px;\">850mAh Lityum-\u0130yon \u00c7ekirdek (\u015earj Edilebilir, yerle\u015fik a\u015f\u0131r\u0131 \u015farj korumas\u0131)<\/td>\n<\/tr>\n<tr style=\"border-bottom: 1px solid #e2e8f0; background-color: #ffffff;\">\n<td style=\"padding: 15px; font-weight: 500;\">Is\u0131tma Eleman\u0131<\/td>\n<td style=\"padding: 15px;\">1,0\u03a9 Y\u00fcksek Y\u00fczey Alanl\u0131 A\u011f Bobini, optimum \u0131s\u0131 da\u011f\u0131l\u0131m\u0131 i\u00e7in<\/td>\n<\/tr>\n<tr style=\"border-bottom: 1px solid #e2e8f0; background-color: #f7fafc;\">\n<td style=\"padding: 15px; font-weight: 500;\">\u015earj Protokol\u00fc<\/td>\n<td style=\"padding: 15px;\">Type-C H\u0131zl\u0131 \u015earj Giri\u015fi (5V\/1A desteklenen parametreler)<\/td>\n<\/tr>\n<tr style=\"border-bottom: 1px solid #e2e8f0; background-color: #ffffff;\">\n<td style=\"padding: 15px; font-weight: 500;\">Aktif Konsantrasyon Se\u00e7enekleri<\/td>\n<td style=\"padding: 15px;\">0%, 2%, 3% ve 5% g\u00fc\u00e7leri \u00e7e\u015fitli piyasa gereksinimleri i\u00e7in mevcuttur<\/td>\n<\/tr>\n<tr style=\"border-bottom: 1px solid #e2e8f0; background-color: #f7fafc;\">\n<td style=\"padding: 15px; font-weight: 500;\">Toptan Lojistik<\/td>\n<td style=\"padding: 15px;\">Ana karton ba\u015f\u0131na 200 \u00fcnite (A\u011f\u0131rl\u0131k: 25kg, Boyutlar: 46\u00d745\u00d728 cm)<\/td>\n<\/tr>\n<\/tbody>\n<\/table>\n<h3 style=\"color: #2d3748; font-size: 24px; margin-top: 35px; margin-bottom: 15px;\">Ampirik Test &amp; Performans Do\u011frulamas\u0131<\/h3>\n<p style=\"font-size: 16px; margin-bottom: 20px;\">FYCOS 40000 Puffs ile ilgili iddialar\u0131n do\u011frulanabilirli\u011fini sa\u011flamak i\u00e7in, i\u00e7 kalite g\u00fcvence ekiplerimiz titiz ilk elden ampirik testler yapar. \u00dcretici literat\u00fcr\u00fcne g\u00fcvenmek yerine; otomatik \u00e7ekme makineleri ve termal g\u00f6r\u00fcnt\u00fcleme kullanarak bu tek kullan\u0131ml\u0131k vape'lerin operasyonel b\u00fct\u00fcnl\u00fc\u011f\u00fcn\u00fc do\u011frular\u0131z.<\/p>\n<div style=\"background: linear-gradient(135deg, #ebf8ff 0%, #bee3f8 100%); border-left: 6px solid #3182ce; padding: 20px; margin: 25px 0; border-radius: 0 8px 8px 0; box-shadow: 0 2px 10px rgba(49, 130, 206, 0.1);\">\n<h4 style=\"color: #2b6cb0; margin-top: 0; margin-bottom: 10px; font-size: 18px; display: flex; align-items: center;\"><span style=\"font-size: 24px; margin-right: 10px;\">\ud83d\udcca<\/span> Do\u011frulama Bilgi Noktas\u0131: Test Metodolojisi<\/h4>\n<ul style=\"margin-bottom: 0; padding-left: 20px; font-size: 15px; color: #2d3748;\">\n<li style=\"margin-bottom: 8px;\"><strong>Diren\u00e7 Analizi \u00c7izimi:<\/strong> Klinik manometreler kullan\u0131larak, ayarlanabilir hava ak\u0131\u015f\u0131 t\u00fcm spektrumu boyunca test edildi. Tamamen kapal\u0131 konumda, 350 Paskal s\u0131k\u0131 bir diren\u00e7 kaydediyor (a\u011f\u0131zdan akci\u011fere sim\u00fclasyon i\u00e7in ideal), tamamen a\u00e7\u0131k konumda ise hacimli bulut \u00fcretimi i\u00e7in 150 Paskal'a kadar sorunsuz bir \u015fekilde d\u00fc\u015f\u00fcyor.<\/li>\n<li style=\"margin-bottom: 8px;\"><strong>Is\u0131l Bozunma Takibi:<\/strong> 1,0\u03a9 a\u011f bobini h\u0131zl\u0131 ard\u0131\u015f\u0131k etkinle\u015ftirme alt\u0131nda izlendi. Is\u0131 da\u011f\u0131l\u0131m\u0131 5% varyans i\u00e7inde tutarl\u0131 kald\u0131 ve 40ml \u00e7\u00f6zelti deposu daha d\u00fc\u015f\u00fck t\u00fckenme seviyelerine ula\u015ft\u0131\u011f\u0131nda bile kuru vuru\u015f veya yanm\u0131\u015f kal\u0131nt\u0131 riskini etkili bir \u015fekilde ortadan kald\u0131rd\u0131.<\/li>\n<li style=\"margin-bottom: 8px;\"><strong>Pil \u00c7evrim Verimlili\u011fi:<\/strong> 850mAh'lik h\u00fccre s\u00fcrekli \u015farj\/bo\u015faltma d\u00f6ng\u00fclerine tabi tutuldu. Ampirik veriler, 50 tam Tip-C \u015farj d\u00f6ng\u00fcs\u00fcnden sonra toplam kapasitesinin 92%'unu korudu\u011funu g\u00f6steriyor ve bu da ilk nefisten k\u0131rk bininci nefese kadar g\u00fcvenilir g\u00fc\u00e7 teslimat\u0131 sa\u011fl\u0131yor.<\/li>\n<\/ul>\n<\/div>\n<h3 style=\"color: #2d3748; font-size: 24px; margin-top: 35px; margin-bottom: 15px;\">Neden VapeXYZ'den Al\u0131\u015fveri\u015f Yapmal\u0131: G\u00fcvenilir Bir Toptanc\u0131 Ortak<\/h3>\n<p style=\"font-size: 16px; margin-bottom: 15px;\">Yetkisiz yeniden sat\u0131c\u0131larla dolu bir end\u00fcstride, yetkili ve g\u00fcvenilir bir tedarik zinciri kurmak kritik \u00f6nem ta\u015f\u0131r. Kullan\u0131labilir vape'lerin premier Avrupa \u00e7ap\u0131ndaki toptan sat\u0131\u015f platformu olarak VapeXYZ, sekiz y\u0131ll\u0131k titizlikle se\u00e7ilmi\u015f operasyonel m\u00fckemmelli\u011fi masaya getiriyor. Donan\u0131m kaynak operasyonlar\u0131m\u0131z, ISO 9001 sertifikal\u0131 \u00fcretim tesisleriyle s\u0131k\u0131 bir \u015fekilde ba\u011flant\u0131l\u0131d\u0131r.<\/p>\n<p style=\"font-size: 16px; margin-bottom: 15px;\">Ayr\u0131ca, da\u011f\u0131tt\u0131\u011f\u0131m\u0131z her \u00fcr\u00fcn partisi kat\u0131 uyum kontrollerinden ge\u00e7er. FYCOS cihazlar\u0131, elektronik montajlarda tehlikeli maddelerin bulunmad\u0131\u011f\u0131n\u0131 onaylayan kapsaml\u0131 CE ve RoHS sertifikalar\u0131na sahiptir. Uluslararas\u0131 g\u00fcvenli nakliye ve \u00e7evre uyumlulu\u011funu sa\u011flamak i\u00e7in Malzeme G\u00fcvenlik Veri Sayfalar\u0131 (MSDS) s\u0131k\u0131 bir \u015fekilde izlenir.<\/p>\n<p style=\"font-size: 16px; margin-bottom: 20px;\">Bizim perakende sat\u0131\u015f a\u011f\u0131m\u0131zla ortakl\u0131k kurdu\u011funuzda, ko\u015fulsuz olarak garanti ediyoruz:<\/p>\n<ul style=\"list-style-type: none; padding-left: 0; margin-bottom: 30px;\">\n<li style=\"background-color: #f7fafc; padding: 12px 15px; margin-bottom: 8px; border-radius: 6px; border: 1px solid #e2e8f0; display: flex; align-items: center;\"><span style=\"color: #48bb78; font-weight: bold; margin-right: 10px;\">\u2713<\/span> 100% orijinal, fabrikadan direkt FYCOS donan\u0131m\u0131, do\u011frulanabilir parti kodlar\u0131 ile.<\/li>\n<li style=\"background-color: #f7fafc; padding: 12px 15px; margin-bottom: 8px; border-radius: 6px; border: 1px solid #e2e8f0; display: flex; align-items: center;\"><span style=\"color: #48bb78; font-weight: bold; margin-right: 10px;\">\u2713<\/span> Kurumsal d\u00fczeyde perakende fiyatland\u0131rma yap\u0131lar\u0131, \u00f6nemli miktarda toplu sipari\u015fler i\u00e7in optimize edilmi\u015ftir.<\/li>\n<li style=\"background-color: #f7fafc; padding: 12px 15px; margin-bottom: 8px; border-radius: 6px; border: 1px solid #e2e8f0; display: flex; align-items: center;\"><span style=\"color: #48bb78; font-weight: bold; margin-right: 10px;\">\u2713<\/span> Kapsaml\u0131 envanter y\u00f6netimi, t\u00fcm 20 tat profilinin s\u00fcrekli olarak stokta tutulmas\u0131n\u0131 sa\u011flayarak tedarik zinciri darbo\u011fazlar\u0131n\u0131n \u00f6nlenmesini sa\u011flar.<\/li>\n<li style=\"background-color: #f7fafc; padding: 12px 15px; margin-bottom: 8px; border-radius: 6px; border: 1px solid #e2e8f0; display: flex; align-items: center;\"><span style=\"color: #48bb78; font-weight: bold; margin-right: 10px;\">\u2713<\/span> H\u0131zland\u0131r\u0131lm\u0131\u015f, g\u00fcvenli lojistik y\u00f6nlendirme ile t\u00fcm Avrupa k\u0131tas\u0131nda \u00f6zel b\u00f6lgesel m\u00fc\u015fteri hizmetleri deste\u011fi.<\/li>\n<\/ul>\n<hr style=\"border: 0; height: 1px; background-color: #e2e8f0; margin: 40px 0;\" \/>\n<h2 style=\"color: #1a365d; font-size: 26px; margin-bottom: 20px;\">FYCOS 40000 Puffs: 20 Premium Tat Profili<\/h2>\n<p style=\"font-size: 16px; margin-bottom: 20px;\">T\u00fcketici sadakatinin sa\u011flanmas\u0131 i\u00e7in duyusal \u00e7e\u015fitlili\u011fin \u00f6nemini anlayarak, FYCOS 40000 serisi, uzmanca tasarlanm\u0131\u015f 20 farkl\u0131 profil matrisini sunar. Her bir kar\u0131\u015f\u0131m, cihaz\u0131n uzun \u00f6mr\u00fc boyunca aromatik stabiliteyi ve tat uyumunu korumak i\u00e7in titizlikle form\u00fcle edilmi\u015ftir, y\u00fcksek kapasiteli tek kullan\u0131ml\u0131k vape'lerde yayg\u0131n olarak ya\u015fanan bozulmay\u0131 \u00f6nler.<\/p>\n<div style=\"display: grid; grid-template-columns: repeat(auto-fill, minmax(250px, 1fr)); gap: 15px; margin-bottom: 40px;\">\n<div style=\"background-color: #fff; border: 1px solid #cbd5e0; padding: 12px 15px; border-radius: 6px; text-align: center; font-weight: 500; color: #4a5568; box-shadow: 0 2px 4px rgba(0,0,0,0.02);\">Kivi \u00c7ark\u0131felek Meyvesi Guava<\/div>\n<div style=\"background-color: #fff; border: 1px solid #cbd5e0; padding: 12px 15px; border-radius: 6px; text-align: center; font-weight: 500; color: #4a5568; box-shadow: 0 2px 4px rgba(0,0,0,0.02);\">Siyah Ejderha Buz<\/div>\n<div style=\"background-color: #fff; border: 1px solid #cbd5e0; padding: 12px 15px; border-radius: 6px; text-align: center; font-weight: 500; color: #4a5568; box-shadow: 0 2px 4px rgba(0,0,0,0.02);\">Ye\u015fil Elma Narenciye Nane<\/div>\n<div style=\"background-color: #fff; border: 1px solid #cbd5e0; padding: 12px 15px; border-radius: 6px; text-align: center; font-weight: 500; color: #4a5568; box-shadow: 0 2px 4px rgba(0,0,0,0.02);\">Karpuzlu Buz<\/div>\n<div style=\"background-color: #fff; border: 1px solid #cbd5e0; padding: 12px 15px; border-radius: 6px; text-align: center; font-weight: 500; color: #4a5568; box-shadow: 0 2px 4px rgba(0,0,0,0.02);\">Yabanmersinli Buz<\/div>\n<div style=\"background-color: #fff; border: 1px solid #cbd5e0; padding: 12px 15px; border-radius: 6px; text-align: center; font-weight: 500; color: #4a5568; box-shadow: 0 2px 4px rgba(0,0,0,0.02);\">\u015eeftali Berry<\/div>\n<div style=\"background-color: #fff; border: 1px solid #cbd5e0; padding: 12px 15px; border-radius: 6px; text-align: center; font-weight: 500; color: #4a5568; box-shadow: 0 2px 4px rgba(0,0,0,0.02);\">\u00c7ilekli Karpuz<\/div>\n<div style=\"background-color: #fff; border: 1px solid #cbd5e0; padding: 12px 15px; border-radius: 6px; text-align: center; font-weight: 500; color: #4a5568; box-shadow: 0 2px 4px rgba(0,0,0,0.02);\">Yaban Mersini Ahududu<\/div>\n<div style=\"background-color: #fff; border: 1px solid #cbd5e0; padding: 12px 15px; border-radius: 6px; text-align: center; font-weight: 500; color: #4a5568; box-shadow: 0 2px 4px rgba(0,0,0,0.02);\">Limon Misket Limonu<\/div>\n<div style=\"background-color: #fff; border: 1px solid #cbd5e0; padding: 12px 15px; border-radius: 6px; text-align: center; font-weight: 500; color: #4a5568; box-shadow: 0 2px 4px rgba(0,0,0,0.02);\">\u015eeftali Mango<\/div>\n<div style=\"background-color: #fff; border: 1px solid #cbd5e0; padding: 12px 15px; border-radius: 6px; text-align: center; font-weight: 500; color: #4a5568; box-shadow: 0 2px 4px rgba(0,0,0,0.02);\">Mango Buz<\/div>\n<div style=\"background-color: #fff; border: 1px solid #cbd5e0; padding: 12px 15px; border-radius: 6px; text-align: center; font-weight: 500; color: #4a5568; box-shadow: 0 2px 4px rgba(0,0,0,0.02);\">\u00dcz\u00fcml\u00fc Buz<\/div>\n<div style=\"background-color: #fff; border: 1px solid #cbd5e0; padding: 12px 15px; border-radius: 6px; text-align: center; font-weight: 500; color: #4a5568; box-shadow: 0 2px 4px rgba(0,0,0,0.02);\">Kiraz Kola Dondurmas\u0131<\/div>\n<div style=\"background-color: #fff; border: 1px solid #cbd5e0; padding: 12px 15px; border-radius: 6px; text-align: center; font-weight: 500; color: #4a5568; box-shadow: 0 2px 4px rgba(0,0,0,0.02);\">Ananasl\u0131 Buz<\/div>\n<div style=\"background-color: #fff; border: 1px solid #cbd5e0; padding: 12px 15px; border-radius: 6px; text-align: center; font-weight: 500; color: #4a5568; box-shadow: 0 2px 4px rgba(0,0,0,0.02);\">Red Bull Buz<\/div>\n<div style=\"background-color: #fff; border: 1px solid #cbd5e0; padding: 12px 15px; border-radius: 6px; text-align: center; font-weight: 500; color: #4a5568; box-shadow: 0 2px 4px rgba(0,0,0,0.02);\">Mavi Razz<\/div>\n<div style=\"background-color: #fff; border: 1px solid #cbd5e0; padding: 12px 15px; border-radius: 6px; text-align: center; font-weight: 500; color: #4a5568; box-shadow: 0 2px 4px rgba(0,0,0,0.02);\">Passion Meyve Karpuzu<\/div>\n<div style=\"background-color: #fff; border: 1px solid #cbd5e0; padding: 12px 15px; border-radius: 6px; text-align: center; font-weight: 500; color: #4a5568; box-shadow: 0 2px 4px rgba(0,0,0,0.02);\">\u00c7ilek Kivi Meyvesi<\/div>\n<div style=\"background-color: #fff; border: 1px solid #cbd5e0; padding: 12px 15px; border-radius: 6px; text-align: center; font-weight: 500; color: #4a5568; box-shadow: 0 2px 4px rgba(0,0,0,0.02);\">Tropikal Meyve<\/div>\n<div style=\"background-color: #fff; border: 1px solid #cbd5e0; padding: 12px 15px; border-radius: 6px; text-align: center; font-weight: 500; color: #4a5568; box-shadow: 0 2px 4px rgba(0,0,0,0.02);\">Haval\u0131 Nane<\/div>\n<\/div>\n<div style=\"text-align: center; margin-top: 40px; margin-bottom: 40px;\"><img loading=\"lazy\" decoding=\"async\" class=\"alignnone size-full wp-image-56085\" style=\"max-width: 100%; height: auto; border-radius: 10px; box-shadow: 0 10px 15px -3px rgba(0, 0, 0, 0.1);\" src=\"https:\/\/vapexyz.com\/wp-content\/uploads\/2025\/09\/FYCOS-40000-Puffs-Low-Nicotine-Bulk-Buy-Original-Rechargeable-Disposable-Vapes-Wholesale.webp\" alt=\"FYCOS 40000 Puffs D\u00fc\u015f\u00fck Nikotinli Toplu Al\u0131m Orijinal \u015earj Edilebilir Tek Kullan\u0131ml\u0131k Vape Toptan Sat\u0131\u015f\" width=\"1920\" height=\"600\" title=\"\" srcset=\"https:\/\/vapexyz.com\/wp-content\/uploads\/2025\/09\/FYCOS-40000-Puffs-Low-Nicotine-Bulk-Buy-Original-Rechargeable-Disposable-Vapes-Wholesale.webp 1920w, https:\/\/vapexyz.com\/wp-content\/uploads\/2025\/09\/FYCOS-40000-Puffs-Low-Nicotine-Bulk-Buy-Original-Rechargeable-Disposable-Vapes-Wholesale-500x156.webp 500w, https:\/\/vapexyz.com\/wp-content\/uploads\/2025\/09\/FYCOS-40000-Puffs-Low-Nicotine-Bulk-Buy-Original-Rechargeable-Disposable-Vapes-Wholesale-1024x320.webp 1024w, https:\/\/vapexyz.com\/wp-content\/uploads\/2025\/09\/FYCOS-40000-Puffs-Low-Nicotine-Bulk-Buy-Original-Rechargeable-Disposable-Vapes-Wholesale-768x240.webp 768w, https:\/\/vapexyz.com\/wp-content\/uploads\/2025\/09\/FYCOS-40000-Puffs-Low-Nicotine-Bulk-Buy-Original-Rechargeable-Disposable-Vapes-Wholesale-1536x480.webp 1536w, https:\/\/vapexyz.com\/wp-content\/uploads\/2025\/09\/FYCOS-40000-Puffs-Low-Nicotine-Bulk-Buy-Original-Rechargeable-Disposable-Vapes-Wholesale-18x6.webp 18w, https:\/\/vapexyz.com\/wp-content\/uploads\/2025\/09\/FYCOS-40000-Puffs-Low-Nicotine-Bulk-Buy-Original-Rechargeable-Disposable-Vapes-Wholesale-510x159.webp 510w\" sizes=\"auto, (max-width: 1920px) 100vw, 1920px\" \/><\/div>\n<h3 style=\"color: #2d3748; font-size: 24px; margin-top: 40px; margin-bottom: 20px;\">S\u0131k\u00e7a Sorulan Sorular (Toptan &amp; Teknik)<\/h3>\n<div style=\"border: 1px solid #e2e8f0; border-radius: 8px; margin-bottom: 15px; padding: 20px; box-shadow: 0 2px 4px rgba(0,0,0,0.03); background-color: #fafcc2; background-image: linear-gradient(to bottom, #ffffff, #f7fafc);\">\n<h4 style=\"margin-top: 0; color: #2b6cb0; font-size: 18px; margin-bottom: 10px;\">Q1: 40ml form\u00fcl haznesi cihaz\u0131n yap\u0131sal b\u00fct\u00fcnl\u00fc\u011f\u00fcn\u00fc nas\u0131l etkiler?<\/h4>\n<p style=\"margin-bottom: 0; font-size: 15px; color: #4a5568;\">FYCOS 40000'\u0131n arkas\u0131ndaki m\u00fchendislik ekibi, y\u00fcksek kapasiteli yap\u0131sal stresin yayg\u0131n sorununu, havac\u0131l\u0131k s\u0131n\u0131f\u0131 bir polikarbonat \u015fasi uygulayarak \u00e7\u00f6zd\u00fc. Bu, 40ml hacmin, \u00e7al\u0131\u015fma \u00f6mr\u00fc boyunca herhangi bir s\u0131z\u0131nt\u0131 veya yap\u0131sal bozulmay\u0131 \u00f6nlemek i\u00e7in \u00e7ok katmanl\u0131 silikon contalarla g\u00fcvenli bir \u015fekilde b\u00f6l\u00fcmlendirilmesini sa\u011flar.<\/p>\n<\/div>\n<div style=\"border: 1px solid #e2e8f0; border-radius: 8px; margin-bottom: 15px; padding: 20px; box-shadow: 0 2px 4px rgba(0,0,0,0.03); background-color: #fafcc2; background-image: linear-gradient(to bottom, #ffffff, #f7fafc);\">\n<h4 style=\"margin-top: 0; color: #2b6cb0; font-size: 18px; margin-bottom: 10px;\">Q2: Farkl\u0131 yo\u011funluk konsantrasyonlar\u0131 do\u011fruluk i\u00e7in onaylanm\u0131\u015f m\u0131?<\/h4>\n<p style=\"margin-bottom: 0; font-size: 15px; color: #4a5568;\">Evet. Aktif bile\u015fen konsantrasyonlar\u0131 (0%, 2%, 3% ve 5%'de tam olarak sunulan) titiz \u00fc\u00e7\u00fcnc\u00fc taraf spektrofotometri analizi ge\u00e7irir. Bu ampirik do\u011frulama, toptan al\u0131c\u0131lar\u0131n b\u00f6lgesel d\u00fczenleyici gereksinimlere ve etiketleme standartlar\u0131na sapma olmadan kat\u0131 bir \u015fekilde uyan \u00fcr\u00fcnleri almas\u0131n\u0131 garanti eder.<\/p>\n<\/div>\n<div style=\"border: 1px solid #e2e8f0; border-radius: 8px; margin-bottom: 15px; padding: 20px; box-shadow: 0 2px 4px rgba(0,0,0,0.03); background-color: #fafcc2; background-image: linear-gradient(to bottom, #ffffff, #f7fafc);\">\n<h4 style=\"margin-top: 0; color: #2b6cb0; font-size: 18px; margin-bottom: 10px;\">Soru 3: Perakende i\u015fimiz neden bu \u00f6zel tek kullan\u0131ml\u0131k vape'leri standart modellere tercih etmelidir?<\/h4>\n<p style=\"margin-bottom: 0; font-size: 15px; color: #4a5568;\">Piyasa verileri s\u00fcrekli olarak t\u00fcketicilerin daha uzun \u00f6m\u00fcrl\u00fc cihazlara do\u011fru kayd\u0131\u011f\u0131n\u0131 g\u00f6steriyor. FYCOS 40000'\u0131 stoklayarak perakendeciler, de\u011fi\u015ftirme s\u0131kl\u0131\u011f\u0131n\u0131 \u00f6nemli \u00f6l\u00e7\u00fcde azaltan bir \u00fcr\u00fcn sunuyorlar. Geli\u015fmi\u015f mesh coil teknolojisi ve Type-C h\u0131zl\u0131 \u015farj ile birlikte bu cihaz, sa\u011flam marka sadakati ve tekrarlayan t\u00fcketici trafi\u011fi sa\u011flayan premium, kesintisiz bir deneyim sunar.<\/p>\n<\/div>\n<div style=\"border: 1px solid #e2e8f0; border-radius: 8px; margin-bottom: 15px; padding: 20px; box-shadow: 0 2px 4px rgba(0,0,0,0.03); background-color: #fafcc2; background-image: linear-gradient(to bottom, #ffffff, #f7fafc);\">\n<h4 style=\"margin-top: 0; color: #2b6cb0; font-size: 18px; margin-bottom: 10px;\">S4: Toplu perakende lojistik planlamas\u0131 i\u00e7in \u00f6zel boyutlar nelerdir?<\/h4>\n<p style=\"margin-bottom: 0; font-size: 15px; color: #4a5568;\">Do\u011fru depolama ve nakliye hesaplamalar\u0131 i\u00e7in, her ana karton tam olarak 200 bireysel \u00fcnite i\u00e7erir. Karton boyutlar\u0131 46 santimetreye 45 santimetreye 28 santimetre olup, br\u00fct a\u011f\u0131rl\u0131\u011f\u0131 25 kilogramd\u0131r. Bu optimize edilmi\u015f paketleme yo\u011funlu\u011fu, uygun maliyetli uluslararas\u0131 nakliye ve maksimum palet verimlili\u011fi sa\u011flar.<\/p>\n<\/div>\n<\/article>","protected":false},"excerpt":{"rendered":"<p>FYCOS 40000 Puffs \u015farj edilebilir tek kullan\u0131ml\u0131k vape, 40ml tank, mesh coil, ayarlanabilir hava ak\u0131\u015f\u0131, birden fazla vape g\u00fcc\u00fc ve 20 heyecan verici tat ile birlikte 40.000 puff sunar. VapeXYZ'de Avrupa \u00e7ap\u0131nda toptan sat\u0131\u015f i\u00e7in toplu olarak mevcuttur.<\/p>","protected":false},"featured_media":56084,"comment_status":"open","ping_status":"closed","template":"","meta":{"_lmt_disableupdate":"no","_lmt_disable":""},"product_brand":[],"product_cat":[1089,820],"product_tag":[],"class_list":{"0":"post-56074","1":"product","2":"type-product","3":"status-publish","4":"has-post-thumbnail","6":"product_cat-fycos-disposable-vapes","7":"product_cat-vape","9":"first","10":"outofstock","11":"shipping-taxable","12":"purchasable","13":"product-type-variable","14":"has-default-attributes"},"jetpack_sharing_enabled":true,"tiered_pricing_type":"fixed","tiered_pricing_fixed_rules":[],"tiered_pricing_product_settings":{"layout":"default","base_unit_name":{"singular":null,"plural":null},"default_variation":null},"tiered_pricing_minimum_quantity":null,"tiered_pricing_roles_data":[],"tiered_pricing_percentage_rules":[],"tiered_pricing_maximum_quantity":null,"tiered_pricing_quantity_step":null,"_links":{"self":[{"href":"https:\/\/vapexyz.com\/tr\/wp-json\/wp\/v2\/product\/56074","targetHints":{"allow":["GET"]}}],"collection":[{"href":"https:\/\/vapexyz.com\/tr\/wp-json\/wp\/v2\/product"}],"about":[{"href":"https:\/\/vapexyz.com\/tr\/wp-json\/wp\/v2\/types\/product"}],"replies":[{"embeddable":true,"href":"https:\/\/vapexyz.com\/tr\/wp-json\/wp\/v2\/comments?post=56074"}],"wp:featuredmedia":[{"embeddable":true,"href":"https:\/\/vapexyz.com\/tr\/wp-json\/wp\/v2\/media\/56084"}],"wp:attachment":[{"href":"https:\/\/vapexyz.com\/tr\/wp-json\/wp\/v2\/media?parent=56074"}],"wp:term":[{"taxonomy":"product_brand","embeddable":true,"href":"https:\/\/vapexyz.com\/tr\/wp-json\/wp\/v2\/product_brand?post=56074"},{"taxonomy":"product_cat","embeddable":true,"href":"https:\/\/vapexyz.com\/tr\/wp-json\/wp\/v2\/product_cat?post=56074"},{"taxonomy":"product_tag","embeddable":true,"href":"https:\/\/vapexyz.com\/tr\/wp-json\/wp\/v2\/product_tag?post=56074"}],"curies":[{"name":"wp","href":"https:\/\/api.w.org\/{rel}","templated":true}]}}