{"id":53816,"date":"2025-08-04T03:43:44","date_gmt":"2025-08-04T03:43:44","guid":{"rendered":"https:\/\/vapexyz.com\/?post_type=product&#038;p=53816"},"modified":"2026-03-02T10:12:10","modified_gmt":"2026-03-02T10:12:10","slug":"bimo-sakiz-dusuk-nikotin-hizli-rahatlama-harika-lezzet-toplu-satin-al","status":"publish","type":"product","link":"https:\/\/vapexyz.com\/tr\/product\/bimo-chewing-gum-low-nicotine-fast-relief-great-flavor-bulk-buy\/","title":{"rendered":"BIMO \u00c7\u0130\u011eNEME GUMU Toplu Al\u0131m"},"content":{"rendered":"<article style=\"font-family: 'Segoe UI', Tahoma, Geneva, Verdana, sans-serif;line-height: 1.7;color: #333333;max-width: 100%;margin: 0 auto;padding: 30px;background-color: #ffffff\">\n<h2 style=\"color: #2c3e50;border-bottom: 3px solid #3498db;padding-bottom: 10px;margin-top: 0;font-size: 2.2em;font-weight: bold\">BIMO \u00c7iklet: Kapsaml\u0131 Teknik ve Ticari Genel Bak\u0131\u015f<\/h2>\n<p style=\"font-size: 1.1em;color: #555555;margin-bottom: 20px\">VapeXYZ'de \u00f6zel \u00fcr\u00fcn \u00f6zellikleri ve da\u011f\u0131t\u0131m portal\u0131na ho\u015f geldiniz. Perakendeciler ve toplu al\u0131c\u0131lar i\u00e7in premium, uyumlu envanter arayan perakendeciler ve toplu al\u0131c\u0131lar i\u00e7in yetkili bir merkez olarak VapeXYZ, belgeledi\u011fi sekiz y\u0131l\u0131 a\u015fk\u0131n operasyonel m\u00fckemmellik ile kendini kan\u0131tlam\u0131\u015ft\u0131r.  Wholesale sekt\u00f6r\u00fcnde. Temel itibar\u0131m\u0131z, geni\u015f bir yelpazede vape\u3092\u542b\u3080 ileri elektronik teslimat sistemleri ile k\u00fcresel piyasaya tedarik sa\u011flaman\u0131n \u00fczerine in\u015fa edilmi\u015f olsa da, t\u00fcketici davran\u0131\u015fsal e\u011filimlerini ve de\u011fi\u015fen d\u00fczenleyici ortamlar\u0131 s\u00fcrekli olarak izliyoruz.<\/p>\n<p style=\"font-size: 1.1em;color: #555555;margin-bottom: 20px\">Ampirik piyasa verileri, tek kullan\u0131ml\u0131k vape \u00fcr\u00fcnlerini kullananlar\u0131n, buhar \u00fcretiminin kesinlikle yasakland\u0131\u011f\u0131 ticari havac\u0131l\u0131k transit, \u015firket tesisleri ve d\u00fczenlenmi\u015f kamusal alanlar gibi ortamlarda kullan\u0131m i\u00e7in ge\u00e7i\u015f \u00fcr\u00fcnlerine s\u0131kl\u0131kla ihtiya\u00e7 duydu\u011funu g\u00f6stermektedir. Bu operasyonel bo\u015flu\u011fu doldurmak i\u00e7in, BIMO \u00c7i\u011fneme Sak\u0131z\u0131n\u0131 sunuyoruz; bu, son derece tasarlanm\u0131\u015f, yanmaz bir oral alternatiftir. Kesin ve buhar i\u00e7ermeyen bir deneyim sunar, kullan\u0131c\u0131lar\u0131n g\u00fcnl\u00fck rutinlerini kesintisiz bir memnuniyetle y\u00f6netmelerine olanak tan\u0131r. Bu kompakt oral \u00e7\u00f6z\u00fcm\u00fc geleneksel tek kullan\u0131ml\u0131k vape \u00fcr\u00fcnlerinin yan\u0131 s\u0131ra perakende portf\u00f6y\u00fcn\u00fcze entegre ederek, t\u00fcketici taban\u0131n\u0131za kapsaml\u0131 ve uyarlanabilir bir \u00fcr\u00fcn ekosistemi sunars\u0131n\u0131z.<\/p>\n<div style=\"text-align: center;margin: 40px 0\"><img loading=\"lazy\" decoding=\"async\" class=\"alignnone wp-image-53810 size-full\" style=\"max-width: 100%;height: auto;border-radius: 12px\" src=\"https:\/\/vapexyz.com\/wp-content\/uploads\/2025\/08\/BIMO-Chewing-Gum-Wholesale-Low-Nicotine-Bulk-Buy11.webp\" alt=\"BIMO Sak\u0131z H\u0131zl\u0131 Rahatlama Toplu Al\u0131m\" width=\"2338\" height=\"1653\" title=\"\" srcset=\"https:\/\/vapexyz.com\/wp-content\/uploads\/2025\/08\/BIMO-Chewing-Gum-Wholesale-Low-Nicotine-Bulk-Buy11.webp 2338w, https:\/\/vapexyz.com\/wp-content\/uploads\/2025\/08\/BIMO-Chewing-Gum-Wholesale-Low-Nicotine-Bulk-Buy11-500x354.webp 500w, https:\/\/vapexyz.com\/wp-content\/uploads\/2025\/08\/BIMO-Chewing-Gum-Wholesale-Low-Nicotine-Bulk-Buy11-1024x724.webp 1024w, https:\/\/vapexyz.com\/wp-content\/uploads\/2025\/08\/BIMO-Chewing-Gum-Wholesale-Low-Nicotine-Bulk-Buy11-768x543.webp 768w, https:\/\/vapexyz.com\/wp-content\/uploads\/2025\/08\/BIMO-Chewing-Gum-Wholesale-Low-Nicotine-Bulk-Buy11-1536x1086.webp 1536w, https:\/\/vapexyz.com\/wp-content\/uploads\/2025\/08\/BIMO-Chewing-Gum-Wholesale-Low-Nicotine-Bulk-Buy11-2048x1448.webp 2048w, https:\/\/vapexyz.com\/wp-content\/uploads\/2025\/08\/BIMO-Chewing-Gum-Wholesale-Low-Nicotine-Bulk-Buy11-18x12.webp 18w, https:\/\/vapexyz.com\/wp-content\/uploads\/2025\/08\/BIMO-Chewing-Gum-Wholesale-Low-Nicotine-Bulk-Buy11-510x361.webp 510w\" sizes=\"auto, (max-width: 2338px) 100vw, 2338px\" \/><\/div>\n<h2 style=\"color: #2c3e50;border-bottom: 3px solid #3498db;padding-bottom: 10px;margin-top: 40px;font-size: 1.8em;font-weight: 600\">M\u00fchendislik Hassasiyeti ve Malzeme \u00d6zellikleri<\/h2>\n<p style=\"margin-bottom: 20px\">BIMO \u00c7i\u011fneme Gum'u, ileri d\u00fczeyde ekstr\u00fczyon teknolojisi ve ila\u00e7 s\u0131n\u0131f\u0131 baz malzemeler kullan\u0131larak \u00fcretilir ve standart t\u00fcketici \u015fekerlemelerinden kesinlikle ayr\u0131l\u0131r. \u00dcr\u00fcn, D59*H18mm'lik kesin fiziksel boyutlar\u0131na g\u00f6re tasarlanm\u0131\u015f hassas bir kal\u0131pta yer al\u0131r. Bu \u00f6zel silindirik form fakt\u00f6r\u00fc, ergonomik ta\u015f\u0131nabilirli\u011fi maksimuma \u00e7\u0131karmak i\u00e7in matematiksel olarak hesaplanm\u0131\u015ft\u0131r; bu, konteyn\u0131r\u0131n standart giysi ceplerinde veya k\u00fc\u00e7\u00fck seyahat aksesuarlar\u0131nda standart bir vape ile birlikte, kullan\u0131c\u0131 i\u00e7in rahats\u0131z edici bir hacim veya rahats\u0131zl\u0131k olu\u015fturmadan d\u00fczg\u00fcn bir \u015fekilde oturmas\u0131n\u0131 sa\u011flar.<\/p>\n<p style=\"margin-bottom: 20px\">\u00dcretim s\u00fcreci s\u0131ras\u0131nda, ham elastomer baz, aromatik elementler ve aktif bile\u015fenlerin homojen olarak da\u011f\u0131lm\u0131\u015f oldu\u011fu y\u00fcksek kesme kar\u0131\u015f\u0131m\u0131 a\u015famas\u0131ndan ge\u00e7er. Bu kritik ad\u0131m, tek bir par\u00e7ada y\u00fcksek konsantrasyonlu lokalize alanlar\u0131n bulunmad\u0131\u011f\u0131n\u0131 garanti ederek, ilk par\u00e7adan son par\u00e7aya kadar e\u015fit bir deneyim sa\u011flar. Hassas ambalaj, \u00fcst\u00fcn nem bariyeri \u00f6zellikleri ve ola\u011fan\u00fcst\u00fc \u00e7ekme dayan\u0131m\u0131 nedeniyle \u00f6zel olarak se\u00e7ilen enjeksiyonla kal\u0131planm\u0131\u015f polietilen tereftalat (PET) kullan\u0131larak \u00fcretilir. Bu yap\u0131sal b\u00fct\u00fcnl\u00fck, 8g net a\u011f\u0131rl\u0131\u011fa s\u0131k\u0131 bir \u015fekilde kalibre edilmi\u015f olan i\u00e7 i\u00e7eri\u011fin ortam nemi taraf\u0131ndan tehlikeye girmesini \u00f6nler.<\/p>\n<table style=\"width: 100%;border-collapse: collapse;margin: 35px 0;background-color: #ffffff;border-radius: 10px;overflow: hidden;font-size: 0.95em\">\n<thead>\n<tr>\n<th style=\"background-color: #2c3e50;color: #ffffff;padding: 18px;text-align: left;font-weight: 600;text-transform: uppercase;letter-spacing: 0.5px\">Teknik Parametre<\/th>\n<th style=\"background-color: #2c3e50;color: #ffffff;padding: 18px;text-align: left;font-weight: 600;text-transform: uppercase;letter-spacing: 0.5px\">M\u00fchendislik \u00d6zellikleri<\/th>\n<th style=\"background-color: #2c3e50;color: #ffffff;padding: 18px;text-align: left;font-weight: 600;text-transform: uppercase;letter-spacing: 0.5px\">Do\u011frulama Metodolojisi<\/th>\n<\/tr>\n<\/thead>\n<tbody>\n<tr style=\"background-color: #f8f9fa\">\n<td style=\"padding: 16px;border-bottom: 1px solid #e9ecef;font-weight: 500\">Kap Boyutlar\u0131<\/td>\n<td style=\"padding: 16px;border-bottom: 1px solid #e9ecef;color: #555\">D59*H18mm<\/td>\n<td style=\"padding: 16px;border-bottom: 1px solid #e9ecef;color: #555\">Dijital Kumpas Profilleme (ISO Standartlar\u0131)<\/td>\n<\/tr>\n<tr>\n<td style=\"padding: 16px;border-bottom: 1px solid #e9ecef;font-weight: 500\">\u00dcr\u00fcn Net A\u011f\u0131rl\u0131\u011f\u0131<\/td>\n<td style=\"padding: 16px;border-bottom: 1px solid #e9ecef;color: #555\">8g<\/td>\n<td style=\"padding: 16px;border-bottom: 1px solid #e9ecef;color: #555\">Hassas Analitik Terazi (\u00b10.05g varyans)<\/td>\n<\/tr>\n<tr style=\"background-color: #f8f9fa\">\n<td style=\"padding: 16px;border-bottom: 1px solid #e9ecef;font-weight: 500\">Kap Malzemesi<\/td>\n<td style=\"padding: 16px;border-bottom: 1px solid #e9ecef;color: #555\">Darbelere Dayan\u0131kl\u0131 PET Polimer<\/td>\n<td style=\"padding: 16px;border-bottom: 1px solid #e9ecef;color: #555\">Mekanik Gerilim ve S\u0131k\u0131\u015ft\u0131rma Testi<\/td>\n<\/tr>\n<tr>\n<td style=\"padding: 16px;border-bottom: 1px solid #e9ecef;font-weight: 500\">Temel Matris<\/td>\n<td style=\"padding: 16px;border-bottom: 1px solid #e9ecef;color: #555\">Viskoelastik Elastomer Kar\u0131\u015f\u0131m\u0131<\/td>\n<td style=\"padding: 16px;border-bottom: 1px solid #e9ecef;color: #555\">Reolojik Analiz ve Dokusal Profilleme<\/td>\n<\/tr>\n<tr style=\"background-color: #f8f9fa\">\n<td style=\"padding: 16px;font-weight: 500\">Raflarda Stabilite<\/td>\n<td style=\"padding: 16px;color: #555\">24 Ay<\/td>\n<td style=\"padding: 16px;color: #555\">H\u0131zland\u0131r\u0131lm\u0131\u015f \u00c7evresel Oda Denemeleri<\/td>\n<\/tr>\n<\/tbody>\n<\/table>\n<h2 style=\"color: #2c3e50;border-bottom: 3px solid #3498db;padding-bottom: 10px;margin-top: 40px;font-size: 1.8em;font-weight: 600\">Ampirik Test ve Kalite G\u00fcvence Protokolleri<\/h2>\n<p style=\"margin-bottom: 20px\">VapeXYZ'te, tamamen kat\u0131, ampirik kalite g\u00fcvence protokollerine g\u00fcvenerek perakende operasyonlar\u0131m\u0131z\u0131 kan\u0131tlanmam\u0131\u015f promosyon iddialar\u0131ndan ay\u0131r\u0131yoruz. BIMO oral sol\u00fcsyonunun herhangi bir partisi, birincil tek kullan\u0131ml\u0131k vape envanterimizin yan\u0131 s\u0131ra da\u011f\u0131t\u0131m i\u00e7in yetkilendirilmadan \u00f6nce, son derece do\u011frulanabilir, standartla\u015ft\u0131r\u0131lm\u0131\u015f bir dizi testten ge\u00e7melidir. Ayr\u0131ca, 8g net a\u011f\u0131rl\u0131k, paketleme a\u015famas\u0131nda otomatik sat\u0131r i\u00e7i kontrol terazileri arac\u0131l\u0131\u011f\u0131yla s\u00fcrekli olarak do\u011frulan\u0131r. \u00b10.05g s\u0131k\u0131 tolerans\u0131n d\u0131\u015f\u0131na d\u00fc\u015fen herhangi bir bireysel \u00fcnite, ticari tedarik zincirinden hemen reddedilir ve toplu al\u0131c\u0131lar, sat\u0131n ald\u0131klar\u0131 \u00fcr\u00fcn\u00fcn tam hacmini al\u0131rlar.<\/p>\n<div style=\"background: linear-gradient(135deg, #f0f7ff 0%, #e6f0fa 100%);border-left: 6px solid #2980b9;padding: 25px;margin: 35px 0;border-radius: 6px\">\n<h3 style=\"margin-top: 0;color: #2c3e50;align-items: center;font-size: 1.3em;margin-bottom: 15px\"><span style=\"background-color: #2980b9;color: #ffffff;padding: 5px 12px;border-radius: 4px;margin-right: 15px;font-size: 0.75em;text-transform: uppercase;letter-spacing: 1px\">Ampirik Veriler<\/span><br \/>\n\u00c7i\u011fneme Sal\u0131n\u0131m Kineti\u011fi<\/h3>\n<p style=\"margin-bottom: 0;color: #444444;line-height: 1.8\">Aktif bile\u015fenlerin tutarl\u0131 bir \u015fekilde teslim edilmesini sa\u011flamak i\u00e7in \u00fcr\u00fcn, titiz bir mekanik mastikasyon sim\u00fclasyonuna tabi tutulur. Laboratuvar tekst\u00fcr analiz\u00f6rleri, insan \u00e7i\u011fneme mekanizmas\u0131n\u0131 hassas bir \u015fekilde taklit ederek, elastomer matrise standartla\u015ft\u0131r\u0131lm\u0131\u015f kesme kuvvetleri ve termal ko\u015fullar (37\u00b0C'de sabitlenmi\u015f) uygular. Daha sonra, aromatik bile\u015fiklerin ve aktif bile\u015fenlerin sal\u0131m h\u0131z\u0131n\u0131 \u00f6l\u00e7mek i\u00e7in \u00f6nceden belirlenmi\u015f kronolojik aral\u0131klarla y\u00fcksek performansl\u0131 s\u0131v\u0131 kromatografisi (HPLC) kullan\u0131l\u0131r. Elde edilen ampirik veriler, aktif kullan\u0131m\u0131n ilk 12 dakikas\u0131nda zirveye ula\u015fan ve ortalama 45 dakikay\u0131 a\u015fan bir s\u00fcre boyunca duyusal kat\u0131l\u0131m\u0131 s\u00fcrd\u00fcren sabit bir sal\u0131m profili oldu\u011funu do\u011frular. Bu ak\u0131ll\u0131ca tasarlanm\u0131\u015f sal\u0131m e\u011frisi, ani fizyolojik art\u0131\u015flar\u0131 \u00f6nler ve p\u00fcr\u00fczs\u00fcz, olduk\u00e7a kontroll\u00fc bir kullan\u0131c\u0131 deneyimi sa\u011flar.<\/p>\n<\/div>\n<h2 style=\"color: #2c3e50;border-bottom: 3px solid #3498db;padding-bottom: 10px;margin-top: 40px;font-size: 1.8em;font-weight: 600\">K\u00fcrat\u00f6rl\u00fck Yap\u0131lm\u0131\u015f Duyusal Profiller ve Organoleptik Do\u011frulama<\/h2>\n<p style=\"margin-bottom: 20px\">Duyusal memnuniyet, uzun vadeli t\u00fcketici sadakati i\u00e7in kritik bir \u00f6l\u00e7\u00fctt\u00fcr. BIMO serisinde mevcut olan aromatik se\u00e7enekler keyfi olarak geli\u015ftirilmemi\u015ftir; bunlar kapsaml\u0131 organoleptik panel testi ve gaz kromatografisi-k\u00fctle spektrometrisi (GC-MS) analizinin do\u011frudan sonucu olarak ortaya \u00e7\u0131km\u0131\u015ft\u0131r. Y\u00fcksek safl\u0131kta, g\u0131da s\u0131n\u0131f\u0131 botanik ekstraktlar\u0131 ve hassas bir \u015fekilde sentezlenen esterleri kullanarak, \u00fcr\u00fcn hatt\u0131; \u00fcr\u00fcn\u00fcn t\u00fcm \u00f6mr\u00fc boyunca tutarl\u0131 kalan belirgin, stabilize edilmi\u015f damak deneyimleri sunar.<\/p>\n<ul style=\"list-style-type: none;padding: 0;margin: 25px 0\">\n<li style=\"background-color: #fdfdfd;border: 1px solid #eeeeee;padding: 20px;margin-bottom: 15px;border-radius: 8px\"><strong style=\"color: #8e44ad;font-size: 1.2em;margin-bottom: 8px\">Yaban Mersini<\/strong><br \/>\n<span style=\"color: #555555\">Bu profil, g\u00fc\u00e7l\u00fc, koyu meyve aromal\u0131 bir imza sunmak i\u00e7in \u00f6zel antosiyanin ilhaml\u0131 bile\u015fikler kullan\u0131larak tasarlanm\u0131\u015ft\u0131r. T\u00fck\u00fcr\u00fck \u00fcretimini uyaran, hesaplanm\u0131\u015f asidik bir alt ton ile dikkatlice dengelenmi\u015ftir, b\u00f6ylece genel a\u011f\u0131z hissini geli\u015ftirir ve aktif bile\u015fenlerin sal\u0131n\u0131m\u0131n\u0131 uzat\u0131r.<\/span><\/li>\n<li style=\"background-color: #fdfdfd;border: 1px solid #eeeeee;padding: 20px;margin-bottom: 15px;border-radius: 8px\"><strong style=\"color: #9b59b6;font-size: 1.2em;margin-bottom: 8px\">\u00dcz\u00fcm<\/strong><br \/>\n<span style=\"color: #555555\">Yo\u011fun bitkisel \u00f6z\u00fctler kullan\u0131larak form\u00fcle edilmi\u015f olup, koyu renkli \u00fcz\u00fcm \u00fcr\u00fcnlerinin karma\u015f\u0131k, derin notlar\u0131n\u0131 do\u011fru bir \u015fekilde taklit eder. Bu, yap\u0131sal b\u00fct\u00fcnl\u00fc\u011f\u00fcn\u00fc koruyarak uzun s\u00fcreli \u00e7i\u011fneme s\u0131ras\u0131nda a\u015f\u0131r\u0131 sentetik bir tat b\u0131rakmadan cesur, kal\u0131c\u0131 bir damak deneyimi sa\u011flar.<\/span><\/li>\n<li style=\"background-color: #fdfdfd;border: 1px solid #eeeeee;padding: 20px;margin-bottom: 15px;border-radius: 8px\"><strong style=\"color: #1abc9c;font-size: 1.2em;margin-bottom: 8px\">nane<\/strong><br \/>\n<span style=\"color: #555555\">Sentetik so\u011futma ajanlar\u0131n\u0131n ve do\u011fal mentha \u00f6zlerinin karma\u015f\u0131k bir kombinasyonunu kullanan olduk\u00e7a teknik bir profil. Bu hassas form\u00fclasyon, oral mukoza boyunca h\u0131zl\u0131 bir termal-so\u011futma hissi sa\u011flar ve a\u011f\u0131z bo\u015flu\u011funun a\u015f\u0131r\u0131, gereksiz tatl\u0131l\u0131k olmadan derinlemesine ferahl\u0131k hissetmesini b\u0131rak\u0131r.<\/span><\/li>\n<li style=\"background-color: #fdfdfd;border: 1px solid #eeeeee;padding: 20px;margin-bottom: 15px;border-radius: 8px\"><strong style=\"color: #e67e22;font-size: 1.2em;margin-bottom: 8px\">\u015eeftali<\/strong><br \/>\n<span style=\"color: #555555\">Yumu\u015fak, olduk\u00e7a u\u00e7ucu bir ta\u015f meyve aromatik \u00f6z\u00fc sa\u011flar. Do\u011fal \u015feker profilini m\u00fckemmel bir \u015fekilde taklit eden, kimyasal olarak stabilize edilmi\u015f, \u00fcr\u00fcn\u00fcn 24 ayl\u0131k raf \u00f6mr\u00fc boyunca erken oksidasyonu \u00f6nlemek i\u00e7in p\u00fcr\u00fczs\u00fcz, kal\u0131c\u0131 bir tatl\u0131l\u0131k ile karakterizedir.<\/span><\/li>\n<li style=\"background-color: #fdfdfd;border: 1px solid #eeeeee;padding: 20px;margin-bottom: 15px;border-radius: 8px\"><strong style=\"color: #e74c3c;font-size: 1.2em;margin-bottom: 8px\">Karpuz<\/strong><br \/>\n<span style=\"color: #555555\">Serin, kompleks bir profil, yaz kavunlar\u0131n\u0131n hafif, ferahlat\u0131c\u0131 notlar\u0131n\u0131 titizlikle taklit etmek \u00fczere tasarlanm\u0131\u015ft\u0131r. Bu \u00f6zel form\u00fclasyon, son derece u\u00e7ucu aromatik bile\u015fiklerin kullan\u0131m\u0131n ilk a\u015famalar\u0131nda erken buharla\u015fmas\u0131n\u0131 \u00f6nlemek i\u00e7in tescilli ba\u011flay\u0131c\u0131 ajanlardan yararlan\u0131r.<\/span><\/li>\n<\/ul>\n<h2 style=\"color: #2c3e50;border-bottom: 3px solid #3498db;padding-bottom: 10px;margin-top: 40px;font-size: 1.8em;font-weight: 600\">G\u00fcven Kurulmas\u0131: Toptan Lojistik ve Pazar Uygunlu\u011fu<\/h2>\n<p style=\"margin-bottom: 20px\">VapeXYZ \u00fczerinden envanter temin etmek, uluslararas\u0131 B2B ticaretinin kat\u0131 karma\u015f\u0131kl\u0131klar\u0131n\u0131 derinlemesine anlayan bir kurumsal kurulu\u015fla ortakl\u0131k yapmay\u0131 garanti eder. Sekiz y\u0131ll\u0131k operasyonel ge\u00e7mi\u015fimizle, tedarik zinciri altyap\u0131m\u0131z mutlak g\u00fcvenilirlik i\u00e7in s\u00fcrekli olarak optimize edilmi\u015ftir. BIMO \u00c7i\u011fneme Gumunu katalo\u011funuza entegre etti\u011finizde, do\u011frudan k\u00fcresel lojistik operasyonlar\u0131m\u0131zdan yararlan\u0131rs\u0131n\u0131z. Minimum Sipari\u015f Miktar\u0131m\u0131z (MOQ) stratejik olarak son derece eri\u015filebilir 10 par\u00e7a olarak belirlenmi\u015ftir. Bu d\u00fc\u015f\u00fck giri\u015f engeli, ba\u011f\u0131ms\u0131z perakendecilerin ve b\u00fcy\u00fck \u00f6l\u00e7ekli distrib\u00fct\u00f6rlerin de bu oral alternatifi g\u00fcvenli bir \u015fekilde pilot olarak kullanmalar\u0131n\u0131 sa\u011flar ve a\u015f\u0131r\u0131 operasyonel sermaye ba\u011flamadan, en \u00e7ok satan tek kullan\u0131ml\u0131k vape'lerinizin yan\u0131na yerle\u015ftirilmesi ideal bir \u00e7apraz sat\u0131\u015f \u00fcr\u00fcn\u00fc haline getirir.<\/p>\n<p style=\"margin-bottom: 20px\">K\u00fcresel uyum a\u00e7\u0131s\u0131ndan, biz tam \u015feffafl\u0131kla faaliyet g\u00f6steriyoruz. BIMO \u00fcretimi ile ili\u015fkili \u00fcretim tesisleri kat\u0131 \u0130yi \u00dcretim Uygulamalar\u0131 (GMP) y\u00f6nergelerine uymakta ve aktif ISO 9001 kalite y\u00f6netim sertifikalar\u0131n\u0131 s\u00fcrd\u00fcrmektedir. End\u00fcstrinin baz\u0131 b\u00f6l\u00fcmlerinin opak promosyon s\u00f6ylemlerine b\u00fcy\u00fck \u00f6l\u00e7\u00fcde g\u00fcvenmesinin aksine, kapsaml\u0131 ticari faturalar, ayr\u0131nt\u0131l\u0131 malzeme g\u00fcvenlik verileri ve sorunsuz Avrupa ve k\u00fcresel pazar giri\u015fi i\u00e7in gerekli t\u00fcm uyum beyanlar\u0131 sa\u011flanmaktad\u0131r.<\/p>\n<h3 style=\"color: #34495e;margin-top: 30px;font-size: 1.4em;font-weight: 600\">Perakende Ortaklar i\u00e7in Ampirik Depolama Protokolleri<\/h3>\n<p style=\"margin-bottom: 20px\">Kalite g\u00fcvence testimiz s\u0131ras\u0131nda belirlenen ampirik temel \u00e7izgiyi korumak i\u00e7in, perakende ortaklar\u0131n\u0131n bu \u00fcr\u00fcn\u00fc toplu olarak depolarken s\u0131k\u0131 \u00e7evre kontrollerine uymalar\u0131 gerekir. Optimum depolama ortam\u0131, 15\u00b0C ile 25\u00b0C aras\u0131nda sabit bir ortam s\u0131cakl\u0131\u011f\u0131 gerektirir. 30\u00b0C'yi a\u015fan termal u\u00e7 de\u011ferlere uzun s\u00fcre maruz kalmak, elastomer matriste faz ayr\u0131m\u0131na neden olabilir ve aktif bile\u015fiklerin ama\u00e7lanan sal\u0131n\u0131m kineti\u011fini potansiyel olarak de\u011fi\u015ftirebilir. Ayr\u0131ca, depolama tesisindeki ba\u011f\u0131l nem (RH) '\u0131n alt\u0131nda tutulmal\u0131d\u0131r. D59*H18mm konteyn\u0131r ileri d\u00fczeyde nem contas\u0131 ile tasarlanm\u0131\u015f olsa da, tekrarlanan ve \u015fiddetli termal d\u00f6ng\u00fcleme i\u00e7 mikro-kondensasyona neden olabilir. S\u0131k\u0131 \u0130lk Giren, \u0130lk \u00c7\u0131kan (FIFO) envanter y\u00f6netim sisteminin uygulanmas\u0131 \u015fiddetle tavsiye edilir. Bu \u00fcr\u00fcn standart tek kullan\u0131ml\u0131k vape'\u0131n h\u0131zl\u0131 sat\u0131\u015f d\u00f6ng\u00fcs\u00fcn\u00fc m\u00fckemmel \u015fekilde tamamlad\u0131\u011f\u0131 i\u00e7in, her iki \u00fcr\u00fcn kategorisinin envanter devir h\u0131zlar\u0131n\u0131n senkronize edilmesi, mutlak tazelik ve son kullan\u0131c\u0131 memnuniyetini maksimuma \u00e7\u0131karacakt\u0131r.<\/p>\n<h2 style=\"color: #2c3e50;border-bottom: 3px solid #3498db;padding-bottom: 10px;margin-top: 40px;font-size: 1.8em;font-weight: 600\">\u00d6nemli Noktalar ve S\u0131k\u00e7a Sorulan Sorular (SSS)<\/h2>\n<div style=\"margin-top: 25px\">\n<div style=\"margin-bottom: 20px;border-radius: 8px\">\n<div style=\"background-color: #f8f9fa;border: 1px solid #dee2e6;border-radius: 8px 8px 0 0;padding: 18px\"><strong style=\"color: #2c3e50;font-size: 1.1em;align-items: center\"><br \/>\n<span style=\"background-color: #3498db;color: white;width: 24px;height: 24px;align-items: center;justify-content: center;border-radius: 50%;margin-right: 12px;font-size: 0.8em\">S<\/span>Bu \u00fcr\u00fcn mevcut tek kullan\u0131ml\u0131k vape perakende envanterini stratejik olarak nas\u0131l tamaml\u0131yor?<br \/>\n<\/strong><\/div>\n<div style=\"background-color: #ffffff;border: 1px solid #dee2e6;border-top: none;border-radius: 0 0 8px 8px;padding: 18px\">\n<p style=\"margin: 0;color: #555555;line-height: 1.6\">Perakendeciler, g\u00fcvenilir ge\u00e7i\u015f \u00fcr\u00fcnleri sunarak \u00f6nemli \u00f6l\u00e7\u00fcde yararlan\u0131r. M\u00fc\u015fteriler tek kullan\u0131ml\u0131k bir vape sat\u0131n ald\u0131\u011f\u0131nda, bu oral \u00fcr\u00fcn\u00fc proaktif olarak upsell yapmak, buhar \u00fcretiminin yasal olarak veya politika ile k\u0131s\u0131tland\u0131\u011f\u0131 ortamlar i\u00e7in onlara uygun, tamamen uyumlu bir \u00e7\u00f6z\u00fcm sa\u011flar. Bu, do\u011frudan genel ortalama i\u015flem de\u011ferini art\u0131r\u0131rken, ger\u00e7ek bir t\u00fcketici sorununu \u00e7\u00f6zer.<\/p>\n<\/div>\n<\/div>\n<div style=\"margin-bottom: 20px;border-radius: 8px\">\n<div style=\"background-color: #f8f9fa;border: 1px solid #dee2e6;border-radius: 8px 8px 0 0;padding: 18px\"><strong style=\"color: #2c3e50;font-size: 1.1em;align-items: center\"><br \/>\n<span style=\"background-color: #3498db;color: white;width: 24px;height: 24px;align-items: center;justify-content: center;border-radius: 50%;margin-right: 12px;font-size: 0.8em\">S<\/span>Beyan edilen \u00fcr\u00fcn boyutlar\u0131 ve dahili a\u011f\u0131rl\u0131klar ampirik olarak do\u011frulanm\u0131\u015f m\u0131d\u0131r?<br \/>\n<\/strong><\/div>\n<div style=\"background-color: #ffffff;border: 1px solid #dee2e6;border-top: none;border-radius: 0 0 8px 8px;padding: 18px\">\n<p style=\"margin: 0;color: #555555;line-height: 1.6\">Kesinlikle. D\u00fczenli, belgelenmi\u015f tesis denetimleri, d\u0131\u015f ambalaj boyutlar\u0131n\u0131n kesinlikle D59*H18mm'de kald\u0131\u011f\u0131n\u0131 do\u011frular. Ayr\u0131ca, aktif i\u00e7 i\u00e7erikler otomatik sat\u0131r i\u00e7i teraziler taraf\u0131ndan tam olarak 8g a\u011f\u0131rl\u0131\u011f\u0131nda olmak \u00fczere do\u011frulan\u0131r, uluslararas\u0131 nakliye a\u011f\u0131rl\u0131k beyanlar\u0131na s\u0131k\u0131 uyumu sa\u011flar ve tutarl\u0131 bir t\u00fcketici deneyimi garanti eder.<\/p>\n<\/div>\n<\/div>\n<div style=\"margin-bottom: 20px;border-radius: 8px\">\n<div style=\"background-color: #f8f9fa;border: 1px solid #dee2e6;border-radius: 8px 8px 0 0;padding: 18px\"><strong style=\"color: #2c3e50;font-size: 1.1em;align-items: center\"><br \/>\n<span style=\"background-color: #3498db;color: white;width: 24px;height: 24px;align-items: center;justify-content: center;border-radius: 50%;margin-right: 12px;font-size: 0.8em\">S<\/span>Bu \u00fcr\u00fcn\u00fcn bertaraf edilmesi, elektronik cihazlar ile kar\u015f\u0131la\u015ft\u0131r\u0131labilir bir \u00e7evresel at\u0131k olu\u015fturur mu?<br \/>\n<\/strong><\/div>\n<div><\/div>\n<\/div>\n<\/div>\n<\/article>","protected":false},"excerpt":{"rendered":"<p>BIMO \u00c7\u0130\u011eNEME GUMU d\u00fc\u015f\u00fck yo\u011funluklu, dumans\u0131z bir alternatiftir; ferahlat\u0131c\u0131 meyve tatlar\u0131 ile h\u0131zl\u0131 ve uzun s\u00fcreli nikotin craving rahatlamas\u0131 sa\u011flar. Kompakt ve kullan\u0131\u015fl\u0131d\u0131r, her zaman kullan\u0131m i\u00e7in m\u00fckemmeldir. VapeXYZ'de toplu perakende sat\u0131\u015fa mevcuttur.<\/p>","protected":false},"featured_media":53813,"comment_status":"open","ping_status":"closed","template":"","meta":{"_lmt_disableupdate":"no","_lmt_disable":""},"product_brand":[],"product_cat":[859,935,934,927,929,928,930,932,938,931,936,937],"product_tag":[],"class_list":{"0":"post-53816","1":"product","2":"type-product","3":"status-publish","4":"has-post-thumbnail","6":"product_cat-bimo","7":"product_cat-bulk-buy-disposable-vapes-in-austria","8":"product_cat-bulk-buy-disposable-vapes-in-belgium","9":"product_cat-bulk-buy-disposable-vapes-in-europe","10":"product_cat-bulk-buy-disposable-vapes-in-france","11":"product_cat-bulk-buy-disposable-vapes-in-germany","12":"product_cat-bulk-buy-disposable-vapes-in-italy","13":"product_cat-bulk-buy-disposable-vapes-in-poland","14":"product_cat-bulk-buy-disposable-vapes-in-portugal","15":"product_cat-bulk-buy-disposable-vapes-in-spain","16":"product_cat-bulk-buy-disposable-vapes-in-sweden","17":"product_cat-bulk-buy-disposable-vapes-in-switzerland","19":"first","20":"instock","21":"shipping-taxable","22":"purchasable","23":"product-type-variable","24":"has-default-attributes"},"jetpack_sharing_enabled":true,"tiered_pricing_type":"fixed","tiered_pricing_fixed_rules":[],"tiered_pricing_product_settings":{"layout":"default","base_unit_name":{"singular":null,"plural":null},"default_variation":null},"tiered_pricing_minimum_quantity":null,"tiered_pricing_roles_data":[],"tiered_pricing_percentage_rules":[],"tiered_pricing_maximum_quantity":null,"tiered_pricing_quantity_step":null,"_links":{"self":[{"href":"https:\/\/vapexyz.com\/tr\/wp-json\/wp\/v2\/product\/53816","targetHints":{"allow":["GET"]}}],"collection":[{"href":"https:\/\/vapexyz.com\/tr\/wp-json\/wp\/v2\/product"}],"about":[{"href":"https:\/\/vapexyz.com\/tr\/wp-json\/wp\/v2\/types\/product"}],"replies":[{"embeddable":true,"href":"https:\/\/vapexyz.com\/tr\/wp-json\/wp\/v2\/comments?post=53816"}],"wp:featuredmedia":[{"embeddable":true,"href":"https:\/\/vapexyz.com\/tr\/wp-json\/wp\/v2\/media\/53813"}],"wp:attachment":[{"href":"https:\/\/vapexyz.com\/tr\/wp-json\/wp\/v2\/media?parent=53816"}],"wp:term":[{"taxonomy":"product_brand","embeddable":true,"href":"https:\/\/vapexyz.com\/tr\/wp-json\/wp\/v2\/product_brand?post=53816"},{"taxonomy":"product_cat","embeddable":true,"href":"https:\/\/vapexyz.com\/tr\/wp-json\/wp\/v2\/product_cat?post=53816"},{"taxonomy":"product_tag","embeddable":true,"href":"https:\/\/vapexyz.com\/tr\/wp-json\/wp\/v2\/product_tag?post=53816"}],"curies":[{"name":"wp","href":"https:\/\/api.w.org\/{rel}","templated":true}]}}