{"id":53426,"date":"2025-08-01T03:30:35","date_gmt":"2025-08-01T03:30:35","guid":{"rendered":"https:\/\/vapexyz.com\/?post_type=product&#038;p=53426"},"modified":"2026-03-02T09:07:14","modified_gmt":"2026-03-02T09:07:14","slug":"vasy-chris-brown-15000-puffs-dusuk-nikotin-toplu-alim-orijinal-sarj-edilebilir-tek-kullanimlik-vape-toptan-satis","status":"publish","type":"product","link":"https:\/\/vapexyz.com\/tr\/product\/vasy-chris-brown-15000-puffs-low-nicotine-bulk-buy-original-rechargeable-disposable-vapes-wholesale\/","title":{"rendered":"VASY CHRIS BROWN 15000 Puff'lu Toplu Al\u0131m \u015earj Edilebilir Tek Kullan\u0131ml\u0131k Vape Toptan Sat\u0131\u015f"},"content":{"rendered":"<article style=\"font-family: Arial, sans-serif;line-height: 1.6;color: #333333;max-width: 100%;margin: 0 auto;padding: 20px\">\n<h2 style=\"color: #2c3e50;font-size: 28px;border-bottom: 2px solid #3498db;padding-bottom: 10px;margin-top: 30px\">Toplu Al\u0131m Orijinal Tek Kullan\u0131ml\u0131k Vape: VASY CHRIS BROWN 15000 Puff<\/h2>\n<p style=\"font-size: 16px;margin-bottom: 20px\">VASY CHRIS BROWN 15000 Puffs'\u0131n arkas\u0131ndaki m\u00fchendislik m\u00fckemmelli\u011fini ke\u015ffedin, geli\u015fmi\u015f ve olduk\u00e7a dayan\u0131kl\u0131 bir tek kullan\u0131ml\u0131k vape, s\u00fcrekli performans ve modern rahatl\u0131k sa\u011flamak \u00fczere tasarland\u0131. 15.000 puf kapasitesi ile karakterize edilen bu donan\u0131m, ileri termodinamik performans, \u00f6zenle tasarlanm\u0131\u015f duyusal profiller ve ergonomik tasar\u0131m\u0131n tek bir kompakt \u015fasiye entegrasyonunu sa\u011flar. Hem tutarl\u0131l\u0131k arayan yeti\u015fkin t\u00fcketicilerin hem de g\u00fcvenilir envanter gerektiren ticari toplu al\u0131c\u0131lar\u0131n kat\u0131 taleplerini kar\u015f\u0131lamak \u00fczere titizlikle \u00fcretilmi\u015ftir. Perakende tekliflerinizi art\u0131r\u0131yor veya premium bir ki\u015fisel cihaz ar\u0131yor olun, VASY CHRIS BROWN tek kullan\u0131ml\u0131k vape, rekabet\u00e7i k\u00fcresel piyasada kalite g\u00fcvencesi ve buhar \u00fcretimi i\u00e7in yeni bir standart belirler.<\/p>\n<div style=\"background-color: #f8f9fa;border-left: 5px solid #3498db;padding: 15px;margin: 25px 0\">\n<p style=\"margin: 0;font-size: 15px;color: #555\">Sekt\u00f6r \u0130\u00e7g\u00f6r\u00fcs\u00fc: Y\u00fcksek kapasiteli tek kullan\u0131ml\u0131k vape'lara do\u011fru ya\u015fanan kayma, elektronik at\u0131klar\u0131 en aza indirirken kullan\u0131m s\u00fcresini en \u00fcst d\u00fczeye \u00e7\u0131karan cihazlar i\u00e7in b\u00fcy\u00fcyen t\u00fcketici talebini yans\u0131t\u0131r. B\u00fcy\u00fck hacimli \u00e7\u00f6z\u00fcm rezervuarlar\u0131 ile \u015farj edilebilir g\u00fc\u00e7 h\u00fccrelerini entegre ederek, modern tek kullan\u0131ml\u0131k vape'lar cihazlar\u0131n at\u0131lma s\u0131kl\u0131\u011f\u0131n\u0131 \u00f6nemli \u00f6l\u00e7\u00fcde azalt\u0131r ve t\u00fcketici elektroni\u011fi sekt\u00f6r\u00fcndeki daha geni\u015f s\u00fcrd\u00fcr\u00fclebilirlik hedefleri ile uyum sa\u011flar.<\/p>\n<\/div>\n<h3 style=\"color: #2980b9;font-size: 24px;margin-top: 40px;margin-bottom: 15px\">M\u00fchendislik \u00d6zellikleri ve Teknik Uzmanl\u0131k<\/h3>\n<p style=\"font-size: 16px;margin-bottom: 20px\">Bu tek kullan\u0131ml\u0131k vape'nin \u00fcst\u00fcn i\u015flevselli\u011fini anlamak i\u00e7in, \u00e7ekirdek teknik \u00f6zelliklerini incelemek gerekir. Cihaz sadece buharla\u015ft\u0131r\u0131labilir \u00e7\u00f6zelti i\u00e7in bir kap de\u011fil; ince ayarl\u0131 bir elektronik alet. A\u015fa\u011f\u0131da, VASY CHRIS BROWN'\u0131 \u00fcst d\u00fczey tek kullan\u0131ml\u0131k vapes aras\u0131nda \u00f6nc\u00fc bir se\u00e7im haline getiren donan\u0131m \u00f6zelliklerinin kapsaml\u0131 bir d\u00f6k\u00fcm\u00fc yer almaktad\u0131r.<\/p>\n<table style=\"width: 100%;border-collapse: collapse;margin-bottom: 30px;font-size: 15px\">\n<thead>\n<tr style=\"background-color: #2c3e50;color: #ffffff;text-align: left\">\n<th style=\"padding: 12px 15px;border: 1px solid #ddd\">\u00d6zellik Parametresi<\/th>\n<th style=\"padding: 12px 15px;border: 1px solid #ddd\">Teknik Detaylar ve M\u00fchendislik De\u011feri<\/th>\n<\/tr>\n<\/thead>\n<tbody>\n<tr style=\"background-color: #ffffff;border-bottom: 1px solid #eeeeee\">\n<td style=\"padding: 12px 15px;font-weight: bold;border-right: 1px solid #eeeeee\">Fiziksel Boyutlar<\/td>\n<td style=\"padding: 12px 15px\">101 \u00d7 43,8 \u00d7 17,0 mm. Pil ve rezervuar i\u00e7in yeterli i\u00e7 hacmi korurken cebi optimize etmek i\u00e7in tasarland\u0131.<\/td>\n<\/tr>\n<tr style=\"background-color: #f9f9f9;border-bottom: 1px solid #eeeeee\">\n<td style=\"padding: 12px 15px;font-weight: bold;border-right: 1px solid #eeeeee\">Baraj Kapasitesi<\/td>\n<td style=\"padding: 12px 15px\">12ml premium buharla\u015ft\u0131r\u0131labilir form\u00fcl. \u00c7evresel oksidasyonu \u00f6nlemek ve yap\u0131sal b\u00fct\u00fcnl\u00fc\u011f\u00fc korumak i\u00e7in hassas contal\u0131.<\/td>\n<\/tr>\n<tr style=\"background-color: #ffffff;border-bottom: 1px solid #eeeeee\">\n<td style=\"padding: 12px 15px;font-weight: bold;border-right: 1px solid #eeeeee\">G\u00fc\u00e7 Kayna\u011f\u0131<\/td>\n<td style=\"padding: 12px 15px\">600mAh S\u0131n\u0131f-A Lityum-\u0130yon Pil. \u00d6mr\u00fc boyunca tutarl\u0131 termal \u00e7\u0131k\u0131\u015f i\u00e7in kararl\u0131 bir de\u015farj e\u011frisi \u00f6zelli\u011fine sahiptir.<\/td>\n<\/tr>\n<tr style=\"background-color: #f9f9f9;border-bottom: 1px solid #eeeeee\">\n<td style=\"padding: 12px 15px;font-weight: bold;border-right: 1px solid #eeeeee\">Is\u0131tma Eleman\u0131<\/td>\n<td style=\"padding: 12px 15px\">1.2\u03a9 A\u011f Mimarisi. H\u0131zl\u0131 ve e\u015fit atomizasyon i\u00e7in i\u00e7 emme malzemesiyle y\u00fczey temas alan\u0131n\u0131 maksimuma \u00e7\u0131kar\u0131r.<\/td>\n<\/tr>\n<tr style=\"background-color: #ffffff;border-bottom: 1px solid #eeeeee\">\n<td style=\"padding: 12px 15px;font-weight: bold;border-right: 1px solid #eeeeee\">\u015earj Protokol\u00fc<\/td>\n<td style=\"padding: 12px 15px\">Kablosuz ind\u00fcksiyon \u00f6zelli\u011fine sahiptir. Fiziksel ba\u011flant\u0131 noktalar\u0131ndaki mekanik a\u015f\u0131nmay\u0131 azalt\u0131r ve dahili PCB'yi nem giri\u015finden korur.<\/td>\n<\/tr>\n<tr style=\"background-color: #f9f9f9;border-bottom: 1px solid #eeeeee\">\n<td style=\"padding: 12px 15px;font-weight: bold;border-right: 1px solid #eeeeee\">\u015easi Malzemesi<\/td>\n<td style=\"padding: 12px 15px\">End\u00fcstriyel s\u0131n\u0131f plastik, y\u00fcksek \u00e7\u00f6z\u00fcn\u00fcrl\u00fckl\u00fc 3D bask\u0131 ve yap\u0131sal sa\u011flaml\u0131k ve estetik \u00e7ekicilik i\u00e7in elektrokapl\u0131 aksanlar.<\/td>\n<\/tr>\n<tr style=\"background-color: #ffffff;border-bottom: 1px solid #eeeeee\">\n<td style=\"padding: 12px 15px;font-weight: bold;border-right: 1px solid #eeeeee\">Kullan\u0131c\u0131 Aray\u00fcz\u00fc<\/td>\n<td style=\"padding: 12px 15px\">Entgre Dijital Ekran. Geriye kalan pil gerilimi ve yakla\u015f\u0131k form\u00fcl hacmi hakk\u0131nda ger\u00e7ek zamanl\u0131 ampirik veriler sa\u011flar.<\/td>\n<\/tr>\n<tr style=\"background-color: #f9f9f9;border-bottom: 1px solid #eeeeee\">\n<td style=\"padding: 12px 15px;font-weight: bold;border-right: 1px solid #eeeeee\">Hava Ak\u0131\u015f\u0131 Mekanikleri<\/td>\n<td style=\"padding: 12px 15px\">Ayarlanabilir dahili b\u00f6lme sistemi, kullan\u0131c\u0131lar\u0131n \u00e7eki\u015f direncini s\u0131k\u0131 MTL (A\u011f\u0131zdan Akci\u011fere) ila havadar bir \u00e7eki\u015f aras\u0131nda mod\u00fcle etmesine olanak sa\u011flar.<\/td>\n<\/tr>\n<\/tbody>\n<\/table>\n<h3 style=\"color: #2980b9;font-size: 24px;margin-top: 40px;margin-bottom: 15px\">Ampirik Test &amp; Performans Do\u011frulamas\u0131<\/h3>\n<p style=\"font-size: 16px;margin-bottom: 15px\">15.000 puf kapasitesinin iddia edilmesi yaln\u0131zca bir pazarlama \u00f6l\u00e7\u00fct\u00fc de\u011fildir; titiz ampirik do\u011frulamaya dayanmaktad\u0131r. Ara\u015ft\u0131rma ve geli\u015ftirme a\u015famas\u0131nda, bu tek kullan\u0131ml\u0131k vape'ler, elektronik buhar \u00fcr\u00fcnleri i\u00e7in CORESTA (T\u00fct\u00fcnle \u0130lgili Bilimsel Ara\u015ft\u0131rmalar i\u00e7in \u0130\u015fbirli\u011fi Merkezi) metodolojilerine benzer standartlar kullan\u0131larak otomatik \u00e7ekme testlerine tabi tutulur.<\/p>\n<p style=\"font-size: 16px;margin-bottom: 15px\">Kontrol edilen bir laboratuvar ortam\u0131nda, test makineleri a\u011f\u0131zl\u0131k \u00fczerine s\u00fcrekli bir vakum uygular, tipik olarak 3 saniyelik bir \u00e7ekme s\u00fcresi ve ard\u0131ndan 30 saniyelik bir dinlenme aral\u0131\u011f\u0131 ile kalibre edilir. Bu ampirik s\u00fcre\u00e7, her \u00e7eki\u015fte \u00fcretilen aerosol k\u00fctlesini \u00f6l\u00e7er ve 12ml rezervuar\u0131n, buhar kalitesini bozabilecek a\u015f\u0131r\u0131 \u0131s\u0131ya maruz b\u0131rakmadan verimli bir \u015fekilde bo\u015falmas\u0131n\u0131 sa\u011flar. Ayr\u0131ca, 600mAh batarya s\u0131k\u0131 d\u00f6ng\u00fc testlerinden ge\u00e7irilir. \u015earj ve de\u015farj d\u00f6ng\u00fclerini analiz ederek, m\u00fchendisler bataryan\u0131n 1,2\u03a9 \u00f6rg\u00fc \u0131s\u0131tma eleman\u0131n\u0131 cihaz\u0131n rezervuar\u0131 tamamen bo\u015falana kadar s\u00fcrekli olarak g\u00fc\u00e7lendirmek i\u00e7in gerekli olan optimum voltaj \u00e7\u0131k\u0131\u015f\u0131n\u0131 korudu\u011funu onaylarlar.<\/p>\n<p style=\"font-size: 16px;margin-bottom: 20px\">Cihaz\u0131n entegre dijital ekran\u0131 \u00fczerinden ger\u00e7ek zamanl\u0131 izleme, laboratuvar multimetreleri ve s\u0131v\u0131 yer de\u011fi\u015ftirme testleriyle de \u00e7apraz onaylanm\u0131\u015ft\u0131r; bu, son kullan\u0131c\u0131ya sunulan verilerin cihaz\u0131n ger\u00e7ek fiziksel durumunu do\u011fru bir \u015fekilde yans\u0131tt\u0131\u011f\u0131n\u0131 garanti eder. Bu \u015feffafl\u0131k d\u00fczeyi, yeti\u015fkin kullan\u0131c\u0131lara buhar deneyimleri \u00fczerinde benzeri g\u00f6r\u00fclmemi\u015f bir kontrol sa\u011flar.<\/p>\n<div style=\"background-color: #e8f4f8;border: 1px solid #bce8f1;border-radius: 8px;padding: 20px;margin: 30px 0\">\n<h4 style=\"margin-top: 0;color: #31708f;font-size: 20px;border-bottom: 1px solid #bce8f1;padding-bottom: 10px\">Bilgi Noktas\u0131: 1.2\u03a9 A\u011f Mimarisi Termodinami\u011fi<\/h4>\n<p style=\"font-size: 15px;color: #333;margin-bottom: 10px\">Standart tel \u0131s\u0131tma elemanlar\u0131 genellikle e\u015fit olmayan \u0131s\u0131 da\u011f\u0131l\u0131m\u0131 sorunuyla kar\u015f\u0131la\u015f\u0131rlar, bu da \u201cs\u0131cak noktalar\u201d olu\u015fturarak emme malzemesini yakabilir ve buhar\u0131n tat profilini olumsuz \u015fekilde de\u011fi\u015ftirebilir. VASY CHRIS BROWN, hassas bir 1.2\u03a9 diren\u00e7te tasarlanan geli\u015fmi\u015f a\u011f mimarisini kullan\u0131r.<\/p>\n<p style=\"font-size: 15px;color: #333;margin-bottom: 0\">Bir a\u011f \u0131zgaras\u0131, geleneksel helisel bobinlere k\u0131yasla milimetre kare ba\u015f\u0131na temelde daha b\u00fcy\u00fck bir y\u00fczey alan\u0131 sa\u011flar. 600mAh batarya bu a\u011fa ak\u0131m verdi\u011finde, \u0131s\u0131 t\u00fcm \u0131zgara boyunca h\u0131zl\u0131 ve e\u015fit bir \u015fekilde da\u011f\u0131l\u0131r. Bu termodinamik verimlilik, buharla\u015ft\u0131r\u0131labilir \u00e7\u00f6zeltinin karma\u015f\u0131k aromatik molek\u00fclleri korurken optimum, daha d\u00fc\u015f\u00fck bir s\u0131cakl\u0131kta atomize edilmesini sa\u011flar ve ayn\u0131 zamanda yo\u011fun, tatmin edici bulutlar \u00fcretir. 1.2\u03a9 derecesi, batarya korunmas\u0131yla optimum aerosol k\u00fctle \u00fcretimini dengelemek i\u00e7in \u00f6zel olarak kalibre edilmi\u015ftir.<\/p>\n<\/div>\n<h3 style=\"color: #2980b9;font-size: 24px;margin-top: 40px;margin-bottom: 15px\">Duyusal Profiller ve Aroma Se\u00e7imi<\/h3>\n<p style=\"font-size: 16px;margin-bottom: 20px\">Maksimum pazar \u00e7ekicili\u011fi ve t\u00fcketici memnuniyeti sa\u011flamak i\u00e7in, bu tek kullan\u0131ml\u0131k vape serisi, hassas bir \u015fekilde \u00fcretilmi\u015f duyusal kar\u0131\u015f\u0131mlar\u0131n kapsaml\u0131 bir katalo\u011funu sunar. Her profil, ilk \u00e7ekimden son aktivasyona kadar tutarl\u0131, a\u011f\u0131z suland\u0131ran bir deneyim sunmak i\u00e7in uzman aromaterapistler ve kimyagerler taraf\u0131ndan form\u00fcle edilmi\u015ftir. Mevcut se\u00e7enekler \u015funlar\u0131 i\u00e7erir:<\/p>\n<ul style=\"list-style-type: none;padding: 0;flex-wrap: wrap;gap: 15px;margin-bottom: 30px\">\n<li style=\"background-color: #ffffff;border: 1px solid #e0e0e0;border-radius: 20px;padding: 10px 20px;font-size: 15px;flex: 1 1 calc(33.333% - 15px);text-align: center\">\u00c7ilekli Karpuz<\/li>\n<li style=\"background-color: #ffffff;border: 1px solid #e0e0e0;border-radius: 20px;padding: 10px 20px;font-size: 15px;flex: 1 1 calc(33.333% - 15px);text-align: center\">Ejder Meyve Limonad\u0131<\/li>\n<li style=\"background-color: #ffffff;border: 1px solid #e0e0e0;border-radius: 20px;padding: 10px 20px;font-size: 15px;flex: 1 1 calc(33.333% - 15px);text-align: center\">\u00c7ilekli Muz<\/li>\n<li style=\"background-color: #ffffff;border: 1px solid #e0e0e0;border-radius: 20px;padding: 10px 20px;font-size: 15px;flex: 1 1 calc(33.333% - 15px);text-align: center\">G\u00fcrc\u00fc \u015eeftalisi<\/li>\n<li style=\"background-color: #ffffff;border: 1px solid #e0e0e0;border-radius: 20px;padding: 10px 20px;font-size: 15px;flex: 1 1 calc(33.333% - 15px);text-align: center\">Passionfruit Ananas<\/li>\n<li style=\"background-color: #ffffff;border: 1px solid #e0e0e0;border-radius: 20px;padding: 10px 20px;font-size: 15px;flex: 1 1 calc(33.333% - 15px);text-align: center\">Yaban Mersinli Karpuz<\/li>\n<li style=\"background-color: #ffffff;border: 1px solid #e0e0e0;border-radius: 20px;padding: 10px 20px;font-size: 15px;flex: 1 1 calc(33.333% - 15px);text-align: center\">Mavi Razz Buz<\/li>\n<li style=\"background-color: #ffffff;border: 1px solid #e0e0e0;border-radius: 20px;padding: 10px 20px;font-size: 15px;flex: 1 1 calc(33.333% - 15px);text-align: center\">\u00c7ilekli Kivi<\/li>\n<li style=\"background-color: #ffffff;border: 1px solid #e0e0e0;border-radius: 20px;padding: 10px 20px;font-size: 15px;flex: 1 1 calc(33.333% - 15px);text-align: center\">Ek\u015fi Elma Ahududu<\/li>\n<li style=\"background-color: #ffffff;border: 1px solid #e0e0e0;border-radius: 20px;padding: 10px 20px;font-size: 15px;flex: 1 1 calc(33.333% - 15px);text-align: center\">Pina Colada<\/li>\n<li style=\"background-color: #ffffff;border: 1px solid #e0e0e0;border-radius: 20px;padding: 10px 20px;font-size: 15px;flex: 1 1 calc(33.333% - 15px);text-align: center\">\u00dcz\u00fcm Razz<\/li>\n<li style=\"background-color: #ffffff;border: 1px solid #e0e0e0;border-radius: 20px;padding: 10px 20px;font-size: 15px;flex: 1 1 calc(33.333% - 15px);text-align: center\">Miami Mint<\/li>\n<\/ul>\n<h3 style=\"color: #2980b9;font-size: 24px;margin-top: 40px;margin-bottom: 15px\">Yetki, Uygunluk ve Kalite G\u00fcvencesi<\/h3>\n<p style=\"font-size: 16px;margin-bottom: 15px\">Uluslararas\u0131 buhar sekt\u00f6r\u00fcnde \u00f6nde gelen bir tedarik\u00e7i olarak, kat\u0131 k\u00fcresel \u00fcretim standartlar\u0131na uyan donan\u0131mlar\u0131n da\u011f\u0131t\u0131m\u0131n\u0131 \u00f6nceliklendiriyoruz. VASY CHRIS BROWN'u \u00fcreten tesisler, her \u00fcretim partisine tutarl\u0131 kalite kontrol metodolojilerinin uyguland\u0131\u011f\u0131n\u0131 garanti eden ISO 9001 sertifikasyon k\u0131lavuzlar\u0131 alt\u0131nda faaliyet g\u00f6stermektedir.<\/p>\n<p style=\"font-size: 16px;margin-bottom: 15px\">Ticari distrib\u00fct\u00f6rler ve perakendeciler i\u00e7in d\u00fczenleyici uyum son derece \u00f6nemlidir. Bu tek kullan\u0131ml\u0131k vape'ler CE (Conformit\u00e9 Europ\u00e9enne) ve RoHS (Tehlikeli Maddelerin K\u0131s\u0131tlanmas\u0131) direktiflerine uygun olarak tasarlanm\u0131\u015ft\u0131r. Bu, dahili elektronik bile\u015fenlerin y\u00fcksek g\u00fcvenlik, sa\u011fl\u0131k ve \u00e7evre koruma gereksinimlerini kar\u015f\u0131lad\u0131\u011f\u0131 ve devrelerin kur\u015fun, civa ve kadmiyum gibi k\u0131s\u0131tl\u0131 malzemelerden tamamen ar\u0131nm\u0131\u015f oldu\u011funu g\u00f6sterir.<\/p>\n<p style=\"font-size: 16px;margin-bottom: 30px\">Ayr\u0131ca, entegre 600mAh lityum-iyon h\u00fccreler, UN38.3 test protokollerine tabidir. Bu, lityum pillerin k\u00fcresel olarak g\u00fcvenli ta\u015f\u0131nmas\u0131 i\u00e7in kritik bir ba\u011f\u0131ms\u0131z do\u011frulama standard\u0131d\u0131r; donan\u0131m\u0131n, toplu uluslararas\u0131 nakliye s\u0131ras\u0131nda irtifa de\u011fi\u015fiklikleri, termal dalgalanmalar, titre\u015fim ve mekanik \u015foklara dayanabilece\u011fini, yanma tehlikesi olu\u015fturmadan sa\u011flamas\u0131n\u0131 sa\u011flar.<\/p>\n<h3 style=\"color: #2c3e50;font-size: 24px;margin-top: 40px;margin-bottom: 20px;border-bottom: 2px solid #ecf0f1;padding-bottom: 10px\">Da\u011f\u0131t\u0131c\u0131lar ve Kullan\u0131c\u0131lar i\u00e7in S\u0131k Sorulan Sorular (SSS)<\/h3>\n<div style=\"margin-bottom: 30px\">\n<div style=\"border: 1px solid #e0e0e0;border-radius: 8px;padding: 18px;margin-bottom: 15px;background-color: #ffffff\">\n<h4 style=\"margin: 0 0 10px 0;color: #2c3e50;font-size: 18px\">15.000 puf derecesi ampirik olarak nas\u0131l belirlenir?<\/h4>\n<p style=\"margin: 0;font-size: 15px;color: #555\">15.000 puf \u00f6l\u00e7\u00fct\u00fc, laboratuvar ortam\u0131nda kontroll\u00fc makine testi yoluyla belirlenir. Otomatik aparatlar, 12 ml rezervuar\u0131n optimum termal ko\u015fullar alt\u0131nda maksimum \u00e7\u0131k\u0131\u015f\u0131n\u0131 hesaplamak i\u00e7in standartla\u015ft\u0131r\u0131lm\u0131\u015f 3 saniyelik aral\u0131klarla buhar\u0131 \u00e7eker. Bireysel kullan\u0131c\u0131 sonu\u00e7lar\u0131, ki\u015fisel soluma s\u00fcresi ve kullan\u0131lan ayarlanabilir hava ak\u0131\u015f\u0131 ayarlar\u0131na ba\u011fl\u0131 olarak de\u011fi\u015febilir.<\/p>\n<\/div>\n<div style=\"border: 1px solid #e0e0e0;border-radius: 8px;padding: 18px;margin-bottom: 15px;background-color: #ffffff\">\n<h4 style=\"margin: 0 0 10px 0;color: #2c3e50;font-size: 18px\">Cihaz\u0131n PCB'sine hangi g\u00fcvenlik \u00f6zellikleri g\u00f6m\u00fcl\u00fcd\u00fcr?<\/h4>\n<p style=\"margin: 0;font-size: 15px;color: #555\">\u0130\u00e7 bask\u0131l\u0131 devre kart\u0131 (PCB), t\u00fcketici elektroni\u011fi i\u00e7in gerekli olan birden fazla g\u00fcvenlik \u00f6nlemi ile tasarlanm\u0131\u015ft\u0131r. Bunlar, a\u015f\u0131r\u0131 \u015farj korumas\u0131n\u0131 (pil 0 doldu\u011funda ak\u0131m giri\u015fini durdurma), a\u015f\u0131r\u0131 de\u015farj korumas\u0131n\u0131 (pil h\u00fccrelerinin kritik olarak d\u00fc\u015f\u00fck voltajdan bozulmadan \u00f6nce cihaz\u0131 kapatma) ve ani elektrik dalgalanmalar\u0131n\u0131 azaltmak i\u00e7in k\u0131sa devre korumas\u0131n\u0131 i\u00e7erir.<\/p>\n<\/div>\n<div style=\"border: 1px solid #e0e0e0;border-radius: 8px;padding: 18px;margin-bottom: 15px;background-color: #ffffff\">\n<h4 style=\"margin: 0 0 10px 0;color: #2c3e50;font-size: 18px\">Etekli vape cihazlar\u0131nda kablosuz \u015farj i\u015flevi nas\u0131l \u00e7al\u0131\u015f\u0131r?<\/h4>\n<p style=\"margin: 0;font-size: 15px;color: #555\">Cihaz\u0131n taban\u0131nda elektromanyetik bir ind\u00fcksiyon bobini bulunur. Uyumlu bir kablosuz \u015farj pedi \u00fczerine yerle\u015ftirildi\u011finde, alternatif bir manyetik alan i\u00e7 al\u0131c\u0131 i\u00e7inde bir elektrik ak\u0131m\u0131 olu\u015fturur ve 600mAh bataryay\u0131 sorunsuz bir \u015fekilde \u015farj eder. Bu modern kolayl\u0131k, \u015fasi \u00fczerinde fiziksel a\u015f\u0131nmay\u0131 \u00f6nler ve toz veya atmosferik nemin giri\u015f noktalar\u0131n\u0131 s\u0131n\u0131rlar.<\/p>\n<\/div>\n<div style=\"border: 1px solid #e0e0e0;border-radius: 8px;padding: 18px;margin-bottom: 15px;background-color: #ffffff\">\n<h4 style=\"margin: 0 0 10px 0;color: #2c3e50;font-size: 18px\">\u0130deal toplu envanter depolama parametreleri nelerdir?<\/h4>\n<p style=\"margin: 0;font-size: 15px;color: #555\">Buharla\u015ft\u0131r\u0131labilir form\u00fcl\u00fcn b\u00fct\u00fcnl\u00fc\u011f\u00fcn\u00fc ve lityum-iyon h\u00fccrelerin stabilitesini korumak i\u00e7in, toplu envanterin iklim kontroll\u00fc bir ortamda depolanmas\u0131 gerekir. \u0130deal ortam s\u0131cakl\u0131\u011f\u0131, orta d\u00fczeyde nem ile 15\u00b0C ila 25\u00b0C (59\u00b0F \u2013 77\u00b0F) aras\u0131ndad\u0131r. Donan\u0131m, do\u011frudan ultraviyole (UV) \u0131\u015f\u0131nlar\u0131na ve lokalize \u0131s\u0131 kaynaklar\u0131ndan uzak tutulmal\u0131d\u0131r.<\/p>\n<\/div>\n<\/div>\n<hr style=\"border: 0;height: 1px;background-color: #e0e0e0;margin: 40px 0\" \/>\n<h3 style=\"color: #2c3e50;font-size: 24px;margin-bottom: 15px\">Stratejik Toptan Kaynakland\u0131rma<\/h3>\n<p style=\"font-size: 16px;margin-bottom: 20px\">VASY CHRIS BROWN 15000 Puffs \u015fu anda toplu sat\u0131n alma i\u00e7in mevcuttur. Perakendeciler ve da\u011f\u0131t\u0131m a\u011flar\u0131 i\u00e7in, yerle\u015fik, y\u00fcksek yetkili sat\u0131c\u0131lar arac\u0131l\u0131\u011f\u0131yla kaynak sa\u011flanmas\u0131, \u00fcr\u00fcn\u00fcn \u00f6zg\u00fcnl\u00fc\u011f\u00fcn\u00fc ve kesintisiz tedarik zincirlerini sa\u011flar. \u00c7ok eri\u015filebilir kademelerde ba\u015flayan minimum sipari\u015f miktar\u0131 ile her \u00f6l\u00e7ekteki i\u015fletme, en iyi performans g\u00f6steren tek kullan\u0131ml\u0131k vape'lerle envanterini optimize edebilir.<\/p>\n<p style=\"font-size: 16px;margin-bottom: 30px\">\u00dcr\u00fcn portf\u00f6y\u00fcn\u00fcz\u00fc, s\u00fcrekli olarak kat\u0131 t\u00fcketici beklentilerini kar\u015f\u0131layan, y\u00fcksek d\u00fczeyde tasarlanm\u0131\u015f, optimize edilmi\u015f \u00e7\u0131k\u0131\u015fl\u0131 tek kullan\u0131ml\u0131k vape'lerle geli\u015ftirin. Kolayla\u015ft\u0131r\u0131lm\u0131\u015f toptan sat\u0131\u015f lojisti\u011fimizden yararlan\u0131n ve bug\u00fcn b\u00f6lgesel pazar\u0131n\u0131zda rekabet\u00e7i bir avantaj elde edin.<\/p>\n<div style=\"text-align: center;margin: 40px 0\"><img loading=\"lazy\" decoding=\"async\" class=\"alignnone wp-image-53484 size-full\" style=\"max-width: 100%;height: auto;border-radius: 10px\" src=\"https:\/\/vapexyz.com\/wp-content\/uploads\/2025\/07\/Vasy-Chris-Brown-15000-Puffs-Low-Nicotine-Bulk-Buy-Original-Rechargeable-Disposable-Vapes-Wholesale-7.jpg\" alt=\"Vasy Chris Brown 15000 Puffs Toplu Al\u0131m Orijinal \u015earj Edilebilir Tek Kullan\u0131ml\u0131k Vape Toptan Sat\u0131\u015f\" width=\"2400\" height=\"1000\" title=\"\" srcset=\"https:\/\/vapexyz.com\/wp-content\/uploads\/2025\/07\/Vasy-Chris-Brown-15000-Puffs-Low-Nicotine-Bulk-Buy-Original-Rechargeable-Disposable-Vapes-Wholesale-7.jpg 2400w, https:\/\/vapexyz.com\/wp-content\/uploads\/2025\/07\/Vasy-Chris-Brown-15000-Puffs-Low-Nicotine-Bulk-Buy-Original-Rechargeable-Disposable-Vapes-Wholesale-7-500x208.jpg 500w, https:\/\/vapexyz.com\/wp-content\/uploads\/2025\/07\/Vasy-Chris-Brown-15000-Puffs-Low-Nicotine-Bulk-Buy-Original-Rechargeable-Disposable-Vapes-Wholesale-7-1024x427.jpg 1024w, https:\/\/vapexyz.com\/wp-content\/uploads\/2025\/07\/Vasy-Chris-Brown-15000-Puffs-Low-Nicotine-Bulk-Buy-Original-Rechargeable-Disposable-Vapes-Wholesale-7-768x320.jpg 768w, https:\/\/vapexyz.com\/wp-content\/uploads\/2025\/07\/Vasy-Chris-Brown-15000-Puffs-Low-Nicotine-Bulk-Buy-Original-Rechargeable-Disposable-Vapes-Wholesale-7-1536x640.jpg 1536w, https:\/\/vapexyz.com\/wp-content\/uploads\/2025\/07\/Vasy-Chris-Brown-15000-Puffs-Low-Nicotine-Bulk-Buy-Original-Rechargeable-Disposable-Vapes-Wholesale-7-2048x853.jpg 2048w, https:\/\/vapexyz.com\/wp-content\/uploads\/2025\/07\/Vasy-Chris-Brown-15000-Puffs-Low-Nicotine-Bulk-Buy-Original-Rechargeable-Disposable-Vapes-Wholesale-7-18x8.jpg 18w, https:\/\/vapexyz.com\/wp-content\/uploads\/2025\/07\/Vasy-Chris-Brown-15000-Puffs-Low-Nicotine-Bulk-Buy-Original-Rechargeable-Disposable-Vapes-Wholesale-7-510x213.jpg 510w\" sizes=\"auto, (max-width: 2400px) 100vw, 2400px\" \/><\/div>\n<\/article>","protected":false},"excerpt":{"rendered":"<p>VASY CHRIS BROWN 15000 Puffs, VapeXYZ'de toplu perakende sat\u0131\u015f i\u00e7in m\u00fckemmel olan dijital ekran, ayarlanabilir hava ak\u0131\u015f\u0131, kablosuz \u015farj ve 12 zengin tat i\u00e7eren \u015farj edilebilir tek kullan\u0131ml\u0131k bir vape cihaz\u0131d\u0131r.<\/p>","protected":false},"featured_media":53478,"comment_status":"open","ping_status":"closed","template":"","meta":{"_lmt_disableupdate":"no","_lmt_disable":""},"product_brand":[],"product_cat":[925,998,947,935,934,927,929,928,930,933,939,932,938,931,936,937,1017,949,946,951,953,987],"product_tag":[],"class_list":{"0":"post-53426","1":"product","2":"type-product","3":"status-publish","4":"has-post-thumbnail","6":"product_cat-vasy","7":"product_cat-15000-puff-vapes","8":"product_cat-big-puffs-vapes","9":"product_cat-bulk-buy-disposable-vapes-in-austria","10":"product_cat-bulk-buy-disposable-vapes-in-belgium","11":"product_cat-bulk-buy-disposable-vapes-in-europe","12":"product_cat-bulk-buy-disposable-vapes-in-france","13":"product_cat-bulk-buy-disposable-vapes-in-germany","14":"product_cat-bulk-buy-disposable-vapes-in-italy","15":"product_cat-bulk-buy-disposable-vapes-in-netherlands","16":"product_cat-bulk-buy-disposable-vapes-in-norway","17":"product_cat-bulk-buy-disposable-vapes-in-poland","18":"product_cat-bulk-buy-disposable-vapes-in-portugal","19":"product_cat-bulk-buy-disposable-vapes-in-spain","20":"product_cat-bulk-buy-disposable-vapes-in-sweden","21":"product_cat-bulk-buy-disposable-vapes-in-switzerland","22":"product_cat-buy-best-disposable-vape-flavors","23":"product_cat-digital-box-vapes","24":"product_cat-disposable-vapes-series","25":"product_cat-lower-nicotine-vapes","26":"product_cat-rechargeable-vapes","27":"product_cat-vape-shop-by-puffs","29":"first","30":"instock","31":"shipping-taxable","32":"purchasable","33":"product-type-variable","34":"has-default-attributes"},"jetpack_sharing_enabled":true,"tiered_pricing_type":"fixed","tiered_pricing_fixed_rules":[],"tiered_pricing_product_settings":{"layout":"default","base_unit_name":{"singular":null,"plural":null},"default_variation":null},"tiered_pricing_minimum_quantity":null,"tiered_pricing_roles_data":[],"tiered_pricing_percentage_rules":[],"tiered_pricing_maximum_quantity":null,"tiered_pricing_quantity_step":null,"_links":{"self":[{"href":"https:\/\/vapexyz.com\/tr\/wp-json\/wp\/v2\/product\/53426","targetHints":{"allow":["GET"]}}],"collection":[{"href":"https:\/\/vapexyz.com\/tr\/wp-json\/wp\/v2\/product"}],"about":[{"href":"https:\/\/vapexyz.com\/tr\/wp-json\/wp\/v2\/types\/product"}],"replies":[{"embeddable":true,"href":"https:\/\/vapexyz.com\/tr\/wp-json\/wp\/v2\/comments?post=53426"}],"wp:featuredmedia":[{"embeddable":true,"href":"https:\/\/vapexyz.com\/tr\/wp-json\/wp\/v2\/media\/53478"}],"wp:attachment":[{"href":"https:\/\/vapexyz.com\/tr\/wp-json\/wp\/v2\/media?parent=53426"}],"wp:term":[{"taxonomy":"product_brand","embeddable":true,"href":"https:\/\/vapexyz.com\/tr\/wp-json\/wp\/v2\/product_brand?post=53426"},{"taxonomy":"product_cat","embeddable":true,"href":"https:\/\/vapexyz.com\/tr\/wp-json\/wp\/v2\/product_cat?post=53426"},{"taxonomy":"product_tag","embeddable":true,"href":"https:\/\/vapexyz.com\/tr\/wp-json\/wp\/v2\/product_tag?post=53426"}],"curies":[{"name":"wp","href":"https:\/\/api.w.org\/{rel}","templated":true}]}}