{"id":53224,"date":"2025-07-31T09:26:33","date_gmt":"2025-07-31T09:26:33","guid":{"rendered":"https:\/\/vapexyz.com\/?post_type=product&#038;p=53224"},"modified":"2026-03-02T09:03:56","modified_gmt":"2026-03-02T09:03:56","slug":"mesii-triple-niice-35000-puffs-ice-nikotin-kontrolu-dusuk-nikotin-toplu-alim-orijinal-sarj-edilebilir-tek-kullanimlik-vape-toptan-satis","status":"publish","type":"product","link":"https:\/\/vapexyz.com\/tr\/product\/mesii-triple-niice-35000-puffs-ice-nic-control-low-nicotine-bulk-buy-original-rechargeable-disposable-vapes-wholesale\/","title":{"rendered":"MESII TRIPLE NIICE 35000 Puffs Buz G\u00fcc\u00fc Kontrol\u00fc Toplu Al\u0131m \u015earj Edilebilir Tek Kullan\u0131ml\u0131k Vape Toptan Sat\u0131\u015f"},"content":{"rendered":"<article style=\"font-family: 'Segoe UI', Roboto, Helvetica, Arial, sans-serif;line-height: 1.6;color: #333;max-width: 100%;margin: 0 auto;padding: 20px\">\n<h2 style=\"color: #2c3e50;border-bottom: 2px solid #3498db;padding-bottom: 10px;font-size: 2em;margin-bottom: 20px\"><a style=\"color: #3498db;text-decoration: none\" href=\"https:\/\/vapexyz.com\/tr\/urun-kategori%cc%87si%cc%87\/mesii-tek-kullanimlik-vape-cihazlari\/\">MESII<\/a> \u00dc\u00c7 KAT \u0130Y\u0130 35000 Puff - Premium D\u00fc\u015f\u00fck Konsantrasyonlu Tek Kullan\u0131ml\u0131k Vape Genel Bak\u0131\u015f<\/h2>\n<p style=\"font-size: 1.1em;color: #555;margin-bottom: 20px\">MESII TRIPLE NIICE 35.000 Puff, y\u00fcksek kapasiteli tek kullan\u0131ml\u0131k vape'lerin m\u00fchendisli\u011finde \u00f6nemli bir s\u0131\u00e7rama temsil eder. Donan\u0131m g\u00fcvenilirli\u011finden \u00f6d\u00fcn vermeden uzun s\u00fcreli memnuniyet arayan kullan\u0131c\u0131lar i\u00e7in titizlikle tasarlanan bu cihaz, son teknoloji buharla\u015ft\u0131rma teknolojisini entegre eder. Ba\u011f\u0131ms\u0131z olarak do\u011frulanan 35.000 pufa kadar operasyonel \u00f6m\u00fcr sunan donan\u0131m, g\u00fc\u00e7l\u00fc bir 800mAh \u015farj edilebilir lityum-iyon h\u00fccre ile g\u00fc\u00e7lendirilir. Ampirik performans\u0131n\u0131n merkezinde, buharla\u015ft\u0131rma form\u00fcl\u00fcn\u00fcn erken bozulmas\u0131n\u0131 \u00f6nlemek i\u00e7in tasarlanan, tutarl\u0131 termal da\u011f\u0131l\u0131m sa\u011flamak \u00fczere m\u00fchendislik edilen \u00fc\u00e7 ba\u011f\u0131ms\u0131z mesh bobin vard\u0131r.<\/p>\n<div style=\"text-align: center;margin: 40px 0\"><img loading=\"lazy\" decoding=\"async\" class=\"alignnone size-full wp-image-53269\" style=\"max-width: 100%;height: auto;border-radius: 12px\" src=\"https:\/\/vapexyz.com\/wp-content\/uploads\/2025\/07\/Mesii-Triple-NIICE-35000-Puffs-Ice-Nic-Control-Low-Nicotine-Bulk-Buy-Original-Rechargeable-Disposable-Vapes-Wholesale-1.webp\" alt=\"Mesii Triple NIICE 35000 Puffs Buz Kontrol\u00fc Toplu Al\u0131m Orijinal \u015earj Edilebilir Tek Kullan\u0131ml\u0131k Vape Toptan Sat\u0131\u015f\" width=\"1920\" height=\"2164\" title=\"\" srcset=\"https:\/\/vapexyz.com\/wp-content\/uploads\/2025\/07\/Mesii-Triple-NIICE-35000-Puffs-Ice-Nic-Control-Low-Nicotine-Bulk-Buy-Original-Rechargeable-Disposable-Vapes-Wholesale-1.webp 1920w, https:\/\/vapexyz.com\/wp-content\/uploads\/2025\/07\/Mesii-Triple-NIICE-35000-Puffs-Ice-Nic-Control-Low-Nicotine-Bulk-Buy-Original-Rechargeable-Disposable-Vapes-Wholesale-1-444x500.webp 444w, https:\/\/vapexyz.com\/wp-content\/uploads\/2025\/07\/Mesii-Triple-NIICE-35000-Puffs-Ice-Nic-Control-Low-Nicotine-Bulk-Buy-Original-Rechargeable-Disposable-Vapes-Wholesale-1-909x1024.webp 909w, https:\/\/vapexyz.com\/wp-content\/uploads\/2025\/07\/Mesii-Triple-NIICE-35000-Puffs-Ice-Nic-Control-Low-Nicotine-Bulk-Buy-Original-Rechargeable-Disposable-Vapes-Wholesale-1-768x866.webp 768w, https:\/\/vapexyz.com\/wp-content\/uploads\/2025\/07\/Mesii-Triple-NIICE-35000-Puffs-Ice-Nic-Control-Low-Nicotine-Bulk-Buy-Original-Rechargeable-Disposable-Vapes-Wholesale-1-1363x1536.webp 1363w, https:\/\/vapexyz.com\/wp-content\/uploads\/2025\/07\/Mesii-Triple-NIICE-35000-Puffs-Ice-Nic-Control-Low-Nicotine-Bulk-Buy-Original-Rechargeable-Disposable-Vapes-Wholesale-1-1817x2048.webp 1817w, https:\/\/vapexyz.com\/wp-content\/uploads\/2025\/07\/Mesii-Triple-NIICE-35000-Puffs-Ice-Nic-Control-Low-Nicotine-Bulk-Buy-Original-Rechargeable-Disposable-Vapes-Wholesale-1-11x12.webp 11w, https:\/\/vapexyz.com\/wp-content\/uploads\/2025\/07\/Mesii-Triple-NIICE-35000-Puffs-Ice-Nic-Control-Low-Nicotine-Bulk-Buy-Original-Rechargeable-Disposable-Vapes-Wholesale-1-510x575.webp 510w\" sizes=\"auto, (max-width: 1920px) 100vw, 1920px\" \/><\/div>\n<p style=\"font-size: 1.1em;color: #555;margin-bottom: 20px\">Ayr\u0131ca, MESII TRIPLE NIICE, geli\u015fmi\u015f, b\u00fcy\u00fck \u00f6l\u00e7ekli bir dijital LED ekranla donat\u0131lm\u0131\u015ft\u0131r. Bu karma\u015f\u0131k enstr\u00fcmantasyon, kullan\u0131c\u0131lara cihazlar\u0131 hakk\u0131nda ger\u00e7ek zamanl\u0131, son derece do\u011fru telemetri sa\u011flar. Operat\u00f6rler, mevcut termal so\u011futma seviyelerini (Ice), aktif bile\u015fen konsantrasyon seviyesini, hassas pil gerilimini ve rezervuarda kalan buharla\u015ft\u0131rma form\u00fcl\u00fcn\u00fcn tam hacmini an\u0131nda izleyebilir. Tedarik zinciri \u015feffafl\u0131\u011f\u0131n\u0131 ve s\u0131k\u0131 kalite kontrol\u00fcn\u00fc \u00f6nceliklendirerek, VapeXYZ, Avrupa pazar\u0131nda bu son teknoloji at\u0131labilir vape'lerin premier toptan distrib\u00fct\u00f6r\u00fc olarak kendini kan\u0131tlam\u0131\u015ft\u0131r.<\/p>\n<div style=\"background: linear-gradient(135deg, #f5f7fa 0%, #c3cfe2 100%);border-left: 6px solid #2980b9;padding: 25px;margin: 30px 0;border-radius: 0 10px 10px 0\">\n<h3 style=\"margin-top: 0;color: #2c3e50;font-size: 1.4em\">Ampirik Test &amp; M\u00fchendislik Uzmanl\u0131\u011f\u0131<\/h3>\n<p style=\"margin-bottom: 0;color: #444\"><strong>Laboratuvar Do\u011frulamas\u0131:<\/strong> 35.000 puf derecesi yaln\u0131zca teorik de\u011fildir; standartla\u015ft\u0131r\u0131lm\u0131\u015f mekanik inhalasyon sim\u00fclat\u00f6rleri kullan\u0131larak titiz ampirik testlerden elde edilmi\u015ftir. Test parametreleri, iklim kontroll\u00fc 25\u00b0C ortam\u0131nda 10 saniyelik dinlenme aral\u0131\u011f\u0131 ile sabit 1,5 saniyelik \u00e7ekme s\u00fcresi kullan\u0131r. Entegrasyon <strong>\u00dc\u00e7 Ba\u011f\u0131ms\u0131z A\u011f Bobini<\/strong> herhangi bir tek \u0131s\u0131tma eleman\u0131ndaki termal y\u00fck\u00fc TP3T azalt\u0131r, donan\u0131m\u0131n operasyonel b\u00fct\u00fcnl\u00fc\u011f\u00fcn\u00fc \u00f6nemli \u00f6l\u00e7\u00fcde uzat\u0131r ve buharla\u015ft\u0131rma form\u00fcl\u00fcn\u00fcn ilk \u00e7ekimden son \u00e7ekime kadar kimyasal olarak stabil kalmas\u0131n\u0131 sa\u011flar. M\u00fchendislik en iyi uygulamalar\u0131na bu s\u0131k\u0131 uyum, bu \u00f6zel tek kullan\u0131ml\u0131k vape'lerin neden ola\u011fan\u00fcst\u00fc pazar otoritesi tuttu\u011funu vurgulamaktad\u0131r.<\/p>\n<\/div>\n<hr style=\"border: 0;height: 1px;background: #e0e0e0;margin: 40px 0\" \/>\n<h3 style=\"color: #2c3e50;font-size: 1.6em;margin-bottom: 20px\">MESII TRIPLE NIICE'nin Temel Teknik \u00d6zellikleri<\/h3>\n<ul style=\"padding-left: 0;margin-bottom: 30px\">\n<li style=\"margin-bottom: 15px;padding: 15px;background: #fff;border: 1px solid #eaeaea;border-radius: 8px\"><strong style=\"color: #2980b9;font-size: 1.1em\">Is\u0131 So\u011futma Ayar\u0131:<\/strong> Dinamik hava ak\u0131\u015f\u0131 ve so\u011futma kontrol matrisi ile tasarlanm\u0131\u015ft\u0131r. Kullan\u0131c\u0131lar, No Ice, Low Ice, Medium Ice veya Brain Freeze ayarlar\u0131 aras\u0131nda sorunsuz bir \u015fekilde ge\u00e7i\u015f yapabilir ve bu da duyusal profilin e\u015fsiz bir \u015fekilde \u00f6zelle\u015ftirilmesini sa\u011flar.<\/li>\n<li style=\"margin-bottom: 15px;padding: 15px;background: #fff;border: 1px solid #eaeaea;border-radius: 8px\"><strong style=\"color: #2980b9;font-size: 1.1em\">Aktif Konsantrasyon Se\u00e7enekleri:<\/strong> \u00c7e\u015fitli kullan\u0131c\u0131 tercihlerine uyum sa\u011flamak \u00fczere tasarlanan cihaz, standartla\u015ft\u0131r\u0131lm\u0131\u015f konsantrasyon g\u00fc\u00e7lerinde \u00fcretilmektedir. <strong>0%, 2%, 3% ve 5%<\/strong>. Bu hassas kalibrasyon, \u00f6zel tek kullan\u0131ml\u0131k vape \u00fcr\u00fcnleri arayanlar i\u00e7in tutarl\u0131 teslimat sa\u011flar.<\/li>\n<li style=\"margin-bottom: 15px;padding: 15px;background: #fff;border: 1px solid #eaeaea;border-radius: 8px\"><strong style=\"color: #2980b9;font-size: 1.1em\">Y\u00fcksek Sadakatli Dijital Ekran:<\/strong> Basit g\u00f6sterge \u0131\u015f\u0131klar\u0131n\u0131n \u00f6tesine ge\u00e7erek, entegre mikro kontrol\u00f6r net bir ekran matrisi g\u00fc\u00e7lendirir. Pil h\u00fccresinin, so\u011futma seviyesinin, konsantrasyon \u00f6l\u00e7\u00fctlerinin ve rezervuar hacminin tam durumunu yay\u0131nlamak i\u00e7in ger\u00e7ek zamanl\u0131 sens\u00f6r verilerini i\u015fler.<\/li>\n<li style=\"margin-bottom: 15px;padding: 15px;background: #fff;border: 1px solid #eaeaea;border-radius: 8px\"><strong style=\"color: #2980b9;font-size: 1.1em\">800mAh Y\u00fcksek Yo\u011funluklu Pil:<\/strong> \u00dcst\u00fcn lityum-iyon mimarisi kullan\u0131larak \u00fcretilmi\u015ftir. Ampirik d\u00f6ng\u00fc testleri, bu h\u00fccrenin uzun s\u00fcreli kullan\u0131m d\u00f6nemlerinde optimum voltaj \u00e7\u0131k\u0131\u015f\u0131n\u0131 s\u00fcrd\u00fcrd\u00fc\u011f\u00fcn\u00fc do\u011frular ve rezervuar tamamen bo\u015falana kadar kararl\u0131 atomizasyonu sa\u011flar.<\/li>\n<li style=\"margin-bottom: 15px;padding: 15px;background: #fff;border: 1px solid #eaeaea;border-radius: 8px\"><strong style=\"color: #2980b9;font-size: 1.1em\">Hassas Alternatif A\u011f Bobinleri:<\/strong> \u00dc\u00e7 ba\u011f\u0131ms\u0131z bobin sinerjik olarak \u00e7al\u0131\u015f\u0131r. Bu, buharla\u015ft\u0131rma form\u00fcl\u00fcn\u00fcn \u00f6zg\u00fcn tad\u0131n\u0131 on binlerce kullan\u0131mda korumak i\u00e7in kritik olan art\u0131k birikimini azalt\u0131r ve karbonizasyonu \u00f6nler.<\/li>\n<li style=\"margin-bottom: 15px;padding: 15px;background: #fff;border: 1px solid #eaeaea;border-radius: 8px\"><strong style=\"color: #2980b9;font-size: 1.1em\">Pn\u00f6matik Hava Ak\u0131\u015f\u0131 Kontrol\u00fc:<\/strong> Fiziksel olarak ayarlanabilir bir hava giri\u015fi valfi \u00f6zelli\u011fi sunar, b\u00f6ylece kullan\u0131c\u0131lar \u00e7ekme direncini hassas bir \u015fekilde ayarlayabilirler. Bu aerodinamik esneklik, hem s\u0131k\u0131 a\u011f\u0131zdan akci\u011fere hem de daha a\u00e7\u0131k inhalasyon tercihlerine hitap eder.<\/li>\n<\/ul>\n<h3 style=\"color: #2c3e50;font-size: 1.6em;margin-bottom: 20px\">Kapsaml\u0131 Donan\u0131m \u00d6zellikleri<\/h3>\n<table style=\"width: 100%;border-collapse: collapse;margin: 20px 0;font-family: 'Segoe UI', sans-serif;border-radius: 8px;overflow: hidden\">\n<thead>\n<tr style=\"background-color: #2c3e50;color: #ffffff;text-align: left\">\n<th style=\"padding: 15px;border-bottom: 2px solid #1a252f\">M\u00fchendislik Parametresi<\/th>\n<th style=\"padding: 15px;border-bottom: 2px solid #1a252f\">Teknik \u00d6zellikler<\/th>\n<\/tr>\n<\/thead>\n<tbody>\n<tr style=\"background-color: #f9f9f9\">\n<td style=\"padding: 12px 15px;border-bottom: 1px solid #e0e0e0;font-weight: 600;color: #333\">G\u00fc\u00e7 H\u00fccre Kapasitesi<\/td>\n<td style=\"padding: 12px 15px;border-bottom: 1px solid #e0e0e0;color: #555\">800mAh Lityum-\u0130yon<\/td>\n<\/tr>\n<tr style=\"background-color: #ffffff\">\n<td style=\"padding: 12px 15px;border-bottom: 1px solid #e0e0e0;font-weight: 600;color: #333\">Rezervuar Mimarisi<\/td>\n<td style=\"padding: 12px 15px;border-bottom: 1px solid #e0e0e0;color: #555\">Toplam 40ml (B\u00f6l\u00fcml\u00fc: 20ml + 10ml + 10ml)<\/td>\n<\/tr>\n<tr style=\"background-color: #f9f9f9\">\n<td style=\"padding: 12px 15px;border-bottom: 1px solid #e0e0e0;font-weight: 600;color: #333\">Cihaz A\u011f\u0131rl\u0131\u011f\u0131<\/td>\n<td style=\"padding: 12px 15px;border-bottom: 1px solid #e0e0e0;color: #555\">130 Gram<\/td>\n<\/tr>\n<tr style=\"background-color: #ffffff\">\n<td style=\"padding: 12px 15px;border-bottom: 1px solid #e0e0e0;font-weight: 600;color: #333\">Perakende Ambalaj\u0131<\/td>\n<td style=\"padding: 12px 15px;border-bottom: 1px solid #e0e0e0;color: #555\">G\u00f6r\u00fcnt\u00fcleme Kutusu Ba\u015f\u0131na 10 Adet<\/td>\n<\/tr>\n<tr style=\"background-color: #f9f9f9\">\n<td style=\"padding: 12px 15px;border-bottom: 1px solid #e0e0e0;font-weight: 600;color: #333\">Toplu Karton Hacmi<\/td>\n<td style=\"padding: 12px 15px;border-bottom: 1px solid #e0e0e0;color: #555\">Ana Karton Ba\u015f\u0131na 160 Adet<\/td>\n<\/tr>\n<tr style=\"background-color: #ffffff\">\n<td style=\"padding: 12px 15px;border-bottom: 1px solid #e0e0e0;font-weight: 600;color: #333\">Ana Karton A\u011f\u0131rl\u0131\u011f\u0131<\/td>\n<td style=\"padding: 12px 15px;border-bottom: 1px solid #e0e0e0;color: #555\">20,6 Kilogram<\/td>\n<\/tr>\n<tr style=\"background-color: #f9f9f9\">\n<td style=\"padding: 12px 15px;border-bottom: 1px solid #e0e0e0;font-weight: 600;color: #333\">Ana Karton Boyutlar\u0131<\/td>\n<td style=\"padding: 12px 15px;border-bottom: 1px solid #e0e0e0;color: #555\">487mm \u00d7 337mm \u00d7 267mm<\/td>\n<\/tr>\n<tr style=\"background-color: #ffffff\">\n<td style=\"padding: 12px 15px;border-bottom: 1px solid #e0e0e0;font-weight: 600;color: #333\">Aktif Konsantrasyon G\u00fc\u00e7leri<\/td>\n<td style=\"padding: 12px 15px;border-bottom: 1px solid #e0e0e0;color: #555\">0%, 2%, 3%, 5% Se\u00e7enekleri Mevcuttur<\/td>\n<\/tr>\n<\/tbody>\n<\/table>\n<hr style=\"border: 0;height: 1px;background: #e0e0e0;margin: 40px 0\" \/>\n<h3 style=\"color: #2c3e50;font-size: 1.6em;margin-bottom: 20px\">Se\u00e7ilmi\u015f Aromatik Profiller<\/h3>\n<p style=\"font-size: 1.05em;color: #555;margin-bottom: 20px\">Yetkili bir pazar konumunu sa\u011flamak i\u00e7in, bu tek kullan\u0131ml\u0131k vape'lerdeki buharla\u015ft\u0131rma form\u00fclleri, g\u0131da s\u0131n\u0131f\u0131 botanik \u00f6zler ve geli\u015fmi\u015f sentez teknikleri kullan\u0131larak kar\u0131\u015ft\u0131r\u0131l\u0131r. Bu titiz yakla\u015f\u0131m, sert kimyasal alt tonlardan ar\u0131nm\u0131\u015f, saf ve kirlenmemi\u015f bir duyusal deneyim garanti eder. Se\u00e7ilen \u00fcr\u00fcn yelpazesi \u015funlar\u0131 i\u00e7erir:<\/p>\n<div style=\"grid-template-columns: repeat(auto-fit, minmax(250px, 1fr));gap: 15px;margin-bottom: 30px\">\n<div style=\"background: #fdfdfd;border: 1px solid #e8e8e8;padding: 15px;border-radius: 8px;border-left: 4px solid #e74c3c\"><strong style=\"color: #333\">Karpuzlu Buz:<\/strong> Taze, ferahlat\u0131c\u0131 bir yaz meyvesini taklit eden botanik bir kar\u0131\u015f\u0131m, kesin bir so\u011futma maddesiyle tamamlanm\u0131\u015ft\u0131r.<\/div>\n<div style=\"background: #fdfdfd;border: 1px solid #e8e8e8;padding: 15px;border-radius: 8px;border-left: 4px solid #8e44ad\"><strong style=\"color: #333\">\u00dcz\u00fcml\u00fc Buz:<\/strong> Derin, zengin ba\u011f notalar\u0131 ileri d\u00fczeydeki termal so\u011futma hissi ile m\u00fckemmel dengelenmi\u015ftir.<\/div>\n<div style=\"background: #fdfdfd;border: 1px solid #e8e8e8;padding: 15px;border-radius: 8px;border-left: 4px solid #2980b9\"><strong style=\"color: #333\">Blue Razz Ice:<\/strong> Tart meyve aromalar\u0131n\u0131n karma\u015f\u0131k bir orkestrasyonu, donuk bir solunum profili ile geli\u015ftirildi.<\/div>\n<div style=\"background: #fdfdfd;border: 1px solid #e8e8e8;padding: 15px;border-radius: 8px;border-left: 4px solid #27ae60\"><strong style=\"color: #333\">Yaban Mersinli Karpuz:<\/strong> \u0130ki farkl\u0131 meyve profilinin uzman bir f\u00fczyonu, \u00e7ok katmanl\u0131 bir aromatik buket sunar.<\/div>\n<div style=\"background: #fdfdfd;border: 1px solid #e8e8e8;padding: 15px;border-radius: 8px;border-left: 4px solid #16a085\"><strong style=\"color: #333\">Kire\u00e7 Nane:<\/strong> Keskin narenciye tonlar\u0131, taze otlu nane ile kesilerek, ola\u011fan\u00fcst\u00fc a\u011f\u0131z temizleme \u00f6zellikleri sa\u011flar.<\/div>\n<div style=\"background: #fdfdfd;border: 1px solid #e8e8e8;padding: 15px;border-radius: 8px;border-left: 4px solid #f39c12\"><strong style=\"color: #333\">Taze \u015eeftali:<\/strong> Bah\u00e7e meyvelerinin \u00f6zg\u00fcn, g\u00fcne\u015fle olgunla\u015fm\u0131\u015f \u00f6z\u00fcn\u00fc dikkate de\u011fer bir sadakatle yakalamak.<\/div>\n<div style=\"background: #fdfdfd;border: 1px solid #e8e8e8;padding: 15px;border-radius: 8px;border-left: 4px solid #e67e22\"><strong style=\"color: #333\">\u00c7ilekli Buz:<\/strong> Klasik botanik tatl\u0131l\u0131\u011f\u0131, ard\u0131ndan serin, taze hava sim\u00fclasyonunun kalibre edilmi\u015f bir h\u0131z\u0131 izler.<\/div>\n<div style=\"background: #fdfdfd;border: 1px solid #e8e8e8;padding: 15px;border-radius: 8px;border-left: 4px solid #9b59b6\"><strong style=\"color: #333\">Kar\u0131\u015f\u0131k \u00e7ilek:<\/strong> Kara ve k\u0131rm\u0131z\u0131 meyve notalar\u0131n\u0131n son derece tasarlanm\u0131\u015f bir sentezi, maksimum derinlik ve karma\u015f\u0131kl\u0131k i\u00e7in tasarlanm\u0131\u015ft\u0131r.<\/div>\n<div style=\"background: #fdfdfd;border: 1px solid #e8e8e8;padding: 15px;border-radius: 8px;border-left: 4px solid #c0392b\"><strong style=\"color: #333\">\u00c7ifte Elma:<\/strong> Geleneksel profillere bir \u00f6vg\u00fc, ek\u015fi ye\u015fil ve tatl\u0131 k\u0131rm\u0131z\u0131 elma aromalar\u0131n\u0131 uyumlu bir b\u00fct\u00fcn haline getirmektedir.<\/div>\n<div style=\"background: #fdfdfd;border: 1px solid #e8e8e8;padding: 15px;border-radius: 8px;border-left: 4px solid #34495e\"><strong style=\"color: #333\">Kiraz Kolal\u0131 Dondurma:<\/strong> Nostaljik, ferahlat\u0131c\u0131 bir tarzda kar\u0131\u015ft\u0131r\u0131lm\u0131\u015f, koyu kiraz \u00f6zleri ile tan\u0131nabilir i\u00e7ecek alt tonlar\u0131n\u0131 ve serin bir biti\u015fi birle\u015ftiren bir kar\u0131\u015f\u0131m.<\/div>\n<\/div>\n<hr style=\"border: 0;height: 1px;background: #e0e0e0;margin: 40px 0\" \/>\n<h3 style=\"color: #2c3e50;font-size: 1.6em;margin-bottom: 20px\">Neden VapeXYZ'i Se\u00e7melisiniz? B2B G\u00fcven ve Yetki<\/h3>\n<p style=\"font-size: 1.1em;color: #555;margin-bottom: 20px\">At <strong>VapeXYZ<\/strong>, geli\u015fmi\u015f donan\u0131mlar\u0131n k\u00fcresel da\u011f\u0131t\u0131m\u0131nda sekiz y\u0131l\u0131 a\u015fk\u0131n do\u011frulukla kan\u0131tlanm\u0131\u015f uzmanl\u0131\u011fa sahibiz. Toptan tek kullan\u0131ml\u0131k vape'lerde uzmanla\u015fm\u0131\u015f olup, yaln\u0131zca ISO 9001 kalite y\u00f6netim sistemleri alt\u0131nda faaliyet g\u00f6steren ve kat\u0131 CE ve RoHS standartlar\u0131na uygun donan\u0131mlar \u00fcreten \u00fcretim tesisleri ile i\u015fbirli\u011fi yap\u0131yoruz. Uyumlulu\u011fa verdi\u011fimiz \u00f6nem, m\u00fc\u015fterilerimizin MESII TRIPLE NIICE 35000 Puffs gibi premium, s\u0131k\u0131 bir \u015fekilde d\u00fczenlenmi\u015f \u00fcr\u00fcnleri almas\u0131n\u0131 sa\u011flar.<\/p>\n<p style=\"font-size: 1.1em;color: #555;margin-bottom: 20px\">G\u00fc\u00e7l\u00fc tedarik zinciri lojisti\u011fimiz, h\u0131zl\u0131 sevk\u0131yat g\u00f6nderim protokolleri, olduk\u00e7a \u00f6l\u00e7eklenebilir toplu sipari\u015f yetenekleri ve agresif rekabet\u00e7i B2B fiyatland\u0131rma modelleri sunar. Bu operasyonel m\u00fckemmellik, sat\u0131n alma yat\u0131r\u0131mlar\u0131n\u0131z i\u00e7in en y\u00fcksek ampirik de\u011feri alaca\u011f\u0131n\u0131z\u0131 garanti eder. T\u00fcm i\u015fletmelerin \u00fcst d\u00fczey donan\u0131mlara eri\u015fimini demokratikle\u015ftirerek, sadece 10 adetlik son derece eri\u015filebilir bir Minimum Sipari\u015f Miktar\u0131 (MOQ) uygular\u0131z. Bug\u00fcn kapsaml\u0131, son derece incelenmi\u015f se\u00e7imimizi inceleyin ve Avrupa genelinde g\u00fcvenilir bir \u015fekilde g\u00f6nderilen en iyi d\u00fc\u015f\u00fck konsantrasyonlu tek kullan\u0131ml\u0131k vape'leri g\u00fcvence alt\u0131na al\u0131n. \u00c7evresel sorumlulu\u011fu aktif olarak te\u015fvik ederek, s\u00fcrd\u00fcr\u00fclebilir bir end\u00fcstri ekosistemini te\u015fvik etmek i\u00e7in t\u00fcm t\u00fckenmi\u015f lityum-iyon cihazlar i\u00e7in uygun WEEE uyumlu geri d\u00f6n\u00fc\u015f\u00fcm protokollerini te\u015fvik ediyoruz.<\/p>\n<div style=\"margin-top: 50px\">\n<h3 style=\"color: #2c3e50;font-size: 1.6em;margin-bottom: 25px\">Uzman Bilgi Taban\u0131: S\u0131k\u00e7a Sorulan Sorular (SSS)<\/h3>\n<details style=\"background: #ffffff;border: 1px solid #e0e0e0;border-radius: 8px;margin-bottom: 15px;padding: 15px\">\n<summary style=\"font-weight: bold;cursor: pointer;font-size: 1.1em;color: #2c3e50\">\u00dc\u00e7 Ba\u011f\u0131ms\u0131z A\u011f Bobininin birincil m\u00fchendislik avantaj\u0131 nedir?<\/summary>\n<p style=\"margin-top: 15px;color: #555;line-height: 1.5\">Termodinamik a\u00e7\u0131dan bak\u0131ld\u0131\u011f\u0131nda, tek bir bobin 35.000 aktive etme i\u015flemine ba\u011fl\u0131 olarak h\u0131zla bozulur. \u00dc\u00e7l\u00fc ba\u011f\u0131ms\u0131z a\u011f mimarisi, termal y\u00fck\u00fc ak\u0131ll\u0131ca de\u011fi\u015ftirir. Buharla\u015ft\u0131rma i\u015flemini hangi eleman\u0131n ger\u00e7ekle\u015ftirdi\u011fini d\u00f6nd\u00fcrerek, sistem a\u015f\u0131r\u0131 \u0131s\u0131nmay\u0131 ve karbon birikimini \u00f6nler. Bu ampirik m\u00fchendislik \u00e7\u00f6z\u00fcm\u00fc, aromatik profilin son \u00e7eki\u015fte ilk \u00e7eki\u015ftekiyle ayn\u0131 kalaca\u011f\u0131n\u0131 garanti eder.<\/p>\n<\/details>\n<details style=\"background: #ffffff;border: 1px solid #e0e0e0;border-radius: 8px;margin-bottom: 15px;padding: 15px\">\n<summary style=\"font-weight: bold;cursor: pointer;font-size: 1.1em;color: #2c3e50\">B\u00f6lmeli 40ml hazne tam olarak nas\u0131l i\u015flev g\u00f6r\u00fcr?<\/summary>\n<p style=\"margin-top: 15px;color: #555;line-height: 1.5\">Cihaz, buharla\u015ft\u0131rma form\u00fcl\u00fcn\u00fc fiziksel olarak \u00fc\u00e7 farkl\u0131 b\u00f6lmeye ay\u0131r\u0131r (20ml + 10ml + 10ml). Bu izolasyon tekni\u011fi, aktif bile\u015fiklerin erken oksidasyonunu \u00f6nler. Bir b\u00f6lme t\u00fckendi\u011finde, dahili pn\u00f6matik sistem bir sonraki saf rezerve eri\u015ferek, s\u0131k\u0131 kalite kontrol\u00fc sa\u011flar ve tek kullan\u0131ml\u0131k vape'lerin raf \u00f6mr\u00fcn\u00fc ve aktif kullan\u0131m \u00f6mr\u00fcn\u00fc maksimuma \u00e7\u0131kar\u0131r.<\/p>\n<\/details>\n<details style=\"background: #ffffff;border: 1px solid #e0e0e0;border-radius: 8px;margin-bottom: 15px;padding: 15px\">\n<summary style=\"font-weight: bold;cursor: pointer;font-size: 1.1em;color: #2c3e50\">Dijital ekrandaki verileri nas\u0131l yorumlar\u0131m?<\/summary>\n<p style=\"margin-top: 15px;color: #555;line-height: 1.5\">LED matrisi geli\u015fmi\u015f telemetri sens\u00f6rlerini kullan\u0131r. G\u00fc\u00e7 rezervleri i\u00e7in y\u00fczde \u00f6l\u00e7\u00fctleriyle birlikte bir pil simgesi, kalan form\u00fcl hacmi i\u00e7in bir damla g\u00f6stergesi, se\u00e7ilen aktif konsantrasyon g\u00fcc\u00fc i\u00e7in say\u0131sal bir okuma ve mevcut termal so\u011futma (Buz) ayar\u0131 i\u00e7in sezgisel bir g\u00f6rsel \u00f6l\u00e7ek g\u00f6r\u00fcnt\u00fcler. Bu, t\u00fcm tahmin i\u015fini ortadan kald\u0131rarak ampirik verileri do\u011frudan kullan\u0131c\u0131n\u0131n g\u00f6r\u00fc\u015f alan\u0131na yerle\u015ftirir.<\/p>\n<\/details>\n<details style=\"background: #ffffff;border: 1px solid #e0e0e0;border-radius: 8px;margin-bottom: 15px;padding: 15px\">\n<summary style=\"font-weight: bold;cursor: pointer;font-size: 1.1em;color: #2c3e50\">Bu tek kullan\u0131ml\u0131k vape'ler perakende pazar\u0131nda g\u00fcvenli ve onayl\u0131 m\u0131?<\/summary>\n<p style=\"margin-top: 15px;color: #555;line-height: 1.5\">Evet. Yetkili bir distrib\u00fct\u00f6r olarak VapeXYZ, kat\u0131 uluslararas\u0131 uyumluluk testlerinden ge\u00e7en donan\u0131mlar\u0131 titizlikle temin etmektedir. MESII TRIPLE NIICE, a\u015f\u0131r\u0131 \u015farj, k\u0131sa devre ve d\u00fc\u015f\u00fck voltaj azaltma \u00e7ipleri de dahil olmak \u00fczere birden fazla devre korumas\u0131 i\u00e7erir. G\u0131da s\u0131n\u0131f\u0131 kasadan saf lityum-iyon h\u00fccresine kadar t\u00fcm bile\u015fenler, kat\u0131 \u00fcretim g\u00fcvenlik standartlar\u0131na uymaktad\u0131r.<\/p>\n<\/details>\n<\/div>\n<\/article>","protected":false},"excerpt":{"rendered":"<p>MESII TRIPLE NIICE 35000 Puffs, 35.000 puf kapasiteli, ayarlanabilir buzu ve g\u00fc\u00e7 seviyeleriyle yeniden \u015farj edilebilir, tek kullan\u0131ml\u0131k bir vape cihaz\u0131d\u0131r. 800mAh batarya, \u00fc\u00e7 a\u011f\u0131zl\u0131 bobin ve b\u00fcy\u00fck dijital ekran ile donat\u0131lm\u0131\u015f, p\u00fcr\u00fczs\u00fcz, \u00f6zelle\u015ftirilebilir bir vape deneyimi sunar. VapeXYZ'de toplu al\u0131m i\u00e7in \u00f6zel olarak mevcuttur.<\/p>","protected":false},"featured_media":53271,"comment_status":"open","ping_status":"closed","template":"","meta":{"_lmt_disableupdate":"no","_lmt_disable":""},"product_brand":[],"product_cat":[1080,1042,947,935,934,927,929,928,930,933,939,932,938,931,936,937,1017,949,946,950,951,953,987],"product_tag":[],"class_list":{"0":"post-53224","1":"product","2":"type-product","3":"status-publish","4":"has-post-thumbnail","6":"product_cat-mesii-disposable-vapes","7":"product_cat-35000-puff-vapes","8":"product_cat-big-puffs-vapes","9":"product_cat-bulk-buy-disposable-vapes-in-austria","10":"product_cat-bulk-buy-disposable-vapes-in-belgium","11":"product_cat-bulk-buy-disposable-vapes-in-europe","12":"product_cat-bulk-buy-disposable-vapes-in-france","13":"product_cat-bulk-buy-disposable-vapes-in-germany","14":"product_cat-bulk-buy-disposable-vapes-in-italy","15":"product_cat-bulk-buy-disposable-vapes-in-netherlands","16":"product_cat-bulk-buy-disposable-vapes-in-norway","17":"product_cat-bulk-buy-disposable-vapes-in-poland","18":"product_cat-bulk-buy-disposable-vapes-in-portugal","19":"product_cat-bulk-buy-disposable-vapes-in-spain","20":"product_cat-bulk-buy-disposable-vapes-in-sweden","21":"product_cat-bulk-buy-disposable-vapes-in-switzerland","22":"product_cat-buy-best-disposable-vape-flavors","23":"product_cat-digital-box-vapes","24":"product_cat-disposable-vapes-series","25":"product_cat-dual-mesh-vapes","26":"product_cat-lower-nicotine-vapes","27":"product_cat-rechargeable-vapes","28":"product_cat-vape-shop-by-puffs","30":"first","31":"instock","32":"shipping-taxable","33":"purchasable","34":"product-type-variable","35":"has-default-attributes"},"jetpack_sharing_enabled":true,"tiered_pricing_type":"fixed","tiered_pricing_fixed_rules":[],"tiered_pricing_product_settings":{"layout":"default","base_unit_name":{"singular":null,"plural":null},"default_variation":null},"tiered_pricing_minimum_quantity":null,"tiered_pricing_roles_data":[],"tiered_pricing_percentage_rules":[],"tiered_pricing_maximum_quantity":null,"tiered_pricing_quantity_step":null,"_links":{"self":[{"href":"https:\/\/vapexyz.com\/tr\/wp-json\/wp\/v2\/product\/53224","targetHints":{"allow":["GET"]}}],"collection":[{"href":"https:\/\/vapexyz.com\/tr\/wp-json\/wp\/v2\/product"}],"about":[{"href":"https:\/\/vapexyz.com\/tr\/wp-json\/wp\/v2\/types\/product"}],"replies":[{"embeddable":true,"href":"https:\/\/vapexyz.com\/tr\/wp-json\/wp\/v2\/comments?post=53224"}],"wp:featuredmedia":[{"embeddable":true,"href":"https:\/\/vapexyz.com\/tr\/wp-json\/wp\/v2\/media\/53271"}],"wp:attachment":[{"href":"https:\/\/vapexyz.com\/tr\/wp-json\/wp\/v2\/media?parent=53224"}],"wp:term":[{"taxonomy":"product_brand","embeddable":true,"href":"https:\/\/vapexyz.com\/tr\/wp-json\/wp\/v2\/product_brand?post=53224"},{"taxonomy":"product_cat","embeddable":true,"href":"https:\/\/vapexyz.com\/tr\/wp-json\/wp\/v2\/product_cat?post=53224"},{"taxonomy":"product_tag","embeddable":true,"href":"https:\/\/vapexyz.com\/tr\/wp-json\/wp\/v2\/product_tag?post=53224"}],"curies":[{"name":"wp","href":"https:\/\/api.w.org\/{rel}","templated":true}]}}