{"id":52525,"date":"2025-07-28T08:56:30","date_gmt":"2025-07-28T08:56:30","guid":{"rendered":"https:\/\/vapexyz.com\/?post_type=product&#038;p=52525"},"modified":"2026-03-02T08:23:57","modified_gmt":"2026-03-02T08:23:57","slug":"bang-king-50000-nefes-sehir-dsk044-dusuk-nikotin-toplu-alim-orijinal-sarj-edilebilir-tek-kullanimlik-vape-toptan-satis","status":"publish","type":"product","link":"https:\/\/vapexyz.com\/tr\/product\/bang-king-50000-puffs-city-dsk044-low-nicotine-bulk-buy-original-rechargeable-disposable-vapes-wholesale\/","title":{"rendered":"BANG KING 50000 Puffs CITY DSK044 Toplu Al\u0131m 50K \u015earj Edilebilir Tek Kullan\u0131ml\u0131k Vape Toptan Sat\u0131\u015f"},"content":{"rendered":"<article style=\"font-family: system-ui, -apple-system, sans-serif;color: #333;line-height: 1.6;max-width: 100%;margin: 0 auto;padding: 20px\">\n<h2 style=\"color: #2c3e50;border-bottom: 2px solid #3498db;padding-bottom: 8px;margin-top: 30px\">BANG KING 50000 CITY DSK044: Kapsaml\u0131 M\u00fchendislik ve Performans Analizi<\/h2>\n<p>Y\u00fcksek verimli performans ve uzun s\u00fcreli operasyonel uzun \u00f6m\u00fcr i\u00e7in tasarlanan BANG KING 50000 CITY DSK044, modern tek kullan\u0131ml\u0131k vape sekt\u00f6r\u00fcnde \u00f6nemli bir ilerleme temsil eder. Y\u00fcksek hacimli perakendeciler ve toptan distrib\u00fct\u00f6rler i\u00e7in \u00f6zel olarak tasarlanan bu cihaz, t\u00fcketicilerin uzun s\u00fcreli kullan\u0131m talepleri ile ticari sat\u0131c\u0131lar\u0131n gerektirdi\u011fi operasyonel g\u00fcvenilirlik aras\u0131ndaki bo\u015flu\u011fu kapat\u0131r. Y\u00fczeysel pazarlama iddialar\u0131n\u0131n aksine sa\u011flam dahili mimariye \u00f6ncelik vererek, BANG KING 50000, y\u00fcksek kapasiteli tek kullan\u0131ml\u0131k vape'ler i\u00e7in bir \u00f6l\u00e7\u00fct olarak hizmet vermektedir. Sadece VapeXYZ \u00fczerinden temin edilebilir, VapeXYZ, sekiz y\u0131ldan fazla belgelenmi\u015f tedarik zinciri m\u00fckemmelli\u011fi ile lider bir Avrupa toplu sat\u0131n alma platformudur. Bu cihaz, \u00f6l\u00e7\u00fclebilir de\u011fer ve tutarl\u0131l\u0131k sunar.<\/p>\n<h3 style=\"color: #2c3e50;margin-top: 25px\">Ampirik Test ve Kalite G\u00fcvence Metodolojisi<\/h3>\n<p>Y\u00fcksek kapasiteli vape pazar\u0131nda, cihaz\u0131n belirtilen \u00f6zelliklerini kar\u015f\u0131lamas\u0131n\u0131 sa\u011flamak i\u00e7in ampirik do\u011frulama son derece \u00f6nemlidir. BANG KING 50000, parti \u00f6ncesi seri kalite g\u00fcvence testlerinden ge\u00e7irilir. Otomatik pn\u00f6matik test makineleri kullan\u0131larak, cihazlar standartla\u015ft\u0131r\u0131lm\u0131\u015f aerosol \u00fcretim parametrelerine dayal\u0131 sim\u00fcle edilmi\u015f puff d\u00f6ng\u00fclerine tabi tutulur. Test protokolleri, do\u011frudan akci\u011fere (DTL) aspirasyon profilinin tutarl\u0131 olmas\u0131n\u0131 garanti etmek i\u00e7in Pascal (Pa) cinsinden \u00e7ekme direncini \u00f6l\u00e7er.<\/p>\n<p>Ayr\u0131ca, 650\u202fmAh lityum-iyon polimer batarya termal retansiyon ve de\u015farj d\u00f6ng\u00fcs\u00fc testlerinden ge\u00e7irilir. Ampirik verilerimiz, g\u00fc\u00e7 h\u00fccresinin entegre Type-C portu arac\u0131l\u0131\u011f\u0131yla birden fazla \u015farj d\u00f6ng\u00fcs\u00fcnden sonra bile toplam \u015farj kapasitesinin 'ini korudu\u011funu g\u00f6steriyor; bu da 45\u202fmL form\u00fclasyon rezervuar\u0131n\u0131n donan\u0131m ar\u0131zas\u0131 olmadan tamamen bo\u015falt\u0131labilece\u011fini garanti eder. Aerosol k\u00fctle \u00e7\u0131k\u0131\u015f\u0131, 1.0\u202f\u03a9 mesh eleman\u0131n\u0131n \u00fcnitenin \u00f6mr\u00fc boyunca e\u015fit buharla\u015ft\u0131rma s\u0131cakl\u0131klar\u0131n\u0131 s\u00fcrd\u00fcrd\u00fc\u011f\u00fcn\u00fc do\u011frulamak i\u00e7in s\u00fcrekli olarak \u00f6l\u00e7\u00fcl\u00fcr.<\/p>\n<div style=\"background-color: #f8f9fa;border-left: 5px solid #2980b9;padding: 20px;margin: 25px 0;border-radius: 4px\">\n<h4 style=\"margin-top: 0;color: #2980b9;font-size: 1.1em\">\ud83d\udd2c Teknik Bilgi Noktas\u0131: A\u011f Elemanlar\u0131n\u0131n Termodinami\u011fi<\/h4>\n<p style=\"margin-bottom: 0\">BANG KING 50000'\u0131n performans\u0131, b\u00fcy\u00fck \u00f6l\u00e7\u00fcde 1.0 \u03a9 a\u011f \u0131s\u0131tma eleman\u0131na dayan\u0131r. Standart bobinli tellerin aksine, a\u011f \u0131s\u0131 da\u011f\u0131l\u0131m\u0131 i\u00e7in daha b\u00fcy\u00fck bir y\u00fczey alan\u0131 olu\u015fturur. Standart elektrik prensiplerine dayanarak, g\u00fc\u00e7 \u00e7\u0131k\u0131\u015f\u0131 $P = \\frac{V^2}{R}$ denklemi ile y\u00f6netilir. 3,7V nominal gerilim ve 1,0 \u03a9 diren\u00e7 ile cihaz, optimum termodinamik e\u015fik de\u011ferlerini korumak i\u00e7in verimli bir \u015fekilde \u00e7al\u0131\u015f\u0131r. Bu, buharla\u015ft\u0131rma \u00e7\u00f6z\u00fcm\u00fcn\u00fcn bozulmas\u0131n\u0131 \u00f6nler ve ilk etkinle\u015ftirmeden 50.000'incisine kadar kimyasal olarak kararl\u0131 ve d\u00fczg\u00fcn bir aerosol \u00e7\u0131k\u0131\u015f\u0131 sa\u011flar.<\/p>\n<\/div>\n<h3 style=\"color: #2c3e50;margin-top: 25px\">Teknik \u00d6zellikler ve Donan\u0131m Mimarisi<\/h3>\n<p>BANG KING 50000'\u0131n i\u00e7 m\u00fchendisli\u011fi, standart tek kullan\u0131ml\u0131k vape'lerden ayr\u0131lmas\u0131n\u0131 sa\u011flar. Her \u00f6zellik, kullan\u0131\u015fl\u0131l\u0131\u011f\u0131 ve kullan\u0131c\u0131 kontrol\u00fcn\u00fc en \u00fcst d\u00fczeye \u00e7\u0131karmak \u00fczere tasarlanm\u0131\u015ft\u0131r ve \u00f6znel estetikten ziyade do\u011frulanabilir donan\u0131m yeteneklerine b\u00fcy\u00fck \u00f6l\u00e7\u00fcde g\u00fcvenmektedir.<\/p>\n<ul style=\"list-style-type: disc;padding-left: 20px\">\n<li><strong>E\u015fi Olmayan Kapasite:<\/strong> 45 mL'lik b\u00fcy\u00fck bir \u00f6nceden doldurulmu\u015f hazne ile donat\u0131lm\u0131\u015f, aktif bile\u015fiklerin atmosferik bozulmas\u0131n\u0131 \u00f6nlemek i\u00e7in dikkatlice kapat\u0131lm\u0131\u015ft\u0131r.<\/li>\n<li><strong>\u0130ki Odac\u0131kl\u0131 Sistem:<\/strong> \u0130ki farkl\u0131 aromatik profil aras\u0131nda \u00e7apraz kontaminasyon riski olmadan sorunsuz bir \u015fekilde ge\u00e7i\u015f yapmas\u0131na olanak sa\u011flayan, yenilik\u00e7i bir \u00e7ift b\u00f6lmeli mekanik anahtar \u00f6zelli\u011fi sunar.<\/li>\n<li><strong>Geli\u015fmi\u015f G\u00fc\u00e7 Da\u011f\u0131t\u0131m\u0131:<\/strong> \u015earj edilebilir 650\u202fmAh h\u00fccre ile \u00e7al\u0131\u015f\u0131r, Type-C terminali arac\u0131l\u0131\u011f\u0131yla h\u0131zl\u0131 yeniden doldurulmas\u0131 i\u00e7in optimize edilmi\u015ftir. Entegre a\u015f\u0131r\u0131 \u015farj ve k\u0131sa devre koruma entegre devreleri (IC'ler) operasyonel g\u00fcvenli\u011fi sa\u011flar.<\/li>\n<li><strong>Ak\u0131ll\u0131 Telemetri Ekran\u0131:<\/strong> Dahili y\u00fcksek kontrastl\u0131 ekran, pil voltaj\u0131 rezervlerinin ve kalan form\u00fclasyon seviyelerinin ger\u00e7ek zamanl\u0131 dijital okumalar\u0131n\u0131 sa\u011flar. Bu, standart vape'lerle genellikle ili\u015fkili olan tahmini ortadan kald\u0131r\u0131r.<\/li>\n<li><strong>Konsantrasyon Seviyeleri:<\/strong> T\u00fcketici gereksinimlerini hassas bir \u015fekilde kar\u015f\u0131lamak \u00fczere tasarlanan cihaz, 0%, 2%, 3% ve 5% gibi standartla\u015ft\u0131r\u0131lm\u0131\u015f aktif bile\u015fik konsantrasyonlar\u0131nda \u00fcretilmektedir.<\/li>\n<li><strong>Emme Mekanikleri:<\/strong> Y\u00fcksek hassasiyetli pn\u00f6matik bir sens\u00f6r kullanarak \u00e7ekme etkinli\u011finde ate\u015flemeyi ger\u00e7ekle\u015ftirir, \u00f6zellikle p\u00fcr\u00fczs\u00fcz do\u011frudan akci\u011fere (DTL) performans i\u00e7in kalibre edilmi\u015ftir.<\/li>\n<\/ul>\n<h3 style=\"color: #2c3e50;margin-top: 25px\">Se\u00e7ilmi\u015f Aromatik Profiller<\/h3>\n<p>K\u00fcresel olarak \u00e7e\u015fitli t\u00fcketici damak zevklerine hitap etmek i\u00e7in BANG KING 50000 serisi, kapsaml\u0131 bir \u015fekilde tasarlanm\u0131\u015f bir duyusal profil yelpazesi sunar. Her bir kar\u0131\u015f\u0131m, uzun s\u00fcreli depolama ve kullan\u0131m s\u00fcreleri boyunca tat tutarl\u0131l\u0131\u011f\u0131n\u0131 sa\u011flamak i\u00e7in y\u00fcksek kaliteli, stabilize edilmi\u015f aromatik bile\u015fikler kullan\u0131larak form\u00fcle edilir.<\/p>\n<ol style=\"background-color: #ffffff;border: 1px solid #e2e8f0;border-radius: 8px;padding: 20px 20px 20px 40px\">\n<li style=\"margin-bottom: 8px\"><strong>Mavi Ahududu So\u011futmas\u0131:<\/strong> Tart meyve notalar\u0131n\u0131n serinletici bir nefes alma ajan\u0131 ile hassas dengesi.<\/li>\n<li style=\"margin-bottom: 8px\"><strong>\u00c7ilek Karpuz Kar\u0131\u015f\u0131m\u0131:<\/strong> Klasik bir botanik f\u00fczyon, tatl\u0131l\u0131k korunumu i\u00e7in optimize edilmi\u015ftir.<\/li>\n<li style=\"margin-bottom: 8px\"><strong>Karpuz So\u011fu\u011fu:<\/strong> Serinletici yaz meyve profilleri termal-so\u011futma bile\u015fikleriyle geli\u015ftirildi.<\/li>\n<li style=\"margin-bottom: 8px\"><strong>\u00c7ilek Muz F\u00fczyonu:<\/strong> Yo\u011fun, kremal\u0131, y\u00fcksek aerosol yo\u011funlu\u011funa sahip aromatik bir imza.<\/li>\n<li style=\"margin-bottom: 8px\"><strong>Tropikal Botanik Kar\u0131\u015f\u0131m\u0131:<\/strong> Egzotik meyve \u00f6zlerinin karma\u015f\u0131k bir form\u00fclasyonu.<\/li>\n<li style=\"margin-bottom: 8px\"><strong>Berry Medley So\u011fuk:<\/strong> Koyu meyvelerin karma\u015f\u0131k katmanlar\u0131 keskin bir don notas\u0131yla tamamlanm\u0131\u015ft\u0131r.<\/li>\n<li style=\"margin-bottom: 8px\"><strong>Bah\u00e7e \u015eeftali So\u011fuklu\u011fu:<\/strong> Orijinal ta\u015f meyve \u00f6zellikleri, ferahlat\u0131c\u0131 bir nefesle e\u015fle\u015ftirildi.<\/li>\n<li style=\"margin-bottom: 8px\"><strong>\u00c7ilek Kivi Kompozisyonu:<\/strong> Kan\u0131tlanm\u0131\u015f, ek\u015fi ve tatl\u0131 \u00f6l\u00e7\u00fctleri dengeleyen \u00e7ift notal\u0131 bir profil.<\/li>\n<li style=\"margin-bottom: 8px\"><strong>\u015eeftali Mango Karpuz Inf\u00fczyonu:<\/strong> \u00c7ok karma\u015f\u0131k bir \u00fc\u00e7l\u00fc harman, farkl\u0131 s\u0131cakl\u0131k a\u015famalar\u0131nda \u00e7e\u015fitli notalar sunar.<\/li>\n<li style=\"margin-bottom: 8px\"><strong>Kivi Passion Meyvesi Guava Profili:<\/strong> Canl\u0131, y\u00fcksek asitli bir kar\u0131\u015f\u0131m, uluslararas\u0131 piyasalarda tercih edilir.<\/li>\n<li style=\"margin-bottom: 8px\"><strong>\u00dcz\u00fcm Donmas\u0131:<\/strong> Derin \u00fcz\u00fcm- meyve aromatikleri uzun vadeli tutarl\u0131l\u0131k i\u00e7in stabilize edilmi\u015ftir.<\/li>\n<li style=\"margin-bottom: 8px\"><strong>Bay Blue \u0130mza Kar\u0131\u015f\u0131m\u0131:<\/strong> \u00d6zel bir botanik kar\u0131\u015f\u0131m\u0131, e\u015fsiz ve tan\u0131nabilir bir duyusal deneyim sunar.<\/li>\n<\/ol>\n<h3 style=\"color: #2c3e50;margin-top: 25px\">D\u00fczenleyici Uyum ve Tedarik Zinciri Yetkilisi<\/h3>\n<p>Ticari miktarlarda tek kullan\u0131ml\u0131k vape'leri kaynakland\u0131\u011f\u0131n\u0131zda, son derece yetkili ve uyumlu bir distrib\u00fct\u00f6r ile \u00e7al\u0131\u015fmak taviz verilemez. VapeXYZ s\u0131k\u0131 kalite y\u00f6netim \u00e7er\u00e7eveleri i\u00e7inde faaliyet g\u00f6stermektedir. Kanal\u0131m\u0131zdan da\u011f\u0131t\u0131lan t\u00fcm BANG donan\u0131mlar\u0131 ISO sertifikal\u0131 tesislerde \u00fcretilmekte ve elektrik g\u00fcvenli\u011fini ve \u00fcretimde tehlikeli maddelerin k\u0131s\u0131tlanmas\u0131n\u0131 do\u011frulayan temel CE ve RoHS sertifikalar\u0131na sahiptir.<\/p>\n<p><strong>Piyasa Uygunlu\u011funun Ele Al\u0131nmas\u0131:<\/strong> \u015eeffafl\u0131k, uluslararas\u0131 da\u011f\u0131t\u0131mda kritik \u00f6nem ta\u015f\u0131maktad\u0131r. Al\u0131c\u0131lar\u0131n b\u00f6lgesel d\u00fczenleyici \u00e7er\u00e7eveleri anlamas\u0131 esast\u0131r. \u00d6rne\u011fin, Avrupa Birli\u011fi'nin TPD (T\u00fct\u00fcn \u00dcr\u00fcnleri Direktifi) \u015fu anda t\u00fcketici s\u0131n\u0131f\u0131 perakende cihazlar i\u00e7in maksimum 2 mL rezervuar kapasitesi zorunlulu\u011fu getirmektedir. BANG KING 50000'in 45 mL rezervuara sahip olmas\u0131 nedeniyle, bu \u00f6zel model yap\u0131sal olarak AB yarg\u0131 alan\u0131 d\u0131\u015f\u0131ndaki b\u00f6lgelere ihracat i\u00e7in veya \u00f6zel olarak muaf ticari \u00e7er\u00e7eveler i\u00e7inde faaliyet g\u00f6steren lisansl\u0131 toptan sat\u0131\u015f operasyonlar\u0131 i\u00e7in tasarlanm\u0131\u015ft\u0131r. T\u00fcm toptan sat\u0131\u015f ortaklar\u0131m\u0131za, y\u00fcksek kapasiteli donan\u0131mlar\u0131n ithalat\u0131 ve perakende sat\u0131\u015f\u0131 konusunda yerel d\u00fczenleyici kurumlarla g\u00f6r\u00fc\u015fmeleri tavsiye ediyoruz. VapeXYZ'deki uyum ekibimiz, yasal olarak izin verilen yerlerde sorunsuz g\u00fcmr\u00fck i\u015flemlerini kolayla\u015ft\u0131rmak i\u00e7in tam belgeler\u3092\u63d0\u4f9b etmektedir.<\/p>\n<h3 style=\"color: #2c3e50;margin-top: 25px\">Lojistik ve Ambalaj \u00d6zellikleri<\/h3>\n<p>Y\u00fcksek verimli perakende ve lojistik operasyonlar\u0131 desteklemek i\u00e7in BANG KING 50000, yap\u0131sal olarak g\u00fc\u00e7lendirilmi\u015f malzemeler kullan\u0131larak paketlenmekte ve k\u00fcresel transit s\u0131ras\u0131nda \u00fcr\u00fcn b\u00fct\u00fcnl\u00fc\u011f\u00fcn\u00fc garanti etmektedir.<\/p>\n<table style=\"width: 100%;border-collapse: collapse;margin: 25px 0;font-family: system-ui, -apple-system, sans-serif;background-color: #fff\">\n<thead style=\"background-color: #2c3e50;color: #ffffff;text-align: left\">\n<tr>\n<th style=\"padding: 15px;border: 1px solid #ddd\">Lojistik Parametre<\/th>\n<th style=\"padding: 15px;border: 1px solid #ddd\">\u00d6zellik Verileri<\/th>\n<th style=\"padding: 15px;border: 1px solid #ddd\">Ticari Uygulama<\/th>\n<\/tr>\n<\/thead>\n<tbody>\n<tr style=\"background-color: #f9f9f9\">\n<td style=\"padding: 12px 15px;border: 1px solid #ddd;font-weight: bold\">Tek \u00dcnite A\u011f\u0131rl\u0131\u011f\u0131<\/td>\n<td style=\"padding: 12px 15px;border: 1px solid #ddd\">Yakla\u015f\u0131k 100\u202fg<\/td>\n<td style=\"padding: 12px 15px;border: 1px solid #ddd\">Bireysel t\u00fcketici nakliye maliyetlerini hesaplar.<\/td>\n<\/tr>\n<tr>\n<td style=\"padding: 12px 15px;border: 1px solid #ddd;font-weight: bold\">G\u00f6r\u00fcnt\u00fcleme Kutusu Miktar\u0131<\/td>\n<td style=\"padding: 12px 15px;border: 1px solid #ddd\">Kutuda 10 Adet<\/td>\n<td style=\"padding: 12px 15px;border: 1px solid #ddd\">Standart perakende raf bo\u015flu\u011fu i\u00e7in optimize edilmi\u015ftir.<\/td>\n<\/tr>\n<tr style=\"background-color: #f9f9f9\">\n<td style=\"padding: 12px 15px;border: 1px solid #ddd;font-weight: bold\">Karton Br\u00fct A\u011f\u0131rl\u0131k<\/td>\n<td style=\"padding: 12px 15px;border: 1px solid #ddd\">Yakla\u015f\u0131k 22.6\u202fkg<\/td>\n<td style=\"padding: 12px 15px;border: 1px solid #ddd\">E\u015fit derecede \u00f6nemli olan y\u00fck ta\u015f\u0131mac\u0131l\u0131\u011f\u0131 ve paletleme i\u00e7in.<\/td>\n<\/tr>\n<tr>\n<td style=\"padding: 12px 15px;border: 1px solid #ddd;font-weight: bold\">\u00d6zelle\u015ftirme<\/td>\n<td style=\"padding: 12px 15px;border: 1px solid #ddd\">\u0130stendi\u011finde mevcuttur<\/td>\n<td style=\"padding: 12px 15px;border: 1px solid #ddd\">Toplu sipari\u015fler i\u00e7in uyarlanm\u0131\u015f karton konfig\u00fcrasyonu.<\/td>\n<\/tr>\n<\/tbody>\n<\/table>\n<h3 style=\"color: #2c3e50;margin-top: 30px\">Ana Noktalar ve S\u0131k\u00e7a Sorulan Sorular (SSS)<\/h3>\n<div style=\"margin-top: 20px\">\n<details style=\"background: #ffffff;border: 1px solid #dcdcdc;border-radius: 6px;margin-bottom: 12px;padding: 15px\">\n<summary style=\"font-weight: 600;cursor: pointer;font-size: 1.05em;color: #2980b9\">\u0130ki odal\u0131 sistem form\u00fclasyonlar\u0131 kar\u0131\u015ft\u0131rmadan nas\u0131l \u00e7al\u0131\u015f\u0131r?<\/summary>\n<p style=\"margin-top: 10px;color: #555\">\u0130ki odac\u0131kl\u0131 mimari, izole edilmi\u015f bir manifold tasar\u0131m\u0131 kullan\u0131r. Kullan\u0131c\u0131 iki oda aras\u0131nda ge\u00e7i\u015f yapt\u0131\u011f\u0131nda, mekanik bir kap\u0131 hava ak\u0131\u015f\u0131n\u0131 yeniden y\u00f6nlendirir ve etkin olmayan hazneyi izole eder. Bu m\u00fchendislik, bile\u015fiklerin \u00e7apraz kontaminasyonunu \u00f6nler ve her bir aromatik profilin vape'nin \u00f6mr\u00fc boyunca farkl\u0131 kalmas\u0131n\u0131 sa\u011flar.<\/p>\n<\/details>\n<details style=\"background: #ffffff;border: 1px solid #dcdcdc;border-radius: 6px;margin-bottom: 12px;padding: 15px\">\n<summary style=\"font-weight: 600;cursor: pointer;font-size: 1.05em;color: #2980b9\">Bu vape'lerin bertaraf edilmesinde hangi \u00e7evresel hususlar uygulan\u0131r?<\/summary>\n<p style=\"margin-top: 10px;color: #555\">BANG KING 50000, 650\u202fmAh lityum-iyon pil ve elektronik mikro-bile\u015fenler i\u00e7erdi\u011finden standart belediye at\u0131klar\u0131na at\u0131lmamal\u0131d\u0131r. WEEE (At\u0131k Elektrikli ve Elektronik Ekipman) y\u00f6netmeliklerine tabidir. Kullan\u0131c\u0131lar ve perakendeciler, pil h\u00fccrelerinin uygun \u015fekilde \u00e7\u0131kar\u0131lmas\u0131n\u0131 ve g\u00fcvenli bir \u015fekilde kullan\u0131lmas\u0131n\u0131 sa\u011flamak i\u00e7in t\u00fckenmi\u015f \u00fcniteleri sertifikal\u0131 elektronik geri d\u00f6n\u00fc\u015f\u00fcm tesislerine teslim etmelidirler.<\/p>\n<\/details>\n<details style=\"background: #ffffff;border: 1px solid #dcdcdc;border-radius: 6px;margin-bottom: 12px;padding: 15px\">\n<summary style=\"font-weight: 600;cursor: pointer;font-size: 1.05em;color: #2980b9\">VapeXYZ neden toplu sat\u0131n alma i\u00e7in yetkili bir se\u00e7imdir?<\/summary>\n<p style=\"margin-top: 10px;color: #555\">VapeXYZ, fabrikadan do\u011frudan tedarik modeli i\u015fletmektedir. Arac\u0131 brokerleri atlayarak, sahtelik risklerini ortadan kald\u0131rarak 0 orijinallik garantisi vermekteyiz. Sekiz y\u0131ll\u0131k k\u00fcresel ticaret deneyimimiz, son derece rekabet\u00e7i fiyat kademeleri, d\u00fc\u015f\u00fck Minimum Sipari\u015f Miktarlar\u0131 (sadece 10 par\u00e7a MOQ) ve kapsaml\u0131 lojistik destek sunmam\u0131z\u0131 sa\u011flayarak, toptan tek kullan\u0131ml\u0131k vape pazar\u0131nda g\u00fcvenilir bir sat\u0131c\u0131 olarak konumumuzu peki\u015ftirmektedir.<\/p>\n<\/details>\n<\/div>\n<hr style=\"border: 0;height: 1px;background: #e0e0e0;margin: 30px 0\" \/>\n<h3 style=\"color: #2c3e50\">G\u00f6rsel Dok\u00fcmantasyon<\/h3>\n<p>A\u015fa\u011f\u0131da BANG KING 50000 CITY DSK044'\u00fcn fiziksel boyutlar\u0131n\u0131 ve yap\u0131sal ambalaj\u0131n\u0131, ticari ekran ve toptan da\u011f\u0131t\u0131m i\u00e7in formatlanm\u0131\u015f olarak inceleyin.<\/p>\n<p style=\"text-align: center;margin-top: 20px\"><img loading=\"lazy\" decoding=\"async\" class=\"alignnone size-full wp-image-52580\" style=\"max-width: 100%;height: auto;border-radius: 8px\" src=\"https:\/\/vapexyz.com\/wp-content\/uploads\/2025\/07\/BANG-KING-50000-Puffs-CITY-DSK044-Low-Nicotine-Bulk-Buy-Original-Rechargeable-Disposable-Vapes-Wholesale-3-scaled.webp\" alt=\"BANG KING 50000 Puffs CITY DSK044 D\u00fc\u015f\u00fck Konsantrasyonlu Toplu Al\u0131m Orijinal \u015earj Edilebilir Tek Kullan\u0131ml\u0131k Vape Toptan Sat\u0131\u015f\" width=\"1042\" height=\"2560\" title=\"\" srcset=\"https:\/\/vapexyz.com\/wp-content\/uploads\/2025\/07\/BANG-KING-50000-Puffs-CITY-DSK044-Low-Nicotine-Bulk-Buy-Original-Rechargeable-Disposable-Vapes-Wholesale-3-scaled.webp 1042w, https:\/\/vapexyz.com\/wp-content\/uploads\/2025\/07\/BANG-KING-50000-Puffs-CITY-DSK044-Low-Nicotine-Bulk-Buy-Original-Rechargeable-Disposable-Vapes-Wholesale-3-203x500.webp 203w, https:\/\/vapexyz.com\/wp-content\/uploads\/2025\/07\/BANG-KING-50000-Puffs-CITY-DSK044-Low-Nicotine-Bulk-Buy-Original-Rechargeable-Disposable-Vapes-Wholesale-3-417x1024.webp 417w, https:\/\/vapexyz.com\/wp-content\/uploads\/2025\/07\/BANG-KING-50000-Puffs-CITY-DSK044-Low-Nicotine-Bulk-Buy-Original-Rechargeable-Disposable-Vapes-Wholesale-3-768x1887.webp 768w, https:\/\/vapexyz.com\/wp-content\/uploads\/2025\/07\/BANG-KING-50000-Puffs-CITY-DSK044-Low-Nicotine-Bulk-Buy-Original-Rechargeable-Disposable-Vapes-Wholesale-3-625x1536.webp 625w, https:\/\/vapexyz.com\/wp-content\/uploads\/2025\/07\/BANG-KING-50000-Puffs-CITY-DSK044-Low-Nicotine-Bulk-Buy-Original-Rechargeable-Disposable-Vapes-Wholesale-3-833x2048.webp 833w, https:\/\/vapexyz.com\/wp-content\/uploads\/2025\/07\/BANG-KING-50000-Puffs-CITY-DSK044-Low-Nicotine-Bulk-Buy-Original-Rechargeable-Disposable-Vapes-Wholesale-3-5x12.webp 5w, https:\/\/vapexyz.com\/wp-content\/uploads\/2025\/07\/BANG-KING-50000-Puffs-CITY-DSK044-Low-Nicotine-Bulk-Buy-Original-Rechargeable-Disposable-Vapes-Wholesale-3-510x1253.webp 510w\" sizes=\"auto, (max-width: 1042px) 100vw, 1042px\" \/><\/p>\n<\/article>","protected":false},"excerpt":{"rendered":"<p>BANG KING 50000 Puffs CITY DSK044, 45ml kapasiteli, ak\u0131ll\u0131 LED ekran\u0131 ve 50000 puff'a kadar sunan premium, \u015farj edilebilir, tek kullan\u0131ml\u0131k bir vape'dir - d\u00fc\u015f\u00fck yo\u011funluklu toplu al\u0131mlar i\u00e7in VapeXYZ'de toptan sat\u0131n almak i\u00e7in m\u00fckemmel.<\/p>","protected":false},"featured_media":52589,"comment_status":"open","ping_status":"closed","template":"","meta":{"_lmt_disableupdate":"no","_lmt_disable":""},"product_brand":[],"product_cat":[821,1012,947,935,934,927,929,928,930,933,939,932,938,931,936,937,1017,949,946,951,953,987],"product_tag":[],"class_list":{"0":"post-52525","1":"product","2":"type-product","3":"status-publish","4":"has-post-thumbnail","6":"product_cat-bang","7":"product_cat-50000-puff-vapes","8":"product_cat-big-puffs-vapes","9":"product_cat-bulk-buy-disposable-vapes-in-austria","10":"product_cat-bulk-buy-disposable-vapes-in-belgium","11":"product_cat-bulk-buy-disposable-vapes-in-europe","12":"product_cat-bulk-buy-disposable-vapes-in-france","13":"product_cat-bulk-buy-disposable-vapes-in-germany","14":"product_cat-bulk-buy-disposable-vapes-in-italy","15":"product_cat-bulk-buy-disposable-vapes-in-netherlands","16":"product_cat-bulk-buy-disposable-vapes-in-norway","17":"product_cat-bulk-buy-disposable-vapes-in-poland","18":"product_cat-bulk-buy-disposable-vapes-in-portugal","19":"product_cat-bulk-buy-disposable-vapes-in-spain","20":"product_cat-bulk-buy-disposable-vapes-in-sweden","21":"product_cat-bulk-buy-disposable-vapes-in-switzerland","22":"product_cat-buy-best-disposable-vape-flavors","23":"product_cat-digital-box-vapes","24":"product_cat-disposable-vapes-series","25":"product_cat-lower-nicotine-vapes","26":"product_cat-rechargeable-vapes","27":"product_cat-vape-shop-by-puffs","29":"first","30":"instock","31":"shipping-taxable","32":"purchasable","33":"product-type-variable","34":"has-default-attributes"},"jetpack_sharing_enabled":true,"tiered_pricing_type":"fixed","tiered_pricing_fixed_rules":[],"tiered_pricing_product_settings":{"layout":"default","base_unit_name":{"singular":null,"plural":null},"default_variation":null},"tiered_pricing_minimum_quantity":null,"tiered_pricing_roles_data":[],"tiered_pricing_percentage_rules":[],"tiered_pricing_maximum_quantity":null,"tiered_pricing_quantity_step":null,"_links":{"self":[{"href":"https:\/\/vapexyz.com\/tr\/wp-json\/wp\/v2\/product\/52525","targetHints":{"allow":["GET"]}}],"collection":[{"href":"https:\/\/vapexyz.com\/tr\/wp-json\/wp\/v2\/product"}],"about":[{"href":"https:\/\/vapexyz.com\/tr\/wp-json\/wp\/v2\/types\/product"}],"replies":[{"embeddable":true,"href":"https:\/\/vapexyz.com\/tr\/wp-json\/wp\/v2\/comments?post=52525"}],"wp:featuredmedia":[{"embeddable":true,"href":"https:\/\/vapexyz.com\/tr\/wp-json\/wp\/v2\/media\/52589"}],"wp:attachment":[{"href":"https:\/\/vapexyz.com\/tr\/wp-json\/wp\/v2\/media?parent=52525"}],"wp:term":[{"taxonomy":"product_brand","embeddable":true,"href":"https:\/\/vapexyz.com\/tr\/wp-json\/wp\/v2\/product_brand?post=52525"},{"taxonomy":"product_cat","embeddable":true,"href":"https:\/\/vapexyz.com\/tr\/wp-json\/wp\/v2\/product_cat?post=52525"},{"taxonomy":"product_tag","embeddable":true,"href":"https:\/\/vapexyz.com\/tr\/wp-json\/wp\/v2\/product_tag?post=52525"}],"curies":[{"name":"wp","href":"https:\/\/api.w.org\/{rel}","templated":true}]}}