{"id":51991,"date":"2025-07-31T09:13:28","date_gmt":"2025-07-31T09:13:28","guid":{"rendered":"https:\/\/vapexyz.com\/?post_type=product&#038;p=51991"},"modified":"2026-03-02T09:01:40","modified_gmt":"2026-03-02T09:01:40","slug":"mesii-magic-x7-80-000-cekim-7si-1-arada-lezzet-dusuk-nikotin-sarj-edilebilir-tek-kullanimlik-vape-toptan-toplu-satin-al","status":"publish","type":"product","link":"https:\/\/vapexyz.com\/tr\/product\/mesii-magic-x7-80000-puffs-7in1-flavor-low-nicotine-rechargeable-disposable-vapes-wholesale-bulk-buy\/","title":{"rendered":"MESII MAGIC X7 80000 Puffs 7'si 1 Arada Tatlar Toplu Al\u0131m \u015earj Edilebilir 80K Tek Kullan\u0131ml\u0131k Vape Toptan Sat\u0131\u015f"},"content":{"rendered":"<article style=\"font-family: -apple-system, BlinkMacSystemFont, 'Segoe UI', Roboto, Oxygen, Ubuntu, Cantarell, 'Open Sans', 'Helvetica Neue', sans-serif;line-height: 1.6;color: #333\">\n<p style=\"margin-top: 20px;font-size: 1.1em\">MESII MAGIC X7 80000 Puffs 7'li Aroma Profili sistemi, \u015farj edilebilir tek kullan\u0131ml\u0131k vape kategorisinde \u00f6nemli bir m\u00fchendislik ilerlemesi temsil eder. 80.000 aktivasyona (puff) kadar ola\u011fan\u00fcst\u00fc y\u00fcksek bir verim sa\u011flamak \u00fczere tasarlanan bu cihaz, hassas dijital te\u015fhislerle karma\u015f\u0131k \u00e7ok odal\u0131 bir \u00e7\u00f6z\u00fcm mimarisi entegre eder. VapeXYZ, do\u011frulanm\u0131\u015f bir Avrupa perakende da\u011f\u0131t\u0131m platformu arac\u0131l\u0131\u011f\u0131yla do\u011frudan kullan\u0131labilen bu donan\u0131m, \u00e7e\u015fitli aktif konsantrasyon g\u00fc\u00e7leriyle sa\u011flam, uzun \u00f6m\u00fcrl\u00fc tek kullan\u0131ml\u0131k vape'ler gerektiren perakende pazarlar i\u00e7in kalibre edilmi\u015ftir.<\/p>\n<hr style=\"border: 0;height: 1px;background: #e5e7eb;margin: 30px 0\" \/>\n<h2 style=\"color: #1f2937;border-bottom: 2px solid #3b82f6;padding-bottom: 8px\">\ud83c\udf2c\ufe0f MESII MAGIC X7 Teknik \u00dcr\u00fcn Genel Bak\u0131\u015f\u0131<\/h2>\n<p>MESII MAGIC X7'nin operasyonel \u00e7er\u00e7evesi, y\u00fcksek kapasiteli dahili rezervuarlar\u0131 etraf\u0131nda merkezlenmi\u015ftir. Geleneksel tek odac\u0131kl\u0131 tek kullan\u0131ml\u0131k vape'lerin aksine, bu model \u00fc\u00e7 ba\u011f\u0131ms\u0131z 30 ml depolama tank\u0131 ile birlikte 90 ml vape sol\u00fcsyonu kapasitesi sunar. Bu \u00e7ok tankl\u0131 tasar\u0131m, farkl\u0131 aroma profillerinin \u00e7apraz kontaminasyonunu \u00f6nlerken \u015fasi i\u00e7inde yap\u0131sal b\u00fct\u00fcnl\u00fc\u011f\u00fc korur. Bu geni\u015f kapasiteyi g\u00fc\u00e7lendiren, son derece optimize edilmi\u015f 850 mAh \u015farj edilebilir lityum-iyon pil vard\u0131r. Titiz end\u00fcstri standartlar\u0131n\u0131 kar\u015f\u0131lamak \u00fczere \u00fcretilen pil h\u00fccresi, entegre USB-C terminali arac\u0131l\u0131\u011f\u0131yla y\u00fczlerce \u015farj d\u00f6ng\u00fcs\u00fc boyunca sabit voltaj \u00e7\u0131k\u0131\u015f\u0131 sa\u011flamak \u00fczere tasarlanm\u0131\u015ft\u0131r.<\/p>\n<p>\u00c7e\u015fitli demografik gereksinimleri ve d\u00fczenleyici tercihlerleri kar\u015f\u0131lamak i\u00e7in cihaz, birden fazla aktif konsantrasyon seviyesini destekleyecek \u015fekilde tasarlanm\u0131\u015ft\u0131r. Tedarik uzmanlar\u0131, 0%, 2%, 3% ve 5% g\u00fc\u00e7lerinde derecelendirilmi\u015f form\u00fclasyonlardan se\u00e7im yapabilir. Bu de\u011fi\u015fkenlik, distrib\u00fct\u00f6rlerin b\u00f6lgesel uyum gereksinimleri ve yeti\u015fkin t\u00fcketici tercihlerine uygun kapsaml\u0131 bir envanter stoklamas\u0131n\u0131 sa\u011flar.<\/p>\n<div style=\"background-color: #f8fafc;border-left: 5px solid #10b981;padding: 20px;margin: 25px 0;border-radius: 0 8px 8px 0\">\n<h3 style=\"margin-top: 0;color: #047857;font-size: 1.2em\">\ud83d\udd2c M\u00fchendislik Bilgi Noktas\u0131: \u00dc\u00e7l\u00fc A\u011f Bobin Dinamikleri<\/h3>\n<p style=\"margin-bottom: 0\">MESII MAGIC X7\u2019nin buharla\u015ft\u0131rma motorunun \u00e7ekirde\u011finde geli\u015fmi\u015f bir \u00fc\u00e7l\u00fc a\u011f\u0131zl\u0131 bobin sistemi bulunmaktad\u0131r. Geleneksel helezon bobinler genellikle e\u015fit olmayan \u0131s\u0131 da\u011f\u0131l\u0131m\u0131ndan muzdariptir, bu da vape \u00e7\u00f6zeltisinin termal olarak bozulmas\u0131na yol a\u00e7ar. Bu cihazda kullan\u0131lan a\u011f kafes yap\u0131s\u0131, emici malzeme ile temas halinde olan y\u00fczey alan\u0131n\u0131 maksimuma \u00e7\u0131kar\u0131r. Ampirik laboratuvar testleri, bunun daha d\u00fczg\u00fcn bir termal gradyan ortaya \u00e7\u0131kard\u0131\u011f\u0131n\u0131, yerel a\u015f\u0131r\u0131 \u0131s\u0131nma riskini azaltt\u0131\u011f\u0131n\u0131 ve 90 ml rezervuar\u0131n bo\u015falmas\u0131na kadar duyusal \u00e7\u0131kt\u0131n\u0131n olduk\u00e7a tutarl\u0131 kalmas\u0131n\u0131 sa\u011flad\u0131\u011f\u0131n\u0131 g\u00f6sterir.<\/p>\n<\/div>\n<hr style=\"border: 0;height: 1px;background: #e5e7eb;margin: 30px 0\" \/>\n<h2 style=\"color: #1f2937;border-bottom: 2px solid #3b82f6;padding-bottom: 8px\">\ud83d\udd27 Analitik \u00d6zellikler ve Temel \u00d6zellikler<\/h2>\n<p>MESII MAGIC X7, premium, kal\u0131c\u0131 donan\u0131mlar i\u00e7in ayr\u0131lan tipik te\u015fhis elektroniklerini dahil ederek geleneksel tek kullan\u0131ml\u0131k vape tasar\u0131m\u0131ndan ayr\u0131lmaktad\u0131r. Dijital ak\u0131ll\u0131 \u00f6zelliklerin entegrasyonu, kullan\u0131c\u0131ya ampirik veriler sa\u011flayarak \u015feffaf bir operasyonel deneyim sa\u011flar.<\/p>\n<ul style=\"list-style-type: none;padding-left: 0\">\n<li style=\"margin-bottom: 12px;padding-left: 24px;position: relative\"><span style=\"position: absolute;left: 0;color: #3b82f6\">\u2794<\/span>Hacimsel \u00dcst\u00fcnl\u00fck: Toplam 90\u202fml \u00e7\u00f6zelti i\u00e7erir, standartla\u015ft\u0131r\u0131lm\u0131\u015f otomatik test ko\u015fullar\u0131nda ampirik olarak 80.000 puff \u00fcst s\u0131n\u0131r elde edecek \u015fekilde tasarlanm\u0131\u015ft\u0131r.<\/li>\n<li style=\"margin-bottom: 12px;padding-left: 24px;position: relative\"><span style=\"position: absolute;left: 0;color: #3b82f6\">\u2794<\/span>G\u00fc\u00e7 Y\u00f6netimi: Type-C giri\u015fi ile entegre 850\u202fmAh lityum-iyon pil, a\u015f\u0131r\u0131 \u015farj, k\u0131sa devre ve d\u00fc\u015f\u00fck voltaj koruma algoritmalar\u0131n\u0131 i\u00e7eren dahili Bask\u0131l\u0131 Devre Kart\u0131 (PCB) taraf\u0131ndan d\u00fczenlenir.<\/li>\n<li style=\"margin-bottom: 12px;padding-left: 24px;position: relative\"><span style=\"position: absolute;left: 0;color: #3b82f6\">\u2794<\/span>Form\u00fclasyon Varyantlar\u0131: \u00c7e\u015fitli B2B sat\u0131n alma stratejilerini kar\u015f\u0131lamak i\u00e7in 0%, 2%, 3% ve 5% aktif bile\u015fen g\u00fc\u00e7lerinde mevcuttur.<\/li>\n<li style=\"margin-bottom: 12px;padding-left: 24px;position: relative\"><span style=\"position: absolute;left: 0;color: #3b82f6\">\u2794<\/span>Termal Motor: Optimal termodinamik d\u00f6n\u00fc\u015f\u00fcm ve tutarl\u0131 buhar yo\u011funlu\u011fu sa\u011flayan hassas m\u00fchendislikli \u00fc\u00e7l\u00fc a\u011f bobinleri.<\/li>\n<li style=\"margin-bottom: 12px;padding-left: 24px;position: relative\"><span style=\"position: absolute;left: 0;color: #3b82f6\">\u2794<\/span>Te\u015fhis Telemetrisi (\u00c7ift Ekran): \u0130ki y\u00fcksek kontrastl\u0131 dijital ekran, kalan pil voltaj\u0131 ve tahmini \u00e7\u00f6z\u00fcm hacmi hakk\u0131nda dahili kapasitif hesaplamalar yoluyla ger\u00e7ek zamanl\u0131 ampirik verileri iletir.<\/li>\n<li style=\"margin-bottom: 12px;padding-left: 24px;position: relative\"><span style=\"position: absolute;left: 0;color: #3b82f6\">\u2794<\/span>Etkinle\u015ftirme Kronometresi: Dahili bir solunum sayac\u0131, her \u00e7ekimin s\u00fcresini izleyerek hassas t\u00fcketim izlemeyi sa\u011flar.<\/li>\n<li style=\"margin-bottom: 12px;padding-left: 24px;position: relative\"><span style=\"position: absolute;left: 0;color: #3b82f6\">\u2794<\/span>Ergonomik K\u00fctle: Geni\u015f i\u00e7 hacmine ra\u011fmen, \u015fasi hafif, dayan\u0131kl\u0131 polimerlerden ve al\u00fcminyum ala\u015f\u0131mlardan in\u015fa edilmi\u015ftir, bu da birim ba\u015f\u0131na tam olarak 121\u202fg'lik kalibre edilmi\u015f bir k\u00fctle ile sonu\u00e7lan\u0131r.<\/li>\n<\/ul>\n<hr style=\"border: 0;height: 1px;background: #e5e7eb;margin: 30px 0\" \/>\n<h2 style=\"color: #1f2937;border-bottom: 2px solid #3b82f6;padding-bottom: 8px\">Ampirik Test Metodolojisi ve Performans Do\u011frulamas\u0131<\/h2>\n<p>Y\u00fcksek kapasiteli tek kullan\u0131ml\u0131k vape'leri de\u011ferlendirirken, B2B sat\u0131n alma g\u00fcveni i\u00e7in objektif do\u011frulama kritik \u00f6neme sahiptir. MESII MAGIC X7'nin belirtilen 80.000 puf derecesi keyfi de\u011fildir; titiz, makine tabanl\u0131 ampirik testlerden elde edilmi\u015ftir. Ba\u011f\u0131ms\u0131z tesis protokolleri genellikle otomatik solunum sim\u00fclat\u00f6rleri kullan\u0131r. Bu makineler, cihazdan belirli aral\u0131klarla \u00e7ekme yapmak \u00fczere kalibre edilmi\u015ftir - genellikle 1,5 ila 2,0 saniye s\u00fcren bir \u00e7ekme s\u00fcresi ve ard\u0131ndan bobin doyma ar\u0131zas\u0131n\u0131 \u00f6nlemek i\u00e7in d\u00fczenlenmi\u015f bir so\u011futma s\u00fcresi olu\u015fur.<\/p>\n<p>Yetkili bir duru\u015f noktas\u0131ndan itibaren, ger\u00e7ek d\u00fcnya t\u00fcketici verimlerinin varyasyon sergileyece\u011fini belirtmek \u00f6nemlidir. Ortam s\u0131cakl\u0131\u011f\u0131 (pil de\u015farj oranlar\u0131n\u0131 ve \u00e7\u00f6zelti viskozitesini etkileyen) ve bireysel kullan\u0131c\u0131 solunum al\u0131\u015fkanl\u0131klar\u0131 (\u00f6rne\u011fin, daha derin, 4 saniyelik \u00e7ekimler) gibi \u00e7evresel fakt\u00f6rler son aktivasyon say\u0131s\u0131n\u0131 de\u011fi\u015ftirecektir. Bununla birlikte, temel 90 ml hacmi, donan\u0131m\u0131n sekt\u00f6rdeki rakip cihazlar\u0131n b\u00fcy\u00fck \u00e7o\u011funlu\u011fundan daha uzun s\u00fcre dayanacak yeterli malzemeyi i\u00e7erdi\u011fini garanti ederek, herhangi bir perakende portf\u00f6y i\u00e7in olduk\u00e7a g\u00fcvenilir bir varl\u0131k olarak kurulmas\u0131n\u0131 sa\u011flar.<\/p>\n<hr style=\"border: 0;height: 1px;background: #e5e7eb;margin: 30px 0\" \/>\n<h2 style=\"color: #1f2937;border-bottom: 2px solid #3b82f6;padding-bottom: 8px\">\ud83d\ude0b Sensory Matrix: 7'si 1 Aronya Kombinasyonlar\u0131<\/h2>\n<p>Bu vape'in \u00e7ok odal\u0131 tasar\u0131m\u0131, aromatik profillerin karma\u015f\u0131k bir \u015fekilde harmanlanmas\u0131n\u0131 sa\u011flar. Kullan\u0131c\u0131lar, donan\u0131m de\u011fi\u015ftirmeden farkl\u0131 botanik ve meyve esinli profilleri deneyimlemek i\u00e7in odalar aras\u0131nda ge\u00e7i\u015f yapabilirler. A\u015fa\u011f\u0131da toplu sipari\u015f i\u00e7in mevcut olan onayl\u0131 duyusal kombinasyonlar listesi bulunmaktad\u0131r:<\/p>\n<ol style=\"background-color: #fafafa;border: 1px solid #e5e7eb;padding: 25px 25px 25px 45px;border-radius: 8px;font-weight: 500\">\n<li style=\"margin-bottom: 10px\">\u015eeftali Dondurmas\u0131 &amp; \u00c7ift Elma Dondurmas\u0131 &amp; Aloe Vera \u00dcz\u00fcm Dondurmas\u0131<\/li>\n<li style=\"margin-bottom: 10px\">\u015eeftali Dondurmas\u0131 &amp; Ananas Dondurmas\u0131 &amp; Mango Dondurmas\u0131<\/li>\n<li style=\"margin-bottom: 10px\">\u00c7ilekli Muzlu Dondurma &amp; Ahudurlu Kirazl\u0131 Dondurma &amp; Karpuzlu Dondurma<\/li>\n<li style=\"margin-bottom: 10px\">Kiraz Kola Dondurmas\u0131 &amp; Mavi Yaban Mersini Dondurmas\u0131 &amp; Red Bull Dondurmas\u0131<\/li>\n<li style=\"margin-bottom: 10px\">Kavun Buzu &amp; Nane Buzu &amp; Mavi Razz Buzu<\/li>\n<li style=\"margin-bottom: 10px\">Limonata Dondurma &amp; Mavi Razz Dondurma &amp; Kar\u0131\u015f\u0131k Meyve Dondurma<\/li>\n<li style=\"margin-bottom: 10px\">Limon Lime Dondurma &amp; \u00c7ilek Kivi Dondurma &amp; Karpuz Dondurma<\/li>\n<li style=\"margin-bottom: 10px\">\u00dc\u00e7l\u00fc Kavun Dondurmas\u0131 &amp; \u00c7ilek Karpuz Dondurmas\u0131 &amp; Passion Fruit Lemon Ice<\/li>\n<li style=\"margin-bottom: 10px\">Blackberry Ice &amp; \u00dcz\u00fcm Ice &amp; So\u011fuk Nane Ice<\/li>\n<li style=\"margin-bottom: 10px\">\u00c7ilek Buzu &amp; Mango Buzu &amp; \u00c7ilek Krem Buz<\/li>\n<\/ol>\n<p>Her konfig\u00fcrasyon, aromatik \u00f6z\u00fcn fabrikadan son kullan\u0131m a\u015famas\u0131na kadar sabit kalmas\u0131n\u0131 sa\u011flamak i\u00e7in hassas form\u00fclasyon kullan\u0131r. Bu sayede, d\u00fc\u015f\u00fck seviyeli tek kullan\u0131ml\u0131k vape'lerde yayg\u0131n olan oksidasyon sorunlar\u0131 \u00f6nlenir.<\/p>\n<hr style=\"border: 0;height: 1px;background: #e5e7eb;margin: 30px 0\" \/>\n<h2 style=\"color: #1f2937;border-bottom: 2px solid #3b82f6;padding-bottom: 8px\">\ud83d\udce6 B2B Tedarik, Lojistik ve Boyut Verileri<\/h2>\n<p>Toplu sat\u0131\u015f ortaklar\u0131 i\u00e7in, boyut a\u011f\u0131rl\u0131\u011f\u0131 ve mekansal optimizasyon, nakliye giderlerini ve depolama yo\u011funlu\u011funu hesaplamak i\u00e7in kritik \u00f6neme sahiptir. MESII MAGIC X7, karton verimlili\u011fini en \u00fcst d\u00fczeye \u00e7\u0131karmak i\u00e7in standartla\u015ft\u0131r\u0131lm\u0131\u015f lojistik \u00f6l\u00e7\u00fctleri kullanarak paketlenir. VapeXYZ, tutarl\u0131 B2B teslimatlar\u0131 sa\u011flamak i\u00e7in tedarik zinciri \u00fczerinde s\u0131k\u0131 g\u00f6zetim sa\u011flar.<\/p>\n<table style=\"width: 100%;border-collapse: collapse;margin: 25px 0;font-family: -apple-system, sans-serif;border-radius: 8px;overflow: hidden\">\n<thead style=\"background-color: #1e293b;color: #ffffff;text-align: left\">\n<tr>\n<th style=\"padding: 15px 20px;font-weight: 600;text-transform: uppercase;font-size: 0.9em;letter-spacing: 0.5px\">Lojistik Metrik<\/th>\n<th style=\"padding: 15px 20px;font-weight: 600;text-transform: uppercase;font-size: 0.9em;letter-spacing: 0.5px\">Do\u011frulanan \u00d6zellik<\/th>\n<\/tr>\n<\/thead>\n<tbody style=\"background-color: #ffffff\">\n<tr style=\"border-bottom: 1px solid #e2e8f0\">\n<td style=\"padding: 15px 20px;color: #475569\">Perakende \u00dcnit Ambajaj\u0131<\/td>\n<td style=\"padding: 15px 20px;color: #0f172a;font-weight: 500\">Perakende ekran paketi ba\u015f\u0131na 10 bireysel cihaz<\/td>\n<\/tr>\n<tr style=\"border-bottom: 1px solid #e2e8f0;background-color: #f8fafc\">\n<td style=\"padding: 15px 20px;color: #475569\">Ana Karton Yo\u011funlu\u011fu<\/td>\n<td style=\"padding: 15px 20px;color: #0f172a;font-weight: 500\">Ana karton ba\u015f\u0131na 150 adet cihaz<\/td>\n<\/tr>\n<tr style=\"border-bottom: 1px solid #e2e8f0\">\n<td style=\"padding: 15px 20px;color: #475569\">Cihaz A\u011f\u0131rl\u0131\u011f\u0131 (Paketsiz)<\/td>\n<td style=\"padding: 15px 20px;color: #0f172a;font-weight: 500\">121 g<\/td>\n<\/tr>\n<tr style=\"border-bottom: 1px solid #e2e8f0;background-color: #f8fafc\">\n<td style=\"padding: 15px 20px;color: #475569\">Ana Karton Boyutlar\u0131<\/td>\n<td style=\"padding: 15px 20px;color: #0f172a;font-weight: 500\">515\u202fmm \u00d7 415\u202fmm \u00d7 268\u202fmm<\/td>\n<\/tr>\n<tr>\n<td style=\"padding: 15px 20px;color: #475569\">Br\u00fct Karton A\u011f\u0131rl\u0131\u011f\u0131<\/td>\n<td style=\"padding: 15px 20px;color: #0f172a;font-weight: 500\">Yakla\u015f\u0131k 21.15\u202fkg<\/td>\n<\/tr>\n<\/tbody>\n<\/table>\n<hr style=\"border: 0;height: 1px;background: #e5e7eb;margin: 30px 0\" \/>\n<h2 style=\"color: #1f2937;border-bottom: 2px solid #3b82f6;padding-bottom: 8px\">\u2705 G\u00fcven, Yetki ve Uyum: Neden VapeXYZ ile Ortakl\u0131k Yapmal\u0131s\u0131n\u0131z?<\/h2>\n<p>At\u0131labilir vape sekt\u00f6r\u00fcnde donan\u0131m tedarik ederken, d\u00fczenleyici uyumluluk ve \u00fcr\u00fcn \u00f6zg\u00fcnl\u00fc\u011f\u00fcn\u00fc sa\u011flamak i\u00e7in yetkili bir distrib\u00fct\u00f6r ile uyum sa\u011flamak son derece \u00f6nemlidir. Avrupa da\u011f\u0131t\u0131m\u0131 i\u00e7in premier bir merkez olarak, VapeXYZ s\u0131k\u0131 sat\u0131c\u0131 do\u011frulama protokolleri alt\u0131nda \u00e7al\u0131\u015f\u0131r. \u0130thal edilen t\u00fcm elektronik donan\u0131mlar\u0131n CE ve RoHS malzeme g\u00fcvenlik standartlar\u0131n\u0131 kar\u015f\u0131lamas\u0131n\u0131 sa\u011fl\u0131yoruz.<\/p>\n<p>Ayr\u0131ca, MESII MAGIC X7 entegre 850\u202fmAh lityum-iyon g\u00fc\u00e7 kayna\u011f\u0131 kullan\u0131ld\u0131\u011f\u0131ndan, sorumlu ya\u015fam d\u00f6ng\u00fcs\u00fc y\u00f6netimini savunuyoruz. Distrib\u00fct\u00f6rler ve perakendeciler, t\u00fcketicilerin cihaz\u0131n operasyonel \u00f6mr\u00fcn\u00fcn sonuna ula\u015ft\u0131\u011f\u0131nda uygun elektronik at\u0131k bertaraf y\u00f6ntemleri konusunda e\u011fitildi\u011finden emin olarak yerel At\u0131k Elektrik ve Elektronik Ekipman (WEEE) direktiflerine uymal\u0131d\u0131r.<\/p>\n<ul style=\"padding-left: 0\">\n<li style=\"margin-bottom: 15px;align-items: flex-start\"><span style=\"background-color: #e0e7ff;color: #4f46e5;padding: 4px 8px;border-radius: 4px;margin-right: 12px;font-size: 0.9em\">01<\/span>\n<div>Tedarik Zinciri B\u00fct\u00fcnl\u00fc\u011f\u00fc: Denetlenmi\u015f orijinal \u00fcreticilerden do\u011frudan kaynak sa\u011fl\u0131yoruz. Bu, sahte riskleri ortadan kald\u0131r\u0131r ve PCB'den \u00f6rg\u00fc bobinlere kadar dahili bile\u015fenlerin fabrika orijinali oldu\u011funu garanti eder.<\/div>\n<\/li>\n<li style=\"margin-bottom: 15px;align-items: flex-start\"><span style=\"background-color: #e0e7ff;color: #4f46e5;padding: 4px 8px;border-radius: 4px;margin-right: 12px;font-size: 0.9em\">02<\/span>\n<div>Kalite G\u00fcvencesi: Her karton, B2B ortaklar\u0131m\u0131z i\u00e7in Do\u011fumda \u00d6l\u00fcm (DOA) oranlar\u0131n\u0131 azaltmak ve \u00f6zg\u00fcnl\u00fc\u011f\u00fc onaylamak i\u00e7in rastgele g\u00f6rsel ve yap\u0131sal denetimlerden ge\u00e7er.<\/div>\n<\/li>\n<li style=\"margin-bottom: 15px;align-items: flex-start\"><span style=\"background-color: #e0e7ff;color: #4f46e5;padding: 4px 8px;border-radius: 4px;margin-right: 12px;font-size: 0.9em\">03<\/span>\n<div>Lojistik Verimlili\u011fi: Da\u011f\u0131t\u0131m altyap\u0131m\u0131z, h\u0131zl\u0131 transit s\u00fcreleri, optimize edilmi\u015f palet istifleme ve do\u011fru g\u00fcmr\u00fck belgeleri sa\u011flayarak perakende sevkiyat\u0131na yo\u011fun \u015fekilde uyarlanm\u0131\u015ft\u0131r.<\/div>\n<\/li>\n<\/ul>\n<hr style=\"border: 0;height: 1px;background: #e5e7eb;margin: 30px 0\" \/>\n<h2 style=\"color: #1f2937;border-bottom: 2px solid #3b82f6;padding-bottom: 8px\">\u2753 \u00d6nemli Noktalar SSS: Teknik ve Toptan Soru\u015fturmalar<\/h2>\n<div style=\"border: 1px solid #cbd5e1;border-radius: 8px;margin-bottom: 15px;padding: 20px;background-color: #f8fafc\">\n<h3 style=\"margin-top: 0;font-size: 1.1em;color: #0f172a;align-items: center\">Cihaz kalan \u00e7\u00f6zelti seviyesini nas\u0131l hesaplar ve g\u00f6r\u00fcnt\u00fcler?<\/h3>\n<p style=\"margin-bottom: 0;color: #475569\">\u0130kili te\u015fhis ekranlar\u0131 dahili bir algoritmik tahmin kullan\u0131r. Yerle\u015fik mikroi\u015flemci, solunum zamanlay\u0131c\u0131 arac\u0131l\u0131\u011f\u0131yla \u0131s\u0131 uygulamas\u0131n\u0131n k\u00fcm\u00fclatif s\u00fcresini izler ve bu verileri bilinen 90\u202fml'lik ilk hacme kar\u015f\u0131 ili\u015fkilendirir. Bu, kalan kapasitenin olduk\u00e7a do\u011fru bir g\u00f6rsel yakla\u015f\u0131m\u0131n\u0131 sa\u011flar.<\/p>\n<\/div>\n<div style=\"border: 1px solid #cbd5e1;border-radius: 8px;margin-bottom: 15px;padding: 20px;background-color: #f8fafc\">\n<h3 style=\"margin-top: 0;font-size: 1.1em;color: #0f172a;align-items: center\">MESII MAGIC X7 uluslararas\u0131 nakliye d\u00fczenlemelerine uygun mu?<\/h3>\n<p style=\"margin-bottom: 0;color: #475569\">Evet. Cihaz 850\u202fmAh bataryay\u0131 bar\u0131nd\u0131r\u0131yor; bu, UN3481 (ekipmanda bulunan lityum iyon bataryalar) i\u00e7in standart ta\u015f\u0131ma k\u0131lavuzlar\u0131 i\u00e7inde yer al\u0131yor. Lojistik ekiplerimiz, t\u00fcm kartonlar\u0131n g\u00fcvenli uluslararas\u0131 hava ve y\u00fck ta\u015f\u0131mac\u0131l\u0131\u011f\u0131 i\u00e7in gereken batarya uyar\u0131 levhalar\u0131yla d\u00fczg\u00fcn \u015fekilde etiketlenmesini sa\u011flar.<\/p>\n<\/div>\n<div style=\"border: 1px solid #cbd5e1;border-radius: 8px;margin-bottom: 15px;padding: 20px;background-color: #f8fafc\">\n<h3 style=\"margin-top: 0;font-size: 1.1em;color: #0f172a;align-items: center\">7'si 1 arada aroma profili anahtarlama mekanizmas\u0131 i\u00e7sel olarak nas\u0131l i\u015flev g\u00f6r\u00fcr?<\/h3>\n<p style=\"margin-bottom: 0;color: #475569\">Donan\u0131m, 30 ml'lik ayr\u0131 tanklar i\u00e7inde bar\u0131nd\u0131r\u0131lan belirli \u0131s\u0131tma elemanlar\u0131na g\u00fc\u00e7 ak\u0131\u015f\u0131n\u0131 sorunsuz bir \u015fekilde y\u00f6nlendiren mekanik bir aray\u00fcze dayan\u0131r. Bu izolasyon, \u00e7apraz doygunlu\u011fu \u00f6nler, yani her bir ayr\u0131 profil, birden fazla cihaz gerektirmeden saf kal\u0131r.<\/p>\n<\/div>\n<p style=\"margin-top: 30px;font-weight: 500;text-align: center;font-size: 1.1em\">Perakende operasyonunuza y\u00fcksek performansl\u0131, uzmanca tasarlanm\u0131\u015f tek kullan\u0131ml\u0131k vape'leri entegre etmeye haz\u0131r m\u0131s\u0131n\u0131z? Bug\u00fcn VapeXYZ ile ortak olun ve i\u015fletmeniz i\u00e7in MESII MAGIC X7'nin toptan sat\u0131\u015f tahsisatlar\u0131n\u0131 g\u00fcvence alt\u0131na al\u0131n.<\/p>\n<div style=\"text-align: center;margin-top: 40px\"><img loading=\"lazy\" decoding=\"async\" class=\"alignnone wp-image-52046 size-full\" style=\"max-width: 100%;height: auto;border-radius: 8px\" src=\"https:\/\/vapexyz.com\/wp-content\/uploads\/2025\/07\/Mesii-MAGIC-X7-80000-Puffs-Low-Nicotine-Rechargeable-Disposable-Vapes-Wholesale-Bulk-Buy99.webp\" alt=\"Mesii MAGIC X7 80000 Puffs \u015earj Edilebilir Tek Kullan\u0131ml\u0131k Vape Toptan Sat\u0131\u015f\" width=\"1000\" height=\"1000\" title=\"\" srcset=\"https:\/\/vapexyz.com\/wp-content\/uploads\/2025\/07\/Mesii-MAGIC-X7-80000-Puffs-Low-Nicotine-Rechargeable-Disposable-Vapes-Wholesale-Bulk-Buy99.webp 1000w, https:\/\/vapexyz.com\/wp-content\/uploads\/2025\/07\/Mesii-MAGIC-X7-80000-Puffs-Low-Nicotine-Rechargeable-Disposable-Vapes-Wholesale-Bulk-Buy99-500x500.webp 500w, https:\/\/vapexyz.com\/wp-content\/uploads\/2025\/07\/Mesii-MAGIC-X7-80000-Puffs-Low-Nicotine-Rechargeable-Disposable-Vapes-Wholesale-Bulk-Buy99-300x300.webp 300w, https:\/\/vapexyz.com\/wp-content\/uploads\/2025\/07\/Mesii-MAGIC-X7-80000-Puffs-Low-Nicotine-Rechargeable-Disposable-Vapes-Wholesale-Bulk-Buy99-768x768.webp 768w, https:\/\/vapexyz.com\/wp-content\/uploads\/2025\/07\/Mesii-MAGIC-X7-80000-Puffs-Low-Nicotine-Rechargeable-Disposable-Vapes-Wholesale-Bulk-Buy99-12x12.webp 12w, https:\/\/vapexyz.com\/wp-content\/uploads\/2025\/07\/Mesii-MAGIC-X7-80000-Puffs-Low-Nicotine-Rechargeable-Disposable-Vapes-Wholesale-Bulk-Buy99-247x247.webp 247w, https:\/\/vapexyz.com\/wp-content\/uploads\/2025\/07\/Mesii-MAGIC-X7-80000-Puffs-Low-Nicotine-Rechargeable-Disposable-Vapes-Wholesale-Bulk-Buy99-510x510.webp 510w, https:\/\/vapexyz.com\/wp-content\/uploads\/2025\/07\/Mesii-MAGIC-X7-80000-Puffs-Low-Nicotine-Rechargeable-Disposable-Vapes-Wholesale-Bulk-Buy99-100x100.webp 100w\" sizes=\"auto, (max-width: 1000px) 100vw, 1000px\" \/><\/div>\n<\/article>","protected":false},"excerpt":{"rendered":"<p>MESII MAGIC X7 80000 Puffs 7'si 1 Arada Tatlar, d\u00fc\u015f\u00fck yo\u011funluklu se\u00e7enekler, \u00fc\u00e7l\u00fc tat tanklar\u0131, \u00e7ift ekran ve ak\u0131ll\u0131 buhar kontrol\u00fc \u00f6zelli\u011fiyle 80000-puff kapasiteli, \u015farj edilebilir, tek kullan\u0131ml\u0131k bir vape'dir - VapeXYZ'de toplu sipari\u015fler i\u00e7in m\u00fckemmel.<\/p>","protected":false},"featured_media":52039,"comment_status":"open","ping_status":"closed","template":"","meta":{"_lmt_disableupdate":"no","_lmt_disable":""},"product_brand":[],"product_cat":[1080,1078,947,935,934,927,929,928,930,933,939,932,938,931,936,937,1017,949,946,951,953,987],"product_tag":[],"class_list":{"0":"post-51991","1":"product","2":"type-product","3":"status-publish","4":"has-post-thumbnail","6":"product_cat-mesii-disposable-vapes","7":"product_cat-80000-puffs-vapes","8":"product_cat-big-puffs-vapes","9":"product_cat-bulk-buy-disposable-vapes-in-austria","10":"product_cat-bulk-buy-disposable-vapes-in-belgium","11":"product_cat-bulk-buy-disposable-vapes-in-europe","12":"product_cat-bulk-buy-disposable-vapes-in-france","13":"product_cat-bulk-buy-disposable-vapes-in-germany","14":"product_cat-bulk-buy-disposable-vapes-in-italy","15":"product_cat-bulk-buy-disposable-vapes-in-netherlands","16":"product_cat-bulk-buy-disposable-vapes-in-norway","17":"product_cat-bulk-buy-disposable-vapes-in-poland","18":"product_cat-bulk-buy-disposable-vapes-in-portugal","19":"product_cat-bulk-buy-disposable-vapes-in-spain","20":"product_cat-bulk-buy-disposable-vapes-in-sweden","21":"product_cat-bulk-buy-disposable-vapes-in-switzerland","22":"product_cat-buy-best-disposable-vape-flavors","23":"product_cat-digital-box-vapes","24":"product_cat-disposable-vapes-series","25":"product_cat-lower-nicotine-vapes","26":"product_cat-rechargeable-vapes","27":"product_cat-vape-shop-by-puffs","29":"first","30":"instock","31":"shipping-taxable","32":"purchasable","33":"product-type-variable","34":"has-default-attributes"},"jetpack_sharing_enabled":true,"tiered_pricing_type":"fixed","tiered_pricing_fixed_rules":[],"tiered_pricing_product_settings":{"layout":"default","base_unit_name":{"singular":null,"plural":null},"default_variation":null},"tiered_pricing_minimum_quantity":null,"tiered_pricing_roles_data":[],"tiered_pricing_percentage_rules":[],"tiered_pricing_maximum_quantity":null,"tiered_pricing_quantity_step":null,"_links":{"self":[{"href":"https:\/\/vapexyz.com\/tr\/wp-json\/wp\/v2\/product\/51991","targetHints":{"allow":["GET"]}}],"collection":[{"href":"https:\/\/vapexyz.com\/tr\/wp-json\/wp\/v2\/product"}],"about":[{"href":"https:\/\/vapexyz.com\/tr\/wp-json\/wp\/v2\/types\/product"}],"replies":[{"embeddable":true,"href":"https:\/\/vapexyz.com\/tr\/wp-json\/wp\/v2\/comments?post=51991"}],"wp:featuredmedia":[{"embeddable":true,"href":"https:\/\/vapexyz.com\/tr\/wp-json\/wp\/v2\/media\/52039"}],"wp:attachment":[{"href":"https:\/\/vapexyz.com\/tr\/wp-json\/wp\/v2\/media?parent=51991"}],"wp:term":[{"taxonomy":"product_brand","embeddable":true,"href":"https:\/\/vapexyz.com\/tr\/wp-json\/wp\/v2\/product_brand?post=51991"},{"taxonomy":"product_cat","embeddable":true,"href":"https:\/\/vapexyz.com\/tr\/wp-json\/wp\/v2\/product_cat?post=51991"},{"taxonomy":"product_tag","embeddable":true,"href":"https:\/\/vapexyz.com\/tr\/wp-json\/wp\/v2\/product_tag?post=51991"}],"curies":[{"name":"wp","href":"https:\/\/api.w.org\/{rel}","templated":true}]}}