{"id":49599,"date":"2025-06-20T13:42:48","date_gmt":"2025-06-20T13:42:48","guid":{"rendered":"https:\/\/vapexyz.com\/?post_type=product&#038;p=49599"},"modified":"2026-03-02T07:06:34","modified_gmt":"2026-03-02T07:06:34","slug":"vozol-star-40000-puffs-cift-ag-lcd-ekran-dusuk-nikotin-orjinal-fabrika-toplu-alis-iade-edilebilir-tek-kullanimlik-vape-kalem-toptan-satis","status":"publish","type":"product","link":"https:\/\/vapexyz.com\/tr\/product\/vozol-star-40000-puffs-dual-mesh-lcd-screen-low-nicotine-original-factory-bulk-buy-rechargeable-disposable-vapes-pen-wholesale\/","title":{"rendered":"VOZOL STAR 40000 Puffs Dual Mesh LCD Ekran Toplu Al\u0131m \u015earj Edilebilir Tek Kullan\u0131ml\u0131k Vape Toptan Sat\u0131\u015f"},"content":{"rendered":"<article style=\"font-family: -apple-system, BlinkMacSystemFont, 'Segoe UI', Roboto, Helvetica, Arial, sans-serif;line-height: 1.8;color: #2c3e50;max-width: 100%;margin: 0 auto;padding: 20px\">\n<h2 style=\"color: #1a365d;font-size: 2.2em;border-bottom: 2px solid #e2e8f0;padding-bottom: 10px;margin-bottom: 20px\"><a style=\"color: #3182ce;text-decoration: none\" href=\"https:\/\/vapexyz.com\/tr\/urun-kategori%cc%87si%cc%87\/vozol-tek-kullanimlik-elektronik-sigaralar\/\">VOZOL STAR<\/a>\u00a040.000 Puff'l\u0131 Tek Kullan\u0131ml\u0131k Vape - Orijinal Fabrikadan Toplu Perakende<\/h2>\n<p style=\"font-size: 1.1em;margin-bottom: 20px\">\u00dcst d\u00fczey vape cihazlar\u0131n\u0131n manzaras\u0131 s\u00fcrekli olarak geli\u015fiyor, daha y\u00fcksek kapasiteler, daha b\u00fcy\u00fck verimlilik ve tavizsiz kalite talep ediyor. VOZOL STAR 40000'\u0131 tan\u0131t\u0131n, modern cihaz m\u00fchendisli\u011finde bir at\u0131l\u0131m. Geli\u015fmi\u015f, \u00e7ekme etkinle\u015ftirilen tek kullan\u0131ml\u0131k vape olarak, \u00f6zenle tasarlanm\u0131\u015ft\u0131r ve 40.000 puff'a kadar benzeri g\u00f6r\u00fclmemi\u015f bir uzun \u00f6m\u00fcr sa\u011flamak i\u00e7in. Bu ola\u011fan\u00fcst\u00fc performans, sa\u011flam, y\u00fcksek yo\u011funluklu 1000 mAh \u015farj edilebilir batarya ve b\u00fcy\u00fck dahili rezervuar\u0131n birle\u015fimi ile sa\u011flanmaktad\u0131r; bu, ilk \u00e7ekmeden son \u00e7ekmeye kadar oturumlar\u0131n\u0131z\u0131n kesintisiz devam etmesini sa\u011flar.<\/p>\n<p style=\"font-size: 1.1em;margin-bottom: 20px\">Titiz kullan\u0131c\u0131lar i\u00e7in tasarlanan bu vape, ger\u00e7ek zamanl\u0131 telemetri i\u00e7in \u015f\u0131k, dalgal\u0131 bir LCD ekran, \u00e7ift modlu g\u00fc\u00e7 \u00e7\u0131k\u0131\u015f\u0131 se\u00e7enekleri (Eko ve G\u00fc\u00e7) ve S.i.L.C. teknolojisiyle \u00e7al\u0131\u015fan son teknoloji \u00e7ift a\u011f\u0131zl\u0131 bobin mimarisini i\u00e7erir. Perakende sat\u0131\u015f ma\u011fazas\u0131 veya b\u00fcy\u00fck bir da\u011f\u0131t\u0131m a\u011f\u0131 i\u015fletti\u011finizde, g\u00fcvenilir tek kullan\u0131ml\u0131k vape'ler sunmak rekabet\u00e7i bir avantaj sa\u011flamak i\u00e7in kritik \u00f6neme sahiptir. Bu cihaz, kullan\u0131c\u0131lar\u0131n 2% (20 mg\/ml) veya 5% (50 mg\/ml) aktif bile\u015fen konsantrasyonlar\u0131 aras\u0131nda se\u00e7im yapmalar\u0131n\u0131 sa\u011flayarak ki\u015fisel tercihlere m\u00fckemmel \u015fekilde uyum sa\u011flar ve son derece dayan\u0131kl\u0131, hafif bir \u015fasi i\u00e7inde \u00f6zelle\u015ftirilebilir bir deneyim sunar.<\/p>\n<div style=\"text-align: center;margin: 40px 0\"><img loading=\"lazy\" decoding=\"async\" class=\"alignnone wp-image-49604 size-large\" style=\"max-width: 1000px;width: 100%;height: auto;border-radius: 12px\" src=\"https:\/\/vapexyz.com\/wp-content\/uploads\/2025\/06\/Vozol-Star-40000-Puffs-Dual-Mesh-LCD-Screen-2-5-Low-Nicotine-Original-Factory-Bulk-Buy-Rechargeable-Disposable-Vapes-Pen-Wholesale-1024x950.webp\" alt=\"Vozol Star 40000 Puffs \u00c7ift A\u011f LCD Ekran Orijinal Fabrika Toplu Al\u0131m \u015earj Edilebilir Tek Kullan\u0131ml\u0131k Vape Kalem Toptan Sat\u0131\u015f\" width=\"1024\" height=\"950\" title=\"\" srcset=\"https:\/\/vapexyz.com\/wp-content\/uploads\/2025\/06\/Vozol-Star-40000-Puffs-Dual-Mesh-LCD-Screen-2-5-Low-Nicotine-Original-Factory-Bulk-Buy-Rechargeable-Disposable-Vapes-Pen-Wholesale-1024x950.webp 1024w, https:\/\/vapexyz.com\/wp-content\/uploads\/2025\/06\/Vozol-Star-40000-Puffs-Dual-Mesh-LCD-Screen-2-5-Low-Nicotine-Original-Factory-Bulk-Buy-Rechargeable-Disposable-Vapes-Pen-Wholesale-500x464.webp 500w, https:\/\/vapexyz.com\/wp-content\/uploads\/2025\/06\/Vozol-Star-40000-Puffs-Dual-Mesh-LCD-Screen-2-5-Low-Nicotine-Original-Factory-Bulk-Buy-Rechargeable-Disposable-Vapes-Pen-Wholesale-768x712.webp 768w, https:\/\/vapexyz.com\/wp-content\/uploads\/2025\/06\/Vozol-Star-40000-Puffs-Dual-Mesh-LCD-Screen-2-5-Low-Nicotine-Original-Factory-Bulk-Buy-Rechargeable-Disposable-Vapes-Pen-Wholesale-13x12.webp 13w, https:\/\/vapexyz.com\/wp-content\/uploads\/2025\/06\/Vozol-Star-40000-Puffs-Dual-Mesh-LCD-Screen-2-5-Low-Nicotine-Original-Factory-Bulk-Buy-Rechargeable-Disposable-Vapes-Pen-Wholesale-510x473.webp 510w, https:\/\/vapexyz.com\/wp-content\/uploads\/2025\/06\/Vozol-Star-40000-Puffs-Dual-Mesh-LCD-Screen-2-5-Low-Nicotine-Original-Factory-Bulk-Buy-Rechargeable-Disposable-Vapes-Pen-Wholesale.webp 1380w\" sizes=\"auto, (max-width: 1024px) 100vw, 1024px\" \/><\/div>\n<h3 style=\"color: #2b6cb0;font-size: 1.6em;margin-top: 40px;margin-bottom: 15px\">Ampirik Kan\u0131t: Ergonomi ve G\u00fcnl\u00fck Kullan\u0131m<\/h3>\n<p style=\"margin-bottom: 20px\">Teorik \u00f6zellikler yaln\u0131zca pratik, g\u00fcnl\u00fck kullan\u0131labilirli\u011fe d\u00f6n\u00fc\u015ft\u00fckleri takdirde \u00f6nemlidir. Kapsaml\u0131 kullan\u0131m ve tasar\u0131m de\u011ferlendirmesi yoluyla, bu tek kullan\u0131ml\u0131k vape'nin fiziksel varl\u0131\u011f\u0131 m\u00fckemmelli\u011fe kadar tasarlanm\u0131\u015ft\u0131r. Yakla\u015f\u0131k 109 gram a\u011f\u0131rl\u0131\u011f\u0131nda olan cihaz ideal bir denge sa\u011flar. Avu\u00e7 i\u00e7inde premium ve dayan\u0131kl\u0131 hissetmek i\u00e7in yeterli a\u011f\u0131rl\u0131\u011fa sahip olmakla birlikte, bir cebi veya \u00e7antay\u0131 zorlamadan rahat\u00e7a s\u0131\u011facak kadar hafiftir. D\u0131\u015f kasan\u0131n yap\u0131s\u0131nda, i\u00e7 devreleri korurken rafine, dokunsal bir tutu\u015f sunan y\u00fcksek kaliteli, darbeye dayan\u0131kl\u0131 polimerler kullan\u0131lm\u0131\u015ft\u0131r.<\/p>\n<p style=\"margin-bottom: 20px\">Dalgal\u0131 LCD ekran\u0131n dahil edilmesi yaln\u0131zca estetik bir se\u00e7im de\u011fildir; olduk\u00e7a i\u015flevsel bir ama\u00e7 i\u00e7in hizmet vermektedir. Do\u011frudan g\u00fcne\u015f \u0131\u015f\u0131\u011f\u0131 alt\u0131nda veya lo\u015f ortamlarda, y\u00fcksek kontrastl\u0131 aray\u00fcz an\u0131nda ampirik veriler sa\u011flar: kesin pil \u00f6mr\u00fc y\u00fczdesi, mevcut \u00e7al\u0131\u015fma modu ve kalan form\u00fclasyon kapasitesi. Bu \u015feffafl\u0131k, eski vape'lerle ili\u015fkili geleneksel tahmin i\u015fini ortadan kald\u0131rarak kullan\u0131c\u0131y\u0131 kesin bilgilerle g\u00fc\u00e7lendirir.<\/p>\n<div style=\"background: linear-gradient(135deg, #f6fbff 0%, #eef6fc 100%);border-left: 6px solid #3182ce;padding: 25px;margin: 30px 0;border-radius: 0 10px 10px 0\">\n<h4 style=\"margin-top: 0;color: #1a365d;font-size: 1.3em\">End\u00fcstri Bilgi Noktas\u0131: S.i.L.C. Teknolojisinin M\u00fchendisli\u011fi<\/h4>\n<p style=\"margin-bottom: 0\">Bu cihaz\u0131n kalbinde tescilli S.i.L.C. teknolojisi yer almaktad\u0131r. Bu, <em>D\u00fczg\u00fcn, \u00d6zde\u015f, Uzun \u00d6m\u00fcrl\u00fc ve Temiz<\/em>, Bu \u00e7er\u00e7eve, \u00e7ift a\u011f bobininin i\u00e7 form\u00fclasyonu nas\u0131l \u0131s\u0131tt\u0131\u011f\u0131n\u0131 belirler. Geleneksel bobinler genellikle e\u015fit olmayan \u0131s\u0131 da\u011f\u0131l\u0131m\u0131 sorunlar\u0131ndan muzdariptir, bu da zamanla tat kalitesinin d\u00fc\u015fmesine yol a\u00e7ar. S.i.L.C. \u00e7er\u00e7evesi, y\u00fczey alan\u0131n\u0131 katlanarak art\u0131ran mikro-\u00f6rg\u00fcl\u00fc \u00e7ift a\u011f kullan\u0131r. Bu, kar\u0131\u015f\u0131m\u0131n her bir mikro-damlas\u0131n\u0131n tam olarak optimum s\u0131cakl\u0131kta buharla\u015ft\u0131r\u0131lmas\u0131n\u0131 sa\u011flar, kat\u0131 termal uyumu korur ve 35.000. pufun kalite ve yo\u011funluk bak\u0131m\u0131ndan birinci pufa neredeyse \u00f6zde\u015f olmas\u0131n\u0131 sa\u011flar.<\/p>\n<\/div>\n<h3 style=\"color: #2b6cb0;font-size: 1.6em;margin-top: 40px;margin-bottom: 15px\">Teknik \u00d6zellikler ve Temel \u00d6zellikler<\/h3>\n<table style=\"width: 100%;border-collapse: collapse;margin: 30px 0;font-size: 1em;background-color: #ffffff;border-radius: 10px;overflow: hidden\">\n<thead>\n<tr>\n<th style=\"background-color: #2b6cb0;color: #ffffff;padding: 15px 20px;text-align: left;font-weight: 600;width: 35%\">\u015eartname<\/th>\n<th style=\"background-color: #2b6cb0;color: #ffffff;padding: 15px 20px;text-align: left;font-weight: 600\">Teknik Ayr\u0131nt\u0131lar<\/th>\n<\/tr>\n<\/thead>\n<tbody>\n<tr style=\"border-bottom: 1px solid #edf2f7\">\n<td style=\"padding: 15px 20px;font-weight: 600;color: #4a5568\">\ud83d\udd0b G\u00fc\u00e7 Sistemi<\/td>\n<td style=\"padding: 15px 20px;color: #4a5568\">1000 mAh Y\u00fcksek Yo\u011funluklu \u015earj Edilebilir Pil, Type-C giri\u015fi (0-100% 3T ~45 dakika).<\/td>\n<\/tr>\n<tr style=\"border-bottom: 1px solid #edf2f7;background-color: #f8fafc\">\n<td style=\"padding: 15px 20px;font-weight: 600;color: #4a5568\">G\u00f6rsel Aray\u00fcz<\/td>\n<td style=\"padding: 15px 20px;color: #4a5568\">Dalgal\u0131 LCD Ekran\u0131, puf say\u0131s\u0131n\u0131, pil durumunu ve s\u0131v\u0131 seviyesini g\u00f6sterir.<\/td>\n<\/tr>\n<tr style=\"border-bottom: 1px solid #edf2f7\">\n<td style=\"padding: 15px 20px;font-weight: 600;color: #4a5568\">\ud83d\ude80 \u0130\u015fletim Modlar\u0131<\/td>\n<td style=\"padding: 15px 20px;color: #4a5568\">\u00c7ift \u00c7\u0131k\u0131\u015f: Eco maksimum uzun \u00f6m\u00fcr ve verimlilik i\u00e7in; Yo\u011funla\u015ft\u0131r\u0131lm\u0131\u015f \u00e7\u0131kt\u0131 ve s\u0131cakl\u0131k i\u00e7in G\u00fc\u00e7.<\/td>\n<\/tr>\n<tr style=\"border-bottom: 1px solid #edf2f7;background-color: #f8fafc\">\n<td style=\"padding: 15px 20px;font-weight: 600;color: #4a5568\">\ud83c\udfa7 Is\u0131tma Mimarisi<\/td>\n<td style=\"padding: 15px 20px;color: #4a5568\">\u0130ki A\u011f Bobini, tavizsiz tutarl\u0131l\u0131k i\u00e7in S.i.L.C. \u00e7er\u00e7evesi ile entegre edilmi\u015ftir.<\/td>\n<\/tr>\n<tr style=\"border-bottom: 1px solid #edf2f7\">\n<td style=\"padding: 15px 20px;font-weight: 600;color: #4a5568\">\u2699\ufe0f Dinamik \u00c7izim<\/td>\n<td style=\"padding: 15px 20px;color: #4a5568\">Ayarlanabilir Hava Ak\u0131\u015f\u0131 Kontrol\u00fc (pod kit s\u00fcr\u00fcmlerinde mevcuttur) \u00e7ekme direncini ayarlamak i\u00e7in.<\/td>\n<\/tr>\n<tr style=\"border-bottom: 1px solid #edf2f7;background-color: #f8fafc\">\n<td style=\"padding: 15px 20px;font-weight: 600;color: #4a5568\">\ud83d\udee1\ufe0f Termal ve Devre G\u00fcvenli\u011fi<\/td>\n<td style=\"padding: 15px 20px;color: #4a5568\">Geli\u015fmi\u015f yerle\u015fik mikroi\u015flemciler a\u015f\u0131r\u0131 bo\u015falmay\u0131, k\u0131sa devreyi ve termal ka\u00e7\u0131\u015f\u0131 \u00f6nler.<\/td>\n<\/tr>\n<tr>\n<td style=\"padding: 15px 20px;font-weight: 600;color: #4a5568\">\u267b\ufe0f Fiziksel Boyutlar<\/td>\n<td style=\"padding: 15px 20px;color: #4a5568\">~109 g a\u011f\u0131rl\u0131\u011f\u0131ndad\u0131r; esnek, premium polimerlerden \u00fcretilmi\u015ftir.<\/td>\n<\/tr>\n<\/tbody>\n<\/table>\n<h3 style=\"color: #2b6cb0;font-size: 1.6em;margin-top: 40px;margin-bottom: 15px\">\u00dcst\u00fcn Duyusal Profiller ve Aromalar<\/h3>\n<p style=\"margin-bottom: 20px\">\u00c7e\u015fitlilik, \u00e7e\u015fitli bir t\u00fcketici kitlesine hizmet vermede esast\u0131r. VOZOL STAR 40000 tek kullan\u0131ml\u0131k vape, 23 farkl\u0131, premium tat profili ile form\u00fcle edilmi\u015ftir. Her se\u00e7enek, sertifikal\u0131, steril ortamlarda \u00fcretilerek mutlak berrakl\u0131k ve \u00fcst\u00fcn bir duyusal yolculuk sa\u011flanm\u0131\u015ft\u0131r. \u0130ki a\u011f sistemli tasar\u0131m, karma\u015f\u0131k notalar\u0131 ay\u0131rmada \u00fcst\u00fcn performans g\u00f6stererek kullan\u0131c\u0131n\u0131n a\u015fa\u011f\u0131daki kar\u0131\u015f\u0131mlar\u0131n tam spektrumunu deneyimlemesine olanak tan\u0131r:<\/p>\n<div style=\"column-count: 2;column-gap: 40px;background-color: #fdfdfd;padding: 25px;border: 1px solid #e2e8f0;border-radius: 10px;margin-bottom: 30px\">\n<ol style=\"margin: 0;padding-left: 20px;color: #4a5568;line-height: 2\">\n<li>Mavi Razz Buz \u2013 So\u011futulmu\u015f, tatl\u0131 bir meyve hissi.<\/li>\n<li>Mavi Yaban Mersini - \u00c7\u0131lg\u0131n so\u011fuk yaban meyvesi notalar\u0131.<\/li>\n<li>Mavi Yaban Mersini Nane \u2013 Koyu meyvelerle kar\u0131\u015ft\u0131r\u0131lm\u0131\u015f gevrek botanik serinletici.<\/li>\n<li>Mavi Yaban Mersini Karpuz - Asmalar\u0131 ve karpuzlar\u0131 i\u00e7eren yazdan esinlenen bir kar\u0131\u015f\u0131m.<\/li>\n<li>Cherimoya Greyfurt Meyveleri \u2013 Egzotik, karma\u015f\u0131k bir narenciye ve meyve f\u00fczyonu.<\/li>\n<li>Kiraz Kolas\u0131 - Nostaljik, k\u00f6p\u00fckl\u00fc bir i\u00e7ecek reprod\u00fcksiyonu.<\/li>\n<li>\u00dcz\u00fcm Buzu - Buzluluklu bir biti\u015fle derin ba\u011f tatl\u0131l\u0131\u011f\u0131.<\/li>\n<li>Mango Ice \u2013 Bir dondurucu nefesle so\u011futulan tropikal s\u0131cakl\u0131k.<\/li>\n<li>Mango \u015eeftali \u2013 P\u00fcr\u00fczs\u00fcz, alt\u0131n bir meyve kombinasyonu.<\/li>\n<li>Melon Sak\u0131z\u0131 \u2013 Tatl\u0131, \u015fekerleme tarz\u0131 kavun notalar\u0131.<\/li>\n<li>Kavun \u0130ce \u2013 Saf, so\u011futulmu\u015f kantalup ve bal kavunu.<\/li>\n<li>\u015eeftali Dondurmas\u0131 - Serin bir esinti ile birlikte k\u0131t\u0131r k\u0131t\u0131r bah\u00e7e tatl\u0131l\u0131\u011f\u0131.<\/li>\n<li>Ek\u015fi Elma \u0130ce -  Tart, ye\u015fil gevreklili\u011fi buzluyla dengelenmi\u015f.<\/li>\n<li>\u00c7ilek Buz - Klasik k\u0131rm\u0131z\u0131 meyve profili, so\u011futulmu\u015f.<\/li>\n<li>\u00c7ilek Kivi \u2013 Dengeli tatl\u0131 ve ek\u015fi tropikal ikili.<\/li>\n<li>\u00c7ilek Karpuz - M\u00fckemmel uyum sa\u011flayan iki yaz favorisi.<\/li>\n<li>Kavunstrawmelon \u015eeftali \u2013 Bah\u00e7e ve \u00fcz\u00fcm meyvelerinin karma\u015f\u0131k bir \u00fc\u00e7l\u00fcs\u00fc.<\/li>\n<li>Vzbull \u2013 Enerjik, canl\u0131 ve cesur bir botanik kar\u0131\u015f\u0131m\u0131.<\/li>\n<li>Kavunlu Sak\u0131z - E\u011flenceli, \u015fekerleme odakl\u0131 bir profil.<\/li>\n<li>Kavun \u00dcz\u00fcm B\u00f6\u011f\u00fcrtlen \u2013 Koyu, zengin ve sulu bir karma\u015f\u0131kl\u0131k.<\/li>\n<li>Karpuzlu Dondurma - Nihai serinletici yaz esintisi.<\/li>\n<li>Kavunlu Ek\u015fi \u015eeftali - Tatl\u0131 klasiklere ek\u015fi bir dokunu\u015f.<\/li>\n<li>Beyaz \u015eeftali Ahududu \u2013 \u0130nce, \u00e7i\u00e7eksi tatl\u0131l\u0131k ek\u015fi meyvelerle bulu\u015fuyor.<\/li>\n<\/ol>\n<\/div>\n<h3 style=\"color: #2b6cb0;font-size: 1.6em;margin-top: 40px;margin-bottom: 15px\">Yetki ve G\u00fcven: Neden VapeXYZ ile Ortakl\u0131k Yapmal\u0131s\u0131n\u0131z<\/h3>\n<p style=\"margin-bottom: 20px\">Ara\u015ft\u0131rmac\u0131lar\u0131n yo\u011fun oldu\u011fu bir sekt\u00f6rde, g\u00fcvenilir vape \u00fcr\u00fcnleri bulmak yetkili bir partner gerektirir. VapeXYZ'e ho\u015f geldiniz, sizin i\u00e7in en iyi \u00e7evrimi\u00e7i da\u011f\u0131t\u0131m merkezimiz. K\u00fcresel da\u011f\u0131t\u0131m sekt\u00f6r\u00fcnde 8 y\u0131l\u0131 a\u015fk\u0131n s\u00fcredir edindi\u011fimiz deneyimlerle, sa\u011flam ve do\u011frudan fabrikaya giden tedarik zincirleri kurduk. Bu, sat\u0131n ald\u0131\u011f\u0131n\u0131z her kullan-at vape \u00fcr\u00fcn\u00fcn\u00fcn, sahte \u00fcr\u00fcn risklerinden ka\u00e7\u0131narak, \u00f6zg\u00fcn ve orijinal bir fabrika \u00fcr\u00fcn\u00fc olmas\u0131n\u0131 sa\u011flar.<\/p>\n<p style=\"margin-bottom: 20px\">\u00d6zellikle Avrupa pazar\u0131na hizmet veriyoruz, uyumun, g\u00fcvenlik standartlar\u0131n\u0131n ve g\u00fcvenilir lojisti\u011fin kritik do\u011fas\u0131n\u0131 anl\u0131yoruz. Orta adam\u0131 ortadan kald\u0131rarak, size do\u011frudan \u00f6nemli miktarda toptan de\u011fer aktar\u0131yoruz. \u0130ster bizim son derece eri\u015filebilir minimum sipari\u015f miktar\u0131m\u0131z (MOQ) olan sadece 10 par\u00e7a ile sular\u0131 test eden bir butik ma\u011faza olun, isterseniz toplu sevkiyatlar\u0131 g\u00fcvence alt\u0131na alan b\u00fcy\u00fck bir perakende zinciri olun, VapeXYZ sekt\u00f6rde g\u00fcven ve uzmanl\u0131k dire\u011fi olarak duruyor.<\/p>\n<h3 style=\"color: #2b6cb0;font-size: 1.6em;margin-top: 40px;margin-bottom: 20px\">S\u0131k\u00e7a Sorulan Sorular<\/h3>\n<div style=\"flex-direction: column;gap: 15px\">\n<div style=\"border: 1px solid #cbd5e0;padding: 20px;border-radius: 8px;background-color: #ffffff\">\n<h4 style=\"margin: 0 0 10px 0;color: #2d3748;font-size: 1.1em\">S: Bu cihaz\u0131 g\u00fcvenilir \u015fekilde \u015farj edebilir miyim?<\/h4>\n<p style=\"margin: 0;color: #4a5568\">A: Kesinlikle. \u00dcnite, 1000 mAh'lik dahili h\u00fccrenin yakla\u015f\u0131k 45 dakikada tam \u015farj olmas\u0131na olanak tan\u0131yan modern bir Type-C portu entegre ederek kullan\u0131mlar aras\u0131nda minimum s\u00fcreyi garanti eder.<\/p>\n<\/div>\n<div style=\"border: 1px solid #cbd5e0;padding: 20px;border-radius: 8px;background-color: #ffffff\">\n<h4 style=\"margin: 0 0 10px 0;color: #2d3748;font-size: 1.1em\">Soru: \u00c7ekimin yo\u011funlu\u011fu ne kadar \u00f6zelle\u015ftirilebilir?<\/h4>\n<p style=\"margin: 0;color: #4a5568\">A: \u0130ki a\u011f\u0131zl\u0131 bobinler ve karma\u015f\u0131k dahili devreler sayesinde, kullan\u0131c\u0131lar daha yumu\u015fak, olduk\u00e7a verimli bir \u00e7ekim i\u00e7in Eco Modu veya maksimum \u00e7\u0131kt\u0131 ve daha zengin bir duyusal deneyim i\u00e7in G\u00fc\u00e7 Modu aras\u0131nda ge\u00e7i\u015f yapabilirler.<\/p>\n<\/div>\n<div style=\"border: 1px solid #cbd5e0;padding: 20px;border-radius: 8px;background-color: #ffffff\">\n<h4 style=\"margin: 0 0 10px 0;color: #2d3748;font-size: 1.1em\">S: Hangi konsantrasyon g\u00fc\u00e7leri mevcuttur?<\/h4>\n<p style=\"margin: 0;color: #4a5568\">\u00c7e\u015fitli tercihleri kar\u015f\u0131lamak i\u00e7in \u00fcniteler hem 2% (20 mg\/ml) hem de 5% (50 mg\/ml) form\u00fclasyon konsantrasyonlar\u0131nda \u00fcretilmektedir.<\/p>\n<\/div>\n<div style=\"border: 1px solid #cbd5e0;padding: 20px;border-radius: 8px;background-color: #ffffff\">\n<h4 style=\"margin: 0 0 10px 0;color: #2d3748;font-size: 1.1em\">S: 40.000 puf say\u0131s\u0131 do\u011fru bir \u00f6l\u00e7\u00fct m\u00fcd\u00fcr?<\/h4>\n<p style=\"margin: 0;color: #4a5568\">A: Derecelendirme, Eco modu parametreleri alt\u0131nda otomatik fabrika testlerinden elde edilmi\u015ftir. Ger\u00e7ek d\u00fcnya sonu\u00e7lar\u0131, kullan\u0131c\u0131n\u0131n soluma derinli\u011fi ve se\u00e7ilen g\u00fc\u00e7 moduna ba\u011fl\u0131 olarak do\u011fal olarak de\u011fi\u015fecektir, ancak b\u00fcy\u00fck dahili rezervuar, piyasadaki standart cihazlardan daha uzun s\u00fcre dayanacak \u015fekilde ampirik olarak tasarlanm\u0131\u015ft\u0131r.<\/p>\n<\/div>\n<div style=\"border: 1px solid #cbd5e0;padding: 20px;border-radius: 8px;background-color: #f7fafc;border-left: 5px solid #3182ce\">\n<h4 style=\"margin: 0 0 10px 0;color: #2d3748;font-size: 1.1em\">Soru: Bu \u00fcniteleri temin etmek i\u00e7in en iyi yer neresidir?<\/h4>\n<p style=\"margin: 0;color: #4a5568\">A: VapeXYZ'de stoklar\u0131n\u0131z\u0131 do\u011frudan g\u00fcvence alt\u0131na al\u0131n. Avrupa'n\u0131n g\u00fcvenilir toptan da\u011f\u0131t\u0131m platformu olarak, orijinal fabrika \u00fcr\u00fcnlerini, rekabet\u00e7i fiyatland\u0131rmay\u0131 ve t\u00fcm tek kullan\u0131ml\u0131k vape'leriniz i\u00e7in h\u0131zl\u0131 lojisti\u011fi garanti ediyoruz.<\/p>\n<\/div>\n<\/div>\n<div style=\"margin-top: 40px;padding-top: 20px;border-top: 2px solid #e2e8f0;text-align: center\">\n<p style=\"font-size: 1.2em;font-weight: bold;color: #1a365d\">Envanterinizi bug\u00fcn y\u00fckseltin. VapeXYZ'de stok yap\u0131n ve m\u00fc\u015fterilerinize VOZOL STAR 40000'\u0131n e\u015fsiz uzun \u00f6m\u00fcrl\u00fcl\u00fc\u011f\u00fc ve m\u00fchendisli\u011fini sunun!<\/p>\n<\/div>\n<\/article>","protected":false},"excerpt":{"rendered":"<p>VOZOL STAR 40000 Puffs, Vapexyz'de toplu perakende sat\u0131\u015f i\u00e7in m\u00fckemmel olan 40.000 puf, \u00e7ift a\u011f\u0131zl\u0131 bobin, bir LCD ekran ve 25 zengin tat sunan y\u00fcksek kapasiteli, \u015farj edilebilir, tek kullan\u0131ml\u0131k bir vape cihaz\u0131d\u0131r.<\/p>","protected":false},"featured_media":49601,"comment_status":"open","ping_status":"closed","template":"","meta":{"_lmt_disableupdate":"no","_lmt_disable":""},"product_brand":[],"product_cat":[1046,989,947,935,934,927,929,928,930,933,939,932,938,931,936,937,1017,949,946,951,953,987],"product_tag":[],"class_list":{"0":"post-49599","1":"product","2":"type-product","3":"status-publish","4":"has-post-thumbnail","6":"product_cat-vozol-disposable-vapes","7":"product_cat-40000-puff-vapes","8":"product_cat-big-puffs-vapes","9":"product_cat-bulk-buy-disposable-vapes-in-austria","10":"product_cat-bulk-buy-disposable-vapes-in-belgium","11":"product_cat-bulk-buy-disposable-vapes-in-europe","12":"product_cat-bulk-buy-disposable-vapes-in-france","13":"product_cat-bulk-buy-disposable-vapes-in-germany","14":"product_cat-bulk-buy-disposable-vapes-in-italy","15":"product_cat-bulk-buy-disposable-vapes-in-netherlands","16":"product_cat-bulk-buy-disposable-vapes-in-norway","17":"product_cat-bulk-buy-disposable-vapes-in-poland","18":"product_cat-bulk-buy-disposable-vapes-in-portugal","19":"product_cat-bulk-buy-disposable-vapes-in-spain","20":"product_cat-bulk-buy-disposable-vapes-in-sweden","21":"product_cat-bulk-buy-disposable-vapes-in-switzerland","22":"product_cat-buy-best-disposable-vape-flavors","23":"product_cat-digital-box-vapes","24":"product_cat-disposable-vapes-series","25":"product_cat-lower-nicotine-vapes","26":"product_cat-rechargeable-vapes","27":"product_cat-vape-shop-by-puffs","29":"first","30":"instock","31":"shipping-taxable","32":"purchasable","33":"product-type-variable","34":"has-default-attributes"},"jetpack_sharing_enabled":true,"tiered_pricing_type":"fixed","tiered_pricing_fixed_rules":[],"tiered_pricing_product_settings":{"layout":"default","base_unit_name":{"singular":null,"plural":null},"default_variation":null},"tiered_pricing_minimum_quantity":null,"tiered_pricing_roles_data":[],"tiered_pricing_percentage_rules":[],"tiered_pricing_maximum_quantity":null,"tiered_pricing_quantity_step":null,"_links":{"self":[{"href":"https:\/\/vapexyz.com\/tr\/wp-json\/wp\/v2\/product\/49599","targetHints":{"allow":["GET"]}}],"collection":[{"href":"https:\/\/vapexyz.com\/tr\/wp-json\/wp\/v2\/product"}],"about":[{"href":"https:\/\/vapexyz.com\/tr\/wp-json\/wp\/v2\/types\/product"}],"replies":[{"embeddable":true,"href":"https:\/\/vapexyz.com\/tr\/wp-json\/wp\/v2\/comments?post=49599"}],"wp:featuredmedia":[{"embeddable":true,"href":"https:\/\/vapexyz.com\/tr\/wp-json\/wp\/v2\/media\/49601"}],"wp:attachment":[{"href":"https:\/\/vapexyz.com\/tr\/wp-json\/wp\/v2\/media?parent=49599"}],"wp:term":[{"taxonomy":"product_brand","embeddable":true,"href":"https:\/\/vapexyz.com\/tr\/wp-json\/wp\/v2\/product_brand?post=49599"},{"taxonomy":"product_cat","embeddable":true,"href":"https:\/\/vapexyz.com\/tr\/wp-json\/wp\/v2\/product_cat?post=49599"},{"taxonomy":"product_tag","embeddable":true,"href":"https:\/\/vapexyz.com\/tr\/wp-json\/wp\/v2\/product_tag?post=49599"}],"curies":[{"name":"wp","href":"https:\/\/api.w.org\/{rel}","templated":true}]}}