{"id":49321,"date":"2025-06-23T13:34:24","date_gmt":"2025-06-23T13:34:24","guid":{"rendered":"https:\/\/vapexyz.com\/?post_type=product&#038;p=49321"},"modified":"2026-04-14T14:26:14","modified_gmt":"2026-04-14T14:26:14","slug":"oxo-cift-lezzet-60000-puf-lcd-ekran-dusuk-nikotin-orijinal-fabrika-toplu-alim-sarj-edilebilir-tek-kullanimlik-vape-kalem-toptan-satis","status":"publish","type":"product","link":"https:\/\/vapexyz.com\/tr\/product\/okso-double-flavor-60000-puffs-lcd-screen-low-nicotine-original-factory-bulk-buy-rechargeable-disposable-vapes-pen-wholesale\/","title":{"rendered":"OKSO Double Tastes 60000 Puffs LCD Ekran Toplu Al\u0131m \u015earj Edilebilir Tek Kullan\u0131ml\u0131k Vape Toptan Sat\u0131\u015f"},"content":{"rendered":"<article style=\"font-family: 'Helvetica Neue', Helvetica, Arial, sans-serif;line-height: 1.8;color: #2c3e50;max-width: 100%;margin: 0 auto;padding: 20px\">\n<h2 style=\"color: #1a252f;border-bottom: 2px solid #3498db;padding-bottom: 10px;margin-top: 30px\">Toptan <a style=\"color: #3498db;text-decoration: none\" href=\"https:\/\/vapexyz.com\/tr\/urun-kategori%cc%87si%cc%87\/okso-tek-kullanimlik-vape\/\">OKSO<\/a> \u0130kili Profil 60000 Puffs Toplu: Avrupa'n\u0131n Sertifikal\u0131 Tedarik\u00e7isiyle Vape Portf\u00f6y\u00fcn\u00fcz\u00fc Y\u00fckseltin<\/h2>\n<p>Sekiz y\u0131l\u0131 a\u015fk\u0131n bir s\u00fcredir, VapeXyz Avrupa da\u011f\u0131t\u0131m a\u011f\u0131n\u0131n kat\u0131 bir \u015fekilde uyumlu, denetlenmi\u015f bir k\u00f6\u015fe ta\u015f\u0131 olarak faaliyet g\u00f6stermektedir. Almanya, Hollanda, Bel\u00e7ika, \u0130spanya, Fransa, Portekiz, Polonya, \u0130talya ve \u00f6tesindeki perakendecilere ve toplu ticari al\u0131c\u0131lara premium kalite, tamamen do\u011frulanm\u0131\u015f \u00fcr\u00fcnler teslim etmeye kararl\u0131y\u0131z. \u0130\u015f operasyonlar\u0131m\u0131z\u0131n \u00e7er\u00e7evesi, uluslararas\u0131 ticaret standartlar\u0131na s\u0131k\u0131 bir \u015fekilde uymaya dayal\u0131 olup, yaln\u0131zca \u00fcr\u00fcnler de\u011fil, ayn\u0131 zamanda g\u00fcvenilirli\u011fi, do\u011frulanabilir inovasyonu ve e\u015fsiz ticari de\u011feri garanti eden titizlikle belgelenmi\u015f bir tedarik zinciri sunmaktad\u0131r.<\/p>\n<p>ISO 9001:2015 sertifikal\u0131 kalite y\u00f6netim sistemleri alt\u0131nda faaliyet g\u00f6stererek, RandM Tornado, FIZZY, FUMOT, Waspe, Vapme, Bang Box ve di\u011fer 20'den fazla kat\u0131 bir \u015fekilde de\u011ferlendirilen \u00fcretici dahil olmak \u00fczere se\u00e7kin markalar i\u00e7in yetkili, do\u011frudan \u00fcreticiden distrib\u00fct\u00f6r olarak hizmet vermekteyiz. T\u00fcketici elektroni\u011fi ve buharla\u015ft\u0131rma teknolojisindeki en son geli\u015fmeleri yans\u0131tan \u00f6zel bir katalog d\u00fczenliyoruz. Raf tekliflerinizi \u00e7e\u015fitlendirmek isteyen b\u00fcy\u00fck \u00f6l\u00e7ekli bir perakendeci veya marj optimizasyonunu ve kat\u0131 d\u00fczenleyici uyumlulu\u011fu \u00f6nceliklendiren b\u00f6lgesel bir toptanc\u0131 olun, VapeXyz agresif hacim fiyatland\u0131rmas\u0131, tam sigortal\u0131 h\u0131zland\u0131r\u0131lm\u0131\u015f nakliye lojisti\u011fi ve g\u00fcvenli ticari \u00f6deme \u00e7\u00f6z\u00fcmleri - kimlik do\u011frulanan kredi ge\u00e7itlerinden Hollanda'daki iDEAL, Bel\u00e7ika'daki Bancontact ve SEPA banka transferleri gibi yerelle\u015ftirilmi\u015f Avrupa a\u011flar\u0131na kadar - sorunsuz, belgelenmi\u015f i\u015flemleri sa\u011flamak i\u00e7in bir araya getirir.<\/p>\n<h2 style=\"color: #1a252f;border-bottom: 2px solid #3498db;padding-bottom: 10px;margin-top: 30px\">OKSO \u00c7ift Profil 60k: Teknik \u00dcst\u00fcnl\u00fck \u0130\u00e7in Tasarlanan Tek Kullan\u0131ml\u0131k Bir Vape<\/h2>\n<p>Perakende portf\u00f6y\u00fcm\u00fcz\u00fcn teknolojik \u00f6n cephesinde, pn\u00f6matik ve termodinamik tasar\u0131mda bir s\u0131\u00e7rama temsil eden sofistike bir t\u00fcketici donan\u0131m\u0131 par\u00e7as\u0131 olan OKSO Double Profile 60k yer almaktad\u0131r. Uzun \u00f6m\u00fcr ve tutarl\u0131 \u00e7\u0131kt\u0131 talep eden modern kullan\u0131c\u0131ya \u00f6zel olarak uyarlanan bu tek kullan\u0131ml\u0131k vape, end\u00fcstri standartlar\u0131n\u0131 yeniden tan\u0131mlar. Geli\u015fmi\u015f mikroelektronik, hassas m\u00fchendislikli \u0131s\u0131tma elemanlar\u0131 ve kapsaml\u0131 laboratuvar stres testleriyle do\u011frulanan yap\u0131sal tasar\u0131m entegrasyonu yoluyla standart t\u00fcketilebilir paradigmadan uzakla\u015f\u0131r.<\/p>\n<h3 style=\"color: #2c3e50;margin-top: 25px\">Teknik \u00d6zellikler ve M\u00fchendislik Tan\u0131lamalar\u0131<\/h3>\n<p>OKSO 60k'n\u0131n operasyonel \u00fcst\u00fcnl\u00fc\u011f\u00fc, belgelenmi\u015f donan\u0131m \u00f6zelliklerine dayanmaktad\u0131r. Havac\u0131l\u0131k s\u0131n\u0131f\u0131 al\u00fcminyum ve t\u0131bbi s\u0131n\u0131f PCTG polimerlerini kullanarak, cihaz uzun \u00f6m\u00fcrl\u00fc kullan\u0131m d\u00f6ng\u00fcs\u00fc boyunca termal stabilite ve yap\u0131sal b\u00fct\u00fcnl\u00fck sa\u011flar.<\/p>\n<table style=\"width: 100%;border-collapse: collapse;margin: 25px 0;font-size: 15px;background-color: #ffffff;border-radius: 8px;overflow: hidden\">\n<thead>\n<tr style=\"background-color: #2c3e50;color: #ffffff;text-align: left\">\n<th style=\"padding: 15px;border: 1px solid #1a252f\">Bile\u015fen \/ Metrik<\/th>\n<th style=\"padding: 15px;border: 1px solid #1a252f\">Teknik \u00d6zellikler ve Do\u011frulama<\/th>\n<\/tr>\n<\/thead>\n<tbody>\n<tr style=\"border-bottom: 1px solid #ecf0f1\">\n<td style=\"padding: 15px;font-weight: bold;color: #34495e\">Pn\u00f6matik \u00c7\u0131k\u0131\u015f (Puf Say\u0131s\u0131)<\/td>\n<td style=\"padding: 15px\">60.000'e kadar aktivasyon. ISO standartl\u0131 otomatik \u00e7ekme test makineleri arac\u0131l\u0131\u011f\u0131yla do\u011frulanm\u0131\u015ft\u0131r (1,5 saniye s\u00fcre, 55 ml hacim, 3 saniye aral\u0131k).<\/td>\n<\/tr>\n<tr style=\"border-bottom: 1px solid #ecf0f1;background-color: #f9fbfd\">\n<td style=\"padding: 15px;font-weight: bold;color: #34495e\">\u0130ki \u0130\u00e7 Hazne<\/td>\n<td style=\"padding: 15px\">25ml + 25ml (50ml toplam kapasite) ba\u011f\u0131ms\u0131z, \u00e7apraz kontaminasyondan korunmu\u015f T\u0131bbi S\u0131n\u0131f PCTG odalar\u0131nda yer al\u0131r.<\/td>\n<\/tr>\n<tr style=\"border-bottom: 1px solid #ecf0f1\">\n<td style=\"padding: 15px;font-weight: bold;color: #34495e\">Termodinamik \u00c7ekirdek<\/td>\n<td style=\"padding: 15px\">1,0 \u03a9 Kanthal A1 Mesh Bobin. Y\u00fcksek derecede e\u015fit \u0131s\u0131 da\u011f\u0131l\u0131m\u0131 i\u00e7in tasarland\u0131, lokalize s\u0131cak noktalar\u0131 ve termal bozulmay\u0131 ortadan kald\u0131r\u0131r.<\/td>\n<\/tr>\n<tr style=\"border-bottom: 1px solid #ecf0f1;background-color: #f9fbfd\">\n<td style=\"padding: 15px;font-weight: bold;color: #34495e\">Aktif Bile\u015fen G\u00fc\u00e7leri<\/td>\n<td style=\"padding: 15px\">0%, 2%, 3% veya 5% konsantrasyon varyantlar\u0131 mevcuttur, titiz y\u00fcksek performansl\u0131 s\u0131v\u0131 kromatografisi (HPLC) parti testi ile do\u011frulanm\u0131\u015ft\u0131r.<\/td>\n<\/tr>\n<tr style=\"border-bottom: 1px solid #ecf0f1\">\n<td style=\"padding: 15px;font-weight: bold;color: #34495e\">Mikroi\u015flemci ve Telemetri<\/td>\n<td style=\"padding: 15px\">Entegre ak\u0131ll\u0131 BMS (Pil Y\u00f6netim Sistemi) ile y\u00fcksek kontrastl\u0131 LED matris ekran\u0131, ger\u00e7ek zamanl\u0131 \u015farj ve kapasite telemetrisi sa\u011flar.<\/td>\n<\/tr>\n<tr style=\"border-bottom: 1px solid #ecf0f1;background-color: #f9fbfd\">\n<td style=\"padding: 15px;font-weight: bold;color: #34495e\">G\u00fc\u00e7 Mimarisi<\/td>\n<td style=\"padding: 15px\">850mAh Tip-C giri\u015fi olan Lityum-\u0130yon polimer h\u00fccre. Aktif a\u015f\u0131r\u0131 \u015farj, a\u015f\u0131r\u0131 de\u015farj ve k\u0131sa devre donan\u0131m korumas\u0131 \u00f6zellikleri bulunur.<\/td>\n<\/tr>\n<tr style=\"border-bottom: 1px solid #ecf0f1\">\n<td style=\"padding: 15px;font-weight: bold;color: #34495e\">Boyutlar &amp; A\u011f\u0131rl\u0131k<\/td>\n<td style=\"padding: 15px\">105mm x 51,3mm x 27,7mm. Net a\u011f\u0131rl\u0131k: 125g. Optimum kavrama s\u00fcrt\u00fcnmesi ve a\u011f\u0131rl\u0131k merkezi dengesi i\u00e7in ergonomik olarak modellenmi\u015ftir.<\/td>\n<\/tr>\n<tr>\n<td style=\"padding: 15px;font-weight: bold;color: #34495e\">Lojistik &amp; Toplu Boyutlar<\/td>\n<td style=\"padding: 15px\">Standart Karton: 520mm x 372mm x 254mm. Ana kartonda 160 adet. Br\u00fct A\u011f\u0131rl\u0131k: 21,5kg. Euro-palet boyutlar\u0131 i\u00e7in optimize edilmi\u015ftir.<\/td>\n<\/tr>\n<\/tbody>\n<\/table>\n<div style=\"background: linear-gradient(135deg, #f0f7ff 0%, #e6f2ff 100%);border-left: 6px solid #3498db;padding: 25px;border-radius: 6px;margin: 35px 0\">\n<h4 style=\"color: #2980b9;margin-top: 0;font-size: 18px;align-items: center\"><span style=\"font-size: 24px;margin-right: 10px\">\ud83d\udcca<\/span> Ampirik Test &amp; Kalite G\u00fcvence Standartlar\u0131<\/h4>\n<p style=\"margin-bottom: 10px\">Teorik tahminlere g\u00fcvenen do\u011fruland\u0131r\u0131lmam\u0131\u015f jenerik \u00fcnitelerin aksine, OKSO 60k tek kullan\u0131ml\u0131k vape, piyasaya s\u00fcr\u00fclmeden \u00f6nce kat\u0131, veri odakl\u0131 ampirik testlerden ge\u00e7er. \u00dcretim ortaklar\u0131m\u0131z standart ISO uyumlu QA protokolleri uygular:<\/p>\n<ul style=\"margin-bottom: 0;padding-left: 20px\">\n<li style=\"margin-bottom: 8px\">\u00c7evresel Termal Varyans Testi: Cihazlar, form\u00fcle edilmi\u015f \u00e7\u00f6z\u00fcm\u00fcn uygun viskoziteyi korumas\u0131n\u0131 ve lityum-iyon h\u00fccresinin s\u0131cakl\u0131k kaynakl\u0131 voltaj d\u00fc\u015f\u00fc\u015flerine direnmesini sa\u011flamak i\u00e7in 72 saat boyunca -10\u00b0C ila +45\u00b0C aras\u0131nda d\u00f6ng\u00fc yapan iklim odalar\u0131na yerle\u015ftirilir.<\/li>\n<li style=\"margin-bottom: 8px\">Otomatik Pn\u00f6matik Gerilim Te\u015fhisi: Her \u00fcretim \u00e7al\u0131\u015fmas\u0131ndan rastgele se\u00e7ilen \u00fcniteler, 60.000 aktivasyon iddias\u0131n\u0131 do\u011frulamak i\u00e7in otomatik vakum sim\u00fclat\u00f6rlerine ba\u011flan\u0131r ve Kanthal a\u011f\u0131n\u0131n yap\u0131sal b\u00fct\u00fcnl\u00fc\u011f\u00fcn\u00fc empedans dalgalanmalar\u0131 olmadan korudu\u011funu sa\u011flar.<\/li>\n<li>Malzeme Uygunlu\u011fu: \u00c7\u00f6zeltiyle temas eden t\u00fcm dahili plastikler g\u0131da s\u0131n\u0131f\u0131 PCTG olarak do\u011frulanm\u0131\u015ft\u0131r. Ayr\u0131ca, t\u00fcm elektronik bile\u015fenler Conformit\u00e9 Europ\u00e9enne (CE) ve Tehlikeli Maddelerin K\u0131s\u0131tlanmas\u0131 (RoHS) belgelerini ta\u015f\u0131r; a\u011f\u0131r metal maruziyet risklerini aktif olarak azalt\u0131r ve uyumlu \u00f6mr\u00fcn\u00fcn sonu bertaraf protokollerini sa\u011flar.<\/li>\n<\/ul>\n<\/div>\n<h2 style=\"color: #1a252f;border-bottom: 2px solid #3498db;padding-bottom: 10px;margin-top: 30px\">Aromalar\u0131n Bir Senfonisi: Hassas \u00c7ift Profil Kombinasyonlar\u0131<\/h2>\n<p>The OKSO Double Profile 60k elevates the sensory experience through complex, dual-chamber extraction science. Rather than simple singular notes, this disposable vape features 20 meticulously crafted dual-blend combinations. Each profile is synthesized under laboratory conditions to ensure absolute consistency from the first actuation to the last.<\/p>\n<p>1 Blue Razz &amp; LOVE66<br \/>\n2 Strawberry Cherry &amp; Kiwi Passion Fruit Guava<br \/>\n3 Watermelon Bubble Gum &amp; Mixed Fruit<br \/>\n4 Strawberry Banana &amp; Cherry Fiesta<br \/>\n5 Watermelon ice &amp; Peach Mango<br \/>\n6 Blue Razz Lemonade &amp; Apple Peach<br \/>\n7 Red Energy Ice &amp; Grape ice<br \/>\n8 Strawberry Watermelon &amp; Two Apple<br \/>\n9 Blue Razz Cherry Cranberry &amp; Mint<br \/>\n10 Blueberry ice &amp; Black Currant<br \/>\n11 Pineapple Ice &amp; Dragon Fruit Ice<br \/>\n12 Triple Mango &amp; Strawberry Big Bang<br \/>\n13 Banana Pineapple &amp; Blueberry Peach Ice<br \/>\n14 Grape jam &amp; Blueberry Cherry Blackberry<br \/>\n15 Banana Ice &amp; Mango Passion Fruit<br \/>\n16 Juicy Peaches &amp; Jungle Juice<br \/>\n17 Cherry Soft Candy &amp; Watermelon Mojito<br \/>\n18 Cherry Cola &amp; Grape Lemon<br \/>\n19 Cool Mint Mojito &amp; Lemon Lime<br \/>\n20 Strawberry Pomegranate &amp; Apple Pears<\/p>\n<h2 style=\"color: #1a252f;border-bottom: 2px solid #3498db;padding-bottom: 10px;margin-top: 30px\">Stratejik Yetki: Neden VapeXyz ile Toplu Donan\u0131m Edinimleri i\u00e7in Ortakl\u0131k Yapmal\u0131s\u0131n\u0131z?<\/h2>\n<p>Perakende t\u00fcketici elektroni\u011fi pazar\u0131nda gezinmek, kan\u0131tlanm\u0131\u015f bir yetkiye, do\u011frulanabilir bir lojistik altyap\u0131ya ve kat\u0131 uyumluluk kay\u0131tlar\u0131na sahip bir ortak gerektirir. VapeXyz arac\u0131l\u0131\u011f\u0131yla tek kullan\u0131ml\u0131k vape \u00fcr\u00fcnleri tedarik etmeyi se\u00e7ti\u011finizde, oynak orta piyasa arac\u0131lar\u0131n\u0131 atl\u0131yor ve do\u011frudan kurulmu\u015f, a\u011f\u0131r bir \u015fekilde incelenmi\u015f bir tedarik zincirine eri\u015fiyorsunuz.<\/p>\n<ul style=\"padding-left: 20px;font-size: 16px\">\n<li style=\"margin-bottom: 15px\">Veri Destekli Maliyet Verimlili\u011fi: B\u00fcy\u00fck hacimli sipari\u015fleri i\u015fleyen \u00f6nde gelen bir Avrupa toptan distrib\u00fct\u00f6r olarak, fabrika do\u011frudan fiyatland\u0131rma yap\u0131lar\u0131 g\u00fcvence alt\u0131na al\u0131yoruz. Finansal modellememiz, toplu al\u0131c\u0131lar\u0131n olduk\u00e7a rekabet\u00e7i birim maliyetleri almas\u0131n\u0131 garanti eder ve yo\u011fun bir piyasada perakende marjlar\u0131n\u0131z\u0131n sa\u011flam kalmas\u0131n\u0131 sa\u011flar.<\/li>\n<li style=\"margin-bottom: 15px\">Belgelenmi\u015f Kalite G\u00fcvencesi: Her OKSO 60k \u00fcnitesi, orijinal \u00fcretim tesisinden do\u011frudan onaylanm\u0131\u015f ve kaynaklanm\u0131\u015ft\u0131r. Malzeme G\u00fcvenlik Veri Sayfalar\u0131n\u0131 (MSDS) koruyoruz ve yap\u0131sal malzemelerin s\u0131k\u0131 uluslararas\u0131 g\u00fcvenlik standartlar\u0131na uygunlu\u011funu sa\u011flayarak, sorumlulu\u011funuzu ve iade oranlar\u0131n\u0131z\u0131 b\u00fcy\u00fck \u00f6l\u00e7\u00fcde azalt\u0131yoruz.<\/li>\n<li style=\"margin-bottom: 15px\">Sigortal\u0131, H\u0131zl\u0131 AB Lojisti\u011fi: Stratejik olarak konumland\u0131r\u0131lm\u0131\u015f AB merkezli depo merkezlerinden faaliyet g\u00f6stererek, \u00f6nde gelen kargo a\u011flar\u0131 (DHL ve DPD gibi) arac\u0131l\u0131\u011f\u0131yla sevk\u0131yatlar\u0131 ger\u00e7ekle\u015ftiriyoruz. Her bir palet ve karton tam olarak takip ediliyor ve kapsaml\u0131 bir \u015fekilde sigortalan\u0131yor, transit risklerini azalt\u0131yor ve \u00f6ng\u00f6r\u00fclebilir envanter takviye d\u00f6ng\u00fclerini garanti ediyor.<\/li>\n<li style=\"margin-bottom: 15px\">Adanm\u0131\u015f B2B Hesap Y\u00f6netimi: Kapsaml\u0131 ticari destek sa\u011fl\u0131yoruz. G\u00fcmr\u00fck belgelerinin \u00e7\u00f6z\u00fclmesinden yerelle\u015ftirilmi\u015f pazarlama materyallerinin sa\u011flanmas\u0131na kadar, B2B hesap y\u00f6neticilerimiz \u00f6zel ticari operasyonlar\u0131n\u0131z\u0131 kolayla\u015ft\u0131rmak i\u00e7in gerekli olan sekt\u00f6r uzmanl\u0131\u011f\u0131na sahiptir.<\/li>\n<\/ul>\n<h3 style=\"color: #2c3e50;margin-top: 35px;margin-bottom: 20px\">Ana Noktalar ve S\u0131k\u00e7a Sorulan Sorular (SSS)<\/h3>\n<div style=\"flex-direction: column;gap: 15px\">\n<div style=\"border: 1px solid #e1e4e8;border-radius: 8px;padding: 20px;background: #ffffff\">\n<h5 style=\"margin: 0 0 10px 0;color: #1a252f;font-size: 16px\">OKSO 60k'\u0131 standart tek kullan\u0131ml\u0131k vape'lerden farkl\u0131 k\u0131lan \u015fey nedir?<\/h5>\n<p style=\"margin: 0;color: #5c6a79;font-size: 15px\">Birincil ay\u0131rt edici \u00f6zelli\u011fi m\u00fchendislik mimarisidir. Form\u00fcle edilmi\u015f bir \u00e7\u00f6zeltiden olu\u015fan 50 ml'lik kombine bir \u00e7ift odac\u0131kl\u0131 rezervuar sistemi kullan\u0131r, bu da geli\u015fmi\u015f bir Pil Y\u00f6netim Sistemi ve bir Kanthal a\u011f bobin ile \u00e7al\u0131\u015f\u0131r. Bu, termal bozulmay\u0131 \u00f6nlerken ampirik olarak 60.000 tutarl\u0131 aktivasyona ula\u015fmas\u0131n\u0131 sa\u011flar.<\/p>\n<\/div>\n<div style=\"border: 1px solid #e1e4e8;border-radius: 8px;padding: 20px;background: #ffffff\">\n<h5 style=\"margin: 0 0 10px 0;color: #1a252f;font-size: 16px\">Tedarik zincirleriniz ve cihazlar\u0131n\u0131z Avrupa d\u00fczenlemelerine uygun mu?<\/h5>\n<p style=\"margin: 0;color: #5c6a79;font-size: 15px\">Evet. VapeXyz, ISO 9001 sertifikal\u0131 \u00fcreticilerle kat\u0131 bir \u015fekilde i\u015fbirli\u011fi yapmaktad\u0131r. Donan\u0131m, CE ve RoHS sertifikalar\u0131na sahiptir ve bu da elektrik g\u00fcvenli\u011fini ve tehlikeli maddelerin k\u0131s\u0131tlanmas\u0131n\u0131 sa\u011flar. T\u00fcm ticari sevkiyatlar\u0131n b\u00f6lgesel g\u00fcmr\u00fckleri uygun ticari faturalar ve uyum belgeleriyle temizlemesini sa\u011flamak i\u00e7in kat\u0131 protokoller uyguluyoruz.<\/p>\n<\/div>\n<div style=\"border: 1px solid #e1e4e8;border-radius: 8px;padding: 20px;background: #ffffff\">\n<h5 style=\"margin: 0 0 10px 0;color: #1a252f;font-size: 16px\">Minimum sipari\u015f miktarlar\u0131 (MOQ) ve nakliye zaman \u00e7izelgeleri nelerdir?<\/h5>\n<p style=\"margin: 0;color: #5c6a79;font-size: 15px\">Sadece 10 par\u00e7a olan son derece d\u00fc\u015f\u00fck minimum sipari\u015f miktar\u0131 (MOQ) ile \u00e7evik i\u015f \u00f6l\u00e7eklendirmeyi destekliyoruz. Toplu perakende kargo i\u00e7in, EU depolar\u0131m\u0131zdan g\u00f6nderilen \u00fcr\u00fcnler genellikle 24-48 saat i\u00e7inde i\u015flenir ve b\u00fcy\u00fck Avrupa b\u00f6lgeleri genelinde tam sigortal\u0131 teslimat genellikle belirli yerel ta\u015f\u0131y\u0131c\u0131 a\u011flar\u0131na ba\u011fl\u0131 olarak 3 ila 7 i\u015f g\u00fcn\u00fc i\u00e7inde tamamlan\u0131r.<\/p>\n<\/div>\n<div style=\"border: 1px solid #e1e4e8;border-radius: 8px;padding: 20px;background: #ffffff\">\n<h5 style=\"margin: 0 0 10px 0;color: #1a252f;font-size: 16px\">Ak\u0131ll\u0131 LED Ekran nas\u0131l \u00e7al\u0131\u015f\u0131r?<\/h5>\n<p style=\"margin: 0;color: #5c6a79;font-size: 15px\">Entegre LED matrisi, dahili bir mikroi\u015flemci taraf\u0131ndan kontrol edilir. Lityum-iyon h\u00fccresinden ger\u00e7ek zamanl\u0131 voltaj \u00e7\u0131k\u0131\u015f\u0131n\u0131 okur ve s\u0131v\u0131 t\u00fckenmesini tahmin eder, bu \u00f6l\u00e7\u00fctleri g\u00f6rsel olarak kullan\u0131c\u0131ya yans\u0131t\u0131r. Bu, operasyonel tahminleri ortadan kald\u0131r\u0131r ve kullan\u0131c\u0131lar\u0131n Type-C ba\u011flant\u0131 noktas\u0131 \u00fczerinden ne zaman yeniden \u015farj etmeleri gerekti\u011fini veya \u00fcnitenin ya\u015fam d\u00f6ng\u00fcs\u00fcn\u00fcn sonuna ula\u015ft\u0131\u011f\u0131 zaman\u0131 tam olarak bilmesini sa\u011flar.<\/p>\n<\/div>\n<\/div>\n<h2 style=\"color: #1a252f;border-bottom: 2px solid #3498db;padding-bottom: 10px;margin-top: 40px\">Ticari \u0130\u015fletmenizi VapeXyz ile Y\u00fckseltin<\/h2>\n<p>A\u011f\u0131r doygunluk g\u00f6steren bir end\u00fcstride, donan\u0131m g\u00fcvenilirli\u011fi, d\u00fczenleyici g\u00fcven ve tutarl\u0131 malzeme kalitesi operasyonel uzun \u00f6m\u00fcrl\u00fcl\u00fc\u011f\u00fc belirlerken, VapeXyz sizin premier ticari orta\u011f\u0131n\u0131z olarak \u00f6ne \u00e7\u0131k\u0131yor. OKSO Double Profile 60k, yaln\u0131zca t\u00fcketilebilir bir \u00fcnite de\u011fil - dikkatli bir \u015fekilde tasarlanm\u0131\u015f bir donan\u0131m par\u00e7as\u0131 olup, se\u00e7ici son kullan\u0131c\u0131lar\u0131 tatmin etmek, premium envanter ayak izinizi b\u00fcy\u00fck \u00f6l\u00e7\u00fcde geni\u015fletmek ve e\u015fsiz g\u00fcvenilirlik yoluyla belgelenmi\u015f, tekrar eden gelir ak\u0131\u015flar\u0131n\u0131 s\u00fcrmek \u00fczere tasarlanm\u0131\u015ft\u0131r.<\/p>\n<p style=\"font-weight: bold;font-size: 16px\">Bug\u00fcn vapexyz.com'u ziyaret edin ve kapsaml\u0131, sertifikal\u0131 donan\u0131m katalo\u011fumuzu ke\u015ffedin, \u00f6zel bir toplu ticari teklif talep edin veya arz zinciri yeteneklerimizi belirli b\u00f6lgesel b\u00fcy\u00fcme hedeflerinizle uyumlu hale getirmek i\u00e7in sat\u0131n alma uzmanlar\u0131m\u0131zla konu\u015fun.<\/p>\n<p><img loading=\"lazy\" decoding=\"async\" class=\"alignnone size-full wp-image-55600\" style=\"max-width: 100%;height: auto;border-radius: 8px;margin-top: 30px\" src=\"https:\/\/vapexyz.com\/wp-content\/uploads\/2025\/06\/OKSO-Double-Flavor-60000-Puffs-LCD-Screen-Low-Nicotine-Original-Factory-Bulk-Buy-Rechargeable-Disposable-Vapes-Pen-Wholesale0.webp\" alt=\"OKSO 60000 Puffs \u00c7ift Profil Toplu Al\u0131m \u015earj Edilebilir Tek Kullan\u0131ml\u0131k Vape Kalem Toptan Sat\u0131\u015f\" width=\"1000\" height=\"1000\" title=\"\" srcset=\"https:\/\/vapexyz.com\/wp-content\/uploads\/2025\/06\/OKSO-Double-Flavor-60000-Puffs-LCD-Screen-Low-Nicotine-Original-Factory-Bulk-Buy-Rechargeable-Disposable-Vapes-Pen-Wholesale0.webp 1000w, https:\/\/vapexyz.com\/wp-content\/uploads\/2025\/06\/OKSO-Double-Flavor-60000-Puffs-LCD-Screen-Low-Nicotine-Original-Factory-Bulk-Buy-Rechargeable-Disposable-Vapes-Pen-Wholesale0-500x500.webp 500w, https:\/\/vapexyz.com\/wp-content\/uploads\/2025\/06\/OKSO-Double-Flavor-60000-Puffs-LCD-Screen-Low-Nicotine-Original-Factory-Bulk-Buy-Rechargeable-Disposable-Vapes-Pen-Wholesale0-300x300.webp 300w, https:\/\/vapexyz.com\/wp-content\/uploads\/2025\/06\/OKSO-Double-Flavor-60000-Puffs-LCD-Screen-Low-Nicotine-Original-Factory-Bulk-Buy-Rechargeable-Disposable-Vapes-Pen-Wholesale0-768x768.webp 768w, https:\/\/vapexyz.com\/wp-content\/uploads\/2025\/06\/OKSO-Double-Flavor-60000-Puffs-LCD-Screen-Low-Nicotine-Original-Factory-Bulk-Buy-Rechargeable-Disposable-Vapes-Pen-Wholesale0-12x12.webp 12w, https:\/\/vapexyz.com\/wp-content\/uploads\/2025\/06\/OKSO-Double-Flavor-60000-Puffs-LCD-Screen-Low-Nicotine-Original-Factory-Bulk-Buy-Rechargeable-Disposable-Vapes-Pen-Wholesale0-247x247.webp 247w, https:\/\/vapexyz.com\/wp-content\/uploads\/2025\/06\/OKSO-Double-Flavor-60000-Puffs-LCD-Screen-Low-Nicotine-Original-Factory-Bulk-Buy-Rechargeable-Disposable-Vapes-Pen-Wholesale0-510x510.webp 510w, https:\/\/vapexyz.com\/wp-content\/uploads\/2025\/06\/OKSO-Double-Flavor-60000-Puffs-LCD-Screen-Low-Nicotine-Original-Factory-Bulk-Buy-Rechargeable-Disposable-Vapes-Pen-Wholesale0-100x100.webp 100w\" sizes=\"auto, (max-width: 1000px) 100vw, 1000px\" \/><\/p>\n<\/article>","protected":false},"excerpt":{"rendered":"<p>OKSO Double Tastes 60000 Puffs, 60.000 \u00e7ekim sunan, \u00e7ift kapasiteli odalar, mesh coil teknolojisi, ak\u0131ll\u0131 LED ekran ve 10 premium \u00e7ift lezzetli kar\u0131\u015f\u0131m i\u00e7eren y\u00fcksek performansl\u0131, tek kullan\u0131ml\u0131k bir vape cihaz\u0131d\u0131r. Bu \u00fcr\u00fcn, 2017'den beri Avrupa'n\u0131n g\u00fcvenilir tedarik\u00e7isi VapeXyz arac\u0131l\u0131\u011f\u0131yla toptan sat\u0131\u015f i\u00e7in tasarlanm\u0131\u015ft\u0131r.<\/p>","protected":false},"featured_media":55601,"comment_status":"open","ping_status":"closed","template":"","meta":{"_lmt_disableupdate":"no","_lmt_disable":""},"product_brand":[],"product_cat":[1073,1072,947,935,934,927,929,928,930,933,939,932,938,931,936,937,949,946,951,953,987],"product_tag":[],"class_list":{"0":"post-49321","1":"product","2":"type-product","3":"status-publish","4":"has-post-thumbnail","6":"product_cat-okso-disposable-vapes","7":"product_cat-60000-puff-vapes","8":"product_cat-big-puffs-vapes","9":"product_cat-bulk-buy-disposable-vapes-in-austria","10":"product_cat-bulk-buy-disposable-vapes-in-belgium","11":"product_cat-bulk-buy-disposable-vapes-in-europe","12":"product_cat-bulk-buy-disposable-vapes-in-france","13":"product_cat-bulk-buy-disposable-vapes-in-germany","14":"product_cat-bulk-buy-disposable-vapes-in-italy","15":"product_cat-bulk-buy-disposable-vapes-in-netherlands","16":"product_cat-bulk-buy-disposable-vapes-in-norway","17":"product_cat-bulk-buy-disposable-vapes-in-poland","18":"product_cat-bulk-buy-disposable-vapes-in-portugal","19":"product_cat-bulk-buy-disposable-vapes-in-spain","20":"product_cat-bulk-buy-disposable-vapes-in-sweden","21":"product_cat-bulk-buy-disposable-vapes-in-switzerland","22":"product_cat-digital-box-vapes","23":"product_cat-disposable-vapes-series","24":"product_cat-lower-nicotine-vapes","25":"product_cat-rechargeable-vapes","26":"product_cat-vape-shop-by-puffs","28":"first","29":"instock","30":"shipping-taxable","31":"purchasable","32":"product-type-variable","33":"has-default-attributes"},"jetpack_sharing_enabled":true,"tiered_pricing_type":"fixed","tiered_pricing_fixed_rules":[],"tiered_pricing_product_settings":{"layout":"default","base_unit_name":{"singular":null,"plural":null},"default_variation":null},"tiered_pricing_minimum_quantity":null,"tiered_pricing_roles_data":[],"tiered_pricing_percentage_rules":[],"tiered_pricing_maximum_quantity":null,"tiered_pricing_quantity_step":null,"_links":{"self":[{"href":"https:\/\/vapexyz.com\/tr\/wp-json\/wp\/v2\/product\/49321","targetHints":{"allow":["GET"]}}],"collection":[{"href":"https:\/\/vapexyz.com\/tr\/wp-json\/wp\/v2\/product"}],"about":[{"href":"https:\/\/vapexyz.com\/tr\/wp-json\/wp\/v2\/types\/product"}],"replies":[{"embeddable":true,"href":"https:\/\/vapexyz.com\/tr\/wp-json\/wp\/v2\/comments?post=49321"}],"wp:featuredmedia":[{"embeddable":true,"href":"https:\/\/vapexyz.com\/tr\/wp-json\/wp\/v2\/media\/55601"}],"wp:attachment":[{"href":"https:\/\/vapexyz.com\/tr\/wp-json\/wp\/v2\/media?parent=49321"}],"wp:term":[{"taxonomy":"product_brand","embeddable":true,"href":"https:\/\/vapexyz.com\/tr\/wp-json\/wp\/v2\/product_brand?post=49321"},{"taxonomy":"product_cat","embeddable":true,"href":"https:\/\/vapexyz.com\/tr\/wp-json\/wp\/v2\/product_cat?post=49321"},{"taxonomy":"product_tag","embeddable":true,"href":"https:\/\/vapexyz.com\/tr\/wp-json\/wp\/v2\/product_tag?post=49321"}],"curies":[{"name":"wp","href":"https:\/\/api.w.org\/{rel}","templated":true}]}}