{"id":47531,"date":"2025-06-02T09:19:49","date_gmt":"2025-06-02T09:19:49","guid":{"rendered":"https:\/\/vapexyz.com\/?post_type=product&#038;p=47531"},"modified":"2026-03-05T03:55:23","modified_gmt":"2026-03-05T03:55:23","slug":"kristal-mary-groove-50000-puff-tek-kullanimlik-vape-toptan-toplu-fiyatlandirma-profesyonel-vape-distributorleri-icin","status":"publish","type":"product","link":"https:\/\/vapexyz.com\/tr\/product\/crystal-mary-groove-50000-puff-disposable-vape-wholesale-bulk-pricing-for-professional-vape-distributors\/","title":{"rendered":"KR\u0130STAL MERY Groove 50000 Puff Tek Kullan\u0131ml\u0131k Vape Toptan Toplu Fiyatland\u0131rma Profesyonel Vape Distrib\u00fct\u00f6rleri \u0130\u00e7in"},"content":{"rendered":"<h2><a href=\"https:\/\/vapexyz.com\/tr\/urun-kategori%cc%87si%cc%87\/kristal-mary-tek-kullanimlik-vape\/\">KR\u0130STAL MERY<\/a> Groove 50000 Puff <a href=\"https:\/\/vapexyz.com\/tr\/\">Tek Kullan\u0131ml\u0131k Vape<\/a>: Avrupa Vape Distrib\u00fct\u00f6rleri i\u00e7in Tek Kullan\u0131ml\u0131k M\u00fckemmelli\u011fi Yeniden Tan\u0131mlamak<\/h2>\n<p>VapeXYZ'de (vapexyz.com), Avrupa \u00e7ap\u0131nda tek kullan\u0131ml\u0131k vape da\u011f\u0131t\u0131m\u0131nda uzmanla\u015fmak i\u00e7in sekiz y\u0131l\u0131m\u0131z\u0131 harcad\u0131k. Profesyonel toptan ve toplu fiyatland\u0131rma \u00fczerine odaklanan \u00f6nde gelen bir \u00e7evrimi\u00e7i ma\u011faza olarak, RandM Tornado, FIZZY, FUMOT, Waspe, Vapme ve 20'den fazla di\u011fer \u00fcst d\u00fczey marka ile i\u015fbirli\u011fi yaparak, Avrupa'n\u0131n en rekabet\u00e7i oranlar\u0131nda premium \u00fcr\u00fcnleri teslim ediyoruz. Uzmanl\u0131\u011f\u0131m\u0131z, Almanya, Hollanda, Bel\u00e7ika, \u0130spanya, Fransa ve \u0130talya gibi kilit pazarlar\u0131 kaps\u0131yor; burada g\u00fcvenilirlik, h\u0131zl\u0131 sigortal\u0131 teslimat ve perakende ve toplu al\u0131c\u0131lar i\u00e7in \u00f6zel \u00e7\u00f6z\u00fcmler sunma konusunda bir itibar kazand\u0131k. Yerel bir vape d\u00fckkan\u0131, distrib\u00fct\u00f6r veya e-ticaret perakendecisi olun, VapeXYZ, son teknoloji tek kullan\u0131ml\u0131k vape'lerinizi - CRYSTAL MARY Groove 50000 Puff Disposable Vape gibi \u00f6ne \u00e7\u0131kan \u00fcr\u00fcnlerimizle birlikte - tek adresinizdir.<\/p>\n<h2>KR\u0130STAL MERYAM Groove 50000 Puff Tek Kullan\u0131ml\u0131k Vape: Bilin\u00e7li Distrib\u00fct\u00f6rler i\u00e7in Teknolojik Bir Mucize<\/h2>\n<p>CRYSTAL MARY Groove 50000 Puff Disposable Vape, yaln\u0131zca Avrupa'daki vape kullan\u0131c\u0131lar\u0131n\u0131n ve distrib\u00fct\u00f6rlerin taleplerini kar\u015f\u0131lamak \u00fczere tasarlanan, inovasyonun bir kan\u0131t\u0131d\u0131r. Hassas bir \u015fekilde tasarlanan bu cihaz, ola\u011fan\u00fcst\u00fc uzun \u00f6m\u00fcrl\u00fcl\u00fck, \u00f6zelle\u015ftirilebilir performans ve \u00e7e\u015fitli be\u011fenilen lezzetlerle birlikte, ta\u015f\u0131nabilir kategorisinde yeni standartlar belirler. A\u015fa\u011f\u0131da, belirleyici \u00f6zelliklerini inceliyoruz:<\/p>\n<h2>Ana \u00d6zellikleri: Performans ve \u00c7ok Y\u00f6nl\u00fcl\u00fck \u0130\u00e7in Tasarland\u0131<\/h2>\n<ul>\n<li><strong>Her \u00dcnite Ba\u015f\u0131na 50.000 Puff<\/strong>: 1000mAh'lik devasa bir batarya ve optimize edilmi\u015f e-s\u0131v\u0131 kapasitesi ile CRYSTAL MARY Groove, end\u00fcstri lideri 50.000 puf sunar - s\u0131k s\u0131k de\u011fi\u015ftirme ihtiyac\u0131n\u0131 ortadan kald\u0131rarak son kullan\u0131c\u0131lar i\u00e7in uzun s\u00fcreli de\u011fer sa\u011flar.<\/li>\n<li><strong>Ayarlanabilir Hava Ak\u0131\u015f\u0131 Kontrol\u00fc<\/strong>: Kullan\u0131c\u0131 dostu hava ak\u0131\u015f\u0131 dial\u0131 ile \u00e7e\u015fitli vape tercihlerini kar\u015f\u0131lay\u0131n. M\u00fc\u015fteriler dar a\u011f\u0131zdan akci\u011fere \u00e7ekimler mi yoksa gev\u015fek do\u011frudan akci\u011fere vuru\u015flar m\u0131 tercih etsin, CRYSTAL MARY Groove sorunsuz bir \u015fekilde uyum sa\u011flar.<\/li>\n<li><strong>\u0130kili A\u011f\u0131z Bobin Teknolojisi (0,6\u03a9 + 1,5\u03a9)<\/strong>: Bu geli\u015fmi\u015f bobin sistemi lezzet yo\u011funlu\u011funu ve buhar \u00fcretimini dengeler. 0,6\u03a9 bobin, zengin, g\u00fc\u00e7l\u00fc notalar\u0131 g\u00fc\u00e7lendirirken, 1,5\u03a9 bobin p\u00fcr\u00fczs\u00fcz, tutarl\u0131 \u00e7ekimler sa\u011flar; bu da t\u00fcm g\u00fcn kullan\u0131m i\u00e7in idealdir.<\/li>\n<li><strong>Dokunmatik Ekranl\u0131 Ak\u0131ll\u0131 Ekran<\/strong>: Yerle\u015fik y\u00fcksek \u00e7\u00f6z\u00fcn\u00fcrl\u00fckl\u00fc ekran, kalan nefesler, pil \u00f6mr\u00fc ve mevcut nikotin\/buz ayarlar\u0131 dahil olmak \u00fczere ger\u00e7ek zamanl\u0131 veriler sa\u011flar. Tercihleri ayarlamak sezgiseldir: nikotin g\u00fcc\u00fcn\u00fc (50mg\/mL baz) veya buz yo\u011funlu\u011funu ayarlamak i\u00e7in ekrana basit\u00e7e dokunun ve ki\u015fiselle\u015ftirilmi\u015f bir deneyim sa\u011flay\u0131n.<\/li>\n<li><strong>Type-C H\u0131zl\u0131 \u015earj<\/strong>: Daha fazla beklemeye gerek yok\u2014CRYSTAL MARY Groove'u Type-C portu \u00fczerinden 45 dakikadan k\u0131sa s\u00fcrede \u015farj edin, kullan\u0131c\u0131lar i\u00e7in bo\u015fta kalma s\u00fcresini en aza indirin ve distrib\u00fct\u00f6rler i\u00e7in cirosu en \u00fcst d\u00fczeye \u00e7\u0131kar\u0131n.<\/li>\n<li><strong>\u00dcst\u00fcn Yap\u0131 Kalitesi<\/strong>96mm uzunlu\u011funda ve sadece 130g a\u011f\u0131rl\u0131\u011f\u0131yla cihaz ta\u015f\u0131nabilirlik ve dayan\u0131kl\u0131l\u0131k aras\u0131nda m\u00fckemmel bir denge sa\u011flar.  (1mm x 21.5mm x 106mm) \u00f6l\u00e7\u00fclerindeki \u015f\u0131k, ergonomik tasar\u0131m\u0131 elde rahat\u00e7a oturur ve parmak izlerine ve \u00e7izilmelere kar\u015f\u0131 dayan\u0131kl\u0131 mat bir y\u00fczeyle kapl\u0131d\u0131r.<\/li>\n<\/ul>\n<h2>Lezzet Portf\u00f6y\u00fc: Bir Duygu S\u00fcr\u00fcs\u00fc<\/h2>\n<p>CRYSTAL MARY Groove'un \u00e7ekicili\u011fi performans\u0131n \u00f6tesine uzan\u0131yor - 12'den fazla imza aromas\u0131 en se\u00e7ici damaklar\u0131 memnun etmek \u00fczere tasarlanm\u0131\u015ft\u0131r. Her kar\u0131\u015f\u0131m, tutarl\u0131l\u0131\u011f\u0131, \u00f6zg\u00fcnl\u00fc\u011f\u00fc ve dengesi sa\u011flamak i\u00e7in titizlikle test edilir:<\/p>\n<ul>\n<li><strong>Mavi Razz Buz<\/strong>: Tatl\u0131 yaban mersinleri ve ek\u015fi frambuazlar\u0131n canl\u0131 bir kar\u0131\u015f\u0131m\u0131, dilde kalan taze ve serinleyen nane alt tonu ile tamamlanm\u0131\u015ft\u0131r.<\/li>\n<li><strong>Miami Mint<\/strong>: Kullan\u0131c\u0131lar\u0131 g\u00fcne\u015fle \u0131slanm\u0131\u015f Miami'ye ta\u015f\u0131y\u0131n, taze, bah\u00e7e-\u00e7er\u00e7eveci nane, tropikal mango ve hindistan cevizi \u00fczerine katmanlanarak - bunalt\u0131c\u0131 olmadan ferahlat\u0131c\u0131.<\/li>\n<li><strong>Karpuzlu Buz<\/strong>: Sulu, olgun karpuz \u00f6n plana \u00e7\u0131k\u0131yor, serin bir yaz meyvesinin \u0131s\u0131r\u0131lmas\u0131n\u0131n verdi\u011fi hissi taklit eden p\u00fcr\u00fczs\u00fcz, buzlu bir esinti ile tamamlan\u0131yor.<\/li>\n<li><strong>Ek\u015fi Elmal\u0131 Buz<\/strong>: Ye\u015fil elman\u0131n keskin bir dokunu\u015fu, ek\u015fi asitli\u011fi, yumu\u015fak bir tatl\u0131l\u0131kla dengelenmi\u015f ve duyular\u0131 canland\u0131ran buzluktan bir serinlik.<\/li>\n<li><strong>Strawberry B-Pop<\/strong>: Olgun \u00e7ileklerle ve kremsi vanilya dokunu\u015fuyla dolup ta\u015fan bu lezzet, klasik \u015feker emziklerini - tatl\u0131, doyurucu ve tamamen ba\u011f\u0131ml\u0131l\u0131k yap\u0131c\u0131 - \u00f6zler gibi nostalji uyand\u0131r\u0131yor.<\/li>\n<li><strong>Ek\u015fi mango ananas\u0131<\/strong>: Tropikal ve ek\u015fi birle\u015fimi bu cesur kar\u0131\u015f\u0131mda bulu\u015fuyor: olgun mango ve g\u00fcne\u015fle olgunla\u015fm\u0131\u015f ananas, egzotik ve canland\u0131r\u0131c\u0131 e\u015fit par\u00e7alar yaratan, zesty ek\u015fi bir vuru\u015fla ayd\u0131nlat\u0131l\u0131yor.<\/li>\n<li><strong>Lemon Heads<\/strong>: \u00c7ocukluk d\u00f6nemi \u015fekerlemelerine bir geri d\u00f6n\u00fc\u015f, keskin, narenciye kokulu limon, ikonik limonlu sert \u015fekerlemeleri an\u0131msatan \u015fekerli bir tatl\u0131l\u0131kla dengeleniyor.<\/li>\n<li><strong>Muzlu Taffy Dondurmas\u0131<\/strong>Kremal\u0131 muzlu taffy, narin bir dondurma etkisi ile yumu\u015fat\u0131l\u0131r ve yap\u0131\u015fkan olmadan zengin bir tatl\u0131 benzeri deneyim sunar.<\/li>\n<li><strong>\u00c7ilek Kivi \u0130\u00e7ece\u011fi<\/strong>: Olgun \u00e7ileklerin ve canl\u0131 kivi'nin taze, meyveli bir f\u00fczyonu, damak tad\u0131n\u0131 temiz ve canland\u0131r\u0131lm\u0131\u015f hissettiren k\u0131vrak bir biti\u015fle.<\/li>\n<\/ul>\n<h2>Neden <a href=\"https:\/\/vapexyz.com\/tr\/\">VapeXYZ<\/a> KR\u0130STAL MARY Groove Toptan sat\u0131\u015f m\u0131?<\/h2>\n<p>Avrupal\u0131 distrib\u00fct\u00f6rler i\u00e7in VapeXYZ ile ortakl\u0131k yapmak, e\u015fsiz de\u011fer, g\u00fcvenilirlik ve deste\u011fe eri\u015fmek anlam\u0131na gelir:<\/p>\n<ul>\n<li><strong>Toplu Fiyatland\u0131rma &amp; En D\u00fc\u015f\u00fck Fiyat Garantisi<\/strong>: Toplu sipari\u015fler (100+ \u00fcnite) i\u00e7in kademeli indirimler sunuyoruz, b\u00f6ylece marjlar\u0131n\u0131z rekabet\u00e7i kalmas\u0131n\u0131 sa\u011fl\u0131yoruz. Fiyat e\u015fle\u015ftirme s\u00f6z\u00fc, asla AB pazar oran\u0131ndan daha fazlas\u0131n\u0131 \u00f6demeyece\u011finizi garanti ediyor.<\/li>\n<li><strong>H\u0131zl\u0131, Sigortal\u0131 G\u00f6nderim<\/strong>: Almanya, Hollanda, Bel\u00e7ika, \u0130spanya, Fransa, \u0130talya ve \u00f6tesine yap\u0131lan t\u00fcm sipari\u015fler 48 saat i\u00e7inde takip ve sigorta dahil edilerek g\u00f6nderilir ve yat\u0131r\u0131m\u0131n\u0131z\u0131 korumak i\u00e7in.<\/li>\n<li><strong>\u00c7e\u015fitli \u00d6deme Se\u00e7enekleri<\/strong>: Avrupa tercihlerine esnek \u00f6deme y\u00f6ntemleriyle hitap ediyoruz: PayPal, kredi kartlar\u0131, iDEAL (Hollanda), Bancontact (Bel\u00e7ika) ve SEPA banka havaleleri - b\u00f6lgedeki i\u015fletmeler i\u00e7in i\u015flemleri basitle\u015ftiriyor.<\/li>\n<li><strong>Marka G\u00fcvenli\u011fi &amp; Uzman Deste\u011fi<\/strong>: Sekiz y\u0131ld\u0131r sekt\u00f6rde faaliyet g\u00f6stererek, tek kullan\u0131ml\u0131k vape da\u011f\u0131t\u0131m\u0131n\u0131n n\u00fcanslar\u0131n\u0131 anl\u0131yoruz. Ekibimiz, i\u015finizi b\u00fcy\u00fctmenize yard\u0131mc\u0131 olmak i\u00e7in sat\u0131\u015f \u00f6ncesi dan\u0131\u015fmanl\u0131k, pazarlama deste\u011fi ve sat\u0131\u015f sonras\u0131 yard\u0131m hizmeti sunmaktad\u0131r.<\/li>\n<\/ul>\n<h2>Envanterinizi CRYSTAL MARY Groove 50000 Puff Disposables ile Y\u00fckseltin<\/h2>\n<p>CRYSTAL MARY Groove 50000 Puff Disposable Vape, i\u015fletmeniz i\u00e7in bir gelir motoru olmaktan fazlas\u0131d\u0131r. E\u015fsiz performans\u0131, \u00f6zelle\u015ftirilebilir \u00f6zellikleri ve kar\u015f\u0131 konulmaz lezzetleriyle, Avrupa vape d\u00fckkanlar\u0131nda en \u00e7ok satan \u00fcr\u00fcn olma konumuna sahiptir. VapeXYZ'de, sadece \u00fcr\u00fcn tedarik etmekle kalm\u0131yoruz; g\u00fcvene, inovasyona ve kar\u015f\u0131l\u0131kl\u0131 ba\u015far\u0131ya dayal\u0131 ortakl\u0131klar sunuyoruz.<\/p>\n<p>CRYSTAL MARY Groove 50000 i\u00e7in toplu fiyatland\u0131rma kilidini a\u00e7maya haz\u0131rs\u0131n\u0131z? Bug\u00fcn vapexyz.com'u ziyaret edin, en iyi markalar\u0131n tam katalo\u011funu ke\u015ffedin ve i\u015finizi birlikte -bir nefes atarak- b\u00fcy\u00fctelim.<\/p>\n<p><em>vapexyz.com: Avrupa'n\u0131n \u00d6nde Gelen Tek Kullan\u0131ml\u0131k Vape Toptanc\u0131s\u0131. Toplu al, b\u00fcy\u00fck tasarruf yap.<\/em><\/p>\n<p><img loading=\"lazy\" decoding=\"async\" class=\"alignnone size-full wp-image-47582\" src=\"https:\/\/vapexyz.com\/wp-content\/uploads\/2025\/05\/M-Groove-50000-Puffs-Disposable-Vape-Adjustable-Airflow-Dual-Mesh-Coi-9.webp\" alt=\"M-Groove 50000 Puff Disposable Vape Toptan Toplu Fiyatland\u0131rma Profesyonel Vape Distrib\u00fct\u00f6rleri \u0130\u00e7in\" width=\"1000\" height=\"1000\" title=\"\" srcset=\"https:\/\/vapexyz.com\/wp-content\/uploads\/2025\/05\/M-Groove-50000-Puffs-Disposable-Vape-Adjustable-Airflow-Dual-Mesh-Coi-9.webp 1000w, https:\/\/vapexyz.com\/wp-content\/uploads\/2025\/05\/M-Groove-50000-Puffs-Disposable-Vape-Adjustable-Airflow-Dual-Mesh-Coi-9-500x500.webp 500w, https:\/\/vapexyz.com\/wp-content\/uploads\/2025\/05\/M-Groove-50000-Puffs-Disposable-Vape-Adjustable-Airflow-Dual-Mesh-Coi-9-300x300.webp 300w, https:\/\/vapexyz.com\/wp-content\/uploads\/2025\/05\/M-Groove-50000-Puffs-Disposable-Vape-Adjustable-Airflow-Dual-Mesh-Coi-9-768x768.webp 768w, https:\/\/vapexyz.com\/wp-content\/uploads\/2025\/05\/M-Groove-50000-Puffs-Disposable-Vape-Adjustable-Airflow-Dual-Mesh-Coi-9-12x12.webp 12w, https:\/\/vapexyz.com\/wp-content\/uploads\/2025\/05\/M-Groove-50000-Puffs-Disposable-Vape-Adjustable-Airflow-Dual-Mesh-Coi-9-247x247.webp 247w, https:\/\/vapexyz.com\/wp-content\/uploads\/2025\/05\/M-Groove-50000-Puffs-Disposable-Vape-Adjustable-Airflow-Dual-Mesh-Coi-9-510x510.webp 510w, https:\/\/vapexyz.com\/wp-content\/uploads\/2025\/05\/M-Groove-50000-Puffs-Disposable-Vape-Adjustable-Airflow-Dual-Mesh-Coi-9-100x100.webp 100w\" sizes=\"auto, (max-width: 1000px) 100vw, 1000px\" \/><\/p>","protected":false},"excerpt":{"rendered":"<p>CRYSTAL MARY Groove 50000 Puff Disposable Vape\u2014a cutting-edge disposable device boasting 50,000 puffs, adjustable airflow control, dual mesh coil technology, a smart touchscreen display, Type-C quick charging, premium ergonomic design, and 12+ signature flavors\u2014redefines excellence for European vape distributors seeking high-performance, versatile wholesale solutions.<\/p>","protected":false},"featured_media":47580,"comment_status":"open","ping_status":"closed","template":"","meta":{"_lmt_disableupdate":"no","_lmt_disable":""},"product_brand":[],"product_cat":[1074,947,949,946,950,951,953,820],"product_tag":[],"class_list":{"0":"post-47531","1":"product","2":"type-product","3":"status-publish","4":"has-post-thumbnail","6":"product_cat-crystal-mary-disposable-vapes","7":"product_cat-big-puffs-vapes","8":"product_cat-digital-box-vapes","9":"product_cat-disposable-vapes-series","10":"product_cat-dual-mesh-vapes","11":"product_cat-lower-nicotine-vapes","12":"product_cat-rechargeable-vapes","13":"product_cat-vape","15":"first","16":"outofstock","17":"shipping-taxable","18":"purchasable","19":"product-type-variable","20":"has-default-attributes"},"jetpack_sharing_enabled":true,"tiered_pricing_type":"fixed","tiered_pricing_fixed_rules":[],"tiered_pricing_product_settings":{"layout":"default","base_unit_name":{"singular":null,"plural":null},"default_variation":null},"tiered_pricing_minimum_quantity":null,"tiered_pricing_roles_data":[],"tiered_pricing_percentage_rules":[],"tiered_pricing_maximum_quantity":null,"tiered_pricing_quantity_step":null,"_links":{"self":[{"href":"https:\/\/vapexyz.com\/tr\/wp-json\/wp\/v2\/product\/47531","targetHints":{"allow":["GET"]}}],"collection":[{"href":"https:\/\/vapexyz.com\/tr\/wp-json\/wp\/v2\/product"}],"about":[{"href":"https:\/\/vapexyz.com\/tr\/wp-json\/wp\/v2\/types\/product"}],"replies":[{"embeddable":true,"href":"https:\/\/vapexyz.com\/tr\/wp-json\/wp\/v2\/comments?post=47531"}],"wp:featuredmedia":[{"embeddable":true,"href":"https:\/\/vapexyz.com\/tr\/wp-json\/wp\/v2\/media\/47580"}],"wp:attachment":[{"href":"https:\/\/vapexyz.com\/tr\/wp-json\/wp\/v2\/media?parent=47531"}],"wp:term":[{"taxonomy":"product_brand","embeddable":true,"href":"https:\/\/vapexyz.com\/tr\/wp-json\/wp\/v2\/product_brand?post=47531"},{"taxonomy":"product_cat","embeddable":true,"href":"https:\/\/vapexyz.com\/tr\/wp-json\/wp\/v2\/product_cat?post=47531"},{"taxonomy":"product_tag","embeddable":true,"href":"https:\/\/vapexyz.com\/tr\/wp-json\/wp\/v2\/product_tag?post=47531"}],"curies":[{"name":"wp","href":"https:\/\/api.w.org\/{rel}","templated":true}]}}