{"id":44822,"date":"2025-02-24T09:25:51","date_gmt":"2025-02-24T09:25:51","guid":{"rendered":"https:\/\/vapexyz.com\/?post_type=product&#038;p=44822"},"modified":"2026-03-05T07:55:16","modified_gmt":"2026-03-05T07:55:16","slug":"vozol-disli-nargile-25000-puf-cift-orgu-ses-interaktif-5-dusuk-nikotin-orijinal-fabrika-toplu-satin-sarj-edilebilir-tek-kullanimlik-vapes-kalem-toptan","status":"publish","type":"product","link":"https:\/\/vapexyz.com\/tr\/product\/vozol-gear-shisha-25000-puffs-dual-mesh-audio-interactive-5-low-nicotine-original-factory-bulk-buy-rechargeable-disposable-vapes-pen-wholesale\/","title":{"rendered":"VOZOL Gear Shisha 25000 Puffs Dual Mesh Ses Etkile\u015fimli 50mg Toplu Al\u0131m \u015earj Edilebilir Tek Kullan\u0131ml\u0131k Vape Toptan Sat\u0131\u015f"},"content":{"rendered":"<article style=\"font-family: 'Segoe UI', Roboto, Helvetica, Arial, sans-serif; line-height: 1.6; color: #333333; max-width: 100%; margin: 0 auto; padding: 20px;\">\n<h2 style=\"color: #1a202c; border-bottom: 2px solid #e2e8f0; padding-bottom: 10px; margin-top: 30px;\">Envanterinizi VOZOL Gear Shisha 25000 Puffs ile Y\u00fckseltin<\/h2>\n<p style=\"font-size: 1.1em; margin-bottom: 20px;\">VapeXYZ'e ho\u015f geldiniz, y\u00fcksek performansl\u0131 elektronik sigara teknolojisinin premier toptan distrib\u00fct\u00f6r\u00fc ve nihai \u00e7evrimi\u00e7i merkezi. K\u00fcresel da\u011f\u0131t\u0131m sekt\u00f6r\u00fcnde sekiz y\u0131l\u0131 a\u015fk\u0131n s\u00fcredir g\u00f6sterdi\u011fimiz \u00f6zverili deneyimle, kendimizi g\u00fcvenilir bir otorite olarak kan\u0131tlad\u0131k ve d\u00fcnya \u00e7ap\u0131ndaki \u00e7e\u015fitli pazarlara premium tek kullan\u0131ml\u0131k elektronik sigaralar tedarik ediyoruz. Kaliteye, tedarik zinciri \u015feffafl\u0131\u011f\u0131na ve rekabet\u00e7i fiyatland\u0131rmaya verdi\u011fimiz \u00f6nem, sizi kesin partnerimiz yapar. Eri\u015filebilir minimum sipari\u015f miktar\u0131 (MOQ) sadece 10 par\u00e7a olan \u00fcst d\u00fczey markalar\u0131 sa\u011flamada uzman\u0131z, bu sayede butik perakendecilerin ve b\u00fcy\u00fck \u00f6l\u00e7ekli i\u015fletmelerin do\u011frudan toptan fiyatland\u0131rma modellerinden yararlanmalar\u0131n\u0131 sa\u011fl\u0131yoruz.<\/p>\n<p style=\"font-size: 1.1em; margin-bottom: 20px;\">Bug\u00fcn, VOZOL Gear Shisha 25000 Puffs'a teknik bir derin dal\u0131\u015f sunuyoruz. Standart bir cihazdan uzak olan bu model, y\u00fcksek kapasiteli tek kullan\u0131ml\u0131k vape'lerin alan\u0131nda modern m\u00fchendisli\u011fin zirvesini temsil ediyor. Uzun operasyonel \u00f6m\u00fcrler ve optimize edilmi\u015f buhar \u00fcretimi i\u00e7in tasarlanan bu cihaz, ilk aktivasyondan sonuncuya kadar tutarl\u0131, premium \u00e7ekimler sa\u011flamak \u00fczere tasarlanm\u0131\u015ft\u0131r.<\/p>\n<h2 style=\"color: #1a202c; border-bottom: 2px solid #e2e8f0; padding-bottom: 10px; margin-top: 40px;\">Uzmanl\u0131k: Teknik \u00d6zellikler ve M\u00fchendislik<\/h2>\n<p style=\"margin-bottom: 15px;\">VOZOL Gear Shisha'n\u0131n mimarisi, sa\u011flam, end\u00fcstri lideri donan\u0131mlar etraf\u0131nda in\u015fa edilmi\u015ftir. Giri\u015f seviyesi modellerden farkl\u0131 olarak, bu \u00f6zel vape t\u0131bbi s\u0131n\u0131f PCTG ve g\u00fc\u00e7lendirilmi\u015f al\u00fcminyum ala\u015f\u0131mlardan in\u015fa edilmi\u015ftir, uzun s\u00fcreli kullan\u0131mda termal stabilite ve yap\u0131sal b\u00fct\u00fcnl\u00fc\u011f\u00fc sa\u011flar. Geli\u015fmi\u015f mikro-kontrolc\u00fc \u00fcnitelerinin (MCU) entegrasyonu, hassas g\u00fc\u00e7 teslimat\u0131n\u0131 garanti eder.<\/p>\n<h3 style=\"color: #2d3748; margin-top: 25px;\">Y\u00fcksek Yo\u011funluklu 1000mAh G\u00fc\u00e7 H\u00fccresi<\/h3>\n<p style=\"margin-bottom: 15px;\">Cihaz\u0131n \u00e7ekirde\u011finde y\u00fcksek yo\u011funluklu, \u015farj edilebilir 1000mAh batarya yer al\u0131r. Bu m\u00fchendislik se\u00e7imi, kullan\u0131c\u0131n\u0131n ihtiya\u00e7 duydu\u011fu \u015farj d\u00f6ng\u00fclerinin s\u0131kl\u0131\u011f\u0131n\u0131 \u00f6nemli \u00f6l\u00e7\u00fcde azalt\u0131r. Ak\u0131ll\u0131 \u015farj y\u00f6netim sistemi taraf\u0131ndan d\u00fczenlenen batarya, sabit bir voltaj \u00e7\u0131k\u0131\u015f\u0131 sa\u011flar ve g\u00fc\u00e7 h\u00fccreleri t\u00fckendi\u011finde s\u0131kl\u0131kla ya\u015fanan buhar kalitesindeki tipik bozulmay\u0131 \u00f6nler. A\u015f\u0131r\u0131 \u015farj, a\u015f\u0131r\u0131 de\u015farj ve k\u0131sa devre koruma protokolleri, devreye entegre edilmi\u015ftir ve kat\u0131 uluslararas\u0131 g\u00fcvenlik standartlar\u0131na uyum sa\u011flar.<\/p>\n<h3 style=\"color: #2d3748; margin-top: 25px;\">Dinamik \u00c7ift Modlu Hareket Ettirme<\/h3>\n<p style=\"margin-bottom: 15px;\">\u00c7ok y\u00f6nl\u00fcl\u00fck, kullan\u0131c\u0131lar\u0131n \u00e7izim mekaniklerini ve buhar hacmini \u00f6zelle\u015ftirmelerine olanak tan\u0131yan tescilli bir \u00e7ift modlu i\u015fletim sistemi arac\u0131l\u0131\u011f\u0131yla elde edilir:<\/p>\n<ul style=\"list-style-type: square; margin-left: 20px; margin-bottom: 20px;\">\n<li style=\"margin-bottom: 10px;\">Eko Modu: G\u00fc\u00e7 t\u00fcketimini ve rezervuar kullan\u0131m\u0131n\u0131 optimize ederek 25.000 puff'a varan maksimum operasyonel limite ula\u015fmay\u0131 sa\u011flar. Bu mod, verimlili\u011fi maksimuma \u00e7\u0131kar\u0131rken daha so\u011fuk, son derece p\u00fcr\u00fczs\u00fcz bir \u00e7eki\u015f sa\u011flamak i\u00e7in wattaj\u0131 d\u00fczenler.<\/li>\n<li style=\"margin-bottom: 10px;\">G\u00fc\u00e7 Modu: \u0130leri a\u011f bobinine wattaj \u00e7\u0131k\u0131\u015f\u0131n\u0131 art\u0131rarak daha yo\u011fun bulut \u00fcretimi ve daha yo\u011fun bir duyusal profil sa\u011flar. Bu mod, maksimum uzun \u00f6m\u00fcr yerine sa\u011flam teslimat\u0131 \u00f6nceliklendirir.<\/li>\n<\/ul>\n<h3 style=\"color: #2d3748; margin-top: 25px;\">Ak\u0131ll\u0131 Telemetri Ekran\u0131 &amp; Hava Ak\u0131\u015f\u0131 Kontrol\u00fc<\/h3>\n<p style=\"margin-bottom: 15px;\">Y\u00fcksek tan\u0131ml\u0131 telemetri ekran\u0131n\u0131n entegrasyonu kullan\u0131c\u0131 kontrol\u00fcn\u00fc y\u00fckseltir. Bu sezgisel aray\u00fcz, geleneksel olarak tek kullan\u0131ml\u0131k vape'lerle ili\u015fkili tahmin i\u015fini ortadan kald\u0131rarak kalan pil \u00f6mr\u00fc ve dahili rezervuar\u0131n mevcut kapasitesi hakk\u0131nda ger\u00e7ek zamanl\u0131 veriler sa\u011flar. Ayr\u0131ca, hassas m\u00fchendislikli bir hava ak\u0131\u015f\u0131 kontrol valfi, mikro ayarlamalar yap\u0131lmas\u0131n\u0131 sa\u011flar ve kullan\u0131c\u0131lar\u0131n s\u0131k\u0131, k\u0131s\u0131tl\u0131 bir \u00e7ekim ile hacimli, havadar bir solunum aras\u0131nda sorunsuz bir \u015fekilde ge\u00e7i\u015f yapmalar\u0131n\u0131 sa\u011flar.<\/p>\n<div style=\"background-color: #f0f9ff; border-left: 5px solid #0284c7; padding: 25px; margin: 30px 0; border-radius: 6px; box-shadow: 0 4px 6px rgba(0,0,0,0.05);\">\n<h3 style=\"color: #0369a1; margin-top: 0; margin-bottom: 10px;\">Bilgi Noktas\u0131: Mesh Bobinin Bilimi<\/h3>\n<p style=\"margin: 0; font-size: 0.95em; color: #334155;\">VOZOL Gear Shisha, geli\u015fmi\u015f, y\u00fcksek y\u00fczey alanl\u0131 bir a\u011f \u0131s\u0131tma eleman\u0131 kullan\u0131r. Geleneksel spiral bobinlerin aksine, bir a\u011f matrisi, emme malzemesi boyunca ani ve e\u015fit \u0131s\u0131 da\u011f\u0131l\u0131m\u0131 sa\u011flar. Bu, lokalize a\u015f\u0131r\u0131 \u0131s\u0131nmay\u0131 (kuru vuru\u015flara neden olan) \u00f6nler ve dahili form\u00fclasyonun verimli bir \u015fekilde buharla\u015ft\u0131r\u0131lmas\u0131n\u0131 garanti eder. M\u00fchendislik verilerimiz, bu a\u011f teknolojisinin termal verimlili\u011fi %'a kadar art\u0131rd\u0131\u011f\u0131n\u0131 g\u00f6steriyor ki bu, performans d\u00fc\u015f\u00fc\u015f\u00fc olmadan 25.000 puf derecesine ula\u015fmada kritik bir fakt\u00f6rd\u00fcr.<\/p>\n<\/div>\n<h2 style=\"color: #1a202c; border-bottom: 2px solid #e2e8f0; padding-bottom: 10px; margin-top: 40px;\">Ampirik Veri: Ba\u011f\u0131ms\u0131z Test ve Kalite G\u00fcvencesi<\/h2>\n<p style=\"margin-bottom: 15px;\">VapeXYZ'te yaln\u0131zca \u00fcretici iddialar\u0131na g\u00fcvenmiyoruz. Dahili kalite g\u00fcvence protokol\u00fcm\u00fcz, performans \u00f6l\u00e7\u00fctlerini do\u011frulamak i\u00e7in titiz parti testleri i\u00e7erir. VOZOL Gear Shisha serisi i\u00e7in ampirik testlerimiz, otomatik pn\u00f6matik \u00e7ekme sim\u00fclat\u00f6rlerini kulland\u0131.<\/p>\n<p style=\"margin-bottom: 15px;\">Test parametreleri, kontroll\u00fc bir ortam s\u0131cakl\u0131\u011f\u0131 olan 22\u00b0C (71,6\u00b0F)'de standart 2,5 saniyelik bir aktivasyon i\u00e7eriyordu. Eco Mod ayar alt\u0131nda, test \u00fcniteleri sens\u00f6r bozulmas\u0131 not edilmeden \u00f6nce s\u00fcrekli olarak 23.500 aktivasyon s\u0131n\u0131r\u0131n\u0131 a\u015ft\u0131 ve ideal ko\u015fullar alt\u0131nda \u00fcreticinin maksimum 25.000 puf de\u011ferini etkili bir \u015fekilde do\u011frulad\u0131. Ek olarak, termal g\u00f6r\u00fcnt\u00fcleme, Power Mod'da s\u00fcrekli zincir-aktivasyon testleri s\u0131ras\u0131nda bile d\u0131\u015f \u015fasi s\u0131cakl\u0131\u011f\u0131n\u0131n 35\u00b0C (95\u00b0F)'nin alt\u0131nda kald\u0131\u011f\u0131n\u0131 g\u00f6sterdi ve cihaz\u0131n dahili \u0131s\u0131 da\u011f\u0131l\u0131m mimarisinin etkinli\u011fini do\u011frulad\u0131.<\/p>\n<h2 style=\"color: #1a202c; border-bottom: 2px solid #e2e8f0; padding-bottom: 10px; margin-top: 40px;\">Aromatik Profillerin Kapsaml\u0131 Rehberi<\/h2>\n<p style=\"margin-bottom: 15px;\">\u00dcst\u00fcn bir cihaz, \u00fcst\u00fcn kar\u0131\u015f\u0131mlar gerektirir. VOZOL Gear Shisha, ba\u015flang\u0131\u00e7tan biti\u015fe kadar sorunsuz, premium bir deneyim sunmak \u00fczere tasarlanm\u0131\u015f optimize edilmi\u015f bir form\u00fclasyon ile \u00f6nceden doldurulmu\u015ftur. \u00c7e\u015fitli t\u00fcketici tercihlerine hitap etmek ve y\u00fcksek perakende cirosu sa\u011flamak i\u00e7in bu seri, \u00f6zenle haz\u0131rlanm\u0131\u015f 30 aromatik profilde mevcuttur. Perakendecilerin demografik \u00f6zelliklerine uygun m\u00fckemmel envanteri se\u00e7melerine yard\u0131mc\u0131 olmak i\u00e7in bu se\u00e7enekleri kategorize ettik.<\/p>\n<table style=\"width: 100%; border-collapse: collapse; margin: 25px 0; font-family: sans-serif; box-shadow: 0 4px 15px rgba(0,0,0,0.08); border-radius: 8px; overflow: hidden;\">\n<thead>\n<tr style=\"background-color: #2563eb; color: #ffffff; text-align: left;\">\n<th style=\"padding: 15px 20px; font-weight: 600; text-transform: uppercase; font-size: 0.9em; letter-spacing: 0.5px;\">Kategori<\/th>\n<th style=\"padding: 15px 20px; font-weight: 600; text-transform: uppercase; font-size: 0.9em; letter-spacing: 0.5px;\">Aromatik Profil Se\u00e7imleri<\/th>\n<th style=\"padding: 15px 20px; font-weight: 600; text-transform: uppercase; font-size: 0.9em; letter-spacing: 0.5px;\">Duyusal Notlar<\/th>\n<\/tr>\n<\/thead>\n<tbody style=\"background-color: #ffffff;\">\n<tr style=\"border-bottom: 1px solid #e5e7eb; transition: background-color 0.2s ease;\">\n<td style=\"padding: 15px 20px; color: #4b5563; font-weight: 500;\">Bah\u00e7e &amp; Berry Kar\u0131\u015f\u0131mlar\u0131<\/td>\n<td style=\"padding: 15px 20px; color: #1f2937;\">Berry Ice, Berry Mint, Blackberry Ice, Blackcurrant Ice, Blue Razz Ice, Blueberry Ice, Blueberry Mint, Blueberry Karpuz, Kiraz Ice, \u00dcz\u00fcm Ice, \u00dcz\u00fcm Mint, \u00c7ilek Kivi, Dondurulmu\u015f \u00c7ilek Kivi<\/td>\n<td style=\"padding: 15px 20px; color: #4b5563; font-size: 0.95em;\">Zengin, ek\u015fi ve derinden tatl\u0131 notalar, koyu ve k\u0131rm\u0131z\u0131 meyvelerden al\u0131narak, genellikle serinletici mentoll\u00fc bir esinti ile tamamlan\u0131r.<\/td>\n<\/tr>\n<tr style=\"border-bottom: 1px solid #e5e7eb; background-color: #f9fafb;\">\n<td style=\"padding: 15px 20px; color: #4b5563; font-weight: 500;\">Tropikal ve Egzotik F\u00fczyonlar<\/td>\n<td style=\"padding: 15px 20px; color: #1f2937;\">Ejder Meyvesi Muz Kiraz, Mango Dondurma, Mango \u015eeftali, \u00c7ark\u0131felek Meyvesi Lychee Portakal, \u015eeftali Dondurma, Tatl\u0131 \u00c7ark\u0131felek Meyvesi, Karpuz Dondurma, Karpuz Nane<\/td>\n<td style=\"padding: 15px 20px; color: #4b5563; font-size: 0.95em;\">Karma\u015f\u0131k, katmanl\u0131 botanik \u00f6zler, g\u00fcne\u015fle olgunla\u015fm\u0131\u015f tropikal unsurlar\u0131 taklit ederek canl\u0131 ve canland\u0131r\u0131c\u0131 bir \u00e7ekim i\u00e7in tasarlanm\u0131\u015ft\u0131r.<\/td>\n<\/tr>\n<tr style=\"border-bottom: 1px solid #e5e7eb;\">\n<td style=\"padding: 15px 20px; color: #4b5563; font-weight: 500;\">Narenciye ve \u0130\u00e7ecek \u0130lhamlar\u0131<\/td>\n<td style=\"padding: 15px 20px; color: #1f2937;\">Mavi Mojito, Kiraz Kola, Limon Nane, Parf\u00fcm Limon, \u00c7ilekli Margarita<\/td>\n<td style=\"padding: 15px 20px; color: #4b5563; font-size: 0.95em;\">Canland\u0131r\u0131c\u0131, k\u00f6p\u00fckl\u00fc ve taze profiller, pop\u00fcler i\u00e7ecekleri keskin bir do\u011frulukla taklit edecek \u015fekilde tasarland\u0131.<\/td>\n<\/tr>\n<tr>\n<td style=\"padding: 15px 20px; color: #4b5563; font-weight: 500;\">\u0130mza &amp; Klasik Koleksiyonlar<\/td>\n<td style=\"padding: 15px 20px; color: #1f2937;\">Love 777, Maiden Killer, Moscow Evenings, \u0130ki Elma<\/td>\n<td style=\"padding: 15px 20px; color: #4b5563; font-size: 0.95em;\">E\u015fsiz, tescilli kar\u0131\u015f\u0131mlar ve geleneksel profiller (ikonik \u00e7ift elma gibi) g\u00fc\u00e7l\u00fc, dolgun g\u00f6vdeli aromatik bir varl\u0131k sunar.<\/td>\n<\/tr>\n<\/tbody>\n<\/table>\n<h2 style=\"color: #1a202c; border-bottom: 2px solid #e2e8f0; padding-bottom: 10px; margin-top: 40px;\">Yetki ve G\u00fcven: VapeXYZ Toptanc\u0131 Avantaj\u0131<\/h2>\n<p style=\"margin-bottom: 15px;\">At\u0131labilir vape'lerin k\u00fcresel pazar\u0131nda gezinmek, uyumlulu\u011fu, \u00f6zg\u00fcnl\u00fc\u011f\u00fc ve lojistik verimlili\u011fi \u00f6nceliklendiren bir ortak gerektirir. VapeXYZ, B2B sekt\u00f6r\u00fcnde g\u00fcvenilirli\u011fin bir dire\u011fi olarak durmaktad\u0131r. Sekiz y\u0131ll\u0131k ge\u00e7mi\u015fimiz, \u00fcst d\u00fczey \u00fcreticilerle do\u011frudan ili\u015fkiler kurmam\u0131z\u0131 sa\u011flad\u0131. VOZOL Gear Shisha'y\u0131 platformumuzdan kaynaklad\u0131\u011f\u0131n\u0131zda, kat\u0131 uluslararas\u0131 \u00fcretim standartlar\u0131na (CE ve RoHS sertifikalar\u0131 dahil) uyan 0 orijinal \u00fcniteler garanti edilir.<\/p>\n<p style=\"margin-bottom: 15px;\">Modern perakendenin nakit ak\u0131\u015f\u0131 gereksinimlerini anl\u0131yoruz. Sadece 10 par\u00e7a olan d\u00fc\u015f\u00fck Minimum Sipari\u015f Miktar\u0131'n\u0131 (MOQ) koruyarak, t\u00fcm boyutlardaki i\u015fletmelerin yeni profilleri test etmesini, tekliflerini \u00e7e\u015fitlendirmesini ve b\u00fcy\u00fck sermaye kilitlenmesi y\u00fck\u00fc olmadan kendi h\u0131zlar\u0131nda \u00f6l\u00e7eklenmesini sa\u011fl\u0131yoruz. H\u0131zland\u0131r\u0131lm\u0131\u015f nakliye protokolleri ve \u00f6zel toptan sat\u0131\u015f destek ekibimizle birlikte, VapeXYZ tedarik zincirinizin kesintisiz ve olduk\u00e7a karl\u0131 kalmas\u0131n\u0131 sa\u011flar.<\/p>\n<h2 style=\"color: #1a202c; border-bottom: 2px solid #e2e8f0; padding-bottom: 10px; margin-top: 40px;\">Teknik Sorular (SSS)<\/h2>\n<div style=\"background-color: #fafafa; padding: 25px; border-radius: 8px; border: 1px solid #e5e7eb;\">\n<div style=\"margin-bottom: 20px; padding-bottom: 20px; border-bottom: 1px solid #cbd5e1;\">\n<h3 style=\"color: #1e293b; margin-top: 0; margin-bottom: 8px; font-size: 1.1em;\">Eko Mod ile G\u00fc\u00e7 Mod aras\u0131ndaki temel fark nedir?<\/h3>\n<p style=\"margin: 0; color: #475569;\">Eko Modu, daha d\u00fc\u015f\u00fck ve s\u00fcrekli bir g\u00fc\u00e7 t\u00fcketimi sa\u011flamak i\u00e7in dahili MCU'yu kalibre eder. Bu, dahili rezervuar ve pilin t\u00fcketim oran\u0131n\u0131 en aza indirerek cihaz\u0131n maksimum 25.000 puf de\u011ferine ula\u015fmas\u0131n\u0131 sa\u011flar. G\u00fc\u00e7 Modu, daha yo\u011fun buhar \u00fcretimi ve daha belirgin aromatik teslimat i\u00e7in g\u00fc\u00e7 t\u00fcketimini art\u0131r\u0131r, bu da cihaz\u0131n toplam \u00f6mr\u00fcn\u00fc azalt\u0131r.<\/p>\n<\/div>\n<div style=\"margin-bottom: 20px; padding-bottom: 20px; border-bottom: 1px solid #cbd5e1;\">\n<h3 style=\"color: #1e293b; margin-top: 0; margin-bottom: 8px; font-size: 1.1em;\">Telemetri ekran\u0131 i\u015flevi nas\u0131l \u00e7al\u0131\u015f\u0131r?<\/h3>\n<p style=\"margin: 0; color: #475569;\">Entegre LED ekran\u0131, dahili diren\u00e7 sens\u00f6rleri ve bir pil y\u00f6netim sistemi ile ba\u011flant\u0131l\u0131d\u0131r. Pil \u00f6mr\u00fcn\u00fcn tam y\u00fczdeini hesaplar ve g\u00f6sterir, ikincil bir g\u00f6sterge ise tescilli form\u00fclasyonun kalan hacmini tahmin eder, kuru vuru\u015flar\u0131 \u00f6nler ve kullan\u0131c\u0131lar\u0131n \u015farjlar\u0131n\u0131 ve de\u011fi\u015ftirmelerini planlamalar\u0131na olanak tan\u0131r.<\/p>\n<\/div>\n<div style=\"margin-bottom: 20px; padding-bottom: 20px; border-bottom: 1px solid #cbd5e1;\">\n<h3 style=\"color: #1e293b; margin-top: 0; margin-bottom: 8px; font-size: 1.1em;\">1000mAh batarya hangi \u015farj protokol\u00fcn\u00fc kullan\u0131r?<\/h3>\n<p style=\"margin: 0; color: #475569;\">Cihaz, standart 5V\/1A \u015farj\u0131 destekleyen modern bir USB Type-C portu ile donat\u0131lm\u0131\u015ft\u0131r. Ak\u0131ll\u0131 devre kart\u0131 a\u015f\u0131r\u0131 \u015farj\u0131 \u00f6nler, h\u00fccrenin 0 kapasiteye ula\u015ft\u0131\u011f\u0131nda ak\u0131m \u00e7ekimini otomatik olarak sonland\u0131rarak lityum-iyon \u00e7ekirde\u011finin b\u00fct\u00fcnl\u00fc\u011f\u00fcn\u00fc korur.<\/p>\n<\/div>\n<div style=\"margin-bottom: 20px; padding-bottom: 20px; border-bottom: 1px solid #cbd5e1;\">\n<h3 style=\"color: #1e293b; margin-top: 0; margin-bottom: 8px; font-size: 1.1em;\">Bu cihaz t\u00fcm perakende pazarlar\u0131 i\u00e7in uygun mudur?<\/h3>\n<p style=\"margin: 0; color: #475569;\">Evet, premium bir tek kullan\u0131ml\u0131k vape olarak, k\u00fcresel olarak olduk\u00e7a talep g\u00f6r\u00fcyor. Ancak, toptan al\u0131c\u0131lar\u0131n rezervuar kapasiteleri ve ithalat k\u0131s\u0131tlamalar\u0131 ile ilgili olarak kendi \u00f6zel b\u00f6lgesel uyum d\u00fczenlemelerine uymak zorunda olduklar\u0131n\u0131 garanti etmeleri gerekir. VapeXYZ, tamamen kimlik do\u011frulamas\u0131 yap\u0131lm\u0131\u015f \u00fcr\u00fcnler sa\u011flar, ancak yerel d\u00fczenleyici uyum, ithalat\u00e7\u0131 perakendecinin sorumlulu\u011funda kal\u0131r.<\/p>\n<\/div>\n<div style=\"margin-bottom: 0;\">\n<h3 style=\"color: #1e293b; margin-top: 0; margin-bottom: 8px; font-size: 1.1em;\">Neden VapeXYZ'den vape \u00fcr\u00fcnlerimi temin etmeliyim?<\/h3>\n<p style=\"margin: 0; color: #475569;\">VapeXYZ, end\u00fcstri uzmanl\u0131\u011f\u0131n\u0131n, do\u011frudan \u00fcretici kaynaklar\u0131n\u0131n ve olduk\u00e7a esnek sat\u0131n alma se\u00e7eneklerinin e\u015fsiz bir kombinasyonunu sunar. Sadece 10 par\u00e7a olan minimum sipari\u015f miktar\u0131yla, kat\u0131 kalite kontrol\u00fc ve pazar\u0131n en geli\u015fmi\u015f cihazlar\u0131n\u0131n geni\u015f bir katalo\u011fuyla, perakende operasyonlar\u0131n\u0131z\u0131 verimli bir \u015fekilde desteklemek ve \u00f6l\u00e7eklendirmek i\u00e7in tasarlanm\u0131\u015ft\u0131r.<\/p>\n<\/div>\n<\/div>\n<\/article>","protected":false},"excerpt":{"rendered":"<p>VOZOL Gear Shisha 25000 Puffs: Ak\u0131ll\u0131 ekran\u0131 ve 30'dan fazla tat ile birlikte uzun s\u00fcreli tat ve b\u00fcy\u00fck bulutlar keyfi sunan \u015farj edilebilir tek kullan\u0131ml\u0131k vape cihaz\u0131.<\/p>","protected":false},"featured_media":44871,"comment_status":"open","ping_status":"closed","template":"","meta":{"_lmt_disableupdate":"no","_lmt_disable":""},"product_brand":[],"product_cat":[1046,993,947,935,934,927,929,928,930,933,939,932,938,931,936,937,1017,949,946,950,951,953,954,987],"product_tag":[],"class_list":{"0":"post-44822","1":"product","2":"type-product","3":"status-publish","4":"has-post-thumbnail","6":"product_cat-vozol-disposable-vapes","7":"product_cat-25000-puff-vapes","8":"product_cat-big-puffs-vapes","9":"product_cat-bulk-buy-disposable-vapes-in-austria","10":"product_cat-bulk-buy-disposable-vapes-in-belgium","11":"product_cat-bulk-buy-disposable-vapes-in-europe","12":"product_cat-bulk-buy-disposable-vapes-in-france","13":"product_cat-bulk-buy-disposable-vapes-in-germany","14":"product_cat-bulk-buy-disposable-vapes-in-italy","15":"product_cat-bulk-buy-disposable-vapes-in-netherlands","16":"product_cat-bulk-buy-disposable-vapes-in-norway","17":"product_cat-bulk-buy-disposable-vapes-in-poland","18":"product_cat-bulk-buy-disposable-vapes-in-portugal","19":"product_cat-bulk-buy-disposable-vapes-in-spain","20":"product_cat-bulk-buy-disposable-vapes-in-sweden","21":"product_cat-bulk-buy-disposable-vapes-in-switzerland","22":"product_cat-buy-best-disposable-vape-flavors","23":"product_cat-digital-box-vapes","24":"product_cat-disposable-vapes-series","25":"product_cat-dual-mesh-vapes","26":"product_cat-lower-nicotine-vapes","27":"product_cat-rechargeable-vapes","28":"product_cat-shisha-hookah-vapes","29":"product_cat-vape-shop-by-puffs","31":"first","32":"outofstock","33":"shipping-taxable","34":"purchasable","35":"product-type-variable","36":"has-default-attributes"},"jetpack_sharing_enabled":true,"tiered_pricing_type":"fixed","tiered_pricing_fixed_rules":[],"tiered_pricing_product_settings":{"layout":"default","base_unit_name":{"singular":null,"plural":null},"default_variation":null},"tiered_pricing_minimum_quantity":null,"tiered_pricing_roles_data":[],"tiered_pricing_percentage_rules":[],"tiered_pricing_maximum_quantity":null,"tiered_pricing_quantity_step":null,"_links":{"self":[{"href":"https:\/\/vapexyz.com\/tr\/wp-json\/wp\/v2\/product\/44822","targetHints":{"allow":["GET"]}}],"collection":[{"href":"https:\/\/vapexyz.com\/tr\/wp-json\/wp\/v2\/product"}],"about":[{"href":"https:\/\/vapexyz.com\/tr\/wp-json\/wp\/v2\/types\/product"}],"replies":[{"embeddable":true,"href":"https:\/\/vapexyz.com\/tr\/wp-json\/wp\/v2\/comments?post=44822"}],"wp:featuredmedia":[{"embeddable":true,"href":"https:\/\/vapexyz.com\/tr\/wp-json\/wp\/v2\/media\/44871"}],"wp:attachment":[{"href":"https:\/\/vapexyz.com\/tr\/wp-json\/wp\/v2\/media?parent=44822"}],"wp:term":[{"taxonomy":"product_brand","embeddable":true,"href":"https:\/\/vapexyz.com\/tr\/wp-json\/wp\/v2\/product_brand?post=44822"},{"taxonomy":"product_cat","embeddable":true,"href":"https:\/\/vapexyz.com\/tr\/wp-json\/wp\/v2\/product_cat?post=44822"},{"taxonomy":"product_tag","embeddable":true,"href":"https:\/\/vapexyz.com\/tr\/wp-json\/wp\/v2\/product_tag?post=44822"}],"curies":[{"name":"wp","href":"https:\/\/api.w.org\/{rel}","templated":true}]}}