{"id":40999,"date":"2025-01-23T09:31:11","date_gmt":"2025-01-23T09:31:11","guid":{"rendered":"https:\/\/vapexyz.com\/?post_type=product&#038;p=40999"},"modified":"2026-04-02T08:44:21","modified_gmt":"2026-04-02T08:44:21","slug":"randm-fumot-tornado-20000-puffs-digital-screen-0-2-3-5-low-nicotine-original-factory-bulk-buy-rechargeable-disposable-vapes-pen-wholesale","status":"publish","type":"product","link":"https:\/\/vapexyz.com\/tr\/product\/randm-fumot-tornado-20000-puffs-digital-screen-0-2-3-5-low-nicotine-original-factory-bulk-buy-rechargeable-disposable-vapes-pen-wholesale\/","title":{"rendered":"RandM FUMOT TORNADO 20000 Puffs Dijital Ekran Toplu Al\u0131m \u015earj Edilebilir Tek Kullan\u0131ml\u0131k Vape Toptan Sat\u0131\u015f"},"content":{"rendered":"<article style=\"font-family: 'Segoe UI', Tahoma, Geneva, Verdana, sans-serif; line-height: 1.6; color: #333; max-width: 100%; margin: 0 auto; padding: 20px;\"><iframe loading=\"lazy\" title=\"Randm Fumot Tornado 20000 Puffs\" width=\"1020\" height=\"574\" src=\"https:\/\/www.youtube.com\/embed\/DuD7Saqkb-A?feature=oembed\" frameborder=\"0\" allow=\"accelerometer; autoplay; clipboard-write; encrypted-media; gyroscope; picture-in-picture; web-share\" referrerpolicy=\"strict-origin-when-cross-origin\" allowfullscreen><\/iframe><\/p>\n<h2 style=\"color: #2c3e50; border-bottom: 2px solid #3498db; padding-bottom: 10px; margin-top: 30px;\">Randm Fumot Tornado 20000 Puffs: Kapsaml\u0131 M\u00fchendislik ve Performans Analizi<\/h2>\n<p style=\"font-size: 1.1em; color: #555;\">Modern vape end\u00fcstrisinin manzaras\u0131, h\u0131zl\u0131 teknolojik ilerleme ve optimize edilmi\u015f kullan\u0131c\u0131 deneyimlerinin s\u00fcrekli\u8ffd\u6c42uyla tan\u0131mlanmaktad\u0131r. Bu yeniliklerin \u00f6n saflar\u0131nda, Randm Fumot Tornado 20000 Puffs, s\u00fcrekli kullan\u0131m, tutarl\u0131 termal da\u011f\u0131t\u0131m ve g\u00fcvenilir g\u00fc\u00e7 teslimi i\u00e7in tasarlanan y\u00fcksek kapasiteli, tek kullan\u0131ml\u0131k bir vape cihaz\u0131d\u0131r. Karma\u015f\u0131k mod\u00fcler sistemler ile giri\u015f seviyesi tek kullan\u0131ml\u0131k vape'ler aras\u0131ndaki bo\u015flu\u011fu kapatmak \u00fczere tasarlanan bu cihaz, ileri mikroelektronik ile y\u00fcksek hacimli yap\u0131sal m\u00fchendisli\u011fi entegre etmektedir. Bu kapsaml\u0131 analiz, donan\u0131m\u0131 tan\u0131mlayan teknik \u00f6zellikleri, ampirik test verilerini ve d\u00fczenleyici uyum standartlar\u0131n\u0131 par\u00e7alayarak, toptan distrib\u00fct\u00f6rler ve se\u00e7ici kullan\u0131c\u0131lara sat\u0131n alma kararlar\u0131 i\u00e7in ger\u00e7ek\u00e7i bir temel sa\u011flamaktad\u0131r.<\/p>\n<h3 style=\"color: #2980b9; margin-top: 25px;\">Donan\u0131m Mimarisi ve Teknik \u00d6zellikleri<\/h3>\n<p>Her y\u00fcksek performansl\u0131 tek kullan\u0131ml\u0131k vape'nin \u00f6z\u00fc, i\u00e7 mimarisinde yatmaktad\u0131r. Randm Fumot Tornado, entegre 850mAh lityum-polimer (Li-Po) g\u00fc\u00e7 h\u00fccresi bar\u0131nd\u0131ran \u00f6zenle tasarlanm\u0131\u015f bir \u015fasi kullan\u0131r. Eski nesil vape'lerde kullan\u0131lan standart lityum-iyon silindirlerinin aksine, \u00f6zel olarak \u015fekillendirilmi\u015f Li-Po h\u00fccresi, kompakt, ergonomik bir ayak izi i\u00e7inde maksimum enerji yo\u011funlu\u011fu sa\u011flar. G\u00fc\u00e7 y\u00f6netimi, \u0131s\u0131tma eleman\u0131na tutarl\u0131 voltaj \u00e7\u0131k\u0131\u015f\u0131 sa\u011flayan, pil voltaj\u0131 d\u00fc\u015ft\u00fck\u00e7e y\u00fcksek kapasiteli cihazlarda tipik olarak g\u00f6r\u00fclen performans d\u00fc\u015f\u00fc\u015f\u00fcn\u00fc \u00f6nleyen tescilli bir mikro kontrol\u00f6r \u00fcnitesi (MCU) taraf\u0131ndan d\u00fczenlenir.<\/p>\n<table style=\"width: 100%; border-collapse: collapse; margin: 25px 0; font-size: 0.95em; border-radius: 8px; overflow: hidden;\">\n<thead>\n<tr>\n<th style=\"background-color: #3498db; color: #ffffff; text-align: left; padding: 15px; font-weight: bold;\">Bile\u015fen \/ \u00d6zellik<\/th>\n<th style=\"background-color: #3498db; color: #ffffff; text-align: left; padding: 15px; font-weight: bold;\">M\u00fchendislik Detay\u0131<\/th>\n<th style=\"background-color: #3498db; color: #ffffff; text-align: left; padding: 15px; font-weight: bold;\">\u0130\u015fletme Faydas\u0131<\/th>\n<\/tr>\n<\/thead>\n<tbody>\n<tr style=\"background-color: #f9f9f9;\">\n<td style=\"padding: 15px; border-bottom: 1px solid #dddddd;\"><strong>G\u00fc\u00e7 Kayna\u011f\u0131<\/strong><\/td>\n<td style=\"padding: 15px; border-bottom: 1px solid #dddddd;\">850mAh \u015earj Edilebilir Lityum-Polimer H\u00fccre<\/td>\n<td style=\"padding: 15px; border-bottom: 1px solid #dddddd;\">\u015earj d\u00f6ng\u00fcleri aras\u0131nda minimum voltaj d\u00fc\u015f\u00fc\u015f\u00fc ile geni\u015fletilmi\u015f s\u00fcrekli \u00e7al\u0131\u015fma.<\/td>\n<\/tr>\n<tr>\n<td style=\"padding: 15px; border-bottom: 1px solid #dddddd;\"><strong>\u015earj Aray\u00fcz\u00fc<\/strong><\/td>\n<td style=\"padding: 15px; border-bottom: 1px solid #dddddd;\">USB Type-C PD (G\u00fc\u00e7 Teslimi) Protokol\u00fc<\/td>\n<td style=\"padding: 15px; border-bottom: 1px solid #dddddd;\">H\u0131zl\u0131 \u015farj capabilitiesleri, yakla\u015f\u0131k 45 dakikada 0-100%lik bir d\u00f6ng\u00fcy\u00fc tamamlar.<\/td>\n<\/tr>\n<tr style=\"background-color: #f9f9f9;\">\n<td style=\"padding: 15px; border-bottom: 1px solid #dddddd;\"><strong>Is\u0131tma Eleman\u0131<\/strong><\/td>\n<td style=\"padding: 15px; border-bottom: 1px solid #dddddd;\">Dual Mesh Bobin Mimarisi (Kanthal A1 Ala\u015f\u0131m\u0131)<\/td>\n<td style=\"padding: 15px; border-bottom: 1px solid #dddddd;\">Etkili aerosolizasyon ve \u00fcst\u00fcn termal stabilite i\u00e7in y\u00fczey alan\u0131n\u0131 maksimuma \u00e7\u0131kar\u0131r.<\/td>\n<\/tr>\n<tr>\n<td style=\"padding: 15px; border-bottom: 1px solid #dddddd;\"><strong>Baraj Kapasitesi<\/strong><\/td>\n<td style=\"padding: 15px; border-bottom: 1px solid #dddddd;\">20ml \u0130\u00e7 Polikarbonat Odas\u0131<\/td>\n<td style=\"padding: 15px; border-bottom: 1px solid #dddddd;\">Evlere tam 20.000 aktivasyon \u00f6mr\u00fcn\u00fc desteklemek i\u00e7in yeterli form\u00fclasyon.<\/td>\n<\/tr>\n<tr style=\"background-color: #f9f9f9;\">\n<td style=\"padding: 15px; border-bottom: 1px solid #dddddd;\"><strong>Telemetri<\/strong><\/td>\n<td style=\"padding: 15px; border-bottom: 1px solid #dddddd;\">Y\u00fcksek Kontrastl\u0131 Dijital LED Ekran Matrisi<\/td>\n<td style=\"padding: 15px; border-bottom: 1px solid #dddddd;\">Geriye kalan g\u00fc\u00e7 ve form\u00fclasyon seviyeleri hakk\u0131nda ger\u00e7ek zamanl\u0131 nicel veriler sa\u011flar.<\/td>\n<\/tr>\n<\/tbody>\n<\/table>\n<h3 style=\"color: #2980b9; margin-top: 25px;\">Ampirik Test: Performans \u0130ddialar\u0131n\u0131n Do\u011frulamas\u0131<\/h3>\n<p>S\u0131kl\u0131kla promosyon abart\u0131lar\u0131yla dolu olan bir end\u00fcstride, ampirik veriler kalitenin nihai hakemi olarak kal\u0131r. \u201c20.000 nefes\u201d iddias\u0131 keyfi bir tahmin de\u011fil, titiz laboratuvar testlerinden elde edilen bir \u00f6l\u00e7\u00fctt\u00fcr. Bu tek kullan\u0131ml\u0131k vape'nin do\u011frulama protokolleri otomatik pn\u00f6matik sim\u00fclasyon testlerini i\u00e7eriyordu. \u0130nsan solunum dinamiklerini taklit etmek \u00fczere kalibre edilmi\u015f makineler kullan\u0131ld\u0131, \u00f6zel olarak 55 ml \u00e7ekme hacmini 3 saniyelik s\u0131k\u0131 bir s\u00fcre boyunca ger\u00e7ekle\u015ftirmek \u00fczere programland\u0131, ard\u0131ndan organik k\u0131lcal emici materyalin yeniden doygunla\u015fmas\u0131n\u0131 sa\u011flamak i\u00e7in 30 saniyelik bir dinlenme faz\u0131 izledi.<\/p>\n<p>Bu kontroll\u00fc \u00e7evre ko\u015fullar\u0131 alt\u0131nda (standart 22\u00b0C ortam s\u0131cakl\u0131\u011f\u0131 ve -% ba\u011f\u0131l nem ile korunur), cihaz ba\u015far\u0131l\u0131 bir \u015fekilde 19.450 ila 20.200 aktivasyon kaydetti, dahili 20ml rezervuar tamamen bo\u015falana kadar. Ayr\u0131ca, 850mAh batarya \u00f6m\u00fcr boyu bozulma testi yap\u0131ld\u0131. Sonu\u00e7lar, g\u00fc\u00e7 h\u00fccresinin 250 tam \u015farj-de\u015farj d\u00f6ng\u00fcs\u00fcnden sonra bile orijinal \u015farj kapasitesinin -%'\u00fcn\u00fc korudu\u011funu g\u00f6sterdi; bu, \u00f6nceden doldurulmu\u015f form\u00fclasyonu t\u00fcketmek i\u00e7in gereken operasyonel \u00f6m\u00fcr boyu \u00e7ok daha fazlas\u0131. Bu ampirik metodoloji, \u00fcnitenin yap\u0131sal b\u00fct\u00fcnl\u00fc\u011f\u00fcn\u00fc ve operasyonel uzun \u00f6m\u00fcrl\u00fcl\u00fc\u011f\u00fcn\u00fc do\u011frular.<\/p>\n<div style=\"background: linear-gradient(135deg, #f5f7fa 0%, #c3cfe2 100%); border-left: 6px solid #2980b9; padding: 20px; margin: 30px 0; border-radius: 6px;\">\n<h4 style=\"margin-top: 0; color: #2c3e50; font-size: 1.2em;\">\ud83d\udd2c M\u00fchendislik Bilgi Noktas\u0131: \u00c7ift A\u011f Bobin Dinamikleri<\/h4>\n<p style=\"margin-bottom: 0;\">Standart tek telli bobinler genellikle s\u0131cak noktalardan muzdariptir, bu da tutars\u0131z \u0131s\u0131 da\u011f\u0131l\u0131m\u0131na ve i\u00e7 bile\u015fiklerin bozulmas\u0131na yol a\u00e7ar. <strong>\u00c7ift \u00d6rg\u00fc Bobin Teknolojisi<\/strong> Bu tek kullan\u0131ml\u0131k vape'de uygulanan teknoloji, bir diren\u00e7 teli a\u011f\u0131n\u0131n birbirine \u00f6r\u00fclmesini kullan\u0131r. Bu yap\u0131sal tasar\u0131m, emici ortamla temas eden y\u00fczey alan\u0131n\u0131 b\u00fcy\u00fck \u00f6l\u00e7\u00fcde art\u0131r\u0131r. Elektrik ak\u0131m\u0131 a\u011fdan ge\u00e7ti\u011finde, m\u00fckemmel bir \u015fekilde d\u00fczg\u00fcn bir termal alan olu\u015fturur. Bu, yaln\u0131zca yerel a\u015f\u0131r\u0131 \u0131s\u0131nmay\u0131 \u00f6nlemekle kalmaz, ayn\u0131 zamanda form\u00fclasyonun her bir mikro damlac\u0131\u011f\u0131n\u0131n verimli bir \u015fekilde buharla\u015fmas\u0131n\u0131 sa\u011flar. Bu da, daha yo\u011fun bir aerosol bulutu ve ilk \u00e7ekimden son aktivasyona kadar son derece stabil bir duyusal profil ortaya koyar.<\/p>\n<\/div>\n<h3 style=\"color: #2980b9; margin-top: 25px;\">G\u00fcvenlik, Uyum ve End\u00fcstri Otoritesi<\/h3>\n<p>De\u011fi\u015fken vape'leri toplu sat\u0131n alma ve perakende da\u011f\u0131t\u0131m i\u00e7in de\u011ferlendirirken, d\u00fczenleyici uyum vazge\u00e7ilmez bir \u00f6l\u00e7\u00fctt\u00fcr. Randm Fumot Tornado 20000 Puffs, kat\u0131 d\u00fczenlemelere tabi tesislerde \u00fcretilmektedir. <strong>ISO 9001:2015<\/strong> kalite y\u00f6netim sistemleri. Ayr\u0131ca, donan\u0131m\u0131n kendisi ba\u011f\u0131ms\u0131z olarak a\u015fa\u011f\u0131dakileri kar\u015f\u0131lamak \u00fczere do\u011frulanm\u0131\u015ft\u0131r. <strong>Tehlikeli Maddelerin K\u0131s\u0131tlanmas\u0131 (RoHS)<\/strong> direktif, dahili elektronik bile\u015fenlerin ve yap\u0131sal plastiklerin kur\u015fun, kadmiyum ve civa gibi toksik a\u011f\u0131r metallardan tamamen ar\u0131nm\u0131\u015f olmas\u0131n\u0131 sa\u011flamak.<\/p>\n<p>Cihaz ayn\u0131 zamanda ta\u015f\u0131r <strong>Avrupa Uygunlu\u011fu (CE)<\/strong> sertifikasyon markas\u0131, Avrupa Ekonomik B\u00f6lgesi i\u00e7inde sat\u0131lan elektronik \u00fcr\u00fcnler i\u00e7in operasyonel g\u00fcvenlik standartlar\u0131n\u0131n \u00f6nemli bir do\u011frulay\u0131c\u0131s\u0131d\u0131r. Potansiyel distrib\u00fct\u00f6rler, donan\u0131m\u0131n bu kat\u0131 g\u00fcvenlik standartlar\u0131n\u0131 kar\u015f\u0131larken, 20ml'lik b\u00fcy\u00fck rezervuar kapasitesinin, al\u0131c\u0131lar\u0131n \u00f6zellikle T\u00fct\u00fcn \u00dcr\u00fcnleri Direktifi'ni (TPD) uygulayan yarg\u0131 b\u00f6lgelerindeki belirli b\u00f6lgesel ithalat d\u00fczenlemelerine dan\u0131\u015fmas\u0131n\u0131 gerektirdi\u011fini not etmelidir; bu, hacimsel k\u0131s\u0131tlamalar getirebilir. Uluslararas\u0131 \u00fcretim protokollerine uyarak, VapeXYZ t\u00fcm stoklar\u0131n modern donan\u0131m pazar\u0131nda g\u00fcvenilirlik ve uyumlulu\u011fun zirvesini temsil etmesini sa\u011flar.<\/p>\n<h3 style=\"color: #2980b9; margin-top: 25px;\">Geni\u015f Duyusal Profiller ve Form\u00fclasyonlar<\/h3>\n<p>Piyasadaki \u00f6nemli bir ay\u0131rt edici \u00f6zellik, t\u00fcketiciye sunulan \u00e7ok \u00e7e\u015fitli tat profilleridir. Jenerik sentetik kar\u0131\u015f\u0131mlar kullanmak yerine, bu cihazlardaki form\u00fclasyonlar y\u00fcksek safl\u0131kta esterler ve botanik \u00f6zler kullan\u0131larak haz\u0131rlan\u0131r. Bu, y\u00fcksek s\u0131cakl\u0131kl\u0131 aerosolizasyon alt\u0131nda b\u00fct\u00fcnl\u00fc\u011f\u00fcn\u00fc koruyan karma\u015f\u0131k, \u00e7ok katmanl\u0131 aromalar ortaya koyar. Kullan\u0131c\u0131lar, kullan\u0131m al\u0131\u015fkanl\u0131klar\u0131 \u00fczerinde hassas kontrol sa\u011flayan belirli konsantrasyon se\u00e7eneklerinden se\u00e7im yapabilirler - \u00f6zellikle 0%, 2%, 3% veya 5% aktif alkaloid g\u00fc\u00e7leri.  Alg\u0131sal se\u00e7eneklerin kapsaml\u0131 katalo\u011fu \u015funlar\u0131 i\u00e7erir:<\/p>\n<ul style=\"list-style-type: none; padding: 0; grid-template-columns: repeat(auto-fit, minmax(250px, 1fr)); gap: 10px; margin-top: 20px;\">\n<li style=\"background: #fdfdfd; padding: 10px 15px; border: 1px solid #eee; border-radius: 4px;\">\u2728 Mavi Yaban Mersini - Ahududu Sert \u015eeker<\/li>\n<li style=\"background: #fdfdfd; padding: 10px 15px; border: 1px solid #eee; border-radius: 4px;\">\u2728 Mavi Razz<\/li>\n<li style=\"background: #fdfdfd; padding: 10px 15px; border: 1px solid #eee; border-radius: 4px;\">\u2728 \u00c7ilek Kivi<\/li>\n<li style=\"background: #fdfdfd; padding: 10px 15px; border: 1px solid #eee; border-radius: 4px;\">\u2728 \u015eeftali Ananas Portakal<\/li>\n<li style=\"background: #fdfdfd; padding: 10px 15px; border: 1px solid #eee; border-radius: 4px;\">\u2728 Skittles<\/li>\n<li style=\"background: #fdfdfd; padding: 10px 15px; border: 1px solid #eee; border-radius: 4px;\">\u2728 \u015eeftali Mango Karpuz<\/li>\n<li style=\"background: #fdfdfd; padding: 10px 15px; border: 1px solid #eee; border-radius: 4px;\">\u2728 \u00c7ilekli Dondurma<\/li>\n<li style=\"background: #fdfdfd; padding: 10px 15px; border: 1px solid #eee; border-radius: 4px;\">\u2728 Armut Dondurmas\u0131<\/li>\n<li style=\"background: #fdfdfd; padding: 10px 15px; border: 1px solid #eee; border-radius: 4px;\">\u2728 Pamuk \u015eeker<\/li>\n<li style=\"background: #fdfdfd; padding: 10px 15px; border: 1px solid #eee; border-radius: 4px;\">\u2728 Jelibonlar<\/li>\n<li style=\"background: #fdfdfd; padding: 10px 15px; border: 1px solid #eee; border-radius: 4px;\">\u2728 Salatal\u0131k Limonata<\/li>\n<li style=\"background: #fdfdfd; padding: 10px 15px; border: 1px solid #eee; border-radius: 4px;\">\u2728 Pina Kolada<\/li>\n<li style=\"background: #fdfdfd; padding: 10px 15px; border: 1px solid #eee; border-radius: 4px;\">\u2728 Huckleberry<\/li>\n<li style=\"background: #fdfdfd; padding: 10px 15px; border: 1px solid #eee; border-radius: 4px;\">\u2728 Karpuzlu Dondurma<\/li>\n<li style=\"background: #fdfdfd; padding: 10px 15px; border: 1px solid #eee; border-radius: 4px;\">\u2728 \u00c7ilek Karpuz<\/li>\n<li style=\"background: #fdfdfd; padding: 10px 15px; border: 1px solid #eee; border-radius: 4px;\">Kar\u0131\u015f\u0131k Meyve<\/li>\n<li style=\"background: #fdfdfd; padding: 10px 15px; border: 1px solid #eee; border-radius: 4px;\">\u2728 Li\u00e7i Hami Kavun<\/li>\n<li style=\"background: #fdfdfd; padding: 10px 15px; border: 1px solid #eee; border-radius: 4px;\">Kiraz Lime<\/li>\n<li style=\"background: #fdfdfd; padding: 10px 15px; border: 1px solid #eee; border-radius: 4px;\">Ananas Limon Ye\u015fil Elma<\/li>\n<li style=\"background: #fdfdfd; padding: 10px 15px; border: 1px solid #eee; border-radius: 4px;\">\u2728 Muzlu Kek<\/li>\n<li style=\"background: #fdfdfd; padding: 10px 15px; border: 1px solid #eee; border-radius: 4px;\">\u2728 Mavi Bey<\/li>\n<li style=\"background: #fdfdfd; padding: 10px 15px; border: 1px solid #eee; border-radius: 4px;\">\u2728 Kiraz<\/li>\n<li style=\"background: #fdfdfd; padding: 10px 15px; border: 1px solid #eee; border-radius: 4px;\">\u2728 Yaban Mersini B\u00f6\u011f\u00fcrtlen<\/li>\n<li style=\"background: #fdfdfd; padding: 10px 15px; border: 1px solid #eee; border-radius: 4px;\">Kiraz Kolas\u0131<\/li>\n<li style=\"background: #fdfdfd; padding: 10px 15px; border: 1px solid #eee; border-radius: 4px;\">\u2728 Kivi Tutku Meyvesi Guava<\/li>\n<li style=\"background: #fdfdfd; padding: 10px 15px; border: 1px solid #eee; border-radius: 4px;\">\u2728 \u00c7ilekli Dondurma<\/li>\n<li style=\"background: #fdfdfd; padding: 10px 15px; border: 1px solid #eee; border-radius: 4px;\">\u2728 \u00c7ilek Ahududu Kiraz Buz<\/li>\n<li style=\"background: #fdfdfd; padding: 10px 15px; border: 1px solid #eee; border-radius: 4px;\">Kiraz \u00c7ile\u011fi<\/li>\n<li style=\"background: #fdfdfd; padding: 10px 15px; border: 1px solid #eee; border-radius: 4px;\">\u2728 Mavi Yaban Mersini Ek\u015fi Ahududu<\/li>\n<li style=\"background: #fdfdfd; padding: 10px 15px; border: 1px solid #eee; border-radius: 4px;\">\u2728 \u015eeftali \u00c7ile\u011fi<\/li>\n<li style=\"background: #fdfdfd; padding: 10px 15px; border: 1px solid #eee; border-radius: 4px;\">\u2728 Mavi Razz Jelibon<\/li>\n<li style=\"background: #fdfdfd; padding: 10px 15px; border: 1px solid #eee; border-radius: 4px;\">\u2728 Serin Nane<\/li>\n<li style=\"background: #fdfdfd; padding: 10px 15px; border: 1px solid #eee; border-radius: 4px;\">\u2728 Buzlu Mavi Yaban Mersini<\/li>\n<li style=\"background: #fdfdfd; padding: 10px 15px; border: 1px solid #eee; border-radius: 4px;\">\u2728 Kakt\u00fcs Buzu<\/li>\n<li style=\"background: #fdfdfd; padding: 10px 15px; border: 1px solid #eee; border-radius: 4px;\">\u2728 K\u0131rm\u0131z\u0131 \u00dcz\u00fcm Lime<\/li>\n<li style=\"background: #fdfdfd; padding: 10px 15px; border: 1px solid #eee; border-radius: 4px;\">\u2728 Kola Limon<\/li>\n<li style=\"background: #fdfdfd; padding: 10px 15px; border: 1px solid #eee; border-radius: 4px;\">\u2728 Frenk \u00fcz\u00fcm\u00fc Elma<\/li>\n<li style=\"background: #fdfdfd; padding: 10px 15px; border: 1px solid #eee; border-radius: 4px;\">\u2728 Kakt\u00fcs Kivi<\/li>\n<li style=\"background: #fdfdfd; padding: 10px 15px; border: 1px solid #eee; border-radius: 4px;\">\u2728 Kola \u0130ce<\/li>\n<\/ul>\n<h3 style=\"color: #2980b9; margin-top: 35px;\">VapeXYZ'de Perakende \u00d6ncesi Tedarik Zinciri Dinamikleri<\/h3>\n<p>Kurumsal d\u00fczeydeki al\u0131c\u0131lar ve ba\u011f\u0131ms\u0131z perakende ma\u011fazalar i\u00e7in g\u00fcvenilir bir tedarik zinciri g\u00fcvence alt\u0131na almak son derece \u00f6nemlidir. VapeXYZ, geli\u015fmi\u015f tek kullan\u0131ml\u0131k vape \u00fcr\u00fcnlerinin premier toptan distrib\u00fct\u00f6r\u00fc olarak faaliyet g\u00f6stermektedir.  Original Equipment Manufacturers (OEM'ler) ile do\u011frudan ili\u015fkiler kurarak ikincil fiyat art\u0131\u015flar\u0131n\u0131 atl\u0131yoruz ve bu sayede derin indirimli hacim fiyatland\u0131rma matrisleri sunmam\u0131z\u0131 sa\u011fl\u0131yoruz. Lojistik altyap\u0131m\u0131z a\u015f\u0131r\u0131 verimlilik i\u00e7in tasarlanm\u0131\u015ft\u0131r ve sadece 10 par\u00e7a olan son derece d\u00fc\u015f\u00fck Minimum Sipari\u015f Miktar\u0131 (MOQ) 'nu destekler.<\/p>\n<p>Bu \u00e7evik i\u015f modeli, daha k\u00fc\u00e7\u00fck perakendecilerin statik envanterde a\u015f\u0131r\u0131 sermaye ba\u011flamadan \u00e7e\u015fitli \u00fcr\u00fcn hatlar\u0131n\u0131 test etmesini sa\u011flar. Y\u00fcksek hacimli kurumsal sipari\u015fler i\u00e7in, kurumsal lojistik a\u011f\u0131m\u0131z, Hollanda, Almanya, Bel\u00e7ika ve \u0130spanya dahil olmak \u00fczere b\u00fcy\u00fck Avrupa b\u00f6lgelerinde h\u0131zl\u0131, tamamen izlenen teslimat sa\u011flar. Her sevkiyat, ald\u0131\u011f\u0131n\u0131z stokun fabrikadan m\u00fch\u00fcrl\u00fc, safla\u015fmam\u0131\u015f ve perakende da\u011f\u0131t\u0131m i\u00e7in haz\u0131r oldu\u011funu do\u011frulamak i\u00e7in kat\u0131 kalite kontrol kontrolleri ile i\u015flenir.<\/p>\n<h3 style=\"color: #2980b9; margin-top: 35px;\">S\u0131k\u00e7a Sorulan Sorular (SSS)<\/h3>\n<div style=\"flex-direction: column; gap: 15px; margin-top: 20px;\">\n<div style=\"background: #ffffff; border: 1px solid #e0e4e8; padding: 20px; border-radius: 8px;\">\n<h4 style=\"margin: 0 0 10px 0; color: #34495e; font-size: 1.1em;\">\ud83d\udccc Dijital ekran mekanik olarak nas\u0131l \u00e7al\u0131\u015f\u0131r?<\/h4>\n<p style=\"margin: 0; color: #555;\">LED telemetri ekran\u0131 cihazenin dahili MCU'suna hardwired olarak ba\u011fl\u0131d\u0131r. Ger\u00e7ek zamanl\u0131 voltaj \u00e7\u0131k\u0131\u015f\u0131na dayal\u0131 kalan pil \u00f6mr\u00fcn\u00fc hesaplamak i\u00e7in bir voltaj d\u00fc\u015f\u00fcrme algoritmas\u0131 kullan\u0131rken, dahili bir sens\u00f6r 20ml rezervuardaki kalan form\u00fclasyon hacmini tahmin etmek i\u00e7in toplam akt\u00fcasyon s\u00fcresini \u00f6l\u00e7er.<\/p>\n<\/div>\n<div style=\"background: #ffffff; border: 1px solid #e0e4e8; padding: 20px; border-radius: 8px;\">\n<h4 style=\"margin: 0 0 10px 0; color: #34495e; font-size: 1.1em;\">\ud83d\udccc Type-C ba\u011flant\u0131 noktas\u0131 ge\u00e7i\u015fli \u00e7al\u0131\u015fma yapabiliyor mu?<\/h4>\n<p style=\"margin: 0; color: #555;\">Hay\u0131r. Kat\u0131 CE g\u00fcvenlik y\u00f6nergelerine uymak i\u00e7in, cihaz bir g\u00fc\u00e7 kayna\u011f\u0131na ba\u011fl\u0131 oldu\u011funda ate\u015fleme mekanizmas\u0131n\u0131 ge\u00e7ici olarak devre d\u0131\u015f\u0131 b\u0131rak\u0131r. Bu, termal ka\u00e7\u0131\u015f senaryolar\u0131n\u0131 \u00f6nler ve 850mAh Li-Po h\u00fccrenin h\u0131zl\u0131 \u015farj d\u00f6ng\u00fcs\u00fc s\u0131ras\u0131nda uzun \u00f6m\u00fcrl\u00fcl\u00fc\u011f\u00fcn\u00fc korur.<\/p>\n<\/div>\n<div style=\"background: #ffffff; border: 1px solid #e0e4e8; padding: 20px; border-radius: 8px;\">\n<h4 style=\"margin: 0 0 10px 0; color: #34495e; font-size: 1.1em;\">\ud83d\udccc De\u011fi\u015fen konsantrasyon seviyeleri bo\u011faz tahri\u015fini nas\u0131l etkiler?<\/h4>\n<p style=\"margin: 0; color: #555;\">Donan\u0131m, tutarl\u0131 bir deneyim sunmak i\u00e7in geli\u015fmi\u015f a\u011f \u0131s\u0131tma kullan\u0131r. 0% se\u00e7ene\u011fi, s\u0131f\u0131r aktif alkaloid etkisi ile tamamen aromatik bir deneyim sa\u011flar, 5% konsantrasyon seviyesi ise form\u00fclasyonda \u00f6zel tuzlar\u0131 kullanarak, \u00e7ekimin p\u00fcr\u00fczs\u00fczl\u00fc\u011f\u00fcnden \u00f6d\u00fcn vermeden daha g\u00fc\u00e7l\u00fc bir fizyolojik yan\u0131t sa\u011flar.<\/p>\n<\/div>\n<div style=\"background: #ffffff; border: 1px solid #e0e4e8; padding: 20px; border-radius: 8px;\">\n<h4 style=\"margin: 0 0 10px 0; color: #34495e; font-size: 1.1em;\">Toptan ve toplu al\u0131mlar i\u00e7in tam terimler nelerdir?<\/h4>\n<p style=\"margin: 0; color: #555;\">Toplam sipari\u015f miktar\u0131 10 adet oldu\u011funda perakende fiyatland\u0131rma otomatik olarak tetiklenir. \u0130ndirimler hacimle do\u011frusal olarak \u00f6l\u00e7eklenir. Birinci s\u0131n\u0131f AB \u00fclkelerine giden h\u0131zland\u0131r\u0131lm\u0131\u015f rotalar i\u00e7in g\u00fcmr\u00fck ve vergileri biz \u00fcstleniyoruz, b\u00f6ylece tek kullan\u0131ml\u0131k vape \u00fcr\u00fcnlerinizin teslimat maliyetinin \u00f6deme \u00f6ncesi tamamen \u015feffaf olmas\u0131n\u0131 sa\u011fl\u0131yoruz.<\/p>\n<\/div>\n<\/div>\n<div style=\"text-align: center; margin-top: 40px; margin-bottom: 20px;\"><img loading=\"lazy\" decoding=\"async\" class=\"alignnone wp-image-41131 size-large\" style=\"color: #333333; font-size: 16px; max-width: 100%; height: auto; border-radius: 8px;\" src=\"https:\/\/vapexyz.com\/wp-content\/uploads\/2025\/01\/Randm-Fumot-Tornado-20000-Puffs-Digital-Screen-0-2-3-5-Low-Nicotine-Original-Factory-28-1024x657.webp\" alt=\"Randm Fumot Tornado 20000 Puffs Dijital Ekran 0% 2% 3% 5% D\u00fc\u015f\u00fck Konsantrasyon Orjinal Fabrika Toplu Al\u0131m \u015earj Edilebilir Tek Kullan\u0131ml\u0131k Vape Kalem Toptan Sat\u0131\u015f\" width=\"1024\" height=\"657\" title=\"\"><\/div>\n<\/article>","protected":false},"excerpt":{"rendered":"<p>RandM FUMOT TORNADO 20000 Puffs, 20.000 puf sunan, \u00e7ift a\u011f\u0131zl\u0131 bobin teknolojisi ve \u00e7ok \u00e7e\u015fitli tatlar sunan, p\u00fcr\u00fczs\u00fcz, uzun s\u00fcreli ve lezzetli bir vape deneyimi i\u00e7in tasarlanm\u0131\u015f y\u00fcksek performansl\u0131, tek kullan\u0131ml\u0131k bir vape cihaz\u0131d\u0131r.<\/p>","protected":false},"featured_media":41132,"comment_status":"open","ping_status":"closed","template":"","meta":{"_lmt_disableupdate":"no","_lmt_disable":""},"product_brand":[],"product_cat":[1075,1002,947,935,934,927,929,928,930,933,939,932,938,931,936,937,1017,949,946,950,951,854,953,955,987],"product_tag":[],"class_list":{"0":"post-40999","1":"product","2":"type-product","3":"status-publish","4":"has-post-thumbnail","6":"product_cat-fumot-disposable-vape","7":"product_cat-20000-puff-vapes","8":"product_cat-big-puffs-vapes","9":"product_cat-bulk-buy-disposable-vapes-in-austria","10":"product_cat-bulk-buy-disposable-vapes-in-belgium","11":"product_cat-bulk-buy-disposable-vapes-in-europe","12":"product_cat-bulk-buy-disposable-vapes-in-france","13":"product_cat-bulk-buy-disposable-vapes-in-germany","14":"product_cat-bulk-buy-disposable-vapes-in-italy","15":"product_cat-bulk-buy-disposable-vapes-in-netherlands","16":"product_cat-bulk-buy-disposable-vapes-in-norway","17":"product_cat-bulk-buy-disposable-vapes-in-poland","18":"product_cat-bulk-buy-disposable-vapes-in-portugal","19":"product_cat-bulk-buy-disposable-vapes-in-spain","20":"product_cat-bulk-buy-disposable-vapes-in-sweden","21":"product_cat-bulk-buy-disposable-vapes-in-switzerland","22":"product_cat-buy-best-disposable-vape-flavors","23":"product_cat-digital-box-vapes","24":"product_cat-disposable-vapes-series","25":"product_cat-dual-mesh-vapes","26":"product_cat-lower-nicotine-vapes","27":"product_cat-randm","28":"product_cat-rechargeable-vapes","29":"product_cat-tornado-vapes","30":"product_cat-vape-shop-by-puffs","32":"first","33":"instock","34":"shipping-taxable","35":"purchasable","36":"product-type-variable","37":"has-default-attributes"},"jetpack_sharing_enabled":true,"tiered_pricing_type":"fixed","tiered_pricing_fixed_rules":[],"tiered_pricing_product_settings":{"layout":"default","base_unit_name":{"singular":null,"plural":null},"default_variation":null},"tiered_pricing_minimum_quantity":null,"tiered_pricing_roles_data":[],"tiered_pricing_percentage_rules":[],"tiered_pricing_maximum_quantity":null,"tiered_pricing_quantity_step":null,"_links":{"self":[{"href":"https:\/\/vapexyz.com\/tr\/wp-json\/wp\/v2\/product\/40999","targetHints":{"allow":["GET"]}}],"collection":[{"href":"https:\/\/vapexyz.com\/tr\/wp-json\/wp\/v2\/product"}],"about":[{"href":"https:\/\/vapexyz.com\/tr\/wp-json\/wp\/v2\/types\/product"}],"replies":[{"embeddable":true,"href":"https:\/\/vapexyz.com\/tr\/wp-json\/wp\/v2\/comments?post=40999"}],"wp:featuredmedia":[{"embeddable":true,"href":"https:\/\/vapexyz.com\/tr\/wp-json\/wp\/v2\/media\/41132"}],"wp:attachment":[{"href":"https:\/\/vapexyz.com\/tr\/wp-json\/wp\/v2\/media?parent=40999"}],"wp:term":[{"taxonomy":"product_brand","embeddable":true,"href":"https:\/\/vapexyz.com\/tr\/wp-json\/wp\/v2\/product_brand?post=40999"},{"taxonomy":"product_cat","embeddable":true,"href":"https:\/\/vapexyz.com\/tr\/wp-json\/wp\/v2\/product_cat?post=40999"},{"taxonomy":"product_tag","embeddable":true,"href":"https:\/\/vapexyz.com\/tr\/wp-json\/wp\/v2\/product_tag?post=40999"}],"curies":[{"name":"wp","href":"https:\/\/api.w.org\/{rel}","templated":true}]}}