{"id":40833,"date":"2025-01-01T08:13:19","date_gmt":"2025-01-01T08:13:19","guid":{"rendered":"https:\/\/vapexyz.com\/?post_type=product&#038;p=40833"},"modified":"2026-03-02T01:58:59","modified_gmt":"2026-03-02T01:58:59","slug":"atvs-40000-puffs-dual-mesh-digital-screen-5-low-nicotine-original-factory-bulk-buy-rechargeable-disposable-vapes-pen-wholesale","status":"publish","type":"product","link":"https:\/\/vapexyz.com\/tr\/product\/atvs-40000-puffs-dual-mesh-digital-screen-5-low-nicotine-original-factory-bulk-buy-rechargeable-disposable-vapes-pen-wholesale\/","title":{"rendered":"ATVS 40000 Puffs \u00c7ift A\u011f Dijital Ekran Toplu Al\u0131m 40K \u015earj Edilebilir Tek Kullan\u0131ml\u0131k Vape Toptan Sat\u0131\u015f"},"content":{"rendered":"<article style=\"font-family: 'Segoe UI', Roboto, Helvetica, Arial, sans-serif;line-height: 1.8;color: #2c3e50;max-width: 1000%;margin: 0 auto;padding: 30px;background-color: #ffffff\"><div style=\"width: 1020px;\" class=\"wp-video\"><video class=\"wp-video-shortcode\" id=\"video-40833-1\" width=\"1020\" height=\"574\" preload=\"metadata\" controls=\"controls\"><source type=\"video\/mp4\" src=\"https:\/\/vapexyz.com\/wp-content\/uploads\/2024\/12\/ATVS-40000-Puffs-Dual-Mesh-Digital-Screen-5-Low-Nicotine-Original-Factory-.mp4?_=1\" \/><a href=\"https:\/\/vapexyz.com\/wp-content\/uploads\/2024\/12\/ATVS-40000-Puffs-Dual-Mesh-Digital-Screen-5-Low-Nicotine-Original-Factory-.mp4\">https:\/\/vapexyz.com\/wp-content\/uploads\/2024\/12\/ATVS-40000-Puffs-Dual-Mesh-Digital-Screen-5-Low-Nicotine-Original-Factory-.mp4<\/a><\/video><\/div>\n<h2 style=\"color: #1a365d;border-bottom: 2px solid #3498db;padding-bottom: 10px;margin-top: 40px\">M\u00fchendislik \u00dcst\u00fcnl\u00fc\u011f\u00fc: ATVS 40000 Puffs Tek Kullan\u0131ml\u0131k Vape'in Derinlemesine Analizi<\/h2>\n<p style=\"text-align: justify;margin-bottom: 20px\">Elektronik teslimat sistemlerinin manzaras\u0131, yap\u0131sal b\u00fct\u00fcnl\u00fck veya kullan\u0131c\u0131 deneyimi konusunda taviz vermeden e\u015fsiz bir uzun \u00f6m\u00fcr sunan cihazlar talep ederek h\u0131zla evrimle\u015fmeye devam ediyor. ATVS 40000 Puffs, ilk \u00e7ekimden son \u00e7ekime kadar tutarl\u0131 performans \u00f6l\u00e7\u00fctlerini korurken yo\u011fun kullan\u0131m\u0131n kat\u0131 taleplerini kar\u015f\u0131lamak \u00fczere tasarlanan son derece m\u00fchendislik edilmi\u015f tek kullan\u0131ml\u0131k bir vape olarak ortaya \u00e7\u0131k\u0131yor. Bu kapsaml\u0131 \u00fcr\u00fcn analizi, bu cihaz\u0131 son derece rekabet\u00e7i toptan sat\u0131\u015f pazar\u0131nda ay\u0131rt eden teknik \u00f6zellikleri, ampirik test verilerini ve operasyonel mekanikleri detayland\u0131racakt\u0131r.<\/p>\n<div style=\"background-color: #f8f9fa;border-left: 5px solid #2ecc71;padding: 20px;margin: 30px 0;border-radius: 0 8px 8px 0\">\n<h3 style=\"color: #27ae60;margin-top: 0;font-size: 1.3em\">End\u00fcstri Bilgi Noktas\u0131: Y\u00fcksek Kapasiteli Vapelerin Evrimi<\/h3>\n<p style=\"margin-bottom: 0\">Modern vape'ler basit, d\u00fc\u015f\u00fck kapasiteli \u00fcnitelerden karma\u015f\u0131k elektronik cihazlara evrimle\u015fmi\u015ftir. Y\u00fcksek yo\u011funluklu lityum-polimer g\u00fc\u00e7 h\u00fccrelerinin ve geli\u015fmi\u015f telemetrinin (\u00f6rne\u011fin dijital ekranlar) entegrasyonu, kullan\u0131c\u0131 merkezli m\u00fchendisli\u011fe do\u011fru bir kaymay\u0131 temsil etmektedir. Pil voltaj\u0131 ve sol\u00fcsyon rezervuar seviyeleri hakk\u0131nda ger\u00e7ek zamanl\u0131 veriler sa\u011flayarak, bu tek kullan\u0131ml\u0131k vape'ler, kuru bobin \u0131s\u0131tmas\u0131n\u0131n yayg\u0131n sorununu \u00f6nler ve hem g\u00fcvenlili\u011fi hem de \u00f6mr\u00fc art\u0131r\u0131r.<\/p>\n<\/div>\n<h2 style=\"color: #1a365d;border-bottom: 2px solid #3498db;padding-bottom: 10px;margin-top: 40px\">Teknik \u00d6zellikler ve Donan\u0131m Mimarisi<\/h2>\n<p style=\"text-align: justify;margin-bottom: 20px\">ATVS 40000 Puffs'\u0131n yeteneklerini anlamak i\u00e7in i\u00e7 donan\u0131m\u0131n\u0131 incelemek \u00f6nemlidir. Standart, giri\u015f seviyesi tek kullan\u0131ml\u0131k vape'lerden farkl\u0131 olarak, bu \u00fcnite g\u00fc\u00e7 y\u00f6netimi devresi ve termodinamik tasar\u0131m\u0131n karma\u015f\u0131k bir etkile\u015fimini kullanarak derecelendirilmi\u015f \u00f6mr\u00fcne ula\u015f\u0131r.<\/p>\n<table style=\"width: 100%;border-collapse: collapse;margin: 30px 0;font-size: 0.95em;border-radius: 8px;overflow: hidden\">\n<thead>\n<tr style=\"background-color: #34495e;color: #ffffff;text-align: left\">\n<th style=\"padding: 15px;border-bottom: 2px solid #2c3e50\">Bile\u015fen \/ \u00d6zellik<\/th>\n<th style=\"padding: 15px;border-bottom: 2px solid #2c3e50\">Teknik Veri<\/th>\n<th style=\"padding: 15px;border-bottom: 2px solid #2c3e50\">M\u00fchendislik Faydas\u0131<\/th>\n<\/tr>\n<\/thead>\n<tbody>\n<tr style=\"background-color: #ffffff;border-bottom: 1px solid #ecf0f1\">\n<td style=\"padding: 15px;font-weight: bold\">Maksimum \u00c7\u0131k\u0131\u015f De\u011feri<\/td>\n<td style=\"padding: 15px\">40.000 d\u00f6ng\u00fcye kadar<\/td>\n<td style=\"padding: 15px\">Son kullan\u0131c\u0131 i\u00e7in de\u011fi\u015ftirme s\u0131kl\u0131\u011f\u0131n\u0131 azaltarak ola\u011fan\u00fcst\u00fc operasyonel uzun \u00f6m\u00fcr sa\u011flar.<\/td>\n<\/tr>\n<tr style=\"background-color: #f9f9f9;border-bottom: 1px solid #ecf0f1\">\n<td style=\"padding: 15px;font-weight: bold\">Baraj Kapasitesi<\/td>\n<td style=\"padding: 15px\">35 ml Hacim<\/td>\n<td style=\"padding: 15px\">Y\u00fcksek hacimli bir tank, donan\u0131m\u0131n kapsaml\u0131 mekanik \u00f6mr\u00fcne uyacak yeterli maddeyi sa\u011flar.<\/td>\n<\/tr>\n<tr style=\"background-color: #ffffff;border-bottom: 1px solid #ecf0f1\">\n<td style=\"padding: 15px;font-weight: bold\">Aktif Konsantrasyon<\/td>\n<td style=\"padding: 15px\">5% G\u00fcc\u00fc<\/td>\n<td style=\"padding: 15px\">5% form\u00fclasyonu yoluyla dikkatlice kalibre edilmi\u015f sa\u011flam ve tutarl\u0131 bir kullan\u0131c\u0131 deneyimi sunar.<\/td>\n<\/tr>\n<tr style=\"background-color: #f9f9f9;border-bottom: 1px solid #ecf0f1\">\n<td style=\"padding: 15px;font-weight: bold\">G\u00fc\u00e7 H\u00fccresi<\/td>\n<td style=\"padding: 15px\">750mAh Lityum-\u0130yon<\/td>\n<td style=\"padding: 15px\">De\u015farj d\u00f6ng\u00fcs\u00fc boyunca sabit voltaj \u00e7\u0131k\u0131\u015f\u0131 sa\u011flayabilen y\u00fcksek enerji yo\u011funlu\u011funa sahip h\u00fccre.<\/td>\n<\/tr>\n<tr style=\"background-color: #ffffff;border-bottom: 1px solid #ecf0f1\">\n<td style=\"padding: 15px;font-weight: bold\">\u015earj Aray\u00fcz\u00fc<\/td>\n<td style=\"padding: 15px\">USB Type-C (30 Dakikal\u0131k H\u0131zl\u0131 \u015earj)<\/td>\n<td style=\"padding: 15px\">Modern PD (G\u00fc\u00e7 Teslimi) standartlar\u0131n\u0131 h\u0131zl\u0131 enerji takviyesi i\u00e7in kullan\u0131r, ar\u0131za s\u00fcresini en aza indirir.<\/td>\n<\/tr>\n<tr style=\"background-color: #f9f9f9;border-bottom: 1px solid #ecf0f1\">\n<td style=\"padding: 15px;font-weight: bold\">Is\u0131tma Eleman\u0131<\/td>\n<td style=\"padding: 15px\">\u0130kili A\u011f Bobin Mimarisi<\/td>\n<td style=\"padding: 15px\">Y\u00fczey alan\u0131 temas\u0131n\u0131 emici malzeme ile artt\u0131rarak \u00fcst\u00fcn termodinamik verimlilik ve e\u015fit aerosolizasyon sa\u011flar.<\/td>\n<\/tr>\n<tr style=\"background-color: #ffffff\">\n<td style=\"padding: 15px;font-weight: bold\">Telemetri aray\u00fcz\u00fc<\/td>\n<td style=\"padding: 15px\">LED Dijital Ekran<\/td>\n<td style=\"padding: 15px\">Geriye kalan g\u00fc\u00e7 rezervleri ve dahili \u00e7\u00f6z\u00fcm seviyeleri hakk\u0131nda ger\u00e7ek zamanl\u0131 g\u00f6rsel geri bildirim sa\u011flar.<\/td>\n<\/tr>\n<\/tbody>\n<\/table>\n<h3 style=\"color: #2c3e50;margin-top: 30px\">Ampirik Performans Testi ve Kalite G\u00fcvencesi<\/h3>\n<p style=\"text-align: justify;margin-bottom: 20px\">Tek kullan\u0131ml\u0131k vape sekt\u00f6r\u00fcnde uzun \u00f6m\u00fcr ve performans ile ilgili iddialar genellikle \u015feffaf do\u011frulamadan yoksundur. M\u00fcmk\u00fcn olan en y\u00fcksek g\u00fcvenilirli\u011fi sa\u011flamak i\u00e7in, ATVS donan\u0131m\u0131 kat\u0131 laboratuvar de\u011ferlendirmelerine tabi tutulur. End\u00fcstri standart\u0131 parametrelere (2,5 saniye \u00e7ekme s\u00fcresi, ard\u0131ndan 10 saniyelik dinlenme aral\u0131\u011f\u0131) kalibre edilmi\u015f otomatik \u00e7ekme-sim\u00fclasyon makineleri kullan\u0131larak, cihazlar 40.000 d\u00f6ng\u00fc iddias\u0131n\u0131 do\u011frulamak i\u00e7in test edilir.<\/p>\n<p style=\"text-align: justify;margin-bottom: 20px\">Bu deneysel denemeler s\u0131ras\u0131nda, gerilim d\u00fc\u015f\u00fcm\u00fc analizi, 750mAh bataryan\u0131n olduk\u00e7a kararl\u0131 bir e\u011fri s\u00fcrd\u00fcrd\u00fc\u011f\u00fcn\u00fc kan\u0131tlar, bu da Dual Mesh Coil'\u0131n batarya t\u00fckenmeye yakla\u015f\u0131rken bile s\u00fcrekli g\u00fc\u00e7 almas\u0131n\u0131 sa\u011flar. Ayr\u0131ca, USB Type-C portu \u00fczerinden 30 dakikal\u0131k h\u0131zl\u0131 \u015farj s\u0131ras\u0131nda termal g\u00f6r\u00fcnt\u00fcleme, m\u00fckemmel \u0131s\u0131 da\u011f\u0131l\u0131m\u0131 do\u011frular; d\u0131\u015f kasan\u0131n s\u0131cakl\u0131\u011f\u0131 s\u00fcrekli olarak kat\u0131 38\u00b0C g\u00fcvenlik e\u015fi\u011finin alt\u0131nda kal\u0131r. Bu metodik test prosed\u00fcrleri, cihaz\u0131n t\u00fcketici elektroni\u011fi i\u00e7in CE ve RoHS uyumluluk y\u00f6nergeleri i\u00e7inde sorunsuz \u00e7al\u0131\u015fmas\u0131n\u0131 onaylar, b\u00f6ylece son derece tasarlanm\u0131\u015f bir tek kullan\u0131ml\u0131k vape stat\u00fcs\u00fcn\u00fc peki\u015ftirir.<\/p>\n<div style=\"text-align: center;margin: 40px 0\"><img loading=\"lazy\" decoding=\"async\" class=\"alignnone wp-image-40870 size-full\" style=\"max-width: 100%;height: auto;border-radius: 12px\" src=\"https:\/\/vapexyz.com\/wp-content\/uploads\/2024\/12\/ATVS-40000-Puffs-Dual-Mesh-Digital-Screen-5-Low-Nicotine-Original-Factory-19.webp\" alt=\"ATVS 40000 Puflar \u00c7ift \u00d6rg\u00fc Dijital Ekran 5% D\u00fc\u015f\u00fck Nikotin Orijinal Fabrika Toplu \u015earj Edilebilir Tek Kullan\u0131ml\u0131k Vapes Kalem Toptan Sat\u0131n Al\u0131n\" width=\"1279\" height=\"1666\" title=\"\" srcset=\"https:\/\/vapexyz.com\/wp-content\/uploads\/2024\/12\/ATVS-40000-Puffs-Dual-Mesh-Digital-Screen-5-Low-Nicotine-Original-Factory-19.webp 1279w, https:\/\/vapexyz.com\/wp-content\/uploads\/2024\/12\/ATVS-40000-Puffs-Dual-Mesh-Digital-Screen-5-Low-Nicotine-Original-Factory-19-384x500.webp 384w, https:\/\/vapexyz.com\/wp-content\/uploads\/2024\/12\/ATVS-40000-Puffs-Dual-Mesh-Digital-Screen-5-Low-Nicotine-Original-Factory-19-786x1024.webp 786w, https:\/\/vapexyz.com\/wp-content\/uploads\/2024\/12\/ATVS-40000-Puffs-Dual-Mesh-Digital-Screen-5-Low-Nicotine-Original-Factory-19-768x1000.webp 768w, https:\/\/vapexyz.com\/wp-content\/uploads\/2024\/12\/ATVS-40000-Puffs-Dual-Mesh-Digital-Screen-5-Low-Nicotine-Original-Factory-19-1179x1536.webp 1179w, https:\/\/vapexyz.com\/wp-content\/uploads\/2024\/12\/ATVS-40000-Puffs-Dual-Mesh-Digital-Screen-5-Low-Nicotine-Original-Factory-19-9x12.webp 9w, https:\/\/vapexyz.com\/wp-content\/uploads\/2024\/12\/ATVS-40000-Puffs-Dual-Mesh-Digital-Screen-5-Low-Nicotine-Original-Factory-19-510x664.webp 510w\" sizes=\"auto, (max-width: 1279px) 100vw, 1279px\" \/><\/div>\n<h2 style=\"color: #1a365d;border-bottom: 2px solid #3498db;padding-bottom: 10px;margin-top: 40px\">Aromatik Profiller: Kapsaml\u0131 Bir Se\u00e7im<\/h2>\n<p style=\"text-align: justify;margin-bottom: 20px\">Bir vape taraf\u0131ndan sa\u011flanan duyusal deneyim, i\u00e7 form\u00fclasyonunun kalitesine b\u00fcy\u00fck \u00f6l\u00e7\u00fcde ba\u011fl\u0131d\u0131r. ATVS 40000 Puffs, 14 \u00f6zenle tasarlanm\u0131\u015f aromatik profilin \u00e7e\u015fitli dizilerinde mevcuttur. Bu se\u00e7enekler, cihaz\u0131n 35ml rezervuar\u0131n\u0131n \u00f6mr\u00fc boyunca istikrarl\u0131 ve olduk\u00e7a keyifli bir duyusal \u00e7\u0131kt\u0131 sa\u011flamak i\u00e7in premium, g\u0131da s\u0131n\u0131f\u0131 bile\u015fikler kullan\u0131larak form\u00fcle edilmi\u015ftir.<\/p>\n<ul style=\"list-style-type: none;padding-left: 0;grid-template-columns: repeat(auto-fit, minmax(300px, 1fr));gap: 15px;margin-bottom: 30px\">\n<li style=\"background: #fdfdfd;padding: 15px;border: 1px solid #e1e8ed;border-radius: 8px\">1. Mavi Yaban Mersini Buzu: Ek\u015fi meyve notalar\u0131n\u0131n karma\u015f\u0131k bir sentezi, belirgin olarak serin, ferahl\u0131k veren bir biti\u015fimle birle\u015fti.<\/li>\n<li style=\"background: #fdfdfd;padding: 15px;border: 1px solid #e1e8ed;border-radius: 8px\">2. Elma Buzu:  Keskin ve temiz bah\u00e7e aromalar\u0131, ince bir donuk alt tonla geli\u015ftirildi.<\/li>\n<li style=\"background: #fdfdfd;padding: 15px;border: 1px solid #e1e8ed;border-radius: 8px\">3. Kantalup Buz: Tatl\u0131 \u015feker kavun profilleri sorunsuz bir \u015fekilde so\u011futma hissi ile harmanlanm\u0131\u015ft\u0131r.<\/li>\n<li style=\"background: #fdfdfd;padding: 15px;border: 1px solid #e1e8ed;border-radius: 8px\">4. \u00c7ilek Karpuz: \u0130ki klasik yaz meyve aromas\u0131n\u0131n uyumlu bir f\u00fczyonu.<\/li>\n<li style=\"background: #fdfdfd;padding: 15px;border: 1px solid #e1e8ed;border-radius: 8px\">5. \u00dcz\u00fcm Buzu: Derin, zengin ba\u011fc\u0131l\u0131k notalar\u0131, buzluluklu bir nefesle m\u00fckemmel uyum i\u00e7inde.<\/li>\n<li style=\"background: #fdfdfd;padding: 15px;border: 1px solid #e1e8ed;border-radius: 8px\">6. Karpuzlu Dondurma: Keskin, serin bir r\u00fczgar ile y\u00fckseltilmi\u015f, ferahlat\u0131c\u0131 kavun \u00f6zellikleri.<\/li>\n<li style=\"background: #fdfdfd;padding: 15px;border: 1px solid #e1e8ed;border-radius: 8px\">7. \u00c7ilek Buz: Olgun meyve aromalar\u0131 so\u011futulmu\u015f, p\u00fcr\u00fczs\u00fcz bir profilde as\u0131l\u0131.<\/li>\n<li style=\"background: #fdfdfd;padding: 15px;border: 1px solid #e1e8ed;border-radius: 8px\">8. Muz Portakal \u0130ce: Kremsi ve narenciye notalar\u0131 i\u00e7eren, donmu\u015f bir biti\u015fe sahip inovatif bir tropikal kar\u0131\u015f\u0131m.<\/li>\n<li style=\"background: #fdfdfd;padding: 15px;border: 1px solid #e1e8ed;border-radius: 8px\">9. \u015eeftali Buzu: Narin ta\u015f meyve tatl\u0131l\u0131\u011f\u0131, serinletici bir etki ile e\u015flik ediyor.<\/li>\n<li style=\"background: #fdfdfd;padding: 15px;border: 1px solid #e1e8ed;border-radius: 8px\">10. Cola Ice: Klasik i\u00e7ecek profilinin, ferahl\u0131k veren bir so\u011fuklukla tamamlanm\u0131\u015f do\u011fru bir yeniden yarat\u0131m\u0131.<\/li>\n<li style=\"background: #fdfdfd;padding: 15px;border: 1px solid #e1e8ed;border-radius: 8px\">11. Limon Lime: Keskin, \u00f6ne \u00e7\u0131kan turun\u00e7gillere sahip, olduk\u00e7a ek\u015fi ve ferahl\u0131k veren bir kar\u0131\u015f\u0131m.<\/li>\n<li style=\"background: #fdfdfd;padding: 15px;border: 1px solid #e1e8ed;border-radius: 8px\">12. Litchi Buzu: Litchiye \u00f6zg\u00fc egzotik \u00e7i\u00e7eksi tatl\u0131l\u0131k, canland\u0131r\u0131c\u0131 bir so\u011fuklukla e\u015fle\u015ftirildi.<\/li>\n<li style=\"background: #fdfdfd;padding: 15px;border: 1px solid #e1e8ed;border-radius: 8px\">13. Guava Ice: Zengin, tropikal notlar serinletici, p\u00fcr\u00fczs\u00fcz bir ortam arac\u0131l\u0131\u011f\u0131yla sunar.<\/li>\n<li style=\"background: #fdfdfd;padding: 15px;border: 1px solid #e1e8ed;border-radius: 8px\">14. Taro Dondurmas\u0131: E\u015fsiz, hafif\u00e7e toprak kokulu ve kremal\u0131 bir aromatik profil, buzluluklu bir biti\u015fle e\u015fle\u015ftirildi.<\/li>\n<\/ul>\n<h2 style=\"color: #1a365d;border-bottom: 2px solid #3498db;padding-bottom: 10px;margin-top: 40px\">Yetki ve G\u00fcven: \u00d6zel Toptanc\u0131 Orta\u011f\u0131n\u0131z<\/h2>\n<p style=\"text-align: justify;margin-bottom: 20px\">G\u00fcvenilir tek kullan\u0131ml\u0131k vape \u00fcr\u00fcnleri temin etmek, da\u011f\u0131t\u0131m sekt\u00f6r\u00fcndeki yerle\u015fik yetkililerle ortakl\u0131k kurmay\u0131 gerektirir. VapeXYZ, k\u00fcresel piyasada 8 y\u0131l\u0131 a\u015fk\u0131n \u00f6zel operasyonel deneyime sahip premier bir toptanc\u0131 kurulu\u015f olarak \u00f6ne \u00e7\u0131kmaktad\u0131r. Sa\u011flam altyap\u0131m\u0131z, Avrupa'n\u0131n premium vape donan\u0131m\u0131 en b\u00fcy\u00fck distrib\u00fct\u00f6r\u00fc olarak hizmet vermemizi sa\u011flar ve Hollanda, Almanya, Bel\u00e7ika ve \u0130spanya genelinde derin piyasa penetrasyonu sa\u011flar.<\/p>\n<p style=\"text-align: justify;margin-bottom: 20px\">Uluslararas\u0131 ticaret uyumlulu\u011fu ve kalite g\u00fcvence protokollerine kesinlikle uyuyoruz. Sadece 10 birimlik Minimum Sipari\u015f Miktar\u0131 (MOQ) ile hem butik perakende ma\u011fazalar\u0131na hem de b\u00fcy\u00fck \u00f6l\u00e7ekli ticari sat\u0131c\u0131lara e\u015fsiz esneklik sa\u011fl\u0131yoruz. Fabrikadan do\u011frudan teslimat modelimiz, ald\u0131\u011f\u0131n\u0131z her kullan\u0131ml\u0131k vape'\u0131n \u00f6zg\u00fcn, tamamen test edilmi\u015f ve son kullan\u0131c\u0131 da\u011f\u0131t\u0131m\u0131 i\u00e7in haz\u0131r olmas\u0131n\u0131 sa\u011flar.<\/p>\n<div style=\"background-color: #e8f4fd;border: 1px solid #b6d4fe;padding: 20px;border-radius: 8px;margin: 30px 0\">\n<h3 style=\"color: #0c5460;margin-top: 0;font-size: 1.2em\">\u00c7evresel Uygunluk Bildirimi<\/h3>\n<p style=\"margin-bottom: 0;color: #383d41\">VapeXYZ sorumlu da\u011f\u0131t\u0131m taahh\u00fct ediyor. ATVS 40000 Puffs geli\u015fmi\u015f lityum-iyon pil teknolojisini i\u00e7erir. T\u00fcm toptan sat\u0131\u015f ortaklar\u0131m\u0131zdan ve son kullan\u0131c\u0131lar\u0131m\u0131zdan yerel At\u0131k Elektrikli ve Elektronik Ekipman (WEEE) direktiflerine kesinlikle uymalar\u0131n\u0131 g\u00fc\u00e7l\u00fc bir \u015fekilde te\u015fvik ediyoruz. Tek kullan\u0131ml\u0131k vape'lerin uygun \u015fekilde geri d\u00f6n\u00fc\u015ft\u00fcr\u00fclmesi, dahili bile\u015fenlerin g\u00fcvenli bir \u015fekilde geri kazan\u0131lmas\u0131n\u0131 sa\u011flar ve \u00e7evresel kirlenmeyi \u00f6nler. L\u00fctfen belirlenmi\u015f elektronik geri d\u00f6n\u00fc\u015f\u00fcm b\u0131rakma noktalar\u0131 i\u00e7in yerel belediye k\u0131lavuzlar\u0131na dan\u0131\u015f\u0131n.<\/p>\n<\/div>\n<h2 style=\"color: #1a365d;border-bottom: 2px solid #3498db;padding-bottom: 10px;margin-top: 40px\">Temel Operasyonel Sorgular (SSS)<\/h2>\n<div style=\"flex-direction: column;gap: 15px;margin-top: 20px\">\n<div style=\"border: 1px solid #ddd;border-radius: 8px;padding: 15px;background: #fff\">\n<h4 style=\"margin: 0 0 10px 0;color: #2c3e50;font-size: 1.1em\">Dijital ekran monit\u00f6r\u00fc tam olarak ne g\u00f6sterir?<\/h4>\n<p style=\"margin: 0;color: #555\">Entegre LED ekran\u0131 olduk\u00e7a do\u011fru ve ger\u00e7ek zamanl\u0131 telemetri sa\u011flar. \u00d6zel olarak 750mAh bataryan\u0131n kalan gerilim seviyesini (y\u00fczde olarak g\u00f6r\u00fcnt\u00fclenir) ve 35ml rezervuardaki \u00e7\u00f6z\u00fcm\u00fcn tahmini hacmini izler. Bu \u00f6nleyici \u00f6zellik, cihaz\u0131n bo\u015falmas\u0131yla asla gafil avlanmaman\u0131z\u0131 sa\u011flar.<\/p>\n<\/div>\n<div style=\"border: 1px solid #ddd;border-radius: 8px;padding: 15px;background: #fff\">\n<h4 style=\"margin: 0 0 10px 0;color: #2c3e50;font-size: 1.1em\">Dual Mesh Coil teknolojisi deneyimi nas\u0131l geli\u015ftiriyor?<\/h4>\n<p style=\"margin: 0;color: #555\">Geleneksel tek telli \u0131s\u0131tma elemanlar\u0131 d\u00fczensiz \u0131s\u0131 da\u011f\u0131l\u0131m\u0131ndan zarar g\u00f6rebilir. \u0130ki A\u011f mimarisi, i\u00e7 emme malzemesiyle temas halinde olan y\u00fczey alan\u0131n\u0131 \u00f6nemli \u00f6l\u00e7\u00fcde art\u0131ran \u0131zgara benzeri bir desen kullan\u0131r. Bu m\u00fchendislik se\u00e7imi, h\u0131zl\u0131 \u0131s\u0131nma s\u00fcreleri, tutarl\u0131 termodinamik ve tek kullan\u0131ml\u0131k vape'\u0131n \u00f6mr\u00fc boyunca b\u00fcy\u00fck \u00f6l\u00e7\u00fcde geli\u015ftirilmi\u015f bir aerosolizasyon s\u00fcreci ile sonu\u00e7lan\u0131r.<\/p>\n<\/div>\n<div style=\"border: 1px solid #ddd;border-radius: 8px;padding: 15px;background: #fff\">\n<h4 style=\"margin: 0 0 10px 0;color: #2c3e50;font-size: 1.1em\">Bu tek kullan\u0131ml\u0131k vape i\u00e7in \u015farj spesifikasyonlar\u0131 nelerdir?<\/h4>\n<p style=\"margin: 0;color: #555\">Cihaz, taban\u0131nda y\u00fcksek verimli bir USB Type-C portu ile donat\u0131lm\u0131\u015ft\u0131r. Geli\u015fmi\u015f g\u00fc\u00e7 y\u00f6netimi devreleri sayesinde, 750mAh'lik dahili g\u00fc\u00e7 h\u00fccresi h\u0131zl\u0131 \u015farj protokollerini destekler. Standart, uyumlu bir g\u00fc\u00e7 adapt\u00f6r\u00fcne ba\u011fland\u0131\u011f\u0131nda, tamamen bo\u015falm\u0131\u015f bir pil yakla\u015f\u0131k 30 dakika i\u00e7inde 0 \u015farj durumuna ula\u015fabilir.<\/p>\n<\/div>\n<div style=\"border: 1px solid #ddd;border-radius: 8px;padding: 15px;background: #fff\">\n<h4 style=\"margin: 0 0 10px 0;color: #2c3e50;font-size: 1.1em\">Bu cihaz ticari toplu al\u0131mlar i\u00e7in uygun mudur?<\/h4>\n<p style=\"margin: 0;color: #555\">Kesinlikle. VapeXYZ, B2B i\u015flemlerinde uzmanla\u015fm\u0131\u015ft\u0131r. ATVS 40000 Puffs, ticari perakendeciler g\u00f6z \u00f6n\u00fcnde bulundurularak paketlenmi\u015f ve da\u011f\u0131t\u0131lm\u0131\u015ft\u0131r. 10 adetlik d\u00fc\u015f\u00fck MOQ'muz, olduk\u00e7a rekabet\u00e7i bir toptan sat\u0131\u015f fiyatland\u0131rma yap\u0131m\u0131zla birle\u015fti\u011finde, bu \u00f6zel model, Avrupa pazar\u0131ndaki herhangi bir ticari envantere m\u00fckemmel bir katk\u0131 sa\u011flar.<\/p>\n<\/div>\n<\/div>\n<\/article>","protected":false},"excerpt":{"rendered":"<p>ATVS 40000 Puffs Tek Kullan\u0131ml\u0131k Vape, uzun s\u00fcreli kullan\u0131m i\u00e7in tasarlanm\u0131\u015f y\u00fcksek kapasiteli bir buharla\u015ft\u0131rma cihaz\u0131d\u0131r. 35ml kapasite, sa\u011flam 750mAh \u015farj edilebilir batarya, geli\u015fmi\u015f tatlar i\u00e7in \u00e7ift a\u011f\u0131zl\u0131 bobin teknolojisi ve 40.000'e varan etkileyici puf say\u0131s\u0131 ile hem s\u0131radan hem de a\u011f\u0131r buharla\u015ft\u0131r\u0131c\u0131lar i\u00e7in idealdir.<\/p>","protected":false},"featured_media":40874,"comment_status":"open","ping_status":"closed","template":"","meta":{"_lmt_disableupdate":"no","_lmt_disable":""},"product_brand":[],"product_cat":[973,989,947,935,934,927,929,928,930,933,939,932,938,931,936,937,1017,949,946,950,951,953,987],"product_tag":[],"class_list":{"0":"post-40833","1":"product","2":"type-product","3":"status-publish","4":"has-post-thumbnail","6":"product_cat-atvs-disposable-vapes","7":"product_cat-40000-puff-vapes","8":"product_cat-big-puffs-vapes","9":"product_cat-bulk-buy-disposable-vapes-in-austria","10":"product_cat-bulk-buy-disposable-vapes-in-belgium","11":"product_cat-bulk-buy-disposable-vapes-in-europe","12":"product_cat-bulk-buy-disposable-vapes-in-france","13":"product_cat-bulk-buy-disposable-vapes-in-germany","14":"product_cat-bulk-buy-disposable-vapes-in-italy","15":"product_cat-bulk-buy-disposable-vapes-in-netherlands","16":"product_cat-bulk-buy-disposable-vapes-in-norway","17":"product_cat-bulk-buy-disposable-vapes-in-poland","18":"product_cat-bulk-buy-disposable-vapes-in-portugal","19":"product_cat-bulk-buy-disposable-vapes-in-spain","20":"product_cat-bulk-buy-disposable-vapes-in-sweden","21":"product_cat-bulk-buy-disposable-vapes-in-switzerland","22":"product_cat-buy-best-disposable-vape-flavors","23":"product_cat-digital-box-vapes","24":"product_cat-disposable-vapes-series","25":"product_cat-dual-mesh-vapes","26":"product_cat-lower-nicotine-vapes","27":"product_cat-rechargeable-vapes","28":"product_cat-vape-shop-by-puffs","30":"first","31":"instock","32":"shipping-taxable","33":"purchasable","34":"product-type-variable","35":"has-default-attributes"},"jetpack_sharing_enabled":true,"tiered_pricing_type":"fixed","tiered_pricing_fixed_rules":[],"tiered_pricing_product_settings":{"layout":"default","base_unit_name":{"singular":null,"plural":null},"default_variation":null},"tiered_pricing_minimum_quantity":null,"tiered_pricing_roles_data":[],"tiered_pricing_percentage_rules":[],"tiered_pricing_maximum_quantity":null,"tiered_pricing_quantity_step":null,"_links":{"self":[{"href":"https:\/\/vapexyz.com\/tr\/wp-json\/wp\/v2\/product\/40833","targetHints":{"allow":["GET"]}}],"collection":[{"href":"https:\/\/vapexyz.com\/tr\/wp-json\/wp\/v2\/product"}],"about":[{"href":"https:\/\/vapexyz.com\/tr\/wp-json\/wp\/v2\/types\/product"}],"replies":[{"embeddable":true,"href":"https:\/\/vapexyz.com\/tr\/wp-json\/wp\/v2\/comments?post=40833"}],"wp:featuredmedia":[{"embeddable":true,"href":"https:\/\/vapexyz.com\/tr\/wp-json\/wp\/v2\/media\/40874"}],"wp:attachment":[{"href":"https:\/\/vapexyz.com\/tr\/wp-json\/wp\/v2\/media?parent=40833"}],"wp:term":[{"taxonomy":"product_brand","embeddable":true,"href":"https:\/\/vapexyz.com\/tr\/wp-json\/wp\/v2\/product_brand?post=40833"},{"taxonomy":"product_cat","embeddable":true,"href":"https:\/\/vapexyz.com\/tr\/wp-json\/wp\/v2\/product_cat?post=40833"},{"taxonomy":"product_tag","embeddable":true,"href":"https:\/\/vapexyz.com\/tr\/wp-json\/wp\/v2\/product_tag?post=40833"}],"curies":[{"name":"wp","href":"https:\/\/api.w.org\/{rel}","templated":true}]}}