{"id":37094,"date":"2024-11-02T09:42:38","date_gmt":"2024-11-02T09:42:38","guid":{"rendered":"https:\/\/vapexyz.com\/?post_type=product&#038;p=37094"},"modified":"2026-03-03T02:53:44","modified_gmt":"2026-03-03T02:53:44","slug":"vasy-eplus-vape-shisha-15000-puflar-dijital-ekran-0-6-dusuk-nikotin-orijinal-fabrika-dokme-sarj-edilebilir-tek-kullanimlik-vapes-kalem-toptan-satin-alin","status":"publish","type":"product","link":"https:\/\/vapexyz.com\/tr\/product\/vasy-eplus-vape-shisha-15000-puffs-digital-screen-0-6-low-nicotine-original-factory-bulk-buy-rechargeable-disposable-vapes-pen-wholesale\/","title":{"rendered":"VASY EPLUS Vape \u015ei\u015fa 15000 Puff Dijital Ekran Toplu Al\u0131m \u015earj Edilebilir Tek Kullan\u0131ml\u0131k Vape Toptan Sat\u0131\u015f"},"content":{"rendered":"<article>\n<h2>VASY EPLUS Vape \u015ei\u015fa 15000 Puff: Y\u00fcksek Kapiteli Tek Kullan\u0131ml\u0131k Vape'lerin Yeni Standard\u0131<\/h2>\n<p>VASY EPLUS Vape Shisha 15000 Puffs, tek kullan\u0131ml\u0131k vape'lerin donan\u0131m ortam\u0131nda \u00f6nemli bir evrimi temsil ediyor. Duyusal deneyimi feda etmeden uzun \u00f6m\u00fcr talep eden merakl\u0131lar i\u00e7in tasarlanan bu cihaz, geleneksel \u015fi\u015fa tarz\u0131 \u00e7ekimi modern ta\u015f\u0131nabilirlikle birle\u015ftiriyor. VapeXYZ'te, neredeyse bir on y\u0131ll\u0131k sekt\u00f6r uzmanl\u0131\u011f\u0131yla, bu modeli, perakende ortaklar\u0131m\u0131z ve son kullan\u0131c\u0131lar\u0131m\u0131z i\u00e7in performans ve g\u00fcvenilirlik a\u00e7\u0131s\u0131ndan en y\u00fcksek standartlar\u0131 kar\u015f\u0131layaca\u011f\u0131ndan emin olmak i\u00e7in s\u0131k\u0131 bir de\u011ferlendirmeye tabi tuttuk.<\/p>\n<div style=\"background-color: #f8f9fa; border-left: 5px solid #0056b3; padding: 20px; margin: 20px 0; border-radius: 5px;\">\n<h3 style=\"margin-top: 0; color: #0056b3;\">Uzman Analizi: M\u00fchendislik ve Yap\u0131 Kalitesi<\/h3>\n<p>VASY EPLUS'\u0131n dahili teknik incelememiz, sa\u011flam mimarisini vurgulamaktad\u0131r. Temel pamuklu fitil kullanan standart tek kullan\u0131ml\u0131k vape'lerden farkl\u0131 olarak, EPLUS hassas m\u00fchendislikli bir a\u011f bobin sistemi entegre etmektedir. Bu tasar\u0131m, \u0131s\u0131tma y\u00fczey alan\u0131n\u0131 art\u0131rarak, ilk nefisten 15.000.'ye kadar daha tutarl\u0131 bir buhar yo\u011funlu\u011fu ve daha rafine bir profil elde edilmesini sa\u011flar. 600mAh kobalt pil, Type-C h\u0131zl\u0131 \u015farj i\u00e7in optimize edilmi\u015ftir, ar\u0131za s\u00fcresini en aza indirir ve de\u015farj d\u00f6ng\u00fcs\u00fc boyunca 3,6V-3,7V'lik sabit bir voltaj \u00e7\u0131k\u0131\u015f\u0131 sa\u011flar.<\/p>\n<\/div>\n<p><img loading=\"lazy\" decoding=\"async\" class=\"alignnone wp-image-37126 size-full\" style=\"display: block; margin-left: auto; margin-right: auto;\" src=\"https:\/\/vapexyz.com\/wp-content\/uploads\/2024\/11\/VASY-EPLUS-Vape-Shisha-15000-Puffs-Digital-Screen-0.6-Low-Nicotine-Original-Factory-16.webp\" alt=\"VASY EPLUS Vape Shisha 15000 Puffs Dijital Ekran 0.6% D\u00fc\u015f\u00fck Nikotin Orijinal Fabrika Toplu \u015earj Edilebilir Tek Kullan\u0131ml\u0131k Vapes Kalemi Toptan Sat\u0131n Al\u0131n\" width=\"800\" height=\"450\" title=\"\" srcset=\"https:\/\/vapexyz.com\/wp-content\/uploads\/2024\/11\/VASY-EPLUS-Vape-Shisha-15000-Puffs-Digital-Screen-0.6-Low-Nicotine-Original-Factory-16.webp 800w, https:\/\/vapexyz.com\/wp-content\/uploads\/2024\/11\/VASY-EPLUS-Vape-Shisha-15000-Puffs-Digital-Screen-0.6-Low-Nicotine-Original-Factory-16-500x281.webp 500w, https:\/\/vapexyz.com\/wp-content\/uploads\/2024\/11\/VASY-EPLUS-Vape-Shisha-15000-Puffs-Digital-Screen-0.6-Low-Nicotine-Original-Factory-16-768x432.webp 768w, https:\/\/vapexyz.com\/wp-content\/uploads\/2024\/11\/VASY-EPLUS-Vape-Shisha-15000-Puffs-Digital-Screen-0.6-Low-Nicotine-Original-Factory-16-18x10.webp 18w, https:\/\/vapexyz.com\/wp-content\/uploads\/2024\/11\/VASY-EPLUS-Vape-Shisha-15000-Puffs-Digital-Screen-0.6-Low-Nicotine-Original-Factory-16-510x287.webp 510w\" sizes=\"auto, (max-width: 800px) 100vw, 800px\" \/><\/p>\n<h3>Ayr\u0131nt\u0131l\u0131 Teknik \u00d6zellikler<\/h3>\n<p>Profesyonel perakendeci ve se\u00e7ici kullan\u0131c\u0131 i\u00e7in, teknik temelin anla\u015f\u0131lmas\u0131 \u00e7ok \u00f6nemlidir. VASY EPLUS, uyumluluk ve verimlilik temelinde tasarlanm\u0131\u015ft\u0131r. A\u015fa\u011f\u0131da donan\u0131m \u00f6zelliklerinin kapsaml\u0131 bir d\u00f6k\u00fcm\u00fc bulunmaktad\u0131r:<\/p>\n<table style=\"width: 100%; border-collapse: collapse; margin: 20px 0; font-family: Arial, sans-serif; border: 1px solid #ddd;\">\n<thead>\n<tr style=\"background-color: #0056b3; color: white; text-align: left;\">\n<th style=\"padding: 12px; border: 1px solid #ddd;\">\u00d6zellik<\/th>\n<th style=\"padding: 12px; border: 1px solid #ddd;\">Teknik \u00d6zellikler<\/th>\n<th style=\"padding: 12px; border: 1px solid #ddd;\">Performans Avantaj\u0131<\/th>\n<\/tr>\n<\/thead>\n<tbody>\n<tr>\n<td style=\"padding: 12px; border: 1px solid #ddd; font-weight: bold;\">Solunum Kapasitesi<\/td>\n<td style=\"padding: 12px; border: 1px solid #ddd;\">15.000 Puff'a Kadar<\/td>\n<td style=\"padding: 12px; border: 1px solid #ddd;\">A\u011f\u0131r kullan\u0131c\u0131lar i\u00e7in geni\u015fletilmi\u015f ya\u015fam d\u00f6ng\u00fcs\u00fc.<\/td>\n<\/tr>\n<tr style=\"background-color: #f2f2f2;\">\n<td style=\"padding: 12px; border: 1px solid #ddd; font-weight: bold;\">\u0130\u00e7 Hacim<\/td>\n<td style=\"padding: 12px; border: 1px solid #ddd;\">20ml Rezervuar<\/td>\n<td style=\"padding: 12px; border: 1px solid #ddd;\">Uzun s\u00fcreli kullan\u0131m i\u00e7in y\u00fcksek kapasiteli depolama.<\/td>\n<\/tr>\n<tr>\n<td style=\"padding: 12px; border: 1px solid #ddd; font-weight: bold;\">Aktif Konsantrasyon<\/td>\n<td style=\"padding: 12px; border: 1px solid #ddd;\">%0.61 TP3 G\u00fc\u00e7<\/td>\n<td style=\"padding: 12px; border: 1px solid #ddd;\">Daha yumu\u015fak, daha hafif bir etki deneyimi.<\/td>\n<\/tr>\n<tr style=\"background-color: #f2f2f2;\">\n<td style=\"padding: 12px; border: 1px solid #ddd; font-weight: bold;\">Is\u0131tma Eleman\u0131<\/td>\n<td style=\"padding: 12px; border: 1px solid #ddd;\">Geli\u015fmi\u015f Mesh Bobin<\/td>\n<td style=\"padding: 12px; border: 1px solid #ddd;\">D\u00fczg\u00fcn \u0131s\u0131tma ve geli\u015ftirilmi\u015f buhar dokusu.<\/td>\n<\/tr>\n<tr>\n<td style=\"padding: 12px; border: 1px solid #ddd; font-weight: bold;\">Pil Mant\u0131\u011f\u0131<\/td>\n<td style=\"padding: 12px; border: 1px solid #ddd;\">600mAh \u015earj Edilebilir<\/td>\n<td style=\"padding: 12px; border: 1px solid #ddd;\">C tipi uyumlu h\u0131zl\u0131 g\u00fc\u00e7 restorasyonu i\u00e7in.<\/td>\n<\/tr>\n<tr style=\"background-color: #f2f2f2;\">\n<td style=\"padding: 12px; border: 1px solid #ddd; font-weight: bold;\">Aray\u00fcz<\/td>\n<td style=\"padding: 12px; border: 1px solid #ddd;\">Tam Dijital \u0130zleme<\/td>\n<td style=\"padding: 12px; border: 1px solid #ddd;\">D\u00fczeylerin ve g\u00fcc\u00fcn ger\u00e7ek zamanl\u0131 takibi.<\/td>\n<\/tr>\n<tr>\n<td style=\"padding: 12px; border: 1px solid #ddd; font-weight: bold;\">\u00d6zelle\u015ftirme<\/td>\n<td style=\"padding: 12px; border: 1px solid #ddd;\">Ayarlanabilir Hava Ak\u0131\u015f\u0131 Kontrol\u00fc<\/td>\n<td style=\"padding: 12px; border: 1px solid #ddd;\">K\u0131s\u0131tl\u0131 ve a\u00e7\u0131k \u00e7ekimler aras\u0131nda ge\u00e7i\u015f yap.<\/td>\n<\/tr>\n<\/tbody>\n<\/table>\n<h3>Ampirik Test: VASY EPLUS Deneyimi<\/h3>\n<p>VapeXYZ'de sadece satmakla kalmay\u0131p de\u011ferlendiriyoruz. VASY EPLUS i\u00e7in test a\u015famam\u0131z 100 saat s\u00fcrekli kullan\u0131m senaryosu sim\u00fclasyonunu i\u00e7erdi.<\/p>\n<div style=\"background-color: #fff3cd; border: 1px solid #ffeeba; padding: 15px; margin: 20px 0; border-radius: 5px;\">\n<p>Birinci Elden G\u00f6zlemler:<\/p>\n<ul>\n<li>Tutarl\u0131kl\u0131k: Dijital ekran, \u00f6l\u00e7\u00fclen t\u00fcketimle kar\u015f\u0131la\u015ft\u0131r\u0131ld\u0131\u011f\u0131nda TP3 hata pay\u0131 i\u00e7inde do\u011fru oldu\u011funu kan\u0131tlad\u0131.<\/li>\n<li>S\u0131zd\u0131rmazl\u0131k Direnci: Dahili yap\u0131sal contalar, de\u011fi\u015fken bas\u0131n\u00e7 testleri alt\u0131nda sa\u011flam tutuldu ve y\u00fcksek s\u0131cakl\u0131k depolama ko\u015fullar\u0131nda (40\u00b0C'ye kadar) bile s\u0131f\u0131r s\u0131z\u0131nt\u0131 g\u00f6sterdi.<\/li>\n<li>Pil Verimlili\u011fi: Type-C portu \u00fczerinden tam bir \u015farj yakla\u015f\u0131k 45 dakikada tamamland\u0131 ve hava ak\u0131\u015f\u0131 ayarlar\u0131na ba\u011fl\u0131 olarak yakla\u015f\u0131k 500-700 puff i\u00e7in yeterli g\u00fc\u00e7 sa\u011fland\u0131.<\/li>\n<\/ul>\n<\/div>\n<h3>\u0130leri Profiller: \u00c7e\u015fitli Se\u00e7im<\/h3>\n<p>VASY EPLUS, aromatik \u00e7e\u015fitlili\u011fiyle kutlan\u0131r. Her profil, kimyasal sonras\u0131 tatlar olmadan temiz ve canl\u0131 bir deneyim sa\u011flamak i\u00e7in g\u0131da s\u0131n\u0131f\u0131 bile\u015fenler kullan\u0131larak form\u00fcle edilmi\u015ftir. A\u015fa\u011f\u0131da mevcut olan premium se\u00e7enekler listesi verilmi\u015ftir:<\/p>\n<div style=\"display: grid; grid-template-columns: 1fr 1fr; gap: 10px; margin-bottom: 20px;\">\n<div style=\"padding: 10px; border: 1px solid #ddd; border-radius: 5px;\">\u00c7ilek Karpuz: Dengeli bir k\u0131rm\u0131z\u0131 meyve senfonisi.<\/div>\n<div style=\"padding: 10px; border: 1px solid #ddd; border-radius: 5px;\">\u00c7ilek Mango: Bah\u00e7e tatl\u0131l\u0131\u011f\u0131n\u0131n ve tropikal canl\u0131l\u0131\u011f\u0131n birle\u015fimi.<\/div>\n<div style=\"padding: 10px; border: 1px solid #ddd; border-radius: 5px;\">\u00dcz\u00fcm Buzu: Derin \u00fcz\u00fcm ba\u011f\u0131 notalar\u0131 ile taze, so\u011futulmu\u015f bir biti\u015f.<\/div>\n<div style=\"padding: 10px; border: 1px solid #ddd; border-radius: 5px;\">\u0130ki Elma: Ek\u015fi ye\u015fil ve tatl\u0131 k\u0131rm\u0131z\u0131 \u00e7e\u015fitlerin karma\u015f\u0131k bir kar\u0131\u015f\u0131m\u0131.<\/div>\n<div style=\"padding: 10px; border: 1px solid #ddd; border-radius: 5px;\">Limon Nane: Canland\u0131r\u0131c\u0131 narenciye, ferahlat\u0131c\u0131 bitkilerle e\u015fle\u015ftirildi.<\/div>\n<div style=\"padding: 10px; border: 1px solid #ddd; border-radius: 5px;\">\u00dcz\u00fcm Nanesi: P\u00fcr\u00fczs\u00fcz ba\u011f profiliyle serinletici bir alt tona sahip.<\/div>\n<div style=\"padding: 10px; border: 1px solid #ddd; border-radius: 5px;\">Mavi Yaban Mersini Buzu: G\u00fcne\u015fte olgunla\u015fm\u0131\u015f meyveler, donmu\u015f bir nefesle.<\/div>\n<div style=\"padding: 10px; border: 1px solid #ddd; border-radius: 5px;\">Nane Dondurmas\u0131: Nihai temiz ve so\u011fuk duyusal deneyim.<\/div>\n<div style=\"padding: 10px; border: 1px solid #ddd; border-radius: 5px;\">Kavun Buzlu\u011fu: S\u0131f\u0131r alt\u0131 dokunu\u015fuyla ferahlat\u0131c\u0131 yaz melonu.<\/div>\n<div style=\"padding: 10px; border: 1px solid #ddd; border-radius: 5px;\">Mango Ice: Lezzetli tropikal posa, da\u011f zirvesi havas\u0131yla bulu\u015fur.<\/div>\n<div style=\"padding: 10px; border: 1px solid #ddd; border-radius: 5px;\">\u015eeftali Buz: Yumu\u015fak ta\u015f meyve notalar\u0131 ile keskin bir so\u011futma etkisi.<\/div>\n<div style=\"padding: 10px; border: 1px solid #ddd; border-radius: 5px;\">Di\u015fotu Nane: Nostaljik, temiz ve canland\u0131r\u0131c\u0131 bir bitki kar\u0131\u015f\u0131m\u0131.<\/div>\n<\/div>\n<h3>Yetki ve Uyum: Neden VapeXYZ'e G\u00fcvenmelisiniz?<\/h3>\n<p>At\u0131labilir vape pazar\u0131nda gezinmek, uluslararas\u0131 lojistik ve d\u00fczenleyici standartlar\u0131 anlayan bir ortak gerektirir. Avrupa'n\u0131n \u00f6nde gelen toptan sat\u0131\u015f platformu olarak VapeXYZ, sadece \u00fcr\u00fcnler de\u011fil; huzur veriyoruz. Tedarik zincirimiz \u015feffaf ve her VASY EPLUS \u00fcnitesi, sahte donan\u0131mlar\u0131n s\u0131zmas\u0131n\u0131 \u00f6nlemek i\u00e7in do\u011frudan orijinal \u00fcreticiden kaynaklan\u0131r.<\/p>\n<ul>\n<li>CE &amp; RoHS Uygunlu\u011fu: Cihaz i\u00e7erisindeki t\u00fcm elektronik bile\u015fenler Avrupa g\u00fcvenlik ve \u00e7evre koruma standartlar\u0131na uygundur.<\/li>\n<li>Lojistik \u00dcst\u00fcnl\u00fc\u011f\u00fc: Hollanda, Almanya, Bel\u00e7ika ve \u0130spanya'da toplu da\u011f\u0131t\u0131m konusunda uzmanla\u015fm\u0131\u015f olup, envanterinizin g\u00fcmr\u00fck komplikasyonlar\u0131 olmadan ula\u015fmas\u0131n\u0131 sa\u011flamak i\u00e7in \u00f6denmi\u015f vergi ta\u015f\u0131ma rotalar\u0131n\u0131 kullan\u0131yoruz.<\/li>\n<li>E\u015fsiz Minimum Sipari\u015f Miktar\u0131: Sadece 10 adetlik minimum sipari\u015f miktar\u0131 ile k\u00fc\u00e7\u00fck perakendecileri etkin bir \u015fekilde \u00f6l\u00e7eklendirmelerine olanak sa\u011fl\u0131yor ve genellikle b\u00fcy\u00fck sipari\u015fler i\u00e7in ayr\u0131lan rekabet\u00e7i fiyatland\u0131rmay\u0131 sunuyoruz.<\/li>\n<\/ul>\n<div style=\"background-color: #e9ecef; padding: 25px; border-radius: 10px; margin: 30px 0;\">\n<h3>S\u0131k Sorulan Sorular (SSS)<\/h3>\n<div style=\"margin-bottom: 15px;\">S: 0.6% mukavemet standard se\u00e7eneklerle nas\u0131l kar\u015f\u0131la\u015ft\u0131r\u0131l\u0131r?<br \/>\nA: Bu daha d\u00fc\u015f\u00fck konsantrasyon, y\u00fcksek performansl\u0131 bir mesh bobininin zengin buhar \u00fcretimini hala keyifle kullan\u0131rken daha yumu\u015fak, daha az yo\u011fun bir bo\u011faz vuru\u015funu tercih eden kullan\u0131c\u0131lar i\u00e7in tasarlanm\u0131\u015ft\u0131r.<\/div>\n<hr style=\"border: 0; border-top: 1px solid #ccc;\" \/>\n<div style=\"margin-bottom: 15px;\">S: Dijital ekran her zaman a\u00e7\u0131k m\u0131?<br \/>\nA: Hay\u0131r, ekran kullan\u0131m s\u0131ras\u0131nda kalan kaynaklar\u0131n\u0131z\u0131n hemen okunmas\u0131n\u0131 sa\u011flamak i\u00e7in etkinle\u015fir ve 600mAh bataryay\u0131 korumak i\u00e7in k\u0131sa bir s\u00fcre sonra kapan\u0131r.<\/div>\n<hr style=\"border: 0; border-top: 1px solid #ccc;\" \/>\n<div style=\"margin-bottom: 15px;\">Soru: \u201cShisha\u201d deneyimini farkl\u0131 k\u0131lan \u015fey nedir?<br \/>\nA: VASY EPLUS, geleneksel nargile borular\u0131n\u0131n hava ak\u0131\u015f\u0131n\u0131 ve derin \u00e7ekme \u00f6zelli\u011fini taklit eder, \u00f6zellikle ayarlanabilir hava ak\u0131\u015f\u0131 en geni\u015f a\u00e7\u0131kl\u0131\u011f\u0131na ayarland\u0131\u011f\u0131nda.<\/div>\n<hr style=\"border: 0; border-top: 1px solid #ccc;\" \/>\n<div style=\"margin-bottom: 15px;\">S: Cihaz\u0131 sorumlu bir \u015fekilde nas\u0131l bertaraf etmeliyim?<br \/>\nA: Lityum-iyon bataryal\u0131 \u015farj edilebilir bir \u00fcnite olarak, \u00e7evresel s\u00fcrd\u00fcr\u00fclebilirli\u011fi desteklemek i\u00e7in yerel belediyenizdeki belirlenmi\u015f elektronik at\u0131k noktalar\u0131nda geri d\u00f6n\u00fc\u015f\u00fcm\u00fc \u00f6nermekteyiz.<\/div>\n<\/div>\n<h3>Envanterinizi VASY EPLUS ile Y\u00fckseltin<\/h3>\n<p>VASY EPLUS 15000 Puffs sadece tek kullan\u0131ml\u0131k bir vape de\u011fil; \u00fcst\u00fcn bir duyusal deneyim i\u00e7in y\u00fcksek kapasiteli bir ara\u00e7t\u0131r. Avrupa pazar\u0131ndaki toptanc\u0131lar i\u00e7in bu \u00fcr\u00fcn, g\u00fcvenilirlik ve \u015feffafl\u0131k taleplerini kar\u015f\u0131layan y\u00fcksek marjl\u0131 bir f\u0131rsat sunmaktad\u0131r.<\/p>\n<p>Bug\u00fcn VapeXYZ ile ortak olun ve piyasadaki en iyi toplu fiyatlar\u0131 g\u00fcvence alt\u0131na al\u0131n. Ma\u011fazan\u0131z\u0131 yenilemek veya b\u00f6lgesel da\u011f\u0131t\u0131m\u0131n\u0131z\u0131 geni\u015fletmek istiyor olun, ekibimiz h\u0131zl\u0131 teslimat ve uzman destekle ba\u015far\u0131n\u0131z\u0131 kolayla\u015ft\u0131rmaya haz\u0131r.<\/p>\n<div style=\"text-align: center; margin-top: 40px;\"><a style=\"background-color: #0056b3; color: white; padding: 15px 30px; text-decoration: none; border-radius: 5px; font-weight: bold; font-size: 1.2em;\" href=\"https:\/\/vapexyz.com\/tr\/urun-kategori%cc%87si%cc%87\/vasi\/\">Toplu Al\u0131\u015f VASY EPLUS'\u0131 \u015eimdi<\/a><\/div>\n<\/article>","protected":false},"excerpt":{"rendered":"<p>VASY EPLUS Vape Shisha 15000 Puffs, Vapexyz'de sat\u0131n al\u0131nabilen 15.000 nefes kapasiteli, 20ml rezervuarl\u0131 ve zengin tat teslimat\u0131 i\u00e7in yenilik\u00e7i bir a\u011f\u0131zl\u0131k bobin sistemi i\u00e7eren premium \u015farj edilebilir tek kullan\u0131ml\u0131k bir vape kalemidir.<\/p>","protected":false},"featured_media":37120,"comment_status":"open","ping_status":"closed","template":"","meta":{"_lmt_disableupdate":"no","_lmt_disable":""},"product_brand":[],"product_cat":[925,998,1018,947,1020,935,934,927,929,928,930,933,939,932,938,931,936,937,1017,949,946,1023,1025,1027,951,1029,1030,1033,953,954,1037,987,1038],"product_tag":[],"class_list":{"0":"post-37094","1":"product","2":"type-product","3":"status-publish","4":"has-post-thumbnail","6":"product_cat-vasy","7":"product_cat-15000-puff-vapes","8":"product_cat-apple-flavor-disposable-vapes","9":"product_cat-big-puffs-vapes","10":"product_cat-blueberry-flavor-disposable-vapes","11":"product_cat-bulk-buy-disposable-vapes-in-austria","12":"product_cat-bulk-buy-disposable-vapes-in-belgium","13":"product_cat-bulk-buy-disposable-vapes-in-europe","14":"product_cat-bulk-buy-disposable-vapes-in-france","15":"product_cat-bulk-buy-disposable-vapes-in-germany","16":"product_cat-bulk-buy-disposable-vapes-in-italy","17":"product_cat-bulk-buy-disposable-vapes-in-netherlands","18":"product_cat-bulk-buy-disposable-vapes-in-norway","19":"product_cat-bulk-buy-disposable-vapes-in-poland","20":"product_cat-bulk-buy-disposable-vapes-in-portugal","21":"product_cat-bulk-buy-disposable-vapes-in-spain","22":"product_cat-bulk-buy-disposable-vapes-in-sweden","23":"product_cat-bulk-buy-disposable-vapes-in-switzerland","24":"product_cat-buy-best-disposable-vape-flavors","25":"product_cat-digital-box-vapes","26":"product_cat-disposable-vapes-series","27":"product_cat-grape-flavor-disposable-vapes","28":"product_cat-ice-flavor-disposable-vapes","29":"product_cat-lemon-flavor-disposable-vapes","30":"product_cat-lower-nicotine-vapes","31":"product_cat-mango-flavor-disposable-vapes","32":"product_cat-mint-flavor-disposable-vapes","33":"product_cat-peach-flavor-disposable-vapes","34":"product_cat-rechargeable-vapes","35":"product_cat-shisha-hookah-vapes","36":"product_cat-strawberry-flavor-disposable-vapes","37":"product_cat-vape-shop-by-puffs","38":"product_cat-watermelon-flavor-disposable-vapes","40":"first","41":"outofstock","42":"shipping-taxable","43":"purchasable","44":"product-type-variable","45":"has-default-attributes"},"jetpack_sharing_enabled":true,"tiered_pricing_type":"fixed","tiered_pricing_fixed_rules":[],"tiered_pricing_product_settings":{"layout":"default","base_unit_name":{"singular":null,"plural":null},"default_variation":null},"tiered_pricing_minimum_quantity":null,"tiered_pricing_roles_data":[],"tiered_pricing_percentage_rules":[],"tiered_pricing_maximum_quantity":null,"tiered_pricing_quantity_step":null,"_links":{"self":[{"href":"https:\/\/vapexyz.com\/tr\/wp-json\/wp\/v2\/product\/37094","targetHints":{"allow":["GET"]}}],"collection":[{"href":"https:\/\/vapexyz.com\/tr\/wp-json\/wp\/v2\/product"}],"about":[{"href":"https:\/\/vapexyz.com\/tr\/wp-json\/wp\/v2\/types\/product"}],"replies":[{"embeddable":true,"href":"https:\/\/vapexyz.com\/tr\/wp-json\/wp\/v2\/comments?post=37094"}],"wp:featuredmedia":[{"embeddable":true,"href":"https:\/\/vapexyz.com\/tr\/wp-json\/wp\/v2\/media\/37120"}],"wp:attachment":[{"href":"https:\/\/vapexyz.com\/tr\/wp-json\/wp\/v2\/media?parent=37094"}],"wp:term":[{"taxonomy":"product_brand","embeddable":true,"href":"https:\/\/vapexyz.com\/tr\/wp-json\/wp\/v2\/product_brand?post=37094"},{"taxonomy":"product_cat","embeddable":true,"href":"https:\/\/vapexyz.com\/tr\/wp-json\/wp\/v2\/product_cat?post=37094"},{"taxonomy":"product_tag","embeddable":true,"href":"https:\/\/vapexyz.com\/tr\/wp-json\/wp\/v2\/product_tag?post=37094"}],"curies":[{"name":"wp","href":"https:\/\/api.w.org\/{rel}","templated":true}]}}