{"id":36076,"date":"2024-10-26T08:35:59","date_gmt":"2024-10-26T08:35:59","guid":{"rendered":"https:\/\/vapexyz.com\/?post_type=product&#038;p=36076"},"modified":"2026-03-01T01:44:41","modified_gmt":"2026-03-01T01:44:41","slug":"atv-savas-gemisi-18000-puf-dijital-ekran-cift-orgu-5-dusuk-nikotin-orijinal-fabrika-toplu-sarj-edilebilir-tek-kullanimlik-vapes-kalem-toptan-satin-alin","status":"publish","type":"product","link":"https:\/\/vapexyz.com\/tr\/product\/atvs-warship-18000-puffs-digital-screen-dual-mesh-5-low-nicotine-original-factory-bulk-buy-rechargeable-disposable-vapes-pen-wholesale\/","title":{"rendered":"ATVS WARSHIP 18000 Puffs Dijital Ekran \u00c7ift A\u011f Bulk Al\u0131m \u015earj Edilebilir Tek Kullan\u0131ml\u0131k Vape Toptan Sat\u0131\u015f"},"content":{"rendered":"<article style=\"font-family: system-ui, -apple-system, sans-serif; line-height: 1.6; color: #333; max-width: 100%; margin: 0 auto; padding: 20px;\">\n<h2 style=\"color: #1a202c; border-bottom: 2px solid #e2e8f0; padding-bottom: 10px; font-size: 2em;\">ATVS WARSHIP 18000 Puffs Dijital Ekran \u00c7ift A\u011f 5% Konsantrasyon Orijinal Fabrika Toplu Al\u0131m \u015earj Edilebilir Tek Kullan\u0131ml\u0131k Vape Kalem Toptan Sat\u0131\u015f<\/h2>\n<p>ATVS WARSHIP 18000 Puffs, y\u00fcksek kapasiteli tek kullan\u0131ml\u0131k vape'lerin m\u00fchendisli\u011finde \u00f6nemli bir ilerleme temsil eder. Hem son kullan\u0131c\u0131lar\u0131n hem de toptan distrib\u00fct\u00f6rlerin kat\u0131 taleplerini kar\u015f\u0131lamak \u00fczere tasarlanan bu \u00f6zel cihaz, uzun bir operasyonel \u00f6m\u00fcr ile hassas elektronik izleme birle\u015ftirir. VapeXYZ, k\u00fcresel distrib\u00fct\u00f6rl\u00fckte sekiz y\u0131l\u0131 a\u015fk\u0131n k\u00f6kl\u00fc end\u00fcstri deneyimine dayanarak, bu premium donan\u0131m\u0131 Avrupa pazar\u0131na ve \u00f6tesine gururla sunar. Do\u011frulukla \u00f6l\u00e7\u00fclebilir performans metriklerine, sa\u011flam i\u00e7 mimariye ve g\u00fcvenilir tedarik zinciri lojisti\u011fine odaklanarak, perakende ortaklar\u0131m\u0131za, ger\u00e7ek B2B uzmanl\u0131\u011f\u0131yla desteklenen son derece g\u00fcvenilir bir \u00fcr\u00fcn sunar\u0131z.<\/p>\n<p>\u0130ster b\u00fcy\u00fck \u00f6l\u00e7ekli bir da\u011f\u0131t\u0131m a\u011f\u0131, isterse uzmanla\u015fm\u0131\u015f bir butik i\u015fletsin, g\u00fcvenilir tek kullan\u0131ml\u0131k vape'lerin temini, donan\u0131m\u0131n teknik \u00f6zelliklerinin net bir \u015fekilde anla\u015f\u0131lmas\u0131n\u0131 gerektirir. ATVS WARSHIP, b\u00fcy\u00fck \u00fcretim partileri genelinde tutarl\u0131l\u0131\u011f\u0131 sa\u011flayan kat\u0131 kalite kontrol standartlar\u0131na uyularak, son teknoloji tesislerde \u00fcretilmektedir. VapeXYZ arac\u0131l\u0131\u011f\u0131yla, ticari al\u0131c\u0131lar bu \u00fcst d\u00fczey cihazlara, yaln\u0131zca 10 adetlik son derece eri\u015filebilir Minimum Sipari\u015f Miktar\u0131 (MOQ) ile eri\u015febilir, b\u00f6ylece b\u00fcy\u00fck fabrika \u00e7\u0131kt\u0131lar\u0131 ile esnek envanter y\u00f6netimi aras\u0131ndaki bo\u015flu\u011fu kapat\u0131r.<\/p>\n<h3 style=\"color: #2d3748; margin-top: 30px; font-size: 1.5em;\">Teknik \u00d6zellikler ve Donan\u0131m M\u00fchendisli\u011fi<\/h3>\n<p>ATVS WARSHIP'in performans\u0131n\u0131n merkezinde, son derece optimize edilmi\u015f dahili mimarisi yer almaktad\u0131r. \u0130lkel tek telli konfig\u00fcrasyonlardan uzakla\u015farak, bu cihaz geli\u015fmi\u015f bir \u00c7ift A\u011f\u0131r Is\u0131tma matrisi kullan\u0131r. A\u011f elemanlar\u0131, geleneksel bobinli tellerle kar\u015f\u0131la\u015ft\u0131r\u0131ld\u0131\u011f\u0131nda \u00e7ok daha \u00fcst\u00fcn bir y\u00fczey alan\u0131 sa\u011flar. M\u00fchendislik perspektifinden bak\u0131ld\u0131\u011f\u0131nda, bu artan y\u00fczey alan\u0131, termal enerjinin daha d\u00fczg\u00fcn bir \u015fekilde da\u011f\u0131t\u0131lmas\u0131na olanak tan\u0131r. Lokalize s\u0131cak noktalar\u0131 en aza indirerek, \u00e7ift a\u011f sistemi, dahili aerosol olu\u015fturma \u00e7\u00f6z\u00fcm\u00fcn\u00fcn erken bozulmas\u0131n\u0131 \u00f6nler ve buhar\u0131n yap\u0131sal b\u00fct\u00fcnl\u00fc\u011f\u00fcn\u00fcn, cihaz\u0131n ilk aktivasyonundan son i\u015flemine kadar tutarl\u0131 kalmas\u0131n\u0131 sa\u011flar.<\/p>\n<p>Bu karma\u015f\u0131k termodinamik s\u00fcreci g\u00fc\u00e7lendiren, y\u00fcksek kaliteli 750mAh lityum-iyon g\u00fc\u00e7 h\u00fccresidir. M\u00fckemmel enerji yo\u011funlu\u011fu ve kararl\u0131 de\u015farj e\u011frisi nedeniyle se\u00e7ilen bu \u015farj edilebilir pil, cihaz\u0131n \u00e7ift a\u011f\u0131zl\u0131 matrisini etkili bir \u015fekilde \u00e7al\u0131\u015ft\u0131racak gerekli voltaj \u00e7\u0131k\u0131\u015f\u0131n\u0131 s\u00fcrd\u00fcrebilmesini sa\u011flar. Type-C \u015farj portunun dahil edilmesi, cihaz\u0131 modern elektronik standartlarla uyumlu hale getirerek g\u00fc\u00e7 h\u00fccresinin h\u0131zl\u0131 bir \u015fekilde yeniden doldurulmas\u0131n\u0131 sa\u011flar. Dahili g\u00fc\u00e7 y\u00f6netim sistemleri, gelen ak\u0131m\u0131 d\u00fczenleyerek pilin a\u015f\u0131r\u0131 \u015farj, derin de\u015farj ve termal ka\u00e7ak kar\u015f\u0131 korunmas\u0131n\u0131 sa\u011flar, b\u00f6ylece donan\u0131m\u0131n kullan\u0131labilir \u00f6mr\u00fcn\u00fc uzat\u0131r.<\/p>\n<p>Ayr\u0131ca, cihaz 25ml'lik b\u00fcy\u00fck bir rezervuar kapasitesine sahiptir. Bu dahili tank, kimyasal direnci ve termal stabilitesi nedeniyle \u00f6zel olarak se\u00e7ilen, y\u00fcksek kaliteli, g\u0131da s\u0131n\u0131f\u0131 PCTG polimerlerinden in\u015fa edilmi\u015ftir. Bu, tescilli 5% konsantrasyon form\u00fclasyonunun kirlenmeden ve \u015fasi i\u00e7inde g\u00fcvenli bir \u015fekilde bar\u0131nd\u0131r\u0131lmas\u0131n\u0131 sa\u011flayarak, nakliye veya g\u00fcnl\u00fck kullan\u0131m s\u0131ras\u0131nda s\u0131z\u0131nt\u0131 riskini b\u00fcy\u00fck \u00f6l\u00e7\u00fcde azalt\u0131r.<\/p>\n<h3 style=\"color: #2d3748; margin-top: 30px; font-size: 1.5em;\">Ampirik Performans Metrikleri ve Telemetri<\/h3>\n<p>\u201c18.000 puf\u201d iddias\u0131 keyfi bir rakam de\u011fil, standartla\u015ft\u0131r\u0131lm\u0131\u015f test metodolojilerinden elde edilmi\u015ftir. Kontroll\u00fc laboratuvar ortamlar\u0131nda ATVS WARSHIP, otomatik solunum sim\u00fclat\u00f6rleri kullan\u0131larak titiz bir de\u011ferlendirmeye tabi tutulur. Bu mekanize sistemler, her aktivasyonun s\u00fcresini ve aralar\u0131ndaki dinlenme aral\u0131klar\u0131n\u0131 kesin bir \u015fekilde d\u00fczenleyerek, insan \u00e7ekme desenlerini \u00e7o\u011faltacak \u015fekilde kalibre edilmi\u015ftir. Bu ampirik testler yoluyla, cihaz 25 ml'lik dahili form\u00fclasyonu verimli bir \u015fekilde i\u015fleme yetene\u011fini s\u00fcrekli olarak g\u00f6sterir, uzun vadeli operasyonel kapasitesini do\u011frular.<\/p>\n<p>Bu tek kullan\u0131ml\u0131k vape'ye en \u00f6nemli teknolojik katk\u0131lardan biri entegre LED dijital ekrand\u0131r. Geleneksel tek kullan\u0131ml\u0131k vapes'ler genellikle kullan\u0131c\u0131y\u0131 cihaz\u0131n kalan \u00f6mr\u00fc konusunda tahmin y\u00fcr\u00fctmeye b\u0131rak\u0131r ve beklenmeyen \u015fekilde t\u00fckenmeye yol a\u00e7ar. ATVS WARSHIP, voltaj d\u00fc\u015f\u00fc\u015flerini \u00f6l\u00e7en ve rezervuar hacmini tahmin eden dahili mikrodenetleyicileri kullanarak bunu \u00e7\u00f6zer. Bu telemetri verileri, LED ekrana ger\u00e7ek zamanl\u0131 olarak \u00e7evrilerek, kullan\u0131c\u0131n\u0131n mevcut pil \u015farj\u0131 ve kalan aerosol olu\u015fturma kapasitesi hakk\u0131nda hassas, ampirik bir okuma sa\u011flar. Bu veri odakl\u0131 yakla\u015f\u0131m, \u00f6ng\u00f6r\u00fclebilirli\u011fi ve kontrol\u00fc \u00f6nceliklendirerek kullan\u0131c\u0131 deneyimini y\u00fckseltir.<\/p>\n<h3 style=\"color: #2d3748; margin-top: 30px; font-size: 1.5em;\">Kalite G\u00fcvence ve Da\u011f\u0131t\u0131m Kurumu<\/h3>\n<p>Bug\u00fcn\u00fcn pazar\u0131nda tek kullan\u0131ml\u0131k vape'leri kaynaklamak, inkar edilemez operasyonel yetkiye sahip kurulu\u015flarla ortakl\u0131k kurmay\u0131 gerektirir. VapeXYZ, katalo\u011fumuza getirilen \u00fcr\u00fcnleri titizlikle inceleyen profesyonel bir toptan distrib\u00fct\u00f6r olarak faaliyet g\u00f6stermektedir. ATVS WARSHIP, g\u00fcvenlik ve uyumlulu\u011fu \u00f6nceliklendiren \u00fcretim ortamlar\u0131nda monte edilir ve genellikle CE ve RoHS gibi standart t\u00fcketici elektroni\u011fi sertifikalar\u0131na uyar. Bu, montajda kullan\u0131lan a\u011f\u0131r metallar\u0131n ve elektronik bile\u015fenlerin kat\u0131 uluslararas\u0131 g\u00fcvenlik standartlar\u0131na uygunlu\u011funu sa\u011flar.<\/p>\n<p>Sekiz y\u0131ll\u0131k operasyonel ge\u00e7mi\u015fimiz, lojistik \u00e7er\u00e7evelerimizi geli\u015ftirmemizi sa\u011flad\u0131. VapeXYZ, do\u011frudan toptan sat\u0131\u015f fiyatland\u0131rma modellerini garanti ederek ortaklar\u0131m\u0131z\u0131n \u00fcr\u00fcn \u00f6zg\u00fcnl\u00fc\u011f\u00fcnden \u00f6d\u00fcn vermeden optimize edilmi\u015f kar marjlar\u0131ndan yararlanmas\u0131n\u0131 sa\u011flar. Sadece 10 birim olan son derece d\u00fc\u015f\u00fck MOQ'muz, perakendecilerin b\u00fcy\u00fck envanter harcamalar\u0131na taahh\u00fctte bulunmadan \u00f6nce piyasa kabul\u00fcn\u00fc ampirik olarak test etmelerine olanak sa\u011flamak \u00fczere \u00f6zel olarak tasarlanm\u0131\u015ft\u0131r. Bu \u015feffaf, ortak odakl\u0131 yakla\u015f\u0131m, VapeXYZ'in k\u00fcresel da\u011f\u0131t\u0131m peyzaj\u0131nda g\u00fcvenilir bir direk olarak kurulmas\u0131n\u0131 sa\u011flayan \u015feydir.<\/p>\n<h3 style=\"color: #2d3748; margin-top: 30px; font-size: 1.5em;\">Aromatik Profiller ve Duyusal Se\u00e7enekler<\/h3>\n<p>\u00c7e\u015fitli t\u00fcketici tercihlerine uyum sa\u011flamak i\u00e7in ATVS WARSHIP, \u00f6zenle haz\u0131rlanm\u0131\u015f \u00e7e\u015fitli aromatik profillerle form\u00fcle edilmi\u015ftir. Bu kar\u0131\u015f\u0131mlar, sabit ve dengeli bir duyusal deneyim sunmak i\u00e7in y\u00fcksek safl\u0131kta koku bile\u015fikleri kullan\u0131larak geli\u015ftirilmi\u015ftir.<\/p>\n<ul style=\"list-style-type: square; padding-left: 20px; color: #4a5568;\">\n<li>\u00c7ilek ve Dondurma: Tatl\u0131 yaz meyvesi aromalar\u0131n\u0131n zengin, kremal\u0131 ve serinletici bir uyum i\u00e7indeki dengeli f\u00fczyonu.<\/li>\n<li>\u00c7ilek ve Karpuz: \u0130ki olduk\u00e7a pop\u00fcler botanik profilin gevrek, ferahlat\u0131c\u0131 bir kombinasyonu.<\/li>\n<li>Litchi ile Dondurma: Sofistike, egzotik bir profil, p\u00fcr\u00fczs\u00fcz, so\u011futulmu\u015f bir biti\u015f ile tamamlan\u0131yor.<\/li>\n<li>Nane: Saf bir \u015fekilde canland\u0131r\u0131c\u0131, gevrek ve serinletici bir botanik \u00f6z\u00fc.<\/li>\n<li>Meyve Kar\u0131\u015f\u0131m\u0131: \u00c7e\u015fitli bah\u00e7e ve tropikal aromalar\u0131n karma\u015f\u0131k bir bile\u015fimi.<\/li>\n<li>Mango ile Dondurma: Zengin, tropikal notlar yo\u011fun, serinletici bir alt ak\u0131m ile katmanl\u0131.<\/li>\n<li>Guava ile Dondurma: Canl\u0131, hafif\u00e7e ek\u015fi bir tropikal \u00f6z, kremal\u0131 bir serinlikle tamamland\u0131.<\/li>\n<li>\u00dcz\u00fcm ile Dondurma: Derin, g\u00fc\u00e7l\u00fc asma meyvesi notalar\u0131, donuk ve p\u00fcr\u00fczs\u00fcz bir k\u0131vam ile dengelenmi\u015ftir.<\/li>\n<li>Mavi Yaban Mersini Buzlada: Keskin, vah\u015fi meyve aromalar\u0131 yo\u011fun bir so\u011futma etkisiyle e\u015fle\u015ftirildi.<\/li>\n<li>\u015eeftali Buzlada: Yumu\u015fak, tatl\u0131 ta\u015f meyve \u00f6zleri, gevrek, buzluluklu bir duyumla geli\u015ftirildi.<\/li>\n<li>Dondurma ile Kola: P\u00fcr\u00fczs\u00fcz kremal\u0131 bir tabaka ile katlanan nostaljik, k\u00f6p\u00fckl\u00fc bir kola profili.<\/li>\n<li>Karpuz ve Buz: Yaz\u0131n vazge\u00e7ilmez profili, keskin bir tazelik ve derin bir serinlik sunar.<\/li>\n<\/ul>\n<h3 style=\"color: #2d3748; margin-top: 30px; font-size: 1.5em;\">Kapsaml\u0131 \u00dcr\u00fcn Analizi<\/h3>\n<p>A\u015fa\u011f\u0131daki tablo, ATVS WARSHIP'in standartla\u015ft\u0131r\u0131lm\u0131\u015f \u00f6zelliklerini \u00f6zetlemekte ve donan\u0131m yeteneklerine ili\u015fkin net ve ampirik bir genel bak\u0131\u015f sunmaktad\u0131r.<\/p>\n<table style=\"width: 100%; border-collapse: collapse; margin: 25px 0; font-family: system-ui, -apple-system, sans-serif; box-shadow: 0 4px 6px rgba(0, 0, 0, 0.05); border-radius: 8px; overflow: hidden;\">\n<thead>\n<tr>\n<th style=\"background-color: #2c3e50; color: #ffffff; padding: 15px; text-align: left; font-weight: 600; border-bottom: 2px solid #1a252f;\">M\u00fchendislik \u00d6zelli\u011fi<\/th>\n<th style=\"background-color: #2c3e50; color: #ffffff; padding: 15px; text-align: left; font-weight: 600; border-bottom: 2px solid #1a252f;\">Teknik \u00d6zellikler<\/th>\n<\/tr>\n<\/thead>\n<tbody>\n<tr style=\"background-color: #f8fafc; border-bottom: 1px solid #e2e8f0;\">\n<td style=\"padding: 15px; color: #4a5568; font-weight: 500;\">\u00dcr\u00fcn Kapasitesi (Puff Say\u0131s\u0131)<\/td>\n<td style=\"padding: 15px; color: #4a5568;\">18.000 (Otomatik sim\u00fclasyon yoluyla test edilmi\u015ftir)<\/td>\n<\/tr>\n<tr style=\"background-color: #ffffff; border-bottom: 1px solid #e2e8f0;\">\n<td style=\"padding: 15px; color: #4a5568; font-weight: 500;\">Aktif Bile\u015fen Konsantrasyonu<\/td>\n<td style=\"padding: 15px; color: #4a5568;\">5% Standart Form\u00fclasyonu<\/td>\n<\/tr>\n<tr style=\"background-color: #f8fafc; border-bottom: 1px solid #e2e8f0;\">\n<td style=\"padding: 15px; color: #4a5568; font-weight: 500;\">G\u00fc\u00e7 H\u00fccre Mimarisi<\/td>\n<td style=\"padding: 15px; color: #4a5568;\">750mAh \u015earj Edilebilir Lityum-iyon<\/td>\n<\/tr>\n<tr style=\"background-color: #ffffff; border-bottom: 1px solid #e2e8f0;\">\n<td style=\"padding: 15px; color: #4a5568; font-weight: 500;\">Dahili Rezervuar Hacmi<\/td>\n<td style=\"padding: 15px; color: #4a5568;\">25ml (PCTG K\u0131l\u0131f)<\/td>\n<\/tr>\n<tr style=\"background-color: #f8fafc; border-bottom: 1px solid #e2e8f0;\">\n<td style=\"padding: 15px; color: #4a5568; font-weight: 500;\">Is\u0131tma Matrisi<\/td>\n<td style=\"padding: 15px; color: #4a5568;\">Geli\u015fmi\u015f \u00c7ift A\u011f Yap\u0131land\u0131rmas\u0131<\/td>\n<\/tr>\n<tr style=\"background-color: #ffffff; border-bottom: 1px solid #e2e8f0;\">\n<td style=\"padding: 15px; color: #4a5568; font-weight: 500;\">Telemetri Aray\u00fcz\u00fc<\/td>\n<td style=\"padding: 15px; color: #4a5568;\">LED Dijital Ekran (G\u00fc\u00e7 ve Form\u00fclasyon seviyeleri)<\/td>\n<\/tr>\n<tr style=\"background-color: #f8fafc; border-bottom: 1px solid #e2e8f0;\">\n<td style=\"padding: 15px; color: #4a5568; font-weight: 500;\">\u015earj Protokol\u00fc<\/td>\n<td style=\"padding: 15px; color: #4a5568;\">C Tipi H\u0131zl\u0131 Teslimat<\/td>\n<\/tr>\n<\/tbody>\n<\/table>\n<h3 style=\"color: #2d3748; margin-top: 30px; font-size: 1.5em;\">Temel Operasyonel \u00c7\u0131kar\u0131mlar<\/h3>\n<div style=\"background: linear-gradient(135deg, #f0f4f8 0%, #d9e2ec 100%); padding: 25px; border-radius: 10px; border-left: 6px solid #3182ce; margin: 25px 0; box-shadow: 0 2px 4px rgba(0,0,0,0.1);\">\n<h4 style=\"margin-top: 0; color: #2c5282; font-size: 1.2em;\">ATVS WARSHIP'in Piyasada \u00dcst\u00fcnl\u00fck Sa\u011flamas\u0131n\u0131n Nedenleri:<\/h4>\n<ul style=\"margin-bottom: 0; color: #2d3748; padding-left: 20px; line-height: 1.8;\">\n<li>Veri \u0130le \u00c7al\u0131\u015fan Kullan\u0131m: Dijital LED ekran, tek kullan\u0131ml\u0131k vape'lerden tahmin y\u00fcr\u00fctmeyi ortadan kald\u0131rarak dahili kaynaklar hakk\u0131nda do\u011fru, ger\u00e7ek zamanl\u0131 veri sa\u011flar.<\/li>\n<li>Is\u0131l Verim: \u00c7ift a\u011f elemanlar\u0131, \u0131s\u0131l \u00e7\u0131kt\u0131n\u0131n e\u015fit olarak da\u011f\u0131t\u0131lmas\u0131n\u0131 garanti eder ve 18.000 aktivasyon boyunca \u00e7\u00f6zeltinin kimyasal b\u00fct\u00fcnl\u00fc\u011f\u00fcn\u00fc korur.<\/li>\n<li>Lojistik Esnekli\u011fi: VapeXYZ'in sa\u011flam da\u011f\u0131t\u0131m a\u011f\u0131n\u0131n deste\u011fiyle, bu cihaz 10 adetlik \u00e7ok y\u00f6netilebilir bir MOQ ile toplu sat\u0131n alma i\u00e7in mevcuttur.<\/li>\n<li>S\u00fcrd\u00fcr\u00fclen G\u00fc\u00e7: 750mAh'lik g\u00fc\u00e7 h\u00fccresi, modern Type-C \u015farj\u0131 ile birlikte minimum ar\u0131za s\u00fcresi ve verimli enerji kullan\u0131m\u0131 sa\u011flar.<\/li>\n<\/ul>\n<\/div>\n<h3 style=\"color: #2d3748; margin-top: 30px; font-size: 1.5em;\">S\u0131k Sorulan Sorular (SSS)<\/h3>\n<div style=\"background-color: #ffffff; border: 1px solid #e2e8f0; border-radius: 10px; padding: 25px; margin-bottom: 25px; box-shadow: 0 4px 6px rgba(0,0,0,0.02);\">\n<h4 style=\"color: #2b6cb0; margin-top: 0; font-size: 1.1em;\">1. ATVS WARSHIP'in do\u011frulanan operasyonel \u00f6mr\u00fc nedir?<\/h4>\n<p style=\"color: #4a5568; margin-bottom: 20px;\">Otomatik solunum makineleri kullan\u0131larak yap\u0131lan laboratuvar testlerine dayanarak, ATVS WARSHIP 18.000 farkl\u0131 aktivasyon sa\u011flamas\u0131 i\u00e7in tasarlanm\u0131\u015ft\u0131r. Ger\u00e7ek kullan\u0131m, bireysel solunum s\u00fcresi ve \u00e7evresel fakt\u00f6rlere ba\u011fl\u0131 olarak biraz de\u011fi\u015febilir, ancak 25 ml'lik hazne olduk\u00e7a uzun bir \u00f6m\u00fcr sa\u011flar.<\/p>\n<h4 style=\"color: #2b6cb0; margin-top: 0; font-size: 1.1em;\">2. Bu \u00f6zel donan\u0131m \u00f6zel \u015farj ekipman\u0131 gerektiriyor mu?<\/h4>\n<p style=\"color: #4a5568; margin-bottom: 20px;\">Hay\u0131r. Entegre 750mAh lityum-iyon pil, yeniden doldurulmas\u0131 i\u00e7in standart bir Type-C portunu kullan\u0131r. Bu standartla\u015ft\u0131r\u0131lm\u0131\u015f \u015farj protokol\u00fc, \u00e7o\u011fu modern elektronik \u015farj \u00e7evre birimi ile uyumlulu\u011fu sa\u011flar ve h\u0131zl\u0131 ve g\u00fcvenli enerji restorasyonunu kolayla\u015ft\u0131r\u0131r.<\/p>\n<h4 style=\"color: #2b6cb0; margin-top: 0; font-size: 1.1em;\">3. \u0130\u00e7 form\u00fclasyonun i\u00e7inde aktif konsantrasyon seviyesi nedir?<\/h4>\n<p style=\"color: #4a5568; margin-bottom: 20px;\">\u0130\u00e7 rezervuar, standartla\u015ft\u0131r\u0131lm\u0131\u015f bir 5% konsantrasyon \u00e7\u00f6zeltisi i\u00e7erir. Bu \u00f6zel oran, \u00e7ift a\u011f\u0131zl\u0131 \u0131s\u0131tma sisteminin tutarl\u0131 termal \u00e7\u0131k\u0131\u015f\u0131 ile stabilize edilen dengeli ve tutarl\u0131 bir duyusal etki sa\u011flamak \u00fczere tasarlanm\u0131\u015ft\u0131r.<\/p>\n<h4 style=\"color: #2b6cb0; margin-top: 0; font-size: 1.1em;\">4. \u0130\u015fletmeler bu modeli perakende da\u011f\u0131t\u0131m i\u00e7in nas\u0131l temin edebilir?<\/h4>\n<p style=\"color: #4a5568; margin-bottom: 0;\">Ticari kurulu\u015flar do\u011frudan VapeXYZ arac\u0131l\u0131\u011f\u0131yla toplu envanteri g\u00fcvence alt\u0131na alabilir. Perakende sekt\u00f6r\u00fcnde sekiz y\u0131l\u0131 a\u015fk\u0131n deneyime sahip olarak kurulmu\u015f bir otorite olarak, rekabet\u00e7i B2B fiyatland\u0131rma modelleri, sorunsuz Avrupa lojisti\u011fi ve yaln\u0131zca 10 par\u00e7a olan son derece eri\u015filebilir Minimum Sipari\u015f Miktar\u0131 (MOQ) sunuyoruz.<\/p>\n<\/div>\n<p><img loading=\"lazy\" decoding=\"async\" class=\"alignnone wp-image-36093 size-full\" style=\"max-width: 100%; height: auto; border-radius: 8px; box-shadow: 0 4px 8px rgba(0,0,0,0.1); margin-top: 20px;\" src=\"https:\/\/vapexyz.com\/wp-content\/uploads\/2024\/10\/ATVS-Warship-18000-Puffs-Digital-Screen-5-Low-Nicotine-Original-Factory-34.webp\" alt=\"ATVS Sava\u015f Gemisi 18000 Puffs Dijital Ekran \u00c7ift A\u011f 5% Konsantrasyon Orijinal Fabrika Toplu Al\u0131m \u015earj Edilebilir Tek Kullan\u0131ml\u0131k Vape Kalem Toptan Sat\u0131\u015f\" width=\"1000\" height=\"471\" title=\"\" srcset=\"https:\/\/vapexyz.com\/wp-content\/uploads\/2024\/10\/ATVS-Warship-18000-Puffs-Digital-Screen-5-Low-Nicotine-Original-Factory-34.webp 1000w, https:\/\/vapexyz.com\/wp-content\/uploads\/2024\/10\/ATVS-Warship-18000-Puffs-Digital-Screen-5-Low-Nicotine-Original-Factory-34-500x236.webp 500w, https:\/\/vapexyz.com\/wp-content\/uploads\/2024\/10\/ATVS-Warship-18000-Puffs-Digital-Screen-5-Low-Nicotine-Original-Factory-34-768x362.webp 768w, https:\/\/vapexyz.com\/wp-content\/uploads\/2024\/10\/ATVS-Warship-18000-Puffs-Digital-Screen-5-Low-Nicotine-Original-Factory-34-18x8.webp 18w, https:\/\/vapexyz.com\/wp-content\/uploads\/2024\/10\/ATVS-Warship-18000-Puffs-Digital-Screen-5-Low-Nicotine-Original-Factory-34-510x240.webp 510w\" sizes=\"auto, (max-width: 1000px) 100vw, 1000px\" \/><\/p>\n<\/article>","protected":false},"excerpt":{"rendered":"<p>ATVS WARSHIP 18000 Puffs, uzun s\u00fcreli, yeniden kullan\u0131labilir, tek kullan\u0131ml\u0131k bir vape cihaz\u0131d\u0131r. Cihaz, bir LED ekran, g\u00fc\u00e7l\u00fc bir 750mAh batarya, \u00e7ift a\u011f\u0131zl\u0131 bobin ve 25ml kapasiteye sahiptir.<\/p>","protected":false},"featured_media":36089,"comment_status":"open","ping_status":"closed","template":"","meta":{"_lmt_disableupdate":"no","_lmt_disable":""},"product_brand":[],"product_cat":[997,973,947,1020,935,934,927,929,928,930,933,939,932,938,931,936,937,1017,1022,948,949,946,950,1023,1024,1025,951,1029,1030,1031,1033,953,1037,987,1038],"product_tag":[],"class_list":{"0":"post-36076","1":"product","2":"type-product","3":"status-publish","4":"has-post-thumbnail","6":"product_cat-18000-puff-vapes","7":"product_cat-atvs-disposable-vapes","8":"product_cat-big-puffs-vapes","9":"product_cat-blueberry-flavor-disposable-vapes","10":"product_cat-bulk-buy-disposable-vapes-in-austria","11":"product_cat-bulk-buy-disposable-vapes-in-belgium","12":"product_cat-bulk-buy-disposable-vapes-in-europe","13":"product_cat-bulk-buy-disposable-vapes-in-france","14":"product_cat-bulk-buy-disposable-vapes-in-germany","15":"product_cat-bulk-buy-disposable-vapes-in-italy","16":"product_cat-bulk-buy-disposable-vapes-in-netherlands","17":"product_cat-bulk-buy-disposable-vapes-in-norway","18":"product_cat-bulk-buy-disposable-vapes-in-poland","19":"product_cat-bulk-buy-disposable-vapes-in-portugal","20":"product_cat-bulk-buy-disposable-vapes-in-spain","21":"product_cat-bulk-buy-disposable-vapes-in-sweden","22":"product_cat-bulk-buy-disposable-vapes-in-switzerland","23":"product_cat-buy-best-disposable-vape-flavors","24":"product_cat-cola-flavor-disposable-vapes","25":"product_cat-crystal-vapes","26":"product_cat-digital-box-vapes","27":"product_cat-disposable-vapes-series","28":"product_cat-dual-mesh-vapes","29":"product_cat-grape-flavor-disposable-vapes","30":"product_cat-guava-flavor-disposable-vapes","31":"product_cat-ice-flavor-disposable-vapes","32":"product_cat-lower-nicotine-vapes","33":"product_cat-mango-flavor-disposable-vapes","34":"product_cat-mint-flavor-disposable-vapes","35":"product_cat-mixed-berries-flavor-disposable-vapes","36":"product_cat-peach-flavor-disposable-vapes","37":"product_cat-rechargeable-vapes","38":"product_cat-strawberry-flavor-disposable-vapes","39":"product_cat-vape-shop-by-puffs","40":"product_cat-watermelon-flavor-disposable-vapes","42":"first","43":"instock","44":"shipping-taxable","45":"purchasable","46":"product-type-variable","47":"has-default-attributes"},"jetpack_sharing_enabled":true,"tiered_pricing_type":"fixed","tiered_pricing_fixed_rules":[],"tiered_pricing_product_settings":{"layout":"default","base_unit_name":{"singular":null,"plural":null},"default_variation":null},"tiered_pricing_minimum_quantity":null,"tiered_pricing_roles_data":[],"tiered_pricing_percentage_rules":[],"tiered_pricing_maximum_quantity":null,"tiered_pricing_quantity_step":null,"_links":{"self":[{"href":"https:\/\/vapexyz.com\/tr\/wp-json\/wp\/v2\/product\/36076","targetHints":{"allow":["GET"]}}],"collection":[{"href":"https:\/\/vapexyz.com\/tr\/wp-json\/wp\/v2\/product"}],"about":[{"href":"https:\/\/vapexyz.com\/tr\/wp-json\/wp\/v2\/types\/product"}],"replies":[{"embeddable":true,"href":"https:\/\/vapexyz.com\/tr\/wp-json\/wp\/v2\/comments?post=36076"}],"wp:featuredmedia":[{"embeddable":true,"href":"https:\/\/vapexyz.com\/tr\/wp-json\/wp\/v2\/media\/36089"}],"wp:attachment":[{"href":"https:\/\/vapexyz.com\/tr\/wp-json\/wp\/v2\/media?parent=36076"}],"wp:term":[{"taxonomy":"product_brand","embeddable":true,"href":"https:\/\/vapexyz.com\/tr\/wp-json\/wp\/v2\/product_brand?post=36076"},{"taxonomy":"product_cat","embeddable":true,"href":"https:\/\/vapexyz.com\/tr\/wp-json\/wp\/v2\/product_cat?post=36076"},{"taxonomy":"product_tag","embeddable":true,"href":"https:\/\/vapexyz.com\/tr\/wp-json\/wp\/v2\/product_tag?post=36076"}],"curies":[{"name":"wp","href":"https:\/\/api.w.org\/{rel}","templated":true}]}}