{"id":25145,"date":"2024-06-25T07:58:15","date_gmt":"2024-06-25T07:58:15","guid":{"rendered":"https:\/\/vapexyz.com\/?post_type=product&#038;p=25145"},"modified":"2026-03-03T12:47:29","modified_gmt":"2026-03-03T12:47:29","slug":"bang-beach-20000-puf-0-2-3-5-toplu-dusuk-nikotinli-sarj-edilebilir-tek-kullanimlik-vapes-kalemi-toptan-satin-alin","status":"publish","type":"product","link":"https:\/\/vapexyz.com\/tr\/product\/bang-beach-20000-puffs-0-2-3-5-bulk-buy-low-nicotine-rechargeable-disposable-vapes-pen-wholesale\/","title":{"rendered":"BANG PLAJ 20000 Puffs Toplu Al\u0131m \u015earj Edilebilir Tek Kullan\u0131ml\u0131k Vape Toptan Sat\u0131\u015f"},"content":{"rendered":"<article style=\"font-family: system-ui, -apple-system, sans-serif; line-height: 1.6; color: #333; max-width: 100%; margin: 0 auto; padding: 20px;\">\n<h2 style=\"color: #2c3e50; border-bottom: 2px solid #3498db; padding-bottom: 8px; margin-top: 30px;\">BANG BEACH 20000 Puffs Teknik M\u00fchendisli\u011fi ve Performans Analizi<\/h2>\n<p>VapeXYZ'e ho\u015f geldiniz, premium tek kullan\u0131ml\u0131k vape'lerinizin nihai profesyonel da\u011f\u0131t\u0131m merkezi. Sekiz y\u0131l\u0131 a\u015fk\u0131n belgelenmi\u015f end\u00fcstri uzmanl\u0131\u011f\u0131 ve tedarik zinciri y\u00f6netimi ile faaliyet g\u00f6stererek, kat\u0131 k\u00fcresel standartlar\u0131 kar\u015f\u0131layan donan\u0131mlar\u0131 teslim etmeye odaklan\u0131yoruz. BANG BOX, WASPE, UWIN, BIMO, RandM, BANG, VOZOL, Elf Box ve MYDE gibi yerle\u015fik sistemleri i\u00e7eren kapsaml\u0131 toptan se\u00e7enekler katalo\u011fumuzun yan\u0131 s\u0131ra, <a style=\"color: #3498db; text-decoration: none; font-weight: bold;\" href=\"https:\/\/vapexyz.com\/tr\/urun-kategori%cc%87si%cc%87\/bang\/\">Bang Tek Kullan\u0131ml\u0131k Vape<\/a> Seri, yap\u0131sal b\u00fct\u00fcnl\u00fc\u011f\u00fc ve tutarl\u0131 performans \u00f6l\u00e7\u00fctleri ile dikkat \u00e7ekmektedir. Tek kullan\u0131ml\u0131k vape'lerin \u00f6zel bir B2B distrib\u00fct\u00f6r\u00fc olarak, t\u00fcm \u00f6l\u00e7ekteki i\u015fletmelerin rekabet\u00e7i toptan de\u011ferlemelerde do\u011frudan piyasa lideri donan\u0131mlar\u0131 temin edebilmelerini sa\u011flayarak, sadece 10 adetlik olduk\u00e7a eri\u015filebilir bir minimum sipari\u015f miktar\u0131 (MOQ) uyguluyoruz.<\/p>\n<div style=\"text-align: center; margin: 30px 0;\"><a href=\"https:\/\/vapexyz.com\/wp-content\/uploads\/2024\/06\/bang-beach-20000-puffs-vape5f8cb.webp\"><br \/>\n<img loading=\"lazy\" decoding=\"async\" style=\"max-width: 100%; height: auto; border-radius: 8px; box-shadow: 0 4px 15px rgba(0,0,0,0.1);\" src=\"https:\/\/vapexyz.com\/wp-content\/uploads\/2024\/06\/bang-beach-20000-puffs-vape5f8cb.webp\" alt=\"Bang Beach 20000 Puffs 0% 2% 3% 5% Toplu Al\u0131m D\u00fc\u015f\u00fck \u015earj Edilebilir Tek Kullan\u0131ml\u0131k Vape Kalem Toptan Sat\u0131\u015f\" width=\"730\" height=\"730\" title=\"\"><br \/>\n<\/a><\/div>\n<h3 style=\"color: #2980b9; margin-top: 25px;\">Ana Donan\u0131m \u00d6zellikleri ve Bile\u015fen B\u00fct\u00fcnl\u00fc\u011f\u00fc<\/h3>\n<p>Bang Beach 20000 Puffs, y\u00fcksek kapasiteli tek kullan\u0131ml\u0131k vape'lerin m\u00fchendisli\u011finde \u00f6nemli bir ilerleme temsil eder. Uzun s\u00fcreli operasyonel \u00f6m\u00fcrler i\u00e7in tasarlanan bu cihaz, son derece verimli g\u00fc\u00e7 teslimat sistemlerini geli\u015fmi\u015f atomizasyon teknolojisi ile entegre eder. \u0130lkel eski platformlar\u0131n aksine, bu donan\u0131m ilk \u00e7ekimden son aktivasyona kadar tutarl\u0131 aerosol \u00fcretimini s\u00fcrd\u00fcrmek \u00fczere tasarlanm\u0131\u015ft\u0131r.<\/p>\n<p>Sistemin \u00e7ekirde\u011finde 650mAh \u015farj edilebilir lityum-iyon g\u00fc\u00e7 h\u00fccresi bulunur. Bu \u00f6zel pil kapasitesi, vape'\u0131n fiziksel boyutlar\u0131 ile gerekli g\u00fc\u00e7 \u00e7\u0131k\u0131\u015f\u0131 aras\u0131nda dengeyi optimize etmek i\u00e7in se\u00e7ilmi\u015ftir. Standart bir Type-C \u015farj portunun entegrasyonu, verimli g\u00fc\u00e7 takviyesi sa\u011flar. Dahili Batarya Y\u00f6netim Sistemi (BMS), gelen gerilimi 5V\/1A'ya d\u00fczenleyerek \u015farj d\u00f6ng\u00fcs\u00fc s\u0131ras\u0131nda termal stabiliteyi sa\u011flar ve a\u015f\u0131r\u0131 ak\u0131m, a\u015f\u0131r\u0131 de\u015farj ve k\u0131sa devre senaryolar\u0131na kar\u015f\u0131 temel g\u00fcvenlik \u00f6nlemleri sunar.<\/p>\n<div style=\"background-color: #f8f9fa; border-left: 5px solid #2ecc71; padding: 18px; margin: 25px 0; border-radius: 0 8px 8px 0; box-shadow: 0 2px 5px rgba(0,0,0,0.05);\">\n<h4 style=\"margin-top: 0; color: #27ae60; font-size: 1.1em;\">Bilgi Noktas\u0131: Mesh Bobin Termodinami\u011fi<\/h4>\n<p style=\"margin-bottom: 0;\">Bang Beach, son derece kalibre edilmi\u015f 1.0 \u03a9 a\u011f \u0131s\u0131tma eleman\u0131 kullan\u0131r. Geleneksel sar\u0131lm\u0131\u015f bobinler genellikle zamanla alg\u0131sal \u00e7\u0131kt\u0131y\u0131 bozan lokalize termal birikimden muzdariptir. Buna kar\u015f\u0131l\u0131k, bir a\u011f bobininin mikro-\u00f6rg\u00fcl\u00fc yap\u0131s\u0131 iletken y\u00fczey alan\u0131n\u0131 \u00fcstel olarak art\u0131r\u0131r. Bu fiziksel \u00f6zellik, tescilli 35ml form\u00fcl rezervuar\u0131 boyunca h\u0131zl\u0131, d\u00fczg\u00fcn \u0131s\u0131 da\u011f\u0131l\u0131m\u0131 sa\u011flar. Bu durum, \u00fcst\u00fcn termodinamik verimlilik, aromatik bile\u015fiklerin bozulmas\u0131n\u0131n azalt\u0131lmas\u0131 ve kullan-at\u0131labilir vape'\u0131n \u00f6mr\u00fc boyunca olduk\u00e7a tutarl\u0131 buhar yo\u011funlu\u011fu sa\u011flar.<\/p>\n<\/div>\n<p>Ek olarak, mimari 35ml \u00f6zel form\u00fcl kapasitesi sunar. Yap\u0131sal konut, g\u0131da s\u0131n\u0131f\u0131 PCTG plastikten in\u015fa edilmi\u015ftir, kimyasal s\u0131z\u0131nt\u0131 risklerini azalt\u0131r ve kat\u0131 malzeme g\u00fcvenlik standartlar\u0131na uyumu sa\u011flar. T\u00fcketici \u00f6zelle\u015ftirimi i\u00e7in Bang Beach, ayarlanabilir hava ak\u0131\u015f\u0131 kontrol mekanizmas\u0131 i\u00e7erir. Kullan\u0131c\u0131lar, giri\u015f a\u00e7\u0131kl\u0131\u011f\u0131n\u0131 fiziksel olarak manip\u00fcle ederek, s\u0131k\u0131, a\u011f\u0131zdan akci\u011fere \u00e7eki\u015f ve daha a\u00e7\u0131k, do\u011frudan nefes alma stilleri aras\u0131nda ge\u00e7i\u015f yapmak i\u00e7in \u00e7eki\u015f direncini (mmH2O cinsinden \u00f6l\u00e7\u00fcl\u00fcr) hassas bir \u015fekilde mod\u00fcle edebilirler. Ayr\u0131ca, entegre bir ak\u0131ll\u0131 telemetri ekran\u0131, kalan pil voltaj\u0131n\u0131 ve tahmini harekat saya\u00e7lar\u0131n\u0131 aktif olarak izler ve g\u00f6sterir, genellikle tek kullan\u0131ml\u0131k vape'lerle ili\u015fkili tahmini verileri, do\u011frulanabilir ampirik verilerle de\u011fi\u015ftirir.<\/p>\n<h3 style=\"color: #2980b9; margin-top: 25px;\">Ampirik Performans Metrikleri ve Ba\u011f\u0131ms\u0131z Test Verileri<\/h3>\n<p>Toptan sat\u0131\u015f sekt\u00f6r\u00fcnde, g\u00fcvenin kurulmas\u0131 i\u00e7in \u015feffafl\u0131k ve do\u011fruluk onayl\u0131 veriler kritik \u00f6nem ta\u015f\u0131maktad\u0131r. Belirtilen 20.000 puf kapasitesi, keyfi bir tahmin de\u011fil, titiz laboratuvar test protokollerinden elde edilen bir \u00f6l\u00e7\u00fctt\u00fcr. End\u00fcstri standart\u0131 test parametrelerine (tipik olarak 1,5 ila 2,0 saniye \u00e7ekme s\u00fcresi ve belirli puflar aras\u0131 aral\u0131klar) kalibre edilmi\u015f otomatik mekanik inhalasyon makineleri kullan\u0131larak, cihaz s\u00fcrekli olarak 35ml rezervuar\u0131 bobinin tamamen termal bozulmadan \u00f6nce tam olarak atomize etme yetene\u011fini g\u00f6sterir.<\/p>\n<table style=\"border-collapse: collapse; width: 100%; margin: 25px 0; background-color: #fff; box-shadow: 0 2px 8px rgba(0,0,0,0.1); border-radius: 8px; overflow: hidden;\">\n<thead>\n<tr style=\"background-color: #2c3e50; color: #ffffff; text-align: left;\">\n<th style=\"padding: 15px; border-bottom: 2px solid #ecf0f1;\">Performans Parametresi<\/th>\n<th style=\"padding: 15px; border-bottom: 2px solid #ecf0f1;\">Ampirik \u00d6l\u00e7\u00fcm \/ Spesifikasyon<\/th>\n<\/tr>\n<\/thead>\n<tbody>\n<tr style=\"border-bottom: 1px solid #ecf0f1; background-color: #fcfcfc;\">\n<td style=\"padding: 12px 15px;\">Donan\u0131m Akt\u00fcasyonu Verimi<\/td>\n<td style=\"padding: 12px 15px;\">20.000'e kadar aktivasyon (bireysel \u00e7ekim s\u00fcresine ba\u011fl\u0131 olarak)<\/td>\n<\/tr>\n<tr style=\"border-bottom: 1px solid #ecf0f1;\">\n<td style=\"padding: 12px 15px;\">Form\u00fcl Rezervuar Kapasitesi<\/td>\n<td style=\"padding: 12px 15px;\">35ml (\u00d6nceden doldurulmu\u015f, yeniden doldurulamaz, contal\u0131 sistem)<\/td>\n<\/tr>\n<tr style=\"border-bottom: 1px solid #ecf0f1; background-color: #fcfcfc;\">\n<td style=\"padding: 12px 15px;\">Mevcut G\u00fc\u00e7 Form\u00fclasyonlar\u0131<\/td>\n<td style=\"padding: 12px 15px;\">0%, 2%, 3% ve 5% aktif bile\u015fen se\u00e7enekleri<\/td>\n<\/tr>\n<tr style=\"border-bottom: 1px solid #ecf0f1;\">\n<td style=\"padding: 12px 15px;\">G\u00fc\u00e7 H\u00fccre Mimarisi<\/td>\n<td style=\"padding: 12px 15px;\">650mAh Lityum-\u0130yon (Type-C \u015farj edilebilir)<\/td>\n<\/tr>\n<tr style=\"border-bottom: 1px solid #ecf0f1; background-color: #fcfcfc;\">\n<td style=\"padding: 12px 15px;\">Atomizer Direnci<\/td>\n<td style=\"padding: 12px 15px;\">1,0 \u03a9 (\u00d6rg\u00fcl\u00fc a\u011f geometrisi)<\/td>\n<\/tr>\n<tr>\n<td style=\"padding: 12px 15px;\">Fiziksel K\u00fctle<\/td>\n<td style=\"padding: 12px 15px;\">98 gram\/\u00fcnite (Ta\u015f\u0131nabilirlik i\u00e7in hassas m\u00fchendislik)<\/td>\n<\/tr>\n<\/tbody>\n<\/table>\n<h3 style=\"color: #2980b9; margin-top: 25px;\">Mevzuata Uygunluk ve Kalite G\u00fcvencesi<\/h3>\n<p>Perakende veya ki\u015fisel uzun s\u00fcreli kullan\u0131m i\u00e7in tek kullan\u0131ml\u0131k bir vape se\u00e7erken, \u00fcretim yetkisi son derece \u00f6nemlidir. Bang Beach 20000 Puffs, kat\u0131 ISO 9001 kalite y\u00f6netim sistemlerine uyan tesislerde \u00fcretilmektedir. Ayr\u0131ca, elektronik bile\u015fenler standart CE ve RoHS sertifikalar\u0131n\u0131n gereksinimlerini kar\u015f\u0131layacak \u015fekilde tasarlanm\u0131\u015ft\u0131r, bu da donan\u0131m\u0131n k\u0131s\u0131tl\u0131 tehlikeli maddelerden ar\u0131nm\u0131\u015f oldu\u011funu ve Avrupa Birli\u011fi ve di\u011fer b\u00fcy\u00fck d\u00fczenleyici b\u00f6lgelerdeki t\u00fcketici elektroni\u011fi i\u00e7in temel elektromanyetik uyumluluk gereksinimlerini kar\u015f\u0131lad\u0131\u011f\u0131n\u0131 garanti eder. Kapal\u0131 sistem tasar\u0131m\u0131 ayn\u0131 zamanda bir g\u00fcvenlik mekanizmas\u0131 olarak i\u015flev g\u00f6rerek, kullan\u0131c\u0131 m\u00fcdahalesini \u00f6nler ve fabrika-kalibre edilmi\u015f kimyasal bile\u015fimin cihaz\u0131n \u00f6mr\u00fc boyunca kontamine olmas\u0131n\u0131 \u00f6nler.<\/p>\n<div style=\"text-align: center; margin: 30px 0;\">\n<div style=\"width: 720px;\" class=\"wp-video\"><video class=\"wp-video-shortcode\" id=\"video-25145-1\" width=\"720\" height=\"1280\" preload=\"metadata\" controls=\"controls\"><source type=\"video\/mp4\" src=\"https:\/\/vapexyz.com\/wp-content\/uploads\/2024\/06\/bang-beach-20000.mp4?_=1\" \/><a href=\"https:\/\/vapexyz.com\/wp-content\/uploads\/2024\/06\/bang-beach-20000.mp4\">https:\/\/vapexyz.com\/wp-content\/uploads\/2024\/06\/bang-beach-20000.mp4<\/a><\/video><\/div>\n<\/div>\n<h2 style=\"color: #2c3e50; border-bottom: 2px solid #3498db; padding-bottom: 8px; margin-top: 40px;\">Kapsaml\u0131 Duyusal Profil Portf\u00f6y\u00fc<\/h2>\n<p>Bang Beach 20000 Puffs'\u0131n \u00f6nemli bir ay\u0131rt edici fakt\u00f6r\u00fc, koku ve tat m\u00fchendisli\u011fine y\u00f6nelik karma\u015f\u0131k yakla\u015f\u0131m\u0131d\u0131r. Tek, d\u00fcz notalara g\u00fcvenmek yerine, geli\u015ftirme ekibi \u00e7ok katmanl\u0131 aromatik profilleme kulland\u0131. On iki se\u00e7ene\u011fin her biri, 1.0 \u03a9 a\u011f bobinli\u011fin h\u0131zl\u0131 termal d\u00f6ng\u00fcs\u00fcne dayanacak \u015fekilde tasarlanm\u0131\u015f, y\u00fcksek derecede termostabil, g\u0131da g\u00fcvenli\u011fi uygunlu\u011funda premium s\u0131n\u0131f bile\u015fikler kullan\u0131larak form\u00fcle edilmi\u015ftir. Bu bile\u015fikler, sert yan \u00fcr\u00fcnler \u00fcretmeden i\u015flem g\u00f6r\u00fcr. Mevcut duyusal deneyimlerin teknik d\u00f6k\u00fcm\u00fc \u015fu \u015fekildedir:<\/p>\n<ul style=\"list-style-type: none; padding-left: 0;\">\n<li style=\"margin-bottom: 15px; background: #fdfdfd; padding: 15px; border-left: 4px solid #9b59b6; border-radius: 4px; box-shadow: 0 1px 3px rgba(0,0,0,0.05);\">\u00dc\u00e7l\u00fc Berry Buzu: \u00dc\u00e7 farkl\u0131 berry profilini birle\u015ftiren karma\u015f\u0131k bir ekstraksiyon, keskin, \u00fc\u015f\u00fct\u00fcc\u00fc bir bo\u011faz hissi sa\u011flayan kriyojenik tarzl\u0131 mentoll\u00fc bir temel nota ile stabilize edilmi\u015ftir.<\/li>\n<li style=\"margin-bottom: 15px; background: #fdfdfd; padding: 15px; border-left: 4px solid #e84393; border-radius: 4px; box-shadow: 0 1px 3px rgba(0,0,0,0.05);\">Pembe Limonata: Klasik narenciye i\u00e7eceklerinin \u00f6zel pH ve tatl\u0131l\u0131k seviyelerini taklit etmek \u00fczere tasarlanan son derece dengeli bir kar\u0131\u015f\u0131m, belirgin ek\u015fi \u00fcst notalar\u0131 ve \u015fekerli bir biti\u015f i\u00e7erir.<\/li>\n<li style=\"margin-bottom: 15px; background: #fdfdfd; padding: 15px; border-left: 4px solid #0984e3; border-radius: 4px; box-shadow: 0 1px 3px rgba(0,0,0,0.05);\">Mavi Yaban Mersini - Ahududu: Toprak kokulu, derin mavi yaban mersini alt tonlar\u0131n\u0131n olgun ahududular\u0131n keskin, ek\u015fi notalar\u0131 ile birle\u015fmesiyle zengin, \u00e7ok boyutlu bir profil ortaya \u00e7\u0131kar.<\/li>\n<li style=\"margin-bottom: 15px; background: #fdfdfd; padding: 15px; border-left: 4px solid #6c5ce7; border-radius: 4px; box-shadow: 0 1px 3px rgba(0,0,0,0.05);\">Kar\u0131\u015f\u0131k Berry: Dikkatlice ayarlanm\u0131\u015f bir assorti tatl\u0131 berry bile\u015fiklerinin aglomerasyonu, koku yorgunlu\u011fu olmadan s\u00fcrekli tatl\u0131 ve g\u00fc\u00e7l\u00fc bir buhar yo\u011funlu\u011fu sa\u011flamak \u00fczere form\u00fcle edilmi\u015ftir.<\/li>\n<li style=\"margin-bottom: 15px; background: #fdfdfd; padding: 15px; border-left: 4px solid #ff7675; border-radius: 4px; box-shadow: 0 1px 3px rgba(0,0,0,0.05);\">\u00c7ilek Karpuz: \u00c7ile\u011fin belirgin \u00e7i\u00e7eksi notalar\u0131n\u0131 yaz\u0131n karpuzunun ferahlat\u0131c\u0131, sulu \u00f6z\u00fc ile dengelemek \u00fczere tasarland\u0131 ve son derece p\u00fcr\u00fczs\u00fcz bir aerosol elde edildi.<\/li>\n<li style=\"margin-bottom: 15px; background: #fdfdfd; padding: 15px; border-left: 4px solid #ff4757; border-radius: 4px; box-shadow: 0 1px 3px rgba(0,0,0,0.05);\">\u00c7ilek Buzu: Y\u00fcksek oranda safla\u015ft\u0131r\u0131lm\u0131\u015f \u00e7ilek konsantresi ile hesaplanm\u0131\u015f bir doz so\u011futma maddesi birle\u015ftirerek so\u011futulmu\u015f bir meyve \u015fekerlemesinin hissini sim\u00fcle eder.<\/li>\n<li style=\"margin-bottom: 15px; background: #fdfdfd; padding: 15px; border-left: 4px solid #a29bfe; border-radius: 4px; box-shadow: 0 1px 3px rgba(0,0,0,0.05);\">\u00dcz\u00fcm Buzu: Concord \u00fcz\u00fcmlerinin \u00f6zg\u00fcn aromatik imzalar\u0131n\u0131 yak\u0131ndan taklit eden bile\u015fikler kullan\u0131larak form\u00fcle edilmi\u015f, canl\u0131 ve buzluluklu bir ekshalasyon profili ile desteklenmi\u015ftir.<\/li>\n<li style=\"margin-bottom: 15px; background: #fdfdfd; padding: 15px; border-left: 4px solid #fdcb6e; border-radius: 4px; box-shadow: 0 1px 3px rgba(0,0,0,0.05);\">\u015eeftali Mango: Do\u011fal mango ekstresinin g\u00fc\u00e7l\u00fc, hafif ek\u015fi dokunu\u015funun \u00fczerine \u015feftalinin yumu\u015fak, kadifemsi notalar\u0131n\u0131 katmanlayan tropikal bir sentez.<\/li>\n<li style=\"margin-bottom: 15px; background: #fdfdfd; padding: 15px; border-left: 4px solid #74b9ff; border-radius: 4px; box-shadow: 0 1px 3px rgba(0,0,0,0.05);\">Mavi Razz Buz: End\u00fcstrideki bir temel \u00fcr\u00fcn olan bu \u00f6zel form\u00fclasyon, mavi frambuaz \u015fekerleme notalar\u0131n\u0131 a\u011f\u0131r, standartla\u015ft\u0131r\u0131lm\u0131\u015f bir so\u011futma maddesiyle dengeleyerek maksimum duyusal etki sa\u011flar.<\/li>\n<li style=\"margin-bottom: 15px; background: #fdfdfd; padding: 15px; border-left: 4px solid #55efc4; border-radius: 4px; box-shadow: 0 1px 3px rgba(0,0,0,0.05);\">Ek\u015fi Elma: \u00d6zel olarak form\u00fcle edilmi\u015f ve pH de\u011ferini de\u011fi\u015ftirerek dama\u011f\u0131ndaki ek\u015fi resept\u00f6rleri uyaracak \u015fekilde tasarlanm\u0131\u015ft\u0131r. Bu sayede, taze bir ye\u015fil elman\u0131n \u0131s\u0131r\u0131lmas\u0131n\u0131n yaratt\u0131\u011f\u0131 hissi do\u011fru bir \u015fekilde taklit eder.<\/li>\n<li style=\"margin-bottom: 15px; background: #fdfdfd; padding: 15px; border-left: 4px solid #ff9f43; border-radius: 4px; box-shadow: 0 1px 3px rgba(0,0,0,0.05);\">Kavun Buz: Kavunun taze, susuzlu\u011fu giderici notalar\u0131na yo\u011funla\u015f\u0131r, damak temizleyici keskin, k\u0131\u015fl\u0131k bir biti\u015fle vurgulan\u0131r.<\/li>\n<li style=\"margin-bottom: 15px; background: #fdfdfd; padding: 15px; border-left: 4px solid #e17055; border-radius: 4px; box-shadow: 0 1px 3px rgba(0,0,0,0.05);\">\u015eeftali Buz: \u0130kinci karma\u015f\u0131k meyveleri soyarak yaln\u0131zca saf, izole edilmi\u015f bir \u015feftali \u00f6z\u00fcne odaklan\u0131r ve bunu hemen ard\u0131ndan so\u011futma katk\u0131 maddeleri yoluyla alg\u0131lanan s\u0131cakl\u0131kta dik bir d\u00fc\u015f\u00fc\u015f izler.<\/li>\n<\/ul>\n<h2 style=\"color: #2c3e50; border-bottom: 2px solid #3498db; padding-bottom: 8px; margin-top: 40px;\">B2B Toptan Lojistik ve Tedarik Zinciri Entegrasyonu<\/h2>\n<p>Da\u011f\u0131t\u0131m a\u011flar\u0131 i\u00e7in, tek kullan\u0131ml\u0131k vape'lerin kendilerinin performans\u0131yla birlikte, sat\u0131n alma verimlili\u011fi ve lojistik \u00f6ng\u00f6r\u00fclebilirlik de ayn\u0131 derecede hayati \u00f6nem ta\u015f\u0131maktad\u0131r. VapeXYZ, Bang Beach 20000 Puffs i\u00e7in tedarik zincirini optimize etmi\u015ftir. Her birim, transit s\u0131ras\u0131nda \u00e7evresel kontaminasyonu ve oksidasyonu \u00f6nlemek i\u00e7in tek tek contalanm\u0131\u015ft\u0131r. Toptan ambalaj mimarisi, standartla\u015ft\u0131r\u0131lm\u0131\u015f bir g\u00f6steri kutusu ba\u015f\u0131na 10 par\u00e7a i\u00e7erir. Her bir birimin kesin olarak 98 gram a\u011f\u0131rl\u0131\u011f\u0131yla, standart 10 par\u00e7al\u0131k bir kutu 1 kilogramdan biraz daha fazla bir a\u011f\u0131rl\u0131\u011fa sahip olur, bu da do\u011fru ve \u00f6ng\u00f6r\u00fclebilir navlun hesaplamalar\u0131n\u0131 kolayla\u015ft\u0131r\u0131r.<\/p>\n<p>Sadece 10 adetlik son derece d\u00fc\u015f\u00fck bir MOQ (Minimum Sipari\u015f Miktar\u0131) sunarak, butik perakende operasyonlar\u0131n\u0131, b\u00f6lgesel distrib\u00fct\u00f6rleri ve b\u00fcy\u00fck \u00f6l\u00e7ekli toptan sat\u0131\u015f i\u015fletmelerini, sermayeyi a\u015f\u0131r\u0131 kullanmadan envanter cirosu oranlar\u0131n\u0131 etkin bir \u015fekilde y\u00f6netmeye g\u00fc\u00e7 veriyoruz. Yo\u011fun yerel perakende talepleri i\u00e7in stok yap\u0131yor olun veya daha geni\u015f da\u011f\u0131t\u0131m portf\u00f6y\u00fcn\u00fcz\u00fc geni\u015fletiyor olun, ak\u0131c\u0131 B2B \u00e7er\u00e7evelememiz, fabrikadan do\u011frudan fiyatland\u0131rma, s\u00fcrekli kullan\u0131labilirlik ve g\u00fcvenilir kalite g\u00fcvencesi alman\u0131z\u0131 sa\u011flar.<\/p>\n<h2 style=\"color: #2c3e50; border-bottom: 2px solid #3498db; padding-bottom: 8px; margin-top: 40px;\">S\u0131k\u00e7a Sorulan Sorular (Teknik ve Operasyonel)<\/h2>\n<div style=\"margin-bottom: 20px; border: 1px solid #e1e8ed; border-radius: 8px; padding: 18px; background-color: #fcfcfc; box-shadow: 0 1px 4px rgba(0,0,0,0.04);\">\n<h4 style=\"margin: 0 0 10px 0; color: #2c3e50; font-size: 1.1em;\">Ayarlanabilir hava ak\u0131\u015f\u0131 cihaz\u0131n performans\u0131n\u0131 fiziksel olarak nas\u0131l etkiler?<\/h4>\n<p style=\"margin: 0; color: #555;\">Hava ak\u0131\u015f\u0131 mekanizmas\u0131, \u00e7ekme sens\u00f6r\u00fcn\u00fc etkinle\u015ftirmek i\u00e7in gereken dahili pn\u00f6matik bas\u0131nc\u0131 de\u011fi\u015ftirir. Hava ak\u0131\u015f\u0131n\u0131 daraltmak, \u00e7ekme direncini art\u0131rarak daha s\u0131cak ve daha yo\u011fun bir buhar bulutu olu\u015fturur. Hava ak\u0131\u015f\u0131n\u0131 a\u00e7mak direnci azalt\u0131r, atomize form\u00fcl ile daha fazla ortam havas\u0131n\u0131n kar\u0131\u015fmas\u0131n\u0131 sa\u011flayarak daha so\u011fuk ve daha hacimli bir bulut \u00fcretimi olu\u015fturur.<\/p>\n<\/div>\n<div style=\"margin-bottom: 20px; border: 1px solid #e1e8ed; border-radius: 8px; padding: 18px; background-color: #fcfcfc; box-shadow: 0 1px 4px rgba(0,0,0,0.04);\">\n<h4 style=\"margin: 0 0 10px 0; color: #2c3e50; font-size: 1.1em;\">650mAh'lik h\u00fccre i\u00e7in \u00f6nerilen \u015farj protokol\u00fc nedir?<\/h4>\n<p style=\"margin: 0; color: #555;\">35 ml form\u00fcl\u00fcn\u00fcn \u00f6mr\u00fc boyunca lityum-iyon pilin uzun \u00f6m\u00fcrl\u00fcl\u00fc\u011f\u00fcn\u00fc korumak i\u00e7in standart bir 5V\/1A \u015farj blo\u011fu kullan\u0131lmas\u0131 \u00f6nerilir. Y\u00fcksek g\u00fc\u00e7l\u00fc h\u0131zl\u0131 \u015farj cihazlar\u0131 (\u00f6rne\u011fin, diz\u00fcst\u00fc bilgisayar \u015farj cihazlar\u0131) kullanmaktan ka\u00e7\u0131n\u0131n, \u00e7\u00fcnk\u00fc a\u015f\u0131r\u0131 amperaj pil y\u00f6netim sistemine termal stres olu\u015fturarak toplam \u015farj d\u00f6ng\u00fclerini potansiyel olarak azaltabilir.<\/p>\n<\/div>\n<div style=\"margin-bottom: 20px; border: 1px solid #e1e8ed; border-radius: 8px; padding: 18px; background-color: #fcfcfc; box-shadow: 0 1px 4px rgba(0,0,0,0.04);\">\n<h4 style=\"margin: 0 0 10px 0; color: #2c3e50; font-size: 1.1em;\">Bu tek kullan\u0131ml\u0131k vape'lerin perakende depolama ko\u015fullar\u0131 alt\u0131nda raf \u00f6mr\u00fc nedir?<\/h4>\n<p style=\"margin: 0; color: #555;\">\u0130klim kontroll\u00fc bir ortamda (ideal olarak 15\u00b0C ila 25\u00b0C aras\u0131nda), do\u011frudan ultraviyole \u0131\u015f\u0131\u011f\u0131n uzak\u0131nda depoland\u0131\u011f\u0131nda, m\u00fch\u00fcrl\u00fc cihazlar yakla\u015f\u0131k 12 ila 18 ay aras\u0131nda stabil bir raf \u00f6mr\u00fcne sahiptir. A\u015f\u0131r\u0131 s\u0131cakl\u0131klar, 35 ml rezervuardaki lityum-iyon h\u00fccre \u015farj durumu ve tescilli organik bile\u015fiklerin her ikisinin de bozulmas\u0131na neden olabilir.<\/p>\n<\/div>\n<div style=\"margin-bottom: 20px; border: 1px solid #e1e8ed; border-radius: 8px; padding: 18px; background-color: #fcfcfc; box-shadow: 0 1px 4px rgba(0,0,0,0.04);\">\n<h4 style=\"margin: 0 0 10px 0; color: #2c3e50; font-size: 1.1em;\">Do\u011fru bertaraf ve geri d\u00f6n\u00fc\u015f\u00fcm protokolleri nelerdir?<\/h4>\n<p style=\"margin: 0; color: #555;\">Bu vape'ler elektronik devreler ve lityum-iyon g\u00fc\u00e7 h\u00fccreleri i\u00e7erdi\u011finden asla standart belediye at\u0131klar\u0131na at\u0131lmamal\u0131d\u0131r. \u00c7evresel kirlenmeyi \u00f6nlemek i\u00e7in yerel y\u00f6netmeliklere uygun olarak WEEE (At\u0131k Elektrikli ve Elektronik Ekipmanlar) ve tehlikeli pil geri d\u00f6n\u00fc\u015f\u00fcm\u00fc i\u00e7in i\u015flenmelidir.<\/p>\n<\/div>\n<\/article>","protected":false},"excerpt":{"rendered":"<p><strong>\ud83d\udc4b<span style=\"color: #ed1c24;\">\u00dczg\u00fcn\u00fcz, bu \u00fcr\u00fcn t\u00fckendi. L\u00fctfen kontrol edin<\/span>\u00a0<span style=\"color: #0000ff;\"><a style=\"color: #0000ff;\" href=\"https:\/\/vapexyz.com\/tr\/urun\/patlama-kutusu-30000-puf-0-2-3-5-dusuk-nikotin-toplu-sarj-edilebilir-tek-kullanimlik-kalem-tipi-elektronik-sigara-toptan-satin-alin\/\">yeni \u00fcr\u00fcnler<\/a><\/span>.<\/strong><\/p>\n<p>Vapexyz'de, 20.000 puf, 650mAh \u015farj edilebilir pil, \u00f6zelle\u015ftirilebilir g\u00fc\u00e7 seviyeleri, geli\u015fmi\u015f mesh coil teknolojisi ve istisnai bir vape deneyimi i\u00e7in \u00e7e\u015fitli lezzetli tatlar sunan BANG BEACH 20000 Puffs \u015earj Edilebilir Tek Kullan\u0131ml\u0131k Vape'yi ke\u015ffedin.<\/p>","protected":false},"featured_media":25178,"comment_status":"open","ping_status":"closed","template":"","meta":{"_lmt_disableupdate":"no","_lmt_disable":""},"product_brand":[],"product_cat":[821,1002,1018,947,1019,1020,935,934,927,929,928,930,933,939,932,938,931,936,937,1017,946,1023,1025,1027,951,1029,1031,1033,953,1037,820,987,1038],"product_tag":[],"class_list":{"0":"post-25145","1":"product","2":"type-product","3":"status-publish","4":"has-post-thumbnail","6":"product_cat-bang","7":"product_cat-20000-puff-vapes","8":"product_cat-apple-flavor-disposable-vapes","9":"product_cat-big-puffs-vapes","10":"product_cat-blue-razz-flavor-disposable-vapes","11":"product_cat-blueberry-flavor-disposable-vapes","12":"product_cat-bulk-buy-disposable-vapes-in-austria","13":"product_cat-bulk-buy-disposable-vapes-in-belgium","14":"product_cat-bulk-buy-disposable-vapes-in-europe","15":"product_cat-bulk-buy-disposable-vapes-in-france","16":"product_cat-bulk-buy-disposable-vapes-in-germany","17":"product_cat-bulk-buy-disposable-vapes-in-italy","18":"product_cat-bulk-buy-disposable-vapes-in-netherlands","19":"product_cat-bulk-buy-disposable-vapes-in-norway","20":"product_cat-bulk-buy-disposable-vapes-in-poland","21":"product_cat-bulk-buy-disposable-vapes-in-portugal","22":"product_cat-bulk-buy-disposable-vapes-in-spain","23":"product_cat-bulk-buy-disposable-vapes-in-sweden","24":"product_cat-bulk-buy-disposable-vapes-in-switzerland","25":"product_cat-buy-best-disposable-vape-flavors","26":"product_cat-disposable-vapes-series","27":"product_cat-grape-flavor-disposable-vapes","28":"product_cat-ice-flavor-disposable-vapes","29":"product_cat-lemon-flavor-disposable-vapes","30":"product_cat-lower-nicotine-vapes","31":"product_cat-mango-flavor-disposable-vapes","32":"product_cat-mixed-berries-flavor-disposable-vapes","33":"product_cat-peach-flavor-disposable-vapes","34":"product_cat-rechargeable-vapes","35":"product_cat-strawberry-flavor-disposable-vapes","36":"product_cat-vape","37":"product_cat-vape-shop-by-puffs","38":"product_cat-watermelon-flavor-disposable-vapes","40":"first","41":"outofstock","42":"shipping-taxable","43":"purchasable","44":"product-type-variable","45":"has-default-attributes"},"jetpack_sharing_enabled":true,"tiered_pricing_type":"fixed","tiered_pricing_fixed_rules":[],"tiered_pricing_product_settings":{"layout":"default","base_unit_name":{"singular":null,"plural":null},"default_variation":null},"tiered_pricing_minimum_quantity":null,"tiered_pricing_roles_data":[],"tiered_pricing_percentage_rules":[],"tiered_pricing_maximum_quantity":null,"tiered_pricing_quantity_step":null,"_links":{"self":[{"href":"https:\/\/vapexyz.com\/tr\/wp-json\/wp\/v2\/product\/25145","targetHints":{"allow":["GET"]}}],"collection":[{"href":"https:\/\/vapexyz.com\/tr\/wp-json\/wp\/v2\/product"}],"about":[{"href":"https:\/\/vapexyz.com\/tr\/wp-json\/wp\/v2\/types\/product"}],"replies":[{"embeddable":true,"href":"https:\/\/vapexyz.com\/tr\/wp-json\/wp\/v2\/comments?post=25145"}],"wp:featuredmedia":[{"embeddable":true,"href":"https:\/\/vapexyz.com\/tr\/wp-json\/wp\/v2\/media\/25178"}],"wp:attachment":[{"href":"https:\/\/vapexyz.com\/tr\/wp-json\/wp\/v2\/media?parent=25145"}],"wp:term":[{"taxonomy":"product_brand","embeddable":true,"href":"https:\/\/vapexyz.com\/tr\/wp-json\/wp\/v2\/product_brand?post=25145"},{"taxonomy":"product_cat","embeddable":true,"href":"https:\/\/vapexyz.com\/tr\/wp-json\/wp\/v2\/product_cat?post=25145"},{"taxonomy":"product_tag","embeddable":true,"href":"https:\/\/vapexyz.com\/tr\/wp-json\/wp\/v2\/product_tag?post=25145"}],"curies":[{"name":"wp","href":"https:\/\/api.w.org\/{rel}","templated":true}]}}