{"id":24433,"date":"2024-06-21T13:47:13","date_gmt":"2024-06-21T13:47:13","guid":{"rendered":"https:\/\/vapexyz.com\/?post_type=product&#038;p=24433"},"modified":"2026-03-03T15:11:04","modified_gmt":"2026-03-03T15:11:04","slug":"fihp-9000-puf-2-5-toplu-dusuk-nikotinli-sarj-edilebilir-tek-kullanimlik-vapes-kalemi-toptan-satin-alin","status":"publish","type":"product","link":"https:\/\/vapexyz.com\/tr\/product\/fihp-9000-puffs-2-5-bulk-buy-low-nicotine-rechargeable-disposable-vapes-pen-wholesale\/","title":{"rendered":"FIHP 9000 Puffs Toplu Al\u0131m \u015earj Edilebilir Tek Kullan\u0131ml\u0131k Vape Toptan Sat\u0131\u015f"},"content":{"rendered":"<article style=\"font-family: 'Segoe UI', Roboto, Helvetica, Arial, sans-serif; line-height: 1.6; color: #333; max-width: 100%; margin: 0 auto; padding: 20px;\">\n<h2 style=\"color: #2c3e50; border-bottom: 2px solid #3498db; padding-bottom: 10px; margin-top: 0;\">FIHP 9000 Puffs: Kapsaml\u0131 M\u00fchendislik, Performans ve Toptan Analizi<\/h2>\n<p style=\"text-align: justify;\">Y\u00fcksek kapasiteli tek kullan\u0131ml\u0131k vape'lerin premier var\u0131\u015f noktas\u0131na ho\u015f geldiniz. VapeXYZ \u00fczerinden faaliyet g\u00f6steren, sekiz y\u0131ldan fazla belgelenmi\u015f end\u00fcstri uzmanl\u0131\u011f\u0131na sahip profesyonel bir toptan sat\u0131\u015f da\u011f\u0131t\u0131m a\u011f\u0131 ile, titizlikle test edilmi\u015f, g\u00fcvenilir buharla\u015ft\u0131rma cihazlar\u0131 teslim etmede uzmanla\u015fm\u0131\u015f\u0131zd\u0131r. \u00d6zel B2B altyap\u0131m\u0131z, perakendecilerin yaln\u0131zca on \u00fcnite ba\u015flayan son derece eri\u015filebilir minimum sipari\u015f miktarlar\u0131 (MOQ) ile premium tek kullan\u0131ml\u0131k vape modellerine eri\u015fmesini sa\u011flar. Bu teknik belge, FIHP 9000 Puffs tek kullan\u0131ml\u0131k vape'lerin donan\u0131m mimarisi, uyumluluk standartlar\u0131 ve onu envanter edinimi i\u00e7in lider bir se\u00e7im yapan organoleptik \u00f6zelliklerini \u00f6zetleyen ayr\u0131nt\u0131l\u0131 bir ampirik ve yap\u0131sal d\u00f6k\u00fcm sa\u011flar.<\/p>\n<div style=\"text-align: center; margin: 30px 0;\"><a href=\"https:\/\/vapexyz.com\/wp-content\/uploads\/2024\/06\/FIHP-9000-Puffs-8.webp\"><br \/>\n<img loading=\"lazy\" decoding=\"async\" style=\"max-width: 100%; height: auto; border-radius: 8px; box-shadow: 0 4px 8px rgba(0,0,0,0.1);\" src=\"https:\/\/vapexyz.com\/wp-content\/uploads\/2024\/06\/FIHP-9000-Puffs-8.webp\" alt=\"FIHP 9000 Puffs Toplu Al\u0131m \u015earj Edilebilir Tek Kullan\u0131ml\u0131k Vape Kalem Toptan Sat\u0131\u015f\" width=\"800\" height=\"800\" title=\"\"><br \/>\n<\/a><\/div>\n<h3 style=\"color: #2980b9; margin-top: 30px;\">Ampirik Test ve \u00c7\u0131kt\u0131 Do\u011frulamas\u0131<\/h3>\n<p style=\"text-align: justify;\">Y\u00fcksek kapasiteli tek kullan\u0131ml\u0131k vape'leri de\u011ferlendirirken, \u00e7\u0131k\u0131\u015f derecesinin ampirik olarak do\u011frulanmas\u0131 kritik \u00f6neme sahiptir. FIHP cihaz\u0131, 9000 aktive etme d\u00f6ng\u00fcs\u00fc sunacak \u015fekilde tasarlanm\u0131\u015ft\u0131r. Bu metrik keyfi de\u011fildir; genellikle kalite g\u00fcvence tesislerinde kullan\u0131lan otomatik pn\u00f6matik test rejimleri arac\u0131l\u0131\u011f\u0131yla do\u011frulan\u0131r. Standart kullan\u0131m modellerini sim\u00fcle ederek - tipik olarak 3 saniyelik bir \u00e7ekme ard\u0131ndan bir dinlenme aral\u0131\u011f\u0131 - m\u00fchendisler, dahili form\u00fclasyonun t\u00fcketim oran\u0131n\u0131 ve pilin de\u015farj e\u011frisini izlerler. 18ml rezervuar ve ince ayarl\u0131 \u00e7\u0131k\u0131\u015f voltaj\u0131 aras\u0131ndaki sinerji, cihaz\u0131n ilk \u00e7ekmeden son t\u00fcketim a\u015famas\u0131na kadar tutarl\u0131 aerosolizasyonu s\u00fcrd\u00fcrmesini sa\u011flar, b\u00f6ylece cihaz de\u011fi\u015fimini en aza indirir ve t\u00fcketici sadakatini en \u00fcst d\u00fczeye \u00e7\u0131kar\u0131r.<\/p>\n<h3 style=\"color: #2980b9; margin-top: 30px;\">Teknik \u00d6zellikler ve Donan\u0131m Mimarisi<\/h3>\n<p style=\"text-align: justify;\">FIHP cihaz\u0131n\u0131n yap\u0131sal b\u00fct\u00fcnl\u00fc\u011f\u00fc ve operasyonel verimlili\u011fi, titizlikle se\u00e7ilmi\u015f dahili bile\u015fenlere ba\u011fl\u0131d\u0131r. A\u015fa\u011f\u0131da, bu geli\u015fmi\u015f tek kullan\u0131ml\u0131k vape'lerin temel \u00f6zelliklerini detayland\u0131ran teknik bir matris bulunmaktad\u0131r.<\/p>\n<table style=\"width: 100%; border-collapse: collapse; margin: 20px 0; font-size: 15px; box-shadow: 0 2px 5px rgba(0,0,0,0.05);\">\n<thead>\n<tr style=\"background-color: #34495e; color: #ffffff; text-align: left;\">\n<th style=\"padding: 12px 15px; border: 1px solid #2c3e50;\">Bile\u015fen \/ Metrik<\/th>\n<th style=\"padding: 12px 15px; border: 1px solid #2c3e50;\">Teknik \u00d6zellikler<\/th>\n<th style=\"padding: 12px 15px; border: 1px solid #2c3e50;\">\u0130\u015fletme Faydas\u0131<\/th>\n<\/tr>\n<\/thead>\n<tbody>\n<tr style=\"background-color: #f8f9fa;\">\n<td style=\"padding: 12px 15px; border: 1px solid #ddd; font-weight: bold;\">Baraj Kapasitesi<\/td>\n<td style=\"padding: 12px 15px; border: 1px solid #ddd;\">18 Mililitre (ml)<\/td>\n<td style=\"padding: 12px 15px; border: 1px solid #ddd;\">Yeterli hacmi, \u00f6nceden kurumu\u015f vuru\u015flar olmadan k\u0131yaslanan 9000 aktivasyonu sa\u011flamak i\u00e7in garanti eder.<\/td>\n<\/tr>\n<tr style=\"background-color: #ffffff;\">\n<td style=\"padding: 12px 15px; border: 1px solid #ddd; font-weight: bold;\">G\u00fc\u00e7 H\u00fccresi (Pil)<\/td>\n<td style=\"padding: 12px 15px; border: 1px solid #ddd;\">650mAh Lityum-\u0130yon Polimer<\/td>\n<td style=\"padding: 12px 15px; border: 1px solid #ddd;\">Tutarl\u0131 bir termal uygulama i\u00e7in kararl\u0131 bir de\u015farj e\u011frisi sa\u011flar; birden fazla \u015farj d\u00f6ng\u00fcs\u00fc boyunca olduk\u00e7a dayan\u0131kl\u0131d\u0131r.<\/td>\n<\/tr>\n<tr style=\"background-color: #f8f9fa;\">\n<td style=\"padding: 12px 15px; border: 1px solid #ddd; font-weight: bold;\">Atomizasyon Eleman\u0131<\/td>\n<td style=\"padding: 12px 15px; border: 1px solid #ddd;\">1,0 Ohm'lik A\u011f Matrisi<\/td>\n<td style=\"padding: 12px 15px; border: 1px solid #ddd;\">Y\u00fczey alan\u0131 temas\u0131n\u0131 optimize eder, termal verimlili\u011fi ve duyusal profil sadakatini b\u00fcy\u00fck \u00f6l\u00e7\u00fcde iyile\u015ftirir.<\/td>\n<\/tr>\n<tr style=\"background-color: #ffffff;\">\n<td style=\"padding: 12px 15px; border: 1px solid #ddd; font-weight: bold;\">\u015earj Aray\u00fcz\u00fc<\/td>\n<td style=\"padding: 12px 15px; border: 1px solid #ddd;\">USB Type-C Protokol\u00fc<\/td>\n<td style=\"padding: 12px 15px; border: 1px solid #ddd;\">Kullan\u0131c\u0131 i\u00e7in bekleme s\u00fcresini azaltarak h\u0131zl\u0131 enerji transferini ve evrensel uyumlulu\u011fu kolayla\u015ft\u0131r\u0131r.<\/td>\n<\/tr>\n<tr style=\"background-color: #f8f9fa;\">\n<td style=\"padding: 12px 15px; border: 1px solid #ddd; font-weight: bold;\">G\u00f6rsel Aray\u00fcz<\/td>\n<td style=\"padding: 12px 15px; border: 1px solid #ddd;\">RGB LED Dizisi<\/td>\n<td style=\"padding: 12px 15px; border: 1px solid #ddd;\">D\u00fc\u015f\u00fck olmayan \u0131\u015f\u0131k ortamlar\u0131nda cihaz\u0131n etkinle\u015ftirilmesi ve g\u00fc\u00e7 durumu hakk\u0131nda an\u0131nda g\u00f6rsel geri bildirim sa\u011flar.<\/td>\n<\/tr>\n<tr style=\"background-color: #ffffff;\">\n<td style=\"padding: 12px 15px; border: 1px solid #ddd; font-weight: bold;\">Form\u00fclasyon G\u00fc\u00e7 Se\u00e7enekleri<\/td>\n<td style=\"padding: 12px 15px; border: 1px solid #ddd;\">2% ve 5% Konsantrasyonlar\u0131<\/td>\n<td style=\"padding: 12px 15px; border: 1px solid #ddd;\">Perakendecilerin farkl\u0131 t\u00fcketici tercihlerine ve de\u011fi\u015fen fizyolojik gereksinimlere hitap etmesini sa\u011flar.<\/td>\n<\/tr>\n<\/tbody>\n<\/table>\n<h3 style=\"color: #2980b9; margin-top: 30px;\">1,0 Ohm A\u011f Teknolojisinin Termodinami\u011fi<\/h3>\n<p style=\"text-align: justify;\">Modern tek kullan\u0131ml\u0131k vape'lerde kritik bir ay\u0131rt edici \u00f6zellik, geleneksel tel bobinlerden karma\u015f\u0131k mesh elemanlara ge\u00e7i\u015f yapmakt\u0131r. FIHP 9000, hassas m\u00fchendislikli 1.0 ohm mesh atomizerini entegre eder. Termodinamik bir perspektiften bak\u0131ld\u0131\u011f\u0131nda, mesh matrisi, emici malzeme ile temas eden aktif y\u00fczey alan\u0131n\u0131 \u00f6nemli \u00f6l\u00e7\u00fcde art\u0131r\u0131r. Bu, termal enerjinin d\u00fczg\u00fcn da\u011f\u0131lmas\u0131na olanak tan\u0131r. Form\u00fclasyonu bozabilen ve yak\u0131c\u0131 organoleptik notlar getirebilen h\u0131zl\u0131, lokalize \u0131s\u0131tma yerine - mesh eleman, s\u0131v\u0131n\u0131n aerosole son derece kontroll\u00fc bir faz de\u011fi\u015fimi sa\u011flar. Bu optimize edilmi\u015f \u0131s\u0131tma mekanizmas\u0131, 650mAh bataryan\u0131n \u00e7\u0131k\u0131\u015f parametreleri i\u00e7inde m\u00fckemmel \u015fekilde \u00e7al\u0131\u015farak, bu vape'den her \u00e7eki\u015fin maksimum duyusal sadakat i\u00e7in kesinlikle kalibre edilmi\u015f bir s\u0131cakl\u0131k profili s\u00fcrd\u00fcrmesini sa\u011flar.<\/p>\n<h3 style=\"color: #2980b9; margin-top: 30px;\">Kalite G\u00fcvencesi, Uygunluk ve End\u00fcstri Otoritesi<\/h3>\n<p style=\"text-align: justify;\">B2B sekt\u00f6r\u00fcnde g\u00fcven, promotional iddialardan daha fazlas\u0131n\u0131 gerektirir; kat\u0131 \u00fcretim protokolleriyle uyum sa\u011flamay\u0131 gerektirir. \u00dcreten tesisler <a style=\"color: #e67e22; text-decoration: none; font-weight: bold;\" href=\"https:\/\/vapexyz.com\/tr\/urun-kategori%cc%87si%cc%87\/fihp\/\">FIHP Tek Kullan\u0131ml\u0131k Elektronik Sigaralar<\/a> kat\u0131 kalite kontrol standartlar\u0131 alt\u0131nda \u00e7al\u0131\u015f\u0131r. Donan\u0131m yap\u0131m\u0131nda kullan\u0131lan malzemeler, RoHS (Tehlikeli Maddelerin K\u0131s\u0131tlanmas\u0131) gibi uluslararas\u0131 g\u00fcvenlik direktiflerine uygunluk a\u00e7\u0131s\u0131ndan de\u011ferlendirilir ve elektrikli bile\u015fenlerin tehlikeli a\u011f\u0131r metallardan ar\u0131nm\u0131\u015f olmas\u0131n\u0131 sa\u011flar. Ayr\u0131ca, koruyucu devrelerin entegrasyonu, 650mAh lityum-iyon h\u00fccresini a\u015f\u0131r\u0131 \u015farj, a\u015f\u0131r\u0131 de\u015farj ve k\u0131sa devre olaylar\u0131na kar\u015f\u0131 korur. \u0130\u00e7 form\u00fclasyonlar temiz oda ortamlar\u0131nda haz\u0131rlanarak, do\u011frulanabilir parti-parti tekd\u00fczeli\u011fini sa\u011flayan s\u0131k\u0131 hijyen ve tutarl\u0131l\u0131k standartlar\u0131 korunur. Toptan distrib\u00fct\u00f6rler ve perakendeciler i\u00e7in, bu do\u011frulanan uyumluluk \u00f6l\u00e7\u00fctleri, do\u011frudan minimize edilmi\u015f sorumluluk, ihmal edilebilecek kusur oranlar\u0131 ve geli\u015ftirilmi\u015f marka yetkisi anlam\u0131na gelir.<\/p>\n<div style=\"background: linear-gradient(135deg, #f5f7fa 0%, #c3cfe2 100%); border-left: 6px solid #2980b9; padding: 20px; margin: 30px 0; border-radius: 0 8px 8px 0; box-shadow: 0 4px 6px rgba(0,0,0,0.1);\">\n<h4 style=\"margin-top: 0; color: #2c3e50; font-size: 18px; display: flex; align-items: center;\"><span style=\"font-size: 24px; margin-right: 10px;\">\ud83d\udca1<\/span> \u0130leri Bilgi Noktas\u0131: Lityum-\u0130yon \u00c7evrim Dinamikleri<\/h4>\n<p style=\"margin-bottom: 0; text-align: justify; font-size: 15px; color: #444;\">\u015earj Edilebilir Tek Kullan\u0131ml\u0131k Mimariyi Anlamak: Y\u00fcksek hacimli tek kullan\u0131ml\u0131k vape'lerde Type-C \u015farj edilebilir 650mAh bataryan\u0131n entegrasyonu, hesaplanm\u0131\u015f bir m\u00fchendislik se\u00e7imidir. Geleneksel tek kullan\u0131ml\u0131k g\u00fc\u00e7 h\u00fccrelerinin 9000 aktivasyon \u00e7\u0131kt\u0131s\u0131 sa\u011flamak i\u00e7in b\u00fcy\u00fck \u00f6l\u00e7\u00fcde a\u015f\u0131r\u0131 boyutland\u0131r\u0131lmas\u0131 gerekirdi - bu da cihaz\u0131 ergonomik olmayan hale getirir - \u015farj edilebilir lityum-iyon polimer h\u00fccre, donan\u0131m\u0131n kompakt kalmas\u0131n\u0131 sa\u011flar. Type-C protokol\u00fc, cihaz\u0131n g\u00fc\u00e7 verimli bir \u015fekilde almas\u0131n\u0131 sa\u011flar ve a\u015f\u0131r\u0131 \u0131s\u0131 \u00fcretmeden hem batarya h\u00fccresinin hem de biti\u015fik 18ml sol\u00fcsyon rezervuar\u0131n\u0131n kimyasal b\u00fct\u00fcnl\u00fc\u011f\u00fcn\u00fc korur. Bu mimari, \u015farj edilemeyen eski modellere k\u0131yasla \u00e7evresel at\u0131klar\u0131 drastik bir \u015fekilde azalt\u0131r ve \u00e7a\u011fda\u015f s\u00fcrd\u00fcr\u00fclebilirlik \u00f6l\u00e7\u00fctleriyle uyumlu hale gelir.<\/p>\n<\/div>\n<h3 style=\"color: #2980b9; margin-top: 30px;\">Organoleptik Analiz: Hassas \u00dcretilmi\u015f Duyusal Profiller<\/h3>\n<p style=\"text-align: justify;\">FIHP tek kullan\u0131ml\u0131k vape'ler taraf\u0131ndan verilen duyusal deneyim, kapsaml\u0131 form\u00fclasyon ve organoleptik testlerin sonucu. Uzman kimyagerler, on iki farkl\u0131 aromatik kar\u0131\u015f\u0131m portf\u00f6y\u00fc geli\u015ftirdiler. Her profil, termal y\u00fck alt\u0131nda kimyasal olarak kararl\u0131 kalacak \u015fekilde sentezlenerek, temel aromatik bile\u015fiklerin bozulmas\u0131 \u00f6nlenir. A\u015fa\u011f\u0131da, mevcut se\u00e7imlerin analitik bir incelemesi bulunmaktad\u0131r:<\/p>\n<ul style=\"list-style-type: none; padding: 0; margin: 20px 0;\">\n<li style=\"background: #fff; border: 1px solid #eee; margin-bottom: 10px; padding: 15px; border-radius: 6px; box-shadow: 0 2px 4px rgba(0,0,0,0.02);\">\u00c7ilek-Kivi: \u00c7ilek \u00f6zlerinin derin, zengin tatl\u0131l\u0131\u011f\u0131n\u0131 kivi'nin ek\u015fi, asidik parlakl\u0131\u011f\u0131 ile birle\u015ftiren hassas bir \u015fekilde dengelenmi\u015f botanik bir kar\u0131\u015f\u0131m.<\/li>\n<li style=\"background: #fdfdfd; border: 1px solid #eee; margin-bottom: 10px; padding: 15px; border-radius: 6px; box-shadow: 0 2px 4px rgba(0,0,0,0.02);\">Kivi-Passiflora-Guava: Karma\u015f\u0131k bir tropikal kar\u0131\u015f\u0131m. Kivinin ek\u015fili\u011fi, passifloran\u0131n yo\u011fun, egzotik aromalar\u0131 taraf\u0131ndan n\u00f6tralize edilir ve guavan\u0131n p\u00fcr\u00fczs\u00fcz bir temel notas\u0131 ile sabitlenir.<\/li>\n<li style=\"background: #fff; border: 1px solid #eee; margin-bottom: 10px; padding: 15px; border-radius: 6px; box-shadow: 0 2px 4px rgba(0,0,0,0.02);\">Mango Buz: Yo\u011fun mango aromatikleri, nefes verirken keskin, donuk bir biti\u015f sa\u011flayan g\u00fc\u00e7l\u00fc, endotermik bir so\u011futma maddesi ile e\u015fle\u015ftirildi.<\/li>\n<li style=\"background: #fdfdfd; border: 1px solid #eee; margin-bottom: 10px; padding: 15px; border-radius: 6px; box-shadow: 0 2px 4px rgba(0,0,0,0.02);\">Kar\u0131\u015f\u0131k Meyveler: \u00c7e\u015fitli meyve \u00f6zlerinin \u00e7ok boyutlu bir sentezi, tatl\u0131 ve ek\u015fi bir dizi organoleptik nota sahip sa\u011flam bir spektrum sunar.<\/li>\n<li style=\"background: #fff; border: 1px solid #eee; margin-bottom: 10px; padding: 15px; border-radius: 6px; box-shadow: 0 2px 4px rgba(0,0,0,0.02);\">Kavun Buzu: Kavunun hafif, ferahlat\u0131c\u0131 \u00f6z\u00fcn\u00fc yakalar, serinletici bir bile\u015fikle stabilize edilerek so\u011futulmu\u015f bir i\u00e7ecek deneyimini sim\u00fcle eder.<\/li>\n<li style=\"background: #fdfdfd; border: 1px solid #eee; margin-bottom: 10px; padding: 15px; border-radius: 6px; box-shadow: 0 2px 4px rgba(0,0,0,0.02);\">Energy \u0130\u00e7ece\u011fi: Pop\u00fcler uyar\u0131c\u0131 i\u00e7eceklerin karakteristik keskin, canl\u0131 ve hafif asidik profilini taklit etmek \u00fczere tasarland\u0131.<\/li>\n<li style=\"background: #fff; border: 1px solid #eee; margin-bottom: 10px; padding: 15px; border-radius: 6px; box-shadow: 0 2px 4px rgba(0,0,0,0.02);\">\u00c7ilek-Muz: Y\u00fcksek viskoziteli bir duyusal deneyim, \u00e7ileklerin keskin tatl\u0131l\u0131\u011f\u0131n\u0131 yo\u011fun, kremsi bir muz alt tonuyla birle\u015ftiriyor.<\/li>\n<li style=\"background: #fdfdfd; border: 1px solid #eee; margin-bottom: 10px; padding: 15px; border-radius: 6px; box-shadow: 0 2px 4px rgba(0,0,0,0.02);\">\u00c7ilek- Ejder Meyvesi: Geleneksel \u00e7ilek tatl\u0131l\u0131\u011f\u0131n\u0131n, egzotik ejder meyvesinin ince, hafif \u00e7i\u00e7eksi notalar\u0131 ile y\u00fckseltilmi\u015f oldu\u011fu yenilik\u00e7i bir kombinasyon.<\/li>\n<li style=\"background: #fff; border: 1px solid #eee; margin-bottom: 10px; padding: 15px; border-radius: 6px; box-shadow: 0 2px 4px rgba(0,0,0,0.02);\">\u00c7ilek-Karpuz: Tatl\u0131l\u0131\u011f\u0131 ve ferahl\u0131\u011f\u0131 maksimuma \u00e7\u0131karan sinerjik bir kar\u0131\u015f\u0131m, evrensel olarak kabul g\u00f6ren en pop\u00fcler iki botanik profilini birle\u015ftiriyor.<\/li>\n<li style=\"background: #fdfdfd; border: 1px solid #eee; margin-bottom: 10px; padding: 15px; border-radius: 6px; box-shadow: 0 2px 4px rgba(0,0,0,0.02);\">Mango-Peach: Yo\u011fun, ta\u015f meyve profiline sahip; zengin, re\u00e7ineli mango notalar\u0131n\u0131 yumu\u015fak, kadifemsi bir \u015feftali temeli \u00fczerine katmanlayan bir kombinasyon.<\/li>\n<li style=\"background: #fff; border: 1px solid #eee; margin-bottom: 10px; padding: 15px; border-radius: 6px; box-shadow: 0 2px 4px rgba(0,0,0,0.02);\">Mavi Yaban Mersini Limonatas\u0131: Tatl\u0131, koyu mavi yaban mersini \u00f6zleri, keskin, narenciye a\u011f\u0131rl\u0131kl\u0131 bir limonata taban\u0131na dinamik bir kontrast olu\u015fturuyor.<\/li>\n<li style=\"background: #fdfdfd; border: 1px solid #eee; margin-bottom: 10px; padding: 15px; border-radius: 6px; box-shadow: 0 2px 4px rgba(0,0,0,0.02);\">So\u011fuk Nane: Saf, son derece rafine edilmi\u015f mentoll\u00fc bir profil, premium so\u011futma ajanlar\u0131 kullanarak kesintisiz, taze bir termal his sunar.<\/li>\n<\/ul>\n<h3 style=\"color: #2980b9; margin-top: 30px;\">Stratejik Kaynak Kullan\u0131m\u0131 ve B2B Toptanc\u0131 Avantajlar\u0131<\/h3>\n<p style=\"text-align: justify;\">Perakendeciler ve kurumsal al\u0131c\u0131lar i\u00e7in tedarik zinciri g\u00fcvenilirli\u011fi son derece \u00f6nemlidir. VapeXYZ, \u00fcst d\u00fczey tek kullan\u0131ml\u0131k vape'ler i\u00e7in do\u011frudan perakende kanal olarak faaliyet g\u00f6stermektedir. Y\u00fcksek d\u00fczeyde optimize edilmi\u015f bir lojistik \u00e7er\u00e7eve s\u00fcrd\u00fcrerek, uluslararas\u0131 da\u011f\u0131t\u0131mla ili\u015fkili standart darbo\u011fazlar\u0131 azalt\u0131yoruz. Sadece 10 adet olan d\u00fc\u015f\u00fck minimum sipari\u015f miktar\u0131m\u0131z, k\u00fc\u00e7\u00fck perakende operasyonlar\u0131n\u0131n farkl\u0131 duyusal profiller genelinde pazar uygunlu\u011funu a\u015f\u0131r\u0131 sermaye taahh\u00fcd\u00fc olmadan test etmesine olanak tan\u0131yarak, y\u00fcksek hacimli fiyatland\u0131rmaya eri\u015fimi demokratikle\u015ftiriyor. FIHP 9000'in do\u011fas\u0131 gere\u011fi raf stabilitesi - m\u00fch\u00fcrl\u00fc 18ml haznesi ve uyku durumundaki lityum-iyon h\u00fccresi sayesinde - envanterin uzun s\u00fcreler boyunca bozulmadan kalmas\u0131n\u0131 sa\u011flayarak, k\u00fc\u00e7\u00fclmeyi azalt\u0131r ve kar marjlar\u0131n\u0131 en \u00fcst d\u00fczeye \u00e7\u0131kar\u0131r.<\/p>\n<h3 style=\"color: #2c3e50; text-align: center; margin-top: 40px; border-top: 1px solid #eee; padding-top: 20px;\">S\u0131k Sorulan Sorular (SSS)<\/h3>\n<div style=\"margin-top: 20px;\">\n<div style=\"background: #ffffff; border: 1px solid #e1e1e1; padding: 15px 20px; margin-bottom: 12px; border-radius: 8px; border-left: 4px solid #3498db; transition: all 0.3s ease;\">\n<h4 style=\"margin: 0 0 10px 0; color: #2c3e50; font-size: 16px;\">9000 aktivasyon \u00f6l\u00e7\u00fct\u00fc bilimsel olarak nas\u0131l do\u011frulanm\u0131\u015ft\u0131r?<\/h4>\n<p style=\"margin: 0; color: #555; font-size: 14px; text-align: justify;\">Puff say\u0131s\u0131 laboratuvar ortamlar\u0131nda titiz pn\u00f6matik sim\u00fclasyon yoluyla belirlenir. Makineler, standartla\u015ft\u0131r\u0131lm\u0131\u015f bir s\u00fcre boyunca belirli bir hacimde aerosol (tipik olarak CORESTA \u00f6nerilen y\u00f6ntemlerle hizalan\u0131r) \u00e7eker. FIHP'nin 18ml rezervuar\u0131 ve verimli 1.0 ohm a\u011f bobini matematiksel ve ampirik olarak form\u00fclasyonun t\u00fckenmeden \u00f6nce 9000'e kadar tutarl\u0131 \u00e7ekimi destekler.<\/p>\n<\/div>\n<div style=\"background: #ffffff; border: 1px solid #e1e1e1; padding: 15px 20px; margin-bottom: 12px; border-radius: 8px; border-left: 4px solid #3498db; transition: all 0.3s ease;\">\n<h4 style=\"margin: 0 0 10px 0; color: #2c3e50; font-size: 16px;\">Toptan sat\u0131n alma i\u00e7in lojistik gereksinimler nelerdir?<\/h4>\n<p style=\"margin: 0; color: #555; font-size: 14px; text-align: justify;\">VapeXYZ, t\u00fcm \u00f6l\u00e7ekteki i\u015fletmeleri desteklemek i\u00e7in tedarik s\u00fcrecini optimize etmi\u015ftir. Minimum sipari\u015f miktar\u0131 (MOQ) yaln\u0131zca 10 adet olarak kat\u0131 bir \u015fekilde yap\u0131land\u0131r\u0131lm\u0131\u015ft\u0131r. Bu son derece d\u00fc\u015f\u00fck e\u015fik, perakende fiyat katmanlar\u0131na hemen eri\u015fim sa\u011flar ve yasaklay\u0131c\u0131 \u00f6n maliyetler olmadan \u00e7e\u015fitli envanter stoklamay\u0131 kolayla\u015ft\u0131r\u0131r.<\/p>\n<\/div>\n<div style=\"background: #ffffff; border: 1px solid #e1e1e1; padding: 15px 20px; margin-bottom: 12px; border-radius: 8px; border-left: 4px solid #3498db; transition: all 0.3s ease;\">\n<h4 style=\"margin: 0 0 10px 0; color: #2c3e50; font-size: 16px;\">Dahili g\u00fc\u00e7 h\u00fccreleri elektrik anomalilerine kar\u015f\u0131 korunuyor mu?<\/h4>\n<p style=\"margin: 0; color: #555; font-size: 14px; text-align: justify;\">Evet. Entegre 650mAh lityum-iyon polimer pil, dahili koruyucu devreye sahiptir. Bu geli\u015fmi\u015f \u00e7ipseti, Type-C ba\u011flant\u0131 noktas\u0131 \u00fczerinden ba\u011fland\u0131\u011f\u0131nda a\u015f\u0131r\u0131 \u015farj olu\u015fmas\u0131n\u0131 \u00f6nler ve k\u0131sa devreler ile derin de\u015farj olaylar\u0131na kar\u015f\u0131 korur, b\u00f6ylece son t\u00fcketici i\u00e7in maksimum g\u00fcvenli\u011fi sa\u011flar ve perakendeci i\u00e7in sorumlulu\u011fu s\u0131n\u0131rlar.<\/p>\n<\/div>\n<div style=\"background: #ffffff; border: 1px solid #e1e1e1; padding: 15px 20px; margin-bottom: 12px; border-radius: 8px; border-left: 4px solid #3498db; transition: all 0.3s ease;\">\n<h4 style=\"margin: 0 0 10px 0; color: #2c3e50; font-size: 16px;\">Bu vape i\u00e7in hangi aktif bile\u015fen konsantrasyonlar\u0131 mevcuttur?<\/h4>\n<p style=\"margin: 0; color: #555; font-size: 14px; text-align: justify;\">FIHP 9000 serisi, 2% ve 5% olmak \u00fczere iki farkl\u0131 konsantrasyon seviyesinde \u00fcretilmektedir. Bu iki kademeli yakla\u015f\u0131m, perakende al\u0131c\u0131lar\u0131n yerel demografik taleplere ve d\u00fczenleyici ortamlara g\u00f6re raflar\u0131n\u0131 se\u00e7ici olarak stoklamalar\u0131na olanak tan\u0131yarak optimum pazar penetrasyonu sa\u011flar.<\/p>\n<\/div>\n<\/div>\n<\/article>","protected":false},"excerpt":{"rendered":"<p>\u00dcst\u00fcn teknolojiyi ve geni\u015f bir lezzet yelpazesini FIHP 9000 Puffs Tek Kullan\u0131ml\u0131k Vape'lerle deneyimleyin. Vapexyz'de toptan olarak mevcut olan FIHP 9000 Puffs, 9000 pufa kadar, geli\u015fmi\u015f mesh coil teknolojisi ve yeniden \u015farj edilebilir batarya ile e\u015fsiz bir vape deneyimi sunar.<\/p>","protected":false},"featured_media":24634,"comment_status":"open","ping_status":"closed","template":"","meta":{"_lmt_disableupdate":"no","_lmt_disable":""},"product_brand":[],"product_cat":[860,1009,1020,935,934,927,929,928,930,933,939,932,938,931,936,937,1017,946,1024,1025,1026,1027,1029,1030,1031,1032,1033,953,1037,820,987,1038],"product_tag":[],"class_list":{"0":"post-24433","1":"product","2":"type-product","3":"status-publish","4":"has-post-thumbnail","6":"product_cat-fihp","7":"product_cat-9000-puff-vapes","8":"product_cat-blueberry-flavor-disposable-vapes","9":"product_cat-bulk-buy-disposable-vapes-in-austria","10":"product_cat-bulk-buy-disposable-vapes-in-belgium","11":"product_cat-bulk-buy-disposable-vapes-in-europe","12":"product_cat-bulk-buy-disposable-vapes-in-france","13":"product_cat-bulk-buy-disposable-vapes-in-germany","14":"product_cat-bulk-buy-disposable-vapes-in-italy","15":"product_cat-bulk-buy-disposable-vapes-in-netherlands","16":"product_cat-bulk-buy-disposable-vapes-in-norway","17":"product_cat-bulk-buy-disposable-vapes-in-poland","18":"product_cat-bulk-buy-disposable-vapes-in-portugal","19":"product_cat-bulk-buy-disposable-vapes-in-spain","20":"product_cat-bulk-buy-disposable-vapes-in-sweden","21":"product_cat-bulk-buy-disposable-vapes-in-switzerland","22":"product_cat-buy-best-disposable-vape-flavors","23":"product_cat-disposable-vapes-series","24":"product_cat-guava-flavor-disposable-vapes","25":"product_cat-ice-flavor-disposable-vapes","26":"product_cat-kiwi-flavor-disposable-vapes","27":"product_cat-lemon-flavor-disposable-vapes","28":"product_cat-mango-flavor-disposable-vapes","29":"product_cat-mint-flavor-disposable-vapes","30":"product_cat-mixed-berries-flavor-disposable-vapes","31":"product_cat-passion-fruit-flavor-disposable-vapes","32":"product_cat-peach-flavor-disposable-vapes","33":"product_cat-rechargeable-vapes","34":"product_cat-strawberry-flavor-disposable-vapes","35":"product_cat-vape","36":"product_cat-vape-shop-by-puffs","37":"product_cat-watermelon-flavor-disposable-vapes","39":"first","40":"outofstock","41":"shipping-taxable","42":"purchasable","43":"product-type-variable","44":"has-default-attributes"},"jetpack_sharing_enabled":true,"tiered_pricing_type":"fixed","tiered_pricing_fixed_rules":[],"tiered_pricing_product_settings":{"layout":"default","base_unit_name":{"singular":null,"plural":null},"default_variation":null},"tiered_pricing_minimum_quantity":null,"tiered_pricing_roles_data":[],"tiered_pricing_percentage_rules":[],"tiered_pricing_maximum_quantity":null,"tiered_pricing_quantity_step":null,"_links":{"self":[{"href":"https:\/\/vapexyz.com\/tr\/wp-json\/wp\/v2\/product\/24433","targetHints":{"allow":["GET"]}}],"collection":[{"href":"https:\/\/vapexyz.com\/tr\/wp-json\/wp\/v2\/product"}],"about":[{"href":"https:\/\/vapexyz.com\/tr\/wp-json\/wp\/v2\/types\/product"}],"replies":[{"embeddable":true,"href":"https:\/\/vapexyz.com\/tr\/wp-json\/wp\/v2\/comments?post=24433"}],"wp:featuredmedia":[{"embeddable":true,"href":"https:\/\/vapexyz.com\/tr\/wp-json\/wp\/v2\/media\/24634"}],"wp:attachment":[{"href":"https:\/\/vapexyz.com\/tr\/wp-json\/wp\/v2\/media?parent=24433"}],"wp:term":[{"taxonomy":"product_brand","embeddable":true,"href":"https:\/\/vapexyz.com\/tr\/wp-json\/wp\/v2\/product_brand?post=24433"},{"taxonomy":"product_cat","embeddable":true,"href":"https:\/\/vapexyz.com\/tr\/wp-json\/wp\/v2\/product_cat?post=24433"},{"taxonomy":"product_tag","embeddable":true,"href":"https:\/\/vapexyz.com\/tr\/wp-json\/wp\/v2\/product_tag?post=24433"}],"curies":[{"name":"wp","href":"https:\/\/api.w.org\/{rel}","templated":true}]}}