{"id":4439,"date":"2021-10-12T16:27:24","date_gmt":"2021-10-12T16:27:24","guid":{"rendered":"http:\/\/dummy.xtemos.com\/woodmart2\/elementor\/?page_id=4439"},"modified":"2026-03-07T07:08:45","modified_gmt":"2026-03-07T07:08:45","slug":"bize-ulasin","status":"publish","type":"page","link":"https:\/\/vapexyz.com\/tr\/contact-us\/","title":{"rendered":"Bize ula\u015f\u0131n"},"content":{"rendered":"<h4>SORULARINIZ I\u00c7IN BIZIMLE ILETI\u015eIME GE\u00c7IN<\/h4>\n<p>Bizimle ileti\u015fime ge\u00e7meden \u00f6nce, sorunuzun daha \u00f6nce yan\u0131tlan\u0131p yan\u0131tlanmad\u0131\u011f\u0131n\u0131 g\u00f6rmek i\u00e7in l\u00fctfen a\u015fa\u011f\u0131daki SSS b\u00f6l\u00fcm\u00fcn\u00fc kontrol edin. Cevab\u0131 bulamazsan\u0131z, ileti\u015fim formunu kullanmaktan \u00e7ekinmeyin; mesai saatleri i\u00e7inde size geri d\u00f6nece\u011fiz.<\/p>\n<p><strong>E-posta:<\/strong>\u00a0info@vapexyz.com<\/p>\n<p><strong>\u015eirket:<\/strong>\u00a0CYBERGEN TECH LIMITED<\/p>\n<p><strong>Adres:<\/strong>\u00a0Oda A516, 5\/K, Yee Fat Industrial Building, 35 Tai Yau Street, San Po Kong, Kowloon, Hong Kong<\/p>\n\n\t<section class=\"section\" id=\"section_1733654982\">\n\t\t<div class=\"section-bg fill\" >\n\t\t\t\t\t\t\t\t\t\n\t\t\t\n\n\t\t<\/div>\n\n\t\t\n\n\t\t<div class=\"section-content relative\">\n\t\t\t\n<div class=\"row\"  id=\"row-1594703982\">\n\n\t<div id=\"col-995019919\" class=\"col medium-6 small-12 large-6\"  >\n\t\t\t\t<div class=\"col-inner\"  >\n\t\t\t\n\t\t\t\n<h3 class=\"accordion_title\">SIK\u00c7A SORULAN SORULAR<\/h3><div class=\"accordion\">\n\t<div id=\"accordion-89717857\" class=\"accordion-item\">\n\t\t<a id=\"accordion-89717857-label\" class=\"accordion-title plain\" href=\"#accordion-item-what-is-the-timeframe-for-receiving-a-refund?\" aria-expanded=\"false\" aria-controls=\"accordion-89717857-content\" >\n\t\t\t<button class=\"toggle\" aria-label=\"A\u00e7\/Kapat\"><i class=\"icon-angle-down\"><\/i><\/button>\n\t\t\t<span>Para iadesi almak i\u00e7in zaman dilimi nedir?<\/span>\n\t\t<\/a>\n\t\t<div id=\"accordion-89717857-content\" class=\"accordion-inner\" aria-labelledby=\"accordion-89717857-label\" >\n\t\t\t\n<p>Normalde geri \u00f6demeler do\u011frudan banka kart\u0131n\u0131za yap\u0131l\u0131r ve yakla\u015f\u0131k 3 ila 15 g\u00fcn s\u00fcrebilir. Kesin s\u00fcre esas olarak yerel bankan\u0131z\u0131n i\u015flem s\u00fcresine ba\u011fl\u0131d\u0131r.<\/p>\n\t\t<\/div>\n\t<\/div>\n\t\n\t<div id=\"accordion-705059966\" class=\"accordion-item\">\n\t\t<a id=\"accordion-705059966-label\" class=\"accordion-title plain\" href=\"#accordion-item-how-can-i-track-my-order?\" aria-expanded=\"false\" aria-controls=\"accordion-705059966-content\" >\n\t\t\t<button class=\"toggle\" aria-label=\"A\u00e7\/Kapat\"><i class=\"icon-angle-down\"><\/i><\/button>\n\t\t\t<span>Sipari\u015fimi nas\u0131l takip edebilirim?<\/span>\n\t\t<\/a>\n\t\t<div id=\"accordion-705059966-content\" class=\"accordion-inner\" aria-labelledby=\"accordion-705059966-label\" >\n\t\t\t\n<p>Sipari\u015finizi takip etmek i\u00e7in https:\/\/vapexyz.com\/my-account\/orders\/ adresindeki sipari\u015f sayfas\u0131n\u0131 ziyaret edebilirsiniz. Ayr\u0131ca, size e-posta yoluyla bir takip numaras\u0131 g\u00f6nderilecektir. Sipari\u015f durumunuzu https:\/\/www.17track.net adresinden takip etmek i\u00e7in bu takip numaras\u0131n\u0131 kullanabilirsiniz.<\/p>\n<p>Sipari\u015finiz g\u00f6nderilmeden \u00f6nce i\u015fleme ve \u00fcretim i\u00e7in l\u00fctfen 1 - 5 i\u015f g\u00fcn\u00fc bekleyin.<\/p>\n\t\t<\/div>\n\t<\/div>\n\t\n\t<div id=\"accordion-29903209\" class=\"accordion-item\">\n\t\t<a id=\"accordion-29903209-label\" class=\"accordion-title plain\" href=\"#accordion-item-which-payment-methods-do-you-accept?\" aria-expanded=\"false\" aria-controls=\"accordion-29903209-content\" >\n\t\t\t<button class=\"toggle\" aria-label=\"A\u00e7\/Kapat\"><i class=\"icon-angle-down\"><\/i><\/button>\n\t\t\t<span>Hangi \u00f6deme y\u00f6ntemlerini kabul ediyorsunuz?<\/span>\n\t\t<\/a>\n\t\t<div id=\"accordion-29903209-content\" class=\"accordion-inner\" aria-labelledby=\"accordion-29903209-label\" >\n\t\t\t\n<p>\u00d6demeleri Kredi kartlar\u0131 (Visa, Mastercard), Do\u011frudan banka havaleleri ve Crypto Wallet arac\u0131l\u0131\u011f\u0131yla kabul ediyoruz. Nakit \u00f6deme kabul etmiyoruz.<\/p>\n\t\t<\/div>\n\t<\/div>\n\t\n\t<div id=\"accordion-615690620\" class=\"accordion-item\">\n\t\t<a id=\"accordion-615690620-label\" class=\"accordion-title plain\" href=\"#accordion-item-are-customs-duties-and-taxes-included-in-the-price?\" aria-expanded=\"false\" aria-controls=\"accordion-615690620-content\" >\n\t\t\t<button class=\"toggle\" aria-label=\"A\u00e7\/Kapat\"><i class=\"icon-angle-down\"><\/i><\/button>\n\t\t\t<span>G\u00fcmr\u00fck vergileri ve vergiler fiyata dahil mi?<\/span>\n\t\t<\/a>\n\t\t<div id=\"accordion-615690620-content\" class=\"accordion-inner\" aria-labelledby=\"accordion-615690620-label\" >\n\t\t\t\n<p>DDP (Delivery Duty Paid) y\u00f6ntemine uygun \u00fclkeler i\u00e7in g\u00fcmr\u00fck i\u015flemleri gerekmez ve \u00f6demeniz gereken herhangi bir vergi yoktur (Kanada hari\u00e7). Sipari\u015fleriniz size g\u00fcvenli bir \u015fekilde teslim edilecektir.<\/p>\n<p>Sipari\u015f fiyatlar\u0131na g\u00fcmr\u00fck vergileri de dahil olmak \u00fczere t\u00fcm vergiler dahildir (Kanada hari\u00e7).<\/p>\n\t\t<\/div>\n\t<\/div>\n\t\n\t<div id=\"accordion-996733430\" class=\"accordion-item\">\n\t\t<a id=\"accordion-996733430-label\" class=\"accordion-title plain\" href=\"#accordion-item-how-can-i-initiate-a-return-for-my-purchase?\" aria-expanded=\"false\" aria-controls=\"accordion-996733430-content\" >\n\t\t\t<button class=\"toggle\" aria-label=\"A\u00e7\/Kapat\"><i class=\"icon-angle-down\"><\/i><\/button>\n\t\t\t<span>Sat\u0131n ald\u0131\u011f\u0131m \u00fcr\u00fcn i\u00e7in nas\u0131l iade i\u015flemi ba\u015flatabilirim?<\/span>\n\t\t<\/a>\n\t\t<div id=\"accordion-996733430-content\" class=\"accordion-inner\" aria-labelledby=\"accordion-996733430-label\" >\n\t\t\t\n<p>Sat\u0131n ald\u0131\u011f\u0131n\u0131z \u00fcr\u00fcn\u00fcn iade s\u00fcrecini ba\u015flatmak i\u00e7in l\u00fctfen info@vapexyz.com adresinden bizimle ileti\u015fime ge\u00e7mekten \u00e7ekinmeyin.<\/p>\n\t\t<\/div>\n\t<\/div>\n\t\n\t<div id=\"accordion-2366199807\" class=\"accordion-item\">\n\t\t<a id=\"accordion-2366199807-label\" class=\"accordion-title plain\" href=\"#accordion-item-what-is-the-process-for-canceling-or-modifying-my-order?\" aria-expanded=\"false\" aria-controls=\"accordion-2366199807-content\" >\n\t\t\t<button class=\"toggle\" aria-label=\"A\u00e7\/Kapat\"><i class=\"icon-angle-down\"><\/i><\/button>\n\t\t\t<span>Sipari\u015fimi iptal etme veya de\u011fi\u015ftirme s\u00fcreci nedir?<\/span>\n\t\t<\/a>\n\t\t<div id=\"accordion-2366199807-content\" class=\"accordion-inner\" aria-labelledby=\"accordion-2366199807-label\" >\n\t\t\t\n<p>Sipari\u015finizde, verildi\u011fi g\u00fcn saat 11:00'e (PDT.-7 GMT) kadar de\u011fi\u015fiklik yapabilirsiniz. De\u011fi\u015fiklik talep etmek i\u00e7in l\u00fctfen bize \u015fu adresten ula\u015f\u0131n <a href=\"mailto:info@vapexyz.com\" target=\"_blank\" rel=\"noopener\">info@vapexyz.com<\/a>. Herhangi bir sorunuz veya yard\u0131m i\u00e7in bizimle e-posta veya WhatsApp arac\u0131l\u0131\u011f\u0131yla da ileti\u015fime ge\u00e7ebilirsiniz; endi\u015felerinizi derhal ele alaca\u011f\u0131z.<\/p>\n\t\t<\/div>\n\t<\/div>\n\t\n\t<div id=\"accordion-4252523643\" class=\"accordion-item\">\n\t\t<a id=\"accordion-4252523643-label\" class=\"accordion-title plain\" href=\"#accordion-item-what&#039;s-the-shipping-policy?\" aria-expanded=\"false\" aria-controls=\"accordion-4252523643-content\" >\n\t\t\t<button class=\"toggle\" aria-label=\"A\u00e7\/Kapat\"><i class=\"icon-angle-down\"><\/i><\/button>\n\t\t\t<span>Nakliye politikas\u0131 nedir?<\/span>\n\t\t<\/a>\n\t\t<div id=\"accordion-4252523643-content\" class=\"accordion-inner\" aria-labelledby=\"accordion-4252523643-label\" >\n\t\t\t\n<p>Amerika Birle\u015fik Devletleri ve Avustralya i\u00e7indeki sipari\u015fler i\u00e7in \u00fccretsiz g\u00f6nderim mevcuttur. Belirli \u00fclkeler i\u00e7in DDP (Delivery Duty Paid) y\u00f6ntemini sunarak sizin taraf\u0131n\u0131zdan g\u00fcmr\u00fckleme ve har\u00e7 ihtiyac\u0131n\u0131 ortadan kald\u0131r\u0131yoruz.<\/p>\n<p>Nakliye Y\u00f6ntemleri:<\/p>\n<ul>\n<li>ABD: UPS Express (Alaska ve Hawaii hari\u00e7)<\/li>\n<li>BIRLE\u015eIK KRALLIK: Yerel DPD Express<\/li>\n<li>Avrupa: UPS Express\/ DPD Express\/ DHL Express<\/li>\n<li>DDP Y\u00f6ntemi i\u00e7in uygun Avrupa \u00fclkeleri: Almanya, Bel\u00e7ika, L\u00fcksemburg, Hollanda, \u00c7ek Cumhuriyeti, Polonya, H\u0131rvatistan, Slovakya, Slovenya, Finlandiya, Danimarka, \u0130sve\u00e7, Avusturya, Fransa, \u0130talya, Macaristan, Bulgaristan, Litvanya, Estonya, Letonya, Yunanistan, \u0130rlanda, Portekiz, \u0130spanya.<\/li>\n<\/ul>\n<p>Not: \u0130ngiltere hari\u00e7 Avrupa \u00fclkelerine yap\u0131lan g\u00f6nderilerin g\u00fcmr\u00fck i\u015flemleri Almanya'da ger\u00e7ekle\u015ftirilecek ve buradan di\u011fer Avrupa noktalar\u0131na g\u00f6nderilecektir.<\/p>\n<p>Ayr\u0131ca nakliye hizmeti de sunuyoruz:<\/p>\n<ul>\n<li>BAE (yaln\u0131zca Dubai)<\/li>\n<li>G\u00fcney Afrika<\/li>\n<li>Vietnam<\/li>\n<li>Bat\u0131 Malezya (Kalimantan Adas\u0131 hari\u00e7)<\/li>\n<\/ul>\n<table>\n<tbody>\n<tr>\n<td>\u00dclke<\/td>\n<td>Nakliye Y\u00f6ntemi<\/td>\n<td>Nakliye S\u00fcresi<\/td>\n<\/tr>\n<tr>\n<td>ABD<\/td>\n<td>Yerel UPS Karayolu<\/td>\n<td>10~15 G\u00fcn<\/td>\n<\/tr>\n<tr>\n<td>BIRLE\u015eIK KRALLIK<\/td>\n<td>Yerel DPD Express<\/td>\n<td>7~12 G\u00fcn<\/td>\n<\/tr>\n<tr>\n<td>Almanya<\/td>\n<td>UPS\/DPD\/DHL Almanya<\/td>\n<td>8~15 G\u00fcn<\/td>\n<\/tr>\n<tr>\n<td>Fransa<\/td>\n<td>UPS\/DPD\/DHL Almanya<\/td>\n<td>10~15 G\u00fcn<\/td>\n<\/tr>\n<tr>\n<td>Bel\u00e7ika<\/td>\n<td>UPS\/DPD\/DHL Almanya<\/td>\n<td>10~15 G\u00fcn<\/td>\n<\/tr>\n<tr>\n<td>L\u00fcksemburg<\/td>\n<td>UPS\/DPD\/DHL Almanya<\/td>\n<td>10~15 G\u00fcn<\/td>\n<\/tr>\n<tr>\n<td>Hollanda<\/td>\n<td>UPS\/DPD\/DHL Almanya<\/td>\n<td>10~15 G\u00fcn<\/td>\n<\/tr>\n<tr>\n<td>\u00c7ek Cumhuriyeti<\/td>\n<td>UPS\/DPD\/DHL Almanya<\/td>\n<td>10~15 G\u00fcn<\/td>\n<\/tr>\n<tr>\n<td>Polonya<\/td>\n<td>UPS\/DPD\/DHL Almanya<\/td>\n<td>10~15 G\u00fcn<\/td>\n<\/tr>\n<tr>\n<td>H\u0131rvatistan<\/td>\n<td>UPS\/DPD\/DHL Almanya<\/td>\n<td>10~15 G\u00fcn<\/td>\n<\/tr>\n<tr>\n<td>Slovakya<\/td>\n<td>UPS\/DPD\/DHL Almanya<\/td>\n<td>10~15 G\u00fcn<\/td>\n<\/tr>\n<tr>\n<td>Slovenya<\/td>\n<td>UPS\/DPD\/DHL Almanya<\/td>\n<td>10~15 G\u00fcn<\/td>\n<\/tr>\n<tr>\n<td>Finlandiya<\/td>\n<td>UPS\/DPD\/DHL Almanya<\/td>\n<td>10~15 G\u00fcn<\/td>\n<\/tr>\n<tr>\n<td>Danimarka<\/td>\n<td>UPS\/DPD\/DHL Almanya<\/td>\n<td>10~15 G\u00fcn<\/td>\n<\/tr>\n<tr>\n<td>\u0130sve\u00e7<\/td>\n<td>UPS\/DPD\/DHL Almanya<\/td>\n<td>10~15 G\u00fcn<\/td>\n<\/tr>\n<tr>\n<td>Avusturya<\/td>\n<td>UPS\/DPD\/DHL Almanya<\/td>\n<td>10~15 G\u00fcn<\/td>\n<\/tr>\n<tr>\n<td>\u0130talya<\/td>\n<td>UPS\/DPD\/DHL Almanya<\/td>\n<td>10~15 G\u00fcn<\/td>\n<\/tr>\n<tr>\n<td>Macaristan<\/td>\n<td>UPS\/DPD\/DHL Almanya<\/td>\n<td>10~15 G\u00fcn<\/td>\n<\/tr>\n<tr>\n<td>Litvanya<\/td>\n<td>UPS\/DPD\/DHL Almanya<\/td>\n<td>10~15 G\u00fcn<\/td>\n<\/tr>\n<tr>\n<td>Estonya<\/td>\n<td>UPS\/DPD\/DHL Almanya<\/td>\n<td>10~15 G\u00fcn<\/td>\n<\/tr>\n<tr>\n<td>Letonya<\/td>\n<td>UPS\/DPD\/DHL Almanya<\/td>\n<td>10~15 G\u00fcn<\/td>\n<\/tr>\n<tr>\n<td>Yunanistan<\/td>\n<td>UPS\/DPD\/DHL Almanya<\/td>\n<td>10~15 G\u00fcn<\/td>\n<\/tr>\n<tr>\n<td>\u0130rlanda<\/td>\n<td>UPS\/DPD\/DHL Almanya<\/td>\n<td>10~15 G\u00fcn<\/td>\n<\/tr>\n<tr>\n<td>Portekiz<\/td>\n<td>UPS\/DPD\/DHL Almanya<\/td>\n<td>10~15 G\u00fcn<\/td>\n<\/tr>\n<tr>\n<td>\u0130spanya<\/td>\n<td>UPS\/DPD\/DHL Almanya<\/td>\n<td>10~15 G\u00fcn<\/td>\n<\/tr>\n<tr>\n<td>BAE (yaln\u0131zca Dubai)<\/td>\n<td>Dubai \u00f6zel hatt\u0131<\/td>\n<td>12~18 G\u00fcn<\/td>\n<\/tr>\n<tr>\n<td>G\u00fcney Afrika<\/td>\n<td>G\u00fcney Afrika \u00f6zel hatt\u0131<\/td>\n<td>15~25 G\u00fcn<\/td>\n<\/tr>\n<tr>\n<td>Vietnam<\/td>\n<td>Vietnam \u00f6zel hatt\u0131<\/td>\n<td>3~5 G\u00fcn<\/td>\n<\/tr>\n<tr>\n<td>Bat\u0131 Malezya<\/td>\n<td>Malezya \u00f6zel hatt\u0131<\/td>\n<td>4~8 G\u00fcn<\/td>\n<\/tr>\n<\/tbody>\n<\/table>\n<p>Di\u011fer \u00fclkeler<\/p>\n<p>Daha \u00f6nce belirtilmeyen \u00fclkeler i\u00e7in, paketinizin var\u0131\u015f\u0131nda g\u00fcmr\u00fck i\u015flemleri ve vergi \u00f6demesi gereklidir. Kesin vergi tutar\u0131n\u0131 belirlemek i\u00e7in, \u00f6zel bilgi almak \u00fczere yerel g\u00fcmr\u00fck yetkililerinizle ileti\u015fime ge\u00e7meniz tavsiye edilir. Ayr\u0131ca, g\u00fcmr\u00fck departman\u0131n\u0131z varsa bir i\u015fletme lisans\u0131 talep edebilir.<\/p>\n\t\t<\/div>\n\t<\/div>\n\t\n\t<div id=\"accordion-624214295\" class=\"accordion-item\">\n\t\t<a id=\"accordion-624214295-label\" class=\"accordion-title plain\" href=\"#accordion-item-in-case-of-a-lost-or-delayed-package,-what-steps-should-i-take?\" aria-expanded=\"false\" aria-controls=\"accordion-624214295-content\" >\n\t\t\t<button class=\"toggle\" aria-label=\"A\u00e7\/Kapat\"><i class=\"icon-angle-down\"><\/i><\/button>\n\t\t\t<span>Kay\u0131p veya gecikmi\u015f bir paket durumunda hangi ad\u0131mlar\u0131 atmal\u0131y\u0131m?<\/span>\n\t\t<\/a>\n\t\t<div id=\"accordion-624214295-content\" class=\"accordion-inner\" aria-labelledby=\"accordion-624214295-label\" >\n\t\t\t\n<p>Paketiniz kaybolduysa veya \u00f6nemli gecikmeler ya\u015f\u0131yorsa, l\u00fctfen m\u00fc\u015fteri destek ekibimizle ileti\u015fime ge\u00e7in. Bir soru\u015fturma y\u00fcr\u00fctecek ve sorunun \u00e7\u00f6z\u00fcm\u00fcnde yard\u0131mc\u0131 olaca\u011f\u0131z.<\/p>\n\t\t<\/div>\n\t<\/div>\n\t\n\t<div id=\"accordion-3703185962\" class=\"accordion-item\">\n\t\t<a id=\"accordion-3703185962-label\" class=\"accordion-title plain\" href=\"#accordion-item-what-is-the-approximate-shipping-timeframe?\" aria-expanded=\"false\" aria-controls=\"accordion-3703185962-content\" >\n\t\t\t<button class=\"toggle\" aria-label=\"A\u00e7\/Kapat\"><i class=\"icon-angle-down\"><\/i><\/button>\n\t\t\t<span>Yakla\u015f\u0131k g\u00f6nderim s\u00fcresi ne kadard\u0131r?<\/span>\n\t\t<\/a>\n\t\t<div id=\"accordion-3703185962-content\" class=\"accordion-inner\" aria-labelledby=\"accordion-3703185962-label\" >\n\t\t\t\n<p>Stoklama s\u00fcresi 1 ila 5 g\u00fcn aras\u0131nda de\u011fi\u015firken, sevkiyat s\u00fcresi \u00fcr\u00fcne g\u00f6re de\u011fi\u015fmekle birlikte genellikle 7 ila 15 g\u00fcn aras\u0131ndad\u0131r.<\/p>\n\t\t<\/div>\n\t<\/div>\n\t\n<\/div>\n\t\t<\/div>\n\t\t\t\t\t<\/div>\n\n\t\n\n\t<div id=\"col-1560301571\" class=\"col medium-6 small-12 large-6\"  >\n\t\t\t\t<div class=\"col-inner\"  >\n\t\t\t\n\t\t\t\n<h2>BIZE ISTEDI\u011eINIZ ZAMAN MESAJ G\u00d6NDERIN<\/h2>\n\n<div class=\"wpcf7 no-js\" id=\"wpcf7-f14-o1\" lang=\"en-US\" dir=\"ltr\" data-wpcf7-id=\"14\">\n<div class=\"screen-reader-response\"><p role=\"status\" aria-live=\"polite\" aria-atomic=\"true\"><\/p> <ul><\/ul><\/div>\n<form action=\"\/tr\/wp-json\/wp\/v2\/pages\/4439#wpcf7-f14-o1\" method=\"post\" class=\"wpcf7-form init\" aria-label=\"\u0130leti\u015fim Formu\" novalidate=\"novalidate\" data-status=\"init\" data-trp-original-action=\"\/tr\/wp-json\/wp\/v2\/pages\/4439#wpcf7-f14-o1\">\n<fieldset class=\"hidden-fields-container\"><input type=\"hidden\" name=\"_wpcf7\" value=\"14\" \/><input type=\"hidden\" name=\"_wpcf7_version\" value=\"6.1.5\" \/><input type=\"hidden\" name=\"_wpcf7_locale\" value=\"en_US\" \/><input type=\"hidden\" name=\"_wpcf7_unit_tag\" value=\"wpcf7-f14-o1\" \/><input type=\"hidden\" name=\"_wpcf7_container_post\" value=\"0\" \/><input type=\"hidden\" name=\"_wpcf7_posted_data_hash\" value=\"\" \/>\n<\/fieldset>\n<p><label> Sizin ad\u0131n\u0131z<br \/>\n<span class=\"wpcf7-form-control-wrap\" data-name=\"your-name\"><input size=\"40\" maxlength=\"400\" class=\"wpcf7-form-control wpcf7-text wpcf7-validates-as-required\" autocomplete=\"name\" aria-required=\"true\" aria-invalid=\"false\" value=\"\" type=\"text\" name=\"your-name\" \/><\/span> <\/label>\n<\/p>\n<p><label> E-posta adresiniz<br \/>\n<span class=\"wpcf7-form-control-wrap\" data-name=\"your-email\"><input size=\"40\" maxlength=\"400\" class=\"wpcf7-form-control wpcf7-email wpcf7-validates-as-required wpcf7-text wpcf7-validates-as-email\" autocomplete=\"email\" aria-required=\"true\" aria-invalid=\"false\" value=\"\" type=\"email\" name=\"your-email\" \/><\/span> <\/label>\n<\/p>\n<p><label> Konu<br \/>\n<span class=\"wpcf7-form-control-wrap\" data-name=\"your-subject\"><input size=\"40\" maxlength=\"400\" class=\"wpcf7-form-control wpcf7-text wpcf7-validates-as-required\" aria-required=\"true\" aria-invalid=\"false\" value=\"\" type=\"text\" name=\"your-subject\" \/><\/span> <\/label>\n<\/p>\n<p><label> Mesaj\u0131n\u0131z<br \/>\n<span class=\"wpcf7-form-control-wrap\" data-name=\"your-message\"><textarea cols=\"40\" rows=\"10\" maxlength=\"2000\" class=\"wpcf7-form-control wpcf7-textarea wpcf7-validates-as-required\" aria-required=\"true\" aria-invalid=\"false\" name=\"your-message\"><\/textarea><\/span> <\/label><br \/>\n<div class=\"cf7-cf-turnstile\" style=\"margin-top: 0px; margin-bottom: -15px;\"> <div id=\"cf-turnstile-cf7-1836969248\" class=\"cf-turnstile\" data-sitekey=\"0x4AAAAAABilaR2d5jCp8eH3\" data-theme=\"light\" data-language=\"auto\" data-size=\"normal\" data-retry=\"auto\" data-retry-interval=\"1000\" data-refresh-expired=\"auto\" data-refresh-timeout=\"auto\" data-action=\"contact-form-7\" data-callback=\"turnstileCF7Callback\" data-appearance=\"always\"><\/div> <script>document.addEventListener(\"DOMContentLoaded\", function() { setTimeout(function(){ var e=document.getElementById(\"cf-turnstile-cf7-1836969248\"); if(e&&!e.innerHTML.trim()){turnstile.render(e, {sitekey:\"0x4AAAAAABilaR2d5jCp8eH3\"});} }, 200); });<\/script> <br class=\"cf-turnstile-br cf-turnstile-br-cf7-1836969248\"> <style>#cf-turnstile-cf7-1836969248 { margin-left: -15px; }<\/style> <script>document.addEventListener(\"DOMContentLoaded\",function(){document.querySelectorAll('.wpcf7-form').forEach(function(e){e.addEventListener('submit',function(){if(document.getElementById('cf-turnstile-cf7-1836969248')){setTimeout(function(){turnstile.reset('#cf-turnstile-cf7-1836969248');},1000)}})})});<\/script> <\/div><br\/><input class=\"wpcf7-form-control wpcf7-submit has-spinner\" type=\"submit\" value=\"G\u00f6nder\" \/>\n<\/p><div class=\"wpcf7-response-output\" aria-hidden=\"true\"><\/div>\n<input type=\"hidden\" name=\"trp-form-language\" value=\"tr\"\/><\/form>\n<\/div>\n\n\t\t<\/div>\n\t\t\t\t\t<\/div>\n\n\t\n<\/div>\n\t\t<\/div>\n\n\t\t\n<style>\n#section_1733654982 {\n  padding-top: 10px;\n  padding-bottom: 10px;\n}\n<\/style>\n\t<\/section>","protected":false},"excerpt":{"rendered":"<p>CONTACT US FOR ANY QUESTIONS Before contacting us, please check the FAQ section below to see if your question has already been answered. If you can\u2019t find the answer, feel free to use the contact form and we will get back to you during business hours. Email:\u00a0info@vapexyz.com Company:\u00a0CYBERGEN TECH LIMITED Address:\u00a0Room A516, 5\/F, Yee Fat [&#8230;]\n","protected":false},"author":1,"featured_media":0,"parent":0,"menu_order":0,"comment_status":"closed","ping_status":"closed","template":"page-blank-title-center.php","meta":{"_lmt_disableupdate":"no","_lmt_disable":"","footnotes":""},"class_list":["post-4439","page","type-page","status-publish","hentry"],"jetpack_sharing_enabled":true,"_links":{"self":[{"href":"https:\/\/vapexyz.com\/tr\/wp-json\/wp\/v2\/pages\/4439","targetHints":{"allow":["GET"]}}],"collection":[{"href":"https:\/\/vapexyz.com\/tr\/wp-json\/wp\/v2\/pages"}],"about":[{"href":"https:\/\/vapexyz.com\/tr\/wp-json\/wp\/v2\/types\/page"}],"author":[{"embeddable":true,"href":"https:\/\/vapexyz.com\/tr\/wp-json\/wp\/v2\/users\/1"}],"replies":[{"embeddable":true,"href":"https:\/\/vapexyz.com\/tr\/wp-json\/wp\/v2\/comments?post=4439"}],"version-history":[{"count":0,"href":"https:\/\/vapexyz.com\/tr\/wp-json\/wp\/v2\/pages\/4439\/revisions"}],"wp:attachment":[{"href":"https:\/\/vapexyz.com\/tr\/wp-json\/wp\/v2\/media?parent=4439"}],"curies":[{"name":"wp","href":"https:\/\/api.w.org\/{rel}","templated":true}]}}