{"id":15901,"date":"2024-03-03T04:07:58","date_gmt":"2024-03-03T04:07:58","guid":{"rendered":"https:\/\/vapexyz.com\/?page_id=15901"},"modified":"2026-03-11T06:00:18","modified_gmt":"2026-03-11T06:00:18","slug":"sartlar-kosullar","status":"publish","type":"page","link":"https:\/\/vapexyz.com\/tr\/terms-conditions\/","title":{"rendered":"\u015fartlar ve ko\u015fullar"},"content":{"rendered":"<h2 dir=\"auto\">\u015eartlar ve Ko\u015fullar<\/h2>\n<p dir=\"auto\">T\u00fcm tek kullan\u0131ml\u0131k e-sigara ihtiya\u00e7lar\u0131n\u0131z i\u00e7in \u00f6nde gelen yer olan VapeXYZ.com'a ho\u015f geldiniz. Bu web sitesi VapeXYZ taraf\u0131ndan i\u015fletilmektedir. VapeXYZ size birinci s\u0131n\u0131f \u00fcr\u00fcn ve hizmetler sunmaya kendini adam\u0131\u015ft\u0131r. Sitemizdeki yolculu\u011funuz boyunca, \"biz\", \"bize\" ve \"bizim\" terimleri VapeXYZ'yi ifade eder. Web sitemizi kullanarak, a\u015fa\u011f\u0131daki H\u00fck\u00fcm ve Ko\u015fullara uymay\u0131 kabul etmi\u015f olursunuz.<\/p>\n<p dir=\"auto\">Sitemize eri\u015ferek ve al\u0131\u015fveri\u015f yaparak \"Hizmetimize\" kat\u0131lm\u0131\u015f ve burada \u00f6zetlenen Hizmet \u015eartlar\u0131na uymay\u0131 kabul etmi\u015f olursunuz. Bu Ko\u015fullar, taray\u0131c\u0131lar, m\u00fc\u015fteriler, sat\u0131c\u0131lar, t\u00fcccarlar ve i\u00e7erik katk\u0131da bulunanlar dahil olmak \u00fczere sitenin t\u00fcm kullan\u0131c\u0131lar\u0131 i\u00e7in ge\u00e7erlidir.<\/p>\n<p dir=\"auto\">Web sitemize girmeden \u00f6nce l\u00fctfen Hizmet \u015eartlar\u0131m\u0131z\u0131 dikkatlice okuyun ve anlay\u0131n. Siteye eri\u015ferek veya sitenin herhangi bir b\u00f6l\u00fcm\u00fcn\u00fc kullanarak, bu \u015eartlara ba\u011fl\u0131 kal\u0131rs\u0131n\u0131z. Bu \u015eartlar\u0131n herhangi bir b\u00f6l\u00fcm\u00fcn\u00fc kabul etmiyorsan\u0131z, l\u00fctfen web sitesine eri\u015fmekten veya hizmetlerimizi kullanmaktan ka\u00e7\u0131n\u0131n. Herhangi bir g\u00fcncellemenin ard\u0131ndan siteyi kullanmaya devam etmeniz, revize edilmi\u015f \u015eartlar\u0131 kabul etti\u011finiz anlam\u0131na gelir.<\/p>\n<p dir=\"auto\">Deneyiminizi geli\u015ftirmek i\u00e7in \u00e7abalarken, siteye eklenen her t\u00fcrl\u00fc yeni \u00f6zellik veya ara\u00e7 da bu Hizmet \u015eartlar\u0131na tabi olacakt\u0131r. Herhangi bir de\u011fi\u015fiklik i\u00e7in \u015eartlar\u0131 periyodik olarak g\u00f6zden ge\u00e7irmeniz tavsiye edilir. Web sitesinde g\u00fcncellemeler yay\u0131nlayarak bu Ko\u015fullar\u0131n herhangi bir b\u00f6l\u00fcm\u00fcn\u00fc g\u00fcncelleme, de\u011fi\u015ftirme veya de\u011fi\u015ftirme hakk\u0131m\u0131z\u0131 sakl\u0131 tutar\u0131z.<\/p>\n<p dir=\"auto\">Bu \u015eartlar\u0131n 19. B\u00f6l\u00fcm\u00fcnde yer alan \"Tahkim ve Toplu Davalardan Feragat\" h\u00fckm\u00fcne \u00f6zellikle dikkat etmenizi tavsiye ederiz. Bu madde, bizimle olan anla\u015fmazl\u0131klar\u0131n bireysel tahkim yoluyla \u00e7\u00f6z\u00fclmesi gerekti\u011fini \u00f6ng\u00f6rmektedir. Web sitemizi kullanarak, bu h\u00fckm\u00fc okudu\u011funuzu, anlad\u0131\u011f\u0131n\u0131z\u0131 ve sonu\u00e7lar\u0131n\u0131 dikkate ald\u0131\u011f\u0131n\u0131z\u0131 kabul etmi\u015f olursunuz.<\/p>\n<h3 dir=\"auto\"><strong>Kullan\u0131m Ko\u015fullar\u0131<\/strong><\/h3>\n<h4 dir=\"auto\"><strong>B\u00f6l\u00fcm 1 - Online Ma\u011faza Ko\u015fullar\u0131<\/strong><\/h4>\n<p dir=\"auto\">Bu Hizmet Ko\u015fullar\u0131n\u0131 kabul ederek, ikamet etti\u011finiz eyalet veya ilde re\u015fit oldu\u011funuzu veya re\u015fit olmayanlar\u0131n sitemizi kullanmas\u0131 i\u00e7in yasal bir vasiden izin ald\u0131\u011f\u0131n\u0131z\u0131 onaylam\u0131\u015f olursunuz.<\/p>\n<p dir=\"auto\">\u00dcr\u00fcnlerimizi yasa d\u0131\u015f\u0131 ama\u00e7larla kullanmamay\u0131 veya telif hakk\u0131 d\u00fczenlemeleri de dahil olmak \u00fczere yarg\u0131 alan\u0131n\u0131zdaki herhangi bir yasay\u0131 ihlal etmemeyi kabul edersiniz.<\/p>\n<p dir=\"auto\">Solucan veya vir\u00fcs gibi zararl\u0131 kodlar\u0131n iletilmesi kesinlikle yasakt\u0131r.<\/p>\n<p dir=\"auto\">Herhangi bir \u015eart\u0131n ihlali, hizmet eri\u015fiminin derhal sonland\u0131r\u0131lmas\u0131na yol a\u00e7acakt\u0131r.<\/p>\n<h4 dir=\"auto\"><strong>B\u00f6l\u00fcm 2 - Genel Ko\u015fullar<\/strong><\/h4>\n<p dir=\"auto\">Herhangi bir zamanda herhangi bir nedenle herhangi birine hizmet vermeyi reddetme hakk\u0131m\u0131z sakl\u0131d\u0131r.<\/p>\n<p dir=\"auto\">Aktar\u0131m s\u0131ras\u0131nda kredi kart\u0131 bilgileri hari\u00e7 olmak \u00fczere i\u00e7eri\u011finiz i\u00e7in \u015fifreleme sa\u011flarken, a\u00e7\u0131k iznimiz olmadan Hizmetin herhangi bir b\u00f6l\u00fcm\u00fcn\u00fc k\u00f6t\u00fcye kullanmamal\u0131, \u00e7o\u011faltmamal\u0131 veya satmamal\u0131s\u0131n\u0131z.<\/p>\n<p dir=\"auto\">Bu s\u00f6zle\u015fmedeki ba\u015fl\u0131klar kolayl\u0131k sa\u011flamak i\u00e7indir ve \u015eartlar\u0131 etkilemez.<\/p>\n<h4 dir=\"auto\"><strong>B\u00f6l\u00fcm 3 - Bilgilerin Do\u011frulu\u011fu, Eksiksizli\u011fi ve G\u00fcncelli\u011fi<\/strong><\/h4>\n<p dir=\"auto\">Sitedeki bilgilerin do\u011frulu\u011funu veya g\u00fcncelli\u011fini garanti etmiyoruz. Materyaller genel bilgi ama\u00e7l\u0131d\u0131r ve karar vermede tek dayanak olmamal\u0131d\u0131r.<\/p>\n<p dir=\"auto\">Ge\u00e7mi\u015f bilgiler sitede mevcut olabilir, ancak bunlar\u0131 g\u00fcncelleme y\u00fck\u00fcml\u00fcl\u00fc\u011f\u00fcm\u00fcz yoktur. De\u011fi\u015fiklikleri izlemek sizin sorumlulu\u011funuzdad\u0131r.<\/p>\n<h4 dir=\"auto\"><strong>B\u00f6l\u00fcm 4 - Hizmet ve Fiyatlarda Yap\u0131lan De\u011fi\u015fiklikler<\/strong><\/h4>\n<p dir=\"auto\">\u00dcr\u00fcn fiyatlar\u0131 \u00f6nceden haber verilmeksizin de\u011fi\u015ftirilebilir.<\/p>\n<p dir=\"auto\">Hizmeti veya herhangi bir b\u00f6l\u00fcm\u00fcn\u00fc \u00f6nceden haber vermeksizin de\u011fi\u015ftirme veya durdurma hakk\u0131na sahibiz.<\/p>\n<p dir=\"auto\">Hizmette yap\u0131lan herhangi bir de\u011fi\u015fiklik, fiyat ayarlamas\u0131 veya ask\u0131ya alma i\u015fleminden sorumlu de\u011filiz.<\/p>\n<h4 dir=\"auto\"><strong>B\u00f6l\u00fcm 5 - \u00dcr\u00fcnler veya Hizmetler<\/strong><\/h4>\n<p dir=\"auto\">Baz\u0131 \u00fcr\u00fcnler, \u0130ade Politikam\u0131za tabi olarak s\u0131n\u0131rl\u0131 miktarlarda yaln\u0131zca \u00e7evrimi\u00e7i olarak mevcut olabilir.<\/p>\n<p dir=\"auto\">Do\u011fru \u00fcr\u00fcn temsili i\u00e7in \u00e7aba g\u00f6stersek de, t\u00fcm cihazlarda tam renk e\u015fle\u015fmesini garanti edemeyiz.<\/p>\n<p dir=\"auto\">Sat\u0131\u015flar\u0131 b\u00f6lgeye, ki\u015fiye veya miktara g\u00f6re s\u0131n\u0131rlama hakk\u0131m\u0131z sakl\u0131d\u0131r; a\u00e7\u0131klamalar ve fiyatland\u0131rma kendi takdirimize ba\u011fl\u0131 olarak de\u011fi\u015ftirilebilir.<\/p>\n<h4 dir=\"auto\"><strong>B\u00f6l\u00fcm 6 - Faturalama ve Hesap Bilgilerinin Do\u011frulu\u011fu<\/strong><\/h4>\n<p dir=\"auto\">Kendi takdirimize ba\u011fl\u0131 olarak sipari\u015fleri reddedebilir ve ki\u015fi veya hane ba\u015f\u0131na miktarlar\u0131 s\u0131n\u0131rlayabiliriz.<\/p>\n<p dir=\"auto\">Do\u011fru hesap ve sat\u0131n alma bilgilerini sa\u011flamaktan ve ayr\u0131nt\u0131lar\u0131 derhal g\u00fcncellemekten siz sorumlusunuz.<\/p>\n<p dir=\"auto\">Ayr\u0131nt\u0131l\u0131 bilgi i\u00e7in \u0130ade Politikam\u0131za bak\u0131n\u0131z.<\/p>\n<h4 dir=\"auto\"><strong>B\u00f6l\u00fcm 7 - \u0130ste\u011fe Ba\u011fl\u0131 Ara\u00e7lar<\/strong><\/h4>\n<p dir=\"auto\">Sa\u011flanan \u00fc\u00e7\u00fcnc\u00fc taraf ara\u00e7lar\u0131 garanti olmaks\u0131z\u0131n \"oldu\u011fu gibidir\". Bunlar\u0131n kullan\u0131m\u0131 sizin takdirinize ve riskinize ba\u011fl\u0131d\u0131r.<\/p>\n<p dir=\"auto\">Web sitesinde sunulan yeni hizmetler ve \u00f6zellikler bu \u015eartlara tabi olacakt\u0131r.<\/p>\n<h4 dir=\"auto\"><strong>B\u00f6l\u00fcm 8 - \u00dc\u00e7\u00fcnc\u00fc Taraf Ba\u011flant\u0131lar\u0131<\/strong><\/h4>\n<p dir=\"auto\">\u00dc\u00e7\u00fcnc\u00fc taraf ba\u011flant\u0131lar\u0131 sizi bize ba\u011fl\u0131 olmayan harici web sitelerine y\u00f6nlendirebilir. Bunlar\u0131n i\u00e7eri\u011finden veya do\u011frulu\u011fundan sorumlu de\u011filiz.<\/p>\n<p dir=\"auto\">\u0130\u015flemlere ba\u015flamadan \u00f6nce \u00fc\u00e7\u00fcnc\u00fc taraf politikalar\u0131n\u0131 inceleyin. Herhangi bir sorun \u00fc\u00e7\u00fcnc\u00fc tarafa y\u00f6nlendirilmelidir.<\/p>\n<h4 dir=\"auto\"><strong>B\u00f6l\u00fcm 9 - Kullan\u0131c\u0131 Yorumlar\u0131, Geri Bildirim ve G\u00f6nderimler<\/strong><\/h4>\n<p dir=\"auto\">Sa\u011flad\u0131\u011f\u0131n\u0131z yorumlar\u0131 veya g\u00f6nderileri herhangi bir k\u0131s\u0131tlama olmaks\u0131z\u0131n kullanabilir ve da\u011f\u0131tabiliriz.<\/p>\n<p dir=\"auto\">Yasad\u0131\u015f\u0131 veya sald\u0131rgan oldu\u011fu d\u00fc\u015f\u00fcn\u00fclen i\u00e7eri\u011fi izleme, d\u00fczenleme veya kald\u0131rma hakk\u0131m\u0131z\u0131 sakl\u0131 tutar\u0131z.<\/p>\n<p dir=\"auto\">Yorumlar\u0131n\u0131z \u00fc\u00e7\u00fcnc\u00fc taraflar\u0131n haklar\u0131n\u0131 ihlal etmemeli veya k\u00f6t\u00fc ama\u00e7l\u0131 i\u00e7erik i\u00e7ermemelidir.<\/p>\n<h4 dir=\"auto\"><strong>B\u00f6l\u00fcm 10 - Ki\u015fisel Bilgiler<\/strong><\/h4>\n<p dir=\"auto\">Ki\u015fisel bilgilerin sunulmas\u0131 Gizlilik Politikam\u0131za tabidir.<\/p>\n<h4 dir=\"auto\"><strong>B\u00f6l\u00fcm 10.1 - \u00c7erez Politikas\u0131<\/strong><\/h4>\n<p dir=\"auto\">Tarama deneyiminizi geli\u015ftirmek ve ki\u015fiselle\u015ftirilmi\u015f i\u00e7erik sunmak i\u00e7in \u00e7erezleri kullan\u0131yoruz. Web sitemizi kullanarak \u00e7erez kullan\u0131m\u0131m\u0131za izin vermi\u015f olursunuz.<\/p>\n<p dir=\"auto\">\u00c7erez tercihlerinizi istedi\u011finiz zaman sitemizden y\u00f6netebilirsiniz.<\/p>\n<h4 dir=\"auto\"><strong>B\u00f6l\u00fcm 11 - Hatalar, Yanl\u0131\u015fl\u0131klar ve Eksiklikler<\/strong><\/h4>\n<p dir=\"auto\">\u00dcr\u00fcn a\u00e7\u0131klamalar\u0131, fiyatland\u0131rma veya tekliflerdeki hatalar\u0131 veya yanl\u0131\u015fl\u0131klar\u0131 bildirimde bulunmaks\u0131z\u0131n d\u00fczeltebiliriz.<\/p>\n<p dir=\"auto\">Yasalar gerektirmedik\u00e7e bilgileri g\u00fcncellemek zorunda de\u011filiz.<\/p>\n<h4 dir=\"auto\"><strong>B\u00f6l\u00fcm 12 - Yasaklanm\u0131\u015f Kullan\u0131mlar<\/strong><\/h4>\n<p dir=\"auto\">Sitenin yasa d\u0131\u015f\u0131, taciz edici veya k\u00f6t\u00fc niyetli ama\u00e7larla kullan\u0131lmas\u0131 kesinlikle yasakt\u0131r.<\/p>\n<p dir=\"auto\">Herhangi bir ihlal durumunda hizmeti sonland\u0131rma hakk\u0131m\u0131z\u0131 sakl\u0131 tutar\u0131z.<\/p>\n<h4 dir=\"auto\"><strong>B\u00f6l\u00fcm 13 - Garantilerin Reddi; Sorumlulu\u011fun S\u0131n\u0131rland\u0131r\u0131lmas\u0131<\/strong><\/h4>\n<p dir=\"auto\">Kesintisiz, hatas\u0131z hizmet garantisi vermiyoruz.<\/p>\n<p dir=\"auto\">Hizmeti kendi sorumlulu\u011funuzda kullanmay\u0131 kabul edersiniz ve meydana gelen herhangi bir zarardan sorumlu de\u011filiz.<\/p>\n<h4 dir=\"auto\"><strong>B\u00f6l\u00fcm 14 - Tazminat<\/strong><\/h4>\n<p dir=\"auto\">Bu \u015eartlar\u0131 ihlal etmenizden kaynaklanan her t\u00fcrl\u00fc hak talebine kar\u015f\u0131 bizi tazmin etmeyi kabul edersiniz.<\/p>\n<h4 dir=\"auto\"><strong>B\u00f6l\u00fcm 15 - B\u00f6l\u00fcnebilirlik<\/strong><\/h4>\n<p dir=\"auto\">Herhangi bir h\u00fckm\u00fcn uygulanamaz oldu\u011fu kabul edilirse, \u015eartlar\u0131n geri kalan\u0131 ge\u00e7erlili\u011fini korur.<\/p>\n<h4 dir=\"auto\"><strong>B\u00f6l\u00fcm 16 - Fesih<\/strong><\/h4>\n<p dir=\"auto\">Her iki taraf\u0131n da fesihten \u00f6nceki y\u00fck\u00fcml\u00fcl\u00fckleri y\u00fcr\u00fcrl\u00fckte kal\u0131r.<\/p>\n<p dir=\"auto\">Bize bildirimde bulunarak s\u00f6zle\u015fmeyi istedi\u011finiz zaman feshedebilirsiniz.<\/p>\n<p dir=\"auto\">Herhangi bir \u015eart\u0131 ihlal etmeniz halinde, bildirimde bulunmaks\u0131z\u0131n s\u00f6zle\u015fmeyi feshetme hakk\u0131m\u0131z\u0131 sakl\u0131 tutar\u0131z.<\/p>\n<h4 dir=\"auto\"><strong>B\u00f6l\u00fcm 17 - Feragat<\/strong><\/h4>\n<p dir=\"auto\">\u015eartlardan feragat edilmesi, gelecekteki haklardan feragat edildi\u011fi anlam\u0131na gelmez.<\/p>\n<h4 dir=\"auto\"><strong>B\u00f6l\u00fcm 18 - Ge\u00e7erli Kanun<\/strong><\/h4>\n<p>Bu Hizmet \u015eartlar\u0131 ve bize sa\u011flayaca\u011f\u0131n\u0131z herhangi bir ayr\u0131 anla\u015fma, HK yasalar\u0131na tabi olacak ve bunlarla uyumlu olacak \u015fekilde yorumlanacakt\u0131r.<\/p>\n<h4 dir=\"auto\"><strong>B\u00f6l\u00fcm 19 - Tahkim ve Toplu Davalardan Feragat<\/strong><\/h4>\n<p dir=\"auto\">Anla\u015fmazl\u0131klar, asliye mahkemesi istisnalar\u0131 d\u0131\u015f\u0131nda tahkim yoluyla \u00e7\u00f6z\u00fclecektir.<\/p>\n<p dir=\"auto\">Talepler bir toplu davan\u0131n par\u00e7as\u0131 olarak de\u011fil, bireysel olarak yap\u0131lmal\u0131d\u0131r.<\/p>\n<h4 dir=\"auto\"><strong>B\u00f6l\u00fcm 20 - S\u00f6zle\u015fmenin B\u00fct\u00fcn\u00fc<\/strong><\/h4>\n<p dir=\"auto\">Bu Ko\u015fullar, sizinle aram\u0131zdaki anla\u015fman\u0131n tamam\u0131n\u0131 te\u015fkil eder ve \u00f6nceki anla\u015fmalar\u0131n yerine ge\u00e7er.<\/p>\n<p dir=\"auto\">Yorumlamadaki mu\u011flakl\u0131klar hi\u00e7bir taraf\u0131n lehine de\u011fildir.<\/p>\n<h4 dir=\"auto\"><strong>B\u00f6l\u00fcm 21 - \u0130leti\u015fim Bilgileri<\/strong><\/h4>\n<p dir=\"auto\">Hizmet \u015eartlar\u0131 ile ilgili sorular\u0131n\u0131z i\u00e7in bizimle \u015fu adresten ileti\u015fime ge\u00e7in\u00a0<a href=\"mailto:info@vapexyz.com\" target=\"_blank\" rel=\"noopener\">info@vapexyz.com<\/a>.<\/p>\n<p dir=\"auto\">Optimize edilmi\u015f H\u00fck\u00fcm ve Ko\u015fullar\u0131m\u0131z\u0131 inceledi\u011finiz i\u00e7in te\u015fekk\u00fcr ederiz. VapeXYZ.com'da size sorunsuz ve g\u00fcvenli bir deneyim sunmak i\u00e7in \u00e7al\u0131\u015f\u0131yoruz.<\/p>\n<p>&nbsp;<\/p>\n<div class=\"row page-wrapper\">\n<div id=\"content\" class=\"large-12 col\" role=\"main\">\n<div class=\"entry-content\">\n<p dir=\"auto\"><span style=\"color: #e14d43;\"><strong>Bu Hizmet \u015eartlar\u0131 ve bize sa\u011flayaca\u011f\u0131n\u0131z herhangi bir ayr\u0131 anla\u015fma, HK yasalar\u0131na tabi olacak ve bunlarla uyumlu olacak \u015fekilde yorumlanacakt\u0131r.<\/strong><\/span><\/p>\n<\/div>\n<\/div>\n<\/div>","protected":false},"excerpt":{"rendered":"<p>Terms &amp; Conditions Welcome to VapeXYZ.com, the premier destination for all your disposable e-cigarette needs. This website is operated by VapeXYZ. , VapeXYZ is dedicated to providing you with top-notch products and services. Throughout your journey on our site, the terms \u201cwe\u201d, \u201cus\u201d, and \u201cour\u201d refer to VapeXYZ. By using our website, you agree to [&#8230;]\n","protected":false},"author":1,"featured_media":0,"parent":0,"menu_order":0,"comment_status":"closed","ping_status":"closed","template":"page-blank-title-center.php","meta":{"_lmt_disableupdate":"no","_lmt_disable":"","footnotes":""},"class_list":["post-15901","page","type-page","status-publish","hentry"],"jetpack_sharing_enabled":true,"_links":{"self":[{"href":"https:\/\/vapexyz.com\/tr\/wp-json\/wp\/v2\/pages\/15901","targetHints":{"allow":["GET"]}}],"collection":[{"href":"https:\/\/vapexyz.com\/tr\/wp-json\/wp\/v2\/pages"}],"about":[{"href":"https:\/\/vapexyz.com\/tr\/wp-json\/wp\/v2\/types\/page"}],"author":[{"embeddable":true,"href":"https:\/\/vapexyz.com\/tr\/wp-json\/wp\/v2\/users\/1"}],"replies":[{"embeddable":true,"href":"https:\/\/vapexyz.com\/tr\/wp-json\/wp\/v2\/comments?post=15901"}],"version-history":[{"count":0,"href":"https:\/\/vapexyz.com\/tr\/wp-json\/wp\/v2\/pages\/15901\/revisions"}],"wp:attachment":[{"href":"https:\/\/vapexyz.com\/tr\/wp-json\/wp\/v2\/media?parent=15901"}],"curies":[{"name":"wp","href":"https:\/\/api.w.org\/{rel}","templated":true}]}}