{"id":13,"date":"2024-03-03T08:49:12","date_gmt":"2024-03-03T08:49:12","guid":{"rendered":"https:\/\/vapexyz.com\/?page_id=13"},"modified":"2026-03-07T07:42:53","modified_gmt":"2026-03-07T07:42:53","slug":"refund_returns","status":"publish","type":"page","link":"https:\/\/vapexyz.com\/tr\/refund_returns\/","title":{"rendered":"Para \u0130adesi ve \u0130ade Politikas\u0131"},"content":{"rendered":"<h2 dir=\"auto\">Para \u0130adesi ve \u0130ade Politikas\u0131<\/h2>\r\n<h3 dir=\"auto\"><strong>\u0130ade:<\/strong><\/h3>\r\n<ul>\r\n<li>\r\n<p dir=\"auto\">T\u00fcm A\u00c7ILMAMI\u015e, KULLANILMAMI\u015e ve ZARAR G\u00d6RMEM\u0130\u015e \u00fcr\u00fcnlerin teslim al\u0131nd\u0131ktan sonraki 7 g\u00fcn i\u00e7inde iadesini kabul ediyoruz. \u0130adeler, iade incelemesinden sonra orijinal \u00f6deme \u015fekline g\u00f6re yap\u0131lacakt\u0131r. L\u00fctfen \u00fcr\u00fcnleri ald\u0131ktan sonra i\u015flem i\u00e7in 3-5 i\u015f g\u00fcn\u00fc bekleyin. Bize ula\u015f\u0131n\u00a0<a href=\"mailto:info@vapexyz.com\" target=\"_blank\" rel=\"noopener\">info@vapexyz.com<\/a>\u00a0iade yard\u0131m\u0131 i\u00e7in.<\/p>\r\n<\/li>\r\n<li>\r\n<p dir=\"auto\">\u0130adeler i\u00e7in bir nakliye etiketi sa\u011flanacakt\u0131r, ancak nakliye \u00fccretlerinin bizim takdirimize ba\u011fl\u0131 oldu\u011funu ve duruma g\u00f6re de\u011fi\u015fece\u011fini l\u00fctfen unutmay\u0131n. Bu \u00fccret iade toplam\u0131ndan d\u00fc\u015f\u00fclecektir.<\/p>\r\n<\/li>\r\n<li>\r\n<p dir=\"auto\"><em>Not: T\u00fcm vape'ler a\u00e7\u0131ld\u0131ktan veya contas\u0131 k\u0131r\u0131ld\u0131ktan sonra GER\u0130 \u0130ADE ED\u0130LEMEZ.<\/em><\/p>\r\n<\/li>\r\n<\/ul>\r\n<h3 dir=\"auto\"><strong>Garanti:<\/strong><\/h3>\r\n<ul>\r\n<li>\u00dcr\u00fcn\u00fcn do\u011fas\u0131 gere\u011fi, hijyenik ve g\u00fcvenlik nedenleriyle kullan\u0131lm\u0131\u015f \u00fcr\u00fcnlerin iadesini kabul etmiyoruz.<\/li>\r\n<\/ul>\r\n<h3 dir=\"auto\"><strong>Cihazlar:<\/strong><\/h3>\r\n<ul>\r\n<li>Politikam\u0131z, teslimat tarihinden itibaren 7 g\u00fcnl\u00fck bir garanti s\u00fcresi i\u00e7erir. 7 g\u00fcnden sonra \u00fcreticiye garanti talebinde bulunun.<\/li>\r\n<li>Garanti, a\u015f\u0131nma ve y\u0131pranma, yanl\u0131\u015f kullan\u0131m, kaza sonucu olu\u015fan hasarlar, s\u0131z\u0131nt\u0131 veya harici bile\u015fenleri kapsamaz.<\/li>\r\n<li>Tek seferlik de\u011fi\u015ftirme veya orijinal \u00f6deme \u015fekline g\u00f6re para iadesi sunuyoruz.<\/li>\r\n<\/ul>\r\n<h3 dir=\"auto\"><strong>Tek kullan\u0131ml\u0131k:<\/strong><\/h3>\r\n<ul>\r\n<li>Tek kullan\u0131ml\u0131k vape'ler i\u00e7in garanti, duruma g\u00f6re bizim takdirimize ba\u011fl\u0131d\u0131r.<\/li>\r\n<li>E-posta\u00a0<a href=\"mailto:info@vapexyz.com\" target=\"_blank\" rel=\"noopener\">info@vapexyz.com<\/a>\u00a0sorunlar i\u00e7in; kusurlu tek kullan\u0131ml\u0131k \u00fcr\u00fcnler orijinal \u00f6deme y\u00f6ntemine iade edilir.<\/li>\r\n<li>Tek kullan\u0131ml\u0131k vape'ler i\u00e7in de\u011fi\u015fim veya yenileme hizmeti sunmuyoruz.<\/li>\r\n<\/ul>\r\n<h3 dir=\"auto\"><strong>Kapsanan Konular:<\/strong><\/h3>\r\n<ul>\r\n<li>Var\u0131\u015fta \u00f6l\u00fc, otomatik ate\u015fleme, var\u0131\u015fta s\u0131z\u0131nt\u0131.<\/li>\r\n<\/ul>\r\n<h3 dir=\"auto\"><strong>Kapsam d\u0131\u015f\u0131:<\/strong><\/h3>\r\n<ul>\r\n<li>Lezzet, vape'in beklenen \u00f6mr\u00fc.<\/li>\r\n<\/ul>\r\n<h3 dir=\"auto\"><strong>Kapsanmayan \u00dcr\u00fcnler:<\/strong><\/h3>\r\n<ul>\r\n<li>Yedek coiller, podlar, camlar, tanklar, atomizerler, e-meyve sular\u0131.<\/li>\r\n<\/ul>\r\n<h3 dir=\"auto\"><strong>Kusurlu \u00dcr\u00fcnler:<\/strong><\/h3>\r\n<ul>\r\n<li>Kusurlu \u00fcr\u00fcnlerin iadesi, sat\u0131n alma tarihinden itibaren 14 g\u00fcn i\u00e7inde de\u011fi\u015ftirme i\u00e7in uygundur.<\/li>\r\n<li>M\u00fc\u015fteriler, var\u0131\u015fta \u00f6l\u00fc olarak teslim al\u0131nmad\u0131\u011f\u0131 s\u00fcrece, kusurlu \u00fcr\u00fcn iadeleri i\u00e7in t\u00fcm nakliye masraflar\u0131n\u0131 kar\u015f\u0131lar.<\/li>\r\n<\/ul>\r\n<h3 dir=\"auto\"><strong>Kay\u0131p\/K\u0131r\u0131k E\u015fyalar:<\/strong><\/h3>\r\n<ul>\r\n<li>Eksik\/k\u0131r\u0131k \u00fcr\u00fcnleri teslim ald\u0131ktan sonra 48 saat i\u00e7inde bildirin. Cam \u00fcr\u00fcnler ve aksesuarlar, var\u0131\u015fta k\u0131r\u0131lmad\u0131\u011f\u0131 s\u00fcrece kapsam dahilinde de\u011fildir.<\/li>\r\n<\/ul>\r\n<h3 dir=\"auto\"><strong>Sipari\u015f \u0130ptali:<\/strong><\/h3>\r\n<ul>\r\n<li>\u0130leti\u015fim\u00a0<a href=\"mailto:info@vapexyz.com\" target=\"_blank\" rel=\"noopener\">info@vapexyz.com<\/a>\u00a0\"\u0130ptal Talebi: Sipari\u015f #\" ile iptal edebilirsiniz.<\/li>\r\n<li>Sipari\u015fler g\u00f6nderildikten sonra iptal edilemez. M\u00fc\u015fteriler paketi reddedebilir veya para iadesi i\u00e7in iade edebilir.<\/li>\r\n<li>\u0130adeler orijinal \u00f6deme y\u00f6ntemine yap\u0131l\u0131r. Orijinal \u00f6deme y\u00f6ntemine iade m\u00fcmk\u00fcn de\u011filse ma\u011faza kredisi verilebilir.<\/li>\r\n<\/ul>\r\n<h3 dir=\"auto\"><strong>Kay\u0131p ve \u00c7al\u0131nt\u0131 Paketler:<\/strong><\/h3>\r\n<ul>\r\n<li>VapeXYZ, teslimat onay\u0131ndan sonra kaybolan veya \u00e7al\u0131nan paketlerden sorumlu de\u011fildir. Talepler do\u011frudan kargo \u015firketi ile yap\u0131lmal\u0131d\u0131r.<\/li>\r\n<\/ul>","protected":false},"excerpt":{"rendered":"<p>Refund and Returns Policy Returns: We accept returns of all UNOPENED, UNUSED, and UNDAMAGED products within 7 days of receipt. Refunds will be issued to the original form of payment after a return inspection. Please allow 3-5 business days for processing once we receive the items. Contact us at\u00a0info@vapexyz.com\u00a0for return assistance. A shipping label will [&#8230;]\n","protected":false},"author":1,"featured_media":0,"parent":0,"menu_order":0,"comment_status":"closed","ping_status":"closed","template":"","meta":{"_lmt_disableupdate":"no","_lmt_disable":"","footnotes":""},"class_list":["post-13","page","type-page","status-publish","hentry"],"jetpack_sharing_enabled":true,"_links":{"self":[{"href":"https:\/\/vapexyz.com\/tr\/wp-json\/wp\/v2\/pages\/13","targetHints":{"allow":["GET"]}}],"collection":[{"href":"https:\/\/vapexyz.com\/tr\/wp-json\/wp\/v2\/pages"}],"about":[{"href":"https:\/\/vapexyz.com\/tr\/wp-json\/wp\/v2\/types\/page"}],"author":[{"embeddable":true,"href":"https:\/\/vapexyz.com\/tr\/wp-json\/wp\/v2\/users\/1"}],"replies":[{"embeddable":true,"href":"https:\/\/vapexyz.com\/tr\/wp-json\/wp\/v2\/comments?post=13"}],"version-history":[{"count":0,"href":"https:\/\/vapexyz.com\/tr\/wp-json\/wp\/v2\/pages\/13\/revisions"}],"wp:attachment":[{"href":"https:\/\/vapexyz.com\/tr\/wp-json\/wp\/v2\/media?parent=13"}],"curies":[{"name":"wp","href":"https:\/\/api.w.org\/{rel}","templated":true}]}}