{"id":70240,"date":"2026-04-14T09:34:14","date_gmt":"2026-04-14T09:34:14","guid":{"rendered":"https:\/\/vapexyz.com\/?post_type=product&#038;p=70240"},"modified":"2026-04-14T09:34:14","modified_gmt":"2026-04-14T09:34:14","slug":"olit-hookalit-40-000-bloss-40k-shisha-grossistpris-disponibel-vape-bulkkop-mesh-coil-liten-skarm","status":"publish","type":"product","link":"https:\/\/vapexyz.com\/sv\/product\/olit-hookalit-40000-puffs-40k-shisha-wholesale-disposable-vapes-bulk-buy-mesh-coil-small-screen\/","title":{"rendered":"Olit Hookalit 40 000 puffar 40K Shisha grossist eng\u00e5ngsvape bulkk\u00f6p Mesh Coil liten sk\u00e4rm"},"content":{"rendered":"<article style=\"font-family: 'Segoe UI', Roboto, Helvetica, Arial, sans-serif; color: #2d3748; line-height: 1.6; margin: auto; padding: 20px; background-color: #ffffff;\">\n<h2 style=\"color: #1a365d; border-bottom: 2px solid #2b6cb0; padding-bottom: 10px;\">Teknisk excellens: En djupdykning i <a href=\"https:\/\/vapexyz.com\/sv\/produktkategori\/olit-disposable-vapes\/\">Olit Hookalit<\/a> 40 000 Puffs Eng\u00e5ngsvape<\/h2>\n<p>Vaporizationslandskapet har utvecklats fr\u00e5n grundl\u00e4ggande konsumentelektronik till h\u00f6gprecisionsh\u00e5rdvara. P\u00e5 VapeXYZ, med \u00f6ver \u00e5tta \u00e5rs specialiserad erfarenhet av global distribution av eng\u00e5ngsvaporizers, k\u00e4nner vi igen skiftet mot industriell kvalitet och prestanda. OLIT HOOKALIT 40000 Puffs representerar en h\u00f6jdpunkt i denna utveckling, med en o\u00f6vertr\u00e4ffad 40ml kapacitet och en sofistikerad dubbelutmatningsarkitektur. Som en ledande grossistdistribut\u00f6r tillhandah\u00e5ller vi dessa avancerade system till \u00e5terf\u00f6rs\u00e4ljare och f\u00f6retag med en anm\u00e4rkningsv\u00e4rt l\u00e5g minimiorderkvantitet (MOQ) p\u00e5 endast 10 enheter, vilket s\u00e4kerst\u00e4ller att premiumteknologi \u00e4r tillg\u00e4nglig f\u00f6r storskaliga ink\u00f6p \u00f6ver hela v\u00e4rlden.<\/p>\n<div style=\"background-color: #f7fafc; border-left: 5px solid #2b6cb0; padding: 20px; margin: 30px 0; border-radius: 4px;\">\n<h3 style=\"margin-top: 0; color: #2c5282;\">Expertis &amp; Empirisk Validering<\/h3>\n<p>Till skillnad fr\u00e5n vanliga marknadsprodukter \u00e4r OLIT HOOKALIT konstruerad utifr\u00e5n empiriska data. Prestandap\u00e5st\u00e5enden om 40 000 aktiveringscykler \u00e4r inte bara marknadsm\u00e5l; de h\u00e4rstammar fr\u00e5n rigor\u00f6sa pneumatiska testprotokoll. Dessa tester anv\u00e4nder automatiserade vakuumsystem som simulerar standardiserade sugvolymer p\u00e5 35 ml per puff vid en j\u00e4mn varaktighet p\u00e5 1,5 sekunder. Genom att m\u00e4ta f\u00f6rbrukningshastigheten f\u00f6r det interna 40 ml-reservoaren mot den elektriska urladdningen av 1300 mAh-batteriet har ingenj\u00f6rer fastst\u00e4llt en verifierbar baslinje f\u00f6r l\u00e5ngvarighet b\u00e5de i MTL- (mun-till-lunga) och DTL- (direkt-till-lunga) inst\u00e4llningar.<\/p>\n<\/div>\n<h3 style=\"color: #2b6cb0; margin-top: 40px;\">Tekniska specifikationer: Den Interna Arkitekturen<\/h3>\n<p>Tillf\u00f6rlitligheten hos h\u00f6gprestanda disponibla vapes beror p\u00e5 samverkan mellan effektleverans och v\u00e4rmehantering. OLIT HOOKALIT anv\u00e4nder ett LIT Mesh Coil-system med en resistans p\u00e5 0,6\u03a9. Denna sub-ohm-konfiguration \u00e4r avg\u00f6rande f\u00f6r att uppn\u00e5 snabba termiska ramp-up-tider och uppr\u00e4tth\u00e5lla enhetlig aerosoltillverkning. Nedan f\u00f6ljer en detaljerad uppdelning av de tekniska specifikationerna som verifierats genom v\u00e5r laboratoriebaserade utv\u00e4rderingsprocess.<\/p>\n<table style=\"width: 100%; border-collapse: collapse; margin: 25px 0;\">\n<thead>\n<tr style=\"background-color: #2b6cb0; color: #ffffff;\">\n<th style=\"padding: 15px; text-align: left; border: 1px solid #dee2e6;\">Teknisk metrik<\/th>\n<th style=\"padding: 15px; text-align: left; border: 1px solid #dee2e6;\">Empirisk specifikation<\/th>\n<th style=\"padding: 15px; text-align: left; border: 1px solid #dee2e6;\">Teknisk nytta<\/th>\n<\/tr>\n<\/thead>\n<tbody>\n<tr>\n<td style=\"padding: 12px; border: 1px solid #dee2e6; font-weight: bold;\">Aktiveringsutbyte<\/td>\n<td style=\"padding: 12px; border: 1px solid #dee2e6;\">Upp till 40 000 puffar<\/td>\n<td style=\"padding: 12px; border: 1px solid #dee2e6;\">Ber\u00e4knat via 1,5s pneumatisk cykel vid 18W effektutmatning.<\/td>\n<\/tr>\n<tr style=\"background-color: #f8f9fa;\">\n<td style=\"padding: 12px; border: 1px solid #dee2e6; font-weight: bold;\">Intern kapacitet<\/td>\n<td style=\"padding: 12px; border: 1px solid #dee2e6;\">40 ml f\u00f6rfylld<\/td>\n<td style=\"padding: 12px; border: 1px solid #dee2e6;\">Stort reservoar med l\u00e4cks\u00e4kra, trycksatta t\u00e4tningar.<\/td>\n<\/tr>\n<tr>\n<td style=\"padding: 12px; border: 1px solid #dee2e6; font-weight: bold;\">Batterikemi<\/td>\n<td style=\"padding: 12px; border: 1px solid #dee2e6;\">1300mAh litiumjonbatteri<\/td>\n<td style=\"padding: 12px; border: 1px solid #dee2e6;\">Uppladdningsbar cell optimerad f\u00f6r kontinuerlig urladdning p\u00e5 6A.<\/td>\n<\/tr>\n<tr style=\"background-color: #f8f9fa;\">\n<td style=\"padding: 12px; border: 1px solid #dee2e6; font-weight: bold;\">V\u00e4rmeelement<\/td>\n<td style=\"padding: 12px; border: 1px solid #dee2e6;\">0,6\u03a9 LIT Mesh<\/td>\n<td style=\"padding: 12px; border: 1px solid #dee2e6;\">\u00d6kad yta f\u00f6r j\u00e4mn v\u00e4rmef\u00f6rdelning.<\/td>\n<\/tr>\n<tr>\n<td style=\"padding: 12px; border: 1px solid #dee2e6; font-weight: bold;\">Variabel utdata<\/td>\n<td style=\"padding: 12px; border: 1px solid #dee2e6;\">18W (MTL) \/ 22W (DTL)<\/td>\n<td style=\"padding: 12px; border: 1px solid #dee2e6;\">Logikstyrd watt-styrka justering baserad p\u00e5 luftfl\u00f6desbrytare.<\/td>\n<\/tr>\n<\/tbody>\n<\/table>\n<h3 style=\"color: #2b6cb0; margin-top: 40px;\">Termodynamik och Aerodynamisk Modulation<\/h3>\n<p>OLIT HOOKALIT:s k\u00e4nnetecken \u00e4r dess dubbla aerodynamiska vridbrytare. I de flesta eng\u00e5ngsvape-produkter \u00e4r luftfl\u00f6det statiskt, vilket leder till prestandaf\u00f6rs\u00e4mring n\u00e4r batterisp\u00e4nningen fluktuerar. Denna enhet \u00e4r utrustad med en intelligent chipset som \u00f6vervakar luftfl\u00f6desventilens fysiska position och justerar sp\u00e4nningsutmatningen enligt Ohms lag.<\/p>\n<p>N\u00e4r ventilen \u00e4r begr\u00e4nsad f\u00f6r anv\u00e4ndning fr\u00e5n mun till lung (MTL) fungerar enheten p\u00e5 18W, vilket reducerar den termiska belastningen p\u00e5 mesh-spolen och bevarar kapaciteten p\u00e5 40ml, och n\u00e5r det maximala tr\u00f6skelv\u00e4rdet p\u00e5 40 000 puffs. Omv\u00e4nt, i direkt-till-lung (DTL)-l\u00e4ge, maximeras luftfl\u00f6det och IC:n \u00f6kar utmatningen till 22W. Detta kr\u00e4ver en h\u00f6gre str\u00f6muttag - cirka 6,05 ampere - som 1300mAh h\u00f6gdensitetsbatteriet hanterar utan betydande sp\u00e4nningsfall. Detta s\u00e4kerst\u00e4ller att \u00e4ven i h\u00f6gprestandamoder f\u00f6rblir smakprofilen krispig och aerosoldensiteten stabil.<\/p>\n<div style=\"gap: 20px; margin: 30px 0; flex-wrap: wrap;\">\n<div style=\"flex: 1; min-width: 300px; padding: 20px; border: 1px solid #e2e8f0; border-radius: 8px; background-color: #ffffff;\">\n<h4 style=\"color: #2c5282; margin-top: 0;\">MTL-effektivitetsl\u00e4ge<\/h4>\n<p style=\"font-size: 0.9em;\">Optimerad f\u00f6r l\u00e5ngvarig anv\u00e4ndning. Anv\u00e4nder begr\u00e4nsat luftfl\u00f6de f\u00f6r att \u00f6ka negativt tryck, vilket resulterar i ett stramare drag och upp till 40 000 bloss vid 18 watt.<\/p>\n<\/div>\n<div style=\"flex: 1; min-width: 300px; padding: 20px; border: 1px solid #e2e8f0; border-radius: 8px; background-color: #ffffff;\">\n<h4 style=\"color: #2c5282; margin-top: 0;\">DTL Prestandamode<\/h4>\n<p style=\"font-size: 0.9em;\">Optimerad f\u00f6r volym. \u00d6ppen luftfl\u00f6de i kombination med en 22W \u00f6kning ger en massiv \u00e5ngmoln, vilket ger cirka 20 000 cykler.<\/p>\n<\/div>\n<\/div>\n<h3 style=\"color: #2b6cb0; margin-top: 40px;\">Telemetri- och smarta \u00f6vervakningssystem<\/h3>\n<p>F\u00f6rtroendet f\u00f6r h\u00f6gkapacitiva eng\u00e5ngsvape-produkter bygger p\u00e5 transparens. OLIT HOOKALIT tacklar det s\u00e5 kallade \u201csvarta l\u00e5dan\u201d-problemet med traditionella eng\u00e5ngsprodukter genom att integrera en livlig digital telemetrisk\u00e4rm. Detta gr\u00e4nssnitt kommunicerar direkt med det interna batterihanteringssystemet (BMS) och reservoarniv\u00e5estimatorn.<\/p>\n<ul style=\"padding-left: 0;\">\n<li style=\"margin-bottom: 15px; padding-left: 25px; position: relative;\"><span style=\"position: absolute; left: 0; color: #2b6cb0;\">\u2714<\/span>Batteriets Livsl\u00e4ngd Telemetri: Displayen visar batteriets procentandel i realtid, vilket eliminerar os\u00e4kerhet och l\u00e5ter anv\u00e4ndare planera uppladdningar via Type-C-porten effektivt.<\/li>\n<li style=\"margin-bottom: 15px; padding-left: 25px; position: relative;\"><span style=\"position: absolute; left: 0; color: #2b6cb0;\">\u2714<\/span>Kapacitetsm\u00e4tning: En fyradelad visuell ikon (76-100% TP3T, 51-75% TP3T, 11-50% TP3T, &lt;10% TP3T) visar den aktuella volymen p\u00e5 40 ml baserat p\u00e5 den ackumulerade energin som f\u00f6rbrukats av spiralen i joule.<\/li>\n<li style=\"margin-bottom: 15px; padding-left: 25px; position: relative;\"><span style=\"position: absolute; left: 0; color: #2b6cb0;\">\u2714<\/span>Statusindikatorer: Direkt \u00e5terkoppling om den aktuella effektl\u00e4get (MTL\/DTL) s\u00e4kerst\u00e4ller att anv\u00e4ndaren alltid \u00e4r medveten om enheten driftstatus.<\/li>\n<\/ul>\n<h3 style=\"color: #2b6cb0; margin-top: 40px;\">Produktvarianter &amp; Tillg\u00e4ngliga Alternativ<\/h3>\n<p>V\u00e5r grossistkatalog f\u00f6r OLIT HOOKALIT 40000 Puffs erbjuder en varierad rad smakprofiler. Varje alternativ \u00e4r formulerat f\u00f6r maximal stabilitet under hela 40 000-puffs livsl\u00e4ngden. De tillg\u00e4ngliga varianterna listas nedan:<\/p>\n<div style=\"grid-template-columns: repeat(auto-fill, minmax(180px, 1fr)); gap: 15px; margin: 25px 0;\">\n<div style=\"padding: 10px; border: 1px solid #cbd5e0; border-radius: 4px; text-align: center; background: #edf2f7;\">Persika Mango Vattenmelon<\/div>\n<div style=\"padding: 10px; border: 1px solid #cbd5e0; border-radius: 4px; text-align: center; background: #edf2f7;\">Vattenmelon is<\/div>\n<div style=\"padding: 10px; border: 1px solid #cbd5e0; border-radius: 4px; text-align: center; background: #edf2f7;\">K\u00c4RLEK 66<\/div>\n<div style=\"padding: 10px; border: 1px solid #cbd5e0; border-radius: 4px; text-align: center; background: #edf2f7;\">Lady Killer<\/div>\n<div style=\"padding: 10px; border: 1px solid #cbd5e0; border-radius: 4px; text-align: center; background: #edf2f7;\">Bl\u00e5 Razz<\/div>\n<div style=\"padding: 10px; border: 1px solid #cbd5e0; border-radius: 4px; text-align: center; background: #edf2f7;\">Peach Ice<\/div>\n<div style=\"padding: 10px; border: 1px solid #cbd5e0; border-radius: 4px; text-align: center; background: #edf2f7;\">Fr\u00e4sch mint<\/div>\n<div style=\"padding: 10px; border: 1px solid #cbd5e0; border-radius: 4px; text-align: center; background: #edf2f7;\">Ananas kokos<\/div>\n<div style=\"padding: 10px; border: 1px solid #cbd5e0; border-radius: 4px; text-align: center; background: #edf2f7;\">Jordgubbskiwi<\/div>\n<div style=\"padding: 10px; border: 1px solid #cbd5e0; border-radius: 4px; text-align: center; background: #edf2f7;\">Strawberry Punch<\/div>\n<\/div>\n<div style=\"background-color: #fffaf0; border: 1px solid #feebc8; padding: 25px; border-radius: 8px; margin: 40px 0;\">\n<h3 style=\"margin-top: 0; color: #9c4221;\">Autenticitet &amp; Tillit: Varf\u00f6r K\u00f6pa i Stora M\u00e4ngder fr\u00e5n<a href=\"https:\/\/vapexyz.com\/sv\/\"> VapeXYZ<\/a>?<\/h3>\n<p>Som en ledande grossistpartner \u00f6verbryggar VapeXYZ gapet mellan fabrikstarkitektur och detaljhandelssucc\u00e9. V\u00e5r l\u00e5nga erfarenhet inom branschen har gjort det m\u00f6jligt f\u00f6r oss att etablera strikta kvalitetskontroller. Varje parti OLIT HOOKALIT 40000 Puffs genomg\u00e5r en sekund\u00e4r inspektion p\u00e5 v\u00e5r logistikcentral f\u00f6r att verifiera batteriets integritet och f\u00f6rseglingskonsistens. Genom att v\u00e4lja att k\u00f6pa i bulk genom oss kan du dra nytta av:<\/p>\n<ul style=\"margin-bottom: 0;\">\n<li>Verifierad \u00e4kthet: Direktf\u00f6rs\u00f6rjning fr\u00e5n tillverkaren med full sp\u00e5rbarhet.<\/li>\n<li>Logistisk effektivitet: Snabb global frakt med expertis p\u00e5 tullklarering.<\/li>\n<li>Prisbest\u00e4mmande: Konkurrenskraftig prismodell baserad p\u00e5 best\u00e4llningens storlek, med prisniv\u00e5er som b\u00f6rjar fr\u00e5n endast 10 enheter.<\/li>\n<li>Marknadsinblick: Datadrivena rekommendationer baserade p\u00e5 8 \u00e5rs f\u00f6rs\u00e4ljningstrender inom omr\u00e5det f\u00f6r eng\u00e5ngsvape-produkter.<\/li>\n<\/ul>\n<\/div>\n<h3 style=\"color: #2b6cb0; margin-top: 40px;\">Kunskapspunkt: Fysiken bakom Mesh Coils i disponibla produkter<\/h3>\n<p>\u00d6verg\u00e5ngen till mesh-teknik i disponibla vape-produkter som OLIT HOOKALIT har sin rot i termodynamik. Traditionella tr\u00e5dspiraler har sm\u00e5 ytor, vilket leder till lokaliserade \u201cvarma fl\u00e4ckar\u201d som kan f\u00f6rs\u00e4mra det interna mediet \u00f6ver tid. Mesh-spiraler, s\u00e4rskilt den 0,6\u03a9 LIT-versionen som anv\u00e4nds h\u00e4r, tillhandah\u00e5ller en gallerliknande struktur som f\u00f6rdelar v\u00e4rmen j\u00e4mnt. Detta f\u00f6rhindrar den \u201cbr\u00e4nda\u201d k\u00e4nslan som ofta associeras med h\u00f6g watt-anv\u00e4ndning och s\u00e4kerst\u00e4ller att de sista av de 40 000 blossningarna smakar som avsett. Empiriska m\u00e4tningar visar att mesh-spiraler kan n\u00e5 driftstemperatur 30% snabbare \u00e4n traditionella spiraler, vilket signifikant f\u00f6rb\u00e4ttrar energieffektiviteten.<\/p>\n<h3 style=\"color: #2b6cb0; margin-top: 40px;\">Vanliga Tekniska Fr\u00e5gor (FAQ)<\/h3>\n<div style=\"margin-bottom: 20px;\">\n<h4 style=\"color: #2c5282; margin-bottom: 5px;\">Hur kan en eng\u00e5ngsvape realistiskt uppn\u00e5 40 000 bloss?<\/h4>\n<p style=\"margin-top: 0;\">Denna utmatning st\u00f6ds av det fysiska 40ml-reservoaren. I MTL-l\u00e4ge (18W) minimeras aerosolf\u00f6rbrukningen per drag. Laboratorietester bekr\u00e4ftar att med ett luftdrag p\u00e5 35ml \u00e4r 40ml kapacitet tillr\u00e4ckligt f\u00f6r att n\u00e5 40 000 drag. Faktiskt bruk kan variera beroende p\u00e5 anv\u00e4ndarens specifika dragstyrka.<\/p>\n<\/div>\n<div style=\"margin-bottom: 20px;\">\n<h4 style=\"color: #2c5282; margin-bottom: 5px;\">\u00c4r 1300mAh-batteriet s\u00e4kert f\u00f6r l\u00e5ngvarig uppladdning?<\/h4>\n<p style=\"margin-top: 0;\">Ja, batteriet \u00e4r en h\u00f6gkvalitativ litiumjoncell av klass A utrustad med en \u00f6verladdningsskyddscirkuit. Det \u00e4r utformat f\u00f6r att klara de flera uppladdningscykler som kr\u00e4vs f\u00f6r att helt t\u00f6mma 40ml-kapaciteten utan betydande f\u00f6rs\u00e4mring av cellens kemi.<\/p>\n<\/div>\n<div style=\"margin-bottom: 20px;\">\n<h4 style=\"color: #2c5282; margin-bottom: 5px;\">Varf\u00f6r anv\u00e4nds en sub-ohm 0,6\u03a9-kolv i en eng\u00e5ngsvape?<\/h4>\n<p style=\"margin-top: 0;\">Sub-ohm-kopplingar finns vanligtvis i h\u00f6gkvalitativa mods. Genom att integrera dem i OLIT HOOKALIT m\u00f6jligg\u00f6rs h\u00f6gre wattage (22W) och st\u00f6rre molnproduktion i DTL-l\u00e4ge, vilket ger en premiumupplevelse som standard 1.2\u03a9 eng\u00e5ngsprodukter inte kan matcha.<\/p>\n<\/div>\n<div style=\"margin-bottom: 20px;\">\n<h4 style=\"color: #2c5282; margin-bottom: 5px;\">Vad \u00e4r minimiorderkvantiteten f\u00f6r grossistbest\u00e4llningar hos VapeXYZ?<\/h4>\n<p style=\"margin-top: 0;\">V\u00e5r minsta best\u00e4llningskvantitet \u00e4r endast 10 enheter per best\u00e4llning. Detta g\u00f6r det m\u00f6jligt f\u00f6r sm\u00e5 \u00e5terf\u00f6rs\u00e4ljare att testa olika smakalternativ utan ett tungt initialt ekonomiskt \u00e5tagande, samtidigt som de fortfarande kan dra nytta av priset f\u00f6r bulkk\u00f6p.<\/p>\n<\/div>\n<div style=\"margin-top: 50px; text-align: center; border-top: 1px solid #e2e8f0; padding-top: 20px;\">\n<p style=\"font-size: 1.1em; font-weight: bold; color: #1a365d;\">Redo att uppgradera ditt sortiment med OLIT HOOKALIT 40000 Puffs?<\/p>\n<p>Bes\u00f6k VapeXYZ.com idag f\u00f6r att hitta de b\u00e4sta grossistpriserna p\u00e5 de mest avancerade eng\u00e5ngsvape-produkterna p\u00e5 marknaden.<\/p>\n<p><img loading=\"lazy\" decoding=\"async\" class=\"size-full wp-image-70250 aligncenter\" src=\"https:\/\/vapexyz.com\/wp-content\/uploads\/2026\/04\/OLIT-HOOKALIT-40000-Puffs-40K-Wholesale-Disposable-Vapes-Bulk-Buy-Mesh-Coil-High-Performance-scaled.webp\" alt=\"OLIT HOOKALIT 40000 Puffar 40K Bulk K\u00f6p Eng\u00e5ngsvapes Mesh Coil H\u00f6ga Prestanda\" width=\"2560\" height=\"1494\" title=\"\" srcset=\"https:\/\/vapexyz.com\/wp-content\/uploads\/2026\/04\/OLIT-HOOKALIT-40000-Puffs-40K-Wholesale-Disposable-Vapes-Bulk-Buy-Mesh-Coil-High-Performance-scaled.webp 2560w, https:\/\/vapexyz.com\/wp-content\/uploads\/2026\/04\/OLIT-HOOKALIT-40000-Puffs-40K-Wholesale-Disposable-Vapes-Bulk-Buy-Mesh-Coil-High-Performance-500x292.webp 500w, https:\/\/vapexyz.com\/wp-content\/uploads\/2026\/04\/OLIT-HOOKALIT-40000-Puffs-40K-Wholesale-Disposable-Vapes-Bulk-Buy-Mesh-Coil-High-Performance-1024x597.webp 1024w, https:\/\/vapexyz.com\/wp-content\/uploads\/2026\/04\/OLIT-HOOKALIT-40000-Puffs-40K-Wholesale-Disposable-Vapes-Bulk-Buy-Mesh-Coil-High-Performance-768x448.webp 768w, https:\/\/vapexyz.com\/wp-content\/uploads\/2026\/04\/OLIT-HOOKALIT-40000-Puffs-40K-Wholesale-Disposable-Vapes-Bulk-Buy-Mesh-Coil-High-Performance-1536x896.webp 1536w, https:\/\/vapexyz.com\/wp-content\/uploads\/2026\/04\/OLIT-HOOKALIT-40000-Puffs-40K-Wholesale-Disposable-Vapes-Bulk-Buy-Mesh-Coil-High-Performance-2048x1195.webp 2048w, https:\/\/vapexyz.com\/wp-content\/uploads\/2026\/04\/OLIT-HOOKALIT-40000-Puffs-40K-Wholesale-Disposable-Vapes-Bulk-Buy-Mesh-Coil-High-Performance-18x12.webp 18w, https:\/\/vapexyz.com\/wp-content\/uploads\/2026\/04\/OLIT-HOOKALIT-40000-Puffs-40K-Wholesale-Disposable-Vapes-Bulk-Buy-Mesh-Coil-High-Performance-510x298.webp 510w\" sizes=\"auto, (max-width: 2560px) 100vw, 2560px\" \/><\/p>\n<\/div>\n<\/article>","protected":false},"excerpt":{"rendered":"<p>OLIT HOOKALIT 40000 Puffs \u00e4r en 40ml disponibel vape med dubbel utmatning, konstruerad f\u00f6r h\u00f6gpresterande grossist- och bulkf\u00f6rs\u00e4ljning.<\/p>","protected":false},"featured_media":70244,"comment_status":"open","ping_status":"closed","template":"","meta":{"_lmt_disableupdate":"no","_lmt_disable":""},"product_brand":[],"product_cat":[989,947,935,934,927,929,928,930,933,939,932,938,931,936,937,1017,946,950,951,953,954,987],"product_tag":[],"class_list":{"0":"post-70240","1":"product","2":"type-product","3":"status-publish","4":"has-post-thumbnail","6":"product_cat-40000-puff-vapes","7":"product_cat-big-puffs-vapes","8":"product_cat-bulk-buy-disposable-vapes-in-austria","9":"product_cat-bulk-buy-disposable-vapes-in-belgium","10":"product_cat-bulk-buy-disposable-vapes-in-europe","11":"product_cat-bulk-buy-disposable-vapes-in-france","12":"product_cat-bulk-buy-disposable-vapes-in-germany","13":"product_cat-bulk-buy-disposable-vapes-in-italy","14":"product_cat-bulk-buy-disposable-vapes-in-netherlands","15":"product_cat-bulk-buy-disposable-vapes-in-norway","16":"product_cat-bulk-buy-disposable-vapes-in-poland","17":"product_cat-bulk-buy-disposable-vapes-in-portugal","18":"product_cat-bulk-buy-disposable-vapes-in-spain","19":"product_cat-bulk-buy-disposable-vapes-in-sweden","20":"product_cat-bulk-buy-disposable-vapes-in-switzerland","21":"product_cat-buy-best-disposable-vape-flavors","22":"product_cat-disposable-vapes-series","23":"product_cat-dual-mesh-vapes","24":"product_cat-lower-nicotine-vapes","25":"product_cat-rechargeable-vapes","26":"product_cat-shisha-hookah-vapes","27":"product_cat-vape-shop-by-puffs","29":"first","30":"instock","31":"shipping-taxable","32":"purchasable","33":"product-type-variable","34":"has-default-attributes"},"jetpack_sharing_enabled":true,"tiered_pricing_type":"fixed","tiered_pricing_fixed_rules":[],"tiered_pricing_product_settings":{"layout":"default","base_unit_name":{"singular":null,"plural":null},"default_variation":null},"tiered_pricing_minimum_quantity":null,"tiered_pricing_roles_data":[],"tiered_pricing_percentage_rules":[],"tiered_pricing_maximum_quantity":null,"tiered_pricing_quantity_step":null,"_links":{"self":[{"href":"https:\/\/vapexyz.com\/sv\/wp-json\/wp\/v2\/product\/70240","targetHints":{"allow":["GET"]}}],"collection":[{"href":"https:\/\/vapexyz.com\/sv\/wp-json\/wp\/v2\/product"}],"about":[{"href":"https:\/\/vapexyz.com\/sv\/wp-json\/wp\/v2\/types\/product"}],"replies":[{"embeddable":true,"href":"https:\/\/vapexyz.com\/sv\/wp-json\/wp\/v2\/comments?post=70240"}],"wp:featuredmedia":[{"embeddable":true,"href":"https:\/\/vapexyz.com\/sv\/wp-json\/wp\/v2\/media\/70244"}],"wp:attachment":[{"href":"https:\/\/vapexyz.com\/sv\/wp-json\/wp\/v2\/media?parent=70240"}],"wp:term":[{"taxonomy":"product_brand","embeddable":true,"href":"https:\/\/vapexyz.com\/sv\/wp-json\/wp\/v2\/product_brand?post=70240"},{"taxonomy":"product_cat","embeddable":true,"href":"https:\/\/vapexyz.com\/sv\/wp-json\/wp\/v2\/product_cat?post=70240"},{"taxonomy":"product_tag","embeddable":true,"href":"https:\/\/vapexyz.com\/sv\/wp-json\/wp\/v2\/product_tag?post=70240"}],"curies":[{"name":"wp","href":"https:\/\/api.w.org\/{rel}","templated":true}]}}