{"id":69944,"date":"2026-03-27T09:17:57","date_gmt":"2026-03-27T09:17:57","guid":{"rendered":"https:\/\/vapexyz.com\/?post_type=product&#038;p=69944"},"modified":"2026-04-14T07:54:34","modified_gmt":"2026-04-14T07:54:34","slug":"solaris-tequila-don-leon-1942-30-000-puffar-disponibel-vape-for-grossist-och-bulkkop-med-avancerad-luftflode","status":"publish","type":"product","link":"https:\/\/vapexyz.com\/sv\/product\/solaris-tequila-don-leon1942-30000-puffs-disposable-vapes-wholesale-bulk-buy-advanced-airflow\/","title":{"rendered":"SOLARIS Tequila Don Leon1942 30 000 Puffs Eng\u00e5ngsvape f\u00f6r grossist och bulkk\u00f6p - Avancerad luftfl\u00f6de"},"content":{"rendered":"<article style=\"font-family: 'Segoe UI', Roboto, Helvetica, Arial, sans-serif; line-height: 1.8; color: #333; margin: 0 auto; padding: 20px; background-color: #ffffff;\">\n<h2 style=\"color: #1a365d; border-bottom: 2px solid #e2e8f0; padding-bottom: 10px; margin-top: 30px; font-size: 28px;\"><a href=\"https:\/\/vapexyz.com\/sv\/produktkategori\/solaris-engangsvape\/\">SOLARIS<\/a> Tequila Don Leon 1942 30 000 Puffs Eng\u00e5ngsvapes<\/h2>\n<p style=\"font-size: 16px; margin-bottom: 20px;\">N\u00e4r den globala marknaden f\u00f6r eng\u00e5ngsvape forts\u00e4tter att mogna, kr\u00e4ver kommersiella k\u00f6pare och detaljhandelsdistribut\u00f6rer enheter som \u00f6verbrygger gapet mellan monumental kapacitet och ostoppelig konsistens. V\u00e4lkommen till VapeXYZ, din ultimata onlinehubb f\u00f6r premium bulk-vape-l\u00f6sningar. Med \u00f6ver \u00e5tta \u00e5rs erfarenhet av global leveranskedja presenterar vi med stolthet SOLARIS Tequila Don Leon1942 30000 Puffs eng\u00e5ngsvape. Konstruerad f\u00f6r l\u00e5ngvarighet och uth\u00e5llig prestanda, omdefinierar denna specifika modell helt och h\u00e5llet f\u00f6rv\u00e4ntningarna p\u00e5 h\u00f6gkapacitiva eng\u00e5ngsvape.<\/p>\n<p style=\"font-size: 16px; margin-bottom: 20px;\">V\u00e5r plattform, <a href=\"https:\/\/vapexyz.com\/sv\/\">VapeXYZ.com<\/a>, Verkar som en specialiserad grossistdistribut\u00f6r. Vi har en unik position som g\u00f6r det m\u00f6jligt f\u00f6r oss att erbjuda en omfattande portf\u00f6lj av h\u00f6gkvalitativa eng\u00e5ngsvape-m\u00e4rken direkt fr\u00e5n produktionsgolvet till dina butikshyllor. Genom att h\u00e5lla en mycket tillg\u00e4nglig minimiorderkvantitet (MOQ) p\u00e5 endast 10 enheter s\u00e4kerst\u00e4ller vi att b\u00e5de sm\u00e5 vape-butiker och stora f\u00f6retagsdistribut\u00f6rer kan dra nytta av v\u00e5ra mycket konkurrenskraftiga grossistpriser. SOLARIS Tequila Don Leon1942 \u00e4r ett exempel p\u00e5 v\u00e5rt engagemang f\u00f6r att endast tillhandah\u00e5lla de mest robusta och noggrant utvalda eng\u00e5ngsvape-produkterna till v\u00e5r internationella kundkrets.<\/p>\n<h2 style=\"color: #1a365d; border-bottom: 2px solid #e2e8f0; padding-bottom: 10px; margin-top: 40px; font-size: 24px;\">Teknisk expertis &amp; Tekniska specifikationer<\/h2>\n<p style=\"font-size: 16px; margin-bottom: 20px;\">Att utv\u00e4rdera en enhet med en nominell kapacitet p\u00e5 30 000 bloss kr\u00e4ver en noggrann granskning av dess interna arkitektur. Den strukturella integriteten hos SOLARIS Tequila Don Leon1942 \u00e4r uppbyggd kring dess precisa m\u00e5tt p\u00e5 37 mm x 40 mm x 160 mm. Denna formfaktor \u00e4r inte ett godtyckligt designval; det \u00e4r en ber\u00e4knad volymetrisk n\u00f6dv\u00e4ndighet f\u00f6r att rymma det stora inre reservoaren och den avancerade uppladdningsbara kraftcellen utan att kompromissa med ergonomisk komfort. Enheten inneh\u00e5ller ett h\u00f6gkalibrerat Advanced Airflow System, utformat med hj\u00e4lp av principer f\u00f6r fluiddynamik f\u00f6r att minska dragmotst\u00e5ndet samtidigt som den maximala \u00e5ngdensiteten per inandning maximeras.<\/p>\n<table style=\"border-collapse: collapse; width: 100%; margin: 25px 0; background-color: #fff; border-radius: 8px; overflow: hidden;\">\n<thead>\n<tr style=\"background-color: #f8fafc; border-bottom: 2px solid #e2e8f0;\">\n<th style=\"padding: 15px; text-align: left; font-weight: 600; color: #1e293b; width: 30%;\">Teknisk parameter<\/th>\n<th style=\"padding: 15px; text-align: left; font-weight: 600; color: #1e293b; width: 70%;\">Verifierad Specifikationsdata<\/th>\n<\/tr>\n<\/thead>\n<tbody>\n<tr style=\"border-bottom: 1px solid #e2e8f0; background-color: #ffffff;\">\n<td style=\"padding: 15px; color: #475569; font-weight: 500;\">Maximal kapacitet<\/td>\n<td style=\"padding: 15px; color: #334155;\">Upp till 30 000 bloss (beroende p\u00e5 hur l\u00e4nge du drar)<\/td>\n<\/tr>\n<tr style=\"border-bottom: 1px solid #e2e8f0; background-color: #f8fafc;\">\n<td style=\"padding: 15px; color: #475569; font-weight: 500;\">Aktiv formulering<\/td>\n<td style=\"padding: 15px; color: #334155;\">2% Salt Strength Blend<\/td>\n<\/tr>\n<tr style=\"border-bottom: 1px solid #e2e8f0; background-color: #ffffff;\">\n<td style=\"padding: 15px; color: #475569; font-weight: 500;\">Enhetsm\u00e5tt<\/td>\n<td style=\"padding: 15px; color: #334155;\">37 mm \u00d7 40 mm \u00d7 160 mm<\/td>\n<\/tr>\n<tr style=\"border-bottom: 1px solid #e2e8f0; background-color: #f8fafc;\">\n<td style=\"padding: 15px; color: #475569; font-weight: 500;\">Str\u00f6mf\u00f6rs\u00f6rjning<\/td>\n<td style=\"padding: 15px; color: #334155;\">Uppladdningsbart batteri gr\u00e4nssnitt (H\u00f6geffektiv cell)<\/td>\n<\/tr>\n<tr style=\"border-bottom: 1px solid #e2e8f0; background-color: #ffffff;\">\n<td style=\"padding: 15px; color: #475569; font-weight: 500;\">Detaljpacketering<\/td>\n<td style=\"padding: 15px; color: #334155;\">10 stycken per displayf\u00f6rpackning<\/td>\n<\/tr>\n<tr style=\"border-bottom: 1px solid #e2e8f0; background-color: #f8fafc;\">\n<td style=\"padding: 15px; color: #475569; font-weight: 500;\">Huvudkartongm\u00e5tt<\/td>\n<td style=\"padding: 15px; color: #334155;\">427 mm \u00d7 395 mm \u00d7 353 mm | Totalt 200 stycken<\/td>\n<\/tr>\n<tr style=\"background-color: #ffffff;\">\n<td style=\"padding: 15px; color: #475569; font-weight: 500;\">Kartonens Bruttovikt (B.V.)<\/td>\n<td style=\"padding: 15px; color: #334155;\">21 kg per f\u00f6rpackning<\/td>\n<\/tr>\n<\/tbody>\n<\/table>\n<h2 style=\"color: #1a365d; border-bottom: 2px solid #e2e8f0; padding-bottom: 10px; margin-top: 40px; font-size: 24px;\">Empirisk testning och prestandavalidering<\/h2>\n<p style=\"font-size: 16px; margin-bottom: 20px;\">P\u00e5st\u00e5enden om 30 000 bloss kr\u00e4ver robust empirisk validering. I st\u00e4llet f\u00f6r att f\u00f6rlita sig enbart p\u00e5 teoretiska volymber\u00e4kningar har oberoende laboratorieutv\u00e4rderingar med hj\u00e4lp av automatiserade bloss-simuleringmaskiner anv\u00e4nts f\u00f6r att unders\u00f6ka de interna mekanismerna hos SOLARIS Tequila Don Leon1942. Det avancerade luftfl\u00f6dessystemet spelar en avg\u00f6rande roll f\u00f6r dessa empiriska resultat. Genom att uppr\u00e4tth\u00e5lla ett konstant, ointerrupterat luftfl\u00f6de \u00f6ver v\u00e4rmeelementet f\u00f6rhindrar enheten lokal \u00f6verhettning, som traditionellt orsakar f\u00f6rs\u00e4mring av 2% saltblandningen l\u00e5ngt innan reservoaren \u00e4r tom.<\/p>\n<p style=\"font-size: 16px; margin-bottom: 20px;\">Dessutom visar v\u00e5r tekniska granskning av den uppladdningsbara batteriets livsl\u00e4ngd en exceptionell robusthet. Eftersom en eng\u00e5ngsvape med denna kapacitet inte kan t\u00f6mma hela sitt reservoar p\u00e5 en enda laddning, reglerar str\u00f6mhanteringsmikrochippen sp\u00e4nningsfall under batteriets t\u00f6mningsfas. Detta s\u00e4kerst\u00e4ller att den 29 000:e puffningen f\u00e5r exakt samma v\u00e4rmeenergi som den 100:e puffningen. Termisk bildbehandling under stresstest bekr\u00e4ftar att enheten 37x40x160mm chassi effektivt avleder v\u00e4rme, vilket h\u00e5ller den yttre temperaturen behaglig f\u00f6r anv\u00e4ndaren samtidigt som den skyddar den interna kemiska stabiliteten hos formeln.<\/p>\n<h2 style=\"color: #1a365d; border-bottom: 2px solid #e2e8f0; padding-bottom: 10px; margin-top: 40px; font-size: 24px;\">Kurerade Sensoriska Profiler<\/h2>\n<p style=\"font-size: 16px; margin-bottom: 20px;\">F\u00f6r att tillgodose olika internationella marknader erbjuder SOLARIS Tequila Don Leon1942 ett omfattande utbud av noggrant formulerade aromer. Varje profil har konstruerats f\u00f6r att beh\u00e5lla sin strukturella integritet under hela livsl\u00e4ngden p\u00e5 30 000 bloss, vilket undviker den sensoriska avtagningen som ofta observeras i underl\u00e4gsna eng\u00e5ngsvape-produkter.<\/p>\n<div style=\"grid-template-columns: repeat(auto-fit, minmax(300px, 1fr)); gap: 15px; margin: 25px 0;\">\n<div style=\"background: #f8fafc; padding: 15px; border-radius: 6px; border-left: 4px solid #3b82f6;\">Vattenmelon Ice: En krispig, uppfriskande sommarsmak med botaniska nyanser som avslutas med en mycket kylig frostfinish.<\/div>\n<div style=\"background: #f8fafc; padding: 15px; border-radius: 6px; border-left: 4px solid #ef4444;\">2. Jordgubb Kiwi: En perfekt kalibrerad balans mellan s\u00f6t f\u00e4ltjordgubb och syrlig tropisk kiwi-extrakt.<\/div>\n<div style=\"background: #f8fafc; padding: 15px; border-radius: 6px; border-left: 4px solid #f59e0b;\">F\u00e4rsk persika: En rik, solmoggen persikaessens fr\u00e5n fruktodlingar som ger en j\u00e4mn, aromatisk botanisk profil.<\/div>\n<div style=\"background: #f8fafc; padding: 15px; border-radius: 6px; border-left: 4px solid #ec4899;\">jordgubb vattenmelon: En s\u00f6ml\u00f6s dubbelblandning som kombinerar sommarsolens vattenmelon med vilda jordgubbsnoter.<\/div>\n<div style=\"background: #f8fafc; padding: 15px; border-radius: 6px; border-left: 4px solid #8b5cf6;\">R\u00f6d persika champagne: En sofistikerad, mousserande aromatisk upplevelse i kombination med delikata r\u00f6da persika-aromer.<\/div>\n<div style=\"background: #f8fafc; padding: 15px; border-radius: 6px; border-left: 4px solid #0ea5e9;\">Blue Razz: En livlig, konfektyrlig infusion med en skarp, men s\u00f6t bl\u00e5 hallonblandning.<\/div>\n<div style=\"background: #f8fafc; padding: 15px; border-radius: 6px; border-left: 4px solid #6366f1;\">Bl\u00e5b\u00e4r Ice: Vilda skogsbl\u00e5b\u00e4r omslutna av en intensivt krispig, isig bris.<\/div>\n<div style=\"background: #f8fafc; padding: 15px; border-radius: 6px; border-left: 4px solid #8b5cf6;\">Bl\u00e5b\u00e4r, jordgubbar och hallon blandade i en rik, flerskiktig bukett av m\u00f6rka, bl\u00e5 och r\u00f6da skogsb\u00e4r.<\/div>\n<div style=\"background: #f8fafc; padding: 15px; border-radius: 6px; border-left: 4px solid #f59e0b;\">Passionsfrukt Mango: En exotisk flykt med frodig, rik mango blandad med syrliga passionsfruktsnoter.<\/div>\n<div style=\"background: #f8fafc; padding: 15px; border-radius: 6px; border-left: 4px solid #ef4444;\">10. K\u00f6rsb\u00e4r drakfrukt: En mycket unik kombination av dj\u00e4rva, intensiva k\u00f6rsb\u00e4rs essenser fr\u00e5n fruktodlingar, kombinerade med subtila undertoner av drakfrukt.<\/div>\n<\/div>\n<h2 style=\"color: #1a365d; border-bottom: 2px solid #e2e8f0; padding-bottom: 10px; margin-top: 40px; font-size: 24px;\">auktoritet och tillit i globala grossistlogistik<\/h2>\n<p style=\"font-size: 16px; margin-bottom: 20px;\">Att verka i den globala f\u00f6rs\u00f6rjningskedjan kr\u00e4ver strikt efterlevnad av internationella kommersiella standarder. Med \u00f6ver 8 \u00e5rs erfarenhet inom distributionssektorn har VapeXYZ byggt upp en tillitsbaserad grund genom operativ transparens. M\u00e4starkartongspecifikationerna f\u00f6r SOLARIS Tequila Don Leon1942 \u00e4r uttryckligen utformade f\u00f6r optimal pallplacering och frakteffektivitet. Med m\u00e5tten 427mm x 395mm x 353mm rymmer en enda kartong s\u00e4kert 200 enheter, vilket ger en bruttovikt (G.W.) p\u00e5 exakt 21KG.<\/p>\n<p style=\"font-size: 16px; margin-bottom: 20px;\">Denna noggranna uppm\u00e4rksamhet p\u00e5 dimensionell vikt och bruttovikt s\u00e4kerst\u00e4ller att kommersiella k\u00f6pare kan ber\u00e4kna internationella fraktavgifter exakt, vilket minimerar of\u00f6ruts\u00e4gbara tullf\u00f6rseningar. Dessutom tillverkas enheterna i anl\u00e4ggningar som f\u00f6ljer str\u00e4nga internationella s\u00e4kerhetsriktlinjer. 2% saltformuleringen \u00e4r placerad i livsmedelsgodk\u00e4nda, kemiskt inerta beh\u00e5llare, medan de uppladdningsbara batterisystemen har inbyggda skydd mot \u00f6verladdning och kortslutning - kritiska krav f\u00f6r storleksstorskalig import av eng\u00e5ngsvape-produkter.<\/p>\n<h2 style=\"color: #1a365d; border-bottom: 2px solid #e2e8f0; padding-bottom: 10px; margin-top: 40px; font-size: 24px;\">Marknadsj\u00e4mf\u00f6relse: H\u00f6gkapacitiva vs. Standard eng\u00e5ngsvape-apparater<\/h2>\n<div style=\"gap: 20px; flex-wrap: wrap; margin: 30px 0;\">\n<div style=\"flex: 1; min-width: 280px; background: #ffffff; border: 2px solid #3b82f6; border-radius: 12px; padding: 25px; position: relative;\">\n<div style=\"position: absolute; top: -12px; left: 20px; background: #3b82f6; color: white; padding: 4px 12px; border-radius: 20px; font-size: 14px; font-weight: bold;\">Premiumval<\/div>\n<h3 style=\"color: #1e3a8a; margin-top: 10px; font-size: 20px;\">SOLARIS Tequila Don Leon 1942<\/h3>\n<ul style=\"list-style-type: none; padding: 0; margin-top: 15px;\">\n<li style=\"margin-bottom: 10px; padding-left: 24px; position: relative;\"><span style=\"position: absolute; left: 0; color: #3b82f6;\">\u2713<\/span> Kapacitet: 30 000 bloss<\/li>\n<li style=\"margin-bottom: 10px; padding-left: 24px; position: relative;\"><span style=\"position: absolute; left: 0; color: #3b82f6;\">\u2713<\/span> Luftfl\u00f6de: Avancerat Dynamiskt Luftfl\u00f6dessystem<\/li>\n<li style=\"margin-bottom: 10px; padding-left: 24px; position: relative;\"><span style=\"position: absolute; left: 0; color: #3b82f6;\">\u2713<\/span> Reglerad uppladdningsbar effekt<\/li>\n<li style=\"margin-bottom: 10px; padding-left: 24px; position: relative;\"><span style=\"position: absolute; left: 0; color: #3b82f6;\">\u2713<\/span> Grossistpris: Optimerade 21KG \/ 200st Kartonger<\/li>\n<li style=\"margin-bottom: 10px; padding-left: 24px; position: relative;\"><span style=\"position: absolute; left: 0; color: #3b82f6;\">\u2713<\/span> L\u00e5ngvarighet: Konsistent sensorisk upplevelse fram till sista dragningen<\/li>\n<\/ul>\n<\/div>\n<div style=\"flex: 1; min-width: 280px; background: #f8fafc; border: 1px solid #cbd5e1; border-radius: 12px; padding: 25px;\">\n<h3 style=\"color: #64748b; margin-top: 10px; font-size: 20px;\">Standard vapes f\u00f6r eng\u00e5ngsbruk<\/h3>\n<ul style=\"list-style-type: none; padding: 0; margin-top: 15px; color: #64748b;\">\n<li style=\"margin-bottom: 10px; padding-left: 24px; position: relative;\"><span style=\"position: absolute; left: 0;\">\u2013<\/span> Kapacitet: Vanligtvis 5 000 \u2013 10 000 bloss<\/li>\n<li style=\"margin-bottom: 10px; padding-left: 24px; position: relative;\"><span style=\"position: absolute; left: 0;\">\u2013<\/span> Luftfl\u00f6de: Statiskt, okalibrerat motst\u00e5nd<\/li>\n<li style=\"margin-bottom: 10px; padding-left: 24px; position: relative;\"><span style=\"position: absolute; left: 0;\">\u2013<\/span> Effekt: Eng\u00e5ngs- eller standardcell utan reglering<\/li>\n<li style=\"margin-bottom: 10px; padding-left: 24px; position: relative;\"><span style=\"position: absolute; left: 0;\">\u2013<\/span> Grossistpris: Frekvent p\u00e5fyllning kr\u00e4vs, h\u00f6gre fraktandel<\/li>\n<li style=\"margin-bottom: 10px; padding-left: 24px; position: relative;\"><span style=\"position: absolute; left: 0;\">\u2013<\/span> L\u00e5ngvarighet: M\u00e4rkbart prestandafall vid l\u00e4gre batteriniv\u00e5er<\/li>\n<\/ul>\n<\/div>\n<\/div>\n<div style=\"background-color: #f0fdf4; border: 1px solid #bbf7d0; border-left: 6px solid #22c55e; padding: 25px; margin: 40px 0; border-radius: 8px;\">\n<h3 style=\"color: #166534; margin-top: 0; font-size: 20px; align-items: center; gap: 10px;\"><span style=\"font-size: 24px;\">\ud83d\udca1<\/span> Viktig kunskapspunkt: Underh\u00e5ll av uppladdningsbara batterier<\/h3>\n<p style=\"color: #15803d; margin-bottom: 0; font-size: 15px; line-height: 1.7;\">N\u00e4r du anv\u00e4nder h\u00f6gkapacitiva eng\u00e5ngsvape-produkter som SOLARIS med 30 000 puffs, \u00e4r det viktigt att f\u00f6rst\u00e5 batterikemin f\u00f6r en optimal upplevelse. Den integrerade uppladdningsbara cellen anv\u00e4nder en litiumjon-arkitektur. F\u00f6r att bevara integriteten hos de interna komponenterna och s\u00e4kerst\u00e4lla att det avancerade luftfl\u00f6dessystemet fungerar med maximal effektivitet, laddar du alltid enheten med standardstr\u00f6m (vanligtvis 1A eller 0,5A) via Type-C-porten. Undvik h\u00f6gsp\u00e4nningsladdare med snabb laddning som \u00e4r konstruerade f\u00f6r b\u00e4rbara datorer eller surfplattor, eftersom \u00f6verdriven v\u00e4rmeackumulering under laddning kan p\u00e5verka den k\u00e4nsliga 2%-saltformuleringen som lagras i det intilliggande reservoaret negativt. Koppla ur enheten omedelbart n\u00e4r den \u00e4r fulladdad f\u00f6r att f\u00f6rl\u00e4nga mikrokontrollerns livsl\u00e4ngd under de veckor som enheten erbjuder.<\/p>\n<\/div>\n<h2 style=\"color: #1a365d; border-bottom: 2px solid #e2e8f0; padding-bottom: 10px; margin-top: 40px; font-size: 24px;\">Viktiga punkter &amp; Vanliga kommersiella fr\u00e5gor<\/h2>\n<div style=\"margin-top: 25px; flex-direction: column; gap: 15px;\">\n<div style=\"border: 1px solid #e2e8f0; border-radius: 8px; padding: 20px; background: #ffffff;\">\n<h3 style=\"margin: 0 0 10px 0; color: #0f172a; font-size: 18px;\">Vilka logistiska f\u00f6rdelar finns det med 21KG-kartongspecifikationen?<\/h3>\n<p style=\"margin: 0; color: #475569; font-size: 15px;\">F\u00f6r grossistklienter som anv\u00e4nder VapeXYZ \u00e4r frakteffektivitet avg\u00f6rande f\u00f6r vinstmarginalerna. Kartongstorleken 427*395*353mm med en bruttovikt p\u00e5 21KG f\u00f6r 200 enheter passar perfekt in i standardglobala kurirniv\u00e5er (s\u00e5som DHL eller FedEx). Detta f\u00f6rhindrar kostsamma \u201c\u00f6versized\u201d eller \u201cvolymetriska vikt\u201d -straff, vilket s\u00e4kerst\u00e4ller att du f\u00e5r den l\u00e4gsta m\u00f6jliga fraktraten per enhet f\u00f6r din lager av eng\u00e5ngsvape-produkter.<\/p>\n<\/div>\n<div style=\"border: 1px solid #e2e8f0; border-radius: 8px; padding: 20px; background: #ffffff;\">\n<h3 style=\"margin: 0 0 10px 0; color: #0f172a; font-size: 18px;\">Hur f\u00f6rb\u00e4ttrar det avancerade luftfl\u00f6dessystemet enheten?<\/h3>\n<p style=\"margin: 0; color: #475569; font-size: 15px;\">Empiriska ingenj\u00f6rsbed\u00f6mningar visar att traditionella eng\u00e5ngsvapes ofta lider av inkonsekvent dragtryck, vilket leder till torra hits eller ofullst\u00e4ndig f\u00f6r\u00e5ngning. SOLARIS Tequila Don Leon1942:s Avancerade Luftfl\u00f6dessystem kanalisera luft exakt \u00f6ver den interna meshmatrisen. Denna termodynamiska optimering s\u00e4kerst\u00e4ller att vart och ett av de 30 000 puffarna beh\u00e5ller exakt \u00e5ngdensitet och sensorisk trohet.<\/p>\n<\/div>\n<div style=\"border: 1px solid #e2e8f0; border-radius: 8px; padding: 20px; background: #ffffff;\">\n<h3 style=\"margin: 0 0 10px 0; color: #0f172a; font-size: 18px;\">Kan sm\u00e5 detaljhandelsbutiker dra nytta av VapeXYZ grossistpriser?<\/h3>\n<p style=\"margin: 0; color: #475569; font-size: 15px;\">Med \u00f6ver 8 \u00e5rs erfarenhet av branschen f\u00f6rst\u00e5r VapeXYZ behoven hos oberoende \u00e5terf\u00f6rs\u00e4ljare. V\u00e5r minsta best\u00e4llningskvantitet (MOQ) \u00e4r strikt satt till endast 10 enheter. Detta demokratiserar tillg\u00e5ngen och m\u00f6jligg\u00f6r f\u00f6r mindre butiker att prova SOLARIS Tequila Don Leon1942 utan att beh\u00f6va investera stora kapital fr\u00e5n b\u00f6rjan, samtidigt som de kan dra nytta av priser direkt fr\u00e5n distribut\u00f6ren.<\/p>\n<\/div>\n<div style=\"border: 1px solid #e2e8f0; border-radius: 8px; padding: 20px; background: #ffffff;\">\n<h3 style=\"margin: 0 0 10px 0; color: #0f172a; font-size: 18px;\">Hur s\u00e4kerst\u00e4lls enhetsstabiliteten under l\u00e5ngvarig anv\u00e4ndning?<\/h3>\n<p style=\"margin: 0; color: #475569; font-size: 15px;\">H\u00f6lje som r\u00e4cker till f\u00f6r 30 000 bloss kr\u00e4ver industriell tillverkning. Chassit p\u00e5 37x40x160mm \u00e4r tillverkat av h\u00f6gh\u00e5llfast, st\u00f6tbest\u00e4ndig polykarbonat. Laboratorietester f\u00f6r fall och simuleringar av termisk stress bekr\u00e4ftar att den yttre skalet framg\u00e5ngsrikt skyddar den interna kretsningen och 2% salt-reservoaren fr\u00e5n vardagliga st\u00f6tar, fall och temperaturfluktuationer.<\/p>\n<\/div>\n<\/div>\n<p style=\"font-size: 16px; margin-top: 40px; padding-top: 20px; border-top: 1px solid #e2e8f0; text-align: center; color: #64748b;\"><em>Partnera med VapeXYZ idag och dra nytta av v\u00e5r 8+ \u00e5rs erfarenhet inom leveranskedjan f\u00f6r att s\u00e4kra din lagerstock av de branschledande SOLARIS Tequila Don Leon1942 Disposable Vapes. O\u00f6vertr\u00e4ffad kapacitet, obestridlig ingenj\u00f6rsskicklighet.<\/em><\/p>\n<p><img loading=\"lazy\" decoding=\"async\" class=\"size-full wp-image-69946 aligncenter\" src=\"https:\/\/vapexyz.com\/wp-content\/uploads\/2026\/03\/SOLARIS-Tequila-Don-Leon1942-30000-Puffs-Disposable-Vapes-Wholesale-Bulk-Buy-Advanced-Airflow-System-Rechargeable-Battery-1.webp\" alt=\"SOLARIS Tequila Don Leon1942 30 000 Puffs Eng\u00e5ngsvape f\u00f6r grossist och bulkk\u00f6p - Avancerat luftfl\u00f6dessystem med uppladdningsbar batteri\" width=\"2048\" height=\"2048\" title=\"\" srcset=\"https:\/\/vapexyz.com\/wp-content\/uploads\/2026\/03\/SOLARIS-Tequila-Don-Leon1942-30000-Puffs-Disposable-Vapes-Wholesale-Bulk-Buy-Advanced-Airflow-System-Rechargeable-Battery-1.webp 2048w, https:\/\/vapexyz.com\/wp-content\/uploads\/2026\/03\/SOLARIS-Tequila-Don-Leon1942-30000-Puffs-Disposable-Vapes-Wholesale-Bulk-Buy-Advanced-Airflow-System-Rechargeable-Battery-1-500x500.webp 500w, https:\/\/vapexyz.com\/wp-content\/uploads\/2026\/03\/SOLARIS-Tequila-Don-Leon1942-30000-Puffs-Disposable-Vapes-Wholesale-Bulk-Buy-Advanced-Airflow-System-Rechargeable-Battery-1-1024x1024.webp 1024w, https:\/\/vapexyz.com\/wp-content\/uploads\/2026\/03\/SOLARIS-Tequila-Don-Leon1942-30000-Puffs-Disposable-Vapes-Wholesale-Bulk-Buy-Advanced-Airflow-System-Rechargeable-Battery-1-300x300.webp 300w, https:\/\/vapexyz.com\/wp-content\/uploads\/2026\/03\/SOLARIS-Tequila-Don-Leon1942-30000-Puffs-Disposable-Vapes-Wholesale-Bulk-Buy-Advanced-Airflow-System-Rechargeable-Battery-1-768x768.webp 768w, https:\/\/vapexyz.com\/wp-content\/uploads\/2026\/03\/SOLARIS-Tequila-Don-Leon1942-30000-Puffs-Disposable-Vapes-Wholesale-Bulk-Buy-Advanced-Airflow-System-Rechargeable-Battery-1-1536x1536.webp 1536w, https:\/\/vapexyz.com\/wp-content\/uploads\/2026\/03\/SOLARIS-Tequila-Don-Leon1942-30000-Puffs-Disposable-Vapes-Wholesale-Bulk-Buy-Advanced-Airflow-System-Rechargeable-Battery-1-12x12.webp 12w, https:\/\/vapexyz.com\/wp-content\/uploads\/2026\/03\/SOLARIS-Tequila-Don-Leon1942-30000-Puffs-Disposable-Vapes-Wholesale-Bulk-Buy-Advanced-Airflow-System-Rechargeable-Battery-1-247x247.webp 247w, https:\/\/vapexyz.com\/wp-content\/uploads\/2026\/03\/SOLARIS-Tequila-Don-Leon1942-30000-Puffs-Disposable-Vapes-Wholesale-Bulk-Buy-Advanced-Airflow-System-Rechargeable-Battery-1-510x510.webp 510w, https:\/\/vapexyz.com\/wp-content\/uploads\/2026\/03\/SOLARIS-Tequila-Don-Leon1942-30000-Puffs-Disposable-Vapes-Wholesale-Bulk-Buy-Advanced-Airflow-System-Rechargeable-Battery-1-100x100.webp 100w\" sizes=\"auto, (max-width: 2048px) 100vw, 2048px\" \/><\/p>\n<\/article>","protected":false},"excerpt":{"rendered":"<p>Utvecklad f\u00f6r l\u00e5ngvarig prestanda och optimalt grossistf\u00f6rs\u00e4ljning, kombinerar SOLARIS Tequila Don Leon1942 30000 Puffs Disposable Vape en robust uppladdningsbar batteri med ett Avancerat Luftfl\u00f6dessystem f\u00f6r att leverera o\u00f6vertr\u00e4ffad l\u00e5ngvarighet och konsekventa botaniska profiler fr\u00e5n f\u00f6rsta till sista drag.<\/p>","protected":false},"featured_media":69955,"comment_status":"open","ping_status":"closed","template":"","meta":{"_lmt_disableupdate":"no","_lmt_disable":""},"product_brand":[],"product_cat":[1097,996,947,935,934,927,929,928,930,933,939,932,938,931,936,937,1017,1092,946,950,951,953,820,987],"product_tag":[],"class_list":{"0":"post-69944","1":"product","2":"type-product","3":"status-publish","4":"has-post-thumbnail","6":"product_cat-solaris-disposable-vapes","7":"product_cat-30000-puff-vapes","8":"product_cat-big-puffs-vapes","9":"product_cat-bulk-buy-disposable-vapes-in-austria","10":"product_cat-bulk-buy-disposable-vapes-in-belgium","11":"product_cat-bulk-buy-disposable-vapes-in-europe","12":"product_cat-bulk-buy-disposable-vapes-in-france","13":"product_cat-bulk-buy-disposable-vapes-in-germany","14":"product_cat-bulk-buy-disposable-vapes-in-italy","15":"product_cat-bulk-buy-disposable-vapes-in-netherlands","16":"product_cat-bulk-buy-disposable-vapes-in-norway","17":"product_cat-bulk-buy-disposable-vapes-in-poland","18":"product_cat-bulk-buy-disposable-vapes-in-portugal","19":"product_cat-bulk-buy-disposable-vapes-in-spain","20":"product_cat-bulk-buy-disposable-vapes-in-sweden","21":"product_cat-bulk-buy-disposable-vapes-in-switzerland","22":"product_cat-buy-best-disposable-vape-flavors","23":"product_cat-disposable-vape-variety-pack","24":"product_cat-disposable-vapes-series","25":"product_cat-dual-mesh-vapes","26":"product_cat-lower-nicotine-vapes","27":"product_cat-rechargeable-vapes","28":"product_cat-vape","29":"product_cat-vape-shop-by-puffs","31":"first","32":"instock","33":"shipping-taxable","34":"purchasable","35":"product-type-variable","36":"has-default-attributes"},"jetpack_sharing_enabled":true,"tiered_pricing_type":"fixed","tiered_pricing_fixed_rules":[],"tiered_pricing_product_settings":{"layout":"default","base_unit_name":{"singular":null,"plural":null},"default_variation":null},"tiered_pricing_minimum_quantity":null,"tiered_pricing_roles_data":[],"tiered_pricing_percentage_rules":[],"tiered_pricing_maximum_quantity":null,"tiered_pricing_quantity_step":null,"_links":{"self":[{"href":"https:\/\/vapexyz.com\/sv\/wp-json\/wp\/v2\/product\/69944","targetHints":{"allow":["GET"]}}],"collection":[{"href":"https:\/\/vapexyz.com\/sv\/wp-json\/wp\/v2\/product"}],"about":[{"href":"https:\/\/vapexyz.com\/sv\/wp-json\/wp\/v2\/types\/product"}],"replies":[{"embeddable":true,"href":"https:\/\/vapexyz.com\/sv\/wp-json\/wp\/v2\/comments?post=69944"}],"wp:featuredmedia":[{"embeddable":true,"href":"https:\/\/vapexyz.com\/sv\/wp-json\/wp\/v2\/media\/69955"}],"wp:attachment":[{"href":"https:\/\/vapexyz.com\/sv\/wp-json\/wp\/v2\/media?parent=69944"}],"wp:term":[{"taxonomy":"product_brand","embeddable":true,"href":"https:\/\/vapexyz.com\/sv\/wp-json\/wp\/v2\/product_brand?post=69944"},{"taxonomy":"product_cat","embeddable":true,"href":"https:\/\/vapexyz.com\/sv\/wp-json\/wp\/v2\/product_cat?post=69944"},{"taxonomy":"product_tag","embeddable":true,"href":"https:\/\/vapexyz.com\/sv\/wp-json\/wp\/v2\/product_tag?post=69944"}],"curies":[{"name":"wp","href":"https:\/\/api.w.org\/{rel}","templated":true}]}}