{"id":69449,"date":"2026-03-13T09:51:34","date_gmt":"2026-03-13T09:51:34","guid":{"rendered":"https:\/\/vapexyz.com\/?post_type=product&#038;p=69449"},"modified":"2026-03-15T14:52:55","modified_gmt":"2026-03-15T14:52:55","slug":"aivono-avn-mate-120000-puffar-engangsvape-2-i-1-smak-grossist-bulkkop-120k-smart-skarm","status":"publish","type":"product","link":"https:\/\/vapexyz.com\/sv\/product\/aivono-avn-mate-120000-puffs-disposable-vapes-2-in-1-taste-wholesale-bulk-buy-120k-smart-screen\/","title":{"rendered":"AIVONO AVN MATE 120000 Puffs Eng\u00e5ngs Vapes 2-i-1 Smak Grossist Bulk K\u00f6p 120K Smart Sk\u00e4rm"},"content":{"rendered":"<article>\n<h2 style=\"color: #6c5ce7;text-align: center;font-family: 'Segoe UI', sans-serif\">\ud83c\udfae <a href=\"https:\/\/vapexyz.com\/sv\/produktkategori\/aivono\/\">AIVONO AVN MATE<\/a> 120 000 Puffs: Bossniv\u00e5n f\u00f6r eng\u00e5ngsvape<\/h2>\n<p>Hej d\u00e4r, j\u00e4gare efter h\u00f6ga po\u00e4ng! \u00c4r du tr\u00f6tt p\u00e5 att din utrustning tar slut p\u00e5 batteri precis n\u00e4r roligt b\u00f6rjar? F\u00f6rbered dig p\u00e5 AIVONO AVN MATE 120K - den mest kraftfulla eng\u00e5ngsvape som n\u00e5gonsin byggts! Med massiva 120 000 bloss, \u00e4r det som att ha en \u201cfuskkod\u201d f\u00f6r o\u00e4ndligt n\u00f6je.<\/p>\n<div>\n<p>P\u00e5 VapeXYZ fokuserar vi p\u00e5 att tillhandah\u00e5lla avancerad disponibel vape-teknik f\u00f6r grossister \u00f6ver hela Europa. V\u00e5rt m\u00e5l \u00e4r att erbjuda enheter med h\u00f6g kapacitet till konkurrenskraftiga priser s\u00e5 att \u00e5terf\u00f6rs\u00e4ljare kan f\u00e5 tillg\u00e5ng till tillf\u00f6rlitliga och popul\u00e4ra produkter f\u00f6r sina kunder.<\/p>\n<h3>L\u00e5gniv\u00e5enheter<\/h3>\n<p>Traditionella eng\u00e5ngsvape-enheter har vanligtvis begr\u00e4nsad kapacitet och erbjuder endast ett enda smakalternativ. M\u00e5nga grundmodeller inkluderar inte en sk\u00e4rm f\u00f6r att visa batteri- eller anv\u00e4ndningsinformation, och deras mindre batterier kr\u00e4ver ofta frekvent uppladdning.<\/p>\n<h3>AVN MATE Effekt<\/h3>\n<p>AVN MATE Power erbjuder en betydligt st\u00f6rre kapacitet med upp till 120 000 bloss, vilket g\u00f6r den l\u00e4mplig f\u00f6r l\u00e5ngvarig anv\u00e4ndning. Den har ett tv\u00e5alternativs-system som l\u00e5ter anv\u00e4ndare v\u00e4xla mellan olika alternativ enkelt. Enheten inkluderar ocks\u00e5 en smart HD-sk\u00e4rm f\u00f6r att visa statusinformation och drivs av ett 1000mAh batteri f\u00f6r ut\u00f6kat prestanda.<\/p>\n<\/div>\n<h3 style=\"color: #2d3436;border-bottom: 4px solid #6c5ce7;padding-bottom: 5px\">Supertekniska funktioner<\/h3>\n<p>AIVONO AVN MATE 120000 \u00e4r byggt f\u00f6r vinnare. Det har ett Dual Mesh Coil-system som g\u00f6r varje moln tjockt, j\u00e4mnt och fullt av sp\u00e4nning. Men den coolaste delen? HD Smart Display! Det ser ut som en liten rymdskeppsinstrumentpanel som visar dig exakt hur mycket batteri och kapacitet du har kvar. Inga fler \"game over\"-sk\u00e4rmar!<\/p>\n<div style=\"background: linear-gradient(135deg, #6c5ce7, #a29bfe);color: white;border-radius: 15px;padding: 20px;margin: 25px 0\">\n<h4 style=\"margin-top: 0;font-size: 1.2em\">\u2b50 \u201cDouble-Play\u201d-hemligheten<\/h4>\n<p style=\"margin-bottom: 0\"><span style=\"color: #00ffff\">Varf\u00f6r n\u00f6ja sig med en n\u00e4r du kan ha tv\u00e5? Denna eng\u00e5ngsvape l\u00e5ter dig v\u00e4xla mellan tv\u00e5 olika alternativ med ett enda klick. Den \u00e4r perfekt f\u00f6r fans av bulkk\u00f6p som vill ha variation utan att beh\u00f6va b\u00e4ra tio olika saker. Skaffa din hos VapeXYZ idag!<\/span><\/p>\n<\/div>\n<h3 style=\"color: #2d3436\">V\u00e4lj Dina Vinnande Alternativpar<\/h3>\n<p>Kolla in dessa 10 legendariska kombinationer. Var och en \u00e4r en dubbelvinst:<\/p>\n<ol style=\"line-height: 1.9;font-weight: 500\">\n<li>CHERRY COLA + VATTERMELON IS: Brusande s\u00f6t l\u00e4sk m\u00f6ter en frusen melon v\u00e5g.<\/li>\n<li>KIWI PASSIONFRUKT GUAVA + BL\u00c5B\u00c4RS ICE: En tropisk explosion och en kall bl\u00e5b\u00e4rsblast.<\/li>\n<li>Regnb\u00e5gsgodis + Mr. Blue: Sockerska godisdr\u00f6mmar f\u00f6ljda av djup bl\u00e5 b\u00e4rmagi.<\/li>\n<li>ENERGIDRINK + TRIPPEL MANGO: En total energikick och en tredubbel dos solsopt mango.<\/li>\n<li>JORDGUBBS-BANAN + ROSA CITRON: Kr\u00e4mig fruktgodhet och en kryddig, syrlig citruskick.<\/li>\n<li>BL\u00c5B\u00c4R HALLON + CITRON MYNTA: En b\u00e4r-dubbelslag med en superfrisk mintig finish.<\/li>\n<li>JORDGUBBSVATTERMELON + ANANASIS: Det ultimata sommar-duon och en skarp, isig ananas.<\/li>\n<li>ANANAS ORANGE LIME + MYNTA: En citrusfest f\u00f6r dina sinnen och en sval, ren bris.<\/li>\n<li>Citron Lime + Druv Is: Ljus syrlig gnista och en s\u00f6t, frusen lila druva.<\/li>\n<li>GUMMYBJ\u00d6RNAR + BLANDADE B\u00c4R: Tuggig godisgl\u00e4dje och en skog full av s\u00f6tade b\u00e4r.<\/li>\n<\/ol>\n<h3 style=\"color: #2d3436\">Specifikationsbladet (Specifikationer)<\/h3>\n<table style=\"width: 100%;border-collapse: separate;border-spacing: 0;margin: 20px 0;border: 2px solid #6c5ce7;border-radius: 10px;overflow: hidden\">\n<thead>\n<tr style=\"background-color: #6c5ce7;color: white\">\n<th style=\"padding: 15px;text-align: left\">Power-Up<\/th>\n<th style=\"padding: 15px;text-align: left\">F\u00f6rm\u00e5ganiv\u00e5<\/th>\n<\/tr>\n<\/thead>\n<tbody>\n<tr>\n<td style=\"padding: 12px;border-bottom: 1px solid #eee;font-weight: bold\">Totala puffar<\/td>\n<td style=\"padding: 12px;border-bottom: 1px solid #eee\">120 000 (Max kapacitet)<\/td>\n<\/tr>\n<tr style=\"background-color: #f9f9fb\">\n<td style=\"padding: 12px;border-bottom: 1px solid #eee;font-weight: bold\">Br\u00e4nslekapacitet<\/td>\n<td style=\"padding: 12px;border-bottom: 1px solid #eee\">28ml (Enorm reserv)<\/td>\n<\/tr>\n<tr>\n<td style=\"padding: 12px;border-bottom: 1px solid #eee;font-weight: bold\">Batteri-liv<\/td>\n<td style=\"padding: 12px;border-bottom: 1px solid #eee\">1000mAh (uppladdningsbar)<\/td>\n<\/tr>\n<tr style=\"background-color: #f9f9fb\">\n<td style=\"padding: 12px;border-bottom: 1px solid #eee;font-weight: bold\">Laddningsport<\/td>\n<td style=\"padding: 12px;border-bottom: 1px solid #eee\">Typ-C h\u00f6g hastighet<\/td>\n<\/tr>\n<tr>\n<td style=\"padding: 12px;font-weight: bold\">Luftkontroll<\/td>\n<td style=\"padding: 12px\">Justerbar Luftfl\u00f6desring<\/td>\n<\/tr>\n<\/tbody>\n<\/table>\n<h3 style=\"color: #2d3436\">Spelarst\u00f6d (FAQ)<\/h3>\n<div style=\"background-color: #dfe6e9;border-radius: 15px;padding: 20px;border: 2px solid #b2bec3\">\n<div style=\"margin-bottom: 15px;background: white;padding: 15px;border-radius: 10px;border-left: 5px solid #00cec9\">\n<p style=\"font-weight: bold;color: #2d3436;margin-bottom: 5px\">Hur l\u00e5ng tid varar det egentligen?<\/p>\n<p style=\"margin: 0\">Med 120 000 bloss, \u00e4r denna eng\u00e5ngsvape utformad f\u00f6r att h\u00e5lla m\u00e5nga g\u00e5nger l\u00e4ngre \u00e4n vanliga s\u00e5dana. Det \u00e4r den ultimata l\u00e5ngdistansl\u00f6paren!<\/p>\n<\/div>\n<div style=\"margin-bottom: 15px;background: white;padding: 15px;border-radius: 10px;border-left: 5px solid #00cec9\">\n<p style=\"font-weight: bold;color: #2d3436;margin-bottom: 5px\">Kan jag best\u00e4lla dessa i bulk?<\/p>\n<p style=\"margin: 0\">Absolut! VapeXYZ \u00e4r den #1 grossistplattformen i Europa. Vi \u00e4lskar att hj\u00e4lpa butiks\u00e4gare och bulkk\u00f6pare att f\u00e5 de b\u00e4sta erbjudandena p\u00e5 eng\u00e5ngsvape-produkter.<\/p>\n<\/div>\n<div style=\"background: white;padding: 15px;border-radius: 10px;border-left: 5px solid #00cec9\">\n<p style=\"font-weight: bold;color: #2d3436;margin-bottom: 5px\">\u00c4r sk\u00e4rmen l\u00e4tt att l\u00e4sa?<\/p>\n<p style=\"margin: 0\">Ja! HD-sk\u00e4rmen \u00e4r ljus och tydlig, s\u00e5 du vet alltid exakt n\u00e4r du ska ladda med din Type-C-kabel.<\/p>\n<\/div>\n<\/div>\n<p style=\"text-align: center;margin-top: 40px;font-size: 1.3em;font-weight: bold;color: #6c5ce7\">F\u00f6rh\u00f6j din upplevelse! Bes\u00f6k <a href=\"https:\/\/vapexyz.com\/sv\/\"><span style=\"text-decoration: underline\">VapeXYZ<\/span><\/a> Nu f\u00f6r de b\u00e4sta grossistpriserna p\u00e5 AIVONO AVN MATE 120K!<\/p>\n<\/article>\n<p>&nbsp;<\/p>\n<p><img loading=\"lazy\" decoding=\"async\" class=\"aligncenter wp-image-69548 size-full\" src=\"https:\/\/vapexyz.com\/wp-content\/uploads\/2026\/03\/AIVONO-AVN-MATE-120000-Puffs-Disposable-Vapes-2-In-1-Taste-Wholesale-Bulk-Buy-120K-Smart-Screen-scaled.webp\" alt=\"AIVONO AVN MATE 120000 Puffs Eng\u00e5ngs Vapes 2-i-1 Smak Grossist Bulk K\u00f6p 120K Smart Sk\u00e4rm\" width=\"1380\" height=\"2560\" title=\"\" srcset=\"https:\/\/vapexyz.com\/wp-content\/uploads\/2026\/03\/AIVONO-AVN-MATE-120000-Puffs-Disposable-Vapes-2-In-1-Taste-Wholesale-Bulk-Buy-120K-Smart-Screen-scaled.webp 1380w, https:\/\/vapexyz.com\/wp-content\/uploads\/2026\/03\/AIVONO-AVN-MATE-120000-Puffs-Disposable-Vapes-2-In-1-Taste-Wholesale-Bulk-Buy-120K-Smart-Screen-269x500.webp 269w, https:\/\/vapexyz.com\/wp-content\/uploads\/2026\/03\/AIVONO-AVN-MATE-120000-Puffs-Disposable-Vapes-2-In-1-Taste-Wholesale-Bulk-Buy-120K-Smart-Screen-552x1024.webp 552w, https:\/\/vapexyz.com\/wp-content\/uploads\/2026\/03\/AIVONO-AVN-MATE-120000-Puffs-Disposable-Vapes-2-In-1-Taste-Wholesale-Bulk-Buy-120K-Smart-Screen-768x1425.webp 768w, https:\/\/vapexyz.com\/wp-content\/uploads\/2026\/03\/AIVONO-AVN-MATE-120000-Puffs-Disposable-Vapes-2-In-1-Taste-Wholesale-Bulk-Buy-120K-Smart-Screen-828x1536.webp 828w, https:\/\/vapexyz.com\/wp-content\/uploads\/2026\/03\/AIVONO-AVN-MATE-120000-Puffs-Disposable-Vapes-2-In-1-Taste-Wholesale-Bulk-Buy-120K-Smart-Screen-1104x2048.webp 1104w, https:\/\/vapexyz.com\/wp-content\/uploads\/2026\/03\/AIVONO-AVN-MATE-120000-Puffs-Disposable-Vapes-2-In-1-Taste-Wholesale-Bulk-Buy-120K-Smart-Screen-6x12.webp 6w, https:\/\/vapexyz.com\/wp-content\/uploads\/2026\/03\/AIVONO-AVN-MATE-120000-Puffs-Disposable-Vapes-2-In-1-Taste-Wholesale-Bulk-Buy-120K-Smart-Screen-510x946.webp 510w\" sizes=\"auto, (max-width: 1380px) 100vw, 1380px\" \/><\/p>","protected":false},"excerpt":{"rendered":"<div id=\"model-response-message-contentr_cfe23e6a8f768e3b\" class=\"markdown markdown-main-panel tutor-markdown-rendering stronger enable-updated-hr-color\" dir=\"ltr\" aria-live=\"polite\">\n<p data-path-to-node=\"0\">Upplev den ultimata livsl\u00e4ngden med AIVONO AVN MATE 120000 Puffs, en kraftfull eng\u00e5ngsvape med en tv\u00e5alternativ smakv\u00e4xlare och en HD-smartsk\u00e4rm, tillg\u00e4nglig nu f\u00f6r grossistk\u00f6p i bulk p\u00e5 VapeXYZ.<\/p>\n<\/div>","protected":false},"featured_media":69560,"comment_status":"open","ping_status":"closed","template":"","meta":{"_lmt_disableupdate":"no","_lmt_disable":""},"product_brand":[],"product_cat":[944,1087,947,935,934,927,929,928,930,933,939,932,938,931,936,937,1017,949,946,1083,950,951,953,820,987],"product_tag":[],"class_list":{"0":"post-69449","1":"product","2":"type-product","3":"status-publish","4":"has-post-thumbnail","6":"product_cat-aivono","7":"product_cat-120000-puff-vapes","8":"product_cat-big-puffs-vapes","9":"product_cat-bulk-buy-disposable-vapes-in-austria","10":"product_cat-bulk-buy-disposable-vapes-in-belgium","11":"product_cat-bulk-buy-disposable-vapes-in-europe","12":"product_cat-bulk-buy-disposable-vapes-in-france","13":"product_cat-bulk-buy-disposable-vapes-in-germany","14":"product_cat-bulk-buy-disposable-vapes-in-italy","15":"product_cat-bulk-buy-disposable-vapes-in-netherlands","16":"product_cat-bulk-buy-disposable-vapes-in-norway","17":"product_cat-bulk-buy-disposable-vapes-in-poland","18":"product_cat-bulk-buy-disposable-vapes-in-portugal","19":"product_cat-bulk-buy-disposable-vapes-in-spain","20":"product_cat-bulk-buy-disposable-vapes-in-sweden","21":"product_cat-bulk-buy-disposable-vapes-in-switzerland","22":"product_cat-buy-best-disposable-vape-flavors","23":"product_cat-digital-box-vapes","24":"product_cat-disposable-vapes-series","25":"product_cat-double-flavor-vapes","26":"product_cat-dual-mesh-vapes","27":"product_cat-lower-nicotine-vapes","28":"product_cat-rechargeable-vapes","29":"product_cat-vape","30":"product_cat-vape-shop-by-puffs","32":"first","33":"instock","34":"shipping-taxable","35":"purchasable","36":"product-type-variable","37":"has-default-attributes"},"jetpack_sharing_enabled":true,"tiered_pricing_type":"fixed","tiered_pricing_fixed_rules":[],"tiered_pricing_product_settings":{"layout":"default","base_unit_name":{"singular":null,"plural":null},"default_variation":null},"tiered_pricing_minimum_quantity":null,"tiered_pricing_roles_data":[],"tiered_pricing_percentage_rules":[],"tiered_pricing_maximum_quantity":null,"tiered_pricing_quantity_step":null,"_links":{"self":[{"href":"https:\/\/vapexyz.com\/sv\/wp-json\/wp\/v2\/product\/69449","targetHints":{"allow":["GET"]}}],"collection":[{"href":"https:\/\/vapexyz.com\/sv\/wp-json\/wp\/v2\/product"}],"about":[{"href":"https:\/\/vapexyz.com\/sv\/wp-json\/wp\/v2\/types\/product"}],"replies":[{"embeddable":true,"href":"https:\/\/vapexyz.com\/sv\/wp-json\/wp\/v2\/comments?post=69449"}],"wp:featuredmedia":[{"embeddable":true,"href":"https:\/\/vapexyz.com\/sv\/wp-json\/wp\/v2\/media\/69560"}],"wp:attachment":[{"href":"https:\/\/vapexyz.com\/sv\/wp-json\/wp\/v2\/media?parent=69449"}],"wp:term":[{"taxonomy":"product_brand","embeddable":true,"href":"https:\/\/vapexyz.com\/sv\/wp-json\/wp\/v2\/product_brand?post=69449"},{"taxonomy":"product_cat","embeddable":true,"href":"https:\/\/vapexyz.com\/sv\/wp-json\/wp\/v2\/product_cat?post=69449"},{"taxonomy":"product_tag","embeddable":true,"href":"https:\/\/vapexyz.com\/sv\/wp-json\/wp\/v2\/product_tag?post=69449"}],"curies":[{"name":"wp","href":"https:\/\/api.w.org\/{rel}","templated":true}]}}