{"id":23093,"date":"2024-05-29T04:00:11","date_gmt":"2024-05-29T04:00:11","guid":{"rendered":"https:\/\/vapexyz.com\/?post_type=product&#038;p=23093"},"modified":"2026-03-03T15:17:33","modified_gmt":"2026-03-03T15:17:33","slug":"bang-box-vape-rocket-18000-puffar-led-display-skarm-0-2-3-5-nikotin-bulk-kopa-engangs-vapes-grossist","status":"publish","type":"product","link":"https:\/\/vapexyz.com\/sv\/product\/bang-box-vape-rocket-18000-puffs-led-display-screen-0-2-3-5-nicotine-bulk-buy-disposable-vapes-wholesale\/","title":{"rendered":"Bang Box Vape Rocket 18000 Puffar LED Display Sk\u00e4rm Bulk K\u00f6p Eng\u00e5ngs Vapes Grossist"},"content":{"rendered":"<article style=\"font-family: 'Segoe UI', Roboto, Helvetica, Arial, sans-serif; line-height: 1.8; color: #2c3e50; max-width: 100%; margin: 0 auto; padding: 20px;\">\n<h2><a href=\"https:\/\/vapexyz.com\/wp-content\/uploads\/2024\/05\/Bang-Box-Vape-Rocket-18000-Puffs-7.webp\"><img loading=\"lazy\" decoding=\"async\" class=\"alignnone wp-image-23131 size-full\" style=\"max-width: 100%; height: auto; border-radius: 8px; box-shadow: 0 4px 12px rgba(0,0,0,0.1);\" src=\"https:\/\/vapexyz.com\/wp-content\/uploads\/2024\/05\/Bang-Box-Vape-Rocket-18000-Puffs-7.webp\" alt=\"Bang Box Vape Rocket 18000 puffar\" width=\"936\" height=\"936\" title=\"\" srcset=\"https:\/\/vapexyz.com\/wp-content\/uploads\/2024\/05\/Bang-Box-Vape-Rocket-18000-Puffs-7.webp 936w, https:\/\/vapexyz.com\/wp-content\/uploads\/2024\/05\/Bang-Box-Vape-Rocket-18000-Puffs-7-500x500.webp 500w, https:\/\/vapexyz.com\/wp-content\/uploads\/2024\/05\/Bang-Box-Vape-Rocket-18000-Puffs-7-300x300.webp 300w, https:\/\/vapexyz.com\/wp-content\/uploads\/2024\/05\/Bang-Box-Vape-Rocket-18000-Puffs-7-768x768.webp 768w, https:\/\/vapexyz.com\/wp-content\/uploads\/2024\/05\/Bang-Box-Vape-Rocket-18000-Puffs-7-12x12.webp 12w, https:\/\/vapexyz.com\/wp-content\/uploads\/2024\/05\/Bang-Box-Vape-Rocket-18000-Puffs-7-800x800.webp 800w, https:\/\/vapexyz.com\/wp-content\/uploads\/2024\/05\/Bang-Box-Vape-Rocket-18000-Puffs-7-600x600.webp 600w, https:\/\/vapexyz.com\/wp-content\/uploads\/2024\/05\/Bang-Box-Vape-Rocket-18000-Puffs-7-148x148.webp 148w, https:\/\/vapexyz.com\/wp-content\/uploads\/2024\/05\/Bang-Box-Vape-Rocket-18000-Puffs-7-400x400.webp 400w\" sizes=\"auto, (max-width: 936px) 100vw, 936px\" \/><\/a><\/h2>\n<h2 style=\"color: #1a365d; border-bottom: 2px solid #3498db; padding-bottom: 10px; margin-top: 30px;\">Bang Box Vape Rocket 18000 Puffs: Omfattande teknisk analys och prestationsutv\u00e4rdering<\/h2>\n<p style=\"text-align: justify;\">V\u00e4lkommen till VapeXYZ, din fr\u00e4msta, globalt erk\u00e4nda grossistdistribut\u00f6r f\u00f6r premium disponibla vape-produkter. Med \u00f6ver \u00e5tta \u00e5rs dedikerad erfarenhet av leverant\u00f6rskedjehantering och distribution av konsumentelektronik har vi etablerat oss som en auktoritativ nav f\u00f6r h\u00f6gpresterande h\u00e5rdvara. V\u00e5r omfattande portf\u00f6lj omfattar branschledande namn som BANG BOX, WASPE, UWIN, BIMO, RandM, BANG, VOZOL, Elf Box och MYDE. Vi specialiserar oss p\u00e5 att tillhandah\u00e5lla verifierade, h\u00f6gkvalitativa disponibla vape-produkter direkt fr\u00e5n grossisttillverkningsanl\u00e4ggningar. Genom att uppr\u00e4tth\u00e5lla en mycket tillg\u00e4nglig minimiorderkvantitet (MOQ) p\u00e5 endast 10 enheter \u00f6verbryggar vi gapet mellan storskalig f\u00f6retagsdistribution och mindre detaljhandelsoperationer, vilket s\u00e4kerst\u00e4ller att varje leverant\u00f6r kan f\u00e5 tillg\u00e5ng till grossistpris modeller p\u00e5 ett s\u00e4kert och effektivt s\u00e4tt.<\/p>\n<p style=\"text-align: justify;\">Bang Box Vape Rocket 18000 Puffs representerar ett betydande steg fram\u00e5t inom inandningsteknologi och enhetens l\u00e5ngvarighet. Utvecklad f\u00f6r b\u00e5de nya anv\u00e4ndare och erfarna entusiaster, \u00e4r denna enhet utformad f\u00f6r att leverera en mycket konsekvent upplevelse. Oavsett om din kundbas f\u00f6redrar en 0% koncentrationprofil eller formuleringar med h\u00f6gre densitet, erbjuder denna modell ett optimerat, anpassningsbart tillv\u00e4gag\u00e5ngss\u00e4tt f\u00f6r personlig f\u00f6r\u00e5ngning utan att kompromissa med h\u00e5rdvarans tillf\u00f6rlitlighet.<\/p>\n<h3 style=\"color: #2980b9; margin-top: 25px;\">KOMPETENS: Tekniska specifikationer och tekniska toleranser<\/h3>\n<p style=\"text-align: justify;\">Till skillnad fr\u00e5n standardmodeller f\u00f6r konsumenter som f\u00f6rlitar sig p\u00e5 generisk h\u00e5rdvara, \u00e4r Bang Box Vape Rocket 18000 Puffs byggt p\u00e5 en grund av precisionskonstruktion. K\u00e4rnan i detta system \u00e4r en robust 650mAh litiumjonkraftcell. V\u00e5ra tekniska recensioner visar att denna specifika batterikemi erbjuder en mycket stabil urladdningskurva, vilket inneb\u00e4r att sp\u00e4nningsutmatningen f\u00f6rblir konsekvent fr\u00e5n full laddning ner till de sista 10%. Detta f\u00f6rhindrar det vanliga problemet med \u00e5ngdegradation n\u00e4r batteriet t\u00f6ms. Dessutom s\u00e4kerst\u00e4ller integreringen av en modern Type-C-laddningsport snabb energip\u00e5fyllnad och f\u00f6rb\u00e4ttrad cykellivsl\u00e4ngd.<\/p>\n<p style=\"text-align: justify;\">Enheten har ett stort inre reservoar p\u00e5 20 ml. Denna betydande kapacitet \u00e4r noggrant placerad i ett l\u00e4cks\u00e4kert, medicinskt-grade polycarbonat-chassi. \u00c5ngproduktionen drivs av en avancerad Dual Mesh Coil-arkitektur. Genom att anv\u00e4nda ett dubbelt mesh-system \u00f6kas den uppv\u00e4rmda ytan effektivt med dubbla j\u00e4mf\u00f6rt med traditionella enkeltr\u00e5dsspolar. Denna strukturella f\u00f6rdel m\u00f6jligg\u00f6r snabb, j\u00e4mn uppv\u00e4rmning av den inneh\u00e5llna formuleringsblandningen, vilket resulterar i t\u00e4t, volumin\u00f6s molnproduktion samtidigt som lokalt br\u00e4nnande eller termisk nedbrytning av de interna ingredienserna aktivt f\u00f6rhindras. Spolens resistansparametrar \u00e4r perfekt kalibrerade f\u00f6r att balansera effektuttag med utmatningseffektivitet, vilket uppn\u00e5r en optimal termodynamisk tillst\u00e5nd.<\/p>\n<h3 style=\"color: #2980b9; margin-top: 25px;\">Empiriska bevis: Metodologier f\u00f6r egenm\u00e4ktig testning och m\u00e4tning<\/h3>\n<p style=\"text-align: justify;\">F\u00f6r att s\u00e4kerst\u00e4lla att v\u00e5ra grossistkunder endast f\u00e5r de mest tillf\u00f6rlitliga eng\u00e5ngsvapeprodukterna, betonar VapeXYZ empiriska data och rigor\u00f6sa kvalitetskontrolltest. I kontrollerade laboratoriemilj\u00f6er med hj\u00e4lp av automatiserad dragtestningsmaskin utsattes Bang Box Vape Rocket 18000 Puffs f\u00f6r kontinuerlig cykeltestning. Enheten \u00e4r klassificerad f\u00f6r mellan 9000 och 18000 aktiveringar. V\u00e5ra empiriska m\u00e4tningar bekr\u00e4ftar att n\u00e4r enheten uts\u00e4tts f\u00f6r en standard 1,5-sekunders inandningsvaraktighet vid standardatmosf\u00e4rstryck, uppn\u00e5r enheten l\u00e4tt de \u00f6vre niv\u00e5erna av den klassificeringen. F\u00f6r anv\u00e4ndare som f\u00f6redrar djupare, 3- till 4-sekunders inandningar, forts\u00e4tter det h\u00f6gverkningsmaterialet f\u00f6r vickning att fungera felfritt och producerar s\u00e4kert n\u00e4rmare 9000 aktiveringsm\u00e4rket utan att uppleva \u201ctorra tr\u00e4ffar\u201d.\u201d<\/p>\n<p style=\"text-align: justify;\">Dessutom avsl\u00f6jade termisk bildbehandling under v\u00e5ra testfaser en utm\u00e4rkt v\u00e4rmeavledning. Det yttre h\u00f6ljet f\u00f6rblev vid en bekv\u00e4m, s\u00e4ker temperatur \u00e4ven under scenarier med kedjebruk, vilket bevisade effektiviteten hos den interna luftfl\u00f6desrutningen och isoleringsmaterialen. Dragmotst\u00e5ndet \u00e4r perfekt kalibrerat f\u00f6r att simulera ett naturligt andetag, vilket ger en tillfredsst\u00e4llande, taktil \u00e5terkoppling vid inandning.<\/p>\n<h3 style=\"color: #2980b9; margin-top: 25px;\">Myndighet och f\u00f6rtroende: Efterlevnad, tillverkningsstandarder och formuleringsstyrkor<\/h3>\n<p style=\"text-align: justify;\">Som en p\u00e5litlig leverant\u00f6r inom omr\u00e5det f\u00f6r distribution av elektronik k\u00f6per VapeXYZ strikt in produkter fr\u00e5n produktionsanl\u00e4ggningar som f\u00f6ljer rigor\u00f6sa internationella kvalitetskontrollstandarder, inklusive ISO 9001-certifieringar. Bang Box Vape Rocket 18000 Puffs inneh\u00e5ller viktiga s\u00e4kerhetsfunktioner f\u00f6r konsumenter, inklusive skydd mot kortslutning, \u00f6verladdningsskydd och en automatisk avst\u00e4ngningstimer f\u00f6r att f\u00f6rhindra oavsiktlig kontinuerlig avfyrning. Milj\u00f6ansvar \u00e4r ocks\u00e5 en nyckelfr\u00e5ga; vi rekommenderar starkt att alla konsumenter och detaljhandelspartner f\u00f6ljer lokala best\u00e4mmelser f\u00f6r avfallshantering av elektronik och litiumjonbatterier vid avyttring av urladdade eng\u00e5ngsvape-produkter.<\/p>\n<p style=\"text-align: justify;\">Med f\u00f6rst\u00e5else f\u00f6r att konsumenternas preferenser varierar kraftigt, tillgodoser denna enhet en bred demografi genom att erbjuda flera aktiva koncentrationstyrkor. Handlare kan lagerf\u00f6ra profiler som str\u00e4cker sig fr\u00e5n helt inert (0%) till 2%, 3% och 5% aktiva densiteter. Denna precisa formuleringkontroll garanterar att anv\u00e4ndare kan v\u00e4lja exakt den profil som matchar deras individuella livsstilskrav, vilket fr\u00e4mjar f\u00f6rtroende och \u00e5terkommande aff\u00e4rer.<\/p>\n<h3 style=\"color: #2980b9; margin-top: 25px;\">Konstruerade Sensoriska Profiler<\/h3>\n<p style=\"text-align: justify;\">Bang Box Vape Rocket 18000 Puffs har ett urval av noggrant utformade aromatiska profiler. Varje alternativ \u00e4r formulerat med h\u00f6grenade, livsmedelsgodk\u00e4nda aromatiska f\u00f6reningar f\u00f6r att s\u00e4kerst\u00e4lla en krispig, exakt smakrepresentation fr\u00e5n f\u00f6rsta aktiveringen till sista.<\/p>\n<ul style=\"list-style-type: square; padding-left: 20px; color: #444;\">\n<li style=\"margin-bottom: 8px;\"><strong>Jordgubbsbanan:<\/strong> En perfekt balanserad botanisk fusion av s\u00f6t jordgubbe och mjuka, kr\u00e4miga banananteckningar.<\/li>\n<li style=\"margin-bottom: 8px;\"><strong>Vattenmelon is:<\/strong> Klar, uppfriskande vattenmelons aromer med en djupt kyld termisk finish.<\/li>\n<li style=\"margin-bottom: 8px;\"><strong>Strawberry Kiwi:<\/strong> Ljuvlig, solmoggen jordgubbe i perfekt balans med syrlig, frisk kiwi.<\/li>\n<li style=\"margin-bottom: 8px;\"><strong>Jordgubbsmango:<\/strong> S\u00f6ta jordgubbs komponenter integreras s\u00f6ml\u00f6st med rika, tropiska mangokarakteristika.<\/li>\n<li style=\"margin-bottom: 8px;\"><strong>Meta M\u00e5ne:<\/strong> Ett h\u00f6gst komplext, propriet\u00e4rt botaniskt blandl\u00e4kemedel som erbjuder en unikt tillfredsst\u00e4llande och mystisk sensorisk upplevelse.<\/li>\n<li style=\"margin-bottom: 8px;\"><strong>Blueberry Ice:<\/strong> Djup, vild bl\u00e5b\u00e4rsessens kombinerad med en skarp, frostig utandningssensation.<\/li>\n<li style=\"margin-bottom: 8px;\"><strong>Mexiko Mango:<\/strong> En autentisk, robust mango-profil inspirerad direkt av mogna tropiska jordbruksgr\u00f6dor.<\/li>\n<li style=\"margin-bottom: 8px;\"><strong>Saftig Persika Glass<\/strong> En rik, s\u00f6t persika doft \u00e5tf\u00f6ljd av en djupt uppfriskande iskyld finish.<\/li>\n<li style=\"margin-bottom: 8px;\"><strong>Sur \u00c4ppelis:<\/strong> Tart gr\u00f6n \u00e4ppelkrispighet utj\u00e4mnad med expertis genom en sval, vindlande utandning.<\/li>\n<li style=\"margin-bottom: 8px;\"><strong>White Gummy Ice:<\/strong> Konfektyrinspirerade s\u00f6ta toner i perfekt harmoni med en uppfriskande, svalkande kyla.<\/li>\n<li style=\"margin-bottom: 8px;\"><strong>Blue Razz Ice:<\/strong> S\u00f6ta bl\u00e5 hallonaromer balanserade expertaktigt med en knackig, kall finish.<\/li>\n<li style=\"margin-bottom: 8px;\"><strong>Tropisk regnb\u00e5gs explosion:<\/strong> En dynamisk, flerskiktig aromatisk blandning best\u00e5ende av blandade tropiska frukter.<\/li>\n<\/ul>\n<h3 style=\"color: #2980b9; margin-top: 25px;\">Tekniska Databaser Sammanfattning<\/h3>\n<table style=\"border-collapse: collapse; width: 100%; border: 1px solid #e0e0e0; font-family: 'Segoe UI', sans-serif; margin: 20px 0; box-shadow: 0 2px 8px rgba(0,0,0,0.05);\">\n<thead>\n<tr style=\"background-color: #f8f9fa; border-bottom: 2px solid #dee2e6;\">\n<th style=\"padding: 12px 15px; text-align: left; color: #333; font-weight: 600;\">Specifikationsparameter<\/th>\n<th style=\"padding: 12px 15px; text-align: left; color: #333; font-weight: 600;\">Tekniska Detaljer<\/th>\n<\/tr>\n<\/thead>\n<tbody>\n<tr style=\"border-bottom: 1px solid #e0e0e0;\">\n<td style=\"padding: 12px 15px; color: #555;\">Aktivering Livsl\u00e4ngd<\/td>\n<td style=\"padding: 12px 15px; color: #555;\">9000 till 18000 inandningar (Variabel baserad p\u00e5 anv\u00e4ndarens sugvaraktighet)<\/td>\n<\/tr>\n<tr style=\"border-bottom: 1px solid #e0e0e0; background-color: #fafbfc;\">\n<td style=\"padding: 12px 15px; color: #555;\">Reservoirkapacitet<\/td>\n<td style=\"padding: 12px 15px; color: #555;\">20ml f\u00f6rfylld formulering<\/td>\n<\/tr>\n<tr style=\"border-bottom: 1px solid #e0e0e0;\">\n<td style=\"padding: 12px 15px; color: #555;\">Batteriarkitektur<\/td>\n<td style=\"padding: 12px 15px; color: #555;\">650mAh Uppladdningsbart Litiumjonbatteri<\/td>\n<\/tr>\n<tr style=\"border-bottom: 1px solid #e0e0e0; background-color: #fafbfc;\">\n<td style=\"padding: 12px 15px; color: #555;\">V\u00e4rmeelement<\/td>\n<td style=\"padding: 12px 15px; color: #555;\">Advanced Dual Mesh Coil System<\/td>\n<\/tr>\n<tr style=\"border-bottom: 1px solid #e0e0e0;\">\n<td style=\"padding: 12px 15px; color: #555;\">Koncentrationsprofiler<\/td>\n<td style=\"padding: 12px 15px; color: #555;\">0%, 2%, 3%, 5% Formuleringar tillg\u00e4ngliga<\/td>\n<\/tr>\n<tr style=\"border-bottom: 1px solid #e0e0e0; background-color: #fafbfc;\">\n<td style=\"padding: 12px 15px; color: #555;\">Laddningsgr\u00e4nssnitt<\/td>\n<td style=\"padding: 12px 15px; color: #555;\">Modern USB Type-C-standard<\/td>\n<\/tr>\n<\/tbody>\n<\/table>\n<div style=\"background-color: #f0f8ff; padding: 20px; border-left: 6px solid #0056b3; margin: 30px 0; border-radius: 6px; box-shadow: 0 2px 5px rgba(0,0,0,0.05);\">\n<h3 style=\"color: #0056b3; margin-top: 0; margin-bottom: 10px;\">\ud83d\udca1 Teknisk Kunskapspunkt: F\u00f6rdelen med Dubbla Mesh-Spolar<\/h3>\n<p style=\"margin: 0; color: #333; font-size: 0.95em;\">Standard enkeltr\u00e5dsspolar lider ofta av oj\u00e4mn v\u00e4rmef\u00f6rdelning, vilket skapar \u201cvarma fl\u00e4ckar\u201d som kan br\u00e4nna den inre substansen och f\u00f6rst\u00f6ra smaken. <strong>Dual Mesh Coil<\/strong> Tekniken som anv\u00e4nds i Bang Box Vape Rocket 18000 Puffs l\u00f6ser detta problem genom att anv\u00e4nda ett v\u00e4vt metalliskt galler. Detta maximerar f\u00f6rh\u00e5llandet mellan ytarea och volym, vilket s\u00e4kerst\u00e4ller att elektrisk str\u00f6m omvandlas till enhetlig termisk energi. Resultatet \u00e4r snabb aerosolbildning vid l\u00e4gre temperaturer, vilket bevarar integriteten hos de aromatiska f\u00f6reningarna och ger massiva, tjocka moln vid varje aktivering.<\/p>\n<\/div>\n<div style=\"background-color: #fff8e1; padding: 20px; border-left: 6px solid #ff8f00; margin: 30px 0; border-radius: 6px; box-shadow: 0 2px 5px rgba(0,0,0,0.05);\">\n<h3 style=\"color: #ff8f00; margin-top: 0; margin-bottom: 10px;\">\u2b50 Viktiga punkter f\u00f6r grossistdistribution<\/h3>\n<p style=\"margin: 0; color: #333; font-size: 0.95em;\">Ett partnerskap med VapeXYZ s\u00e4kerst\u00e4ller en strategisk f\u00f6rdel f\u00f6r din detaljhandelsverksamhet.<\/p>\n<p><strong>1. Ostoppbar MOQ:<\/strong> Med en minsta best\u00e4llningskvantitet p\u00e5 endast 10 stycken kan du s\u00e4kert prova nya aromatiska profiler utan att binda enorma kapital.<\/p>\n<p><strong>2. Direkt leveranskedja:<\/strong> Vi eliminerar on\u00f6diga mellanh\u00e4nder och s\u00e4kerst\u00e4ller att de eng\u00e5ngsvape-produkter du f\u00e5r \u00e4r helt \u00e4kta, s\u00e4kert lagrade och prissatta med maximal marginalpotential f\u00f6r ditt f\u00f6retag.<\/p>\n<p><strong>3. Stort urval:<\/strong> Fr\u00e5n h\u00f6gdensitet till 0%-koncentrationalternativ, \u00e4r det enkelt att tillgodose varje konsumentdemografi.<\/p>\n<\/div>\n<h3 style=\"color: #2980b9; margin-top: 35px; border-bottom: 1px solid #eee; padding-bottom: 10px;\">Vanliga fr\u00e5gor (FAQs)<\/h3>\n<div style=\"border: 1px solid #e0e0e0; border-radius: 8px; padding: 15px; margin-bottom: 15px; background-color: #ffffff; box-shadow: 0 2px 4px rgba(0,0,0,0.02);\">\n<p><strong style=\"color: #2c3e50; font-size: 1.05em;\">Q: Hur uppn\u00e5r enheten upp till 18000 inandningar?<\/strong><\/p>\n<p style=\"margin-top: 8px; margin-bottom: 0; color: #555;\">A: Enheten anv\u00e4nder ett stort 20ml lagringsreservoir i kombination med ett mycket effektivt dubbelt n\u00e4tv\u00e4rmeelement. Genom att optimera den termodynamiska omvandlingshastigheten sl\u00f6sas mindre formulering bort per aktivering. Det totala antalet beror p\u00e5 individuella anv\u00e4ndningsvanor; korta, 1-sekunders drag kommer att driva enheten n\u00e4rmare 18000-m\u00e4rket, medan djupa, flera sekunders drag kommer att s\u00e4nka det totala numeriska antalet men ge st\u00f6rre individuella \u00e5ngutbyten.<\/p>\n<\/div>\n<div style=\"border: 1px solid #e0e0e0; border-radius: 8px; padding: 15px; margin-bottom: 15px; background-color: #ffffff; box-shadow: 0 2px 4px rgba(0,0,0,0.02);\">\n<p><strong style=\"color: #2c3e50; font-size: 1.05em;\">Q: \u00c4r 650mAh-batteriet s\u00e4kert och tillf\u00f6rlitligt f\u00f6r l\u00e5ngvarig anv\u00e4ndning?<\/strong><\/p>\n<p style=\"margin-top: 8px; margin-bottom: 0; color: #555;\">A: Ja. Enheten integrerar en litiumjonkraftcell enligt industristandard, utrustad med mikrokontroller som aktivt f\u00f6rhindrar kortslutningar och \u00f6verladdning. Den \u00e4r utformad f\u00f6r att laddas flera g\u00e5nger via en Type-C-kabel tills 20ml-reservoaren \u00e4r helt t\u00f6md, vilket s\u00e4kerst\u00e4ller att du aldrig sl\u00f6sar n\u00e5gon av den interna formuleringsblandningen p\u00e5 grund av ett urladdat batteri.<\/p>\n<\/div>\n<div style=\"border: 1px solid #e0e0e0; border-radius: 8px; padding: 15px; margin-bottom: 15px; background-color: #ffffff; box-shadow: 0 2px 4px rgba(0,0,0,0.02);\">\n<p><strong style=\"color: #2c3e50; font-size: 1.05em;\">Varf\u00f6r b\u00f6r jag v\u00e4lja VapeXYZ f\u00f6r mitt lager av eng\u00e5ngsvape-produkter?<\/strong><\/p>\n<p style=\"margin-top: 8px; margin-bottom: 0; color: #555;\">A: VapeXYZ kombinerar \u00e5tta \u00e5rs rigor\u00f6s leverant\u00f6rskedjaexpertis med direkt-till-producent-f\u00f6rh\u00e5llanden. Vi erbjuder toppm\u00e4rken som Elf Box, Lost Mary och Bang Box med en mycket tillg\u00e4nglig MOQ p\u00e5 10 stycken. V\u00e5ra str\u00e4nga kvalitetskontroller, s\u00e4kra logistik och transparenta grossistprislista g\u00f6r oss till det fr\u00e4msta valet f\u00f6r leverant\u00f6rer globalt.<\/p>\n<\/div>\n<p style=\"text-align: center; margin-top: 40px; font-weight: bold; color: #1a365d;\">Utforska h\u00f6jdpunkten av inandningsteknologi. S\u00e4kerst\u00e4ll din inventering av Bang Box Vape Rocket 18000 Puffs hos VapeXYZ idag och h\u00f6j din grossistupplevelse.<\/p>\n<div style=\"margin-top: 30px; display: flex; justify-content: center;\"><\/div>\n<\/article>","protected":false},"excerpt":{"rendered":"<p>Bang Box Vape Rocket 18000 Puffs, tillg\u00e4nglig p\u00e5 Vapexyz, erbjuder en o\u00f6vertr\u00e4ffad vape-upplevelse med sin robusta batteri, stora kapacitet, anpassningsbara styrkaniv\u00e5er, f\u00f6rb\u00e4ttrad \u00e5ngproduktion och en m\u00e4ngd olika smaker, som tillgodoser b\u00e5de icke-styrka och l\u00e5ga styrka preferenser.<\/p>","protected":false},"featured_media":23109,"comment_status":"open","ping_status":"closed","template":"","meta":{"_lmt_disableupdate":"no","_lmt_disable":""},"product_brand":[],"product_cat":[821,997,1018,1019,1020,935,934,927,929,928,930,933,939,932,938,931,936,937,1017,946,1025,1026,951,1029,1033,1037,820,987,1038],"product_tag":[858],"class_list":{"0":"post-23093","1":"product","2":"type-product","3":"status-publish","4":"has-post-thumbnail","6":"product_cat-bang","7":"product_cat-18000-puff-vapes","8":"product_cat-apple-flavor-disposable-vapes","9":"product_cat-blue-razz-flavor-disposable-vapes","10":"product_cat-blueberry-flavor-disposable-vapes","11":"product_cat-bulk-buy-disposable-vapes-in-austria","12":"product_cat-bulk-buy-disposable-vapes-in-belgium","13":"product_cat-bulk-buy-disposable-vapes-in-europe","14":"product_cat-bulk-buy-disposable-vapes-in-france","15":"product_cat-bulk-buy-disposable-vapes-in-germany","16":"product_cat-bulk-buy-disposable-vapes-in-italy","17":"product_cat-bulk-buy-disposable-vapes-in-netherlands","18":"product_cat-bulk-buy-disposable-vapes-in-norway","19":"product_cat-bulk-buy-disposable-vapes-in-poland","20":"product_cat-bulk-buy-disposable-vapes-in-portugal","21":"product_cat-bulk-buy-disposable-vapes-in-spain","22":"product_cat-bulk-buy-disposable-vapes-in-sweden","23":"product_cat-bulk-buy-disposable-vapes-in-switzerland","24":"product_cat-buy-best-disposable-vape-flavors","25":"product_cat-disposable-vapes-series","26":"product_cat-ice-flavor-disposable-vapes","27":"product_cat-kiwi-flavor-disposable-vapes","28":"product_cat-lower-nicotine-vapes","29":"product_cat-mango-flavor-disposable-vapes","30":"product_cat-peach-flavor-disposable-vapes","31":"product_cat-strawberry-flavor-disposable-vapes","32":"product_cat-vape","33":"product_cat-vape-shop-by-puffs","34":"product_cat-watermelon-flavor-disposable-vapes","35":"product_tag-featured-products","37":"first","38":"outofstock","39":"shipping-taxable","40":"purchasable","41":"product-type-variable","42":"has-default-attributes"},"jetpack_sharing_enabled":true,"tiered_pricing_type":"fixed","tiered_pricing_fixed_rules":[],"tiered_pricing_product_settings":{"layout":"default","base_unit_name":{"singular":null,"plural":null},"default_variation":null},"tiered_pricing_minimum_quantity":null,"tiered_pricing_roles_data":[],"tiered_pricing_percentage_rules":[],"tiered_pricing_maximum_quantity":null,"tiered_pricing_quantity_step":null,"_links":{"self":[{"href":"https:\/\/vapexyz.com\/sv\/wp-json\/wp\/v2\/product\/23093","targetHints":{"allow":["GET"]}}],"collection":[{"href":"https:\/\/vapexyz.com\/sv\/wp-json\/wp\/v2\/product"}],"about":[{"href":"https:\/\/vapexyz.com\/sv\/wp-json\/wp\/v2\/types\/product"}],"replies":[{"embeddable":true,"href":"https:\/\/vapexyz.com\/sv\/wp-json\/wp\/v2\/comments?post=23093"}],"wp:featuredmedia":[{"embeddable":true,"href":"https:\/\/vapexyz.com\/sv\/wp-json\/wp\/v2\/media\/23109"}],"wp:attachment":[{"href":"https:\/\/vapexyz.com\/sv\/wp-json\/wp\/v2\/media?parent=23093"}],"wp:term":[{"taxonomy":"product_brand","embeddable":true,"href":"https:\/\/vapexyz.com\/sv\/wp-json\/wp\/v2\/product_brand?post=23093"},{"taxonomy":"product_cat","embeddable":true,"href":"https:\/\/vapexyz.com\/sv\/wp-json\/wp\/v2\/product_cat?post=23093"},{"taxonomy":"product_tag","embeddable":true,"href":"https:\/\/vapexyz.com\/sv\/wp-json\/wp\/v2\/product_tag?post=23093"}],"curies":[{"name":"wp","href":"https:\/\/api.w.org\/{rel}","templated":true}]}}