{"id":20890,"date":"2024-04-07T08:01:18","date_gmt":"2024-04-07T08:01:18","guid":{"rendered":"https:\/\/vapexyz.com\/?post_type=product&#038;p=20890"},"modified":"2026-04-03T10:17:49","modified_gmt":"2026-04-03T10:17:49","slug":"vopk-cool-bar-9000-puffar-0-2-3-5-nikotin-engangs-vape-grossist","status":"publish","type":"product","link":"https:\/\/vapexyz.com\/sv\/product\/vopk-cool-bar-9000-puffs-0-2-3-5-nicotine-disposable-vape-wholesale\/","title":{"rendered":"VOPK COOL BAR-9000 Puffs Eng\u00e5ngs Vape Grossist"},"content":{"rendered":"<article style=\"background-color: #ffffff;color: #333333;font-family: 'Segoe UI', Roboto, Helvetica, Arial, sans-serif;line-height: 1.8;padding: 40px;border-radius: 12px;max-width: 100%;margin: 0 auto;border: 1px solid #eaeaea\">\n<div style=\"text-align: center;margin-bottom: 40px\">\n<h2 style=\"color: #2c3e50;font-size: 32px;font-weight: 800;border-bottom: 3px solid #3498db;padding-bottom: 10px;margin-bottom: 20px\">VOPK COOL BAR-9000 PUFFS: Teknisk Utm\u00e4rkelse inom F\u00f6rbrukningsbara Vape-Industrin<\/h2>\n<p style=\"font-size: 18px;color: #555555;max-width: 800px;margin: 0 auto\">Uppt\u00e4ck konvergensen av rigor\u00f6s teknik, empirisk prestanda och kommersiell tillf\u00f6rlitlighet med VOPK COOL BAR-9000 PUFFS. Utformad f\u00f6r optimal tillfredsst\u00e4llelse, representerar denna enhet ett monumentalt steg i h\u00e5rdvarukapacitet och anv\u00e4ndarupplevelse.<\/p>\n<\/div>\n<p style=\"font-size: 16px;margin-bottom: 25px;text-align: justify\">V\u00e4lkommen till h\u00f6jdpunkten av modern \u00e5ngteknologi. N\u00e4r den globala marknaden f\u00f6r vuxenrekreationella konsumentelektronik utvecklas, har efterfr\u00e5gan p\u00e5 h\u00f6gkapacitiva, tillf\u00f6rlitliga enheter \u00f6kat kraftigt. Med \u00f6ver \u00e5tta \u00e5rs o\u00f6vertr\u00e4ffad branschexpertis st\u00e5r VapeXYZ som din fr\u00e4msta grossistdistribut\u00f6r. V\u00e5r operativa auktoritet \u00e4r byggd p\u00e5 att noggrant utv\u00e4rdera tillverkare och leverera toppklassiga m\u00e4rken som BANG BOX, WASPE, UWIN, BIMO, RandM, BANG, VOZOL, Elf Box och MYDE till v\u00e5r globala kundkrets. Idag analyserar vi den tekniska briljansen och operativa \u00f6verl\u00e4gsenheten hos en av v\u00e5ra flaggskeppsprodukter: VOPK COOL BAR-9000 PUFFS. Som professionell distribut\u00f6r av eng\u00e5ngsvapeprodukter s\u00e4kerst\u00e4ller vi att varje enhet uppfyller strikta kvalitetss\u00e4kringsprotokoll, vilket st\u00e4rker v\u00e5r position som en p\u00e5litlig nav f\u00f6r alla dina behov av eng\u00e5ngsvapeprodukter.<\/p>\n<h3 style=\"color: #2980b9;font-size: 24px;margin-top: 40px;margin-bottom: 20px;border-left: 5px solid #2980b9;padding-left: 15px\">Kompetens: Tekniska specifikationer och h\u00e5rdvaruarkitektur<\/h3>\n<p style=\"font-size: 16px;margin-bottom: 25px;text-align: justify\">Under den snygga exteri\u00f6ren p\u00e5 VOPK COOL BAR-9000 PUFFS ligger en sofistikerad matris av elektroniska komponenter konstruerade f\u00f6r att leverera uth\u00e5llig, h\u00f6gkvalitativ \u00e5ngproduktion. Till skillnad fr\u00e5n konventionella system f\u00f6r nyb\u00f6rjare, anv\u00e4nder denna enhet avancerad strukturell ingenj\u00f6rskonst. Exteri\u00f6rchassit \u00e4r tillverkat med hj\u00e4lp av ett h\u00f6gdensitetspolykarbonat skal f\u00f6rf\u00e4rgat med industriell-grade gummif\u00e4rg och precisions UV-utskrift. Denna tv\u00e5lagers ytbehandling ger inte bara ett mycket taktilt, ergonomiskt grepp utan s\u00e4kerst\u00e4ller ocks\u00e5 \u00f6verl\u00e4gsen motst\u00e5ndskraft mot n\u00f6tning, termisk nedbrytning och st\u00f6tar.<\/p>\n<p style=\"font-size: 16px;margin-bottom: 25px;text-align: justify\">I hj\u00e4rtat av dess termodynamiska prestanda ligger det propriet\u00e4ra 1,0 ohm mesh-v\u00e4rmeelementet. Mesh-arkitekturen \u00f6kar exponentiellt kontaktytan med den inre vickningsundergrunden. Denna design m\u00f6jligg\u00f6r snabb, j\u00e4mn v\u00e4rmef\u00f6rdelning, vilket signifikant reducerar risken f\u00f6r lokal \u00f6verhettning och f\u00f6rhindrar fenomenet torrhit.  Den h\u00e4r systemet drivs av den mycket effektiva 18250 litiumjoncellen, som har en robust kapacitet p\u00e5 600mAh. F\u00f6r att hantera str\u00f6mf\u00f6rs\u00f6rjningen \u00e4r enheten utrustad med ett integrerat Type-C-laddningsgr\u00e4nssnitt med inbyggda \u00f6versp\u00e4nnings- och \u00f6verstr\u00f6mskyddscircuit, vilket s\u00e4kerst\u00e4ller snabb energip\u00e5fyllning samtidigt som strikta s\u00e4kerhetstoleranser uppr\u00e4tth\u00e5lls.<\/p>\n<table style=\"width: 100%;border-collapse: collapse;margin: 35px 0;font-size: 16px;border-radius: 10px;overflow: hidden;background-color: #fcfcfc\">\n<thead>\n<tr style=\"background-color: #2c3e50;color: #ffffff;text-align: left\">\n<th style=\"padding: 18px 20px;font-weight: bold;border-bottom: 2px solid #1a252f\">Teknisk Komponent<\/th>\n<th style=\"padding: 18px 20px;font-weight: bold;border-bottom: 2px solid #1a252f\">Teknisk specifikation &amp; validering<\/th>\n<\/tr>\n<\/thead>\n<tbody>\n<tr style=\"border-bottom: 1px solid #e0e0e0\">\n<td style=\"padding: 15px 20px;font-weight: 600;color: #34495e\">Chassimaterial<\/td>\n<td style=\"padding: 15px 20px;color: #555\">Industriell kvalitet Polykarbonat med gummibel\u00e4ggning och UV-utskrift f\u00f6r f\u00f6rb\u00e4ttrad termisk isolering.<\/td>\n<\/tr>\n<tr style=\"border-bottom: 1px solid #e0e0e0;background-color: #f9fbfd\">\n<td style=\"padding: 15px 20px;font-weight: 600;color: #34495e\">V\u00e4rmeelement<\/td>\n<td style=\"padding: 15px 20px;color: #555\">1,0 ohm Mesh Element. Validerad f\u00f6r optimal termodynamisk effektivitet och snabb f\u00f6r\u00e5ngning.<\/td>\n<\/tr>\n<tr style=\"border-bottom: 1px solid #e0e0e0\">\n<td style=\"padding: 15px 20px;font-weight: 600;color: #34495e\">Reservoirkapacitet<\/td>\n<td style=\"padding: 15px 20px;color: #555\">15ml intern lagring. Utformad f\u00f6r l\u00e5ngvarig anv\u00e4ndning utan strukturell l\u00e4cka.<\/td>\n<\/tr>\n<tr style=\"border-bottom: 1px solid #e0e0e0;background-color: #f9fbfd\">\n<td style=\"padding: 15px 20px;font-weight: 600;color: #34495e\">Str\u00f6mk\u00e4lla<\/td>\n<td style=\"padding: 15px 20px;color: #555\">Modell 18250 Litiumjonbatteri (600mAh). Cykeltestad f\u00f6r uth\u00e5llig utmatning under l\u00e4ngre perioder.<\/td>\n<\/tr>\n<tr style=\"border-bottom: 1px solid #e0e0e0\">\n<td style=\"padding: 15px 20px;font-weight: 600;color: #34495e\">Luftfl\u00f6desmekanik<\/td>\n<td style=\"padding: 15px 20px;color: #555\">Justerbar pneumatisk luftintag. M\u00f6jligg\u00f6r kalibrerad modifiering av dragmotst\u00e5nd.<\/td>\n<\/tr>\n<tr style=\"background-color: #f9fbfd\">\n<td style=\"padding: 15px 20px;font-weight: 600;color: #34495e\">Laddningsgr\u00e4nssnitt<\/td>\n<td style=\"padding: 15px 20px;color: #555\">Typ-C-port. Inkluderar standard IC-skydd mot termisk \u00f6verbelastning och \u00f6verladdning.<\/td>\n<\/tr>\n<\/tbody>\n<\/table>\n<h3 style=\"color: #2980b9;font-size: 24px;margin-top: 40px;margin-bottom: 20px;border-left: 5px solid #2980b9;padding-left: 15px\">Empirisk: Prestandatestning och m\u00e4tningsprotokoll<\/h3>\n<p style=\"font-size: 16px;margin-bottom: 25px;text-align: justify\">P\u00e5st\u00e5enden om \u201c9000 bloss\u201d \u00e4r inte godtyckliga; de \u00e4r resultatet av rigor\u00f6sa empiriska testmetoder. I kontrollerade laboratoriemilj\u00f6er simulerar automatiserade pneumatiska blossmaskiner m\u00e4nskliga inandningsm\u00f6nster. Standardiserade parametrar - vanligtvis en dragvaraktighet p\u00e5 1,5 sekunder till 2,0 sekunder med en specifik kubikcentimeterf\u00f6rskjutning - anv\u00e4nds f\u00f6r att m\u00e4ta utt\u00f6mningskurvan f\u00f6r det interna 15ml-reservoaren.<\/p>\n<p style=\"font-size: 16px;margin-bottom: 25px;text-align: justify\">D\u00e4rut\u00f6ver har den justerbara luftfl\u00f6desventilen utsatts f\u00f6r tryckfallsanalys med hj\u00e4lp av digitala manometrar. Detta test s\u00e4kerst\u00e4ller att anv\u00e4ndarna upplever en m\u00e4tbar och konsekvent f\u00f6r\u00e4ndring i dragmotst\u00e5nd n\u00e4r de manipulerar luftfl\u00f6desratten, och \u00f6verg\u00e5r smidigt fr\u00e5n ett begr\u00e4nsat Mouth-to-Lung (MTL) drag till en l\u00f6sare Direct-to-Lung (DTL) upplevelse. Termografikameror anv\u00e4nds ocks\u00e5 under kvalitetskontrollfasen f\u00f6r att verifiera att 1,0-ohm mesh-elementet avleder v\u00e4rme j\u00e4mnt, vilket s\u00e4kerst\u00e4ller att det yttre fodret f\u00f6rblir vid en behaglig temperatur \u00e4ven under h\u00f6gfrekvent anv\u00e4ndning. S\u00e5dan empirisk validering ger objektivt f\u00f6rtroende f\u00f6r h\u00e5rdvarans kapacitet.<\/p>\n<div style=\"text-align: center;margin: 45px 0;background-color: #f8f9fa;padding: 20px;border-radius: 12px;border: 1px solid #e1e8ed\">\n<p style=\"font-size: 14px;color: #7f8c8d;margin-bottom: 15px;text-transform: uppercase;letter-spacing: 1px;font-weight: bold\">Visuell demonstration av VOPK COOL BAR-9000 PUFFS<\/p>\n<\/div>\n<h3 style=\"color: #2980b9;font-size: 24px;margin-top: 40px;margin-bottom: 20px;border-left: 5px solid #2980b9;padding-left: 15px\">F\u00f6rtroende: Regleringsm\u00e4ssig efterlevnad och marknadsintegritet<\/h3>\n<p style=\"font-size: 16px;margin-bottom: 25px;text-align: justify\">I en industri som ofta f\u00f6rsv\u00e5ras av reklamm\u00e4ssig retorik, prioriterar VapeXYZ verifierat f\u00f6rtroende och strukturell integritet. VOPK COOL BAR-9000 PUFFS tillverkas i anl\u00e4ggningar som f\u00f6ljer strikta ISO-certifierade kvalitetsstyrningsstandarder. De elektroniska interna komponenterna \u00e4r konstruerade f\u00f6r att anpassas till CE- och RoHS-direktiv (Begr\u00e4nsning av farliga \u00e4mnen), vilket s\u00e4kerst\u00e4ller att inga giftiga tungmetaller anv\u00e4nds i kretskortet.<\/p>\n<p style=\"font-size: 16px;margin-bottom: 25px;text-align: justify\">Dessutom \u00e4r munstycket och interna inneslutningssystemen konstruerade av livsmedelsgodk\u00e4nda PCTG-plaster, vilket reducerar risken f\u00f6r kemisk utlakning i den f\u00f6r\u00e5ngade utmatningen. F\u00f6r att ta itu med milj\u00f6ansvar rekommenderar vi starkt korrekt \u00e5tervinning av litiumjon-system. Anv\u00e4ndare uppmuntras att anv\u00e4nda anvisade elektroniska avfallsanl\u00e4ggningar n\u00e4r enheten \u00e4r uttj\u00e4nt, vilket s\u00e4kerst\u00e4ller att 18250-batteriet behandlas i enlighet med lokala milj\u00f6regler.<\/p>\n<h3 style=\"color: #2980b9;font-size: 24px;margin-top: 40px;margin-bottom: 20px;border-left: 5px solid #2980b9;padding-left: 15px\">Aromatiska profiler: En konstruerad sensorisk upplevelse<\/h3>\n<p style=\"font-size: 16px;margin-bottom: 25px;text-align: justify\">VOPK-serien utm\u00e4rker sig genom ett h\u00f6gst raffinerat urval av 10 aromatiska profiler. Varje variation syntetiseras med hj\u00e4lp av premiummaterial, livsmedels s\u00e4kra aromatiska f\u00f6reningar, som noggrant balanseras f\u00f6r att leverera konsekvent sensorisk utmatning fr\u00e5n den f\u00f6rsta aktiveringen till den 9 000:e.<\/p>\n<ul style=\"list-style-type: none;padding: 0;margin: 0 0 30px 0\">\n<li style=\"background: #fdfefe;border: 1px solid #ebedef;margin-bottom: 10px;padding: 15px 20px;border-radius: 8px;align-items: flex-start\">1.Peach\u00a0ice\u00a0 2.Doublemint\u00a0 3.Triple\u00a0melon\u00a0ice 4.Sparkling\u00a0Lemon\u00a0 5.Grape\u00a0Lychee\u00a0 6.Mango\u00a0ice 7.Grape\u00a0Aloe\u00a0 8.Blueberry\u00a0ice 9.Cola\u00a0ice\u00a0 10.Orange\u00a0Sour\u00a0 11.Mixberry\u00a0 12.Red\u00a0bull\u00a0ice\u00a0 13.Strawberry\u00a0Watermelon 14.Strawberry\u00a0ice\u00a0 15.Watermelon\u00a0ice<\/li>\n<\/ul>\n<h3 style=\"color: #2980b9;font-size: 24px;margin-top: 40px;margin-bottom: 20px;border-left: 5px solid #2980b9;padding-left: 15px\">Tillsyn: Partihandel och kommersiell l\u00f6nsamhet<\/h3>\n<p style=\"font-size: 16px;margin-bottom: 25px;text-align: justify\">Globalt erk\u00e4nd inom leverant\u00f6rskedjan erbjuder VapeXYZ o\u00f6vertr\u00e4ffad tillg\u00e5ng till premium eng\u00e5ngsvapes. VOPK-serien \u00e4r en ideal kandidat f\u00f6r kommersiell skalning. Genom att erbjuda anpassningsbara styrkaniv\u00e5er (0%, 2%, 3%, 5%) kan \u00e5terf\u00f6rs\u00e4ljare tillgodose en mycket segmenterad demografi, alltifr\u00e5n individer som s\u00f6ker alternativ med noll styrka till de som kr\u00e4ver standardkoncentrationer inom industrin.<\/p>\n<p style=\"font-size: 16px;margin-bottom: 25px;text-align: justify\">V\u00e5r logistiska infrastruktur m\u00f6jligg\u00f6r en otroligt l\u00e5g minimiorderkvantitet (MOQ) p\u00e5 endast 10 enheter. Detta demokratiserar tillg\u00e5ngen till grossistpriser och m\u00f6jligg\u00f6r f\u00f6r b\u00e5de sm\u00e5 butiker f\u00f6r eng\u00e5ngsvape-produkter och storskaliga f\u00f6retagsdistribut\u00f6rer att dra nytta av v\u00e5r robusta leverant\u00f6rskedja. Med en bevisad erfarenhet som str\u00e4cker sig \u00f6ver n\u00e4stan ett decennium s\u00e4kerst\u00e4ller v\u00e5r utv\u00e4rderingsprocess att du endast f\u00e5r autentiska, fabriksf\u00f6rseglade enheter som uppfyller de h\u00f6gsta internationella handelsstandarderna.<\/p>\n<\/article>\n<article style=\"background-color: #ffffff;color: #333333;font-family: 'Segoe UI', Roboto, Helvetica, Arial, sans-serif;line-height: 1.8;padding: 40px;border-radius: 12px;max-width: 100%;margin: 0 auto;border: 1px solid #eaeaea\">\n<div style=\"background-color: #f4f8fb;border-left: 6px solid #e67e22;padding: 25px;margin: 40px 0;border-radius: 0 10px 10px 0\">\n<h3 style=\"margin-top: 0;color: #d35400;font-size: 22px;font-weight: bold\">Viktiga Tekniska Kunskapspunkter<\/h3>\n<ul style=\"margin-bottom: 0;padding-left: 20px;color: #444;font-size: 16px\">\n<li style=\"margin-bottom: 12px\">Termodynamisk effektivitet: 1,0 ohms mesh-system ger en \u00f6verl\u00e4gsen yta, vilket m\u00f6jligg\u00f6r mycket effektiv f\u00f6r\u00e5ngning vid l\u00e4gre driftstemperaturer, vilket bevarar livsl\u00e4ngden f\u00f6r interna komponenter.<\/li>\n<li style=\"margin-bottom: 12px\">Pneumatisk styrning: Den mekaniskt justerbara luftfl\u00f6desgr\u00e4nssnittet m\u00f6jligg\u00f6r f\u00f6r anv\u00e4ndare att definitivt kontrollera luft-till-\u00e5ng-f\u00f6rh\u00e5llandet, vilket p\u00e5verkar densiteten och temperaturen p\u00e5 uttaget.<\/li>\n<li style=\"margin-bottom: 12px\">Str\u00f6mgestion: Inkluderingen av 18250-modellcellen i kombination med en Type-C-kontroller s\u00e4kerst\u00e4ller s\u00e4kra och stabila urladdningshastigheter under hela enhetsens livscykel.<\/li>\n<li style=\"margin-bottom: 0\">Materialens s\u00e4kerhet: Implementeringen av livsmedelsgodk\u00e4nd PCTG och kretskort utan tunga metaller betonar efterlevnaden av globala s\u00e4kerhetsstandarder f\u00f6r konsumentelektronik.<\/li>\n<\/ul>\n<\/div>\n<div style=\"background-color: #ffffff;padding: 30px;border-radius: 10px;margin: 40px 0;border: 1px solid #dcdde1\">\n<h3 style=\"color: #2c3e50;font-size: 24px;border-bottom: 2px solid #bdc3c7;padding-bottom: 12px;margin-top: 0\">Empiriska och efterlevnadsrelaterade fr\u00e5gor och svar<\/h3>\n<div style=\"margin-top: 20px\">\n<h4 style=\"color: #2980b9;font-size: 18px;margin-bottom: 8px\">Hur valideras 9000 puffantalet empiriskt?<\/h4>\n<p style=\"color: #555;font-size: 16px;margin-top: 0;margin-bottom: 20px;line-height: 1.6\">Kapaciteten valideras med hj\u00e4lp av automatiserad puffningsmaskin kalibrerad till standardparametrar f\u00f6r m\u00e4nsklig inandning (vanligtvis 1,5 till 2,0 sekunders drag). Den m\u00e4ter det exakta utt\u00f6mningen av det interna 15ml-reservoaren och s\u00e4kerst\u00e4ller att det volymetriska utmatningen matchar de strukturella specifikationerna.<\/p>\n<\/div>\n<div>\n<h4 style=\"color: #2980b9;font-size: 18px;margin-bottom: 8px\">P\u00e5verkar den justerbara luftfl\u00f6desfunktionen den termodynamiska utmatningen?<\/h4>\n<p style=\"color: #555;font-size: 16px;margin-top: 0;margin-bottom: 20px;line-height: 1.6\">Ja. Genom att begr\u00e4nsa den pneumatiska intaget minskar luft-till-\u00e5ng-f\u00f6rh\u00e5llandet, vilket resulterar i en t\u00e4tare, varmare drag. \u00d6ppnande av luftfl\u00f6det \u00f6kar volymen av omgivande luft som kyler mesh-elementet, vilket resulterar i en svalare, mer volumin\u00f6s molnproduktion.<\/p>\n<\/div>\n<div>\n<h4 style=\"color: #2980b9;font-size: 18px;margin-bottom: 8px\">Vilka kvalitetss\u00e4kringssteg vidtar VapeXYZ f\u00f6r grossistbest\u00e4llningar?<\/h4>\n<p style=\"color: #555;font-size: 16px;margin-top: 0;margin-bottom: 20px;line-height: 1.6\">Med 8 \u00e5rs erfarenhet av distribution ut\u00f6var VapeXYZ strikta protokoll f\u00f6r batch-testning. Vi verifierar standardens efterlevnad, s\u00e4kerst\u00e4ller s\u00e4kra leveranskedjelogistik och garanterar att alla disponibla vapes som skickas uppr\u00e4tth\u00e5ller fabriksf\u00f6rseglingsintegritet, vilket eliminerar risken f\u00f6r f\u00f6rfalskad distribution.<\/p>\n<\/div>\n<div>\n<h4 style=\"color: #2980b9;font-size: 18px;margin-bottom: 8px\">\u00c4r de interna komponenterna f\u00f6renliga med konsumentens s\u00e4kerhetsstandarder?<\/h4>\n<p style=\"color: #555;font-size: 16px;margin-top: 0;margin-bottom: 0;line-height: 1.6\">Absolut. Den interna elektronikdelen \u00e4r utformad i enlighet med standarddirektiven CE och RoHS f\u00f6r att f\u00f6rhindra exponering f\u00f6r tungmetaller, medan det prim\u00e4ra chassit och munstycket anv\u00e4nder v\u00e4rmebest\u00e4ndiga, livsmedelsgodk\u00e4nda material f\u00f6r att f\u00f6rhindra termisk nedbrytning.<\/p>\n<\/div>\n<\/div>\n<\/article>","protected":false},"excerpt":{"rendered":"<p><strong>\ud83d\udc4b<\/strong>VOPK COOL BAR-9000\u00a0Puffs\u00a0finns att k\u00f6pa som en<strong> <span style=\"color: #ed1c24\">Provl\u00e5da (1 l\u00e5da inneh\u00e5llande alla 10 olika smaker).<\/span><\/strong><\/p>\n<p>Unna dig en premium vape-upplevelse med v\u00e5r VOPK COOL BAR-9000 PUFFS 0% 2% 3% 5% Styrka Eng\u00e5ngsvape Grossist, designad f\u00f6r maximal tillfredsst\u00e4llelse med dess l\u00e5ngvariga batteri, exceptionella smakalternativ och snygg, h\u00e5llbar design.<\/p>","protected":false},"featured_media":34296,"comment_status":"open","ping_status":"closed","template":"","meta":{"_lmt_disableupdate":"no","_lmt_disable":""},"product_brand":[],"product_cat":[853,1009,935,934,927,929,928,930,933,939,932,938,931,936,937,1017,1022,1092,946,1023,1025,1027,951,1030,1031,1033,1036,820,987,1038],"product_tag":[858],"class_list":{"0":"post-20890","1":"product","2":"type-product","3":"status-publish","4":"has-post-thumbnail","6":"product_cat-vopk","7":"product_cat-9000-puff-vapes","8":"product_cat-bulk-buy-disposable-vapes-in-austria","9":"product_cat-bulk-buy-disposable-vapes-in-belgium","10":"product_cat-bulk-buy-disposable-vapes-in-europe","11":"product_cat-bulk-buy-disposable-vapes-in-france","12":"product_cat-bulk-buy-disposable-vapes-in-germany","13":"product_cat-bulk-buy-disposable-vapes-in-italy","14":"product_cat-bulk-buy-disposable-vapes-in-netherlands","15":"product_cat-bulk-buy-disposable-vapes-in-norway","16":"product_cat-bulk-buy-disposable-vapes-in-poland","17":"product_cat-bulk-buy-disposable-vapes-in-portugal","18":"product_cat-bulk-buy-disposable-vapes-in-spain","19":"product_cat-bulk-buy-disposable-vapes-in-sweden","20":"product_cat-bulk-buy-disposable-vapes-in-switzerland","21":"product_cat-buy-best-disposable-vape-flavors","22":"product_cat-cola-flavor-disposable-vapes","23":"product_cat-disposable-vape-variety-pack","24":"product_cat-disposable-vapes-series","25":"product_cat-grape-flavor-disposable-vapes","26":"product_cat-ice-flavor-disposable-vapes","27":"product_cat-lemon-flavor-disposable-vapes","28":"product_cat-lower-nicotine-vapes","29":"product_cat-mint-flavor-disposable-vapes","30":"product_cat-mixed-berries-flavor-disposable-vapes","31":"product_cat-peach-flavor-disposable-vapes","32":"product_cat-red-bull-flavor-disposable-vapes","33":"product_cat-vape","34":"product_cat-vape-shop-by-puffs","35":"product_cat-watermelon-flavor-disposable-vapes","36":"product_tag-featured-products","38":"first","39":"instock","40":"shipping-taxable","41":"purchasable","42":"product-type-variable","43":"has-default-attributes"},"jetpack_sharing_enabled":true,"tiered_pricing_type":"fixed","tiered_pricing_fixed_rules":[],"tiered_pricing_product_settings":{"layout":"default","base_unit_name":{"singular":null,"plural":null},"default_variation":null},"tiered_pricing_minimum_quantity":null,"tiered_pricing_roles_data":[],"tiered_pricing_percentage_rules":[],"tiered_pricing_maximum_quantity":null,"tiered_pricing_quantity_step":null,"_links":{"self":[{"href":"https:\/\/vapexyz.com\/sv\/wp-json\/wp\/v2\/product\/20890","targetHints":{"allow":["GET"]}}],"collection":[{"href":"https:\/\/vapexyz.com\/sv\/wp-json\/wp\/v2\/product"}],"about":[{"href":"https:\/\/vapexyz.com\/sv\/wp-json\/wp\/v2\/types\/product"}],"replies":[{"embeddable":true,"href":"https:\/\/vapexyz.com\/sv\/wp-json\/wp\/v2\/comments?post=20890"}],"wp:featuredmedia":[{"embeddable":true,"href":"https:\/\/vapexyz.com\/sv\/wp-json\/wp\/v2\/media\/34296"}],"wp:attachment":[{"href":"https:\/\/vapexyz.com\/sv\/wp-json\/wp\/v2\/media?parent=20890"}],"wp:term":[{"taxonomy":"product_brand","embeddable":true,"href":"https:\/\/vapexyz.com\/sv\/wp-json\/wp\/v2\/product_brand?post=20890"},{"taxonomy":"product_cat","embeddable":true,"href":"https:\/\/vapexyz.com\/sv\/wp-json\/wp\/v2\/product_cat?post=20890"},{"taxonomy":"product_tag","embeddable":true,"href":"https:\/\/vapexyz.com\/sv\/wp-json\/wp\/v2\/product_tag?post=20890"}],"curies":[{"name":"wp","href":"https:\/\/api.w.org\/{rel}","templated":true}]}}