{"id":15913,"date":"2024-03-03T12:39:36","date_gmt":"2024-03-03T12:39:36","guid":{"rendered":"https:\/\/vapexyz.com\/?page_id=15913"},"modified":"2025-09-08T03:35:28","modified_gmt":"2025-09-08T03:35:28","slug":"grossistforfragan","status":"publish","type":"page","link":"https:\/\/vapexyz.com\/sv\/wholesale-request\/","title":{"rendered":"Grossistf\u00f6rfr\u00e5gan"},"content":{"rendered":"<section class=\"section\" id=\"section_1290045564\">\n\t\t<div class=\"section-bg fill\" >\n\t\t\t\t\t\t\t\t\t\n\t\t\t\n\n\t\t<\/div>\n\n\t\t\n\n\t\t<div class=\"section-content relative\">\n\t\t\t\n<div class=\"row\"  id=\"row-1625221174\">\n\n\t<div id=\"col-621501882\" class=\"col medium-6 small-12 large-6\"  >\n\t\t\t\t<div class=\"col-inner\"  >\n\t\t\t\n\t\t\t\n<h2>Grossistf\u00f6rfr\u00e5gan<\/h2>\n<p>VapeXYZ utm\u00e4rker sig som den ultimata navet f\u00f6r grossistk\u00f6p av eng\u00e5ngs-e-cigaretter, och erbjuder ostoppbart konkurrenskraftiga priser \u00f6ver hela de europeiska och amerikanska regionerna. V\u00e5r m\u00e5ngfaldiga samling presenterar ett brett utbud av bulk-eng\u00e5ngs-e-cigaretter fr\u00e5n v\u00e4lk\u00e4nda m\u00e4rken som Elf Box, Waspe, Uwin, RandM, Bang, Doloda, JNR, AIRMEZ och m\u00e5nga fler. Med ett engagemang f\u00f6r innovation presenterar vi regelbundet nya val av eng\u00e5ngs-vapes medan vi tillhandah\u00e5ller attraktiva bulkrabatter och ekonomiska priser speciellt anpassade f\u00f6r vape- och r\u00f6kbutiker. Den \u00f6kande trenden av eng\u00e5ngs-e-cigaretter tillskrivs deras anv\u00e4ndarv\u00e4nliga design, prisv\u00e4rdhet och bekv\u00e4mlighet, allt som bidrar till deras \u00f6kande popularitet.<\/p>\n<h2>KONTAKTA OSS F\u00d6R ALLA FR\u00c5GOR<\/h2>\n<p>Om du funderar p\u00e5 att k\u00f6pa v\u00e5ra produkter i bulk och dra nytta av st\u00f6rre rabatter, \u00e4r vi glada att informera dig om att vi erbjuder grossistalternativ som \u00e4r skr\u00e4ddarsydda f\u00f6r att m\u00f6ta dina behov.<\/p>\n<p>F\u00f6r grossistf\u00f6rfr\u00e5gningar \u00e4r du v\u00e4lkommen att <strong><a href=\"https:\/\/vapexyz.com\/sv\/kontakta-oss\/\">kontakta oss<\/a> <\/strong>via e-post p\u00e5 info@vapexyz.com. V\u00e5rt engagerade team hj\u00e4lper dig mer \u00e4n g\u00e4rna med alla fr\u00e5gor du kan ha ang\u00e5ende bulkk\u00f6p, priser och tillg\u00e4ngliga rabatter.<\/p>\n\t\t<\/div>\n\t\t\t\t\t<\/div>\n\n\t\n\n\t<div id=\"col-1734105260\" class=\"col medium-6 small-12 large-6\"  >\n\t\t\t\t<div class=\"col-inner\"  >\n\t\t\t\n\t\t\t\n\n<div class=\"wpcf7 no-js\" id=\"wpcf7-f14-o1\" lang=\"en-US\" dir=\"ltr\" data-wpcf7-id=\"14\">\n<div class=\"screen-reader-response\"><p role=\"status\" aria-live=\"polite\" aria-atomic=\"true\"><\/p> <ul><\/ul><\/div>\n<form action=\"\/sv\/wp-json\/wp\/v2\/pages\/15913#wpcf7-f14-o1\" method=\"post\" class=\"wpcf7-form init\" aria-label=\"Kontaktformul\u00e4r\" novalidate=\"novalidate\" data-status=\"init\" data-trp-original-action=\"\/sv\/wp-json\/wp\/v2\/pages\/15913#wpcf7-f14-o1\">\n<fieldset class=\"hidden-fields-container\"><input type=\"hidden\" name=\"_wpcf7\" value=\"14\" \/><input type=\"hidden\" name=\"_wpcf7_version\" value=\"6.1.5\" \/><input type=\"hidden\" name=\"_wpcf7_locale\" value=\"en_US\" \/><input type=\"hidden\" name=\"_wpcf7_unit_tag\" value=\"wpcf7-f14-o1\" \/><input type=\"hidden\" name=\"_wpcf7_container_post\" value=\"0\" \/><input type=\"hidden\" name=\"_wpcf7_posted_data_hash\" value=\"\" \/>\n<\/fieldset>\n<p><label> Ditt namn<br \/>\n<span class=\"wpcf7-form-control-wrap\" data-name=\"your-name\"><input size=\"40\" maxlength=\"400\" class=\"wpcf7-form-control wpcf7-text wpcf7-validates-as-required\" autocomplete=\"name\" aria-required=\"true\" aria-invalid=\"false\" value=\"\" type=\"text\" name=\"your-name\" \/><\/span> <\/label>\n<\/p>\n<p><label> Din email<br \/>\n<span class=\"wpcf7-form-control-wrap\" data-name=\"your-email\"><input size=\"40\" maxlength=\"400\" class=\"wpcf7-form-control wpcf7-email wpcf7-validates-as-required wpcf7-text wpcf7-validates-as-email\" autocomplete=\"email\" aria-required=\"true\" aria-invalid=\"false\" value=\"\" type=\"email\" name=\"your-email\" \/><\/span> <\/label>\n<\/p>\n<p><label> \u00c4mne<br \/>\n<span class=\"wpcf7-form-control-wrap\" data-name=\"your-subject\"><input size=\"40\" maxlength=\"400\" class=\"wpcf7-form-control wpcf7-text wpcf7-validates-as-required\" aria-required=\"true\" aria-invalid=\"false\" value=\"\" type=\"text\" name=\"your-subject\" \/><\/span> <\/label>\n<\/p>\n<p><label> Ditt meddelande<br \/>\n<span class=\"wpcf7-form-control-wrap\" data-name=\"your-message\"><textarea cols=\"40\" rows=\"10\" maxlength=\"2000\" class=\"wpcf7-form-control wpcf7-textarea wpcf7-validates-as-required\" aria-required=\"true\" aria-invalid=\"false\" name=\"your-message\"><\/textarea><\/span> <\/label><br \/>\n<div class=\"cf7-cf-turnstile\" style=\"margin-top: 0px; margin-bottom: -15px;\"> <div id=\"cf-turnstile-cf7-2180782757\" class=\"cf-turnstile\" data-sitekey=\"0x4AAAAAABilaR2d5jCp8eH3\" data-theme=\"light\" data-language=\"auto\" data-size=\"normal\" data-retry=\"auto\" data-retry-interval=\"1000\" data-refresh-expired=\"auto\" data-refresh-timeout=\"auto\" data-action=\"contact-form-7\" data-callback=\"turnstileCF7Callback\" data-appearance=\"always\"><\/div> <script>document.addEventListener(\"DOMContentLoaded\", function() { setTimeout(function(){ var e=document.getElementById(\"cf-turnstile-cf7-2180782757\"); if(e&&!e.innerHTML.trim()){turnstile.render(e, {sitekey:\"0x4AAAAAABilaR2d5jCp8eH3\"});} }, 200); });<\/script> <br class=\"cf-turnstile-br cf-turnstile-br-cf7-2180782757\"> <style>#cf-turnstile-cf7-2180782757 { margin-left: -15px; }<\/style> <script>document.addEventListener(\"DOMContentLoaded\",function(){document.querySelectorAll('.wpcf7-form').forEach(function(e){e.addEventListener('submit',function(){if(document.getElementById('cf-turnstile-cf7-2180782757')){setTimeout(function(){turnstile.reset('#cf-turnstile-cf7-2180782757');},1000)}})})});<\/script> <\/div><br\/><input class=\"wpcf7-form-control wpcf7-submit has-spinner\" type=\"submit\" value=\"Skicka in\" \/>\n<\/p><div class=\"wpcf7-response-output\" aria-hidden=\"true\"><\/div>\n<input type=\"hidden\" name=\"trp-form-language\" value=\"sv\"\/><\/form>\n<\/div>\n\n\t\t<\/div>\n\t\t\t\t\t<\/div>\n\n\t\n<\/div>\n\t\t<\/div>\n\n\t\t\n<style>\n#section_1290045564 {\n  padding-top: 30px;\n  padding-bottom: 30px;\n}\n<\/style>\n\t<\/section>","protected":false},"excerpt":{"rendered":"","protected":false},"author":1,"featured_media":0,"parent":0,"menu_order":0,"comment_status":"closed","ping_status":"closed","template":"page-blank-title-center.php","meta":{"_lmt_disableupdate":"","_lmt_disable":"","footnotes":""},"class_list":["post-15913","page","type-page","status-publish","hentry"],"jetpack_sharing_enabled":true,"_links":{"self":[{"href":"https:\/\/vapexyz.com\/sv\/wp-json\/wp\/v2\/pages\/15913","targetHints":{"allow":["GET"]}}],"collection":[{"href":"https:\/\/vapexyz.com\/sv\/wp-json\/wp\/v2\/pages"}],"about":[{"href":"https:\/\/vapexyz.com\/sv\/wp-json\/wp\/v2\/types\/page"}],"author":[{"embeddable":true,"href":"https:\/\/vapexyz.com\/sv\/wp-json\/wp\/v2\/users\/1"}],"replies":[{"embeddable":true,"href":"https:\/\/vapexyz.com\/sv\/wp-json\/wp\/v2\/comments?post=15913"}],"version-history":[{"count":0,"href":"https:\/\/vapexyz.com\/sv\/wp-json\/wp\/v2\/pages\/15913\/revisions"}],"wp:attachment":[{"href":"https:\/\/vapexyz.com\/sv\/wp-json\/wp\/v2\/media?parent=15913"}],"curies":[{"name":"wp","href":"https:\/\/api.w.org\/{rel}","templated":true}]}}