{"id":15910,"date":"2024-03-03T09:31:31","date_gmt":"2024-03-03T09:31:31","guid":{"rendered":"https:\/\/vapexyz.com\/?page_id=15910"},"modified":"2026-03-07T07:48:23","modified_gmt":"2026-03-07T07:48:23","slug":"spara-din-order","status":"publish","type":"page","link":"https:\/\/vapexyz.com\/sv\/track-your-order\/","title":{"rendered":"Sp\u00e5ra din order"},"content":{"rendered":"<div class=\"woocommerce\"><\/div>\n<p>Du kan sp\u00e5ra din best\u00e4llning via\u00a0<strong><a href=\"https:\/\/t.17track.net\/en\" target=\"_blank\" rel=\"noopener\">17 sp\u00e5r<\/a><\/strong>:\u00a0<a href=\"https:\/\/t.17track.net\/en\" target=\"_blank\" rel=\"noopener\">https:\/\/t.17track.net\/en<\/a><\/p>\n<p>\uff08Observera att under de f\u00f6rsta dagarna innan best\u00e4llningen skickas, eftersom sp\u00e5rningsinformationen inte uppdateras i tid, kanske du inte kan hitta n\u00e5gon information, v\u00e4nta n\u00e5gra dagar innan du kontrollerar. V\u00e4nligen oroa dig inte, vi kommer att leverera best\u00e4llningen i tid.\uff09<\/p>\n<p>Har du fr\u00e5gor om best\u00e4llningen kan du kontakta oss via whatsapp.<\/p>","protected":false},"excerpt":{"rendered":"<p>You can track your order via\u00a017track:\u00a0https:\/\/t.17track.net\/en \uff08Please note that in the first few days before the order is shipped, because the tracking information is not updated in time, you may not be able to find any information, please wait a few days before checking. Please don\u2019t worry, we will deliver the order in time.\uff09 If [&#8230;]\n","protected":false},"author":1,"featured_media":0,"parent":0,"menu_order":0,"comment_status":"closed","ping_status":"closed","template":"page-blank-title-center.php","meta":{"_lmt_disableupdate":"no","_lmt_disable":"","footnotes":""},"class_list":["post-15910","page","type-page","status-publish","hentry"],"jetpack_sharing_enabled":true,"_links":{"self":[{"href":"https:\/\/vapexyz.com\/sv\/wp-json\/wp\/v2\/pages\/15910","targetHints":{"allow":["GET"]}}],"collection":[{"href":"https:\/\/vapexyz.com\/sv\/wp-json\/wp\/v2\/pages"}],"about":[{"href":"https:\/\/vapexyz.com\/sv\/wp-json\/wp\/v2\/types\/page"}],"author":[{"embeddable":true,"href":"https:\/\/vapexyz.com\/sv\/wp-json\/wp\/v2\/users\/1"}],"replies":[{"embeddable":true,"href":"https:\/\/vapexyz.com\/sv\/wp-json\/wp\/v2\/comments?post=15910"}],"version-history":[{"count":0,"href":"https:\/\/vapexyz.com\/sv\/wp-json\/wp\/v2\/pages\/15910\/revisions"}],"wp:attachment":[{"href":"https:\/\/vapexyz.com\/sv\/wp-json\/wp\/v2\/media?parent=15910"}],"curies":[{"name":"wp","href":"https:\/\/api.w.org\/{rel}","templated":true}]}}