{"id":69975,"date":"2026-03-31T07:50:53","date_gmt":"2026-03-31T07:50:53","guid":{"rendered":"https:\/\/vapexyz.com\/?post_type=product&#038;p=69975"},"modified":"2026-03-31T08:07:35","modified_gmt":"2026-03-31T08:07:35","slug":"airmez-fox-8-v-1-160-000-vpihov-vaporizator-za-enkratno-uporabo-veleprodaja-nakup-v-velikih-kolicinah-160k-zmogljivost-60-ml-prikazovalna-skatla-z-mrezno-tuljavo","status":"publish","type":"product","link":"https:\/\/vapexyz.com\/sl\/product\/airmez-fox-8-in-1-160000-puffs-disposable-vapes-wholesale-bulk-buy-160k-60ml-capacity-mesh-coil-display-box\/","title":{"rendered":"Airmez Fox 8 v 1 - 160.000 puffov, vape za enkratno uporabo, veleprodaja, nakup v razsutem stanju, 160K, zmogljivost 60 ml, prikazovalna \u0161katla z mre\u017eno tuljavo"},"content":{"rendered":"<article style=\"font-family: 'Inter', -apple-system, BlinkMacSystemFont, 'Segoe UI', Roboto, Helvetica, Arial, sans-serif; line-height: 1.8; color: #334155; margin: 0 auto; padding: 40px 20px; background-color: #f8fafc;\">\n<div style=\"text-align: center; margin-bottom: 40px; padding: 40px 20px; background: linear-gradient(135deg, #0f172a 0%, #1e293b 100%); border-radius: 16px;\">\n<h2 style=\"font-size: 2.5em; color: #f8fafc; margin-bottom: 15px; text-transform: uppercase; letter-spacing: 1.5px; font-weight: 800;\"><a href=\"https:\/\/vapexyz.com\/sl\/kategorijo-izdelkov\/airmez-disposable-vape\/\">Airmez Fox<\/a> 8 V 1 Vape za enkratno uporabo s 160.000 vdihi<\/h2>\n<p style=\"font-size: 1.25em; color: #94a3b8; font-weight: 500; margin: 0;\">Neprehodna zmogljivost 160K | Arhitektura Quad Tank | Re\u0161itev za veleprodajne nakupe na veliko<\/p>\n<\/div>\n<section style=\"margin-bottom: 50px; background-color: #ffffff; padding: 30px; border-radius: 12px;\">\n<h2 style=\"color: #0f172a; border-bottom: 3px solid #e2e8f0; padding-bottom: 12px; font-size: 1.8em; margin-top: 0;\">Vodilni v industriji: The <a href=\"https:\/\/vapexyz.com\/sl\/\">VapeXYZ<\/a> Veleprodajna zaveza<\/h2>\n<p>Dobrodo\u0161li v VapeXYZ, va\u0161em vrhunskem spletnem sredi\u0161\u010du in glavnem distributerju visokokakovostnih zaupravljivih vape naprav. Z ve\u010d kot 8 leti izku\u0161enj v globalnem distributivnem sektorju smo ustanovili robustno omre\u017eje dobaviteljev, ki daje prednost kakovosti, zanesljivosti in skladnosti s tr\u017enimi predpisi. Smo navdu\u0161eni, da na\u0161im poslovnim strankam (B2B) predstavimo svet vrhunskih blagovnih znamk, vklju\u010dno z BANG BOX, WASPE, UWIN, BIMO, RandM, BANG, VOZOL, Elf Box, MYDE in posebej revolucionarno serijo AIRMEZ.<\/p>\n<p>Kot profesionalni veletrgovec VapeXYZ povezuje vrzel med vrhunsko proizvodnjo in maloprodajno pripravljenostjo. Ponujamo najbolj iskane vape izdelke po zelo konkuren\u010dnih nizkih cenah, s samo 10 kosi kot minimalno koli\u010dino naro\u010dila (MOQ), ki je zelo dostopna. Ta nizka struktura MOQ je namensko zasnovana tako, da omogo\u010da maloprodajnim partnerjem vseh velikosti, da preizkusijo izvedljivost trga, preden se zave\u017eejo k ve\u010djim koli\u0161inam glavnih kartonov. Ko pri VapeXYZ kupujete na veliko, ste garantirani za cene neposredno iz veletrgovine, stroge kontrole kakovosti in nemoten postopek nabave, ki \u0161\u010diti va\u0161e maloprodajne mar\u017ee in dviguje standarde va\u0161ega inventarja.<\/p>\n<\/section>\n<section style=\"margin-bottom: 50px;\">\n<h2 style=\"color: #0f172a; border-bottom: 3px solid #e2e8f0; padding-bottom: 12px; font-size: 1.8em;\">In\u017eenirska strokovnost: Razstavitev AIRMEZ FOX<\/h2>\n<p>AIRMEZ FOX 8 V 1 ni samo \u0161e en vstop na trg, temve\u010d predstavlja temeljni premik v strukturnem in\u017eenirstvu visoko zmogljivih zaupnih vape. Zagotavljanje osupljivih 160.000 vdihov (160K) zahteva natan\u010dno mikroelektroniko, u\u010dinkovite termodinami\u010dne lastnosti in skrbno zasnovan sistem rezervoarja. Na\u0161a tehni\u010dna analiza spodaj poudarja posebne strojne komponente, ki omogo\u010dajo, da ta naprava deluje dosledno v celotnem podalj\u0161anem \u017eivljenjskem ciklu brez poslab\u0161anja zmogljivosti.<\/p>\n<table style=\"width: 100%; border-collapse: separate; border-spacing: 0; margin: 30px 0; border-radius: 12px; overflow: hidden;\">\n<thead>\n<tr style=\"background-color: #1e293b; color: #ffffff; text-align: left;\">\n<th style=\"padding: 18px; font-weight: 600; font-size: 1.1em;\">Tehni\u010dna specifikacija<\/th>\n<th style=\"padding: 18px; font-weight: 600; font-size: 1.1em;\">Tehni\u010dne podrobnosti<\/th>\n<th style=\"padding: 18px; font-weight: 600; font-size: 1.1em;\">Tehni\u010dna utemeljitev in prednosti<\/th>\n<\/tr>\n<\/thead>\n<tbody style=\"background-color: #ffffff;\">\n<tr>\n<td style=\"padding: 18px; font-weight: 600;\">Segmentirana zmogljivost<\/td>\n<td style=\"padding: 18px;\">15 ml * 4 neodvisne posode (skupaj 60 ml)<\/td>\n<td style=\"padding: 18px;\">S tem, da celotno prostornino 60 ml razdeli na \u0161tiri lo\u010dene komore po 15 ml, naprava prepre\u010duje zgodnje oksidacijo in zagotavlja stalno u\u010dinkovitost od prvega do zadnjega vpihanja.<\/td>\n<\/tr>\n<tr style=\"background-color: #f8fafc;\">\n<td style=\"padding: 18px; font-weight: 600;\">Matrika atomizacije<\/td>\n<td style=\"padding: 18px;\">Napredna mre\u017easta tuljava<\/td>\n<td style=\"padding: 18px;\">Zagotavlja enakomerno segrevanje in gost proizvodnjo pare.<\/td>\n<\/tr>\n<tr>\n<td style=\"padding: 18px; font-weight: 600;\">Upravljanje porabe energije<\/td>\n<td style=\"padding: 18px;\">650 mAh polnilna baterija<\/td>\n<td style=\"padding: 18px;\">Zagotavlja stabilen izhod tudi pri dolgotrajni uporabi.<\/td>\n<\/tr>\n<tr style=\"background-color: #f8fafc;\">\n<td style=\"padding: 18px; font-weight: 600;\">Polnjenje<\/td>\n<td style=\"padding: 18px;\">Tip-C<\/td>\n<td style=\"padding: 18px;\">Hitro in priro\u010dno polnjenje.<\/td>\n<\/tr>\n<\/tbody>\n<\/table>\n<\/section>\n<section style=\"margin-bottom: 50px;\">\n<h2 style=\"color: #0f172a; border-bottom: 3px solid #e2e8f0; padding-bottom: 12px; font-size: 1.8em;\">Kuratirano izbrani senzori\u010dni profili: 8 dinami\u010dnih mo\u017enosti v enem<\/h2>\n<div style=\"grid-template-columns: repeat(auto-fit, minmax(320px, 1fr)); gap: 20px; margin-top: 25px;\">\n<div style=\"padding: 20px; border-radius: 8px;\">Mo\u017enost 1:<br \/>\nBINGO CRUSH | TROJNI MANGO | ME\u0160ANE JAGODE | LIKOPIN\u010cEV leden<\/div>\n<div style=\"padding: 20px; border-radius: 8px;\">Mo\u017enost 2:<br \/>\nLjubim 66 | Jagoda Led | Modra Malina Limonada | Ananas Led<\/div>\n<div style=\"padding: 20px; border-radius: 8px;\">Mo\u017enost 3:<br \/>\nLubenica led | LOVE66 | Dvojno jabolko | Mango breskev<\/div>\n<div style=\"padding: 20px; border-radius: 8px;\">Mo\u017enost 4:<br \/>\nMe\u0161ane jagode | Borovnica Malina | Lubenica Ice | Cola Ice<\/div>\n<div style=\"padding: 20px; border-radius: 8px;\">Mo\u017enost 5:<br \/>\nMango breskev | Tropsko sadje | Jagodi\u010d limonada | Jagodi\u010d lubenica<\/div>\n<div style=\"padding: 20px; border-radius: 8px;\">Mo\u017enost 6:<br \/>\n\u010de\u0161njeva ledica | jagodno zmajevo sadje | trojni mango | modri razz<\/div>\n<div style=\"padding: 20px; border-radius: 8px;\">Mo\u017enost 7:<br \/>\nZmajev sad Ice | Bingo Crush | Love66 | Ananas Mango Breskev<\/div>\n<div style=\"padding: 20px; border-radius: 8px;\">Mo\u017enost 8:<br \/>\nDR BLUE | VI\u0160NJA JAGODA | JAGODA LUBENICA | BRESKVA JAGODA<\/div>\n<div style=\"padding: 20px; border-radius: 8px;\">Mo\u017enost 9:<br \/>\nbreskva led | me\u0161anje jagod | melona in pasijonka | trojni mango<\/div>\n<div style=\"padding: 20px; border-radius: 8px;\">Mo\u017enost 10:<br \/>\nMango ledeno | Pribriz \u010de\u0161nje kolin | Jagoda malina | Me\u0161ano jagodi\u010devje<\/div>\n<\/div>\n<\/section>\n<section style=\"margin-bottom: 50px;\">\n<div style=\"background: #eff6ff; padding: 30px; border-radius: 12px;\">\n<h3>Tehni\u010dni vpogled: Prednost Quad Tank<\/h3>\n<p>Sistem s \u0161tirikratnim rezervoarjem 15 ml * 4 zagotavlja sve\u010do okusno izku\u0161njo tako, da izolira vsako komoro, prepre\u010duje oksidacijo in vzdr\u017euje dosledno kakovost okusa skozi celotno \u017eivljenjsko dobo naprave.<\/p>\n<\/div>\n<\/section>\n<section>\n<h2 style=\"color: #0f172a; border-bottom: 3px solid #e2e8f0; padding-bottom: 12px; font-size: 1.8em;\">pogosta vpra\u0161anja<\/h2>\n<p><strong>Vpra\u0161anje:<\/strong> Ali lahko resni\u010dno dose\u017ee 160.000 vdihov?<\/p>\n<p><strong>A:<\/strong> Da, z ve\u010dkratnim polnjenjem in u\u010dinkovito uporabo zmogljivosti.<\/p>\n<p><strong>Vpra\u0161anje:<\/strong> Kaj jo razlikuje?<\/p>\n<p><strong>A:<\/strong> Sistem s \u0161tirimi rezervoarji zagotavlja bolj\u0161i okus in dalj\u0161o \u017eivljenjsko dobo.<\/p>\n<\/section>\n<\/article>\n<p><img loading=\"lazy\" decoding=\"async\" class=\"size-full wp-image-69990 aligncenter\" src=\"https:\/\/vapexyz.com\/wp-content\/uploads\/2026\/03\/AIRMEZ-FOX-6-IN-1-160000-Puffs-Disposable-Vapes-Wholesale-Bulk-Buy-160K-45ML-Capacity-Mesh-Coil-scaled.webp\" alt=\"Airmez Fox 8 v 1 - 160.000 puffov, vape za enkratno uporabo, veleprodaja, nakup v razsutem stanju, 160K, zmogljivost 60 ml, prikazovalna \u0161katla z mre\u017eno tuljavo\" width=\"1810\" height=\"2560\" title=\"\" srcset=\"https:\/\/vapexyz.com\/wp-content\/uploads\/2026\/03\/AIRMEZ-FOX-6-IN-1-160000-Puffs-Disposable-Vapes-Wholesale-Bulk-Buy-160K-45ML-Capacity-Mesh-Coil-scaled.webp 1810w, https:\/\/vapexyz.com\/wp-content\/uploads\/2026\/03\/AIRMEZ-FOX-6-IN-1-160000-Puffs-Disposable-Vapes-Wholesale-Bulk-Buy-160K-45ML-Capacity-Mesh-Coil-353x500.webp 353w, https:\/\/vapexyz.com\/wp-content\/uploads\/2026\/03\/AIRMEZ-FOX-6-IN-1-160000-Puffs-Disposable-Vapes-Wholesale-Bulk-Buy-160K-45ML-Capacity-Mesh-Coil-724x1024.webp 724w, https:\/\/vapexyz.com\/wp-content\/uploads\/2026\/03\/AIRMEZ-FOX-6-IN-1-160000-Puffs-Disposable-Vapes-Wholesale-Bulk-Buy-160K-45ML-Capacity-Mesh-Coil-768x1086.webp 768w, https:\/\/vapexyz.com\/wp-content\/uploads\/2026\/03\/AIRMEZ-FOX-6-IN-1-160000-Puffs-Disposable-Vapes-Wholesale-Bulk-Buy-160K-45ML-Capacity-Mesh-Coil-1086x1536.webp 1086w, https:\/\/vapexyz.com\/wp-content\/uploads\/2026\/03\/AIRMEZ-FOX-6-IN-1-160000-Puffs-Disposable-Vapes-Wholesale-Bulk-Buy-160K-45ML-Capacity-Mesh-Coil-1448x2048.webp 1448w, https:\/\/vapexyz.com\/wp-content\/uploads\/2026\/03\/AIRMEZ-FOX-6-IN-1-160000-Puffs-Disposable-Vapes-Wholesale-Bulk-Buy-160K-45ML-Capacity-Mesh-Coil-8x12.webp 8w, https:\/\/vapexyz.com\/wp-content\/uploads\/2026\/03\/AIRMEZ-FOX-6-IN-1-160000-Puffs-Disposable-Vapes-Wholesale-Bulk-Buy-160K-45ML-Capacity-Mesh-Coil-510x721.webp 510w\" sizes=\"auto, (max-width: 1810px) 100vw, 1810px\" \/><\/p>","protected":false},"excerpt":{"rendered":"<p>AIRMEZ FOX 8 V 1 odlo\u017eljivi vape zdru\u017eujejo revolucionarno 45 ml arhitekturo s trojnim rezervoarjem in napredno tehnologijo mre\u017easte spirale ter tako zagotavljajo nesprejemljivih 160.000 vdihov z dinami\u010dnimi senzori\u010dnimi profili.<\/p>","protected":false},"featured_media":69983,"comment_status":"open","ping_status":"closed","template":"","meta":{"_lmt_disableupdate":"no","_lmt_disable":""},"product_brand":[],"product_cat":[1086,1093,947,935,934,927,929,928,930,933,939,932,938,931,936,937,1017,949,946,950,951,953,987],"product_tag":[],"class_list":{"0":"post-69975","1":"product","2":"type-product","3":"status-publish","4":"has-post-thumbnail","6":"product_cat-airmez-disposable-vapes","7":"product_cat-150000-puffs-vapes","8":"product_cat-big-puffs-vapes","9":"product_cat-bulk-buy-disposable-vapes-in-austria","10":"product_cat-bulk-buy-disposable-vapes-in-belgium","11":"product_cat-bulk-buy-disposable-vapes-in-europe","12":"product_cat-bulk-buy-disposable-vapes-in-france","13":"product_cat-bulk-buy-disposable-vapes-in-germany","14":"product_cat-bulk-buy-disposable-vapes-in-italy","15":"product_cat-bulk-buy-disposable-vapes-in-netherlands","16":"product_cat-bulk-buy-disposable-vapes-in-norway","17":"product_cat-bulk-buy-disposable-vapes-in-poland","18":"product_cat-bulk-buy-disposable-vapes-in-portugal","19":"product_cat-bulk-buy-disposable-vapes-in-spain","20":"product_cat-bulk-buy-disposable-vapes-in-sweden","21":"product_cat-bulk-buy-disposable-vapes-in-switzerland","22":"product_cat-buy-best-disposable-vape-flavors","23":"product_cat-digital-box-vapes","24":"product_cat-disposable-vapes-series","25":"product_cat-dual-mesh-vapes","26":"product_cat-lower-nicotine-vapes","27":"product_cat-rechargeable-vapes","28":"product_cat-vape-shop-by-puffs","30":"first","31":"instock","32":"shipping-taxable","33":"purchasable","34":"product-type-variable","35":"has-default-attributes"},"jetpack_sharing_enabled":true,"tiered_pricing_type":"fixed","tiered_pricing_fixed_rules":[],"tiered_pricing_product_settings":{"layout":"default","base_unit_name":{"singular":null,"plural":null},"default_variation":null},"tiered_pricing_minimum_quantity":null,"tiered_pricing_roles_data":[],"tiered_pricing_percentage_rules":[],"tiered_pricing_maximum_quantity":null,"tiered_pricing_quantity_step":null,"_links":{"self":[{"href":"https:\/\/vapexyz.com\/sl\/wp-json\/wp\/v2\/product\/69975","targetHints":{"allow":["GET"]}}],"collection":[{"href":"https:\/\/vapexyz.com\/sl\/wp-json\/wp\/v2\/product"}],"about":[{"href":"https:\/\/vapexyz.com\/sl\/wp-json\/wp\/v2\/types\/product"}],"replies":[{"embeddable":true,"href":"https:\/\/vapexyz.com\/sl\/wp-json\/wp\/v2\/comments?post=69975"}],"wp:featuredmedia":[{"embeddable":true,"href":"https:\/\/vapexyz.com\/sl\/wp-json\/wp\/v2\/media\/69983"}],"wp:attachment":[{"href":"https:\/\/vapexyz.com\/sl\/wp-json\/wp\/v2\/media?parent=69975"}],"wp:term":[{"taxonomy":"product_brand","embeddable":true,"href":"https:\/\/vapexyz.com\/sl\/wp-json\/wp\/v2\/product_brand?post=69975"},{"taxonomy":"product_cat","embeddable":true,"href":"https:\/\/vapexyz.com\/sl\/wp-json\/wp\/v2\/product_cat?post=69975"},{"taxonomy":"product_tag","embeddable":true,"href":"https:\/\/vapexyz.com\/sl\/wp-json\/wp\/v2\/product_tag?post=69975"}],"curies":[{"name":"wp","href":"https:\/\/api.w.org\/{rel}","templated":true}]}}