{"id":69406,"date":"2026-03-13T09:03:56","date_gmt":"2026-03-13T09:03:56","guid":{"rendered":"https:\/\/vapexyz.com\/?post_type=product&#038;p=69406"},"modified":"2026-03-15T14:42:30","modified_gmt":"2026-03-15T14:42:30","slug":"bang-blaze-200k-dsk069-vapes-za-enkratno-uporabo-veleprodaja-nakup-v-razsutem-stanju-200000-vdihov-6-v-1-zamenljiva-dvojna-mreza","status":"publish","type":"product","link":"https:\/\/vapexyz.com\/sl\/product\/bang-blaze-200k-dsk069-disposable-vapes-wholesale-bulk-buy-200000-puffs-6-in-1-switchable-dual-mesh\/","title":{"rendered":"BANG BLAZE 200K DSK069 Vape za enkratno uporabo Veleprodaja Nakup v razsutem stanju 200000 vdihov 6 v 1 Preklopni dvojni mre\u017ea"},"content":{"rendered":"<article>\n<h2 style=\"color: #2c3e50;text-align: center\"><a href=\"https:\/\/vapexyz.com\/sl\/kategorijo-izdelkov\/pok\/\">BANG BLAZE<\/a> 200K DSK069: Najve\u010dji velikan med vapes za enkratno uporabo<\/h2>\n<p>Ali ste pripravljeni na izku\u0161njo vapinga, ki kar naprej? BANG BLAZE 200K DSK069 je tu, da spremeni vse! S svojo osupljivo zmogljivostjo 200.000 vdihov je ta naprava zgrajena za dolgotrajno zabavo. Je barvit, pameten in idealen za vse, ki \u017eelijo zanesljiv, za enkratno uporabo namenjen vape, ki jim bo stal ob strani tedne dni.<\/p>\n<p>V VapeXYZ smo va\u0161 glavni evropski veleprodajni kraj za te neverjetne vape izdelke za enkratno uporabo. Ne glede na to, ali kupujete zase ali za svojo trgovino, poskrbimo, da dobite najbolj\u0161e veleprodajne cene v panogi!<\/p>\n<div style=\"margin: 20px 0;font-family: sans-serif;line-height: 1.6;color: #444\">\n<h3 style=\"color: #2980b9;margin-bottom: 12px\">Zakaj je BANG BLAZE 200K revolucionaren \ud83d\udc8e<\/h3>\n<p style=\"font-size: 1em;margin: 0\">Do\u017eivite prihodnost vapeanja z BANG BLAZE 200K. Zasnovan za maksimalno dolgo \u017eivljenjsko dobo, zagotavlja industrijsko vodilnih 200.000+ vdihov, kar pomeni, da va\u0161e napravo zdr\u017ei tako dolgo, kot zahteva va\u0161 \u017eivljenjski slog. Ostanite popolnoma v kontroli s pomo\u010djo integriranega pametnega LED zaslona za spremljanje baterije in stanja v realnem \u010dasu, medtem ko na\u0161a napredna tehnologija dvojne mre\u017ee zagotavlja konstantno gladek, uravnote\u017een in aromati\u010den vdih od prvega do zadnjega vdihov.<\/p>\n<\/div>\n<h3 style=\"color: #2c3e50\">Razi\u0161\u010dite svoje mo\u017enosti 6 v 1<\/h3>\n<p>Vsaka naprava je kot zakladnica s 6 razli\u010dnimi sortami znotraj! Preverite neverjetne mo\u017enosti, ki so na voljo za nakup na veliko:<\/p>\n<table style=\"width: 100%;border-collapse: collapse;margin: 20px 0;border: 1px solid #ddd;font-family: Arial, sans-serif\">\n<thead>\n<tr style=\"background-color: #34495e;color: white;text-align: left\">\n<th style=\"padding: 12px;border: 1px solid #ddd;width: 30%\">Ime mo\u017enosti<\/th>\n<th style=\"padding: 12px;border: 1px solid #ddd\">Vklju\u010dene sorte (6 v 1)<\/th>\n<\/tr>\n<\/thead>\n<tbody>\n<tr>\n<td style=\"padding: 10px;border: 1px solid #ddd;font-weight: bold;color: #e67e22\">1. Son\u010dna me\u0161anica<\/td>\n<td style=\"padding: 10px;border: 1px solid #ddd\">Breskev led, Limona Lime, Jagoda Lubenica, Malina Grozd, Jagoda Mamba, \u010ce\u0161nja Granatno jabolko<\/td>\n<\/tr>\n<tr style=\"background-color: #f9f9f9\">\n<td style=\"padding: 10px;border: 1px solid #ddd;font-weight: bold;color: #e67e22\">2. Tropski sadovnjak<\/td>\n<td style=\"padding: 10px;border: 1px solid #ddd\">Lubenica led, Jabolko Grozd, Borovnica Malina, Mango Breskev, Ananas Pomaran\u010da, Borovnica Breskev<\/td>\n<\/tr>\n<tr>\n<td style=\"padding: 10px;border: 1px solid #ddd;font-weight: bold;color: #e67e22\">3. Kul Adventura<\/td>\n<td style=\"padding: 10px;border: 1px solid #ddd\">Grozdni led, Malinovo limon, Borovni\u010dev Red Bull, Ananas kokos, Jagodni li\u010di, \u010crni zmaj led<\/td>\n<\/tr>\n<tr style=\"background-color: #f9f9f9\">\n<td style=\"padding: 10px;border: 1px solid #ddd;font-weight: bold;color: #e67e22\">4. Berry Garden<\/td>\n<td style=\"padding: 10px;border: 1px solid #ddd\">Modri\u010dno led, Malinovo lubenica, Aloe vera grozd, Jagodi\u010d banana, Ljubezen 66, Modri\u010dno \u010de\u0161nja<\/td>\n<\/tr>\n<tr>\n<td style=\"padding: 10px;border: 1px solid #ddd;font-weight: bold;color: #e67e22\">5. Sladke dobrote<\/td>\n<td style=\"padding: 10px;border: 1px solid #ddd\">Jabol\u010dni led, Me\u0161ane jagode, Lubenica \u017eve\u010dilni gumi, Modra jagoda lubenica, Jagoda mango, Aloe mango melona<\/td>\n<\/tr>\n<tr style=\"background-color: #f9f9f9\">\n<td style=\"padding: 10px;border: 1px solid #ddd;font-weight: bold;color: #e67e22\">6. Otok Party<\/td>\n<td style=\"padding: 10px;border: 1px solid #ddd\">Ananas Ice, Kivi Passijonka Guava, \u017delezni Medved, Lubenica Zmajevo Sadje, Breskva Mango Lubenica, Borovnica Brusni\u010dna \u010ce\u0161nja<\/td>\n<\/tr>\n<tr>\n<td style=\"padding: 10px;border: 1px solid #ddd;font-weight: bold;color: #e67e22\">7. \u010cisti Sadni Bla\u017e<\/td>\n<td style=\"padding: 10px;border: 1px solid #ddd\">Jagoda, \u010crna Ribez, Ananasov Led, Tropsko Sadje, Grozdica \u017dve\u010dilna Guma, Modra Jagoda Grozd, Mango Passion Fruit<\/td>\n<\/tr>\n<tr style=\"background-color: #f9f9f9\">\n<td style=\"padding: 10px;border: 1px solid #ddd;font-weight: bold;color: #e67e22\">8. Zlata \u017eetev<\/td>\n<td style=\"padding: 10px;border: 1px solid #ddd\">Trojni Mango, Grozd Peach, Jagodno sladoled, Jagoda Kivi, Grozdna energija, Rde\u010da Cola<\/td>\n<\/tr>\n<tr>\n<td style=\"padding: 10px;border: 1px solid #ddd;font-weight: bold;color: #e67e22\">9. Osve\u017eujo\u010d vetri\u010d<\/td>\n<td style=\"padding: 10px;border: 1px solid #ddd\">Banana Ice, Aloe Vera Apple, Pasijonka Grejpfrut, Jagoda Kokos, Jagoda Lubenica \u017dve\u010dilni Gumi, Lubenica Limeta Led<\/td>\n<\/tr>\n<tr style=\"background-color: #f9f9f9\">\n<td style=\"padding: 10px;border: 1px solid #ddd;font-weight: bold;color: #e67e22\">10. Kremast in Trpek<\/td>\n<td style=\"padding: 10px;border: 1px solid #ddd\">\u010ce\u0161njeva Led, Ro\u017enata Limona, Borovni\u010dev Mint, Bananova Sladoled, Pasijonka Ananas Led, Zelena Jabolka Kivi<\/td>\n<\/tr>\n<tr>\n<td style=\"padding: 10px;border: 1px solid #ddd;font-weight: bold;color: #e67e22\">11. Sladke sanje<\/td>\n<td style=\"padding: 10px;border: 1px solid #ddd\">Rainbow Candy, Breskva Hru\u0161ka Led, Kapu\u010dino, Sve\u017ea Mint Mojito, Jagoda Mango \u010crni Ribez, Puha\u010da Marshmallow<\/td>\n<\/tr>\n<tr style=\"background-color: #f9f9f9\">\n<td style=\"padding: 10px;border: 1px solid #ddd;font-weight: bold;color: #e67e22\">12. Super Berry Blast<\/td>\n<td style=\"padding: 10px;border: 1px solid #ddd\">\u010crni ribez, Trojni Melona, Jagoda Malina, Super Jagodi\u010d, Borovnica \u010crni Ribez Jagoda, Breskva Limonin Voda<\/td>\n<\/tr>\n<\/tbody>\n<\/table>\n<div style=\"background-color: #e8f6f3;border-left: 10px solid #1abc9c;padding: 20px;margin: 30px 0;border-radius: 5px\">\n<h3 style=\"color: #16a085;margin-top: 0\">\ud83d\udca1 Znanje Box: Pameten na\u010din za vaping<\/h3>\n<p>BANG BLAZE 200K je zasnovan tako, da je enostaven za uporabo. Namesto da nosite veliko majhnih za enkratno uporabo namenjenih vape naprav, jih lahko zamenjate vse z eno samo napravo. Ima polnilno baterijo s kapaciteto 600 mAh, tako da jo lahko preprosto priklju\u010dite s kablom Type-C in nadaljujete do zadnjega vpihanja. Je pametna izbira za va\u0161 \u017eep in bolj\u0161a za svet okoli nas!<\/p>\n<\/div>\n<h3 style=\"color: #2c3e50\">Tehni\u010dne dejstva<\/h3>\n<table style=\"width: 100%;border-collapse: collapse;margin-bottom: 20px\">\n<thead>\n<tr style=\"background-color: #2c3e50;color: white\">\n<th style=\"padding: 12px;border: 1px solid #ddd\">Specifikacija<\/th>\n<th style=\"padding: 12px;border: 1px solid #ddd\">Podrobnosti<\/th>\n<\/tr>\n<\/thead>\n<tbody>\n<tr>\n<td style=\"padding: 10px;border: 1px solid #ddd;font-weight: bold\">Puff Count<\/td>\n<td style=\"padding: 10px;border: 1px solid #ddd\">200.000 Puffov<\/td>\n<\/tr>\n<tr>\n<td style=\"padding: 10px;border: 1px solid #ddd;font-weight: bold\">Baterija<\/td>\n<td style=\"padding: 10px;border: 1px solid #ddd\">600mAh (Polnilnik Type-C)<\/td>\n<\/tr>\n<tr>\n<td style=\"padding: 10px;border: 1px solid #ddd;font-weight: bold\">Sistem tuljav<\/td>\n<td style=\"padding: 10px;border: 1px solid #ddd\">1,2\u03a9 dvojna mre\u017easta tuljava<\/td>\n<\/tr>\n<tr>\n<td style=\"padding: 10px;border: 1px solid #ddd;font-weight: bold\">Zaslon<\/td>\n<td style=\"padding: 10px;border: 1px solid #ddd\">Digitalni pametni monitor<\/td>\n<\/tr>\n<tr>\n<td style=\"padding: 10px;border: 1px solid #ddd;font-weight: bold\">Izku\u0161nje<\/td>\n<td style=\"padding: 10px;border: 1px solid #ddd\">6-v-1 Preklopne Mo\u017enosti<\/td>\n<\/tr>\n<\/tbody>\n<\/table>\n<div style=\"background-color: #fff9e6;border: 2px dashed #f39c12;border-radius: 15px;padding: 25px;margin-top: 30px\">\n<h3 style=\"color: #d35400;margin-top: 0;text-align: center\">Pogosto zastavljena vpra\u0161anja (FAQ)<\/h3>\n<div style=\"margin-bottom: 15px\">\n<p style=\"font-weight: bold;color: #2980b9;margin-bottom: 5px\">Kako napolnim svoj BANG BLAZE?<\/p>\n<p style=\"margin-top: 0;color: #444\">Preprosto uporabite kabel Type-C (tako kot ve\u010dina sodobnih telefonov) in ga vklju\u010dite na dno naprave. Pametni zaslon vam bo pokazal stanje baterije!<\/p>\n<\/div>\n<hr style=\"border: 0;border-top: 1px solid #f39c12;margin: 15px 0\" \/>\n<div style=\"margin-bottom: 15px\">\n<p style=\"font-weight: bold;color: #2980b9;margin-bottom: 5px\">Ali lahko kupim te v velikih koli\u010dinah za mojo trgovino?<\/p>\n<p style=\"margin-top: 0;color: #444\">Da! VapeXYZ je vodilna platforma za veleprodajo. Specializirani smo za naro\u010dila za razpisne vape izdelke po vsej Evropi in ponujamo najbolj konkuren\u010dne cene.<\/p>\n<\/div>\n<hr style=\"border: 0;border-top: 1px solid #f39c12;margin: 15px 0\" \/>\n<div style=\"margin-bottom: 0\">\n<p style=\"font-weight: bold;color: #2980b9;margin-bottom: 5px\">Koliko mo\u017enosti je v eni napravi?<\/p>\n<p style=\"margin-top: 0;color: #444\">Vsaka naprava BANG BLAZE 200K je opremljena s postavitev \u201c6 v 1\u201d, kar pomeni, da dobite razli\u010dne 6 izku\u0161enj v vsaki enoti!<\/p>\n<\/div>\n<\/div>\n<p><img loading=\"lazy\" decoding=\"async\" class=\"size-full wp-image-69550 aligncenter\" src=\"https:\/\/vapexyz.com\/wp-content\/uploads\/2026\/03\/BANG-BLAZE-200K-DSK069-Disposable-Vapes-Wholesale-Bulk-Buy-200000-Puffs-6-In-1-Switchable-Dual-Mesh-scaled.webp\" alt=\"BANG BLAZE 200K DSK069 Vape za enkratno uporabo Veleprodaja Nakup v razsutem stanju 200000 vdihov 6 v 1 Preklopni dvojni mre\u017ea\" width=\"1129\" height=\"2560\" title=\"\" srcset=\"https:\/\/vapexyz.com\/wp-content\/uploads\/2026\/03\/BANG-BLAZE-200K-DSK069-Disposable-Vapes-Wholesale-Bulk-Buy-200000-Puffs-6-In-1-Switchable-Dual-Mesh-scaled.webp 1129w, https:\/\/vapexyz.com\/wp-content\/uploads\/2026\/03\/BANG-BLAZE-200K-DSK069-Disposable-Vapes-Wholesale-Bulk-Buy-200000-Puffs-6-In-1-Switchable-Dual-Mesh-221x500.webp 221w, https:\/\/vapexyz.com\/wp-content\/uploads\/2026\/03\/BANG-BLAZE-200K-DSK069-Disposable-Vapes-Wholesale-Bulk-Buy-200000-Puffs-6-In-1-Switchable-Dual-Mesh-452x1024.webp 452w, https:\/\/vapexyz.com\/wp-content\/uploads\/2026\/03\/BANG-BLAZE-200K-DSK069-Disposable-Vapes-Wholesale-Bulk-Buy-200000-Puffs-6-In-1-Switchable-Dual-Mesh-768x1741.webp 768w, https:\/\/vapexyz.com\/wp-content\/uploads\/2026\/03\/BANG-BLAZE-200K-DSK069-Disposable-Vapes-Wholesale-Bulk-Buy-200000-Puffs-6-In-1-Switchable-Dual-Mesh-677x1536.webp 677w, https:\/\/vapexyz.com\/wp-content\/uploads\/2026\/03\/BANG-BLAZE-200K-DSK069-Disposable-Vapes-Wholesale-Bulk-Buy-200000-Puffs-6-In-1-Switchable-Dual-Mesh-903x2048.webp 903w, https:\/\/vapexyz.com\/wp-content\/uploads\/2026\/03\/BANG-BLAZE-200K-DSK069-Disposable-Vapes-Wholesale-Bulk-Buy-200000-Puffs-6-In-1-Switchable-Dual-Mesh-5x12.webp 5w, https:\/\/vapexyz.com\/wp-content\/uploads\/2026\/03\/BANG-BLAZE-200K-DSK069-Disposable-Vapes-Wholesale-Bulk-Buy-200000-Puffs-6-In-1-Switchable-Dual-Mesh-510x1156.webp 510w\" sizes=\"auto, (max-width: 1129px) 100vw, 1129px\" \/><\/p>\n<p style=\"text-align: center;margin-top: 40px;font-size: 1.3em;color: #2ecc71;font-weight: bold\">\u2728 Pripravljeni za izku\u0161njo ultimativnega pufa? Obi\u0161\u010dite <a href=\"https:\/\/vapexyz.com\/sl\/\">VapeXYZ<\/a> In pridobi svoj BANG BLAZE 200K \u0161e danes! \ud83d\uded2<\/p>\n<\/article>","protected":false},"excerpt":{"rendered":"<div id=\"model-response-message-contentr_001ec7cad91754b3\" class=\"markdown markdown-main-panel tutor-markdown-rendering stronger enable-updated-hr-color\" dir=\"ltr\" aria-live=\"polite\">\n<p data-path-to-node=\"0\">Povi\u0161ajte svoj inventar z BANG BLAZE 200K DSK069, mo\u010dno vgradno vape napravico, ki ponuja neverjetnih 200.000 vdihov, tehnologijo pametnega zaslona in vsestranske 6-v-1 mo\u017enosti, na voljo za veleprodajni nakup v razsutem stanju izklju\u010dno pri VapeXYZ.<\/p>\n<\/div>","protected":false},"featured_media":69552,"comment_status":"open","ping_status":"closed","template":"","meta":{"_lmt_disableupdate":"no","_lmt_disable":""},"product_brand":[],"product_cat":[821,1106,947,935,934,927,929,928,930,933,939,932,938,931,936,937,1017,949,946,950,951,953,1105,987],"product_tag":[],"class_list":{"0":"post-69406","1":"product","2":"type-product","3":"status-publish","4":"has-post-thumbnail","6":"product_cat-bang","7":"product_cat-200000-puffs-vapes","8":"product_cat-big-puffs-vapes","9":"product_cat-bulk-buy-disposable-vapes-in-austria","10":"product_cat-bulk-buy-disposable-vapes-in-belgium","11":"product_cat-bulk-buy-disposable-vapes-in-europe","12":"product_cat-bulk-buy-disposable-vapes-in-france","13":"product_cat-bulk-buy-disposable-vapes-in-germany","14":"product_cat-bulk-buy-disposable-vapes-in-italy","15":"product_cat-bulk-buy-disposable-vapes-in-netherlands","16":"product_cat-bulk-buy-disposable-vapes-in-norway","17":"product_cat-bulk-buy-disposable-vapes-in-poland","18":"product_cat-bulk-buy-disposable-vapes-in-portugal","19":"product_cat-bulk-buy-disposable-vapes-in-spain","20":"product_cat-bulk-buy-disposable-vapes-in-sweden","21":"product_cat-bulk-buy-disposable-vapes-in-switzerland","22":"product_cat-buy-best-disposable-vape-flavors","23":"product_cat-digital-box-vapes","24":"product_cat-disposable-vapes-series","25":"product_cat-dual-mesh-vapes","26":"product_cat-lower-nicotine-vapes","27":"product_cat-rechargeable-vapes","28":"product_cat-six-flavor-vapes","29":"product_cat-vape-shop-by-puffs","31":"first","32":"instock","33":"shipping-taxable","34":"purchasable","35":"product-type-variable","36":"has-default-attributes"},"jetpack_sharing_enabled":true,"tiered_pricing_type":"fixed","tiered_pricing_fixed_rules":[],"tiered_pricing_product_settings":{"layout":"default","base_unit_name":{"singular":null,"plural":null},"default_variation":null},"tiered_pricing_minimum_quantity":null,"tiered_pricing_roles_data":[],"tiered_pricing_percentage_rules":[],"tiered_pricing_maximum_quantity":null,"tiered_pricing_quantity_step":null,"_links":{"self":[{"href":"https:\/\/vapexyz.com\/sl\/wp-json\/wp\/v2\/product\/69406","targetHints":{"allow":["GET"]}}],"collection":[{"href":"https:\/\/vapexyz.com\/sl\/wp-json\/wp\/v2\/product"}],"about":[{"href":"https:\/\/vapexyz.com\/sl\/wp-json\/wp\/v2\/types\/product"}],"replies":[{"embeddable":true,"href":"https:\/\/vapexyz.com\/sl\/wp-json\/wp\/v2\/comments?post=69406"}],"wp:featuredmedia":[{"embeddable":true,"href":"https:\/\/vapexyz.com\/sl\/wp-json\/wp\/v2\/media\/69552"}],"wp:attachment":[{"href":"https:\/\/vapexyz.com\/sl\/wp-json\/wp\/v2\/media?parent=69406"}],"wp:term":[{"taxonomy":"product_brand","embeddable":true,"href":"https:\/\/vapexyz.com\/sl\/wp-json\/wp\/v2\/product_brand?post=69406"},{"taxonomy":"product_cat","embeddable":true,"href":"https:\/\/vapexyz.com\/sl\/wp-json\/wp\/v2\/product_cat?post=69406"},{"taxonomy":"product_tag","embeddable":true,"href":"https:\/\/vapexyz.com\/sl\/wp-json\/wp\/v2\/product_tag?post=69406"}],"curies":[{"name":"wp","href":"https:\/\/api.w.org\/{rel}","templated":true}]}}