{"id":62447,"date":"2026-01-28T07:45:36","date_gmt":"2026-01-28T07:45:36","guid":{"rendered":"https:\/\/vapexyz.com\/?post_type=product&#038;p=62447"},"modified":"2026-01-28T07:45:36","modified_gmt":"2026-01-28T07:45:36","slug":"fihp-trojni-okus-3-v-1-90k-90000-puffov-vsestranska-serija-puffov-za-enkratno-uporabo-veleprodaja-nakup-v-razsutem-stanju","status":"publish","type":"product","link":"https:\/\/vapexyz.com\/sl\/product\/fihp-triple-taste-3-in-1-90k-90000-puffs-versatile-series-puffs-disposable-vape-wholesale-bulk-buy\/","title":{"rendered":"FIHP Triple Taste 3 V 1 90K 90000 Puffs Vsestranska Serija Puffs Za Enkratno Uporabo Vape Trgovina na Debelo Nakup V Rojstvu"},"content":{"rendered":"<article>\n<h2 style=\"color: #1a5276; text-align: center;\"><a href=\"https:\/\/vapexyz.com\/sl\/kategorijo-izdelkov\/fihp\/\">FIHP<\/a> 3 V 1 90K: Trojna zabava s 90.000 vdihi!<\/h2>\n<p>I\u0161\u010dete za enkratno uporabo primerno vape napravo, ki dolgo, dolgo \u010dasa zdr\u017ei in nikoli ne postane dolgo\u010dasna? Seznanite se s FIHP 3 V 1 90K! Ta posebna naprava je del <em>Vsestranska serija<\/em>, in je zasnovan za ljudi, ki ljubijo raznolikost in udobje. Namesto da nosite tri razli\u010dne naprave, dobite tri neverjetne mo\u017enosti vse v enem elegantnem ohi\u0161ju!<\/p>\n<p>Pri VapeXYZ smo najve\u010dja spletna platforma za veleprodajo v Evropi. Specializirani smo za pomo\u010d vam <a href=\"https:\/\/vapexyz.com\/sl\/\">Kupujte na veliko najbolj\u0161e za enkratno uporabo primerne vape izdelke<\/a> po neverjetnih cenah. Ne glede na to, ali ste v Nem\u010diji, Franciji ali \u0160paniji, je VapeXYZ va\u0161 zanesljiv partner za visokokakovostne izdelke, kot je FIHP 3 V 1 90K.<\/p>\n<div style=\"background-color: #f4f9fd; padding: 25px; border-radius: 15px; border-left: 8px solid #3498db; margin: 20px 0;\">\n<h3 style=\"margin-top: 0; color: #2980b9;\">Zakaj se imenuje \u201c3 V 1\u201d?<\/h3>\n<p>Je kot \u010darobnost! V tem enem samouporabnem vape-u so tri lo\u010dene posode. Vsaka posoda ima druga\u010dno zmogljivost va\u0161ih najljub\u0161ih mo\u017enosti. S preprostim klikom ali preklopom lahko spremenite, kaj vdihujete. Je popolno za tiste, ki \u017eelijo \u010dez dan preklapljati med razli\u010dnimi stvarmi brez potrebe po ve\u010d napravah!<\/p>\n<\/div>\n<h3 style=\"color: #1f618d;\">Neverjetne funkcije, ki jih morate poznati<\/h3>\n<ul style=\"line-height: 1.8; list-style-type: '\u2705 ';\">\n<li>\u0160tevilo velikanskih puffov: Do 90.000 puffov skupaj (30.000 na posodo!).<\/li>\n<li>Sistem s tremi rezervoarji: Tri mo\u017enosti v enem napravi - samo preklopite in u\u017eivajte.<\/li>\n<li>Pametni LED zaslon: Spremljajte \u017eivljenjsko dobo baterije in glejte, koliko kapacitete je \u0161e preostalo v vsaki posodi.<\/li>\n<li>Ponovno polnijo\u010da se baterija: Prihaja s hitro polnijo\u010dim vratom Type-C, tako da ste vedno pripravljeni.<\/li>\n<li>Dvojna mre\u017easta tuljava: Vsak vdih je gladek, \u010dist in zelo zadovoljiv.<\/li>\n<li>Kompakten dizajn: Tudi s tremi posodami popolnoma prilega v va\u0161o roko ali \u017eep.<\/li>\n<\/ul>\n<h3 style=\"color: #1f618d;\">Vzbudljive kombinacije mo\u017enosti za izprobati \ud83c\udf53\ud83c\udf47\ud83c\udf4d<\/h3>\n<table style=\"width: 100%; border-collapse: collapse; margin: 20px 0; font-family: sans-serif;\">\n<thead>\n<tr style=\"background-color: #1e44ad; color: #ffffff; text-align: left;\">\n<th style=\"padding: 12px 15px; border: 1px solid #ddd;\">Mo\u017enost<\/th>\n<th style=\"padding: 12px 15px; border: 1px solid #ddd;\">3-v-1 kombinacije okusov<\/th>\n<\/tr>\n<\/thead>\n<tbody>\n<tr>\n<td style=\"padding: 12px 15px; border: 1px solid #ddd; background-color: #f9f9f9;\">01<\/td>\n<td style=\"padding: 12px 15px; border: 1px solid #ddd;\">Fizzy Cherry &amp; Lady killer &amp; Gummy Bear<\/td>\n<\/tr>\n<tr>\n<td style=\"padding: 12px 15px; border: 1px solid #ddd; background-color: #ffffff;\">02<\/td>\n<td style=\"padding: 12px 15px; border: 1px solid #ddd;\">Modra jagoda Malina &amp; Ljubezen 666 &amp; Breskev Led<\/td>\n<\/tr>\n<tr>\n<td style=\"padding: 12px 15px; border: 1px solid #ddd; background-color: #f9f9f9;\">03<\/td>\n<td style=\"padding: 12px 15px; border: 1px solid #ddd;\">Malina Lubenica &amp; Me\u0161anih Jagod &amp; Mango Breskev<\/td>\n<\/tr>\n<tr>\n<td style=\"padding: 12px 15px; border: 1px solid #ddd; background-color: #ffffff;\">04<\/td>\n<td style=\"padding: 12px 15px; border: 1px solid #ddd;\">Modra razz limonada &amp; Jagodi\u010deva malina &amp; Pobarvana bonbonka<\/td>\n<\/tr>\n<tr>\n<td style=\"padding: 12px 15px; border: 1px solid #ddd; background-color: #f9f9f9;\">05<\/td>\n<td style=\"padding: 12px 15px; border: 1px solid #ddd;\">Lubenica \u017eve\u010dilni gumi in grozdno led in \u010drni zmaj led<\/td>\n<\/tr>\n<tr>\n<td style=\"padding: 12px 15px; border: 1px solid #ddd; background-color: #ffffff;\">06<\/td>\n<td style=\"padding: 12px 15px; border: 1px solid #ddd;\">Ananas kokos &amp; Me\u0161ani sad &amp; Limona breskev<\/td>\n<\/tr>\n<tr>\n<td style=\"padding: 12px 15px; border: 1px solid #ddd; background-color: #f9f9f9;\">07<\/td>\n<td style=\"padding: 12px 15px; border: 1px solid #ddd;\">Dvojno jabolko &amp; Jagoda &amp; Banana &amp; Malina Lubenica<\/td>\n<\/tr>\n<tr>\n<td style=\"padding: 12px 15px; border: 1px solid #ddd; background-color: #ffffff;\">08<\/td>\n<td style=\"padding: 12px 15px; border: 1px solid #ddd;\">Lubenica led &amp; Red Bull &amp; Strawberry Kiwi<\/td>\n<\/tr>\n<tr>\n<td style=\"padding: 12px 15px; border: 1px solid #ddd; background-color: #f9f9f9;\">09<\/td>\n<td style=\"padding: 12px 15px; border: 1px solid #ddd;\">Modra borovnica led &amp; Jagoda Lubenica &amp; Limona Lime<\/td>\n<\/tr>\n<tr>\n<td style=\"padding: 12px 15px; border: 1px solid #ddd; background-color: #ffffff;\">10<\/td>\n<td style=\"padding: 12px 15px; border: 1px solid #ddd;\">Breskev Berry &amp; Trojni Melona &amp; Lubenica Led<\/td>\n<\/tr>\n<\/tbody>\n<\/table>\n<h3 style=\"color: #1f618d;\">Specifikacije izdelka<\/h3>\n<table style=\"width: 100%; border-collapse: collapse; margin: 25px 0; font-family: Arial, sans-serif; border: 1px solid #ddd;\">\n<thead>\n<tr style=\"background-color: #2e86c1; color: white; text-align: left;\">\n<th style=\"padding: 15px; border: 1px solid #ddd;\">Funkcija<\/th>\n<th style=\"padding: 15px; border: 1px solid #ddd;\">Podrobnosti specifikacije<\/th>\n<\/tr>\n<\/thead>\n<tbody>\n<tr>\n<td style=\"padding: 12px; border: 1px solid #ddd; font-weight: bold;\">Total Puffs<\/td>\n<td style=\"padding: 12px; border: 1px solid #ddd;\">90.000 Pufov<\/td>\n<\/tr>\n<tr style=\"background-color: #f2f2f2;\">\n<td style=\"padding: 12px; border: 1px solid #ddd; font-weight: bold;\">\u0160tevilo tankov<\/td>\n<td style=\"padding: 12px; border: 1px solid #ddd;\">3 Neodvisli cisterni (Preklopni)<\/td>\n<\/tr>\n<tr>\n<td style=\"padding: 12px; border: 1px solid #ddd; font-weight: bold;\">Baterija<\/td>\n<td style=\"padding: 12px; border: 1px solid #ddd;\">850mAh Ponovno polnjenje (Type-C)<\/td>\n<\/tr>\n<tr style=\"background-color: #f2f2f2;\">\n<td style=\"padding: 12px; border: 1px solid #ddd; font-weight: bold;\">Zaslon<\/td>\n<td style=\"padding: 12px; border: 1px solid #ddd;\">Digitalni zaslon za mo\u010d in zmogljivost<\/td>\n<\/tr>\n<tr>\n<td style=\"padding: 12px; border: 1px solid #ddd; font-weight: bold;\">Najbolj\u0161e za<\/td>\n<td style=\"padding: 12px; border: 1px solid #ddd;\">Veliko nakup in veleprodaja<\/td>\n<\/tr>\n<\/tbody>\n<\/table>\n<div style=\"gap: 15px; flex-wrap: wrap; margin: 30px 0;\">\n<div style=\"flex: 1; min-width: 280px; background: #ebf5fb; padding: 20px; border-radius: 12px; border: 1px solid #3498db; text-align: center;\">\n<h4 style=\"color: #21618c; margin-top: 0;\">\ud83d\udce6 Veleprodajne prihranke<\/h4>\n<p>Pri nakupu na veliko prihranite ve\u010d denarja! VapeXYZ vam ponuja najni\u017eje cene v EU za velike naro\u010dila za enkratno uporabo vape izdelkov.<\/p>\n<\/div>\n<div style=\"flex: 1; min-width: 280px; background: #e8f8f5; padding: 20px; border-radius: 12px; border: 1px solid #1abc9c; text-align: center;\">\n<h4 style=\"color: #0e6251; margin-top: 0;\">\ud83c\uddea\ud83c\uddfa Hitra dostava po EU<\/h4>\n<p>Po\u0161iljamo neposredno po vsej Evropi. Ne glede na to, kje ste, VapeXYZ zagotavlja, da va\u0161e zaupravne vape izdelke hitro in varno dostavimo.<\/p>\n<\/div>\n<\/div>\n<h3 style=\"color: #1f618d;\">Pogosto zastavljena vpra\u0161anja (FAQ)<\/h3>\n<div style=\"background-color: #fdfefe; padding: 20px; border-radius: 10px; border: 2px solid #d6eaf8;\">\n<p style=\"margin-bottom: 10px;\">Kako spremenim mo\u017enosti?<\/p>\n<p>Je zelo enostavno! Samo zavrtite vrh ali preklopite stikalo na enkratni vape, da prejdete na naslednji rezervoar. Spremembo boste videli na zaslonu!<\/p>\n<p>\u201c`<\/p>\n<p style=\"margin-bottom: 10px; border-top: 1px solid #eee; padding-top: 10px;\">Kdaj ga moram napolniti?<br \/>\nPametni zaslon vam bo prikazal odstotek. Ko bo nizek, ga preprosto priklju\u010dite na polnilnik Type-C za nekaj minut.<\/p>\n<p style=\"margin-bottom: 10px; border-top: 1px solid #eee; padding-top: 10px;\">Zakaj bi moral kupiti pri Vapexyzu?<br \/>\nSmo zaupana evropska veleprodajna platforma. Ponujamo avtenti\u010dne vapes za enkratno uporabo, odli\u010dno storitev za stranke in najbolj\u0161e razpolo\u017eljive cene na veliko.<\/p>\n<p style=\"border-top: 1px solid #eee; padding-top: 10px;\">Ali je 90.000 puffov resni\u010dnih?<br \/>\nDa! Z zdru\u017eitvijo treh rezervoarjev s 30.000 vdihi v eno uporaben vape, dobite ogromno skupno 90.000 vdihov za u\u017eivanje.<\/p>\n<\/div>\n<p style=\"text-align: center; margin-top: 40px; font-weight: bold; font-size: 1.2em;\">Ne \u010dakaj! Pridobi si <span style=\"color: #e74c3c;\">FIHP 3 V 1 90K<\/span> za va\u0161o trgovino ali osebno uporabo <a href=\"https:\/\/vapexyz.com\/sl\/\">VapeXYZ<\/a> \u2013 Va\u0161 evropski vodilni veletrgovec! \ud83d\uded2\u26a1<\/p>\n<p><img loading=\"lazy\" decoding=\"async\" class=\"size-full wp-image-63218 aligncenter\" src=\"https:\/\/vapexyz.com\/wp-content\/uploads\/2026\/01\/FIHP-3-IN-1-90K-90000-Puffs-Versatile-Series-Puffs-Disposable-Vape-Wholesale-Bulk-Buy.webp\" alt=\"FIHP 3 V 1 90K 90000 Puffs Vsestranska Serija Puffs Zaenkratna Vape Na Prodaj Opusto\u0161en Nakup Na Veliko\" width=\"1500\" height=\"1150\" title=\"\" srcset=\"https:\/\/vapexyz.com\/wp-content\/uploads\/2026\/01\/FIHP-3-IN-1-90K-90000-Puffs-Versatile-Series-Puffs-Disposable-Vape-Wholesale-Bulk-Buy.webp 1500w, https:\/\/vapexyz.com\/wp-content\/uploads\/2026\/01\/FIHP-3-IN-1-90K-90000-Puffs-Versatile-Series-Puffs-Disposable-Vape-Wholesale-Bulk-Buy-500x383.webp 500w, https:\/\/vapexyz.com\/wp-content\/uploads\/2026\/01\/FIHP-3-IN-1-90K-90000-Puffs-Versatile-Series-Puffs-Disposable-Vape-Wholesale-Bulk-Buy-1024x785.webp 1024w, https:\/\/vapexyz.com\/wp-content\/uploads\/2026\/01\/FIHP-3-IN-1-90K-90000-Puffs-Versatile-Series-Puffs-Disposable-Vape-Wholesale-Bulk-Buy-768x589.webp 768w, https:\/\/vapexyz.com\/wp-content\/uploads\/2026\/01\/FIHP-3-IN-1-90K-90000-Puffs-Versatile-Series-Puffs-Disposable-Vape-Wholesale-Bulk-Buy-16x12.webp 16w, https:\/\/vapexyz.com\/wp-content\/uploads\/2026\/01\/FIHP-3-IN-1-90K-90000-Puffs-Versatile-Series-Puffs-Disposable-Vape-Wholesale-Bulk-Buy-510x391.webp 510w\" sizes=\"auto, (max-width: 1500px) 100vw, 1500px\" \/><\/p>\n<\/article>","protected":false},"excerpt":{"rendered":"<p>FIHP 3 V 1 90K je super zmogljiva, za enkratno uporabo namenjena vape naprava, ki vam omogo\u010da u\u017eivanje treh razli\u010dnih mo\u017enosti in skupno 90.000 vdihov v enem priro\u010dnem napravi, in jo lahko dobite po najbolj\u0161i ceni z nakupom na veliko pri VapeXYZ, najbolj\u0161i veleprodajni trgovini v Evropi!<\/p>","protected":false},"featured_media":63214,"comment_status":"open","ping_status":"closed","template":"","meta":{"_lmt_disableupdate":"no","_lmt_disable":""},"product_brand":[],"product_cat":[860,1085,947,934,927,929,928,930,933,939,932,938,931,936,937,1017,949,946,1083,950,951,953,820,987],"product_tag":[],"class_list":{"0":"post-62447","1":"product","2":"type-product","3":"status-publish","4":"has-post-thumbnail","6":"product_cat-fihp","7":"product_cat-85000-puffs-vapes","8":"product_cat-big-puffs-vapes","9":"product_cat-bulk-buy-disposable-vapes-in-belgium","10":"product_cat-bulk-buy-disposable-vapes-in-europe","11":"product_cat-bulk-buy-disposable-vapes-in-france","12":"product_cat-bulk-buy-disposable-vapes-in-germany","13":"product_cat-bulk-buy-disposable-vapes-in-italy","14":"product_cat-bulk-buy-disposable-vapes-in-netherlands","15":"product_cat-bulk-buy-disposable-vapes-in-norway","16":"product_cat-bulk-buy-disposable-vapes-in-poland","17":"product_cat-bulk-buy-disposable-vapes-in-portugal","18":"product_cat-bulk-buy-disposable-vapes-in-spain","19":"product_cat-bulk-buy-disposable-vapes-in-sweden","20":"product_cat-bulk-buy-disposable-vapes-in-switzerland","21":"product_cat-buy-best-disposable-vape-flavors","22":"product_cat-digital-box-vapes","23":"product_cat-disposable-vapes-series","24":"product_cat-double-flavor-vapes","25":"product_cat-dual-mesh-vapes","26":"product_cat-lower-nicotine-vapes","27":"product_cat-rechargeable-vapes","28":"product_cat-vape","29":"product_cat-vape-shop-by-puffs","31":"first","32":"instock","33":"shipping-taxable","34":"purchasable","35":"product-type-variable","36":"has-default-attributes"},"jetpack_sharing_enabled":true,"tiered_pricing_type":"fixed","tiered_pricing_fixed_rules":[],"tiered_pricing_product_settings":{"layout":"default","base_unit_name":{"singular":null,"plural":null},"default_variation":null},"tiered_pricing_minimum_quantity":null,"tiered_pricing_roles_data":[],"tiered_pricing_percentage_rules":[],"tiered_pricing_maximum_quantity":null,"tiered_pricing_quantity_step":null,"_links":{"self":[{"href":"https:\/\/vapexyz.com\/sl\/wp-json\/wp\/v2\/product\/62447","targetHints":{"allow":["GET"]}}],"collection":[{"href":"https:\/\/vapexyz.com\/sl\/wp-json\/wp\/v2\/product"}],"about":[{"href":"https:\/\/vapexyz.com\/sl\/wp-json\/wp\/v2\/types\/product"}],"replies":[{"embeddable":true,"href":"https:\/\/vapexyz.com\/sl\/wp-json\/wp\/v2\/comments?post=62447"}],"wp:featuredmedia":[{"embeddable":true,"href":"https:\/\/vapexyz.com\/sl\/wp-json\/wp\/v2\/media\/63214"}],"wp:attachment":[{"href":"https:\/\/vapexyz.com\/sl\/wp-json\/wp\/v2\/media?parent=62447"}],"wp:term":[{"taxonomy":"product_brand","embeddable":true,"href":"https:\/\/vapexyz.com\/sl\/wp-json\/wp\/v2\/product_brand?post=62447"},{"taxonomy":"product_cat","embeddable":true,"href":"https:\/\/vapexyz.com\/sl\/wp-json\/wp\/v2\/product_cat?post=62447"},{"taxonomy":"product_tag","embeddable":true,"href":"https:\/\/vapexyz.com\/sl\/wp-json\/wp\/v2\/product_tag?post=62447"}],"curies":[{"name":"wp","href":"https:\/\/api.w.org\/{rel}","templated":true}]}}