{"id":62360,"date":"2026-01-06T03:56:36","date_gmt":"2026-01-06T03:56:36","guid":{"rendered":"https:\/\/vapexyz.com\/?post_type=product&#038;p=62360"},"modified":"2026-04-04T04:11:25","modified_gmt":"2026-04-04T04:11:25","slug":"jnr-shisha-ultra-45k-45000-vdihov-visoko-zmogljivost-velika-zmogljivost-za-enkratno-uporabo-vape-veleprodaja-nakup-v-razsutem-stanju","status":"publish","type":"product","link":"https:\/\/vapexyz.com\/sl\/product\/jnr-shisha-ultra-45k-45000-puffs-high-performance-big-capacity-disposable-vape-wholesale-bulk-buy\/","title":{"rendered":"JNR SHISHA ULTRA 45k 45000 vdihov Visoko zmogljivost Velika zmogljivost Enkratna uporaba Vape Trgovina na debelo Nakup v velikih koli\u010dinah"},"content":{"rendered":"<article>\n<h2 style=\"color: #ff477e; text-align: center;\"><a href=\"https:\/\/vapexyz.com\/sl\/kategorijo-izdelkov\/jnr-vape-za-enkratno-uporabo\/\">JNR SHISHA ULTRA<\/a> 45K: The Ultimate Big Cloud Buddy! \u2601\ufe0f\u2728 \n\n(pre no spremembe) \n45K: Najve\u010dji Oblak Buddy! \u2601\ufe0f\u2728<\/h2>\n<p>Hej! Ali i\u0161\u010dete za enkratno uporabo primerno vape napravo, ki je podobna luksuznemu \u0161portnemu avtomobilu in zdr\u017ei ve\u010dno? Seznanite se z JNR SHISHA ULTRA 45K! To ni samo navadna za enkratno uporabo primerna vape naprava; je mo\u010dna naprava, zgrajena za ljudi, ki ljubijo velike oblake in gladke vibracije. Videti je super kul s svojo usnjeno obleko in ima dovolj mo\u010di, da vas dr\u017ei sre\u010dnega za dolgo, dolgo \u010dasa. Ne glede na to, ali se spro\u0161\u010dujete doma ali zunaj s prijatelji, je to popoln spremljevalec za va\u0161 \u017eep!<\/p>\n<div style=\"background-color: #fff0f5; padding: 20px; border-radius: 15px; border: 2px dashed #ff477e; margin: 20px 0;\">\n<h3 style=\"color: #ff1493; margin-top: 0;\">Zakaj je tako super?<\/h3>\n<ul style=\"list-style-type: '\ud83c\udf6d'; padding-left: 20px; line-height: 1.8;\">\n<li>Eleganten ob\u010dutek usnja: Na dotik je mehek in dragocen, tako kot luksuzna torba!<\/li>\n<li>Trojna mo\u010d znotraj: Uporablja tri posebne tuljave, da zagotovi, da je vsak vdih zelo mo\u010dan in okusen.<\/li>\n<li>Dolga \u017eivljenjska doba baterije: Baterija s kapaciteto 1100mAh ostaja budna tako dolgo, kot ste vi.<\/li>\n<li>Pametni zaslon: Majhen zaslon vam natan\u010dno pove, koliko mo\u010di in zmogljivosti vam \u0161e ostane. Brez ugibanj!<\/li>\n<li>Neposredno-v-plju\u010da Zabava: Posebej izdelana za tiste, ki radi vzamejo globoke vdihke in izdihnejo ogromne, puhate oblake.<\/li>\n<\/ul>\n<\/div>\n<h3 style=\"color: #ff477e;\">Oglejte si te zabavne mo\u017enosti!<\/h3>\n<p style=\"line-height: 1.6; background: #fdfcf0; padding: 15px; border-radius: 10px;\">1. Meta | 2. Gum mentol | 3. Jagodna pija\u010da | 4. Breskev ledeno | 5. \u010carobna ljubezen | 6. Borovni\u010dev mentol | 7. Borovnica malina | 8. Limonin mentol | 9. Jagoda \u010de\u0161nja | 10. Mentol | 11. \u017dvalna meta | 12. Me\u0161anih jagod | 13. Sanje poletja | 14. Mango ananas | 15. \u010ce\u0161njeva fiesa | 16. Poletne breskve | 17. Dvojno jabolko<\/p>\n<h3 style=\"color: #ff477e;\">Hitro primerjanje<\/h3>\n<table style=\"width: 100%; border-collapse: collapse; margin: 20px 0; background-color: white; border-radius: 10px; overflow: hidden;\">\n<thead>\n<tr style=\"background-color: #ff477e; color: white; text-align: left;\">\n<th style=\"padding: 12px; border: 1px solid #ddd;\">Funkcija<\/th>\n<th style=\"padding: 12px; border: 1px solid #ddd;\">JNR SHISHA ULTRA 45K<\/th>\n<th style=\"padding: 12px; border: 1px solid #ddd;\">Standard Vapes<\/th>\n<\/tr>\n<\/thead>\n<tbody>\n<tr>\n<td style=\"padding: 12px; border: 1px solid #ddd;\">Total Puffs<\/td>\n<td style=\"padding: 12px; border: 1px solid #ddd;\">Do 45.000<\/td>\n<td style=\"padding: 12px; border: 1px solid #ddd;\">Okoli 5.000 \u2013 10.000<\/td>\n<\/tr>\n<tr style=\"background-color: #fff9fb;\">\n<td style=\"padding: 12px; border: 1px solid #ddd;\">Tip tuljave<\/td>\n<td style=\"padding: 12px; border: 1px solid #ddd;\">Trojna mre\u017ea (Super gladka)<\/td>\n<td style=\"padding: 12px; border: 1px solid #ddd;\">Enojna tuljava (Osnovna)<\/td>\n<\/tr>\n<tr>\n<td style=\"padding: 12px; border: 1px solid #ddd;\">Oblikovanje<\/td>\n<td style=\"padding: 12px; border: 1px solid #ddd;\">Premium usnje<\/td>\n<td style=\"padding: 12px; border: 1px solid #ddd;\">Plastika<\/td>\n<\/tr>\n<tr style=\"background-color: #fff9fb;\">\n<td style=\"padding: 12px; border: 1px solid #ddd;\">Vidnost<\/td>\n<td style=\"padding: 12px; border: 1px solid #ddd;\">Full Smart Display<\/td>\n<td style=\"padding: 12px; border: 1px solid #ddd;\">Svetilke ali nobene<\/td>\n<\/tr>\n<\/tbody>\n<\/table>\n<div style=\"background-color: #e0f7fa; padding: 20px; border-radius: 15px; border-left: 10px solid #00acc1; margin: 20px 0;\">\n<h3 style=\"color: #00838f; margin-top: 0;\">Nakup v razsutem stanju v Evropi?<\/h3>\n<p>\u010ce \u017eelite najti najbolj\u0161o ponudbo za te neverjetne za enkratno uporabo vape izdelke, ste na pravem mestu! Smo VapeXYZ, najve\u010dja spletna veleprodajna trgovina v Evropi. Ne glede na to, ali potrebujete nekaj ali celo goro vape izdelkov, vam olaj\u0161amo in pocenimo nakup v velikih koli\u010dinah. Ne i\u0161\u010dite drugje - pridobite svoje najljub\u0161e vape izdelke prav tukaj pri VapeXYZ!<\/p>\n<\/div>\n<h3 style=\"color: #ff477e;\">Pogosta vpra\u0161anja (FAQ)<\/h3>\n<div style=\"background: #ffffff; border: 1px solid #ffc1d6; padding: 15px; border-radius: 10px; margin-bottom: 10px;\">\n<p style=\"color: #ff1493; margin-bottom: 5px;\">Kako vem, kdaj je prazno?<\/p>\n<p style=\"margin-top: 0;\">Ta vape ima pametni zaslon! Prikazuje vam to\u010dno, koliko kapacitete je \u0161e ostalo znotraj, tako da nikoli ne boste presene\u010deni.<\/p>\n<\/div>\n<div style=\"background: #ffffff; border: 1px solid #ffc1d6; padding: 15px; border-radius: 10px; margin-bottom: 10px;\">\n<p style=\"color: #ff1493; margin-bottom: 5px;\">Ali ga moram napolniti?<\/p>\n<p style=\"margin-top: 0;\">Da! Ima veliko 1100mAh baterijo, ki jo lahko polnijo, dokler se ne izkoristi vsa zmogljivost.<\/p>\n<\/div>\n<div style=\"background: #ffffff; border: 1px solid #ffc1d6; padding: 15px; border-radius: 10px; margin-bottom: 10px;\">\n<p style=\"color: #ff1493; margin-bottom: 5px;\">Zakaj se imenuje \u201cShisha Ultra\u201d?<\/p>\n<p style=\"margin-top: 0;\">Je zasnovan tako, da vam daje tisti velik, zra\u010den, obla\u010den ob\u010dutek, ki ga ljudje ljubijo, vendar v majhnem, enostavnem za prena\u0161anje vape-u!<\/p>\n<\/div>\n<p style=\"text-align: center; margin-top: 30px;\"><a style=\"background-color: #ff477e; color: white; padding: 15px 30px; text-decoration: none; border-radius: 50px; font-weight: bold;\" href=\"https:\/\/vapexyz.com\/sl\/\">Prijavite se zdaj na VapeXYZ! \ud83d\udecd\ufe0f<\/a><\/p>\n<\/article>\n<p><img loading=\"lazy\" decoding=\"async\" class=\"aligncenter wp-image-62394 size-full\" src=\"https:\/\/vapexyz.com\/wp-content\/uploads\/2025\/12\/JNR-SHISHA-ULTRA-45k-45000-Puffs-High-Performance-Big-Capacity-Disposable-Vape-Wh-16.webp\" alt=\"JNR SHISHA ULTRA 45k 45000 vdihov Visoko zmogljivost Velika zmogljivost Enkratna uporaba Vape Trgovina na debelo Nakup v velikih koli\u010dinah\" width=\"1200\" height=\"1200\" title=\"\" srcset=\"https:\/\/vapexyz.com\/wp-content\/uploads\/2025\/12\/JNR-SHISHA-ULTRA-45k-45000-Puffs-High-Performance-Big-Capacity-Disposable-Vape-Wh-16.webp 1200w, https:\/\/vapexyz.com\/wp-content\/uploads\/2025\/12\/JNR-SHISHA-ULTRA-45k-45000-Puffs-High-Performance-Big-Capacity-Disposable-Vape-Wh-16-500x500.webp 500w, https:\/\/vapexyz.com\/wp-content\/uploads\/2025\/12\/JNR-SHISHA-ULTRA-45k-45000-Puffs-High-Performance-Big-Capacity-Disposable-Vape-Wh-16-1024x1024.webp 1024w, https:\/\/vapexyz.com\/wp-content\/uploads\/2025\/12\/JNR-SHISHA-ULTRA-45k-45000-Puffs-High-Performance-Big-Capacity-Disposable-Vape-Wh-16-300x300.webp 300w, https:\/\/vapexyz.com\/wp-content\/uploads\/2025\/12\/JNR-SHISHA-ULTRA-45k-45000-Puffs-High-Performance-Big-Capacity-Disposable-Vape-Wh-16-768x768.webp 768w, https:\/\/vapexyz.com\/wp-content\/uploads\/2025\/12\/JNR-SHISHA-ULTRA-45k-45000-Puffs-High-Performance-Big-Capacity-Disposable-Vape-Wh-16-12x12.webp 12w, https:\/\/vapexyz.com\/wp-content\/uploads\/2025\/12\/JNR-SHISHA-ULTRA-45k-45000-Puffs-High-Performance-Big-Capacity-Disposable-Vape-Wh-16-247x247.webp 247w, https:\/\/vapexyz.com\/wp-content\/uploads\/2025\/12\/JNR-SHISHA-ULTRA-45k-45000-Puffs-High-Performance-Big-Capacity-Disposable-Vape-Wh-16-510x510.webp 510w, https:\/\/vapexyz.com\/wp-content\/uploads\/2025\/12\/JNR-SHISHA-ULTRA-45k-45000-Puffs-High-Performance-Big-Capacity-Disposable-Vape-Wh-16-100x100.webp 100w\" sizes=\"auto, (max-width: 1200px) 100vw, 1200px\" \/><\/p>","protected":false},"excerpt":{"rendered":"<p>JNR SHISHA ULTRA 45K je premium, usnjeno oblo\u017eena, za enkratno uporabo namenjena vape, ki ima pametni zaslon in trojne mre\u017easte tuljave, zasnovane za zagotavljanje do 45.000 vdihov gladkega, obla\u010dno usmerjenega zadovoljstva.<\/p>","protected":false},"featured_media":62396,"comment_status":"open","ping_status":"closed","template":"","meta":{"_lmt_disableupdate":"no","_lmt_disable":""},"product_brand":[],"product_cat":[1040,1069,947,935,934,927,929,928,930,933,939,932,938,931,936,937,1017,948,949,946,950,951,953,954,820,987],"product_tag":[],"class_list":{"0":"post-62360","1":"product","2":"type-product","3":"status-publish","4":"has-post-thumbnail","6":"product_cat-jnr-disposable-vapes","7":"product_cat-45000-puff-vapes","8":"product_cat-big-puffs-vapes","9":"product_cat-bulk-buy-disposable-vapes-in-austria","10":"product_cat-bulk-buy-disposable-vapes-in-belgium","11":"product_cat-bulk-buy-disposable-vapes-in-europe","12":"product_cat-bulk-buy-disposable-vapes-in-france","13":"product_cat-bulk-buy-disposable-vapes-in-germany","14":"product_cat-bulk-buy-disposable-vapes-in-italy","15":"product_cat-bulk-buy-disposable-vapes-in-netherlands","16":"product_cat-bulk-buy-disposable-vapes-in-norway","17":"product_cat-bulk-buy-disposable-vapes-in-poland","18":"product_cat-bulk-buy-disposable-vapes-in-portugal","19":"product_cat-bulk-buy-disposable-vapes-in-spain","20":"product_cat-bulk-buy-disposable-vapes-in-sweden","21":"product_cat-bulk-buy-disposable-vapes-in-switzerland","22":"product_cat-buy-best-disposable-vape-flavors","23":"product_cat-crystal-vapes","24":"product_cat-digital-box-vapes","25":"product_cat-disposable-vapes-series","26":"product_cat-dual-mesh-vapes","27":"product_cat-lower-nicotine-vapes","28":"product_cat-rechargeable-vapes","29":"product_cat-shisha-hookah-vapes","30":"product_cat-vape","31":"product_cat-vape-shop-by-puffs","33":"first","34":"instock","35":"shipping-taxable","36":"purchasable","37":"product-type-variable","38":"has-default-attributes"},"jetpack_sharing_enabled":true,"tiered_pricing_type":"fixed","tiered_pricing_fixed_rules":[],"tiered_pricing_product_settings":{"layout":"default","base_unit_name":{"singular":null,"plural":null},"default_variation":null},"tiered_pricing_minimum_quantity":null,"tiered_pricing_roles_data":[],"tiered_pricing_percentage_rules":[],"tiered_pricing_maximum_quantity":null,"tiered_pricing_quantity_step":null,"_links":{"self":[{"href":"https:\/\/vapexyz.com\/sl\/wp-json\/wp\/v2\/product\/62360","targetHints":{"allow":["GET"]}}],"collection":[{"href":"https:\/\/vapexyz.com\/sl\/wp-json\/wp\/v2\/product"}],"about":[{"href":"https:\/\/vapexyz.com\/sl\/wp-json\/wp\/v2\/types\/product"}],"replies":[{"embeddable":true,"href":"https:\/\/vapexyz.com\/sl\/wp-json\/wp\/v2\/comments?post=62360"}],"wp:featuredmedia":[{"embeddable":true,"href":"https:\/\/vapexyz.com\/sl\/wp-json\/wp\/v2\/media\/62396"}],"wp:attachment":[{"href":"https:\/\/vapexyz.com\/sl\/wp-json\/wp\/v2\/media?parent=62360"}],"wp:term":[{"taxonomy":"product_brand","embeddable":true,"href":"https:\/\/vapexyz.com\/sl\/wp-json\/wp\/v2\/product_brand?post=62360"},{"taxonomy":"product_cat","embeddable":true,"href":"https:\/\/vapexyz.com\/sl\/wp-json\/wp\/v2\/product_cat?post=62360"},{"taxonomy":"product_tag","embeddable":true,"href":"https:\/\/vapexyz.com\/sl\/wp-json\/wp\/v2\/product_tag?post=62360"}],"curies":[{"name":"wp","href":"https:\/\/api.w.org\/{rel}","templated":true}]}}