{"id":61032,"date":"2025-12-23T03:44:54","date_gmt":"2025-12-23T03:44:54","guid":{"rendered":"https:\/\/vapexyz.com\/?post_type=product&#038;p=61032"},"modified":"2025-12-23T03:51:07","modified_gmt":"2025-12-23T03:51:07","slug":"vozol-gear-ice-sweet-50k-50000-puffov-zaupravljiva-vape-na-voljo-za-veleprodajo-nakup-iz-evropskega-skladisca","status":"publish","type":"product","link":"https:\/\/vapexyz.com\/sl\/product\/vozol-gear-ice-sweet-50k-50000-puffs-disposable-vape-wholesale-bulk-buy-european-warehouse\/","title":{"rendered":"VOZOL GEAR ICE SWEET 50K 50000 vdihov Odpovedna Vape na veliko Kupovanje v evropskem skladi\u0161\u010du"},"content":{"rendered":"<article style=\"font-family: 'Comic Sans MS', 'Chalkboard SE', cursive; color: #444; padding: 20px; line-height: 1.6; background-color: #f0faff;\">\n<h2 style=\"color: #ff66b2; text-align: center; font-size: 28px; border-bottom: 4px dotted #ff66b2; padding-bottom: 10px;\">\ud83c\udf08 Spoznajte Svojega Novega Najbolj\u0161ega Prijatelja:<a href=\"https:\/\/vapexyz.com\/sl\/kategorijo-izdelkov\/vozol-vape-za-enkratno-uporabo\/\"> VOZOL<\/a> Gear Led &amp; Sladko 50000!<\/h2>\n<p style=\"font-size: 18px; color: #55acee; text-align: center;\">Ali ste pripravljeni na super dolgo pustolov\u0161\u010dino? VOZOL Gear Ice &amp; Sweet ni samo navaden za enkratno uporabo vape - to je kot \u010darobna \u0161katla, ki vam daje 50.000 vdihov \u010distega sre\u010de! Je velik, je barvit in ostaja pri vas zelo, zelo dolgo.<\/p>\n<p style=\"text-align: center; padding: 10px; background-color: #fff; border-radius: 15px; border: 2px solid #ffcc00;\">\u2b50\ufe0f Razmi\u0161ljate o nakupu na veliko za svojo trgovino? Ste na pravem mestu! <a href=\"https:\/\/vapexyz.com\/sl\/\">Pri VapeXYZ<\/a> , smo najve\u010dji veleprodajni dom v Evropi za vse vrste za enkratno uporabo vape, ki jih imate radi!<\/p>\n<h3 style=\"color: #66cc66; background: #e6ffed; padding: 10px; border-radius: 10px;\">\u2728 Zakaj je VOZOL Gear tako posebna?<\/h3>\n<div style=\"flex-wrap: wrap; gap: 15px; justify-content: center; margin-bottom: 20px;\">\n<div style=\"background: white; border: 2px solid #ff99cc; border-radius: 20px; padding: 15px; width: 250px; box-shadow: 5px 5px 0px #ff99cc;\">\n<p style=\"margin: 0;\">\u2744\ufe0f 4 ravni hladu: Izberete lahko, \u010de \u017eelite samo hladen vetri\u010d ali ob\u010dutek super hladne sne\u017ene nevihte!<\/p>\n<\/div>\n<div style=\"background: white; border: 2px solid #99ccff; border-radius: 20px; padding: 15px; width: 250px; box-shadow: 5px 5px 0px #99ccff;\">\n<p style=\"margin: 0;\">\ud83c\udf6d 2 Sladki Ravni: Vam je v\u0161e\u010d malo sladko ali zelo, zelo sladko kot sladkarija? Sami odlo\u010dite!<\/p>\n<\/div>\n<div style=\"background: white; border: 2px solid #ffcc99; border-radius: 20px; padding: 15px; width: 250px; box-shadow: 5px 5px 0px #ffcc99;\">\n<p style=\"margin: 0;\">\ud83d\udd0b Velika baterija: Srce s kapaciteto 1100mAh, ki kar naprej deluje. Samo priklju\u010dite, ko je prazna!<\/p>\n<\/div>\n<div style=\"background: white; border: 2px solid #cc99ff; border-radius: 20px; padding: 15px; width: 250px; box-shadow: 5px 5px 0px #cc99ff;\">\n<p style=\"margin: 0;\">\ud83d\udca8 Vetrna energija: Spremenite pretok zraka, da ustvarite velike ali majhne oblake!<\/p>\n<\/div>\n<\/div>\n<h3 style=\"color: #ff9900; border-bottom: 2px solid #ff9900;\">\ud83c\udf53 30 Okusnih Mo\u017enosti za Izbiro!<\/h3>\n<p style=\"background: #fff; padding: 15px; border-radius: 15px; border: 1px dashed #ff9900;\">1. \u010crni malinov smoothie \ud83e\udd64 \n2. Modri razz led \ud83e\uddca \n3. Modra borovnica grejpfruit \ud83c\udf4a \n4. Modra borovnica led \u2744\ufe0f \n5. Modra borovnica lubenica \ud83c\udf49 \n6. \u010ce\u0161nja \u010drna borovnica pomaran\u010da \ud83c\udf4a \n7. \u010ce\u0161nja cola \ud83e\udd64 \n8. Kokos melt magic \ud83e\udd65 \n9. Brusni\u010dev grozd \ud83c\udf47 \n10. Grozd led \ud83e\uddca \n11. Guava melon led \ud83c\udf48 \n12. Ljubezen 777 \u2764\ufe0f \n13. Mango led \ud83e\udd6d \n14. Mango pasijonka pomaran\u010da \ud83c\udf4a \n15. Melona \u017e gum \ud83c\udf6c \n16. Me\u0161ane jagode \ud83c\udf53 \n17. Breskev led \ud83c\udf51 \n18. Breskev mango lubenica \ud83c\udf49 \n19. Breskev pop bliss \ud83c\udf6d \n20. Ananas squish \ud83c\udf4d \n21. Jagoda banana \ud83c\udf4c \n22. Jagoda kivi \ud83e\udd5d \n23. Jagoda malina \u010de\u0161nja \ud83c\udf52 \n24. Jagoda lubenica \ud83c\udf49 \n25. Jagoda breskev \ud83c\udf51 \n26. Super meta \ud83c\udf3f \n27. Dva jabolka \ud83c\udf4e \n28. VCT \ud83c\udf6e \n29. Lubenica bubble gum \ud83c\udf6c \n30. Lubenica led<\/p>\n<h3 style=\"color: #ff3333; text-align: center;\">\ud83d\udcca Hitri podatki tabela \ud83d\udcca<\/h3>\n<table style=\"width: 100%; border-collapse: separate; border-spacing: 0; border: 2px solid #ff3333; border-radius: 15px; overflow: hidden; margin: 20px 0;\">\n<thead>\n<tr style=\"background-color: #ff3333; color: white;\">\n<th style=\"padding: 12px; font-weight: normal;\">Sprejeta funkcija<\/th>\n<th style=\"padding: 12px; font-weight: normal;\">Kaj to pomeni<\/th>\n<\/tr>\n<\/thead>\n<tbody style=\"background-color: #fff;\">\n<tr>\n<td style=\"padding: 10px; border-bottom: 1px solid #ffebeb; text-align: center;\">Puff Count<\/td>\n<td style=\"padding: 10px; border-bottom: 1px solid #ffebeb; text-align: center;\">50.000 (Velikan!)<\/td>\n<\/tr>\n<tr>\n<td style=\"padding: 10px; border-bottom: 1px solid #ffebeb; text-align: center;\">Notranja zmogljivost<\/td>\n<td style=\"padding: 10px; border-bottom: 1px solid #ffebeb; text-align: center;\">30 ml (Vse je zabavno!)<\/td>\n<\/tr>\n<tr>\n<td style=\"padding: 10px; border-bottom: 1px solid #ffebeb; text-align: center;\">Velikost baterije<\/td>\n<td style=\"padding: 10px; border-bottom: 1px solid #ffebeb; text-align: center;\">1100mAh (Super mo\u010dan!)<\/td>\n<\/tr>\n<tr>\n<td style=\"padding: 10px; text-align: center;\">Prilagodljivi gumbi<\/td>\n<td style=\"padding: 10px; text-align: center;\">Led, Sladko in Pretok zraka!<\/td>\n<\/tr>\n<\/tbody>\n<\/table>\n<div style=\"background: #e0f2f1; border-left: 10px solid #009688; padding: 15px; margin: 25px 0; border-radius: 0 15px 15px 0;\">\n<h3 style=\"color: #00796b; margin-top: 0;\">\ud83d\udca1 Pameten nakupovalni nasvet!<\/h3>\n<p>\u010ce \u017eelite najbolj\u0161o ceno za va\u0161e zaupne vape izdelke, vedno izberite VapeXYZ . Obravnavamo veleprodajne naro\u010dila po vsej Evropi. Nakup v velikih koli\u010dinah pomeni, da prihranite denar za druge zabavne stvari!<\/p>\n<\/div>\n<h3 style=\"color: #673ab7; border-bottom: 2px solid #673ab7;\">\ud83e\udd14 Va\u0161a vpra\u0161anja so odgovorjena!<\/h3>\n<div style=\"background: #f3e5f5; padding: 20px; border-radius: 20px; border: 2px solid #673ab7;\">\n<p style=\"color: #4527a0; margin-bottom: 5px;\">\u2b50 Kako spremenim raven leda?<\/p>\n<p style=\"margin-top: 0; color: #555;\">Je tako preprosto! Samo pritisnite kontrolni gumb na napravi, da cikli\u010dno preklapate med 4 hladnimi mo\u017enostmi, dokler se ne po\u010duti ravno prav!<\/p>\n<p style=\"color: #4527a0; margin-bottom: 5px; margin-top: 15px;\">\u2b50 Ali je zaslon resni\u010den?<\/p>\n<p style=\"margin-top: 0; color: #555;\">Da! VOZOL Gear ima pameten 3D zaslon, ki vam prikazuje, koliko kapacitete in mo\u010di vam \u0161e ostane. Ni\u010d ve\u010d ugibanja!<\/p>\n<p style=\"color: #4527a0; margin-bottom: 5px; margin-top: 15px;\">\u2b50 Kje lahko kupim na veliko v Evropi?<\/p>\n<p style=\"margin-top: 0; color: #555;\">Tukaj pri VapeXYZ ! Radi pomagamo na\u0161im prijateljem pri nakupu najbolj\u0161ih zaupnih vape-ov po najbolj\u0161ih cenah.<\/p>\n<\/div>\n<p><img loading=\"lazy\" decoding=\"async\" class=\"wp-image-61080 size-full alignleft\" src=\"https:\/\/vapexyz.com\/wp-content\/uploads\/2025\/12\/VOZOL-GEAR-ICE-SWEET-50K-50000-Puffs-Ice-Sweet-Disposable-Vape-Competitive-Wholesale-Bulk-Buy-7.webp\" alt=\"VOZOL GEAR ICE SWEET 50K 50000 Puffov Ice Sweet Zaenkratna Vape Konkuren\u010dna Trgovska Veleprodaja Na Debelo\" width=\"713\" height=\"713\" title=\"\" srcset=\"https:\/\/vapexyz.com\/wp-content\/uploads\/2025\/12\/VOZOL-GEAR-ICE-SWEET-50K-50000-Puffs-Ice-Sweet-Disposable-Vape-Competitive-Wholesale-Bulk-Buy-7.webp 713w, https:\/\/vapexyz.com\/wp-content\/uploads\/2025\/12\/VOZOL-GEAR-ICE-SWEET-50K-50000-Puffs-Ice-Sweet-Disposable-Vape-Competitive-Wholesale-Bulk-Buy-7-247x247.webp 247w, https:\/\/vapexyz.com\/wp-content\/uploads\/2025\/12\/VOZOL-GEAR-ICE-SWEET-50K-50000-Puffs-Ice-Sweet-Disposable-Vape-Competitive-Wholesale-Bulk-Buy-7-100x100.webp 100w, https:\/\/vapexyz.com\/wp-content\/uploads\/2025\/12\/VOZOL-GEAR-ICE-SWEET-50K-50000-Puffs-Ice-Sweet-Disposable-Vape-Competitive-Wholesale-Bulk-Buy-7-510x510.webp 510w, https:\/\/vapexyz.com\/wp-content\/uploads\/2025\/12\/VOZOL-GEAR-ICE-SWEET-50K-50000-Puffs-Ice-Sweet-Disposable-Vape-Competitive-Wholesale-Bulk-Buy-7-500x500.webp 500w, https:\/\/vapexyz.com\/wp-content\/uploads\/2025\/12\/VOZOL-GEAR-ICE-SWEET-50K-50000-Puffs-Ice-Sweet-Disposable-Vape-Competitive-Wholesale-Bulk-Buy-7-300x300.webp 300w, https:\/\/vapexyz.com\/wp-content\/uploads\/2025\/12\/VOZOL-GEAR-ICE-SWEET-50K-50000-Puffs-Ice-Sweet-Disposable-Vape-Competitive-Wholesale-Bulk-Buy-7-12x12.webp 12w\" sizes=\"auto, (max-width: 713px) 100vw, 713px\" \/><\/p>\n<\/article>","protected":false},"excerpt":{"rendered":"<p>VOZOL Gear Ice Sweet 50000 je visoko zmogljiva, za enkratno uporabo namenjena vape naprava s prilagodljivimi nadzori sladkosti in hlajenja, ki ponuja 50.000 vdihov u\u017eitka in je na voljo za veleprodajo Bulk Buy pri VapeXYZ.<\/p>","protected":false},"featured_media":61076,"comment_status":"open","ping_status":"closed","template":"","meta":{"_lmt_disableupdate":"no","_lmt_disable":""},"product_brand":[],"product_cat":[1046,1012,947,935,934,927,929,928,930,933,939,932,938,931,936,937,1017,948,949,946,950,1016,951,953,820,987],"product_tag":[],"class_list":{"0":"post-61032","1":"product","2":"type-product","3":"status-publish","4":"has-post-thumbnail","6":"product_cat-vozol-disposable-vapes","7":"product_cat-50000-puff-vapes","8":"product_cat-big-puffs-vapes","9":"product_cat-bulk-buy-disposable-vapes-in-austria","10":"product_cat-bulk-buy-disposable-vapes-in-belgium","11":"product_cat-bulk-buy-disposable-vapes-in-europe","12":"product_cat-bulk-buy-disposable-vapes-in-france","13":"product_cat-bulk-buy-disposable-vapes-in-germany","14":"product_cat-bulk-buy-disposable-vapes-in-italy","15":"product_cat-bulk-buy-disposable-vapes-in-netherlands","16":"product_cat-bulk-buy-disposable-vapes-in-norway","17":"product_cat-bulk-buy-disposable-vapes-in-poland","18":"product_cat-bulk-buy-disposable-vapes-in-portugal","19":"product_cat-bulk-buy-disposable-vapes-in-spain","20":"product_cat-bulk-buy-disposable-vapes-in-sweden","21":"product_cat-bulk-buy-disposable-vapes-in-switzerland","22":"product_cat-buy-best-disposable-vape-flavors","23":"product_cat-crystal-vapes","24":"product_cat-digital-box-vapes","25":"product_cat-disposable-vapes-series","26":"product_cat-dual-mesh-vapes","27":"product_cat-european-vape-warehouse","28":"product_cat-lower-nicotine-vapes","29":"product_cat-rechargeable-vapes","30":"product_cat-vape","31":"product_cat-vape-shop-by-puffs","33":"first","34":"instock","35":"shipping-taxable","36":"purchasable","37":"product-type-variable","38":"has-default-attributes"},"jetpack_sharing_enabled":true,"tiered_pricing_type":"fixed","tiered_pricing_fixed_rules":[],"tiered_pricing_product_settings":{"layout":"default","base_unit_name":{"singular":null,"plural":null},"default_variation":null},"tiered_pricing_minimum_quantity":null,"tiered_pricing_roles_data":[],"tiered_pricing_percentage_rules":[],"tiered_pricing_maximum_quantity":null,"tiered_pricing_quantity_step":null,"_links":{"self":[{"href":"https:\/\/vapexyz.com\/sl\/wp-json\/wp\/v2\/product\/61032","targetHints":{"allow":["GET"]}}],"collection":[{"href":"https:\/\/vapexyz.com\/sl\/wp-json\/wp\/v2\/product"}],"about":[{"href":"https:\/\/vapexyz.com\/sl\/wp-json\/wp\/v2\/types\/product"}],"replies":[{"embeddable":true,"href":"https:\/\/vapexyz.com\/sl\/wp-json\/wp\/v2\/comments?post=61032"}],"wp:featuredmedia":[{"embeddable":true,"href":"https:\/\/vapexyz.com\/sl\/wp-json\/wp\/v2\/media\/61076"}],"wp:attachment":[{"href":"https:\/\/vapexyz.com\/sl\/wp-json\/wp\/v2\/media?parent=61032"}],"wp:term":[{"taxonomy":"product_brand","embeddable":true,"href":"https:\/\/vapexyz.com\/sl\/wp-json\/wp\/v2\/product_brand?post=61032"},{"taxonomy":"product_cat","embeddable":true,"href":"https:\/\/vapexyz.com\/sl\/wp-json\/wp\/v2\/product_cat?post=61032"},{"taxonomy":"product_tag","embeddable":true,"href":"https:\/\/vapexyz.com\/sl\/wp-json\/wp\/v2\/product_tag?post=61032"}],"curies":[{"name":"wp","href":"https:\/\/api.w.org\/{rel}","templated":true}]}}