{"id":57780,"date":"2025-10-13T08:07:22","date_gmt":"2025-10-13T08:07:22","guid":{"rendered":"https:\/\/vapexyz.com\/?post_type=product&#038;p=57780"},"modified":"2026-03-02T13:05:52","modified_gmt":"2026-03-02T13:05:52","slug":"fihp-40000-puffov-dvojni-okusi-nizka-nikotin-razsodna-nakup-originalna-ponovno-polnjenje-disposable-vapes-veleprodaja","status":"publish","type":"product","link":"https:\/\/vapexyz.com\/sl\/product\/fihp-40000-puffs-double-flavors-low-nicotine-bulk-buy-original-rechargeable-disposable-vapes-wholesale\/","title":{"rendered":"FIHP 40000 Puffs Dvojni Okusi Nakup Vrazdravljenih Pripravljenih Za Uporabo Vape Na Debelo"},"content":{"rendered":"<article style=\"max-width: 100%;margin: 0 auto;padding: 20px;font-family: system-ui, -apple-system, sans-serif;color: #333;line-height: 1.6\">\n<h2 style=\"color: #2b6cb0;border-bottom: 2px solid #edf2f7;padding-bottom: 10px;margin-top: 30px\" data-start=\"93\" data-end=\"198\"><a style=\"color: #2b6cb0;text-decoration: none\" href=\"https:\/\/vapexyz.com\/sl\/kategorijo-izdelkov\/fihp\/\">FIHP<\/a> 40000 vpihov <a style=\"color: #2b6cb0;text-decoration: none\" href=\"https:\/\/vapexyz.com\/sl\/kategorijo-izdelkov\/serija-vapov-za-enkratno-uporabo\/dvojno-aromaticni-vapeji\/\">Dvojno-profilna ponovno polnjenja enokratna vape<\/a><\/h2>\n<p style=\"font-size: 1.1rem;color: #4a5568\" data-start=\"200\" data-end=\"651\">FIHP 40000 Puffs Dual-Profile Disposable Vape v bistvu preoblikuje operativne standarde za visoko zmogljivo strojno opremo. Zasnovan z visoko u\u010dinkovito dvojno mre\u017eno tuljavno arhitekturo, prostornino rezervoarja 36 ml in inovativnim mehanizmom za dvojno profiliranje, zagotavlja globoko dosledno in tehni\u010dno superiorno sejo. Previdno zasnovan za komercialne trgovce in podjetja, ki kupujejo v velikih koli\u010dinah, je ta sofisticirana naprava na voljo za neposredno veleprodajno pridobitev pri VapeXYZ - va\u0161em uveljavljenem, vrhunskem cilju za avtenti\u010dne disposable vape po celotnem evropskem trgu.<\/p>\n<hr style=\"border: 0;height: 1px;background-image: linear-gradient(to right, rgba(0, 0, 0, 0), rgba(0, 0, 0, 0.1), rgba(0, 0, 0, 0));margin: 30px 0\" data-start=\"653\" data-end=\"656\" \/>\n<h3 style=\"color: #2d3748;margin-top: 25px\" data-start=\"658\" data-end=\"694\">In\u017eenirska odli\u010dnost: Analiza tehni\u010dnih specifikacij<\/h3>\n<p style=\"color: #4a5568\">Pri ocenjevanju za enkrat uporabe primernih vape izdelkov za distribucijo v podjetjih je tehni\u010dna transparentnost izjemnega pomena. FIHP 40000 Puffs deluje na natan\u010dno kalibrirani tiskani veziki (PCB), ki zagotavlja regulirano dobavo energije od prvega vleka do zadnjega. Integracija 1,0\u03a9 dvojne mre\u017easte tuljave znatno pove\u010da povr\u0161ino za prenos toplote. Ta in\u017eenirski pristop ubla\u017ei lokalne vro\u010de pike in s tem prepre\u010duje degradacijo formule ter zagotavlja visoko stabilno stopnjo proizvodnje aerosola. Notranja litij-ionska baterija s kapaciteto 650mAh je optimizirana za podalj\u0161ane cikle praznjenja in uravnote\u017ei kompaktne dimenzije z zanesljivim izhodom.<\/p>\n<table style=\"width: 100%;max-width: 900px;margin: 2rem auto;border-collapse: collapse;font-family: system-ui, -apple-system, sans-serif;border: 1px solid #e2e8f0\">\n<thead>\n<tr style=\"background-color: #f7fafc;border-bottom: 2px solid #cbd5e0\">\n<th style=\"padding: 15px;text-align: left;font-weight: 600;color: #2d3748;width: 30%\">Specifikacija<\/th>\n<th style=\"padding: 15px;text-align: left;font-weight: 600;color: #2d3748;width: 70%\">Tehni\u010dni podrobnosti in potrjevanje<\/th>\n<\/tr>\n<\/thead>\n<tbody>\n<tr style=\"border-bottom: 1px solid #e2e8f0\">\n<td style=\"padding: 12px 15px;font-weight: 500;color: #4a5568\">Puff Capacity<\/td>\n<td style=\"padding: 12px 15px;color: #4a5568\">Do 40.000 aktivacij (Preverjeno s standardno pnevmatsko preskusno opremo pri intervalih vleka 1,5 sekunde)<\/td>\n<\/tr>\n<tr style=\"background-color: #fcfcfc;border-bottom: 1px solid #e2e8f0\">\n<td style=\"padding: 12px 15px;font-weight: 500;color: #4a5568\">Grelni element<\/td>\n<td style=\"padding: 12px 15px;color: #4a5568\">Dvojna mre\u017ea 1,0 \u03a9 (Optimirana za hitro toplotno odzivnost in enakomerno ogrevanje)<\/td>\n<\/tr>\n<tr style=\"border-bottom: 1px solid #e2e8f0\">\n<td style=\"padding: 12px 15px;font-weight: 500;color: #4a5568\">Prostornina rezervoarja<\/td>\n<td style=\"padding: 12px 15px;color: #4a5568\">36 ml (V kemi\u010dno odpornem, \u017eivilsko primernem PCTG polimeru)<\/td>\n<\/tr>\n<tr style=\"background-color: #fcfcfc;border-bottom: 1px solid #e2e8f0\">\n<td style=\"padding: 12px 15px;font-weight: 500;color: #4a5568\">Vir napajanja<\/td>\n<td style=\"padding: 12px 15px;color: #4a5568\">650mAh Litij-ionska (ponovno polnjenje preko vmesnika Type-C, vhodni standard 5V\/1A)<\/td>\n<\/tr>\n<tr style=\"border-bottom: 1px solid #e2e8f0\">\n<td style=\"padding: 12px 15px;font-weight: 500;color: #4a5568\">Mo\u017enosti mo\u010di<\/td>\n<td style=\"padding: 12px 15px;color: #4a5568\">Razpolo\u017eljive koncentracijski razli\u010dici 2% \/ 5% za razli\u010dno demografsko skladnost<\/td>\n<\/tr>\n<tr style=\"background-color: #fcfcfc;border-bottom: 1px solid #e2e8f0\">\n<td style=\"padding: 12px 15px;font-weight: 500;color: #4a5568\">Vmesnik<\/td>\n<td style=\"padding: 12px 15px;color: #4a5568\">Integrirani LED zaslon, ki prikazuje telemetrijo v realnem \u010dasu o napetosti baterije in preostalem volumnu formule<\/td>\n<\/tr>\n<tr style=\"border-bottom: 1px solid #e2e8f0\">\n<td style=\"padding: 12px 15px;font-weight: 500;color: #4a5568\">Dimenzije<\/td>\n<td style=\"padding: 12px 15px;color: #4a5568\">Naprava: 50\u00d725\u00d798mm | Glavna \u0161katla: 595\u00d7374\u00d7260mm<\/td>\n<\/tr>\n<\/tbody>\n<\/table>\n<hr style=\"border: 0;height: 1px;background-image: linear-gradient(to right, rgba(0, 0, 0, 0), rgba(0, 0, 0, 0.1), rgba(0, 0, 0, 0));margin: 30px 0\" data-start=\"938\" data-end=\"941\" \/>\n<h3 style=\"color: #2d3748;margin-top: 25px\" data-start=\"658\" data-end=\"694\">Empiri\u010dna u\u010dinkovitost: Testiranje in meritve<\/h3>\n<p style=\"color: #4a5568\">Da bi vzpostavili zaupanje potro\u0161nikov, je klju\u010dno razumeti empiri\u010dne podatke za visoko zmogljivimi napravami, kot je ta. V standardnih laboratorijskih okoljih je enota FIHP podvr\u017eena strogim testnim protokolom. Zakasnitev aktiviranja je izmerjena na manj kot 0,2 sekundi, kar zagotavlja takoj\u0161njo in odzivno uporabni\u0161ko izku\u0161njo. Poleg tega meritve padca napetosti ka\u017eejo, da notranje vezje ohranja stalni izhodni mo\u010d tudi, ko se baterija izprazni od 100% do 10%, kar u\u010dinkovito odpravlja pojav \u201c\u0161ibkega odvoda\u201d, ki je pogost pri slab\u0161em strojni opremi.<\/p>\n<p style=\"color: #4a5568\">Kapaciteta formule 36 ml je preverjena z gravimetri\u010dno analizo, kar zagotavlja, da vsaka naprava izpolnjuje navedene specifikacije, preden zapusti proizvodni obrat. Ta zaveza k merljivemu kvaliteti je tisto, kar razlikuje premium vapes za enkratno uporabo na prenatrpanem veleprodajnem trgu.<\/p>\n<div style=\"background-color: #ebf8fa;border-left: 6px solid #0dcaf0;padding: 20px;margin: 30px 0;border-radius: 0 8px 8px 0;font-family: system-ui, -apple-system, sans-serif\">\n<h4 style=\"margin-top: 0;color: #055160;font-size: 1.1rem;margin-bottom: 10px\">To\u010dka znanja: Mehanika dvojnih profilnih sistemov<\/h4>\n<p style=\"margin: 0;color: #087990;line-height: 1.5\">Dvonozni selektor stikalo ni samo novost; predstavlja napredni mehanski sistem za usmerjanje. Z preklopitvijo stikala uporabnik fizi\u010dno ali elektronsko preusmeri pretok zraka in povezavo za napajanje v popolnoma lo\u010deno, hermeti\u010dno zaprto notranjo komoro in grelni element. To prepre\u010duje navzkri\u017eno kontaminacijo dveh razli\u010dnih me\u0161anic, kar zagotavlja, da hladen mint profil ne pronica v topel profil peciva. Ta strukturna izolacija je zna\u010dilnost visokokakovostne proizvodnje zaupnih vape naprav.<\/p>\n<\/div>\n<hr style=\"border: 0;height: 1px;background-image: linear-gradient(to right, rgba(0, 0, 0, 0), rgba(0, 0, 0, 0.1), rgba(0, 0, 0, 0));margin: 30px 0\" data-start=\"1225\" data-end=\"1228\" \/>\n<h3 style=\"color: #2d3748;margin-top: 25px\">Regulativni organ in materialna skladnost<\/h3>\n<p style=\"color: #4a5568\">Delovanje znotraj evropskega veleprodajnega sektorja zahteva strogo upo\u0161tevanje elektronskih in varnostnih standardov. FIHP 40000 Puffs je izdelan v objektih, ki so usklajeni s strogimi mednarodnimi sistemov vodenja kakovosti. Notranja elektronika je zasnovana s protokoli za\u0161\u010dite pred prekomernim polnjenjem, kratkim stikom in nizkonapetostjo, ki odra\u017eajo varnostne okvire, ki jih zahtevata certifikata CE in RoHS. Zunanja lupina je oblikovana iz trajnih, toplotno odpornih polimerov, ki ostajajo strukturno trdni pri standardnih delovnih temperaturah, kar zagotavlja varnost potro\u0161nikov in zanesljivost izdelka.<\/p>\n<hr style=\"border: 0;height: 1px;background-image: linear-gradient(to right, rgba(0, 0, 0, 0), rgba(0, 0, 0, 0.1), rgba(0, 0, 0, 0));margin: 30px 0\" data-start=\"1493\" data-end=\"1496\" \/>\n<h3 style=\"color: #2d3748;margin-top: 25px\" data-start=\"1230\" data-end=\"1274\">Pameten, ponovno polnilen in vedno pripravljen<\/h3>\n<p style=\"color: #4a5568\" data-start=\"1275\" data-end=\"1491\">Poganjan z robustno 650mAh baterijo s tipom C, ki jo je mogo\u010de ponovno napolniti, ta kos strojne opreme zagotavlja stabilen izhod in pospe\u0161ene zmogljivosti ponovnega polnjenja. Vmesnik LED visoke definicije deluje kot intuitivna nadzorna plo\u0161\u010da, ki prikazuje tako rezerve energije kot ravni zmogljivosti formule. Ta inteligentna telemetrija popolnoma obve\u0161\u010da uporabnika, odpravlja ugibanja, tradicionalno povezana s strojno opremo zaprtih sistemov, in daje popoln nadzor nazaj v uporabnikove roke.<\/p>\n<h3 style=\"color: #2d3748;margin-top: 25px\" data-start=\"1498\" data-end=\"1540\">Oblikovan za udobje in ergonomijo<\/h3>\n<p style=\"color: #4a5568\" data-start=\"1541\" data-end=\"1788\">Kompakten, a vendar izjemno zmogljiv, FIHP 40000 Puffs meri to\u010dno 50\u00d725\u00d798 mm. Strukturna zasnova poudarja ergonomsko udobje - popolnoma je ute\u017een za prenosnost, ima gladke, oblikovane robove za optimalno taktilno izku\u0161njo in se diskretno prilega v standardne \u017eepe. Z razli\u010dnimi mo\u017enostmi jakosti (2% \/ 5%) zadovoljuje \u0161irok spekter odraslih uporabnikov in ponuja prilagojeno potovanje od za\u010detka do konca.<\/p>\n<hr style=\"border: 0;height: 1px;background-image: linear-gradient(to right, rgba(0, 0, 0, 0), rgba(0, 0, 0, 0.1), rgba(0, 0, 0, 0));margin: 30px 0\" data-start=\"2052\" data-end=\"2055\" \/>\n<h3 style=\"color: #2d3748;margin-top: 25px\" data-start=\"2057\" data-end=\"2080\">Kuratirano zbiranje okusov<\/h3>\n<p style=\"color: #4a5568\">Raznolikost je klju\u010dni dejavnik za zadr\u017eanje potro\u0161nikov. FIHP 40000 Puffs predstavlja skrbno oblikovano paleto dvojnih me\u0161anic, ki uporabniku omogo\u010da nemoteno preklapljanje med dvema popolnoma razli\u010dnima aromati\u010dnima profiloma na zahtevo. Vsaka kombinacija je bila strogo oblikovana za zagotovitev ravnote\u017ee, globine in dolgo\u017eivosti.<\/p>\n<ul style=\"list-style-type: none;padding-left: 0;grid-template-columns: repeat(auto-fit, minmax(300px, 1fr));gap: 15px;margin-top: 20px\">\n<li style=\"background: #f8f9fa;padding: 15px;border-radius: 6px;border-left: 4px solid #48bb78;color: #2d3748\"><strong>1. Limona, limeta in lubenica na ledu:<\/strong> Hrustljiva, pikantna citrusna fuzija, zdru\u017eena s temeljito ohlajenim, osve\u017eilnim profilom melone.<\/li>\n<li style=\"background: #f8f9fa;padding: 15px;border-radius: 6px;border-left: 4px solid #805ad5;color: #2d3748\"><strong>2. Grozdni led &amp; Jagodov kivij:<\/strong> Mrzlo dotaknjene temne vinove note dopolnjujejo klasi\u010dna, pikantna tropska me\u0161anica jagodi\u010dev.<\/li>\n<li style=\"background: #f8f9fa;padding: 15px;border-radius: 6px;border-left: 4px solid #ecc94b;color: #2d3748\"><strong>3. Ananas kokos &amp; jagoda banana:<\/strong> Bogat, kremast otokovski me\u0161anec, komu se pridru\u017euje gladko, nostalgijo vzbujajo\u010de sadno partnerstvo.<\/li>\n<li style=\"background: #f8f9fa;padding: 15px;border-radius: 6px;border-left: 4px solid #ed8936;color: #2d3748\"><strong>4. Oran\u017ena Mango Lubenica in Red Bull led:<\/strong> Kompleksna trifekta soncu dozorelega sadja in zelenjave, ki se ujema z osve\u017eujo\u010dim, hladilnim ob\u010dutkom, navdihnjenim iz pija\u010de.<\/li>\n<li style=\"background: #f8f9fa;padding: 15px;border-radius: 6px;border-left: 4px solid #4299e1;color: #2d3748\"><strong>5. Borovni\u010dev led &amp; Pene\u010da \u010de\u0161nja:<\/strong> Zamrznjene temne jagode so popolnoma kontrastirale z efuzivnim, sijo\u010dim tonom sadovnjaka.<\/li>\n<li style=\"background: #f8f9fa;padding: 15px;border-radius: 6px;border-left: 4px solid #f56565;color: #2d3748\"><strong>6. Breskev ledeno in me\u0161ana jagodi\u010dja:<\/strong> Hladno, mehko kamnito sadje vdihnemo v kombinaciji z robustno, kompleksno gozdno \u017eetvijo.<\/li>\n<li style=\"background: #f8f9fa;padding: 15px;border-radius: 6px;border-left: 4px solid #38b2ac;color: #2d3748\"><strong>7. Dvojno jabolko led &amp; ljubezen 666:<\/strong> Hrustavi, zamrznjeni dvoj\u010dki iz sadovnjaka, ki sedita poleg visoko zavarovanega, eksoti\u010dnega botani\u010dnega me\u0161anica.<\/li>\n<li style=\"background: #f8f9fa;padding: 15px;border-radius: 6px;border-left: 4px solid #e53e3e;color: #2d3748\"><strong>8. Jagoda Malina \u010ce\u0161nja &amp; Jagodov led:<\/strong> Mo\u010dna trojka bogatih rde\u010dih barv, popolnoma uravnote\u017eena s singularnim, zmrzalim jagodi\u010dastim zaklju\u010dkom.<\/li>\n<li style=\"background: #f8f9fa;padding: 15px;border-radius: 6px;border-left: 4px solid #2b6cb0;color: #2d3748\"><strong>9. Modra razz limonada in \u010de\u0161njeva cola led:<\/strong> Ostri, kandirani citrusni osve\u017eitev, ki se sre\u010da s hladno, temno klasi\u010dno pija\u010do iz soda-fontane.<\/li>\n<li style=\"background: #f8f9fa;padding: 15px;border-radius: 6px;border-left: 4px solid #d69e2e;color: #2d3748\"><strong>10. Breskev Mango Ananas &amp; Cherry Ice:<\/strong> Gosta, zlatasta trojica tropskih rastlin v kombinaciji s trdim, zmrzlim rde\u010dim ugrizom sadovnjaka.<\/li>\n<li style=\"background: #f8f9fa;padding: 15px;border-radius: 6px;border-left: 4px solid #718096;color: #2d3748\"><strong>11. \u010crni zmaj - led in kivijevka pasijonka guava:<\/strong> Egzoti\u010dna, zmrzalno hladna veli\u010dastnost zmajevega sadja se je popolnoma ujemala z intenzivno pikantno tropsko trojico.<\/li>\n<li style=\"background: #f8f9fa;padding: 15px;border-radius: 6px;border-left: 4px solid #9b2c2c;color: #2d3748\"><strong>12. Kiselka Jabolka Malina &amp; Jagoda \u010ce\u0161nja:<\/strong> Kiselkastost, ki puckira ustnice, je uravnote\u017eena s sladko, gladko me\u0161anico rde\u010dega sadja.<\/li>\n<\/ul>\n<hr style=\"border: 0;height: 1px;background-image: linear-gradient(to right, rgba(0, 0, 0, 0), rgba(0, 0, 0, 0.1), rgba(0, 0, 0, 0));margin: 30px 0\" data-start=\"2522\" data-end=\"2525\" \/>\n<h3 style=\"color: #2d3748;margin-top: 25px\" data-start=\"2527\" data-end=\"2568\">Trgovsko FIHP 40000 Puffs pri VapeXYZ<\/h3>\n<p style=\"color: #4a5568\" data-start=\"2569\" data-end=\"2939\">VapeXYZ je vodilna evropska operativna platforma za avtenti\u010dno veleprodajo disposable vape logistike. Upravljamo robustne dobavne verige, ki zagotavljajo pristno strojno opremo neposredno iz vrhunskih proizvodnih sredi\u0161\u010d. Ta neposredna dobavna veriga zagotavlja strogo kontrolo kakovosti, preverjeno avtenti\u010dnost in izjemno hitre \u010dasovne okvirje dostave do va\u0161e poslovne infrastrukture. FIHP 40000 Puffs je trenutno v celoti zaloga za mno\u017ei\u010dno uvedbo - empiri\u010dno zanesljiva, zelo donosna izbira za trgovce, ki \u017eelijo v svoj inventar vklju\u010diti dominantno, visoko zmogljivo strojno opremo.<\/p>\n<div style=\"text-align: center;margin: 30px 0\"><img loading=\"lazy\" decoding=\"async\" class=\"alignnone size-full wp-image-57783\" style=\"max-width: 100%;height: auto;border-radius: 8px\" src=\"https:\/\/vapexyz.com\/wp-content\/uploads\/2025\/10\/FIHP-40000-Puffs-Double-Flavors-Low-Nicotine-Bulk-Buy-Original-Rechargeable-Disposable-Vapes-Wholesale-3.webp\" alt=\"FIHP 40000 Puffs Dvojni Okusi Nizka Nikotin Razsodna Nakup Originalna Ponovno Polnjenje Enkratna Uporaba Vape Trgovska Prodaja\" width=\"1500\" height=\"1500\" title=\"\" srcset=\"https:\/\/vapexyz.com\/wp-content\/uploads\/2025\/10\/FIHP-40000-Puffs-Double-Flavors-Low-Nicotine-Bulk-Buy-Original-Rechargeable-Disposable-Vapes-Wholesale-3.webp 1500w, https:\/\/vapexyz.com\/wp-content\/uploads\/2025\/10\/FIHP-40000-Puffs-Double-Flavors-Low-Nicotine-Bulk-Buy-Original-Rechargeable-Disposable-Vapes-Wholesale-3-247x247.webp 247w, https:\/\/vapexyz.com\/wp-content\/uploads\/2025\/10\/FIHP-40000-Puffs-Double-Flavors-Low-Nicotine-Bulk-Buy-Original-Rechargeable-Disposable-Vapes-Wholesale-3-100x100.webp 100w, https:\/\/vapexyz.com\/wp-content\/uploads\/2025\/10\/FIHP-40000-Puffs-Double-Flavors-Low-Nicotine-Bulk-Buy-Original-Rechargeable-Disposable-Vapes-Wholesale-3-510x510.webp 510w, https:\/\/vapexyz.com\/wp-content\/uploads\/2025\/10\/FIHP-40000-Puffs-Double-Flavors-Low-Nicotine-Bulk-Buy-Original-Rechargeable-Disposable-Vapes-Wholesale-3-500x500.webp 500w, https:\/\/vapexyz.com\/wp-content\/uploads\/2025\/10\/FIHP-40000-Puffs-Double-Flavors-Low-Nicotine-Bulk-Buy-Original-Rechargeable-Disposable-Vapes-Wholesale-3-1024x1024.webp 1024w, https:\/\/vapexyz.com\/wp-content\/uploads\/2025\/10\/FIHP-40000-Puffs-Double-Flavors-Low-Nicotine-Bulk-Buy-Original-Rechargeable-Disposable-Vapes-Wholesale-3-300x300.webp 300w, https:\/\/vapexyz.com\/wp-content\/uploads\/2025\/10\/FIHP-40000-Puffs-Double-Flavors-Low-Nicotine-Bulk-Buy-Original-Rechargeable-Disposable-Vapes-Wholesale-3-768x768.webp 768w, https:\/\/vapexyz.com\/wp-content\/uploads\/2025\/10\/FIHP-40000-Puffs-Double-Flavors-Low-Nicotine-Bulk-Buy-Original-Rechargeable-Disposable-Vapes-Wholesale-3-12x12.webp 12w\" sizes=\"auto, (max-width: 1500px) 100vw, 1500px\" \/><\/div>\n<hr style=\"border: 0;height: 1px;background-image: linear-gradient(to right, rgba(0, 0, 0, 0), rgba(0, 0, 0, 0.1), rgba(0, 0, 0, 0));margin: 40px 0\" \/>\n<h3 style=\"color: #2d3748;margin-bottom: 20px\">Pogosto zastavljena vpra\u0161anja (Tehni\u010dna in veleprodajna)<\/h3>\n<details style=\"background: #ffffff;border: 1px solid #e2e8f0;border-radius: 8px;margin-bottom: 15px;padding: 15px;font-family: system-ui, -apple-system, sans-serif\">\n<summary style=\"font-weight: 600;cursor: pointer;color: #2d3748;font-size: 1.05rem\">Kako je ocena 40.000 empiri\u010dno preverjena?<\/summary>\n<p style=\"margin-top: 10px;color: #4a5568;line-height: 1.5\">Ocena je dolo\u010dena z avtomatiziranim pnevmatskim testiranjem v laboratorijskih pogojih. Stroji simulirajo standardizirane \u010dlove\u0161ke poteze (obi\u010dajno trajanje od 1,5 do 2,0 sekunde), dokler rezervoar ni popolnoma izpraznjen. Rezultati v resni\u010dnem svetu se lahko nekoliko razlikujejo glede na posamezno dol\u017eino poteze in okolno temperaturo.<\/p>\n<\/details>\n<details style=\"background: #ffffff;border: 1px solid #e2e8f0;border-radius: 8px;margin-bottom: 15px;padding: 15px;font-family: system-ui, -apple-system, sans-serif\">\n<summary style=\"font-weight: 600;cursor: pointer;color: #2d3748;font-size: 1.05rem\">Kak\u0161ni so natan\u010dni parametri polnjenja za notranjo baterijo?<\/summary>\n<p style=\"margin-top: 10px;color: #4a5568;line-height: 1.5\">650mAh litij-ionska celica uporablja standardni vmesnik Type-C in je zasnovana za sprejem elektri\u010dnega vnosa 5V\/1A. Zelo priporo\u010dljivo je uporabljati standardne komercialne polnilne bloke namesto visokonapetostnih hitrih polnilnikov, da se ohrani optimalna \u017eivljenjska doba celice.<\/p>\n<\/details>\n<details style=\"background: #ffffff;border: 1px solid #e2e8f0;border-radius: 8px;margin-bottom: 15px;padding: 15px;font-family: system-ui, -apple-system, sans-serif\">\n<summary style=\"font-weight: 600;cursor: pointer;color: #2d3748;font-size: 1.05rem\">Ali obstaja navzkri\u017ena kontaminacija med dvema notranjima rezervoarjema?<\/summary>\n<p style=\"margin-top: 10px;color: #4a5568;line-height: 1.5\">Ne. Notranja arhitektura ima dve popolnoma lo\u010deni 18ml komori (skupaj 36ml). Zunanji stikalo fizi\u010dno spremeni pretok zraka in elektri\u010dno povezavo, da aktivira samo eno specifi\u010dno tuljavo naenkrat, kar zagotavlja absolutno \u010distost za vsak razli\u010den profil.<\/p>\n<\/details>\n<details style=\"background: #ffffff;border: 1px solid #e2e8f0;border-radius: 8px;margin-bottom: 15px;padding: 15px;font-family: system-ui, -apple-system, sans-serif\">\n<summary style=\"font-weight: 600;cursor: pointer;color: #2d3748;font-size: 1.05rem\">Kak\u0161ne so minimalne zahteve za veleprodajne naro\u010dila pri VapeXYZ?<\/summary>\n<p style=\"margin-top: 10px;color: #4a5568;line-height: 1.5\">VapeXYZ ohranja visoko dostopno minimalno koli\u010dino naro\u010dila (MOQ) samo 10 kosov. To omogo\u010da trgovcem vseh velikosti, da vzor\u010dijo novo zalogo in preverijo lokalno povpra\u0161evanje na trgu, preden se zave\u017eejo k ve\u010djim nakupom glavnih kartonov v podjetni\u0161kem obsegu.<\/p>\n<\/details>\n<p style=\"margin-top: 30px;text-align: center;color: #4a5568;font-weight: 500\">Bi \u017eeleli, da vam pomagam pri osnutku e-po\u0161tne kampanje ali strategije za dru\u017eabne medije, da svojim maloprodajnim partnerjem sporo\u010dite prihod te strojne opreme?<\/p>\n<\/article>","protected":false},"excerpt":{"rendered":"<p>FIHP 40000 Puffs Double Tastes Vape z dvojnimi mre\u017enimi tulci in 40000 vdihi. Kupite avtenti\u010dne vapee za enkratno uporabo z nizko mo\u010djo na veliko pri VapeXYZ.<\/p>","protected":false},"featured_media":57781,"comment_status":"open","ping_status":"closed","template":"","meta":{"_lmt_disableupdate":"no","_lmt_disable":""},"product_brand":[],"product_cat":[860,989,947,935,934,927,929,928,930,933,939,932,938,931,936,937,1017,949,946,1083,950,951,953,987],"product_tag":[],"class_list":{"0":"post-57780","1":"product","2":"type-product","3":"status-publish","4":"has-post-thumbnail","6":"product_cat-fihp","7":"product_cat-40000-puff-vapes","8":"product_cat-big-puffs-vapes","9":"product_cat-bulk-buy-disposable-vapes-in-austria","10":"product_cat-bulk-buy-disposable-vapes-in-belgium","11":"product_cat-bulk-buy-disposable-vapes-in-europe","12":"product_cat-bulk-buy-disposable-vapes-in-france","13":"product_cat-bulk-buy-disposable-vapes-in-germany","14":"product_cat-bulk-buy-disposable-vapes-in-italy","15":"product_cat-bulk-buy-disposable-vapes-in-netherlands","16":"product_cat-bulk-buy-disposable-vapes-in-norway","17":"product_cat-bulk-buy-disposable-vapes-in-poland","18":"product_cat-bulk-buy-disposable-vapes-in-portugal","19":"product_cat-bulk-buy-disposable-vapes-in-spain","20":"product_cat-bulk-buy-disposable-vapes-in-sweden","21":"product_cat-bulk-buy-disposable-vapes-in-switzerland","22":"product_cat-buy-best-disposable-vape-flavors","23":"product_cat-digital-box-vapes","24":"product_cat-disposable-vapes-series","25":"product_cat-double-flavor-vapes","26":"product_cat-dual-mesh-vapes","27":"product_cat-lower-nicotine-vapes","28":"product_cat-rechargeable-vapes","29":"product_cat-vape-shop-by-puffs","31":"first","32":"instock","33":"shipping-taxable","34":"purchasable","35":"product-type-variable","36":"has-default-attributes"},"jetpack_sharing_enabled":true,"tiered_pricing_type":"fixed","tiered_pricing_fixed_rules":[],"tiered_pricing_product_settings":{"layout":"default","base_unit_name":{"singular":null,"plural":null},"default_variation":null},"tiered_pricing_minimum_quantity":null,"tiered_pricing_roles_data":[],"tiered_pricing_percentage_rules":[],"tiered_pricing_maximum_quantity":null,"tiered_pricing_quantity_step":null,"_links":{"self":[{"href":"https:\/\/vapexyz.com\/sl\/wp-json\/wp\/v2\/product\/57780","targetHints":{"allow":["GET"]}}],"collection":[{"href":"https:\/\/vapexyz.com\/sl\/wp-json\/wp\/v2\/product"}],"about":[{"href":"https:\/\/vapexyz.com\/sl\/wp-json\/wp\/v2\/types\/product"}],"replies":[{"embeddable":true,"href":"https:\/\/vapexyz.com\/sl\/wp-json\/wp\/v2\/comments?post=57780"}],"wp:featuredmedia":[{"embeddable":true,"href":"https:\/\/vapexyz.com\/sl\/wp-json\/wp\/v2\/media\/57781"}],"wp:attachment":[{"href":"https:\/\/vapexyz.com\/sl\/wp-json\/wp\/v2\/media?parent=57780"}],"wp:term":[{"taxonomy":"product_brand","embeddable":true,"href":"https:\/\/vapexyz.com\/sl\/wp-json\/wp\/v2\/product_brand?post=57780"},{"taxonomy":"product_cat","embeddable":true,"href":"https:\/\/vapexyz.com\/sl\/wp-json\/wp\/v2\/product_cat?post=57780"},{"taxonomy":"product_tag","embeddable":true,"href":"https:\/\/vapexyz.com\/sl\/wp-json\/wp\/v2\/product_tag?post=57780"}],"curies":[{"name":"wp","href":"https:\/\/api.w.org\/{rel}","templated":true}]}}