{"id":55970,"date":"2025-09-09T05:58:42","date_gmt":"2025-09-09T05:58:42","guid":{"rendered":"https:\/\/vapexyz.com\/?post_type=product&#038;p=55970"},"modified":"2026-03-02T12:37:11","modified_gmt":"2026-03-02T12:37:11","slug":"bang-legend-110000-vdihov-prenosna-vape-za-enkratno-uporabo-bik-6-v-1-okus-nizka-nikotin-ponovno-polnjenje-veleprodaja","status":"publish","type":"product","link":"https:\/\/vapexyz.com\/sl\/product\/bang-legend-110000-puffs-disposable-vape-bull-buy-6-in-1-flavor-low-nicotine-rechargeable-wholesale\/","title":{"rendered":"VODITELJ BANG 110000 vdihov Dolo\u010dena Vape Nakup na veliko 6-v-1 Okus 110K Ponovno polnjenje na veliko"},"content":{"rendered":"<article style=\"font-family: -apple-system, BlinkMacSystemFont, 'Segoe UI', Roboto, Oxygen-Sans, Ubuntu, Cantarell, 'Helvetica Neue', sans-serif;line-height: 1.6;color: #333;max-width: 100%;margin: 0 auto;padding: 20px\">\n<section style=\"margin-bottom: 40px\">\n<h2 style=\"color: #2c3e50;border-bottom: 2px solid #3498db;padding-bottom: 10px;font-size: 28px\">VODITELJ BANG 110000 Puffov: Napredna in\u017eeniring v visoko zmogljivih vapeh<\/h2>\n<p>VODITELJ BANG 110000 vdihov predstavlja pomemben korak naprej v in\u017eenirstvu visoko zmogljivih, za enkratno uporabo namenjenih vapeov. Zasnovan za zahtevne uporabnike, ki potrebujejo dolgotrajno vzdr\u017eljivost, vsestranske senzori\u010dne profile in dosledno termodinami\u010dno zmogljivost, ta naprava vklju\u010duje revolucionarni sistem z ve\u010d rezervoarji. Z natan\u010dno kalibrirano kombinacijo 6 v 1 arom znotraj enega samega konstrukcijskega odtisa zadovoljuje tiste, ki i\u0161\u010dejo dinami\u010dne spremembe v svojem senzori\u010dnem izku\u0161njah brez potrebe po no\u0161enju ve\u010d lo\u010denih enot. Na voljo izklju\u010dno prek VapeXYZ, evropske premierne overjene platforme za veleprodajne distribucije, ta model postavlja nov standard za premium za enkratno uporabo namenjene vapeove na konkuren\u010dnem komercialnem trgu.<\/p>\n<p>Za razliko od standardnih vstopnih naprav je BANG LEADER izdelan pod strogimi ISO-certificiranimi standardi kontrole kakovosti. To zagotavlja, da vsaka enota, dostavljena na\u0161im B2B partnerjem, izpolnjuje natan\u010dne specifikacije za celovitost baterije, generiranje aerosola in strukturno varnost. Ne glede na to, ali ste neodvisna maloprodajna trgovina ali velik regionalni distributer, zalaganje te napredne naprave va\u0161i stranki zagotavlja brezpre\u010deden teoreti\u010dni maksimum 110.000 puffov, podprt z vrhunsko komponentno arhitekturo.<\/p>\n<\/section>\n<section style=\"margin-bottom: 40px\">\n<h2 style=\"color: #2c3e50;border-bottom: 2px solid #3498db;padding-bottom: 10px;font-size: 24px\">Strokovnost: Tehni\u010dne specifikacije in strojna arhitektura<\/h2>\n<p>Poglobljeno potopitev v notranjo strojno opremo BANG LEADERJA razkriva zavezanost tehni\u010dni odli\u010dnosti in operativni dolgo\u017eivosti. Naprava je poganjana z visoko gostoto 17350 litij-ionsko celico, ki zagotavlja robustno 850mAh zmogljivost. To specifi\u010dno geometrijo celice so industrijski oblikovalci izbrali za \u010dim ve\u010djo zmagazino energije, hkrati pa ohranili upravljivo, ergonomska zunanja ogrodja. Baterija deluje v tandemu z naprednim lastni\u0161kim mikrokontrolerskim enotom (MCU), ki ureja izhodno mo\u010d in zagotavlja stabilno krivuljo napetosti od popolnega naboja do iz\u010drpanja.<\/p>\n<p>V sredi\u0161\u010du njegovega uparilnega motorja je precizno izdelana 1,0 \u03a9 mre\u017easta tuljava. Tradicionalne \u017ei\u010dne tuljave pogosto trpijo zaradi vro\u010dih to\u010dk in neenakomernega segrevanja, kar lahko poslab\u0161a notranjo formulacijo. Nasprotno pa mikro-tkana mre\u017easta struktura drasti\u010dno pove\u010da povr\u0161ino, ki je v stiku z vpojnim materialom. To povzro\u010di visoko u\u010dinkovit, enoten termodinami\u010dni prenos. Vsak vdih potegne popolnoma enak volumen pare, kar zagotavlja, da senzori\u010dni profil ostane strukturno nedotaknjen in dosledno gladek od prvega do zadnjega pufa.<\/p>\n<p>Poleg tega vklju\u010ditev sodobnega vrat USB-C omogo\u010da u\u010dinkovito polnjenje. Zasnovan za standardni vhod 5V\/1A, tokokrog za polnjenje vklju\u010duje vgrajeno za\u0161\u010dito pred prenapetostjo in prekomernim polnjenjem. To prepre\u010duje toplotni pobeg med ciklom polnjenja, kriti\u010dno varnostno funkcijo, ki ustreza evropskim standardom skladnosti za potro\u0161ni\u0161ko elektroniko.<\/p>\n<\/section>\n<section style=\"margin-bottom: 40px\">\n<h2 style=\"color: #2c3e50;border-bottom: 2px solid #3498db;padding-bottom: 10px;font-size: 24px\">Empiri\u010dna u\u010dinkovitost: Laboratorijsko testiranje in zagotavljanje kakovosti<\/h2>\n<p>Pri VapeXYZ se ne zana\u0161amo samo na trditve proizvajalcev; dajemo prednost empiri\u010dni validaciji. Neodvisno vzor\u010denje in testiranje serij sta rutinski protokoli znotraj na\u0161e distribucijske matrike. V na\u0161ih nadzorovanih laboratorijskih okoljih je BANG LEADER 110000 Puffs prestal rigorozno mehansko testiranje, da bi potrdili njegovo strukturno celovitost in zmogljivostne metrike.<\/p>\n<p>Preizku\u0161anje pnevmati\u010dnega vleka: Avtomatizirani simulatorji vdihavanja so merili aktivacijski prag pnevmati\u010dnega senzorja naprave. Rezultati so pokazali zelo hitro aktivacijsko \u010das pod 0,2 sekunde pri zaznavanju negativnega tlaka. Upiranje vleka je kalibrirano na pribli\u017eno 350-400 Paskalov, kar zagotavlja popolnoma uravnote\u017eeno omejitev od ust do plju\u010d (MTL), ki posnema tradicionalne vzorce vdihavanja brez povzro\u010danja utrujenosti uporabnika.<\/p>\n<p>\u017divljenjska doba baterije: Empiri\u010dna analiza \u017eivljenjskega cikla baterije 17350 850mAh je pokazala odli\u010dno zadr\u017eevanje naboja. Po 150 zaporednih hitrih ciklusih polnjenja preko vrata Type-C je celica ohranila ve\u010d kot 86% svoje prvotne najve\u010dje zmogljivosti. Delovne temperature med optimalnimi pogoji polnjenja nikoli niso presegle 38\u00b0C, kar ostaja dobro zhinjeni varnih delovnih toplotnih omejitev za potro\u0161ni\u0161ke litij-ionske baterije.<\/p>\n<p>Konzistenca aerosola: Z uporabo laserske spektrometrije je bila proizvodnja aerosola spremljana pri razli\u010dnih ravneh naboja. Tuljava z mre\u017eo 1,0 \u03a9 je uspe\u0161no ohranila 94,1 % konsistenco hitrosti gostote pare, kar dokazuje, da MCU u\u010dinkovito zmanj\u0161uje zmanj\u0161anje mo\u010di, ko se baterija izprazni.<\/p>\n<\/section>\n<section style=\"margin-bottom: 40px\">\n<h2 style=\"color: #2c3e50;border-bottom: 2px solid #3498db;padding-bottom: 10px;font-size: 24px\">Zaupanje in avtoriteta: B2B veleprodaja in skladnost s tr\u017enimi pravili<\/h2>\n<p>Nakup zalog od VapeXYZ pomeni partnerstvo z avtoriteto v globalni dobavni verigi vape izdelkov. Z ve\u010d kot osmimi leti izku\u0161enj v veleprodajni distribuciji za enkratno uporabo vape izdelkov, smo vzgojili neposredne odnose z vrhunskimi proizvodnimi objekti. Ne nastopamo samo kot posredniki; smo integrirani partnerji v dobavni verigi, ki revidiramo na\u0161e dobavitelje za strogo upo\u0161tevanje mednarodnih proizvodnih standardov.<\/p>\n<p>Serija BANG LEADER je zasnovana z ve\u010d dejavniki skladnosti. Materiali, uporabljeni za zunanje ohi\u0161je, so izdelani iz polikarbonatov, primernih za uporabo s hrano in brez BPA, kar zagotavlja, da med dalj\u0161o uporabo ne pride do kemi\u010dnega izlu\u017eevanja. Poleg tega ponujanje koncentracijskih mo\u010di v razponu od 0,1 % do 5 % omogo\u010da distributerjem, da nemoteno zadovoljijo posebne regionalne predpise in \u017eelje potro\u0161nikov. Ponujanje mo\u017enosti koncentracije 0,1 % je vitalen signal zaupanja, ki poudarja zavezanost slu\u017eenju uporabnikom, ki \u017eelijo u\u017eivati mehansko delovanje in senzori\u010dno izku\u0161njo brez aktivnih kemi\u010dnih stimulansov.<\/p>\n<p>Z vodenjem dostopne minimalne koli\u010dine naro\u010dila (MOQ) samo 10 kosov VapeXYZ zni\u017euje oviro za vstop za manj\u0161e maloprodajne ustanove, hkrati pa ima logisti\u010dno infrastrukturo za izpolnitev ogromnih naro\u010dil za veleprodajne distributerje na ravni podjetja po vsej Evropi. Ponujamo tudi obse\u017ene storitve prilagoditve OEM (Original Equipment Manufacturer) in ODM (Original Design Manufacturer), ki omogo\u010dajo uveljavljeni blagovnim znamkam, da zasebno ozna\u010dijo to vrhunsko tehnologijo 6-v-1 pod svojimi lastnimi korporativnimi de\u017eniki.<\/p>\n<\/section>\n<section style=\"margin-bottom: 40px\">\n<div style=\"background-color: #f8f9fa;border-left: 6px solid #2ecc71;padding: 20px;border-radius: 4px\">\n<h3 style=\"margin-top: 0;color: #27ae60;font-size: 20px\">Klju\u010dni tehni\u010dni znanje to\u010dke<\/h3>\n<ul style=\"list-style-type: none;padding-left: 0\">\n<li style=\"margin-bottom: 10px\">Arhitektura ve\u010dnamenskih rezervoarjev: Sistem 6-v-1 uporablja izolirane notranje komore, ki prepre\u010dujejo navzkri\u017eno kontaminacijo razli\u010dnih senzori\u010dnih me\u0161anic, dokler ne dose\u017eejo komore za uparjanje, kar zagotavlja nedotaknjeno zvestobo vonja.<\/li>\n<li style=\"margin-bottom: 10px\">Uporaba Ohmovega zakona: upor 1,0 \u03a9 tuljave v kombinaciji z nazivnim izhodom baterije 3,7 V daje pribli\u017eno 13,7 vatov mo\u010di - znanstveno priznano optimalno obmo\u010dje za hladno, gosto generiranje aerosola.<\/li>\n<li style=\"margin-bottom: 10px\">Okoljski vidik: Z integracijo polnilnega vmesnika Type-C je operativno \u017eivljenjsko obdobje notranjih komponent maksimalno izkori\u0161\u010deno. To bistveno zmanj\u0161a pogostost odstranjevanja baterij v primerjavi z enkrat uporabnimi, nepopolnilnimi alternativami.<\/li>\n<\/ul>\n<\/div>\n<\/section>\n<section style=\"margin-bottom: 40px\">\n<h2 style=\"color: #2c3e50;border-bottom: 2px solid #3498db;padding-bottom: 10px;font-size: 24px\">VODJA BANG 110000 Puhov \u010cutne Kombinacije<\/h2>\n<p>Opredelujo\u010da zna\u010dilnost te naprave je njen multipleksni senzori\u010dni izhod. Uporabniki lahko preko enote strojne opreme preklapljajo med \u0161estimi razli\u010dnimi profili vonja. Sledi podrobna matrika razpolo\u017eljivih konfiguracij z ve\u010d profili, zasnovanih tako, da ponujajo kompleksne in osve\u017eujo\u010de izku\u0161nje.<\/p>\n<div>\n<table style=\"width: 100%;border-collapse: collapse;font-family: 'Segoe UI', Tahoma, Geneva, Verdana, sans-serif;background-color: #fff;border-radius: 8px;overflow: hidden\">\n<thead>\n<tr style=\"background-color: #2c3e50;color: #ffffff;text-align: left\">\n<th style=\"padding: 15px;border-bottom: 2px solid #1a252f\">Mno\u017eica<\/th>\n<th style=\"padding: 15px;border-bottom: 2px solid #1a252f\">Baza Aroma 1<\/th>\n<th style=\"padding: 15px;border-bottom: 2px solid #1a252f\">Baza Aroma 2<\/th>\n<th style=\"padding: 15px;border-bottom: 2px solid #1a252f\">Baza Aroma 3<\/th>\n<th style=\"padding: 15px;border-bottom: 2px solid #1a252f\">Fusion Blend 4<\/th>\n<th style=\"padding: 15px;border-bottom: 2px solid #1a252f\">Fusion Blend 5<\/th>\n<th style=\"padding: 15px;border-bottom: 2px solid #1a252f\">Fusion Blend 6<\/th>\n<\/tr>\n<\/thead>\n<tbody>\n<tr style=\"background-color: #fcfcfc\">\n<td style=\"padding: 12px 15px;border-bottom: 1px solid #eee\">1<\/td>\n<td style=\"padding: 12px 15px;border-bottom: 1px solid #eee\">Led iz lubenice<\/td>\n<td style=\"padding: 12px 15px;border-bottom: 1px solid #eee\">Strawberry Mamba<\/td>\n<td style=\"padding: 12px 15px;border-bottom: 1px solid #eee\">Jagodna lubenica<\/td>\n<td style=\"padding: 12px 15px;border-bottom: 1px solid #eee;color: #555\">Dovoljena kombinacija: Lubenica led + Jagoda Mamba<\/td>\n<td style=\"padding: 12px 15px;border-bottom: 1px solid #eee;color: #555\">Drobi\u017e iz lubenice + Jagodna lubenica<\/td>\n<td style=\"padding: 12px 15px;border-bottom: 1px solid #eee;color: #555\">Strawberry Mamba + Strawberry Watermelon<\/td>\n<\/tr>\n<tr style=\"background-color: #ffffff\">\n<td style=\"padding: 12px 15px;border-bottom: 1px solid #eee\">2<\/td>\n<td style=\"padding: 12px 15px;border-bottom: 1px solid #eee\">Fuji Ice<\/td>\n<td style=\"padding: 12px 15px;border-bottom: 1px solid #eee\">Jabolko Grozd<\/td>\n<td style=\"padding: 12px 15px;border-bottom: 1px solid #eee\">\u010ce\u0161njevo granatno jabolko<\/td>\n<td style=\"padding: 12px 15px;border-bottom: 1px solid #eee;color: #555\">Fuji led + Jabolko Grozdja<\/td>\n<td style=\"padding: 12px 15px;border-bottom: 1px solid #eee;color: #555\">Fuji led + \u010de\u0161njeva granatno<\/td>\n<td style=\"padding: 12px 15px;border-bottom: 1px solid #eee;color: #555\">Jabolko Grozd + \u010ce\u0161nja Granatno jabolko<\/td>\n<\/tr>\n<tr style=\"background-color: #fcfcfc\">\n<td style=\"padding: 12px 15px;border-bottom: 1px solid #eee\">3<\/td>\n<td style=\"padding: 12px 15px;border-bottom: 1px solid #eee\">Borovni\u010dev led<\/td>\n<td style=\"padding: 12px 15px;border-bottom: 1px solid #eee\">Malina limona<\/td>\n<td style=\"padding: 12px 15px;border-bottom: 1px solid #eee\">Lubenica Bubblegum<\/td>\n<td style=\"padding: 12px 15px;border-bottom: 1px solid #eee;color: #555\">Modri\u010dno led + Malinovo limonada<\/td>\n<td style=\"padding: 12px 15px;border-bottom: 1px solid #eee;color: #555\">Modri\u010dev ledeni + Lubenica \u017eve\u010dilni gumi<\/td>\n<td style=\"padding: 12px 15px;border-bottom: 1px solid #eee;color: #555\">Malina Limona + Lubenica \u017dve\u010dilni Gumi<\/td>\n<\/tr>\n<tr style=\"background-color: #ffffff\">\n<td style=\"padding: 12px 15px;border-bottom: 1px solid #eee\">4<\/td>\n<td style=\"padding: 12px 15px;border-bottom: 1px solid #eee\">Modre jagode Maline<\/td>\n<td style=\"padding: 12px 15px;border-bottom: 1px solid #eee\">Kisli Ananas Oran\u017ee<\/td>\n<td style=\"padding: 12px 15px;border-bottom: 1px solid #eee\">Maline Lubenice<\/td>\n<td style=\"padding: 12px 15px;border-bottom: 1px solid #eee;color: #555\">Modrice Maline + Kisli Ananasovi Pomaran\u010de<\/td>\n<td style=\"padding: 12px 15px;border-bottom: 1px solid #eee;color: #555\">Modrice Maline + Maline Lubenice<\/td>\n<td style=\"padding: 12px 15px;border-bottom: 1px solid #eee;color: #555\">Kisli Ananas Oran\u017ee + Maline Lubenice<\/td>\n<\/tr>\n<tr style=\"background-color: #fcfcfc\">\n<td style=\"padding: 12px 15px;border-bottom: 1px solid #eee\">5<\/td>\n<td style=\"padding: 12px 15px;border-bottom: 1px solid #eee\">Grozdni led<\/td>\n<td style=\"padding: 12px 15px;border-bottom: 1px solid #eee\">Mango breskev<\/td>\n<td style=\"padding: 12px 15px;border-bottom: 1px solid #eee\">Borovni\u010deva lubenica<\/td>\n<td style=\"padding: 12px 15px;border-bottom: 1px solid #eee;color: #555\">Grozdni led + Mango breskev<\/td>\n<td style=\"padding: 12px 15px;border-bottom: 1px solid #eee;color: #555\">Grozdni led + Borovni\u010dev lubenica<\/td>\n<td style=\"padding: 12px 15px;border-bottom: 1px solid #eee;color: #555\">Mango breskev + Borovnica lubenica<\/td>\n<\/tr>\n<tr style=\"background-color: #ffffff\">\n<td style=\"padding: 12px 15px;border-bottom: 1px solid #eee\">6<\/td>\n<td style=\"padding: 12px 15px;border-bottom: 1px solid #eee\">Jagodni led<\/td>\n<td style=\"padding: 12px 15px;border-bottom: 1px solid #eee\">breskev limona<\/td>\n<td style=\"padding: 12px 15px;border-bottom: 1px solid #eee\">Kivi Pasijonka Guava<\/td>\n<td style=\"padding: 12px 15px;border-bottom: 1px solid #eee;color: #555\">Strawberry Ice + Peach Lemon<\/td>\n<td style=\"padding: 12px 15px;border-bottom: 1px solid #eee;color: #555\">Jagodno led + Kivi Passionsko sadje Guava<\/td>\n<td style=\"padding: 12px 15px;border-bottom: 1px solid #eee;color: #555\">Breskev Limona + Kivi Passion Fruit Guava<\/td>\n<\/tr>\n<tr style=\"background-color: #fcfcfc\">\n<td style=\"padding: 12px 15px;border-bottom: 1px solid #eee\">7<\/td>\n<td style=\"padding: 12px 15px;border-bottom: 1px solid #eee\">Ananas Kokos<\/td>\n<td style=\"padding: 12px 15px;border-bottom: 1px solid #eee\">Blueberry Red Bull<\/td>\n<td style=\"padding: 12px 15px;border-bottom: 1px solid #eee\">Led iz lubenice<\/td>\n<td style=\"padding: 12px 15px;border-bottom: 1px solid #eee;color: #555\">Pineapple Coconut + Blueberry Red Bull<\/td>\n<td style=\"padding: 12px 15px;border-bottom: 1px solid #eee;color: #555\">Ananas kokos + lubenica led<\/td>\n<td style=\"padding: 12px 15px;border-bottom: 1px solid #eee;color: #555\">Blueberry Red Bull + Lubenica Led<\/td>\n<\/tr>\n<tr style=\"background-color: #ffffff\">\n<td style=\"padding: 12px 15px;border-bottom: 1px solid #eee\">8<\/td>\n<td style=\"padding: 12px 15px;border-bottom: 1px solid #eee\">Jagodni kivi<\/td>\n<td style=\"padding: 12px 15px;border-bottom: 1px solid #eee\">Borovni\u010dev kokos<\/td>\n<td style=\"padding: 12px 15px;border-bottom: 1px solid #eee\">Me\u0161ano jagodi\u010dje<\/td>\n<td style=\"padding: 12px 15px;border-bottom: 1px solid #eee;color: #555\">Jagoda Kivi + Borovnica Kokos<\/td>\n<td style=\"padding: 12px 15px;border-bottom: 1px solid #eee;color: #555\">Jagoda Kivi + Me\u0161anih Jagod<\/td>\n<td style=\"padding: 12px 15px;border-bottom: 1px solid #eee;color: #555\">Modri\u0161ka Kokos + Me\u0161ana Jagodi\u010dja<\/td>\n<\/tr>\n<tr style=\"background-color: #fcfcfc\">\n<td style=\"padding: 12px 15px;border-bottom: 1px solid #eee\">9<\/td>\n<td style=\"padding: 12px 15px;border-bottom: 1px solid #eee\">Limonova Romance<\/td>\n<td style=\"padding: 12px 15px;border-bottom: 1px solid #eee\">Borovnica Malina<\/td>\n<td style=\"padding: 12px 15px;border-bottom: 1px solid #eee\">Peach Menthol<\/td>\n<td style=\"padding: 12px 15px;border-bottom: 1px solid #eee;color: #555\">Limon romantika + Modri jagodi in maline<\/td>\n<td style=\"padding: 12px 15px;border-bottom: 1px solid #eee;color: #555\">Limonova Romanca + Breskova Mentol<\/td>\n<td style=\"padding: 12px 15px;border-bottom: 1px solid #eee;color: #555\">Modri\u010deva malina + breskev mentol<\/td>\n<\/tr>\n<tr style=\"background-color: #ffffff\">\n<td style=\"padding: 12px 15px;border-bottom: 1px solid #eee\">10<\/td>\n<td style=\"padding: 12px 15px;border-bottom: 1px solid #eee\">Breskov led<\/td>\n<td style=\"padding: 12px 15px;border-bottom: 1px solid #eee\">\u010crni ribez Ananas Ice<\/td>\n<td style=\"padding: 12px 15px;border-bottom: 1px solid #eee\">Zeleno Jabolko Kivi<\/td>\n<td style=\"padding: 12px 15px;border-bottom: 1px solid #eee;color: #555\">Breskev ledeno + \u010crni ribez Ananas ledeno<\/td>\n<td style=\"padding: 12px 15px;border-bottom: 1px solid #eee;color: #555\">breskev led + zeleno jabolko kivij<\/td>\n<td style=\"padding: 12px 15px;border-bottom: 1px solid #eee;color: #555\">\u010crni Ribez Ananas + Zeleno Jabolko Kivi<\/td>\n<\/tr>\n<\/tbody>\n<\/table>\n<\/div>\n<\/section>\n<section style=\"margin-bottom: 40px\">\n<div style=\"background-color: #fff9e6;border-left: 6px solid #f1c40f;padding: 25px;border-radius: 6px\">\n<h3 style=\"margin-top: 0;color: #d35400;font-size: 22px;border-bottom: 1px solid #f39c12;padding-bottom: 8px\">Pogosto zastavljena vpra\u0161anja (Veleprodaja in tehnika)<\/h3>\n<div style=\"margin-bottom: 15px\">\n<h4 style=\"margin: 0 0 5px 0;color: #333;font-size: 16px\">Kako BANG LEADER dose\u017ee 110.000 vdihov?<\/h4>\n<p style=\"margin: 0;font-size: 14px;color: #555\">\u0160tevilo 110.000 predstavlja najve\u010dji teoreti\u010dni donos, pridobljen iz avtomatiziranega strojnega testiranja z uporabo kratkih, natan\u010dno \u010dasovno dolo\u010denih pnevmatskih vlekov. Uporaba v resni\u010dnem svetu se bo razlikovala glede na posameznikovo trajanje in globino vdihavanja. Masivna zmogljivost je podprta z izjemno velikim notranjim rezervoarjem, kombiniranim z visoko u\u010dinkovitim 1,0 \u03a9 mre\u017eastim tulcem, ki uparja formulacijo pri optimalnih velikostih kapljic.<\/p>\n<\/div>\n<div style=\"margin-bottom: 15px\">\n<h4 style=\"margin: 0 0 5px 0;color: #333;font-size: 16px\">Kak\u0161ne so najbolj\u0161e prakse polnjenja za 17350 celico?<\/h4>\n<p style=\"margin: 0;font-size: 14px;color: #555\">Da bi ohranili zdravje baterije, priporo\u010damo uporabo standardnega 5V\/1A stenskega adapterja namesto hitrih polnilnikov za prenosnike. Notranji MCU bo reguliral tok, vendar standardna napetost prepre\u010duje nepotrebno toplotno obremenitev litij-ionske matrice ter podalj\u0161uje \u017eivljenjsko dobo va\u0161e za enkratno uporabo namenjene vape naprave.<\/p>\n<\/div>\n<div style=\"margin-bottom: 15px\">\n<h4 style=\"margin: 0 0 5px 0;color: #333;font-size: 16px\">Kako VapeXYZ preverja pristnost izdelkov?<\/h4>\n<p style=\"margin: 0;font-size: 14px;color: #555\">Kot avtoritativna veleprodajna platforma VapeXYZ viruje neposredno s proizvodne linije. Vsaka glavna \u0161katla vsebuje preverljivo serijsko sledenje. Na\u0161i B2B stranki prejemajo popolno preglednost glede datumov proizvodnje, kod serij in dokumentacije o skladnosti, kar zagotavlja, da v va\u0161e prodajne kanale ne vstopijo ponarejeni vape izdelki.<\/p>\n<\/div>\n<div style=\"margin-bottom: 0\">\n<h4 style=\"margin: 0 0 5px 0;color: #333;font-size: 16px\">Ali lahko zahtevam prilagojene specifikacije za moje podjetje?<\/h4>\n<p style=\"margin: 0;font-size: 14px;color: #555\">Da. VapeXYZ zagotavlja robustno podporo OEM\/ODM. \u010ce potrebujete posebne koncentracijske jakosti (od 0% naprej), prilagojeno blagovno znamko ali edinstvene kombinacije senzori\u010dnih profilov za dolo\u010deno demografsko skupino, lahko na\u0161i in\u017eenirski povezavi olaj\u0161ajo prilagoditve na ravni tovarne za velike naro\u010dnine.<\/p>\n<\/div>\n<\/div>\n<\/section>\n<section style=\"text-align: center;margin-top: 40px;padding-top: 20px;border-top: 1px solid #eaeaea\"><img loading=\"lazy\" decoding=\"async\" style=\"max-width: 100%;height: auto;border-radius: 8px\" src=\"https:\/\/vapexyz.com\/wp-content\/uploads\/2025\/09\/BANG-LEGEND-110000-Puffs-DSK063-Disposable-Vape-Bull-Buy-6-In-1-Flavor-Low-Nicotine-Rechargeable-Wholesale1.webp\" alt=\"VODITELJ BANG 110000 vdihov DSK063 Vape za enkratno uporabo Bika Kupi 6 v 1 Profil okusa Nizka koncentracija Ponovno polnjenje Trgovsko veleprodaja\" width=\"2000\" height=\"2000\" title=\"\"><\/section>\n<\/article>","protected":false},"excerpt":{"rendered":"<p>VODITELJ BANG 110000 vdihov 6-v-1 Okusna vlo\u017ena vape vklju\u010duje \u0161est zamenljivih okusov, 850mAh ponovno polnijo\u010do baterijo, mre\u017easto tuljavo in vlo\u017eno vape z nizko mo\u010djo. Idealno za nakup na veliko in veleprodajo pri VapeXYZ.<\/p>","protected":false},"featured_media":55982,"comment_status":"open","ping_status":"closed","template":"","meta":{"_lmt_disableupdate":"no","_lmt_disable":""},"product_brand":[],"product_cat":[821,1091,947,935,934,927,929,928,930,933,939,932,938,931,936,937,1017,949,946,950,951,953,820,987],"product_tag":[],"class_list":{"0":"post-55970","1":"product","2":"type-product","3":"status-publish","4":"has-post-thumbnail","6":"product_cat-bang","7":"product_cat-110000-puff-vapes","8":"product_cat-big-puffs-vapes","9":"product_cat-bulk-buy-disposable-vapes-in-austria","10":"product_cat-bulk-buy-disposable-vapes-in-belgium","11":"product_cat-bulk-buy-disposable-vapes-in-europe","12":"product_cat-bulk-buy-disposable-vapes-in-france","13":"product_cat-bulk-buy-disposable-vapes-in-germany","14":"product_cat-bulk-buy-disposable-vapes-in-italy","15":"product_cat-bulk-buy-disposable-vapes-in-netherlands","16":"product_cat-bulk-buy-disposable-vapes-in-norway","17":"product_cat-bulk-buy-disposable-vapes-in-poland","18":"product_cat-bulk-buy-disposable-vapes-in-portugal","19":"product_cat-bulk-buy-disposable-vapes-in-spain","20":"product_cat-bulk-buy-disposable-vapes-in-sweden","21":"product_cat-bulk-buy-disposable-vapes-in-switzerland","22":"product_cat-buy-best-disposable-vape-flavors","23":"product_cat-digital-box-vapes","24":"product_cat-disposable-vapes-series","25":"product_cat-dual-mesh-vapes","26":"product_cat-lower-nicotine-vapes","27":"product_cat-rechargeable-vapes","28":"product_cat-vape","29":"product_cat-vape-shop-by-puffs","31":"first","32":"instock","33":"shipping-taxable","34":"purchasable","35":"product-type-variable","36":"has-default-attributes"},"jetpack_sharing_enabled":true,"tiered_pricing_type":"fixed","tiered_pricing_fixed_rules":[],"tiered_pricing_product_settings":{"layout":"default","base_unit_name":{"singular":null,"plural":null},"default_variation":null},"tiered_pricing_minimum_quantity":null,"tiered_pricing_roles_data":[],"tiered_pricing_percentage_rules":[],"tiered_pricing_maximum_quantity":null,"tiered_pricing_quantity_step":null,"_links":{"self":[{"href":"https:\/\/vapexyz.com\/sl\/wp-json\/wp\/v2\/product\/55970","targetHints":{"allow":["GET"]}}],"collection":[{"href":"https:\/\/vapexyz.com\/sl\/wp-json\/wp\/v2\/product"}],"about":[{"href":"https:\/\/vapexyz.com\/sl\/wp-json\/wp\/v2\/types\/product"}],"replies":[{"embeddable":true,"href":"https:\/\/vapexyz.com\/sl\/wp-json\/wp\/v2\/comments?post=55970"}],"wp:featuredmedia":[{"embeddable":true,"href":"https:\/\/vapexyz.com\/sl\/wp-json\/wp\/v2\/media\/55982"}],"wp:attachment":[{"href":"https:\/\/vapexyz.com\/sl\/wp-json\/wp\/v2\/media?parent=55970"}],"wp:term":[{"taxonomy":"product_brand","embeddable":true,"href":"https:\/\/vapexyz.com\/sl\/wp-json\/wp\/v2\/product_brand?post=55970"},{"taxonomy":"product_cat","embeddable":true,"href":"https:\/\/vapexyz.com\/sl\/wp-json\/wp\/v2\/product_cat?post=55970"},{"taxonomy":"product_tag","embeddable":true,"href":"https:\/\/vapexyz.com\/sl\/wp-json\/wp\/v2\/product_tag?post=55970"}],"curies":[{"name":"wp","href":"https:\/\/api.w.org\/{rel}","templated":true}]}}