{"id":53140,"date":"2025-07-31T08:36:10","date_gmt":"2025-07-31T08:36:10","guid":{"rendered":"https:\/\/vapexyz.com\/?post_type=product&#038;p=53140"},"modified":"2026-03-02T08:56:39","modified_gmt":"2026-03-02T08:56:39","slug":"mesii-visual-boxx-16000-puffov-polnilna-celozaslonski-prikaz-veleprodaja-izvirnih-nizkonikotinskih-za-enkratno-uporabo-vape-naprav","status":"publish","type":"product","link":"https:\/\/vapexyz.com\/sl\/product\/mesii-visual-boxx-16000-puffs-rechargeable-full-screen-display-bulk-buy-original-low-nicotine-disposable-vapes-wholesale\/","title":{"rendered":"MESII VISUAL BOXX 16000 vdihov Polnilna Celozaslonski prikaz Mno\u017ei\u010dni nakup Za enokratno uporabo Vape na veliko"},"content":{"rendered":"<article style=\"font-family: 'Segoe UI', Roboto, Helvetica, Arial, sans-serif;line-height: 1.6;color: #333;max-width: 100%;margin: 0 auto;padding: 20px\"><div style=\"width: 720px;\" class=\"wp-video\"><video class=\"wp-video-shortcode\" id=\"video-53140-1\" width=\"720\" height=\"1280\" preload=\"metadata\" controls=\"controls\"><source type=\"video\/mp4\" src=\"https:\/\/vapexyz.com\/wp-content\/uploads\/2025\/07\/Mesii-Visual-Boxx-16000-Puffs-Rechargeable-Full-Screen-Display-Bulk-Buy-Original-Low-Nicotine-Disposable-Vapes-Wholesale00.mp4?_=1\" \/><a href=\"https:\/\/vapexyz.com\/wp-content\/uploads\/2025\/07\/Mesii-Visual-Boxx-16000-Puffs-Rechargeable-Full-Screen-Display-Bulk-Buy-Original-Low-Nicotine-Disposable-Vapes-Wholesale00.mp4\">https:\/\/vapexyz.com\/wp-content\/uploads\/2025\/07\/Mesii-Visual-Boxx-16000-Puffs-Rechargeable-Full-Screen-Display-Bulk-Buy-Original-Low-Nicotine-Disposable-Vapes-Wholesale00.mp4<\/a><\/video><\/div>\n<h2 style=\"color: #2c3e50;border-bottom: 2px solid #3498db;padding-bottom: 10px;margin-top: 30px\">MESII VISUAL BOXX 16000 Puffov: Napredna in\u017eeniring v enem za enkratno uporabo vape<\/h2>\n<p>Izku\u0161ajte drzno zdru\u017eitev sofisticirane zasnove, termodinami\u010dne u\u010dinkovitosti in naprednega uporabni\u0161kega nadzora z MESII VISUAL BOXX 16000 Puffs. Ta enota predstavlja premium ponovno polnjeno, za enkratno uporabo vape, zgrajeno za dolgotrajno uporabo, strogo zanesljivost in takoj\u0161en vizualni u\u010dinek. Presegajo\u010d standardne tr\u017ene ponudbe, ta naprava vklju\u010duje velik-formatno digitalno vmesnik, natan\u010dne kazalnike strojne opreme in prilagodljive nastavitve mo\u010di, ki temeljno redefinirajo tehnolo\u0161ke zmogljivosti sodobne za enkratno uporabo vape. Ne glede na to, ali \u0161irite maloprodajni portfelj ali zagotavljate zahtevnim potro\u0161nikom v velikih koli\u010dinah, ta model strojne opreme dostavlja nepopustljiv slog, utilitaristi\u010dno funkcijo in dosledno zmogljivost znotraj enega strokovno izdelanega okvirja.<\/p>\n<h3 style=\"color: #2c3e50;margin-top: 25px\">Strokovnost: Tehni\u010dne specifikacije in skladnost z industrijskimi standardi<\/h3>\n<p>MESII VISUAL BOXX 16000 Puffs je zasnovan posebej za gladke, podalj\u0161ane seanse izparevanja, z uporabo prostornega 20mL notranjega rezervoarja, izdelanega iz \u017eivilskega razreda PCTG materialov, da se zagotovi stabilnost formulacije. Sistem pogoni industrijski, ponovno polnilen 600mAh litij-ionski polimerni akumulator. Notranje vezje je nadzorovano z naprednim mikrokontrolerskim enotom (MCU), ki strogo upravlja izhod napetosti in regulira vrata za polnjenje Type-C, da prepre\u010di prekomerno polnjenje, toplotni pobeg in kratki spoj. Naprava je skladna s standardi CE in RoHS, kar zagotavlja, da elektri\u010dne komponente in materiali izpolnjujejo stroge mednarodne varnostne standarde.<\/p>\n<p>V osr\u010dju njegove u\u010dinkovitosti le\u017ei visoko kalibrirana tehnologija dvojne mre\u017easte tuljave. Za razliko od tradicionalnih eno\u017ei\u010dnih tuljav, dvojna mre\u017easta ogrodja drasti\u010dno pove\u010da povr\u0161ino v stiku z notranjim fluidom. Ta strukturna optimizacija zagotavlja enakomerno porazdelitev toplote po grelnem elementu, kar zmanj\u0161uje tveganje suhih udarcev in lokalnega opeklin. Ohmov upor tuljav je fino nastavljen za uravnote\u017eenje proizvodnje pare in var\u010devanja baterije, zaradi \u010desar je zelo zanesljiva izbira tako za ob\u010dasne uporabnike kot za pogoste navdu\u0161ence.<\/p>\n<h3 style=\"color: #2c3e50;margin-top: 25px\">Empiri\u010dni podatki: Validacija in testiranje u\u010dinkovitosti<\/h3>\n<p>Trditve o \u201cdo 16.000 vdihov\u201d niso zgolj teoreti\u010dne; podprte so z rigoroznimi empiri\u010dnimi metodologijami testiranja. V nadzorovanih laboratorijskih okoljih z uporabo avtomatiziranega stroja za simulacijo vdihov (kalibriranega na standardno 3-sekundno trajanje vdihovanja z 30-sekundnim intervalom po\u010ditka), je MESII VISUAL BOXX dosledno pokazal stabilne zmogljivosti tudi v poznih fazah svojega \u017eivljenjskega cikla.<\/p>\n<p>Termografska analiza dvojnega sistema mre\u017eice ka\u017ee, da delovna temperatura ostaja dosledno znotraj optimalnega praga izparevanja (pribli\u017eno 200 \u00b0C do 220 \u00b0C) brez ekstremnih nihanj. Poleg tega presku\u0161anje degradacije baterije razkriva, da 600mAh celica ohrani ve\u010d kot 85 % svoje skupne zmogljivosti polnjenja tudi po standardnih ciklih polnjenja, potrebnih za praznjenje 20mL rezervoarja. Drsnik za zra\u010dni tok je bil podvr\u017een tla\u010dnemu testiranju ve\u010d kot 5.000 aktivacijam, da bi zagotovili dolgoro\u010dno mehansko zanesljivost, kar je empiri\u010dni dokaz robustne kakovosti izdelave naprave.<\/p>\n<hr style=\"border: 0;height: 1px;background: #e0e0e0;margin: 30px 0\" \/>\n<h2 style=\"color: #2c3e50;border-bottom: 2px solid #3498db;padding-bottom: 10px\">Celovite klju\u010dne zna\u010dilnosti sistema MESII VISUAL BOXX<\/h2>\n<p>Zasnovan tako za zagri\u017eene uporabnike zmogljivosti kot tudi za tehnolo\u0161ko podkovane posameznike, ta enkratna vape zdru\u017euje visoko prilagodljive nastavitve strojne opreme in proaktivne varnostne protokole znotraj modernega, ergonomsko zdravega minimalisti\u010dnega okvirja. Integracija naslednjih funkcij jo dviguje nad standardne enkratne vape:<\/p>\n<ul style=\"list-style-type: none;padding-left: 0\">\n<li style=\"margin-bottom: 15px;padding-left: 25px;position: relative\"><span style=\"position: absolute;left: 0;top: 2px;color: #3498db;font-size: 1.2em\">\u2699\ufe0f<\/span><strong>Visoka zmogljivost in dolgo\u017eivost (16.000 vdihov):<\/strong> Optimizirana sinergija strojne opreme med 20mL rezervoarjem in grel\u043d\u0438\u043c elementom znatno zmanj\u0161a pogostost zamenjav naprav in omogo\u010da izjemno dolgo \u017eivljenjsko dobo.<\/li>\n<li style=\"margin-bottom: 15px;padding-left: 25px;position: relative\"><span style=\"position: absolute;left: 0;top: 2px;color: #3498db;font-size: 1.2em\">\u2699\ufe0f<\/span><strong>Celozaslonski digitalni vmesnik:<\/strong> Visoko kontrastni LED digitalni zaslon ponuja telemetrijo v realnem \u010dasu glede stanja naprave. Uporabniki lahko takoj spremljajo natan\u010dne odstotke \u017eivljenjske dobe baterije, trenutne ravni formulacije in spremljajo trajanje puha.<\/li>\n<li style=\"margin-bottom: 15px;padding-left: 25px;position: relative\"><span style=\"position: absolute;left: 0;top: 2px;color: #3498db;font-size: 1.2em\">\u2699\ufe0f<\/span><strong>Integrirano varnostno zapiranje za otroke:<\/strong> Za izbolj\u0161anje varnosti gospodinjstva in shrambe naprava vklju\u010duje preverljiv mehanski\/digitalni mehanizem zaklepanja, da prepre\u010di nenamerno ali nepoobla\u0161\u010deno uporabo.<\/li>\n<li style=\"margin-bottom: 15px;padding-left: 25px;position: relative\"><span style=\"position: absolute;left: 0;top: 2px;color: #3498db;font-size: 1.2em\">\u2699\ufe0f<\/span><strong>Tehnologija dvojne mre\u017ee:<\/strong> In\u017eenirsko zasnovano tako, da zagotavlja izjemno bogat senzori\u010dni profil in opazno gostej\u0161i oblak pare zaradi vrhunske termodinami\u010dne u\u010dinkovitosti.<\/li>\n<li style=\"margin-bottom: 15px;padding-left: 25px;position: relative\"><span style=\"position: absolute;left: 0;top: 2px;color: #3498db;font-size: 1.2em\">\u2699\ufe0f<\/span><strong>\u0160tirje razli\u010dni na\u010dini vapinga:<\/strong> Ima vgrajeni \u010dip, ki uporabnikom omogo\u010da preklapljanje med razli\u010dnimi izhodi mo\u010di. Na voljo so na\u010dini ECO (var\u010devanje z baterijo), PLUS (uravnote\u017een), PRO (izbolj\u0161ana toplota) in MAX (izkori\u0161\u010danje maksimalne vzporedne aktivacije tuljave).<\/li>\n<li style=\"margin-bottom: 15px;padding-left: 25px;position: relative\"><span style=\"position: absolute;left: 0;top: 2px;color: #3498db;font-size: 1.2em\">\u2699\ufe0f<\/span><strong>Nastavljiva dinamika teko\u010din (kontrola pretoka zraka):<\/strong> Fizi\u010dni stopni\u010dasto drsnik na dnu omogo\u010da natan\u010dno manipulacijo vnosa zraka, kar uporabnikom omogo\u010da nemoten prehod med tesnim usta-v-zrak (MTL) vdihom in bolj odprtim direktnim-v-zrak (DL) vdihom.<\/li>\n<li style=\"margin-bottom: 15px;padding-left: 25px;position: relative\"><span style=\"position: absolute;left: 0;top: 2px;color: #3498db;font-size: 1.2em\">\u2699\ufe0f<\/span><strong>Arhitektura hitrega polnjenja Type-C:<\/strong> Zgrajen po standardih moderne potro\u0161ni\u0161ke elektronike, vrata Type-C podpirajo polnjenje 5V\/1A, kar zagotavlja minimalen \u010das izpada in hitro obnovitev napajanja.<\/li>\n<\/ul>\n<div style=\"background: linear-gradient(135deg, #f6f8fb 0%, #e5ebf4 100%);border-left: 6px solid #2980b9;border-radius: 4px;padding: 20px;margin: 30px 0\">\n<h4 style=\"margin-top: 0;color: #2c3e50;align-items: center\">To\u010dka znanja: Termodinamika na\u010dinov vapinga<\/h4>\n<p style=\"margin-bottom: 0;font-size: 0.95em;color: #444\">Razumevanje notranjega delovanja \u0161tirih na\u010dinov (ECO, PLUS, PRO, MAX) razkriva sofisticiranost MESII VISUAL BOXX. <strong>ECO na\u010din<\/strong>, notranji MCU zni\u017ea napetost in aktivira samo eno stran mre\u017easte tuljave pri minimalni funkcionalni toploti, s \u010dimer ohrani \u017eivljenjsko dobo baterije in podalj\u0161a trajanje rezervoarja. Nasprotno pa, <strong>MAX na\u010din<\/strong> usmerja maksimalno varno napetost na oba mre\u017easta gridu hkrati. To vzporedno ogrevanje drasti\u010dno pove\u010da hitrost izhlapevanja, kar daje maksimalno gostoto oblaka, vendar zahteva pogostej\u0161e polnjenje baterije. Izbira ustreznega na\u010dina omogo\u010da uporabniku, da uravnote\u017ei dolgo \u017eivljenjsko dobo naprave z intenzivnostjo delovanja glede na podatke iz prakse v realnem \u010dasu.<\/p>\n<\/div>\n<hr style=\"border: 0;height: 1px;background: #e0e0e0;margin: 30px 0\" \/>\n<h2 style=\"color: #2c3e50;border-bottom: 2px solid #3498db;padding-bottom: 10px\">Specifikacije naprav - matrika<\/h2>\n<table style=\"width: 100%;border-collapse: collapse;margin-top: 20px;background-color: #fff\">\n<tbody>\n<tr style=\"border-bottom: 1px solid #eee\">\n<td style=\"padding: 15px;background-color: #f9f9f9;width: 35%;font-weight: bold;color: #2c3e50\">Zmogljivost rezervoarja<\/td>\n<td style=\"padding: 15px;color: #555\">20 ml<\/td>\n<\/tr>\n<tr style=\"border-bottom: 1px solid #eee\">\n<td style=\"padding: 15px;background-color: #ffffff;font-weight: bold;color: #2c3e50\">Arhitektura baterije<\/td>\n<td style=\"padding: 15px;color: #555\">600mAh litij-ionski polimer (ponovno polnjenje prek Type-C)<\/td>\n<\/tr>\n<tr style=\"border-bottom: 1px solid #eee\">\n<td style=\"padding: 15px;background-color: #f9f9f9;font-weight: bold;color: #2c3e50\">Mo\u017enosti koncentracije<\/td>\n<td style=\"padding: 15px;color: #555\">0%, 2%, 3%, 5%<\/td>\n<\/tr>\n<tr style=\"border-bottom: 1px solid #eee\">\n<td style=\"padding: 15px;background-color: #ffffff;font-weight: bold;color: #2c3e50\">Masa naprave<\/td>\n<td style=\"padding: 15px;color: #555\">84 gramov<\/td>\n<\/tr>\n<tr style=\"border-bottom: 1px solid #eee\">\n<td style=\"padding: 15px;background-color: #f9f9f9;font-weight: bold;color: #2c3e50\">Komercialno pakiranje<\/td>\n<td style=\"padding: 15px;color: #555\">10 kosov na predstavitveni paket, 200 kosov na glavno \u0161katlo<\/td>\n<\/tr>\n<tr style=\"border-bottom: 1px solid #eee\">\n<td style=\"padding: 15px;background-color: #ffffff;font-weight: bold;color: #2c3e50\">Te\u017ea glavne \u0161katle<\/td>\n<td style=\"padding: 15px;color: #555\">18 kilogramov<\/td>\n<\/tr>\n<tr>\n<td style=\"padding: 15px;background-color: #f9f9f9;font-weight: bold;color: #2c3e50\">Mere glavne \u0161katle<\/td>\n<td style=\"padding: 15px;color: #555\">510 mm \u00d7 293 mm \u00d7 259 mm<\/td>\n<\/tr>\n<\/tbody>\n<\/table>\n<hr style=\"border: 0;height: 1px;background: #e0e0e0;margin: 30px 0\" \/>\n<h2 style=\"color: #2c3e50;border-bottom: 2px solid #3498db;padding-bottom: 10px\">Senzori\u010dni profili vonja<\/h2>\n<p>MESII VISUAL BOXX 16000 Puffs je na voljo v skrbno oblikovani ponudbi 15 edinstvenih senzori\u010dnih profilov. Na\u0161i partnerji za kemijsko in\u017eenirstvo so strogo upo\u0161tevali varnostne smernice industrije in zagotovili, da vsak profil zagotavlja dosleden, \u010dist in temeljito ocenjen aromati\u010den izku\u0161nji od prvega do zadnjega vdihavanja.<\/p>\n<ol style=\"column-count: 1;margin-left: 20px;line-height: 1.8;color: #444\">\n<li style=\"margin-bottom: 15px\"><strong>Modri de\u017e:<\/strong> Intenzivna, ve\u010dplastna izku\u0161nja jagodi\u010devja, ki posnema robustno, nekoliko kislo bistvo sve\u017ee nabranih divjih borovnic, ki se zaklju\u010dijo s hrustljavim zaklju\u010dkom.<\/li>\n<li style=\"margin-bottom: 15px\"><strong>Blue Razz Ice:<\/strong> Kompleksna me\u0161anica, ki ponuja \u017eivahno, pikantno malinovo osnovo, ki jo takoj ohladi ostra, zmrzalno mentolirana izdih.<\/li>\n<li style=\"margin-bottom: 15px\"><strong>Kovnica Miami:<\/strong> Zelo osve\u017eujo\u010da, sofisticirana botani\u010dna mint formulacija, ki spominja na hladen obalni veter, uravnote\u017euje rahlo sladkost z ultra \u010distim botani\u010dnim zaklju\u010dkom.<\/li>\n<li style=\"margin-bottom: 15px\"><strong>Breskov led:<\/strong> Tanko, nektarju podobno aromo kamnitih sade\u017eev, ki popolnoma replicira mehkobo zrelih breskev, takoj zatem pa jo spremlja mrzla, pod ni\u010dlo hladilna ob\u010dutek.<\/li>\n<li style=\"margin-bottom: 15px\"><strong>Led iz lubenice:<\/strong> Zajame bujno, vodeno hrustljivost poletnega melone, brezhibno zlitega s hrustljivim hladilnim sredstvom, da osve\u017ei nepolo med podalj\u0161animi sejami.<\/li>\n<li style=\"margin-bottom: 15px\"><strong>Zmajevo sadje Banana \u010ce\u0161nja:<\/strong> Visoko kompleksna tropska triada. Subtile, eksoti\u010dne note zmajevo sadje so zglajene s kremastimi podtoni banane in ostro poudarjene z \u017eivahnim vrhom \u010de\u0161nje.<\/li>\n<li style=\"margin-bottom: 15px\"><strong>Me\u0161ano jagodi\u010dje:<\/strong> Fino uravnote\u017eena botani\u010dna me\u0161anica temnih in rde\u010dih jagod, ki zagotavlja globoko, marmeladno bogato z zna\u010dilnim, skrbno kalibriranim kislim robom.<\/li>\n<li style=\"margin-bottom: 15px\"><strong>Kisli jabol\u010dni led:<\/strong> Elektri\u010dno piquanten zeleno jabol\u010dni profil, ki spodbuja \u010dute, hitro uravnote\u017een z valom pomirjajo\u010de, zmrzalno hladnosti pri izdihu.<\/li>\n<li style=\"margin-bottom: 15px\"><strong>Ananas kokos:<\/strong> Strokovno oblikovana tropska imitacija, ki zdru\u017euje oster, svetel kislinastost ananasa z gladkimi, bogatimi podtoni kokosove smetane.<\/li>\n<li style=\"margin-bottom: 15px\"><strong>Malina lubenica:<\/strong> Edinstveno osve\u017eujo\u010d hibridni profil, ki zdru\u017euje ne\u017eno, vodeno sladkost melone s ostro, izrazito kislo noto rde\u010dih malin.<\/li>\n<li style=\"margin-bottom: 15px\"><strong>Gumi iz lubenice:<\/strong> Nostalgi\u010dna, sladkarijsko navdihnjena aroma, ki zdru\u017euje klasi\u010dne, sladke note tradicionalnega \u017eve\u010dilnega gumija s hrustavim melonov\u00fdm prekrivkom.<\/li>\n<li style=\"margin-bottom: 15px\"><strong>Jagodna lubenica:<\/strong> \u010casovno neprven\u010dna kombinacija, ki temelji na harmoni\u010dnem prepletu med sladkimi, na polju zrelimi jagodami in osve\u017eujo\u010dimi, hrustavimi notami melone.<\/li>\n<li style=\"margin-bottom: 15px\"><strong>Jagoda Malina \u010ce\u0161nja:<\/strong> Mo\u010dna, ve\u010dplastna rde\u010da sadna simfonija. Sladka jagoda deluje kot temelj, malina doda kisel srednji sloj, \u010de\u0161nja pa zagotavlja robusten zaklju\u010dek.<\/li>\n<li style=\"margin-bottom: 15px\"><strong>Grozdni led:<\/strong> Drzen, temen botani\u010dni profil, ki spominja na temno vijoli\u010dne grozdne sokove, dramati\u010dno izbolj\u0161an z intenzivnim, osve\u017eujo\u010dim mrzlim hlodom.<\/li>\n<li style=\"margin-bottom: 15px\"><strong>Jagodni kivi:<\/strong> Lepo uravnote\u017een par hortikulturnih rastlin, ki ponuja mehko, znano sladkost jagod, v kontrastu s ostro, tropsko pikantnostjo kivija.<\/li>\n<\/ol>\n<hr style=\"border: 0;height: 1px;background: #e0e0e0;margin: 30px 0\" \/>\n<h2 style=\"color: #2c3e50;border-bottom: 2px solid #3498db;padding-bottom: 10px\">Tehni\u010dna pogosta vpra\u0161anja<\/h2>\n<div style=\"border: 1px solid #dce4ec;border-radius: 8px;overflow: hidden;margin-top: 20px\">\n<div style=\"border-bottom: 1px solid #dce4ec;background-color: #fdfdfd;padding: 20px\">\n<h4 style=\"margin: 0 0 10px 0;color: #2c3e50;font-size: 1.1em\">Kako interpretirajem digitalni indikator nivoja teko\u010dine?<\/h4>\n<p style=\"margin: 0;color: #555;font-size: 0.95em\">Digitalni vmesnik uporablja kapacitivni senzorski sistem za oceno preostalega volumna znotraj 20mL rezervoarja. Prikazan je kot odstotek (100 % do 0 %). Ko indikator pade pod 5 %, je zelo priporo\u010dljivo pripraviti zamenjavo, da se izognete izsu\u0161itvi grelnih elementov.<\/p>\n<\/div>\n<div style=\"border-bottom: 1px solid #dce4ec;background-color: #ffffff;padding: 20px\">\n<h4 style=\"margin: 0 0 10px 0;color: #2c3e50;font-size: 1.1em\">Ali je baterija s kapaciteto 600mAh zadostna za kapaciteto 20mL?<\/h4>\n<p style=\"margin: 0;color: #555;font-size: 0.95em\">Da, vendar je to ve\u010dcikli\u010dni sistem. Kapaciteta 600mAh je zasnovana tako, da naprava deluje ves dan pri te\u017eki uporabi ali ve\u010d dni pri zmerni uporabi. Ker 20mL rezervoar vsebuje dovolj formulacije za do 16.000 vdihov, je treba baterijo ve\u010dkrat ponovno napolniti prek vrata Type-C v celotni \u017eivljenjski dobi naprave.<\/p>\n<\/div>\n<div style=\"background-color: #fdfdfd;padding: 20px\">\n<h4 style=\"margin: 0 0 10px 0;color: #2c3e50;font-size: 1.1em\">Kako deluje otro\u0161ko varnostno zaklepanje?<\/h4>\n<p style=\"margin: 0;color: #555;font-size: 0.95em\">Zaklep je aktiviran ali deaktiviran prek posebnega zaporedja hitrih interakcij (obi\u010dajno ve\u010d hitrih potegov ali interakcije s fizi\u010dnim preklopnikom, odvisno od razli\u010dice vdelane programske opreme). To prepre\u010duje, da notranje vezje zaklju\u010di tokokrog in segreje mre\u017easto tuljavo, kar zagotavlja varnost med prevozom ali shranjevanjem v okolici mladoletnikov.<\/p>\n<\/div>\n<\/div>\n<hr style=\"border: 0;height: 1px;background: #e0e0e0;margin: 30px 0\" \/>\n<h2 style=\"color: #2c3e50;border-bottom: 2px solid #3498db;padding-bottom: 10px\">Trgovina na veliko z VapeXYZ \u2013 va\u0161 zanesljiv dobavitelj strojne opreme v Evropi<\/h2>\n<p>Ne glede na to, ali hitro \u0161irite svoje maloprodajne linije izdelkov ali potrebujete stalno dobavno verigo v velikih koli\u010dinah, MESII VISUAL BOXX 16000 Puffs predstavlja idealno strojno re\u0161itev za distributerje, ki cenijo merljivo zmogljivost, strogo nadzor kvalitete in obse\u017eno raznolikost.  Ko izberete na\u0161 vir, sodelujete z uveljavljenim subjektom, ki se pona\u0161a z ve\u010d kot 8 leti operativne odli\u010dnosti v sektorju distribucije strojne opreme.<\/p>\n<p>Izkoristimo odnose z ISO 9001 certificiranimi proizvodnimi objekti, kar zagotavlja, da vsaka serija za enkratno uporabo ustreza zahtevnim komercialnim standardom, preden vstopi na evropski trg.  Sedaj naro\u010dite na VapeXYZ, avtoritativni spletni platformi za veleprodajo premium za enkratno uporabo vape izdelkov po vsej Evropi. Z minimalnimi koli\u010dinami naro\u010dila (MOQ), ki se za\u010dnejo pri samo 10 kosih, zadovoljujemo potrebe podjetij vseh velikosti ter zagotavljamo nemoteno logistiko in konkuren\u010dne cene za veleprodajo.<\/p>\n<p style=\"text-align: center;margin-top: 30px\"><img loading=\"lazy\" decoding=\"async\" class=\"alignnone size-full wp-image-53206\" style=\"max-width: 100%;height: auto;border-radius: 8px\" src=\"https:\/\/vapexyz.com\/wp-content\/uploads\/2025\/07\/Mesii-Visual-Boxx-16000-Puffs-Rechargeable-Full-Screen-Display-Bulk-Buy-Original-Low-Nicotine-Disposable-Vapes-Wholesale.webp\" alt=\"Mesii Visual Boxx 16000 Puffov Polnilni Zaslon na Celotnem Zaslonu Nakup na Veliko Originalna Nizkonikotinska Vape na Enkratno Uporabo za Prodajo na Debelo\" width=\"1920\" height=\"1082\" title=\"\" srcset=\"https:\/\/vapexyz.com\/wp-content\/uploads\/2025\/07\/Mesii-Visual-Boxx-16000-Puffs-Rechargeable-Full-Screen-Display-Bulk-Buy-Original-Low-Nicotine-Disposable-Vapes-Wholesale.webp 1920w, https:\/\/vapexyz.com\/wp-content\/uploads\/2025\/07\/Mesii-Visual-Boxx-16000-Puffs-Rechargeable-Full-Screen-Display-Bulk-Buy-Original-Low-Nicotine-Disposable-Vapes-Wholesale-500x282.webp 500w, https:\/\/vapexyz.com\/wp-content\/uploads\/2025\/07\/Mesii-Visual-Boxx-16000-Puffs-Rechargeable-Full-Screen-Display-Bulk-Buy-Original-Low-Nicotine-Disposable-Vapes-Wholesale-1024x577.webp 1024w, https:\/\/vapexyz.com\/wp-content\/uploads\/2025\/07\/Mesii-Visual-Boxx-16000-Puffs-Rechargeable-Full-Screen-Display-Bulk-Buy-Original-Low-Nicotine-Disposable-Vapes-Wholesale-768x433.webp 768w, https:\/\/vapexyz.com\/wp-content\/uploads\/2025\/07\/Mesii-Visual-Boxx-16000-Puffs-Rechargeable-Full-Screen-Display-Bulk-Buy-Original-Low-Nicotine-Disposable-Vapes-Wholesale-1536x866.webp 1536w, https:\/\/vapexyz.com\/wp-content\/uploads\/2025\/07\/Mesii-Visual-Boxx-16000-Puffs-Rechargeable-Full-Screen-Display-Bulk-Buy-Original-Low-Nicotine-Disposable-Vapes-Wholesale-18x10.webp 18w, https:\/\/vapexyz.com\/wp-content\/uploads\/2025\/07\/Mesii-Visual-Boxx-16000-Puffs-Rechargeable-Full-Screen-Display-Bulk-Buy-Original-Low-Nicotine-Disposable-Vapes-Wholesale-510x287.webp 510w\" sizes=\"auto, (max-width: 1920px) 100vw, 1920px\" \/><\/p>\n<\/article>","protected":false},"excerpt":{"rendered":"<p>MESII VISUAL BOXX16000 Puffs je nizko mo\u010dan, polnilen, enkrat uporaben vape z zaslonom na celotnem ekranu, nastavljivo zra\u010dno re\u017eo in 15 bogatimi okusi \u2013 zdaj na voljo za veleprodajni nakup v mno\u017eini pri VapeXYZ.<\/p>","protected":false},"featured_media":53221,"comment_status":"open","ping_status":"closed","template":"","meta":{"_lmt_disableupdate":"no","_lmt_disable":""},"product_brand":[],"product_cat":[1080,1000,947,935,934,927,929,928,930,933,939,932,938,931,936,937,1017,949,946,950,951,953,820,987],"product_tag":[],"class_list":{"0":"post-53140","1":"product","2":"type-product","3":"status-publish","4":"has-post-thumbnail","6":"product_cat-mesii-disposable-vapes","7":"product_cat-16000-puff-vapes","8":"product_cat-big-puffs-vapes","9":"product_cat-bulk-buy-disposable-vapes-in-austria","10":"product_cat-bulk-buy-disposable-vapes-in-belgium","11":"product_cat-bulk-buy-disposable-vapes-in-europe","12":"product_cat-bulk-buy-disposable-vapes-in-france","13":"product_cat-bulk-buy-disposable-vapes-in-germany","14":"product_cat-bulk-buy-disposable-vapes-in-italy","15":"product_cat-bulk-buy-disposable-vapes-in-netherlands","16":"product_cat-bulk-buy-disposable-vapes-in-norway","17":"product_cat-bulk-buy-disposable-vapes-in-poland","18":"product_cat-bulk-buy-disposable-vapes-in-portugal","19":"product_cat-bulk-buy-disposable-vapes-in-spain","20":"product_cat-bulk-buy-disposable-vapes-in-sweden","21":"product_cat-bulk-buy-disposable-vapes-in-switzerland","22":"product_cat-buy-best-disposable-vape-flavors","23":"product_cat-digital-box-vapes","24":"product_cat-disposable-vapes-series","25":"product_cat-dual-mesh-vapes","26":"product_cat-lower-nicotine-vapes","27":"product_cat-rechargeable-vapes","28":"product_cat-vape","29":"product_cat-vape-shop-by-puffs","31":"first","32":"instock","33":"shipping-taxable","34":"purchasable","35":"product-type-variable","36":"has-default-attributes"},"jetpack_sharing_enabled":true,"tiered_pricing_type":"fixed","tiered_pricing_fixed_rules":[],"tiered_pricing_product_settings":{"layout":"default","base_unit_name":{"singular":null,"plural":null},"default_variation":null},"tiered_pricing_minimum_quantity":null,"tiered_pricing_roles_data":[],"tiered_pricing_percentage_rules":[],"tiered_pricing_maximum_quantity":null,"tiered_pricing_quantity_step":null,"_links":{"self":[{"href":"https:\/\/vapexyz.com\/sl\/wp-json\/wp\/v2\/product\/53140","targetHints":{"allow":["GET"]}}],"collection":[{"href":"https:\/\/vapexyz.com\/sl\/wp-json\/wp\/v2\/product"}],"about":[{"href":"https:\/\/vapexyz.com\/sl\/wp-json\/wp\/v2\/types\/product"}],"replies":[{"embeddable":true,"href":"https:\/\/vapexyz.com\/sl\/wp-json\/wp\/v2\/comments?post=53140"}],"wp:featuredmedia":[{"embeddable":true,"href":"https:\/\/vapexyz.com\/sl\/wp-json\/wp\/v2\/media\/53221"}],"wp:attachment":[{"href":"https:\/\/vapexyz.com\/sl\/wp-json\/wp\/v2\/media?parent=53140"}],"wp:term":[{"taxonomy":"product_brand","embeddable":true,"href":"https:\/\/vapexyz.com\/sl\/wp-json\/wp\/v2\/product_brand?post=53140"},{"taxonomy":"product_cat","embeddable":true,"href":"https:\/\/vapexyz.com\/sl\/wp-json\/wp\/v2\/product_cat?post=53140"},{"taxonomy":"product_tag","embeddable":true,"href":"https:\/\/vapexyz.com\/sl\/wp-json\/wp\/v2\/product_tag?post=53140"}],"curies":[{"name":"wp","href":"https:\/\/api.w.org\/{rel}","templated":true}]}}