{"id":51476,"date":"2025-07-30T08:57:39","date_gmt":"2025-07-30T08:57:39","guid":{"rendered":"https:\/\/vapexyz.com\/?post_type=product&#038;p=51476"},"modified":"2026-03-03T14:26:08","modified_gmt":"2026-03-03T14:26:08","slug":"vasy-vcan-pro-15000-puffov-nizko-nikotin-razsuti-nakup-originalna-ponovno-polnijoca-se-disposable-vape-za-veleprodajo","status":"publish","type":"product","link":"https:\/\/vapexyz.com\/sl\/product\/vasy-vcan-pro-15000-puffs-low-nicotine-bulk-buy-original-rechargeable-disposable-vapes-wholesale\/","title":{"rendered":"VASY VCAN PRO 15000 Puffs Nakup v velikih koli\u010dinah Ponovno polnijo\u010de se Enkratne Vape za Prodajo na Debelo"},"content":{"rendered":"<article style=\"font-family: 'Segoe UI', Roboto, Helvetica, Arial, sans-serif;line-height: 1.8;color: #333;max-width: 100%;margin: 0 auto;padding: 20px\">\n<h2 style=\"color: #2c3e50;font-size: 2.2em;border-bottom: 3px solid #3498db;padding-bottom: 10px;margin-top: 40px\">Napredni in\u017eeniring in trajnostni kazalniki uspe\u0161nosti<\/h2>\n<p style=\"font-size: 1.1em;margin-bottom: 20px\">VASY VCAN PRO 15000 predstavlja pomemben mejnik v tehniki sodobnih za enkratno uporabo namenjenih vapeov. Razvit s strogim fokusom na empiri\u010dno u\u010dinkovitost in dolgoro\u010dno zanesljivost, je ta naprava zasnovana tako, da zagotovi brezpre\u010dedenih 15.000 intenzivnih vpihov. Zasnovan tako za zahtevne navduhence kot za vsakodnevne uporabnike, ki i\u0161\u010dejo konsistenco, ta premium enota presega standardne tr\u017ene ponudbe z integracijo naprednih sistemov za upravljanje teko\u010dine z najnovej\u0161o toplotno tehnologijo. Je temeljni izdelek za vsakega veletrgovca z velikim obsegom prodaje, ki \u017eeli zalo\u017eiti za enkratno uporabo namenjen vape, ki zagotavlja strukturno celovitost, strogo zagotavljanje kakovosti in potrjeno operativno dolgo \u017eivljenjsko dobo.<\/p>\n<h3 style=\"color: #2980b9;font-size: 1.6em;margin-top: 30px\">Volumetri\u010dna zmogljivost in upravljanje teko\u010din<\/h3>\n<p style=\"margin-bottom: 20px\">V sredi\u0161\u010du tega izjemnega za enkratno uporabo vape-ja je visoko specializiran notranji rezervoar, zasnovan tako, da zadr\u017ei natanko 24\u202fml specializirane raztopine. Ta ogromna notranja zmogljivost je skrbno zaprta v strukturno oja\u010danem komoru, da se prepre\u010di onesna\u017eenje okolja in zagotovi ni\u010delni pu\u0161\u010danje med prevozom ali aktivno uporabo. Vnaprej napolnjen s kalibrirano 5% koncentracijsko formulacijo, sistem za upravljanje teko\u010dine zagotavlja, da vsak posamezen vdih ohrani to\u010dno viskoznost in kemi\u010dno ravnote\u017eje, ki ga je predvidel proizvajalec. Neodvisne ocene potrjujujejo, da ta 24\u202fml prostornina pravilno ustreza navedenemu maksimalnemu izhodu ter zagotavljajo dejansko pomiritev veleprodajnim distributerjem, ki se zana\u0161ajo na preverljive trditve o izdelku.<\/p>\n<h3 style=\"color: #2980b9;font-size: 1.6em;margin-top: 30px\">Termodinamika arhitekture dvojne mre\u017ee<\/h3>\n<p style=\"margin-bottom: 20px\">Integracija sofisticiranega dvojnega mre\u017enega termalnega grelnega niza predstavlja ogromen korak naprej v standardni tehnologiji uparjanja. Za razliko od tradicionalnih eno\u017ei\u010dnih tuljav, ki nenehno trpijo zaradi neenakomerne toplotne porazdelitve in hitre degradacije, zagotavlja pove\u010dana povr\u0161ina dvojne mre\u017ene re\u0161etke natan\u010dno, enakomerno segrevanje 24\u202fml raztopine. Ta arhitekturna izbira aktivno prepre\u010duje lokalno pregrevanje, s \u010dimer ohranja strukturno celovitost teko\u010dine in vzdr\u017euje popolnoma dosleden izhodni profil od za\u010detnega aktiviranja do zadnjega cikla. Empiri\u010dno laboratorijsko testiranje ka\u017ee, da ta dvojna konfiguracija tuljav vzdr\u017euje optimalne ravni elektri\u010dnega upora skozi celotno \u017eivljenjsko dobo teh za enkratno uporabo namenjenih vapeov.<\/p>\n<h3 style=\"color: #2980b9;font-size: 1.6em;margin-top: 30px\">Tehnologija napajalnih celic in hitro dopolnjevanje<\/h3>\n<p style=\"margin-bottom: 20px\">Dosledna dobava energije je izjemno pomembna za zanesljiv vgradni vape. VASY VCAN PRO uporablja integrirano, visoko gostoto 650\u202fmAh ponovno polnjeno litij-ionsko baterijo. Ta energetska celica je bila podvr\u017eena strogim preskusom cikla polnjenja in praznjenja, da bi zagotovili stabilnost in varnost pri neprekinjeni obremenitvi. Za dopolnitev te visoko zmogljive baterije ima naprava standardizirano povezljivost tipa C. Z vklju\u010devanjem sodobnih protokolov hitrega polnjenja strojna oprema dose\u017ee popolno polnjenje iz izpraznjenega stanja v samo 30 minutah. Ta empiri\u010dna metrika polnjenja zmanj\u0161uje \u010das mirovanja, maksimizira u\u010dinkovitost in uveljavlja napravo kot zelo zanesljivo orodje za neprekinjeno dnevno uporabo.<\/p>\n<h3 style=\"color: #2980b9;font-size: 1.6em;margin-top: 30px\">Empiri\u010dna telemetrija in uporabni\u0161ki vmesnik<\/h3>\n<p style=\"margin-bottom: 20px\">Glavni razlikovalni dejavnik tega naprednega modela je vklju\u010ditev lastni\u0161kega digitalnega telemetri\u010dnega zaslona. \u010ce popolnoma presega ugibanja, povezana z zastarelimi, za enkratno uporabo namenjenimi vapeji, ta visokokontrastni LED zaslon zagotavlja uporabnikom dejanske, podatke v realnem \u010dasu glede delovnega stanja njihove strojne opreme. Sistem z dvojnimi indikatorji neprestano obdeluje podatke senzorjev za spremljanje preostale napetosti 650\u202fmAh napajalnega elementa in trenutnih ravni volumna znotraj 24\u202fml rezervoarja. To proaktivno, podatkovno pogojeno senzori\u010dno povratno informacijo zagotavlja, da imajo uporabniki absolutni nadzor nad preostalim \u017eivljenjskim ciklom svoje naprave.<\/p>\n<h3 style=\"color: #2980b9;font-size: 1.6em;margin-top: 30px\">Ergonomija, znanost o materialih in strukturna celovitost<\/h3>\n<p style=\"margin-bottom: 20px\">Natan\u010dno izmerjeno na 87\u202f\u00d7\u202f50\u202f\u00d7\u202f27\u202fmm, je zunanje ohi\u0161je vaja iz izjemne volumetri\u010dne u\u010dinkovitosti. Kompaktna oblika je natan\u010dno oblikovana iz trajnega, toplotno odpornega sinteti\u010dnega polimera, da varno ohrani znatne notranje komponente brez ogro\u017eanja strukturne celovitosti vapea. Ohi\u0161je je posebej zasnovano tako, da lahko prenese fizi\u010dne napore dnevnega potovanja ter zagotavlja varen, taktilen oprijem, ki zmanj\u0161uje tveganje nenamernega padca. Ta specifi\u010dni dimenzionalni odtis omogo\u010da, da strojna oprema ostane zelo prenosna in diskretna, kar utrjuje njen status izjemno dobro izdelanega kosa mobilne strojne opreme.<\/p>\n<hr style=\"border: 0;height: 1px;background-image: linear-gradient(to right, rgba(0, 0, 0, 0), rgba(0, 0, 0, 0.2), rgba(0, 0, 0, 0));margin: 40px 0\" \/>\n<h2 style=\"color: #2c3e50;font-size: 2.2em;border-bottom: 3px solid #3498db;padding-bottom: 10px\">Kuratirano izbrane aromati\u010dne okusne ponudbe<\/h2>\n<p style=\"font-size: 1.1em;margin-bottom: 20px\">VASY VCAN PRO 15000 je na voljo v celotnem spektru desetih skrbno zasnovanih aromati\u010dnih profilov. Vsaka razli\u010dica je formulirana z uporabo botani\u010dnih izvle\u010dkov, primernih za uporabo v \u017eivilih, da zagotovi avtenti\u010dno in dosledno \u010dutno izku\u0161njo:<\/p>\n<ol style=\"font-size: 1.1em;margin-left: 20px;line-height: 2\">\n<li>Cola Ice: Kompleksna, gazirana pija\u010dna senzacija, me\u0161ana s hrustastim, zmrzlim zaklju\u010dkom, ki ponavlja ohlajen osve\u017eitev.<\/li>\n<li>Sex on the Beach: Mojstrsko me\u0161an tropi\u010dnih sade\u017eev, ki ponuja kompleksen, ve\u010dplasten profil, navdihnjen po znamenitem poletnem napitku.<\/li>\n<li>Mint Everest: Ultra-hladen, ledeno botani\u010dni ekstrakt, ki zagotavlja intenzivno hrustast, zelo osve\u017eujo\u010d in globoko hladilni u\u010dinek.<\/li>\n<li>Mango Ice: Bogate, robustne tropske note sadovnjaka, natan\u010dno usklajene s hladilnim podtonom za popolnoma uravnote\u017een ob\u010dutek.<\/li>\n<li>Ledenka iz lubenice: Bistvena poletna esenenca sadja, ki jo ob\u010dutno povzdigne hladen, osve\u017eujo\u010d izdih, ki o\u010disti nepce.<\/li>\n<li>Modri\u010dev ledeni: Globoki, divji aromi jagodi\u010dastih so brezhibno kombinirani s ostrim, zmrzalim zaklju\u010dkom za trajno u\u017eivanje.<\/li>\n<li>Jagodno led: Sladke, soncu dozorele jagodne note, nemoteno prepletene s sve\u017eim arkti\u010dnim vetri\u010dem, ki uravnote\u017ei prirojeno sladkost.<\/li>\n<li>Jagoda Banana: Fenomenalno gladek, kremast me\u0161anec dveh klasi\u010dnih sadov iz nasadov in tropskih sadov za bogat, zelo zadovoljujo\u010d profil.<\/li>\n<li>Nakhle Double Apple: Robustna, tradicionalna me\u0161anica, ki ponuja hrustast, rahlo pikanten in globoko aromati\u010den izku\u0161nji, ki ga cenijo izku\u0161eni uporabniki.<\/li>\n<li>Grozdni led: Drzni, temni vinogradni toni, skrbno spojeni s hladno, osve\u017eujo\u010do sve\u017eino.<\/li>\n<\/ol>\n<hr style=\"border: 0;height: 1px;background-image: linear-gradient(to right, rgba(0, 0, 0, 0), rgba(0, 0, 0, 0.2), rgba(0, 0, 0, 0));margin: 40px 0\" \/>\n<h2 style=\"color: #2c3e50;font-size: 2.2em;border-bottom: 3px solid #3498db;padding-bottom: 10px\">Preverjene Tehni\u010dne Specifikacije<\/h2>\n<table style=\"width: 100%;border-collapse: collapse;margin-top: 20px;font-family: 'Segoe UI', sans-serif;border-radius: 10px;overflow: hidden\">\n<thead style=\"background-color: #2c3e50;color: #ffffff;text-align: left\">\n<tr>\n<th style=\"padding: 18px;font-weight: 600;font-size: 1.1em;border-bottom: 2px solid #1a252f\">metrika<\/th>\n<th style=\"padding: 18px;font-weight: 600;font-size: 1.1em;border-bottom: 2px solid #1a252f\">Preverjena specifikacija<\/th>\n<\/tr>\n<\/thead>\n<tbody>\n<tr style=\"background-color: #ffffff;border-bottom: 1px solid #e0e0e0\">\n<td style=\"padding: 16px;font-weight: bold;color: #34495e\">Najve\u010dji izhod<\/td>\n<td style=\"padding: 16px;color: #555\">15.000 \u017erekov (empiri\u010dno preizku\u0161eno)<\/td>\n<\/tr>\n<tr style=\"background-color: #f8f9fa;border-bottom: 1px solid #e0e0e0\">\n<td style=\"padding: 16px;font-weight: bold;color: #34495e\">Vnit\u0159ni volumen raztopine<\/td>\n<td style=\"padding: 16px;color: #555\">24\u202fml Vnapolnjen rezervoar<\/td>\n<\/tr>\n<tr style=\"background-color: #ffffff;border-bottom: 1px solid #e0e0e0\">\n<td style=\"padding: 16px;font-weight: bold;color: #34495e\">Koncetranea mo\u010d<\/td>\n<td style=\"padding: 16px;color: #555\">5% Specializirana formulacija<\/td>\n<\/tr>\n<tr style=\"background-color: #f8f9fa;border-bottom: 1px solid #e0e0e0\">\n<td style=\"padding: 16px;font-weight: bold;color: #34495e\">Toplotna arhitektura<\/td>\n<td style=\"padding: 16px;color: #555\">Dvojni mre\u017eni sistem (optimiziran za doslednost)<\/td>\n<\/tr>\n<tr style=\"background-color: #ffffff;border-bottom: 1px solid #e0e0e0\">\n<td style=\"padding: 16px;font-weight: bold;color: #34495e\">Maticna Plo\u0161\u010da Napajanja<\/td>\n<td style=\"padding: 16px;color: #555\">650\u202fmAh Visoko gostote ponovno polnijo\u010da se litij-ionska baterija<\/td>\n<\/tr>\n<tr style=\"background-color: #f8f9fa;border-bottom: 1px solid #e0e0e0\">\n<td style=\"padding: 16px;font-weight: bold;color: #34495e\">Protokol dopolnjevanja<\/td>\n<td style=\"padding: 16px;color: #555\">Hitro polnjenje Type-C (30-minutni cikel)<\/td>\n<\/tr>\n<tr style=\"background-color: #ffffff;border-bottom: 1px solid #e0e0e0\">\n<td style=\"padding: 16px;font-weight: bold;color: #34495e\">Fizikalne dimenzije<\/td>\n<td style=\"padding: 16px;color: #555\">87 \u00d7 50 \u00d7 27 mm<\/td>\n<\/tr>\n<tr style=\"background-color: #f8f9fa\">\n<td style=\"padding: 16px;font-weight: bold;color: #34495e\">Podatki o veleprodajnem pakiranju<\/td>\n<td style=\"padding: 16px;color: #555\">\n<ul style=\"margin: 0;padding-left: 20px\">\n<li>Maloprodaja: 1 enota \/ \u0161katla<\/li>\n<li>Distribucija: 10 enot \/ prikazovalna \u0161katla<\/li>\n<li>Mno\u017eina: 200 enot \/ glavna \u0161katla<\/li>\n<li>Te\u017ea glavne \u0161katle: 16,8\u202fkg<\/li>\n<li>Dimenzije kartona: 61\u202f\u00d7\u202f33,2\u202f\u00d7\u202f22,5\u202fcm<\/li>\n<\/ul>\n<\/td>\n<\/tr>\n<\/tbody>\n<\/table>\n<hr style=\"border: 0;height: 1px;background-image: linear-gradient(to right, rgba(0, 0, 0, 0), rgba(0, 0, 0, 0.2), rgba(0, 0, 0, 0));margin: 40px 0\" \/>\n<div style=\"background: linear-gradient(145deg, #f0f4f8 0%, #d9e2ec 100%);padding: 30px;border-left: 8px solid #2980b9;border-radius: 12px;margin: 40px 0\">\n<h3 style=\"color: #102a43;margin-top: 0;font-size: 1.8em;align-items: center\"><span style=\"font-size: 1.2em;margin-right: 10px\">\ud83d\udca1<\/span> To\u010dke znanja industrije<\/h3>\n<p style=\"margin-bottom: 15px;color: #334e68;font-size: 1.05em\">Veda o dvojni mre\u017ei: Standardne tuljave pogosto trpijo zaradi toplotnega mostu, kjer vro\u010de to\u010dke prezgodaj poslabujejo notranjo raztopino. Dvojni mre\u017eni sistem uporablja dve prepleteni kovinski mre\u017ei, kar podvoji povr\u0161ino v stiku z vpojnim materialom. To zni\u017euje potrebno delovno temperaturo, hkrati pa maksimizira proizvodnjo pare, kar zagotavlja dolgoro\u010dno pre\u017eivetje strojne opreme pri tiso\u010dih uporabah.<\/p>\n<p style=\"margin-bottom: 15px;color: #334e68;font-size: 1.05em\">Varnost litij-ionskih baterij in standardizacija Type-C: Integracija 650mAh celice s tehnologijo Type-C ni samo vpra\u0161anje hitrosti; gre za urejeno varnost. Sodobni mikrokontrolerji Type-C komunicirajo z viri napajanja, da prepre\u010dijo prenapetost in toplotni pobeg, zaradi \u010desar so ti za enkratno uporabo primerni vape izdelki zelo varni med 30-minutnim fazo polnjenja.<\/p>\n<p style=\"margin-bottom: 0;color: #334e68;font-size: 1.05em\">Natan\u010dnost telemetrije: Vgrajen zaslon uporablja notranje kapacitivne senzorje za merjenje prostornine teko\u010dine, medtem ko voltmeter bere napetost baterije. To prevede surove fizikalne podatke v intuitivno vizualno predstavitev in popolnoma odstrani tesnobo potro\u0161nikov glede stanja naprave.<\/p>\n<\/div>\n<h2 style=\"color: #2c3e50;font-size: 2.2em;border-bottom: 3px solid #3498db;padding-bottom: 10px\">Strokovnjak za logistiko in B2B veleprodajni organ<\/h2>\n<p style=\"font-size: 1.1em;margin-bottom: 20px\">Ko zagotavljate razsuti inventar, je zanesljivost dobavne verige enako kriti\u010dna kot sam stroj. Z ve\u010d kot 8 leti specializirane operativne zgodovine, <a style=\"color: #2980b9;text-decoration: none;font-weight: bold\" href=\"https:\/\/vapexyz.com\/sl\/\">VapeXYZ<\/a> Velja kot premierni organ v evropski in globalni B2B distribuciji. Uvajamo strogo revizijo dobaviteljev in zagotavljamo, da je vsaka enota VASY VCAN PRO, ki je dostavljena na va\u0161 nakladalnik, avtenti\u010den, tovarni\u0161ko overjen izdelek.<\/p>\n<p style=\"font-size: 1.1em;margin-bottom: 20px\">Na\u0161 logisti\u010dni okvir je zasnovan za absolutno komercialno prilagodljivost. Za podjetja vseh velikosti ponujamo visoko dostopno minimalno koli\u010dino naro\u010dila (MOQ), ki za\u010dne pri samo 10 kosih, poleg obse\u017enih storitev prilagoditve OEM\/ODM za podjetni\u0161ke stranke, ki \u017eelijo razviti lastno blagovno znamko. Z vzdr\u017eevanjem visokovolumenskih mednarodnih ladijskih poti zagotovimo, da va\u0161 zalog najbolj\u0161ih za enkratno uporabo vape izdelkov ostane neprekinjen, kar vam omogo\u010da, da izpolnite povpra\u0161evanje potro\u0161nikov z avtenti\u010dnim, visoko zmogljivim inventarjem.<\/p>\n<div style=\"margin: 40px 0\">\n<h2 style=\"color: #2c3e50;font-size: 2.2em;border-bottom: 3px solid #3498db;padding-bottom: 10px\">Pogosta tehni\u010dna vpra\u0161anja<\/h2>\n<div style=\"background-color: #ffffff;border: 1px solid #e1e8ed;border-radius: 8px;margin-bottom: 15px;padding: 20px\">\n<h4 style=\"margin: 0 0 10px 0;color: #2c3e50;font-size: 1.2em\">V: Kako je potrjena najve\u010dja proizvodnja 15.000 potegov?<\/h4>\n<p style=\"margin: 0;color: #555\">Izhodna zmogljivost je empiri\u010dno preverjena s standardiziranimi pnevmatskimi preskusnimi stroji. Ti stroji simulirajo standardne vzorce \u010dlove\u0161kega vdihavanja (trajanje in sesalni tlak), da zagotovijo, da 24\u202fml rezervoar za teko\u010dino u\u010dinkovito podpira navedeno \u017eivljenjsko dobo.<\/p>\n<\/div>\n<div style=\"background-color: #ffffff;border: 1px solid #e1e8ed;border-radius: 8px;margin-bottom: 15px;padding: 20px\">\n<h4 style=\"margin: 0 0 10px 0;color: #2c3e50;font-size: 1.2em\">V: Kak\u0161ne za\u0161\u010dite so vgrajene v baterijo s kapaciteto 650mAh?<\/h4>\n<p style=\"margin: 0;color: #555\">Notranje vezje vklju\u010duje varnostne ukrepe po industrijskih standardih, kot so za\u0161\u010dita pred prekomernim polnjenjem, bla\u017eenje prekomernega praznjenja in prepre\u010devanje kratkega stika, kar zagotavlja, da strojna oprema ostane stabilna skozi celotno obdobje delovanja.<\/p>\n<\/div>\n<div style=\"background-color: #ffffff;border: 1px solid #e1e8ed;border-radius: 8px;margin-bottom: 15px;padding: 20px\">\n<h4 style=\"margin: 0 0 10px 0;color: #2c3e50;font-size: 1.2em\">V: Ali so ti vapes za enkratno uporabo skladni z mednarodnimi standardi za po\u0161iljanje?<\/h4>\n<p style=\"margin: 0;color: #555\">A: Da. Kot zaupanja vredni B2B distributer VapeXYZ zagotavlja, da vse veleprodajne po\u0161iljke izpolnjujejo globalne predpise za prevoz litijevih ionov, z uporabo ustreznega pakiranja (200 enot na glavno \u0161katlo, pravilno dokumentirano), da se prepre\u010dijo carinske zamude.<\/p>\n<\/div>\n<\/div>\n<p style=\"font-size: 1.2em;text-align: center;margin-top: 40px;font-weight: bold;color: #2c3e50\">Optimizirajte svojo maloprodajno zalogo \u0161e danes z enim najbolj mehansko zvo\u010dnih in empiri\u010dno zanesljivih vapeov na trgu.<\/p>\n<div style=\"text-align: center;margin-top: 30px\"><img loading=\"lazy\" decoding=\"async\" class=\"alignnone wp-image-51563 size-full\" style=\"max-width: 100%;height: auto;border-radius: 12px\" src=\"https:\/\/vapexyz.com\/wp-content\/uploads\/2025\/07\/VASY-Vcan-Pro-15000-Puffs-Low-Nicotine-Bulk-Buy-Original-Rechargeable-Disposable-Vapes-Wholesale-3.webp\" alt=\"VASY Vcan Pro 15000 Puffs Bulk Nakup Originalna Ponovno Polnjenje Enkratna Uporaba Vape Na Prodajo\" width=\"1024\" height=\"1024\" title=\"\" srcset=\"https:\/\/vapexyz.com\/wp-content\/uploads\/2025\/07\/VASY-Vcan-Pro-15000-Puffs-Low-Nicotine-Bulk-Buy-Original-Rechargeable-Disposable-Vapes-Wholesale-3.webp 1024w, https:\/\/vapexyz.com\/wp-content\/uploads\/2025\/07\/VASY-Vcan-Pro-15000-Puffs-Low-Nicotine-Bulk-Buy-Original-Rechargeable-Disposable-Vapes-Wholesale-3-500x500.webp 500w, https:\/\/vapexyz.com\/wp-content\/uploads\/2025\/07\/VASY-Vcan-Pro-15000-Puffs-Low-Nicotine-Bulk-Buy-Original-Rechargeable-Disposable-Vapes-Wholesale-3-300x300.webp 300w, https:\/\/vapexyz.com\/wp-content\/uploads\/2025\/07\/VASY-Vcan-Pro-15000-Puffs-Low-Nicotine-Bulk-Buy-Original-Rechargeable-Disposable-Vapes-Wholesale-3-768x768.webp 768w, https:\/\/vapexyz.com\/wp-content\/uploads\/2025\/07\/VASY-Vcan-Pro-15000-Puffs-Low-Nicotine-Bulk-Buy-Original-Rechargeable-Disposable-Vapes-Wholesale-3-12x12.webp 12w, https:\/\/vapexyz.com\/wp-content\/uploads\/2025\/07\/VASY-Vcan-Pro-15000-Puffs-Low-Nicotine-Bulk-Buy-Original-Rechargeable-Disposable-Vapes-Wholesale-3-247x247.webp 247w, https:\/\/vapexyz.com\/wp-content\/uploads\/2025\/07\/VASY-Vcan-Pro-15000-Puffs-Low-Nicotine-Bulk-Buy-Original-Rechargeable-Disposable-Vapes-Wholesale-3-510x510.webp 510w, https:\/\/vapexyz.com\/wp-content\/uploads\/2025\/07\/VASY-Vcan-Pro-15000-Puffs-Low-Nicotine-Bulk-Buy-Original-Rechargeable-Disposable-Vapes-Wholesale-3-100x100.webp 100w\" sizes=\"auto, (max-width: 1024px) 100vw, 1024px\" \/><\/div>\n<\/article>","protected":false},"excerpt":{"rendered":"<p>VASY VCAN PRO 15000 Puffs je premium ponovno polnijo\u010da se, za enkratno uporabo namenjena vape, ki ponuja 15.000 vdihov, dvojne mre\u017ene tuljave, 24\u202fml kapaciteto in nizko vsebnost \u2013 idealno za nakup na veliko in veleprodajo pri VapeXYZ.<\/p>","protected":false},"featured_media":51565,"comment_status":"open","ping_status":"closed","template":"","meta":{"_lmt_disableupdate":"no","_lmt_disable":""},"product_brand":[],"product_cat":[925,998,947,935,934,927,929,928,930,933,939,932,938,931,936,937,1017,949,946,950,951,953,987,1076],"product_tag":[],"class_list":{"0":"post-51476","1":"product","2":"type-product","3":"status-publish","4":"has-post-thumbnail","6":"product_cat-vasy","7":"product_cat-15000-puff-vapes","8":"product_cat-big-puffs-vapes","9":"product_cat-bulk-buy-disposable-vapes-in-austria","10":"product_cat-bulk-buy-disposable-vapes-in-belgium","11":"product_cat-bulk-buy-disposable-vapes-in-europe","12":"product_cat-bulk-buy-disposable-vapes-in-france","13":"product_cat-bulk-buy-disposable-vapes-in-germany","14":"product_cat-bulk-buy-disposable-vapes-in-italy","15":"product_cat-bulk-buy-disposable-vapes-in-netherlands","16":"product_cat-bulk-buy-disposable-vapes-in-norway","17":"product_cat-bulk-buy-disposable-vapes-in-poland","18":"product_cat-bulk-buy-disposable-vapes-in-portugal","19":"product_cat-bulk-buy-disposable-vapes-in-spain","20":"product_cat-bulk-buy-disposable-vapes-in-sweden","21":"product_cat-bulk-buy-disposable-vapes-in-switzerland","22":"product_cat-buy-best-disposable-vape-flavors","23":"product_cat-digital-box-vapes","24":"product_cat-disposable-vapes-series","25":"product_cat-dual-mesh-vapes","26":"product_cat-lower-nicotine-vapes","27":"product_cat-rechargeable-vapes","28":"product_cat-vape-shop-by-puffs","29":"product_cat-vcan-disposable-vapes","31":"first","32":"instock","33":"shipping-taxable","34":"purchasable","35":"product-type-variable","36":"has-default-attributes"},"jetpack_sharing_enabled":true,"tiered_pricing_type":"fixed","tiered_pricing_fixed_rules":[],"tiered_pricing_product_settings":{"layout":"default","base_unit_name":{"singular":null,"plural":null},"default_variation":null},"tiered_pricing_minimum_quantity":null,"tiered_pricing_roles_data":[],"tiered_pricing_percentage_rules":[],"tiered_pricing_maximum_quantity":null,"tiered_pricing_quantity_step":null,"_links":{"self":[{"href":"https:\/\/vapexyz.com\/sl\/wp-json\/wp\/v2\/product\/51476","targetHints":{"allow":["GET"]}}],"collection":[{"href":"https:\/\/vapexyz.com\/sl\/wp-json\/wp\/v2\/product"}],"about":[{"href":"https:\/\/vapexyz.com\/sl\/wp-json\/wp\/v2\/types\/product"}],"replies":[{"embeddable":true,"href":"https:\/\/vapexyz.com\/sl\/wp-json\/wp\/v2\/comments?post=51476"}],"wp:featuredmedia":[{"embeddable":true,"href":"https:\/\/vapexyz.com\/sl\/wp-json\/wp\/v2\/media\/51565"}],"wp:attachment":[{"href":"https:\/\/vapexyz.com\/sl\/wp-json\/wp\/v2\/media?parent=51476"}],"wp:term":[{"taxonomy":"product_brand","embeddable":true,"href":"https:\/\/vapexyz.com\/sl\/wp-json\/wp\/v2\/product_brand?post=51476"},{"taxonomy":"product_cat","embeddable":true,"href":"https:\/\/vapexyz.com\/sl\/wp-json\/wp\/v2\/product_cat?post=51476"},{"taxonomy":"product_tag","embeddable":true,"href":"https:\/\/vapexyz.com\/sl\/wp-json\/wp\/v2\/product_tag?post=51476"}],"curies":[{"name":"wp","href":"https:\/\/api.w.org\/{rel}","templated":true}]}}