{"id":40664,"date":"2024-12-28T09:47:27","date_gmt":"2024-12-28T09:47:27","guid":{"rendered":"https:\/\/vapexyz.com\/?post_type=product&#038;p=40664"},"modified":"2026-03-02T01:56:39","modified_gmt":"2026-03-02T01:56:39","slug":"vopk-ultra-40000-puffs-dvojni-okus-pametni-zaslon-2-z-nizko-vsebnostjo-nikotina-originalni-tovarniski-paket-nakup-peresa-za-enkratno-uporabo-za-ponovno-polnjenje-na-debelo","status":"publish","type":"product","link":"https:\/\/vapexyz.com\/sl\/product\/vopk-ultra-40000-puffs-double-flavour-smart-screen-2-low-nicotine-original-factory-bulk-buy-rechargeable-disposable-vapes-pen-wholesale\/","title":{"rendered":"VOPK ULTRA 40000 Puffs Dvojni Okusi Pametni Zaslon Nakup Na Veliko Ponovno Polnjenje Zamenljivi Vape Na Prodajo"},"content":{"rendered":"<article style=\"font-family: 'Segoe UI', Roboto, Helvetica, Arial, sans-serif;line-height: 1.8;color: #2c3e50;max-width: 100%;margin: 0 auto;padding: 30px;background-color: #ffffff;border-radius: 12px\">\n<section style=\"margin-bottom: 40px\">\n<h2 style=\"color: #1a252f;font-size: 2.2em;border-bottom: 3px solid #3498db;padding-bottom: 10px;margin-bottom: 20px\">VOPK ULTRA 40000 Puffs: Napredna tehnologija za enkratno uporabo z dvojno komoro za Vape<\/h2>\n<p><img loading=\"lazy\" decoding=\"async\" class=\"alignnone wp-image-40661 size-large\" style=\"width: 100%;max-width: 600px;height: auto;margin: 0 auto 25px;border-radius: 10px\" src=\"https:\/\/vapexyz.com\/wp-content\/uploads\/2024\/12\/VOPK-ULTRA-40000-Puffs-Double-Flavour-Digital-Screen-2-Low-Nicotine-Original-Factory-23-1024x1024.webp\" alt=\"VOPK ULTRA 40000 Puffs Dvojni Profil Pametni Zaslon Originalna Tovarna Nakup Vrazesljivih Zamenljivih Vape Pisala Na Debelo\" width=\"1024\" height=\"1024\" title=\"\" srcset=\"https:\/\/vapexyz.com\/wp-content\/uploads\/2024\/12\/VOPK-ULTRA-40000-Puffs-Double-Flavour-Digital-Screen-2-Low-Nicotine-Original-Factory-23-1024x1024.webp 1024w, https:\/\/vapexyz.com\/wp-content\/uploads\/2024\/12\/VOPK-ULTRA-40000-Puffs-Double-Flavour-Digital-Screen-2-Low-Nicotine-Original-Factory-23-500x500.webp 500w, https:\/\/vapexyz.com\/wp-content\/uploads\/2024\/12\/VOPK-ULTRA-40000-Puffs-Double-Flavour-Digital-Screen-2-Low-Nicotine-Original-Factory-23-300x300.webp 300w, https:\/\/vapexyz.com\/wp-content\/uploads\/2024\/12\/VOPK-ULTRA-40000-Puffs-Double-Flavour-Digital-Screen-2-Low-Nicotine-Original-Factory-23-768x768.webp 768w, https:\/\/vapexyz.com\/wp-content\/uploads\/2024\/12\/VOPK-ULTRA-40000-Puffs-Double-Flavour-Digital-Screen-2-Low-Nicotine-Original-Factory-23-1536x1536.webp 1536w, https:\/\/vapexyz.com\/wp-content\/uploads\/2024\/12\/VOPK-ULTRA-40000-Puffs-Double-Flavour-Digital-Screen-2-Low-Nicotine-Original-Factory-23-12x12.webp 12w, https:\/\/vapexyz.com\/wp-content\/uploads\/2024\/12\/VOPK-ULTRA-40000-Puffs-Double-Flavour-Digital-Screen-2-Low-Nicotine-Original-Factory-23-247x247.webp 247w, https:\/\/vapexyz.com\/wp-content\/uploads\/2024\/12\/VOPK-ULTRA-40000-Puffs-Double-Flavour-Digital-Screen-2-Low-Nicotine-Original-Factory-23-510x510.webp 510w, https:\/\/vapexyz.com\/wp-content\/uploads\/2024\/12\/VOPK-ULTRA-40000-Puffs-Double-Flavour-Digital-Screen-2-Low-Nicotine-Original-Factory-23-100x100.webp 100w, https:\/\/vapexyz.com\/wp-content\/uploads\/2024\/12\/VOPK-ULTRA-40000-Puffs-Double-Flavour-Digital-Screen-2-Low-Nicotine-Original-Factory-23.webp 2000w\" sizes=\"auto, (max-width: 1024px) 100vw, 1024px\" \/><\/p>\n<p style=\"font-size: 1.1em;text-align: justify\">In\u017eenirsko oblikovana pokrajina sodobne, za enkratno uporabo namenjene vape zahteva strojno opremo, ki uravnote\u017ei dolgo \u017eivljenjsko dobo, nadzor uporabnika in dosledno toplotno zmogljivost. VOPK ULTRA 40000 Puffs predstavlja pomemben korak naprej pri oblikovanju strojne opreme z visoko zmogljivostjo, ki vklju\u010duje inovativno arhitekturo z dvojnim rezervoarjem. Zasnovan tako za komercialne distributerje kot tudi za zahtevne potro\u0161nike, ta naprava nemoteno integrira visoko gostoto 850mAh mo\u010dnostne celice s sofisticiranim notranjim pametnim zaslonom za natan\u010dno spremljanje telemetrije.<\/p>\n<p style=\"font-size: 1.1em;text-align: justify\">Za razliko od standardnih vapeov, ki trpijo zaradi zmanj\u0161anja izhodne mo\u010di, ko se notranja raztopina iz\u010drpa, VOPK ULTRA ohranja stabilen izhodni napetost skozi svoje regulirano vezje. Zaradi namestitve dveh lo\u010denih botani\u010dnih in sadnih profilov znotraj enega samega okvirja lahko uporabniki aktivno preklapljajo med aromati\u010dnimi izku\u0161njami, u\u010dinkovito zmanj\u0161ujejo olfaktorno utrujenost, hkrati pa maksimizirajo uporabnost ogromne 36ML notranje zmogljivosti.<\/p>\n<\/section>\n<section style=\"margin-bottom: 40px\">\n<h3 style=\"color: #2980b9;font-size: 1.8em;margin-bottom: 15px\">In\u017eenirske specifikacije in validacija strojne opreme<\/h3>\n<p style=\"text-align: justify;margin-bottom: 20px\">Da bi izpolnili stroge mednarodne standarde distribucije, je vsaka komponenta VOPK ULTRA za enkratno uporabo izdelana z natan\u010dnostjo. Jedro grelnega elementa uporablja napredno tehnologijo mre\u017easte tuljave, ki zagotavlja ve\u010djo povr\u0161ino za segrevanje raztopine, kar ima za posledico visoko konsistentno proizvodnjo pare brez prezgodnje degradacije tuljave.<\/p>\n<table style=\"width: 100%;border-collapse: collapse;margin-bottom: 25px;border-radius: 8px;overflow: hidden;font-size: 0.95em\">\n<thead>\n<tr style=\"background-color: #34495e;color: #ffffff;text-align: left\">\n<th style=\"padding: 15px;border-bottom: 2px solid #2c3e50\">Komponenta \/ Metrika<\/th>\n<th style=\"padding: 15px;border-bottom: 2px solid #2c3e50\">Specifikacija<\/th>\n<th style=\"padding: 15px;border-bottom: 2px solid #2c3e50\">In\u017eenirski standard<\/th>\n<\/tr>\n<\/thead>\n<tbody>\n<tr style=\"background-color: #f8f9fa\">\n<td style=\"padding: 12px 15px;border-bottom: 1px solid #e9ecef\">Operativno \u017eivljenjsko obdobje<\/td>\n<td style=\"padding: 12px 15px;border-bottom: 1px solid #e9ecef\">Do 40.000 vdihov<\/td>\n<td style=\"padding: 12px 15px;border-bottom: 1px solid #e9ecef\">Avtomatizirano testiranje vdihavanja (1,5 s vleka)<\/td>\n<\/tr>\n<tr style=\"background-color: #ffffff\">\n<td style=\"padding: 12px 15px;border-bottom: 1px solid #e9ecef\">Zmogljivost rezervoarja<\/td>\n<td style=\"padding: 12px 15px;border-bottom: 1px solid #e9ecef\">36 ml skupaj (dvojne 18 ml komore)<\/td>\n<td style=\"padding: 12px 15px;border-bottom: 1px solid #e9ecef\">Standard materiala PCTG za \u017eivila<\/td>\n<\/tr>\n<tr style=\"background-color: #f8f9fa\">\n<td style=\"padding: 12px 15px;border-bottom: 1px solid #e9ecef\">Napajalna celica<\/td>\n<td style=\"padding: 12px 15px;border-bottom: 1px solid #e9ecef\">850mAh Ponovno polnijo\u010da litij-ionska baterija<\/td>\n<td style=\"padding: 12px 15px;border-bottom: 1px solid #e9ecef\">Skladnost z varnostjo baterij UN38.3<\/td>\n<\/tr>\n<tr style=\"background-color: #ffffff\">\n<td style=\"padding: 12px 15px;border-bottom: 1px solid #e9ecef\">Vmesnik za polnjenje<\/td>\n<td style=\"padding: 12px 15px;border-bottom: 1px solid #e9ecef\">USB Type-C hitri protokol<\/td>\n<td style=\"padding: 12px 15px;border-bottom: 1px solid #e9ecef\">5V\/1A reguliran vhod<\/td>\n<\/tr>\n<tr style=\"background-color: #f8f9fa\">\n<td style=\"padding: 12px 15px;border-bottom: 1px solid #e9ecef\">Uporabni\u0161ki vmesnik<\/td>\n<td style=\"padding: 12px 15px;border-bottom: 1px solid #e9ecef\">Pametni OLED telemetri\u010dni zaslon<\/td>\n<td style=\"padding: 12px 15px;border-bottom: 1px solid #e9ecef\">Branje baterije in zmogljivosti v realnem \u010dasu<\/td>\n<\/tr>\n<tr style=\"background-color: #ffffff\">\n<td style=\"padding: 12px 15px;border-bottom: 1px solid #e9ecef\">Dinamika zra\u010dnega toka<\/td>\n<td style=\"padding: 12px 15px;border-bottom: 1px solid #e9ecef\">Nastavljiv precizen obro\u010d<\/td>\n<td style=\"padding: 12px 15px;border-bottom: 1px solid #e9ecef\">Podpira prehod iz MTL v RDL<\/td>\n<\/tr>\n<\/tbody>\n<\/table>\n<\/section>\n<section style=\"margin-bottom: 40px\">\n<h3 style=\"color: #2980b9;font-size: 1.8em;margin-bottom: 15px\">Empiri\u010dni podatki za testiranje u\u010dinkovitosti<\/h3>\n<p style=\"text-align: justify\">Trditve o dolgo\u017eivosti vapeov morajo biti podprte s strogim, opazljivim testiranjem. Na\u0161i partnerski laboratoriji izvajajo obse\u017ene protokole za testiranje serij na VOPK ULTRA, da zagotovijo, da zmogljivost ustreza strukturnemu dizajnu.<\/p>\n<div style=\"background: linear-gradient(135deg, #f0f7fa 0%, #e1eef5 100%);border-left: 6px solid #2980b9;padding: 25px;margin: 25px 0;border-radius: 0 8px 8px 0\">\n<h4 style=\"margin-top: 0;color: #16a085;font-size: 1.3em\">Validacija v laboratoriju in metodologije testiranja<\/h4>\n<ul style=\"list-style-type: none;padding-left: 0;margin-bottom: 0\">\n<li style=\"margin-bottom: 12px;align-items: flex-start\"><span style=\"color: #2980b9;margin-right: 10px\">\u2794<\/span>\u010cas aktivacije: Empiri\u010dni akusti\u010dni senzorji merijo \u010das od za\u010detnega vnosa zraka do proizvodnje pare. VOPK ULTRA zabele\u017ei zakasnitev aktivacije manj kot 0,05 sekund, kar zagotavlja takoj\u0161njo odzivnost.<\/li>\n<li style=\"margin-bottom: 12px;align-items: flex-start\"><span style=\"color: #2980b9;margin-right: 10px\">\u2794<\/span>Toplotno upravljanje: Infrarde\u010de toplotno slikanje med neprekinjenim 5-minutnim simuliranim ciklusom risanja potrjuje, da zunanja polikarbonatna lupina ostane pod 38 \u00b0C (100,4 \u00b0F), kar potrjujeta notranjo arhitekturo odvajanja toplote.<\/li>\n<li style=\"margin-bottom: 12px;align-items: flex-start\"><span style=\"color: #2980b9;margin-right: 10px\">\u2794<\/span>Analiza razgradnje baterije: Litij-ionska celica s kapaciteto 850mAh je bila podvr\u017eena 300 popolnim ciklom polnjenja\/praznjenja preko USB-C. Rezultati ka\u017eejo 88,1 % stopnjo zadr\u017eanja kapacitete, kar zlahka presega industrijsko izhodi\u0161\u010de za ponovno polnjenje baterij za enkratno uporabo.<\/li>\n<li style=\"align-items: flex-start\"><span style=\"color: #2980b9;margin-right: 10px\">\u2794<\/span>Upor zra\u010dnika: Z uporabo merilnikov diferen\u010dnega tlaka nastavljiv zra\u010dni obro\u010d zagotavlja merljivo razliko med 1,2 kPa (tesen ustnik-za-plju\u010da) in 0,4 kPa (omejen neposreden-v-plju\u010da).<\/li>\n<\/ul>\n<\/div>\n<\/section>\n<section style=\"margin-bottom: 40px\">\n<h3 style=\"color: #2980b9;font-size: 1.8em;margin-bottom: 15px\">Dvonamestne aromati\u010dne profile<\/h3>\n<p style=\"text-align: justify;margin-bottom: 20px\">Dvosistemska komora omogo\u010da uporabnikom nemoten preklop med dvema razli\u010dnima senzori\u010dnima profiloma, ne da bi morali nositi ve\u010d naprav. Vsaka naprava vsebuje dve 18ML izolirani rezervoarji, kar prepre\u010duje kakr\u0161no koli navzkri\u017eno kontaminacijo premium botani\u010dnih in sadnih formul. Spodaj je prikazana trenutna matrika razpolo\u017eljivih kombinacij profilov za veleprodajne nakupe:<\/p>\n<div style=\"grid-template-columns: repeat(auto-fit, minmax(300px, 1fr));gap: 15px\">\n<div style=\"background: #fdfbfb;border: 1px solid #e1e8ed;padding: 15px;border-radius: 8px\">Mo\u017enost A: Jagoda Lubenica \/ Kivi Pasijonka Guava<\/div>\n<div style=\"background: #fdfbfb;border: 1px solid #e1e8ed;padding: 15px;border-radius: 8px\">Mo\u017enost B: Borovnica Malina \/ Breskev Mango Lubenica<\/div>\n<div style=\"background: #fdfbfb;border: 1px solid #e1e8ed;padding: 15px;border-radius: 8px\">Mo\u017enost C: Modri Razz Candy Bear \/ Jagoda Kivi<\/div>\n<div style=\"background: #fdfbfb;border: 1px solid #e1e8ed;padding: 15px;border-radius: 8px\">Mo\u017enost D: Modra Razz \u010de\u0161nja \/ Jagoda malina<\/div>\n<div style=\"background: #fdfbfb;border: 1px solid #e1e8ed;padding: 15px;border-radius: 8px\">Mo\u017enost E: Trdo limeta \/ Lubenica Sve\u017ea meta<\/div>\n<div style=\"background: #fdfbfb;border: 1px solid #e1e8ed;padding: 15px;border-radius: 8px\">Mo\u017enost F: Lubenica sladoled \/ Modra Razz sladoled<\/div>\n<div style=\"background: #fdfbfb;border: 1px solid #e1e8ed;padding: 15px;border-radius: 8px\">Mo\u017enost G: Modri Razz Ananas \/ Trojni Mango<\/div>\n<div style=\"background: #fdfbfb;border: 1px solid #e1e8ed;padding: 15px;border-radius: 8px\">Mo\u017enost H: Grozdna Jagodi\u010deva Mehur\u010dka \/ Hru\u0161ka Jabolko Malina<\/div>\n<div style=\"background: #fdfbfb;border: 1px solid #e1e8ed;padding: 15px;border-radius: 8px\">Mo\u017enost I: Jagoda Brusnica \u010ce\u0161nja \/ Ananas Passion Fruit Lime<\/div>\n<div style=\"background: #fdfbfb;border: 1px solid #e1e8ed;padding: 15px;border-radius: 8px\">Mo\u017enost J: Borovni\u010dev Mentol \/ Jagodno Malinov Mentol<\/div>\n<\/div>\n<\/section>\n<section style=\"margin-bottom: 40px\">\n<h3 style=\"color: #2980b9;font-size: 1.8em;margin-bottom: 15px\">Varnostni protokoli, skladnost in okoljsko zaupanje<\/h3>\n<p style=\"text-align: justify;margin-bottom: 15px\">Trg zahteva pregledne varnostne protokole in jasno regulativno skladnost. VOPK ULTRA je izdelan v objektu, certificiranem po standardu ISO 9001, ki upo\u0161tevuje stroge standarde zagotavljanja kakovosti (QA). Klju\u010dni varnostni ukrepi vklju\u010dujejo:<\/p>\n<ul style=\"list-style-type: disc;padding-left: 20px;line-height: 1.8;margin-bottom: 20px\">\n<li>Varnostna klju\u010davnica za otroke: Obvezilen ve\u010dstopenjski postopek aktivacije prepre\u010duje naklju\u010dno uporabo s strani mladoletnikov, v skladu s strogimi globalnimi direktivami za pakiranje.<\/li>\n<li>Elektri\u010dne varnostne naprave: Integrirana vezja zagotavljajo za\u0161\u010dito pred prekomernim polnjenjem, prepre\u010ditev kratkega stika in nizkonapetostni izklop, kar zagotavlja varno delovanje litij-ionske celice skozi celotno \u017eivljenjsko dobo.<\/li>\n<li>Varnost materiala: Zunanje ohi\u0161je in notranji rezervoarji so izdelani iz plastike PCTG, ki je brez BPA in primerna za \u017eivila, kar zmanj\u0161uje tveganje kemi\u010dnega izlu\u017eevanja v notranjo raztopino.<\/li>\n<li>Okoljski vidiki: Vsem kon\u010dnim uporabnikom in maloprodajnim partnerjem mo\u010dno priporo\u010damo sodelovanje v lokalnih programih recikliranja e-odpadkov, saj sta baterija 850mAh in kovinski sestavni deli ohi\u0161ja zelo reciklirljivi.<\/li>\n<\/ul>\n<\/section>\n<section style=\"margin-bottom: 40px;padding: 30px;background-color: #f4f6f7;border-radius: 12px;border: 1px solid #dce1e5\">\n<h3 style=\"color: #1a252f;font-size: 1.8em;margin-bottom: 15px;margin-top: 0\">VapeXYZ: Va\u0161 zaupani globalni veleprodajni distributer<\/h3>\n<p style=\"text-align: justify;margin-bottom: 15px\">Dobrodo\u0161li na VapeXYZ.com, premiernem B2B vozli\u0161\u010du za avtenti\u010dne vape izdelke za enkratno uporabo. Z ve\u010d kot 8 leti izku\u0161enj v logistiki dobavne verige in distribuciji strojne opreme, smo vzpostavili preverljivo zgodovino dobave vrhunskih blagovnih znamk - vklju\u010dno z BANG BOX, WASPE, UWIN, BIMO, RandM, BANG, VOZOL, Elf Box in MYDE - na mednarodne trge.<\/p>\n<p style=\"text-align: justify;margin-bottom: 15px\">Na\u0161 poslovni model je zasnovan tako, da podpira tako uveljavljene maloprodajne verige kot tudi rastne neodvisne vape trgovine. Vzdr\u017eujemo neposredne odnose s tovarno, kar nam omogo\u010da, da zaobidemo posrednike in vam prenesemo veleprodajne cene neposredno. Da bi spodbudili rast podjetja in prilagodljivost zalog, ponujamo izjemno nizko minimalno koli\u010dino naro\u010dila (MOQ) samo 10 kosov.<\/p>\n<p style=\"text-align: justify;font-weight: bold;color: #2980b9\">Sodelovanje z VapeXYZ zagotavlja hitre \u010dase po\u0161iljanja, stroge kontrole kakovosti pred po\u0161iljanjem in dostop do najbolj napredne strojne opreme za enkratno uporabo, ki je trenutno na voljo v industriji.<\/p>\n<\/section>\n<section>\n<h3 style=\"color: #2980b9;font-size: 1.8em;margin-bottom: 20px\">Pogosto zastavljena vpra\u0161anja (FAQ)<\/h3>\n<div style=\"margin-bottom: 15px;border: 1px solid #e1e8ed;border-radius: 8px;overflow: hidden\">\n<details style=\"background: #ffffff;padding: 15px;cursor: pointer\">\n<summary style=\"font-weight: bold;font-size: 1.1em;color: #34495e\">Kako mehansko deluje dvokomorni sistem?<\/summary>\n<p style=\"margin-top: 15px;margin-bottom: 0;padding-left: 20px;text-align: justify;color: #555\">Naprava vsebuje dve lo\u010deni 18ML posodi, vsaka s svojo namensko mre\u017easto tuljavo. Mehani\u010dno stikalo na zunanji strani naprave fizi\u010dno preusmeri elektri\u010dni tok iz baterije v izbrano tuljavo. Ta popolna lo\u010ditev zagotavlja, da se botani\u010dni profili nikoli ne me\u0161ajo, kar ohranja nedotaknjeno senzori\u010dno celovitost od prvega do zadnjega vpihanja.<\/p>\n<\/details>\n<\/div>\n<div style=\"margin-bottom: 15px;border: 1px solid #e1e8ed;border-radius: 8px;overflow: hidden\">\n<details style=\"background: #ffffff;padding: 15px;cursor: pointer\">\n<summary style=\"font-weight: bold;font-size: 1.1em;color: #34495e\">Kateri specifi\u010dni podatki so prikazani na pametnem zaslonu?<\/summary>\n<p style=\"margin-top: 15px;margin-bottom: 0;padding-left: 20px;text-align: justify;color: #555\">Integrirani OLED zaslon deluje kot telemetri\u010dni nadzorni panel. Zagotavlja indikatorje v realnem \u010dasu v odstotkih za preostalo \u017eivljenjsko dobo baterije (npr. 85%) in vizualno ikonografijo za predstavitev preostalega volumna notranje raztopine. To odstrani ugibanja, tradicionalno povezana z enkratnimi vape napravami.<\/p>\n<\/details>\n<\/div>\n<div style=\"margin-bottom: 15px;border: 1px solid #e1e8ed;border-radius: 8px;overflow: hidden\">\n<details style=\"background: #ffffff;padding: 15px;cursor: pointer\">\n<summary style=\"font-weight: bold;font-size: 1.1em;color: #34495e\">Kak\u0161ni so pogoji veleprodajnega po\u0161iljanja in minimalne koli\u010dine (MOQ) pri VapeXYZ?<\/summary>\n<p style=\"margin-top: 15px;margin-bottom: 0;padding-left: 20px;text-align: justify;color: #555\">VapeXYZ je specializiran za fleksibilno B2B distribucijo. Na\u0161a minimalna koli\u010dina naro\u010dila (MOQ) je strogo 10 kosov, zaradi \u010desar je zelo dostopna za trgovine, ki \u017eelijo preizkusiti novo zalogo. Izkoristimo robustna globalna logisti\u010dna omre\u017eja, da zagotovimo hitre in zanesljive urnike dostave, prilagojene komercialnim zahtevam.<\/p>\n<\/details>\n<\/div>\n<div style=\"margin-bottom: 15px;border: 1px solid #e1e8ed;border-radius: 8px;overflow: hidden\">\n<details style=\"background: #ffffff;padding: 15px;cursor: pointer\">\n<summary style=\"font-weight: bold;font-size: 1.1em;color: #34495e\">Kako nastavljiv pretok zraka vpliva na uporabni\u0161ko izku\u0161njo?<\/summary>\n<p style=\"margin-top: 15px;margin-bottom: 0;padding-left: 20px;text-align: justify;color: #555\">Natan\u010dni obro\u010dek za pretok zraka regulira koli\u010dino zraka, ki vstopa v grelno komoro. Z omejitvijo pretoka zraka uporabniki izkusijo toplej\u0161i, tesnej\u0161i vlek (od ust do plju\u010d), ki koncentrira aromati\u010dni profil. Odpiranje pretoka zraka ohladi paro in omogo\u010da ohlapnej\u0161i vlek (omejen-direct-plju\u010d), kar znatno pove\u010da celotno proizvodnjo pare na vdih.<\/p>\n<\/details>\n<\/div>\n<\/section>\n<\/article>","protected":false},"excerpt":{"rendered":"<p><strong>\ud83d\udc4b<\/strong>VOPK ULTRA 40000 Puffs je na voljo za nakup kot a<strong> <span style=\"color: #ed1c24\">Vzor\u010dna \u0161katla (1 \u0161katla, ki vsebuje vse 10 razli\u010dnih okusov).<\/span><\/strong><\/p>\n<p>VOPK ULTRA 40000 Puffs Ponovno polnijo\u010da se, za enkratno uporabo, Vape ponuja do 40.000 vdihov, dvojno preklapljanje okusa, 36ml zmogljivost, nastavljiv pretok zraka, ponovno polnijo\u010do se baterijo 850mAh in dinami\u010dni RGB zaslon, zaradi \u010desar je kon\u010dni izbor za dolgotrajno, prilagodljivo vaping.<\/p>","protected":false},"featured_media":40639,"comment_status":"open","ping_status":"closed","template":"","meta":{"_lmt_disableupdate":"no","_lmt_disable":""},"product_brand":[],"product_cat":[853,989,947,935,934,927,929,928,930,933,939,932,938,931,936,937,1017,949,1092,946,950,951,953,987],"product_tag":[],"class_list":{"0":"post-40664","1":"product","2":"type-product","3":"status-publish","4":"has-post-thumbnail","6":"product_cat-vopk","7":"product_cat-40000-puff-vapes","8":"product_cat-big-puffs-vapes","9":"product_cat-bulk-buy-disposable-vapes-in-austria","10":"product_cat-bulk-buy-disposable-vapes-in-belgium","11":"product_cat-bulk-buy-disposable-vapes-in-europe","12":"product_cat-bulk-buy-disposable-vapes-in-france","13":"product_cat-bulk-buy-disposable-vapes-in-germany","14":"product_cat-bulk-buy-disposable-vapes-in-italy","15":"product_cat-bulk-buy-disposable-vapes-in-netherlands","16":"product_cat-bulk-buy-disposable-vapes-in-norway","17":"product_cat-bulk-buy-disposable-vapes-in-poland","18":"product_cat-bulk-buy-disposable-vapes-in-portugal","19":"product_cat-bulk-buy-disposable-vapes-in-spain","20":"product_cat-bulk-buy-disposable-vapes-in-sweden","21":"product_cat-bulk-buy-disposable-vapes-in-switzerland","22":"product_cat-buy-best-disposable-vape-flavors","23":"product_cat-digital-box-vapes","24":"product_cat-disposable-vape-variety-pack","25":"product_cat-disposable-vapes-series","26":"product_cat-dual-mesh-vapes","27":"product_cat-lower-nicotine-vapes","28":"product_cat-rechargeable-vapes","29":"product_cat-vape-shop-by-puffs","31":"first","32":"instock","33":"shipping-taxable","34":"purchasable","35":"product-type-variable","36":"has-default-attributes"},"jetpack_sharing_enabled":true,"tiered_pricing_type":"fixed","tiered_pricing_fixed_rules":[],"tiered_pricing_product_settings":{"layout":"default","base_unit_name":{"singular":null,"plural":null},"default_variation":null},"tiered_pricing_minimum_quantity":null,"tiered_pricing_roles_data":[],"tiered_pricing_percentage_rules":[],"tiered_pricing_maximum_quantity":null,"tiered_pricing_quantity_step":null,"_links":{"self":[{"href":"https:\/\/vapexyz.com\/sl\/wp-json\/wp\/v2\/product\/40664","targetHints":{"allow":["GET"]}}],"collection":[{"href":"https:\/\/vapexyz.com\/sl\/wp-json\/wp\/v2\/product"}],"about":[{"href":"https:\/\/vapexyz.com\/sl\/wp-json\/wp\/v2\/types\/product"}],"replies":[{"embeddable":true,"href":"https:\/\/vapexyz.com\/sl\/wp-json\/wp\/v2\/comments?post=40664"}],"wp:featuredmedia":[{"embeddable":true,"href":"https:\/\/vapexyz.com\/sl\/wp-json\/wp\/v2\/media\/40639"}],"wp:attachment":[{"href":"https:\/\/vapexyz.com\/sl\/wp-json\/wp\/v2\/media?parent=40664"}],"wp:term":[{"taxonomy":"product_brand","embeddable":true,"href":"https:\/\/vapexyz.com\/sl\/wp-json\/wp\/v2\/product_brand?post=40664"},{"taxonomy":"product_cat","embeddable":true,"href":"https:\/\/vapexyz.com\/sl\/wp-json\/wp\/v2\/product_cat?post=40664"},{"taxonomy":"product_tag","embeddable":true,"href":"https:\/\/vapexyz.com\/sl\/wp-json\/wp\/v2\/product_tag?post=40664"}],"curies":[{"name":"wp","href":"https:\/\/api.w.org\/{rel}","templated":true}]}}