{"id":39379,"date":"2024-11-19T12:39:34","date_gmt":"2024-11-19T12:39:34","guid":{"rendered":"https:\/\/vapexyz.com\/?post_type=product&#038;p=39379"},"modified":"2026-03-02T01:43:35","modified_gmt":"2026-03-02T01:43:35","slug":"grativape-imagic-10000-puffs-0-2-3-5-nizka-nikotin-originalni-tovarniski-razsuti","status":"publish","type":"product","link":"https:\/\/vapexyz.com\/sl\/product\/grativape-imagic-10000-puffs-0-2-3-5-low-nicotine-original-factory-bulk-buy-rechargeable-disposable-vapes-pen-wholesale\/","title":{"rendered":"Grativape iMagic 10000 Puffs Nakup na veliko Ponovno polnijo\u010de se Vape za enkratno uporabo Trgovska veleprodaja"},"content":{"rendered":"<article style=\"font-family: -apple-system, BlinkMacSystemFont, 'Segoe UI', Roboto, Helvetica, Arial, sans-serif;line-height: 1.8;color: #2d3748;max-width: 100%;margin: 0 auto;padding: 20px\">\n<h2 style=\"color: #1a365d;font-size: 2.2em;border-bottom: 3px solid #3182ce;padding-bottom: 12px;margin-bottom: 25px\"><a href=\"https:\/\/vapexyz.com\/sl\/kategorijo-izdelkov\/vape-za-enkratno-uporabo-grativape\/\">Grativape iMagic<\/a> 10.000 Puffov: Napredno in\u017eenirstvo in empiri\u010dna zanesljivost za veleprodajo<\/h2>\n<p style=\"font-size: 1.1em;margin-bottom: 20px\">Dobrodo\u0161li v naslednji generaciji tehnologije inhalacije. Grativape iMagic 10000 Puffs predstavlja pomemben korak naprej v in\u017eenirstvu za enkratno uporabo. Zasnovan za intenzivno dnevno uporabo in izdelan za podalj\u0161ano dolgo \u017eivljenjsko dobo, ta premium naprava zagotavlja do 10.000 enakomernih vdihov. Ne glede na to, ali ste posamezni navdu\u0161enec, ki i\u0161\u010de zanesljivega dnevnega spremljevalca, ali maloprodajna podjetja, ki i\u0161\u010dejo raz\u0161iritev svojega asortimana z vrhunskimi za enkratno uporabo, Grativape iMagic zagotavlja neprimerljivo ravnote\u017eje med zmogljivostjo, estetskim videzom in empiri\u010dno zanesljivostjo. Na voljo prek VapeXYZ, va\u0161ega zaupanja vrednega partnerja za veleprodajo B2B, ta naprava postavlja nov standard za odli\u010dnost v sodobnem sektorju vape.<\/p>\n<h3 style=\"color: #2b6cb0;font-size: 1.6em;margin-top: 40px;margin-bottom: 15px;padding-left: 12px;border-left: 5px solid #ecc94b\">Tehni\u010dne specifikacije in in\u017eenirsko strokovno znanje<\/h3>\n<p style=\"margin-bottom: 15px\">V sredi\u0161\u010du impresivne zmogljivosti Grativape iMagic je skrbno izdelana notranja arhitektura. Naprava uporablja vrhunski sistem 1,0 \u03a9 mesh tuljave. Z termodinami\u010dnega vidika tradicionalne spiralne \u017ei\u010dne tuljave pogosto trpijo zaradi neenakomernega segrevanja, kar lahko povzro\u010di lokalno izgorevanje in nedosledno aerosolizacijo. Nasprotno pa mikro-tkana mre\u017easta struktura pove\u010da povr\u0161ino v neposrednem stiku z notranjim materialom za prevzem. To omogo\u010da hitro, enotno porazdelitev toplote, kar rezultira izjemno gladkim in doslednim izhodom od prvega do zadnjega vleka.<\/p>\n<p style=\"margin-bottom: 20px\">Napajanje te napredne tuljave zagotavlja visoko gostota, ponovno polnjenje litij-ionska baterija. Za zagotovitev neprekinjenega delovanja strojna oprema vklju\u010duje sodobne protokole za polnjenje USB Type-C. To omogo\u010da hitro dopolnitev energije in znatno zmanj\u0161anje \u010dasa izpada v primerjavi z zastarelimi standardi Micro-USB. Vgrajen mikrokontroler (MCU) vklju\u010duje napredne algoritme za upravljanje napajanja, ki zagotavljajo konstanten izhodni napetost tudi, ko se baterija pribli\u017euje izpraznjenosti. Poleg tega MCU vklju\u010duje bistvene varnostne redundance, vklju\u010dno za\u0161\u010dito pred prekomernim polnjenjem, prekomerno izpraznjenostjo in kratkim stikom, kar potrjuje njegov status med najvarnej\u0161imi za enkratno uporabo vape na trgu.<\/p>\n<h3 style=\"color: #2b6cb0;font-size: 1.6em;margin-top: 40px;margin-bottom: 15px;padding-left: 12px;border-left: 5px solid #ecc94b\">Empiri\u010dna u\u010dinkovitost in laboratorijska validacija<\/h3>\n<p style=\"margin-bottom: 15px\">Trditve okoli Grativape iMagic so podprte z rigoroznimi empiri\u010dnimi metodologijami testiranja. Za potrditev zmogljivosti 10.000 vdihov uporabljajo neodvisni laboratoriji za zagotavljanje kakovosti avtomatizirane mehanske simulatorje vdihavanja. Ti programabilni aparati posnemajo vzorce \u010dlove\u0161kega dihanja in izvajajo volumetri\u010dno testiranje pod nadzorovanimi okoljskimi pogoji. Standardni protokoli vklju\u010dujejo natan\u010dne 1,5-sekundne intervale vleka pri stalnem negativnem atmosferskem tlaku.<\/p>\n<p style=\"margin-bottom: 20px\">Empiri\u010dni podatki, zbrani med temi preskusi, so zelo prepri\u010dljivi. 1,0 \u03a9 mre\u017easta tuljava ka\u017ee neverjetno u\u010dinkovitost uparjanja, ki prikazuje manj kot 4,5 % variance v gostoti aerosola med prvim in zadnjim delom \u017eivljenjske dobe naprave. Poleg tega termovizijske kamere, ki spremljajo napravo med neprekinjenim, hitrim delovanjem, potrjujejo odli\u010dne lastnosti odvajanja toplote. Zunanje ohi\u0161je z edinstveno teksturo hitre pe\u0161\u010dice ostaja pri varni, udobni delovni temperaturi, prakti\u010dno odpravlja tveganje toplotne degradacije notranjega pripravka. Ta na dokazih temelje\u010di pristop k proizvodnji zagotavlja, da vsak vape deluje to\u010dno tako, kot je ogla\u0161evan.<\/p>\n<h3 style=\"color: #2b6cb0;font-size: 1.6em;margin-top: 40px;margin-bottom: 15px;padding-left: 12px;border-left: 5px solid #ecc94b\">Stroga proizvodna uprava in globalno skladnost<\/h3>\n<p style=\"margin-bottom: 15px\">Pri nakupu za enkrat uporabo namenjenih vape izdelkov za maloprodajo ali osebno uporabo je preverjanje pristnosti in skladnosti proizvajalca izjemno pomembno. Grativape iMagic je izdelan v naprednih objektih, ki delujejo pod strogimi certifikati sistema vodenja kakovosti ISO 9001. To zagotavlja, da je vsaka stopnja proizvodnega cikla - od pridobivanja surovin do kon\u010dne monta\u017ee - strogo nadzorovana in standardizirana.<\/p>\n<p style=\"margin-bottom: 20px\">Notranja energetska celica naprave izpolnjuje merila za presku\u0161anje po UN38.3, vitalni mednarodni standard, ki potrjuje varnost baterije med prevozom po zraku na visokih nadmorskih vi\u0161inah in njene odpornosti proti ekstremnim nihanjem tlaka. Poleg tega so zunanji okvir in notranje komponente izdelani v popolnem skladu z direktivami RoHS (Omejitev nevarnih snovi). To zagotavlja popolno odsotnost te\u017ekih kovin, kot so svinec, \u017eivo srebro in kadmij. Podprto s certifikatom CE je naprava v celoti usklajena z evropskimi standardi za zdravje, varnost in varstvo okolja. Trgovci lahko te vape prodajajo z absolutno zaupanje v njihovo regulativno stanje.<\/p>\n<h3 style=\"color: #2b6cb0;font-size: 1.6em;margin-top: 40px;margin-bottom: 15px;padding-left: 12px;border-left: 5px solid #ecc94b\">Prilagodljive ravni mo\u010di za raznolike \u017eelje<\/h3>\n<p style=\"margin-bottom: 15px\">\u010ce razumemo, da se uporabni\u0161ke preference zelo razlikujejo med razli\u010dnimi demografskimi skupinami, Grativape iMagic ponuja visoko prilagodljive profile koncentracije. Uporabniki in veletrgovci lahko izberejo med \u0161tirimi razli\u010dnimi stopnjami jakosti: 0%, 2%, 3% in 5%.<\/p>\n<p style=\"margin-bottom: 20px\">Ta postopna selekcija omogo\u010da posameznikom natan\u010den nadzor nad njihovimi \u010dutnimi izku\u0161njami. Ne glede na to, ali uporabnik i\u0161\u010de mo\u010dan, vpliven udarec v grlo ali raje ni\u010delno koncentrirano botani\u010dno me\u0161anico, osredoto\u010deno izklju\u010dno na aromo, obstaja formulacija, prilagojena njihovim potrebam. Vsaka serija notranje spojine je podvr\u017eena strogemu testiranju z masno spektrometrijo, da se zagotovi, da je navedena koncentracija popolnoma to\u010dna z zanemarljivim robom napake. Ta stopnja natan\u010dnosti odra\u017ea zavezanost proizvajalca transparentnosti in varnosti uporabnikov.<\/p>\n<h3 style=\"color: #2b6cb0;font-size: 1.6em;margin-top: 40px;margin-bottom: 15px;padding-left: 12px;border-left: 5px solid #ecc94b\">Kuratirano profili \u010dutov in aromati\u010dno mojstrstvo<\/h3>\n<p style=\"margin-bottom: 15px\">Olifaktivna in senzori\u010dna izku\u0161nja, ki jo ponuja Grativape iMagic, je neprimerljiva. Vsaka naprava je vnaprej nalo\u017eena s premium, skrbno izdelanimi aromati\u010dnimi me\u0161anicami, zasnovanimi za zagotavljanje avtenti\u010dnega in zadovoljivega izdiha. Razpolo\u017eljivi profili vklju\u010dujejo:<\/p>\n<ul style=\"list-style-type: none;padding-left: 0;margin-bottom: 25px\">\n<li style=\"margin-bottom: 12px;padding-left: 20px;position: relative\"><span style=\"color: #3182ce;position: absolute;left: 0;top: 0\">\u25ba<\/span>Modra jagoda in malina: Ta kompleksna formulacija zdru\u017euje ostre, kisle zgornje note divjih malin s tihimi, sladkimi podtoni sve\u017ee pobranih borovnic. Z uporabo napredne botani\u010dne sinteze se izogne umetnemu priokusu, ki je pogost pri ni\u017ejih vape izdelkih.<\/li>\n<li style=\"margin-bottom: 12px;padding-left: 20px;position: relative\"><span style=\"color: #3182ce;position: absolute;left: 0;top: 0\">\u25ba<\/span>Skittle Ice: Navdihnjen po \u017eivahnih sladkih pribolj\u0161kih, ta profil ponuja ve\u010dplastno \u010dutno potovanje. Brezhibno prehaja iz sladkega, sadnega in\u0161tresa, navdihnjenega s sadnim pun\u010dem, v intenzivno osve\u017eujo\u010d, ohlajen izdih.<\/li>\n<li style=\"margin-bottom: 12px;padding-left: 20px;position: relative\"><span style=\"color: #3182ce;position: absolute;left: 0;top: 0\">\u25ba<\/span>Energijski napitek: Razvit za natan\u010dno ponovitev kompleksnega, rahlo kislega in zelo stimulativnega vonja priljubljenih pija\u010d z dodatkom taurina, ki zagotavlja oster in spodbuden ugriz.<\/li>\n<li style=\"margin-bottom: 12px;padding-left: 20px;position: relative\"><span style=\"color: #3182ce;position: absolute;left: 0;top: 0\">\u25ba<\/span>Roza limonada: Popolnoma uravnote\u017eena me\u0161anica z osve\u017eujo\u010do kislo limoninim temeljem, prepletenim s subtilnimi rde\u010dimi jagodnimi toni. Odvisna je od naravnih citrusnih ekstraktov, ki zagotavljajo avtenti\u010dno, osve\u017eujo\u010do kislost brez prevladujo\u010de sladkosti.<\/li>\n<li style=\"margin-bottom: 12px;padding-left: 20px;position: relative\"><span style=\"color: #3182ce;position: absolute;left: 0;top: 0\">\u25ba<\/span>Blackberry Ice: Osredoto\u010den na temnej\u0161i spekter aromati\u010dnih jagod, ta me\u0161anica poudarja bogato, zemeljsko bistvo \u010drnih ribez. Integracija naprednih hladilnih sredstev zni\u017euje zaznano temperaturo aerosola za zmrzalno zaklju\u010dek.<\/li>\n<li style=\"margin-bottom: 12px;padding-left: 20px;position: relative\"><span style=\"color: #3182ce;position: absolute;left: 0;top: 0\">\u25ba<\/span>Jagoda in Mango: Tropski mojsterpiece, ki zdru\u017euje znano, tola\u017ebeno sladkost jagod s so\u010dno globino zrelih mangov. Natan\u010dna razmerja esterjev zagotavljajo, da sta oba elementa jasno prepoznavna.<\/li>\n<li style=\"margin-bottom: 12px;padding-left: 20px;position: relative\"><span style=\"color: #3182ce;position: absolute;left: 0;top: 0\">\u25ba<\/span>Kislo Jabolko: Zaradi zajemanja ostre, vododajalno kisle zelenih jabolk iz sadovnjaka ta formulacija zagotavlja hrustljiv zadetek. Skrbno ravnote\u017eje zagotavlja, da kisle note spodbudijo nepredvidnost, preden se ustalijo v bla\u017eenem zaklju\u010dku.<\/li>\n<li style=\"margin-bottom: 12px;padding-left: 20px;position: relative\"><span style=\"color: #3182ce;position: absolute;left: 0;top: 0\">\u25ba<\/span>Blue Razz Ice: Osnovna izbira med navdu\u0161enci po vape, ta profil izpopolnjuje klasi\u010dno modro malinovo sladico. Ponuja oja\u010dan sladko-kisel osnovni ton, ki ga takoj spremlja robusten, osve\u017eujo\u010d hladilni ob\u010dutek.<\/li>\n<li style=\"margin-bottom: 12px;padding-left: 20px;position: relative\"><span style=\"color: #3182ce;position: absolute;left: 0;top: 0\">\u25ba<\/span>Bujna Led: Poudarjanje osve\u017eujo\u010dih lastnosti poletnih lubenic, ta me\u0161anica je izjemno gladka. Plastijo dominantno sladko aromo melone s prodornim ledenim podtonom, kar povzro\u010di zelo osve\u017eujo\u010d rezultat.<\/li>\n<li style=\"margin-bottom: 12px;padding-left: 20px;position: relative\"><span style=\"color: #3182ce;position: absolute;left: 0;top: 0\">\u25ba<\/span>Jagodna led: Kombinacija univerzalne privla\u010dnosti vrtnih sve\u017eih jagod z ledenim zaklju\u010dkom. Hladilni u\u010dinek izbolj\u0161a hrustljivost jagodnih not, prepre\u010duje, da sladkost postane nadle\u017ena pri dalj\u0161i uporabi.<\/li>\n<\/ul>\n<h3 style=\"color: #2b6cb0;font-size: 1.6em;margin-top: 40px;margin-bottom: 15px;padding-left: 12px;border-left: 5px solid #ecc94b\">Klju\u010dni podatki: Razumevanje naprednih zaupravljivih vapeov<\/h3>\n<div style=\"background-color: #f8fafc;border-left: 6px solid #3182ce;padding: 25px;margin: 30px 0;border-radius: 0 8px 8px 0\">\n<ul style=\"list-style-type: disc;margin-left: 20px;color: #4a5568;margin-bottom: 0\">\n<li style=\"margin-bottom: 10px\">Dinamika segrevanja mre\u017ee: 1,0 \u03a9 mre\u017easta tuljava deluje u\u010dinkovito z uporabo Ohmovega zakona, pretvarja napetost akumulatorja v hitro, razpr\u0161eno toploto. To prepre\u010duje razgradnjo notranjega spojine in ohranja celovitost aromati\u010dnega profila.<\/li>\n<li style=\"margin-bottom: 10px\">Okoljska u\u010dinkovitost: Visoko zmogljivi za enkratno uporabo vape (kot je iMagic s 10.000 vdihi) so na splo\u0161no okoljsko u\u010dinkovitej\u0161i na vdih kot standardni modeli s 600 vdihi, saj bistveno zmanj\u0161ajo pogostost odstranjevanja odpadnih litijevih celic in plasti\u010dnih ohi\u0161ij.<\/li>\n<li style=\"margin-bottom: 0\">Varnost litij-ionskih baterij: Integracija MCU zagotavlja, da baterija deluje znotraj varnih napetostnih pragov, prepre\u010duje toplotni pobeg in podalj\u0161uje celotno \u017eivljenjsko dobo naprave.<\/li>\n<\/ul>\n<\/div>\n<h3 style=\"color: #2b6cb0;font-size: 1.6em;margin-top: 40px;margin-bottom: 15px;padding-left: 12px;border-left: 5px solid #ecc94b\">Celovita primerjava izdelkov<\/h3>\n<div>\n<table style=\"width: 100%;border-collapse: collapse;margin: 25px 0;font-family: Arial, sans-serif;border-radius: 8px;overflow: hidden;border: 1px solid #e2e8f0\">\n<thead>\n<tr style=\"background-color: #2b6cb0;color: #ffffff;text-align: left\">\n<th style=\"padding: 16px 20px;font-weight: 600;border-bottom: 3px solid #1a365d\">Tehni\u010dna zna\u010dilnost<\/th>\n<th style=\"padding: 16px 20px;font-weight: 600;border-bottom: 3px solid #1a365d\">Grativape Imagic 10000 puffs<\/th>\n<th style=\"padding: 16px 20px;font-weight: 600;border-bottom: 3px solid #1a365d\">Konvencionalne alternative<\/th>\n<\/tr>\n<\/thead>\n<tbody>\n<tr style=\"background-color: #ffffff\">\n<td style=\"padding: 14px 20px;border-bottom: 1px solid #e2e8f0;font-weight: bold;color: #4a5568\">Preverjena zmogljivost<\/td>\n<td style=\"padding: 14px 20px;border-bottom: 1px solid #e2e8f0;color: #2d3748\">10.000 risb (empiri\u010dno preizku\u0161eno)<\/td>\n<td style=\"padding: 14px 20px;border-bottom: 1px solid #e2e8f0;color: #718096\">5.000 \u2013 8.000 risb (ocena)<\/td>\n<\/tr>\n<tr style=\"background-color: #f7fafc\">\n<td style=\"padding: 14px 20px;border-bottom: 1px solid #e2e8f0;font-weight: bold;color: #4a5568\">Ravni mo\u010di<\/td>\n<td style=\"padding: 14px 20px;border-bottom: 1px solid #e2e8f0;color: #2d3748\">0%, 2%, 3%, 5% (Preverjeno z masno spektrometrijo)<\/td>\n<td style=\"padding: 14px 20px;border-bottom: 1px solid #e2e8f0;color: #718096\">Omejeno na 1-2 standardne mo\u017enosti<\/td>\n<\/tr>\n<tr style=\"background-color: #ffffff\">\n<td style=\"padding: 14px 20px;border-bottom: 1px solid #e2e8f0;font-weight: bold;color: #4a5568\">Tehnologija ogrevanja<\/td>\n<td style=\"padding: 14px 20px;border-bottom: 1px solid #e2e8f0;color: #2d3748\">1,0 \u03a9 mikro-tkana mre\u017easta tuljava<\/td>\n<td style=\"padding: 14px 20px;border-bottom: 1px solid #e2e8f0;color: #718096\">Standardna spiralna \u017eica (vi\u0161ja odpornost)<\/td>\n<\/tr>\n<tr style=\"background-color: #f7fafc\">\n<td style=\"padding: 14px 20px;border-bottom: 1px solid #e2e8f0;font-weight: bold;color: #4a5568\">Prenos energije<\/td>\n<td style=\"padding: 14px 20px;border-bottom: 1px solid #e2e8f0;color: #2d3748\">Type-C PD hitro polnjenje z MCU<\/td>\n<td style=\"padding: 14px 20px;border-bottom: 1px solid #e2e8f0;color: #718096\">Zapu\u0161\u010dina Micro-USB (Po\u010dasnej\u0161e, manj varno)<\/td>\n<\/tr>\n<tr style=\"background-color: #ffffff\">\n<td style=\"padding: 14px 20px;border-bottom: 1px solid #e2e8f0;font-weight: bold;color: #4a5568\">Skladnost in oblikovanje<\/td>\n<td style=\"padding: 14px 20px;border-bottom: 1px solid #e2e8f0;color: #2d3748\">CE, RoHS, UN38.3 skladno \/ Tekstura hitre pe\u0161\u010dice<\/td>\n<td style=\"padding: 14px 20px;border-bottom: 1px solid #e2e8f0;color: #718096\">Osnovne plastike, nepotrjene certifikacije<\/td>\n<\/tr>\n<\/tbody>\n<\/table>\n<\/div>\n<h3 style=\"color: #2b6cb0;font-size: 1.6em;margin-top: 40px;margin-bottom: 15px;padding-left: 12px;border-left: 5px solid #ecc94b\">Klju\u010dni podatki Pogosta vpra\u0161anja (FAQ)<\/h3>\n<div style=\"background-color: #ffffff;border: 1px solid #e2e8f0;border-radius: 12px;padding: 30px;margin: 25px 0\">\n<h4 style=\"color: #2c5282;margin-top: 0;margin-bottom: 10px;font-size: 1.2em\">1. Kak\u0161na je preverjena operativna \u017eivljenjska doba Grativape iMagic?<\/h4>\n<p style=\"color: #4a5568;margin-bottom: 25px;line-height: 1.7\">S strogimi laboratorijskimi simulacijami je bilo empiri\u010dno dokazano, da naprava zagotavlja do 10.000 robustnih izvlekov. To podalj\u0161ana \u017eivljenjska doba zagotavlja podalj\u0161ano zadovoljstvo in zmanj\u0161uje pogostost zamenjav strojne opreme.<\/p>\n<h4 style=\"color: #2c5282;margin-top: 0;margin-bottom: 10px;font-size: 1.2em\">2. Kako deluje notranji sistem za upravljanje napajanja?<\/h4>\n<p style=\"color: #4a5568;margin-bottom: 25px;line-height: 1.7\">Strojna oprema je opremljena z integrirano litij-ionsko celico, ki podpira moderno hitro polnjenje Type-C. Regulirano je z namenskim mikro\u010dipom, prenos energije je hiter, u\u010dinkovit in za\u0161\u010diten pred nevarnimi napetostnimi skoki.<\/p>\n<h4 style=\"color: #2c5282;margin-top: 0;margin-bottom: 10px;font-size: 1.2em\">3. Ali so za komercialna naro\u010dila na voljo razli\u010dne koncentracijske profile?<\/h4>\n<p style=\"color: #4a5568;margin-bottom: 25px;line-height: 1.7\">Vsekakor. Da bi zadovoljili raznoliko bazo potro\u0161nikov, je naprava izdelana v \u0161tirih razli\u010dnih ravneh mo\u010di: 0%, 2%, 3% in 5%. To prodajalcem omogo\u010da, da svojim specifi\u010dnim tr\u017enim demografijam zagotovijo natan\u010dno prilagojene izku\u0161nje.<\/p>\n<h4 style=\"color: #2c5282;margin-top: 0;margin-bottom: 10px;font-size: 1.2em\">4. Kje lahko maloprodajni prodajalci kupijo pristne enote z overljivo dokumentacijo?<\/h4>\n<p style=\"color: #4a5568;margin-bottom: 0;line-height: 1.7\">Avtenti\u010dne enote, podprte s popolno dokumentacijo o skladnosti, lahko izvorijo neposredno iz <a style=\"color: #3182ce;text-decoration: none;font-weight: bold\" href=\"https:\/\/vapexyz.com\/sl\/\">VapeXYZ<\/a>. Kot premierno evropsko sredi\u0161\u010de za B2B distribucijo se specializiramo za razscaljivo mno\u017ei\u010dno logistiko in zagotavljamo avtenti\u010dnost izdelkov s strogimi revizijami dobavne verige.<\/p>\n<\/div>\n<h3 style=\"color: #2b6cb0;font-size: 1.6em;margin-top: 40px;margin-bottom: 15px;padding-left: 12px;border-left: 5px solid #ecc94b\">Zakaj sodelovati z VapeXYZ za va\u0161 veleprodajni dobavni verigi?<\/h3>\n<p style=\"margin-bottom: 30px\">Pri VapeXYZ presegamo vlogo standardnega distributerja; smo celovit B2B partner za dobavno verigo. Z ve\u010d kot osmimi leti operativne odli\u010dnosti na globalnem trgu vape smo ustanovili robustna nabavna omre\u017eja, ki nam omogo\u010dajo ponujanje premium disposable vape izdelkov po zelo konkuren\u010dnih veleprodajnih cenah. Na\u0161i strogi kontrolni timi kakovosti izvajajo sekundarne revizije vsega vhodnega inventarja in zagotavljajo, da vsaka enota Grativape iMagic, ki je odpremljena iz na\u0161ih skladi\u0161\u010d, izpolnjuje najvi\u0161je standarde zanesljivosti in varnosti. Ne glede na to, ali potrebujete minimalno koli\u010dino naro\u010dila (MOQ) 10 kosov ali pa oddajate velikanska komercialna naro\u010dila v razsutem stanju, na\u0161e logisti\u010dno omre\u017eje zagotavlja hitro, varno in popolnoma skladno mednarodno po\u0161iljanje. Povzdignite svoje maloprodajne ponudbe in do\u017eivite neprimerljivo podporo strankam s partnerstvom z VapeXYZ danes.<\/p>\n<div style=\"text-align: center;margin: 40px 0\">\n<div style=\"width: 1020px;\" class=\"wp-video\"><video class=\"wp-video-shortcode\" id=\"video-39379-1\" width=\"1020\" height=\"1360\" preload=\"metadata\" controls=\"controls\"><source type=\"video\/mp4\" src=\"https:\/\/vapexyz.com\/wp-content\/uploads\/2024\/11\/Grativape-iMagic-10000-Puffs-0-2-3-5-Low-Nicotine-Original-Factory.mp4?_=1\" \/><a href=\"https:\/\/vapexyz.com\/wp-content\/uploads\/2024\/11\/Grativape-iMagic-10000-Puffs-0-2-3-5-Low-Nicotine-Original-Factory.mp4\">https:\/\/vapexyz.com\/wp-content\/uploads\/2024\/11\/Grativape-iMagic-10000-Puffs-0-2-3-5-Low-Nicotine-Original-Factory.mp4<\/a><\/video><\/div>\n<\/div>\n<div style=\"text-align: center;margin: 40px 0\"><img loading=\"lazy\" decoding=\"async\" class=\"alignnone wp-image-39390 size-full\" style=\"max-width: 100%;height: auto;border-radius: 12px\" src=\"https:\/\/vapexyz.com\/wp-content\/uploads\/2024\/11\/Grativape-iMagic-10000-Puffs-0-2-3-5-Low-Nicotine-Original-Factory-11.webp\" alt=\"Grativape iMagic 10000 Puffs 0% 2% 3% 5% Nizka Mo\u010d Originalna Tovarna Nakup Vrazesljivih Enkratnih Vapov Pen za Ve\u010dje Prodaje\" width=\"1920\" height=\"799\" title=\"\" srcset=\"https:\/\/vapexyz.com\/wp-content\/uploads\/2024\/11\/Grativape-iMagic-10000-Puffs-0-2-3-5-Low-Nicotine-Original-Factory-11.webp 1920w, https:\/\/vapexyz.com\/wp-content\/uploads\/2024\/11\/Grativape-iMagic-10000-Puffs-0-2-3-5-Low-Nicotine-Original-Factory-11-500x208.webp 500w, https:\/\/vapexyz.com\/wp-content\/uploads\/2024\/11\/Grativape-iMagic-10000-Puffs-0-2-3-5-Low-Nicotine-Original-Factory-11-1024x426.webp 1024w, https:\/\/vapexyz.com\/wp-content\/uploads\/2024\/11\/Grativape-iMagic-10000-Puffs-0-2-3-5-Low-Nicotine-Original-Factory-11-768x320.webp 768w, https:\/\/vapexyz.com\/wp-content\/uploads\/2024\/11\/Grativape-iMagic-10000-Puffs-0-2-3-5-Low-Nicotine-Original-Factory-11-1536x639.webp 1536w, https:\/\/vapexyz.com\/wp-content\/uploads\/2024\/11\/Grativape-iMagic-10000-Puffs-0-2-3-5-Low-Nicotine-Original-Factory-11-18x7.webp 18w, https:\/\/vapexyz.com\/wp-content\/uploads\/2024\/11\/Grativape-iMagic-10000-Puffs-0-2-3-5-Low-Nicotine-Original-Factory-11-600x250.webp 600w\" sizes=\"auto, (max-width: 1920px) 100vw, 1920px\" \/><\/div>\n<\/article>","protected":false},"excerpt":{"rendered":"<p>Odkrijte neprimerljivo udobje in \u017eive okuse z Grativape iMagic 10000 Puffs Ponovno polnijo\u010de se za enkratno uporabo Vapes, ki so na voljo pri Vapexyz, ki ponujajo podalj\u0161ano uporabo s prilagodljivimi stopnjami pare in elegantnim svetle\u010dim dizajnom hitrega peska.<\/p>","protected":false},"featured_media":39392,"comment_status":"open","ping_status":"closed","template":"","meta":{"_lmt_disableupdate":"no","_lmt_disable":""},"product_brand":[],"product_cat":[1015,994,1018,947,1019,1020,935,934,927,929,928,930,933,939,932,938,931,936,937,1017,946,1025,1027,951,1028,1029,1035,953,1037,987,1038],"product_tag":[],"class_list":{"0":"post-39379","1":"product","2":"type-product","3":"status-publish","4":"has-post-thumbnail","6":"product_cat-grativape-disposable-vapes","7":"product_cat-10000-puff-vapes","8":"product_cat-apple-flavor-disposable-vapes","9":"product_cat-big-puffs-vapes","10":"product_cat-blue-razz-flavor-disposable-vapes","11":"product_cat-blueberry-flavor-disposable-vapes","12":"product_cat-bulk-buy-disposable-vapes-in-austria","13":"product_cat-bulk-buy-disposable-vapes-in-belgium","14":"product_cat-bulk-buy-disposable-vapes-in-europe","15":"product_cat-bulk-buy-disposable-vapes-in-france","16":"product_cat-bulk-buy-disposable-vapes-in-germany","17":"product_cat-bulk-buy-disposable-vapes-in-italy","18":"product_cat-bulk-buy-disposable-vapes-in-netherlands","19":"product_cat-bulk-buy-disposable-vapes-in-norway","20":"product_cat-bulk-buy-disposable-vapes-in-poland","21":"product_cat-bulk-buy-disposable-vapes-in-portugal","22":"product_cat-bulk-buy-disposable-vapes-in-spain","23":"product_cat-bulk-buy-disposable-vapes-in-sweden","24":"product_cat-bulk-buy-disposable-vapes-in-switzerland","25":"product_cat-buy-best-disposable-vape-flavors","26":"product_cat-disposable-vapes-series","27":"product_cat-ice-flavor-disposable-vapes","28":"product_cat-lemon-flavor-disposable-vapes","29":"product_cat-lower-nicotine-vapes","30":"product_cat-lush-flavor-disposable-vapes","31":"product_cat-mango-flavor-disposable-vapes","32":"product_cat-raspberry-flavor-disposable-vapes","33":"product_cat-rechargeable-vapes","34":"product_cat-strawberry-flavor-disposable-vapes","35":"product_cat-vape-shop-by-puffs","36":"product_cat-watermelon-flavor-disposable-vapes","38":"first","39":"instock","40":"shipping-taxable","41":"purchasable","42":"product-type-variable","43":"has-default-attributes"},"jetpack_sharing_enabled":true,"tiered_pricing_type":"fixed","tiered_pricing_fixed_rules":[],"tiered_pricing_product_settings":{"layout":"default","base_unit_name":{"singular":null,"plural":null},"default_variation":null},"tiered_pricing_minimum_quantity":null,"tiered_pricing_roles_data":[],"tiered_pricing_percentage_rules":[],"tiered_pricing_maximum_quantity":null,"tiered_pricing_quantity_step":null,"_links":{"self":[{"href":"https:\/\/vapexyz.com\/sl\/wp-json\/wp\/v2\/product\/39379","targetHints":{"allow":["GET"]}}],"collection":[{"href":"https:\/\/vapexyz.com\/sl\/wp-json\/wp\/v2\/product"}],"about":[{"href":"https:\/\/vapexyz.com\/sl\/wp-json\/wp\/v2\/types\/product"}],"replies":[{"embeddable":true,"href":"https:\/\/vapexyz.com\/sl\/wp-json\/wp\/v2\/comments?post=39379"}],"wp:featuredmedia":[{"embeddable":true,"href":"https:\/\/vapexyz.com\/sl\/wp-json\/wp\/v2\/media\/39392"}],"wp:attachment":[{"href":"https:\/\/vapexyz.com\/sl\/wp-json\/wp\/v2\/media?parent=39379"}],"wp:term":[{"taxonomy":"product_brand","embeddable":true,"href":"https:\/\/vapexyz.com\/sl\/wp-json\/wp\/v2\/product_brand?post=39379"},{"taxonomy":"product_cat","embeddable":true,"href":"https:\/\/vapexyz.com\/sl\/wp-json\/wp\/v2\/product_cat?post=39379"},{"taxonomy":"product_tag","embeddable":true,"href":"https:\/\/vapexyz.com\/sl\/wp-json\/wp\/v2\/product_tag?post=39379"}],"curies":[{"name":"wp","href":"https:\/\/api.w.org\/{rel}","templated":true}]}}