{"id":37236,"date":"2024-11-02T13:34:45","date_gmt":"2024-11-02T13:34:45","guid":{"rendered":"https:\/\/vapexyz.com\/?post_type=product&#038;p=37236"},"modified":"2026-03-01T12:32:03","modified_gmt":"2026-03-01T12:32:03","slug":"vapme-crystal-20000-puffs-digitalni-zaslon-dvojnega-okusa-2-nizko-nikotinska-originalna-tovarniska-kolicina-nakup-peresa-za-enkratno-uporabo-za-ponovno-polnjenje-na-debelo","status":"publish","type":"product","link":"https:\/\/vapexyz.com\/sl\/product\/vapme-crystal-20000-puffs-double-flavour-digital-screen-2-low-nicotine-original-factory-bulk-buy-rechargeable-disposable-vapes-pen-wholesale\/","title":{"rendered":"VAPME CRYSTAL 20000 Puffs Dvojni Okus Digitalni Zaslon Nakup na Veliko Ponovno Polnjenje Enkratne Vape za Prodajo na Debelo"},"content":{"rendered":"<article style=\"font-family: 'Segoe UI', Tahoma, Geneva, Verdana, sans-serif; line-height: 1.6; color: #333; max-width: 100%; margin: 0 auto; padding: 20px;\">\n<h2 style=\"color: #2c3e50; border-bottom: 2px solid #3498db; padding-bottom: 10px; font-size: 28px;\"><a style=\"color: #3498db; text-decoration: none;\" href=\"https:\/\/vapexyz.com\/sl\/kategorijo-izdelkov\/vapme\/\"> VAPME<\/a> KRISTAL 20000 Puffov Dvojni Profil Digitalnega Zaslon 2% Mo\u010d Ponovno Napolnjen <a style=\"color: #3498db; text-decoration: none;\" href=\"https:\/\/vapexyz.com\/sl\/\">Vape za enkratno uporabo<\/a> Pero<\/h2>\n<p style=\"font-size: 16px; margin-bottom: 20px; text-align: justify;\">Tehnolo\u0161ka pokrajina potro\u0161ni\u0161kih inhalabilnih naprav je do\u017eivela strogo evolucijo, ki je kulminirala v tehnolo\u0161kem \u010dudu, kakr\u0161en je VAPME CRYSTAL 20000 Puffs naprava. Presegajo\u010d preproste zasnove, ta model predstavlja paradigmo v sektorju za enkratno uporabo vape, ki integrira napredne mikroelektronike, natan\u010dno dinamiko teko\u010din in visoko gostoto shranjevanja energije v eno samo, kohezivno enoto. Pri VapeXYZ, z uporabo ve\u010d kot osmih let strogega veleprodajnega distribucijskega in zagotavljanja kakovosti, smo skrbno analizirali to napravo, da potrdimo njen status kot premierno strojno re\u0161itev. Zasnovan za dolgo \u017eivljenjsko dobo in trajno izhod, ta sistem uporablja sofisticiran dvokomorni mehanizem za dostavo, ki uporabnikom omogo\u010da nemoten prehod med dvema razli\u010dnima senzori\u010dnima profiloma. Izklju\u010dno je na voljo za skladen nakup v razsutem stanju preko VapeXYZ, kar zagotavlja, da evropski distributerji prejemajo popolnoma preverjene, laboratorijsko testirane za enkratno uporabo vape, ki ustrezajo zahtevnim industrijskim standardom.<\/p>\n<h3 style=\"color: #2980b9; font-size: 24px; margin-top: 30px;\">Empiri\u010dna validacija in merila uspe\u0161nosti<\/h3>\n<p style=\"font-size: 16px; margin-bottom: 20px; text-align: justify;\">Trditve o izjemni zmogljivosti zahtevajo strogo empiri\u010dno potrditev. Na\u0161a tehni\u010dna ocena VAPME CRYSTAL vklju\u010duje rigorozno testiranje s pnevmatskim strojem, da se potrdi prag zmogljivosti 20.000 vdihov. Z uporabo avtomatiziranih naprav za simulacijo vdihov, kalibriranih na standardne parametre vdihovanja potro\u0161nikov (obi\u010dajno trajanje vdihovanja od 1,5 do 2,0 sekunde, \u010demur sledi 30-sekundna faza po\u010ditka, da se omogo\u010di optimalno vla\u017eenje), naprava ka\u017ee izjemno upravljanje rezervoarja.<\/p>\n<p style=\"font-size: 16px; margin-bottom: 20px; text-align: justify;\">Dosledna izhodnost je zelo odvisna od optimizirane kapilarne akcije. Za razliko od standardnih za enkratno uporabo namenjenih vape-ov, ki trpijo zaradi toplotne degradacije in zmanj\u0161ane izhodne prostornine po prvih 5.000 aktivacijah, VAPME CRYSTAL uporablja lastni\u0161ko arhitekturo mre\u017easte tuljave. Ta raz\u0161irjena povr\u0161ina zagotavlja, da se notranja raztopina izhlapi pri enotni temperaturi, prepre\u010duje lokalno pregrevanje in ohranja celovitost 2% jakosti formulacije od prve aktivacije do zadnje. Toplotna slikanje med vrhunsko delovanjem potrjuje, da razsipanje toplote ostaja strogo lokalizirano znotraj atomizacijske komore, kar ohranja zunanji okvir hladnim in strukturno zdravim.<\/p>\n<h3 style=\"color: #2980b9; font-size: 24px; margin-top: 30px;\">Jedro strojni\u0161tva in specifikacije strojne opreme<\/h3>\n<ul style=\"list-style-type: none; padding: 0; margin-bottom: 20px;\">\n<li style=\"background-color: #f9f9f9; border-left: 4px solid #27ae60; margin-bottom: 10px; padding: 15px; border-radius: 4px; box-shadow: 0 1px 3px rgba(0,0,0,0.05);\"><strong style=\"color: #2c3e50; display: block; font-size: 18px;\">Visoka zmogljivost (20.000+ aktivacij):<\/strong><br \/>\nIn\u017eenirsko zasnovano s \u0161iroko dvojno rezervoarsko sistemom, naprava matemati\u010dno izra\u010duna dostavo teko\u010dine, da zagotovi maksimalno dolgo \u017eivljenjsko dobo. Stopnja zasi\u010denosti organskega bomba\u017enega vpojnega materiala je kalibrirana tako, da se ujema s krivuljo praznjenja baterije, kar zagotavlja ni\u010delni pojav suhega izgorevanja v celotni podalj\u0161ani \u017eivljenjski dobi.<\/li>\n<li style=\"background-color: #f9f9f9; border-left: 4px solid #27ae60; margin-bottom: 10px; padding: 15px; border-radius: 4px; box-shadow: 0 1px 3px rgba(0,0,0,0.05);\"><strong style=\"color: #2c3e50; display: block; font-size: 18px;\">Mehanika dvojnega profila izmenjave:<\/strong><br \/>\nNotranja arhitektura vklju\u010duje vzporedne, izolirane komore. Precizno izdelan mehanizem za preklapljanje usmerja aerodinami\u010dni tok na lo\u010dene tuljave, kar omogo\u010da \u010dist prehod med dvema razli\u010dnima botani\u010dnima in aromati\u010dnima me\u0161anicama brez kontaminacije. To odpravlja senzori\u010dno utrujenost, ki je pogosto povezana z enoprofilnimi, za enkratno uporabo namenjenimi vapeji.<\/li>\n<li style=\"background-color: #f9f9f9; border-left: 4px solid #27ae60; margin-bottom: 10px; padding: 15px; border-radius: 4px; box-shadow: 0 1px 3px rgba(0,0,0,0.05);\"><strong style=\"color: #2c3e50; display: block; font-size: 18px;\">Napredna litij-ionska celica in vhod Type-C:<\/strong><br \/>\nNapajanje naprave zagotavlja premium, visoko zmogljiva akumulatorska celica, integrirana s sodobnim sistemom za upravljanje baterije (BMS). Protokol Type-C omogo\u010da hitro in varno polnjenje z vgrajenimi za\u0161\u010ditnimi vezji proti prekomernemu polnjenju, prekomernemu praznjenju in kratkemu stiku, kar ohranja zdravje celice skozi \u0161tevilne cikle polnjenja.<\/li>\n<li style=\"background-color: #f9f9f9; border-left: 4px solid #27ae60; margin-bottom: 10px; padding: 15px; border-radius: 4px; box-shadow: 0 1px 3px rgba(0,0,0,0.05);\"><strong style=\"color: #2c3e50; display: block; font-size: 18px;\">Ergonomsko &amp; Lahko Okvir:<\/strong><br \/>\nZgrajeno iz udarno odpornih, lahkih polimerov, je podvozje oblikovano z uporabo antropometri\u010dnih podatkov, da zagotovi ergonomsko udobje med podalj\u0161anim uporabo. Njegova kompaktna oblika skriva ogromno notranjo prostornino, zaradi \u010desar je zelo prenosljiv.<\/li>\n<\/ul>\n<div style=\"background: linear-gradient(135deg, #e0f7fa 0%, #b2ebf2 100%); border: 1px solid #4dd0e1; border-radius: 8px; padding: 25px; margin: 30px 0; box-shadow: 0 4px 6px rgba(0,0,0,0.05);\">\n<h3 style=\"color: #00838f; margin-top: 0; display: flex; align-items: center; font-size: 22px;\"><span style=\"font-size: 28px; margin-right: 10px;\">\ud83d\udd2c<\/span> Bistveno znanje: Digitalna telemetrija v sodobni strojni opremi<\/h3>\n<p style=\"color: #006064; font-size: 15px; line-height: 1.7; margin-bottom: 0; text-align: justify;\">Integracija digitalnega zaslona na VAPME CRYSTAL ni samo estetski dodatek; je kriti\u010dno diagnosti\u010dno orodje, zakoreninjeno v strojni telemetriji. Tradicionalne nenadzorovane naprave pogosto vodijo do \u201cigre ugibanja\u201d glede \u017eivljenjske dobe baterije in ravni notranjega raztopine, kar lahko povzro\u010di prezgodaj\u0161njo odstranitev naprave ali neprijetno toplotno degradacijo. VAPME Crystal uporablja mikrokontrolersko enoto (MCU), ki nenehno spremlja napetost baterije in \u0161tevilo aktivacij. Ti podatki se obdelujejo in posredujejo na visoko-kontrastni digitalni zaslon, kar zagotavlja uporabniku podatke v realnem \u010dasu in uporabne meritve. Z opolnomo\u010denjem uporabnika z empiri\u010dnimi podatki o stanju delovanja naprave, naprava zagotavlja optimalno uporabo, prepre\u010duje globoko izpraznitev litij-ionske celice in maksimizira u\u010dinkovitost vsake kupljene vgradne vape enote.<\/p>\n<\/div>\n<h3 style=\"color: #2980b9; font-size: 24px; margin-top: 30px;\">Kuratirano aromati\u010dno dvojni profili<\/h3>\n<p style=\"font-size: 16px; margin-bottom: 20px; text-align: justify;\">Znanost o formulaciji VAPME CRYSTAL vklju\u010duje visoko o\u010di\u0161\u010dene botani\u010dne ekstrakte in aromati\u010dne spojine, ki so primerne za u\u017eivanje, skrbno uravnote\u017eene, da se izognejo kopi\u010denju usedlin v tuljavi in zagotovijo gladko dostavo formulacije mo\u010di 2%. Na\u0161 katalog predstavlja deset kompleksnih konfiguracij z dvojno komoro. Vsaka mo\u017enost zagotavlja primarni in sekundarni profil, ki se harmoni\u010dno dopolnjujeta:<\/p>\n<div style=\"display: grid; grid-template-columns: repeat(auto-fit, minmax(300px, 1fr)); gap: 15px; margin-bottom: 30px;\">\n<div style=\"background-color: #fff; border: 1px solid #e0e0e0; padding: 15px; border-radius: 6px; text-align: center; font-weight: 600; color: #34495e;\">Modra jagoda, malina in lubenica Frost<\/div>\n<div style=\"background-color: #fff; border: 1px solid #e0e0e0; padding: 15px; border-radius: 6px; text-align: center; font-weight: 600; color: #34495e;\">Jagodna Lubenica in Pasijonka Melon Frost<\/div>\n<div style=\"background-color: #fff; border: 1px solid #e0e0e0; padding: 15px; border-radius: 6px; text-align: center; font-weight: 600; color: #34495e;\">\u010ce\u0161njeva zmrzlina in modra malinova limonada<\/div>\n<div style=\"background-color: #fff; border: 1px solid #e0e0e0; padding: 15px; border-radius: 6px; text-align: center; font-weight: 600; color: #34495e;\">Grozdni mraz &amp; Jagodno kivij<\/div>\n<div style=\"background-color: #fff; border: 1px solid #e0e0e0; padding: 15px; border-radius: 6px; text-align: center; font-weight: 600; color: #34495e;\">Jagoda banana in dvojno jabolko<\/div>\n<div style=\"background-color: #fff; border: 1px solid #e0e0e0; padding: 15px; border-radius: 6px; text-align: center; font-weight: 600; color: #34495e;\">Me\u0161ana Jagodi\u010dasta Zmrzlina &amp; Breskev Mango Ananas<\/div>\n<div style=\"background-color: #fff; border: 1px solid #e0e0e0; padding: 15px; border-radius: 6px; text-align: center; font-weight: 600; color: #34495e;\">Jagodna Frost &amp; Lubenica Kivi Frost<\/div>\n<div style=\"background-color: #fff; border: 1px solid #e0e0e0; padding: 15px; border-radius: 6px; text-align: center; font-weight: 600; color: #34495e;\">Energijski Blend &amp; Cherry Cola<\/div>\n<div style=\"background-color: #fff; border: 1px solid #e0e0e0; padding: 15px; border-radius: 6px; text-align: center; font-weight: 600; color: #34495e;\">Jagoda Malina &amp; Breskev Frost<\/div>\n<div style=\"background-color: #fff; border: 1px solid #e0e0e0; padding: 15px; border-radius: 6px; text-align: center; font-weight: 600; color: #34495e;\">Jagoda Mango &amp; Kivi Passion Fruit Guava<\/div>\n<\/div>\n<h3 style=\"color: #2980b9; font-size: 24px; margin-top: 30px;\">Pooblastilo, skladnost in nadzor kakovosti<\/h3>\n<p style=\"font-size: 16px; margin-bottom: 20px; text-align: justify;\">Kot uveljavljen organ v veleprodajnem sektorju, VapeXYZ, daje prednost skladnosti in strukturni celovitosti. Vsaka serija naprav VAPME CRYSTAL je podvr\u017eena pregledom v skladu z dopustno mejo kakovosti (AQL), preden vstopi v na\u0161e evropske distribucijske centre. Materiali, uporabljeni v ohi\u0161ju in vezju, so v skladu z direktivami o omejitvi nevarnih snovi (RoHS), kar zagotavlja, da grelni elementi ne vsebujejo te\u017ekih kovin. Poleg tega je formulacija aktivne spojine 2% mo\u010di homogenizirana v \u010distilnih okoljih, kar zagotavlja konsistenco med serijami in strogo upo\u0161tevanje regionalnih parametrov varnosti potro\u0161nikov za enkratne vape.<\/p>\n<h3 style=\"color: #2980b9; font-size: 24px; margin-top: 30px;\">Analiti\u010dna primerjava izdelkov<\/h3>\n<div style=\"overflow-x: auto; margin-bottom: 30px; box-shadow: 0 4px 15px rgba(0,0,0,0.08); border-radius: 8px;\">\n<table style=\"width: 100%; border-collapse: collapse; font-size: 15px; text-align: left; background-color: #fff;\">\n<thead>\n<tr style=\"background-color: #2c3e50; color: #ffffff;\">\n<th style=\"padding: 18px 20px; border-bottom: 2px solid #1a252f; font-weight: 600;\">Tehni\u010dna zna\u010dilnost<\/th>\n<th style=\"padding: 18px 20px; border-bottom: 2px solid #1a252f; font-weight: 600; background-color: #34495e;\">VAPME KRISTAL 20000<\/th>\n<th style=\"padding: 18px 20px; border-bottom: 2px solid #1a252f; font-weight: 600;\">Standardni Vape za enkratno uporabo<\/th>\n<\/tr>\n<\/thead>\n<tbody>\n<tr style=\"border-bottom: 1px solid #ecf0f1; transition: background-color 0.3s;\">\n<td style=\"padding: 15px 20px; font-weight: 500; color: #2c3e50;\">Izhodna zmogljivost<\/td>\n<td style=\"padding: 15px 20px; background-color: #f8fcfd; color: #16a085; font-weight: bold;\">Preverjenih 20.000+ aktivacij<\/td>\n<td style=\"padding: 15px 20px; color: #7f8c8d;\">Obi\u010dajno 1.000 \u2013 5.000 aktivacij<\/td>\n<\/tr>\n<tr style=\"border-bottom: 1px solid #ecf0f1;\">\n<td style=\"padding: 15px 20px; font-weight: 500; color: #2c3e50;\">Ponovna vzpostavitev energije<\/td>\n<td style=\"padding: 15px 20px; background-color: #f8fcfd;\">Protokol Type-C Fast (BMS nadzorovan)<\/td>\n<td style=\"padding: 15px 20px; color: #7f8c8d;\">Nenapolnjevani \/ Zastareli USB<\/td>\n<\/tr>\n<tr style=\"border-bottom: 1px solid #ecf0f1;\">\n<td style=\"padding: 15px 20px; font-weight: 500; color: #2c3e50;\">Komorna arhitektura<\/td>\n<td style=\"padding: 15px 20px; background-color: #f8fcfd;\">Dvojno izolirano omre\u017eje (preklopno)<\/td>\n<td style=\"padding: 15px 20px; color: #7f8c8d;\">Enokomorna stati\u010dna komora<\/td>\n<\/tr>\n<tr style=\"border-bottom: 1px solid #ecf0f1;\">\n<td style=\"padding: 15px 20px; font-weight: 500; color: #2c3e50;\">Aktivna koncentracija<\/td>\n<td style=\"padding: 15px 20px; background-color: #f8fcfd;\">Natan\u010dna 2% formulacija jakosti<\/td>\n<td style=\"padding: 15px 20px; color: #7f8c8d;\">Zelo spremenljivo (pogosto 3% do 5%)<\/td>\n<\/tr>\n<tr>\n<td style=\"padding: 15px 20px; font-weight: 500; color: #2c3e50;\">Diagnosti\u010dni prikaz<\/td>\n<td style=\"padding: 15px 20px; background-color: #f8fcfd;\">OLED Telemetri\u010dni zaslon<\/td>\n<td style=\"padding: 15px 20px; color: #7f8c8d;\">Slepa operacija<\/td>\n<\/tr>\n<\/tbody>\n<\/table>\n<\/div>\n<h3 style=\"color: #2980b9; font-size: 24px; margin-top: 30px;\">Obse\u017ene pogosto zastavljena vpra\u0161anja (FAQ)<\/h3>\n<div style=\"display: flex; flex-direction: column; gap: 15px; margin-bottom: 30px;\">\n<div style=\"border: 1px solid #dcdde1; border-radius: 8px; overflow: hidden; box-shadow: 0 2px 5px rgba(0,0,0,0.02);\">\n<div style=\"background-color: #f5f6fa; padding: 15px 20px; border-bottom: 1px solid #dcdde1; font-weight: bold; color: #2f3640; font-size: 16px;\">\ud83d\udd0d Kako se empiri\u010dno izra\u010duna in vzdr\u017euje 20.000 aktivacijsko \u017eivljenjsko dobo?<\/div>\n<div style=\"padding: 20px; background-color: #ffffff; color: #576574; font-size: 15px; line-height: 1.6;\">Naprava dose\u017ee to izjemno dolgo \u017eivljenjsko dobo s kombinacijo ogromnega notranjega rezervoarja za teko\u010dino, optimizirane mre\u017easte tuljave s preciznim uporom in ponovno polnijo\u010de litij-ionske jedro. S tem, ko uporabniku omogo\u010da ponovno polnjenje napajanja, enota zagotavlja, da je vsaka kapljica notranje raztopine u\u010dinkovito uparjena brez prezgodnje smrti baterije, kar je pogosta pomanjkljivost starej\u0161ih modelov za enkratno uporabo.<\/div>\n<\/div>\n<div style=\"border: 1px solid #dcdde1; border-radius: 8px; overflow: hidden; box-shadow: 0 2px 5px rgba(0,0,0,0.02);\">\n<div style=\"background-color: #f5f6fa; padding: 15px 20px; border-bottom: 1px solid #dcdde1; font-weight: bold; color: #2f3640; font-size: 16px;\">\u26a1\ufe0f Kak\u0161ni so tehni\u010dni parametri za varno polnjenje naprave?<\/div>\n<div style=\"padding: 20px; background-color: #ffffff; color: #576574; font-size: 15px; line-height: 1.6;\">VAPME CRYSTAL je opremljen s sodobnim vhodom Type-C. Je zasnovan tako, da sprejme standardne vhodne tokove 5V\/1A ali 5V\/2A. Notranji sistem za upravljanje baterije (BMS) samodejno regulira vhodno napetost, da prepre\u010di toplotni pobeg. Priporo\u010damo, da napravo med ciklusom polnjenja dr\u017eite stran od ekstremnih temperatur, da podalj\u0161ate zdravje baterije.<\/div>\n<\/div>\n<div style=\"border: 1px solid #dcdde1; border-radius: 8px; overflow: hidden; box-shadow: 0 2px 5px rgba(0,0,0,0.02);\">\n<div style=\"background-color: #f5f6fa; padding: 15px 20px; border-bottom: 1px solid #dcdde1; font-weight: bold; color: #2f3640; font-size: 16px;\">\ud83e\uddea Kak\u0161na je natan\u010dna formulacija jakosti in za koga je zasnovana?<\/div>\n<div style=\"padding: 20px; background-color: #ffffff; color: #576574; font-size: 15px; line-height: 1.6;\">Ta specifi\u010dni model uporablja visoko nadzorovano 2% aktivno spojino s posebno jakostjo. Ta koncentracija je zelo priljubljena na evropskih trgih, saj zagotavlja dosledno gladek potek, hkrati pa ostaja skladna s strogimi pragovi varnosti potro\u0161nikov in distribucije kemikalij. Je idealen za uporabnike, ki i\u0161\u010dejo zmerno, stabilno izku\u0161njo.<\/div>\n<\/div>\n<div style=\"border: 1px solid #dcdde1; border-radius: 8px; overflow: hidden; box-shadow: 0 2px 5px rgba(0,0,0,0.02);\">\n<div style=\"background-color: #f5f6fa; padding: 15px 20px; border-bottom: 1px solid #dcdde1; font-weight: bold; color: #2f3640; font-size: 16px;\">\ud83d\udce6 Kak\u0161ne logisti\u010dne prednosti obstajajo za nakup v velikih koli\u010dinah in veleprodajo preko VapeXYZ?<\/div>\n<div style=\"padding: 20px; background-color: #ffffff; color: #576574; font-size: 15px; line-height: 1.6;\">Nakupovanje prek VapeXYZ zagotavlja varno logistiko dobavne verige. Z nizko minimalno koli\u010dino naro\u010dila (MOQ) samo 10 enot do ogromnih koli\u010din, lahko trgovci u\u010dinkovito upravljajo zaloge. Poleg tega vse na\u0161e za enkratno uporabo namenjene vape izdelke podvr\u017eemo strogim okoljskim in skladi\u0161\u010dnim kontrolam pred po\u0161iljanjem, da zagotovimo stabilnost baterije in celovitost teko\u010dine ob prihodu.<\/div>\n<\/div>\n<\/div>\n<p style=\"font-size: 18px; font-weight: bold; text-align: center; margin-top: 40px; color: #2c3e50;\">Ste pripravljeni nadgraditi svoj inventar s superiorno strojno telemetrijo in dvokomorno tehnologijo? Za\u010dnite svoje veleprodajne naro\u010dilo pri VapeXYZ danes in si zagotovite tr\u017eno vodilne cene za VAPME CRYSTAL 20000 Puffs za enkratno uporabo.<\/p>\n<h2 style=\"font-size: 23.04px; text-align: center; margin-top: 30px;\"><img loading=\"lazy\" decoding=\"async\" class=\"alignnone wp-image-37246 size-full\" style=\"max-width: 100%; height: auto; border-radius: 8px; box-shadow: 0 5px 15px rgba(0,0,0,0.1);\" src=\"https:\/\/vapexyz.com\/wp-content\/uploads\/2024\/11\/VAPME-Crystal-20000-Puffs-Double-Flavour-Digital-Screen-2-Low-Nicotine-Original-Factory-18-scaled.webp\" alt=\"VAPME Crystal 20000 Puffs Dvojni Profil Digitalni Zaslon 2% Mo\u010d Originalna Tovarna Nakup Vrazljivega Zamenljivega Vape Pero na Debelo\" width=\"2560\" height=\"1435\" title=\"\" srcset=\"https:\/\/vapexyz.com\/wp-content\/uploads\/2024\/11\/VAPME-Crystal-20000-Puffs-Double-Flavour-Digital-Screen-2-Low-Nicotine-Original-Factory-18-scaled.webp 2560w, https:\/\/vapexyz.com\/wp-content\/uploads\/2024\/11\/VAPME-Crystal-20000-Puffs-Double-Flavour-Digital-Screen-2-Low-Nicotine-Original-Factory-18-500x280.webp 500w, https:\/\/vapexyz.com\/wp-content\/uploads\/2024\/11\/VAPME-Crystal-20000-Puffs-Double-Flavour-Digital-Screen-2-Low-Nicotine-Original-Factory-18-1024x574.webp 1024w, https:\/\/vapexyz.com\/wp-content\/uploads\/2024\/11\/VAPME-Crystal-20000-Puffs-Double-Flavour-Digital-Screen-2-Low-Nicotine-Original-Factory-18-768x430.webp 768w, https:\/\/vapexyz.com\/wp-content\/uploads\/2024\/11\/VAPME-Crystal-20000-Puffs-Double-Flavour-Digital-Screen-2-Low-Nicotine-Original-Factory-18-1536x861.webp 1536w, https:\/\/vapexyz.com\/wp-content\/uploads\/2024\/11\/VAPME-Crystal-20000-Puffs-Double-Flavour-Digital-Screen-2-Low-Nicotine-Original-Factory-18-2048x1148.webp 2048w, https:\/\/vapexyz.com\/wp-content\/uploads\/2024\/11\/VAPME-Crystal-20000-Puffs-Double-Flavour-Digital-Screen-2-Low-Nicotine-Original-Factory-18-18x10.webp 18w, https:\/\/vapexyz.com\/wp-content\/uploads\/2024\/11\/VAPME-Crystal-20000-Puffs-Double-Flavour-Digital-Screen-2-Low-Nicotine-Original-Factory-18-600x336.webp 600w\" sizes=\"auto, (max-width: 2560px) 100vw, 2560px\" \/><\/h2>\n<\/article>","protected":false},"excerpt":{"rendered":"<p>VAPME CRYSTAL 20000 Puffs je vrhunski ponovno polnjen pokrov\u010dek za vaping, ki ponuja impresivno zmogljivost ve\u010d kot 20.000 vdihov, velikodu\u0161no 20ml zmogljivost in inovativno dvojno izku\u0161njo okusa, zaradi \u010desar je idealna izbira tako za prilo\u017enostne kot izku\u0161ene vaperje.<\/p>","protected":false},"featured_media":37241,"comment_status":"open","ping_status":"closed","template":"","meta":{"_lmt_disableupdate":"no","_lmt_disable":""},"product_brand":[],"product_cat":[856,1002,1018,947,1019,1020,935,934,927,929,928,930,933,939,932,938,931,936,937,1017,1021,1022,948,949,946,1023,1024,1025,1026,1027,951,1029,1031,1032,1033,1034,1035,953,1037,987,1038],"product_tag":[],"class_list":{"0":"post-37236","1":"product","2":"type-product","3":"status-publish","4":"has-post-thumbnail","6":"product_cat-vapme","7":"product_cat-20000-puff-vapes","8":"product_cat-apple-flavor-disposable-vapes","9":"product_cat-big-puffs-vapes","10":"product_cat-blue-razz-flavor-disposable-vapes","11":"product_cat-blueberry-flavor-disposable-vapes","12":"product_cat-bulk-buy-disposable-vapes-in-austria","13":"product_cat-bulk-buy-disposable-vapes-in-belgium","14":"product_cat-bulk-buy-disposable-vapes-in-europe","15":"product_cat-bulk-buy-disposable-vapes-in-france","16":"product_cat-bulk-buy-disposable-vapes-in-germany","17":"product_cat-bulk-buy-disposable-vapes-in-italy","18":"product_cat-bulk-buy-disposable-vapes-in-netherlands","19":"product_cat-bulk-buy-disposable-vapes-in-norway","20":"product_cat-bulk-buy-disposable-vapes-in-poland","21":"product_cat-bulk-buy-disposable-vapes-in-portugal","22":"product_cat-bulk-buy-disposable-vapes-in-spain","23":"product_cat-bulk-buy-disposable-vapes-in-sweden","24":"product_cat-bulk-buy-disposable-vapes-in-switzerland","25":"product_cat-buy-best-disposable-vape-flavors","26":"product_cat-cherry-flavor-disposable-vapes","27":"product_cat-cola-flavor-disposable-vapes","28":"product_cat-crystal-vapes","29":"product_cat-digital-box-vapes","30":"product_cat-disposable-vapes-series","31":"product_cat-grape-flavor-disposable-vapes","32":"product_cat-guava-flavor-disposable-vapes","33":"product_cat-ice-flavor-disposable-vapes","34":"product_cat-kiwi-flavor-disposable-vapes","35":"product_cat-lemon-flavor-disposable-vapes","36":"product_cat-lower-nicotine-vapes","37":"product_cat-mango-flavor-disposable-vapes","38":"product_cat-mixed-berries-flavor-disposable-vapes","39":"product_cat-passion-fruit-flavor-disposable-vapes","40":"product_cat-peach-flavor-disposable-vapes","41":"product_cat-pineapple-flavor-disposable-vapes","42":"product_cat-raspberry-flavor-disposable-vapes","43":"product_cat-rechargeable-vapes","44":"product_cat-strawberry-flavor-disposable-vapes","45":"product_cat-vape-shop-by-puffs","46":"product_cat-watermelon-flavor-disposable-vapes","48":"first","49":"instock","50":"shipping-taxable","51":"purchasable","52":"product-type-variable","53":"has-default-attributes"},"jetpack_sharing_enabled":true,"tiered_pricing_type":"fixed","tiered_pricing_fixed_rules":[],"tiered_pricing_product_settings":{"layout":"default","base_unit_name":{"singular":null,"plural":null},"default_variation":null},"tiered_pricing_minimum_quantity":null,"tiered_pricing_roles_data":[],"tiered_pricing_percentage_rules":[],"tiered_pricing_maximum_quantity":null,"tiered_pricing_quantity_step":null,"_links":{"self":[{"href":"https:\/\/vapexyz.com\/sl\/wp-json\/wp\/v2\/product\/37236","targetHints":{"allow":["GET"]}}],"collection":[{"href":"https:\/\/vapexyz.com\/sl\/wp-json\/wp\/v2\/product"}],"about":[{"href":"https:\/\/vapexyz.com\/sl\/wp-json\/wp\/v2\/types\/product"}],"replies":[{"embeddable":true,"href":"https:\/\/vapexyz.com\/sl\/wp-json\/wp\/v2\/comments?post=37236"}],"wp:featuredmedia":[{"embeddable":true,"href":"https:\/\/vapexyz.com\/sl\/wp-json\/wp\/v2\/media\/37241"}],"wp:attachment":[{"href":"https:\/\/vapexyz.com\/sl\/wp-json\/wp\/v2\/media?parent=37236"}],"wp:term":[{"taxonomy":"product_brand","embeddable":true,"href":"https:\/\/vapexyz.com\/sl\/wp-json\/wp\/v2\/product_brand?post=37236"},{"taxonomy":"product_cat","embeddable":true,"href":"https:\/\/vapexyz.com\/sl\/wp-json\/wp\/v2\/product_cat?post=37236"},{"taxonomy":"product_tag","embeddable":true,"href":"https:\/\/vapexyz.com\/sl\/wp-json\/wp\/v2\/product_tag?post=37236"}],"curies":[{"name":"wp","href":"https:\/\/api.w.org\/{rel}","templated":true}]}}