{"id":31524,"date":"2024-08-21T14:08:50","date_gmt":"2024-08-21T14:08:50","guid":{"rendered":"https:\/\/vapexyz.com\/?post_type=product&#038;p=31524"},"modified":"2026-03-03T03:47:00","modified_gmt":"2026-03-03T03:47:00","slug":"aivono-aim-xxl-9000-vpihov-0-2-3-5-nakup-v-velikem-obsegu-nizko-nikotinsko-polnilno-pero-za-enkratno-uporabo-na-debelo","status":"publish","type":"product","link":"https:\/\/vapexyz.com\/sl\/product\/aivono-aim-xxl-9000-puffs-0-2-3-5-bulk-buy-low-nicotine-rechargeable-disposable-vapes-pen-wholesale\/","title":{"rendered":"AIVONO AIM XXL 9000 Puffs Bulk Nakup Ponovno Polnjenje Enkratno Uporabni Vape Veleprodaja"},"content":{"rendered":"<article style=\"font-family: -apple-system, BlinkMacSystemFont, 'Segoe UI', Roboto, Helvetica, Arial, sans-serif; line-height: 1.8; color: #333333; max-width: 100%; margin: 0 auto; padding: 20px;\">\n<div style=\"background-color: #f8fafc; border-radius: 8px; padding: 25px; margin-bottom: 30px; border-left: 6px solid #2563eb;\">\n<h2 style=\"margin-top: 0; color: #1e3a8a; font-size: 1.5rem;\">Dobrodo\u0161li v VapeXYZ: Va\u0161 zaupani globalni distributer<\/h2>\n<p style=\"margin-bottom: 15px;\">Dobrodo\u0161li v VapeXYZ, va\u0161em ultimativnem spletnem sredi\u0161\u010du za vse, kar je povezano z enkratnimi vapeji. Veselimo se, da vam predstavimo svet vrhunskih blagovnih znamk, kot so BANG BOX, WASPE, UWIN, BIMO, RandM, BANG, VOZOL, Elf Box, MYDE in \u0161e ve\u010d. Z ve\u010d kot 8 leti dokumentiranih izku\u0161enj v industriji \u0161irimo veselje do vapinga po vsem svetu in utrjujemo na\u0161o infrastrukturo kot va\u0161ega zaupanja vrednega partnerja za vse va\u0161e potrebe po enkratnih vapejih.<\/p>\n<p style=\"margin-bottom: 0;\">Djelujemo kot profesionalni B2B veletrgovec na debelo. Ponujamo premium blagovne znamke za enkratno uporabo vape izdelkov po zelo konkuren\u010dnih cenah, pri \u010demer ohranjamo dostopno minimalno koli\u010dino naro\u010dila (MOQ) samo 10 kosov. S pomo\u010djo na\u0161e platforme boste izvorili najbolj zanesljive vape naprave za enkratno uporabo na trgu, neposredno iz proizvodnih sredi\u0161\u010d. Naro\u010dite od 10 kosov in izkoristite razscaljeno veletrgovsko ceno. Smo dokon\u010dni trgovec z vape izdelki za enkratno uporabo, ki ponuja fleksibilnost nizke MOQ skupaj s storitvijo izpolnitve na ravni podjetja.<\/p>\n<\/div>\n<div style=\"width: 720px;\" class=\"wp-video\"><video class=\"wp-video-shortcode\" id=\"video-31524-1\" width=\"720\" height=\"1264\" preload=\"metadata\" controls=\"controls\"><source type=\"video\/mp4\" src=\"https:\/\/vapexyz.com\/wp-content\/uploads\/2024\/08\/AIVONO-AIM-XXL-9000-Puff-1.mp4?_=1\" \/><a href=\"https:\/\/vapexyz.com\/wp-content\/uploads\/2024\/08\/AIVONO-AIM-XXL-9000-Puff-1.mp4\">https:\/\/vapexyz.com\/wp-content\/uploads\/2024\/08\/AIVONO-AIM-XXL-9000-Puff-1.mp4<\/a><\/video><\/div>\n<h2 style=\"color: #111827; font-size: 2rem; border-bottom: 2px solid #e5e7eb; padding-bottom: 10px; margin-top: 40px;\">AIVONO AIM XXL 9000 Puffs: In\u017eenirska odli\u010dnost v uporabenih vapejih<\/h2>\n<p style=\"font-size: 1.1rem; margin-bottom: 20px;\">Zpoznajte AIVONO AIM XXL 9000 Puffs, visoko in\u017eenirsko zasnovan disposable vape, ki je trenutno na voljo za veleprodajni nakup na Vapexyz. Ta stroj je sistemati\u010dno konstruiran za optimizacijo va\u0161ih izku\u0161enj. Integruje napredno toplotno dinamiko s precej\u0161nimi zmogljivostmi formulacije, zaradi \u010desar je popolnoma kalibriran instrument tako za za\u010detnike kot za izku\u0161ene uporabnike, ki i\u0161\u010dejo zanesljivo strojno opremo.<\/p>\n<h3 style=\"color: #1f2937; font-size: 1.5rem; margin-top: 30px;\">Empiri\u010dni kazalniki uspe\u0161nosti in neodvisna potrditev<\/h3>\n<p style=\"margin-bottom: 20px;\">Za razliko od standardnih potro\u0161ni\u0161kih naprav, ki se zana\u0161ajo na posplo\u0161ene trditve, je AIVONO AIM XXL podvr\u017een rigorozni analiti\u010dni oceni. Pri strojno simuliranem testiranju vleka na podlagi mednarodno priznanih standardiziranih pnevmatskih protokolov (kot je na primer 55 mL volumna vleka, izveden v 3-sekundnem trajanju), ta naprava dosledno dokazuje sposobnost doseganja dolo\u010denega praga 9000 vlekov. Integrirana 650 mAh mo\u010dnostna celica je bila podvr\u017eena ve\u010dcikli\u010dnemu obremenitvenemu testiranju, ki je potrdilo, da njen izhod ostaja stabilen skozi celoten ciklus izpraznitve 19 mL rezervoarja. Nadalje, termografsko slikanje 1,2 \u03a9 mre\u017easte strukture potrjuje enakomerno porazdelitev toplote po grelni matriki, prakti\u010dno odpravlja toplotne skoke in zagotavlja visoko konsistentno generiranje aerosola od prvega aktiviranja do zadnjega.<\/p>\n<h3 style=\"color: #1f2937; font-size: 1.5rem; margin-top: 30px;\">Tehni\u010dne specifikacije in in\u017eenirska raz\u010dlenitev<\/h3>\n<p style=\"margin-bottom: 20px;\">Vsak parameter tega za enkratno uporabo primernega vape-ja je bil optimiziran za u\u010dinkovitost in skladnost. Spodaj je tehni\u010dna raz\u010dlenitev, ki orisuje preverljive specifikacije strojne opreme:<\/p>\n<table style=\"width: 100%; border-collapse: collapse; margin: 25px 0; font-size: 1rem; box-shadow: 0 4px 6px rgba(0, 0, 0, 0.1); background-color: #ffffff; border-radius: 8px; overflow: hidden;\">\n<thead>\n<tr>\n<th style=\"background-color: #2563eb; color: #ffffff; text-align: left; padding: 15px; font-weight: 600;\">Tehni\u010dna komponenta<\/th>\n<th style=\"background-color: #2563eb; color: #ffffff; text-align: left; padding: 15px; font-weight: 600;\">Specifikacija \/ Meritev<\/th>\n<th style=\"background-color: #2563eb; color: #ffffff; text-align: left; padding: 15px; font-weight: 600;\">In\u017eenirska prednost<\/th>\n<\/tr>\n<\/thead>\n<tbody>\n<tr style=\"border-bottom: 1px solid #e5e7eb;\">\n<td style=\"padding: 15px; font-weight: 500;\">Najve\u010dja zmogljivost \u010drpanja<\/td>\n<td style=\"padding: 15px;\">9000 aktivacij<\/td>\n<td style=\"padding: 15px;\">Podalj\u0161ana operativna \u017eivljenjska doba zmanj\u0161uje pogostost zamenjave.<\/td>\n<\/tr>\n<tr style=\"background-color: #f9fafb; border-bottom: 1px solid #e5e7eb;\">\n<td style=\"padding: 15px; font-weight: 500;\">Prostornina rezervoarja<\/td>\n<td style=\"padding: 15px;\">19 mL formulacija<\/td>\n<td style=\"padding: 15px;\">Visokokapacitetna notranja shramba, ki zagotavlja neprekinjeno uporabo.<\/td>\n<\/tr>\n<tr style=\"border-bottom: 1px solid #e5e7eb;\">\n<td style=\"padding: 15px; font-weight: 500;\">Arhitektura energetskih celic<\/td>\n<td style=\"padding: 15px;\">650mAh za ponovno polnjenje<\/td>\n<td style=\"padding: 15px;\">U\u010dinkovitost litij-ionskih baterij v kombinaciji s hitrim vhodom Type-C za nizko izpadanje.<\/td>\n<\/tr>\n<tr style=\"background-color: #f9fafb; border-bottom: 1px solid #e5e7eb;\">\n<td style=\"padding: 15px; font-weight: 500;\">Grelnik Matrix<\/td>\n<td style=\"padding: 15px;\">1,2\u03a9 Napredna mre\u017ea<\/td>\n<td style=\"padding: 15px;\">Pove\u010dana povr\u0161ina za optimalno termodinami\u010dno u\u010dinkovitost in gladek vdih.<\/td>\n<\/tr>\n<tr style=\"border-bottom: 1px solid #e5e7eb;\">\n<td style=\"padding: 15px; font-weight: 500;\">Fizikalne dimenzije<\/td>\n<td style=\"padding: 15px;\">50 mm x 86 mm x 25 mm<\/td>\n<td style=\"padding: 15px;\">Ergonomsko, v \u017eepu prijazno strukturno zasnovo.<\/td>\n<\/tr>\n<tr style=\"background-color: #f9fafb;\">\n<td style=\"padding: 15px; font-weight: 500;\">Alkaloidne mo\u010di<\/td>\n<td style=\"padding: 15px;\">0%, 2%, 3% ali 5%<\/td>\n<td style=\"padding: 15px;\">Vsestranske ve\u010dstopenjske mo\u017enosti, ki zadovoljujejo stroge regionalne zahteve in uporabni\u0161ke preference.<\/td>\n<\/tr>\n<\/tbody>\n<\/table>\n<h3 style=\"color: #1f2937; font-size: 1.5rem; margin-top: 40px;\">\u010cutni Asortiment: Podroben Raz\u010dlenitev Profila<\/h3>\n<p style=\"margin-bottom: 20px;\">AIVONO AIM XXL je na voljo v izbirnem nizu senzori\u010dnih profilov. Vsaka me\u0161anica je bila formulirana z uporabo aromati\u010dnih spojin visoke \u010distosti, da se zagotovi konsistenca od prvega aktiviranja do iz\u010drpanja 19 mL rezervoarja. Tukaj je analiti\u010dni raz\u010dlenitev razpolo\u017eljivih izbir:<\/p>\n<div style=\"display: grid; grid-template-columns: repeat(auto-fit, minmax(300px, 1fr)); gap: 20px; margin-bottom: 30px;\">\n<div style=\"background: #ffffff; border: 1px solid #e5e7eb; padding: 15px; border-radius: 8px; box-shadow: 0 2px 4px rgba(0,0,0,0.05);\"><strong style=\"color: #be123c; display: block; margin-bottom: 5px;\">Jagodna lubenica<\/strong><br \/>\n<span style=\"color: #4b5563;\">Harmonizirana me\u0161anica, ki zdru\u017euje naravno sladkost zrelih jagod s hrustasto, osve\u017eujo\u010do bistvo poletne lubenice.<\/span><\/div>\n<div style=\"background: #ffffff; border: 1px solid #e5e7eb; padding: 15px; border-radius: 8px; box-shadow: 0 2px 4px rgba(0,0,0,0.05);\"><strong style=\"color: #eab308; display: block; margin-bottom: 5px;\">Pineapple Coconut Ice Cream<\/strong><br \/>\n<span style=\"color: #4b5563;\">Tropska ekspedicija s pikantnimi notami ananasa, kombiniranimi s kremastim kokosovim dnom, zaklju\u010dena s preciznim hladilnim u\u010dinkom.<\/span><\/div>\n<div style=\"background: #ffffff; border: 1px solid #e5e7eb; padding: 15px; border-radius: 8px; box-shadow: 0 2px 4px rgba(0,0,0,0.05);\"><strong style=\"color: #15803d; display: block; margin-bottom: 5px;\">Mint Mojito<\/strong><br \/>\n<span style=\"color: #4b5563;\">Popolnoma uravnote\u017een botani\u010dni profil, ki ponuja hrustljave liste mete, strate\u0161ko kombinirane z pikantnim citrusnim limoninim podtonom.<\/span><\/div>\n<div style=\"background: #ffffff; border: 1px solid #e5e7eb; padding: 15px; border-radius: 8px; box-shadow: 0 2px 4px rgba(0,0,0,0.05);\"><strong style=\"color: #6d28d9; display: block; margin-bottom: 5px;\">Grozdja \u010crni ribez<\/strong><br \/>\n<span style=\"color: #4b5563;\">Robustna sinteza temnih, na trti dozorelih grozdnih soka, poudarjena s \u0161karjastim, kislim robom naravnih ekstraktov \u010drne ribezije.<\/span><\/div>\n<div style=\"background: #ffffff; border: 1px solid #e5e7eb; padding: 15px; border-radius: 8px; box-shadow: 0 2px 4px rgba(0,0,0,0.05);\"><strong style=\"color: #9333ea; display: block; margin-bottom: 5px;\">Me\u0161ano jagodi\u010dje<\/strong><br \/>\n<span style=\"color: #4b5563;\">Zapleteno slojevit izbor sladkih in kislih jagod, ki zagotavlja ve\u010ddimenzionalno \u010dutno izku\u0161njo.<\/span><\/div>\n<div style=\"background: #ffffff; border: 1px solid #e5e7eb; padding: 15px; border-radius: 8px; box-shadow: 0 2px 4px rgba(0,0,0,0.05);\"><strong style=\"color: #f97316; display: block; margin-bottom: 5px;\">Ananas Mango Breskev<\/strong><br \/>\n<span style=\"color: #4b5563;\">Kompleksna trojka tropskih in sadovnjakovskih sadov, ki v enakih dele\u017eih dostavlja svetle note manga, hrustljave note breskve in ostre note ananasa.<\/span><\/div>\n<div style=\"background: #ffffff; border: 1px solid #e5e7eb; padding: 15px; border-radius: 8px; box-shadow: 0 2px 4px rgba(0,0,0,0.05);\"><strong style=\"color: #ef4444; display: block; margin-bottom: 5px;\">Sladoled iz lubenice<\/strong><br \/>\n<span style=\"color: #4b5563;\">Sladka, kremasta osnova lubenice, ki jo dviguje izrazita, zmrzalno hladna izdihljaj za pomirjajo\u010d zaklju\u010dek.<\/span><\/div>\n<div style=\"background: #ffffff; border: 1px solid #e5e7eb; padding: 15px; border-radius: 8px; box-shadow: 0 2px 4px rgba(0,0,0,0.05);\"><strong style=\"color: #3b82f6; display: block; margin-bottom: 5px;\">Modri malinov sladoled<\/strong><br \/>\n<span style=\"color: #4b5563;\">Nostalgi\u010den, pikanten profil modre maline, izravnan s hladnim, kremastim podtonom.<\/span><\/div>\n<div style=\"background: #ffffff; border: 1px solid #e5e7eb; padding: 15px; border-radius: 8px; box-shadow: 0 2px 4px rgba(0,0,0,0.05);\"><strong style=\"color: #1d4ed8; display: block; margin-bottom: 5px;\">Borovni\u010dev sladoled<\/strong><br \/>\n<span style=\"color: #4b5563;\">Bogat, gozdnat vonj po borovnicah dopolnjuje hladilni, zmrzaljeni podton, ki ohranja \u010distost skozi celotno uporabo.<\/span><\/div>\n<div style=\"background: #ffffff; border: 1px solid #e5e7eb; padding: 15px; border-radius: 8px; box-shadow: 0 2px 4px rgba(0,0,0,0.05);\"><strong style=\"color: #9f1239; display: block; margin-bottom: 5px;\">\u010ce\u0161njeva dinja<\/strong><br \/>\n<span style=\"color: #4b5563;\">Nenavadna, a zelo uspe\u0161na kombinacija globokih, sladkih \u010de\u0161enj z bla\u017eenimi, osve\u017eujo\u010dimi toni melone iz kantalupe.<\/span><\/div>\n<\/div>\n<h3 style=\"color: #1f2937; font-size: 1.5rem; margin-top: 40px;\">Proizvodni organ &amp; Globalni standardi skladnosti<\/h3>\n<p style=\"margin-bottom: 20px;\">Nakupovanje za enkratno uporabo vape izdelkov za veleprodajne distribucije zahteva strogo upo\u0161tevanje mednarodnih varnostnih in proizvodnih protokolov. VapeXYZ izklju\u010dno sodeluje s proizvodnimi obrati, ki izvajajo sisteme upravljanja kakovosti, certificirane po standardu ISO 9001. AIVONO AIM XXL je zasnovan z upo\u0161tevanjem teh strogih standardov, kar zagotavlja, da lahko kupci B2B z zagotovljenostjo distribuirajo.<\/p>\n<div style=\"background-color: #f0fdf4; border: 1px solid #bbf7d0; border-left: 6px solid #16a34a; padding: 20px; margin: 25px 0; border-radius: 6px;\">\n<h4 style=\"margin-top: 0; color: #166534; font-size: 1.2rem; margin-bottom: 15px;\">Preverjene to\u010dke skladnosti in varnosti<\/h4>\n<ul style=\"margin: 0; padding-left: 20px; color: #15803d; line-height: 1.7;\">\n<li style=\"margin-bottom: 10px;\"><strong>Varnost baterije (UN38.3):<\/strong> Notranja 650mAh mo\u010dnostna celica izpolnjuje transportne standarde UN38.3, kar pomeni, da je opravila stroge preizkuse na nadmorski vi\u0161ini, toplotne, vibracijske in udarne obremenitve, da bi prepre\u010dila toplotni beg.<\/li>\n<li style=\"margin-bottom: 10px;\"><strong>Uskladitev direktive RoHS:<\/strong> Komponente, uporabljene pri izdelavi te strojne opreme, so zasnovane tako, da omejujejo uporabo specifi\u010dnih nevarnih materialov ter tako \u010dim bolj zmanj\u0161ujejo vpliv na okolje pri morebitnem odlaganju.<\/li>\n<li style=\"margin-bottom: 10px;\"><strong>Ozna\u010dba CE - na\u010dela:<\/strong> Proizvedeno v skladu z evropskimi usklajenimi standardi za zdravje, varnost in okoljsko za\u0161\u010dito.<\/li>\n<li style=\"margin-bottom: 0;\"><strong>Zagotavljanje kakovosti:<\/strong> Vsaka serija gre skozi pnevmatsko presku\u0161anje odpornosti na vle\u010denje in preverjanje zra\u010dnosoti pod tlakom, preden zapusti proizvodno linijo, kar zmanj\u0161uje stopnje okvarjenih izdelkov za veleprodajne kupce.<\/li>\n<\/ul>\n<\/div>\n<h3 style=\"color: #1f2937; font-size: 1.5rem; margin-top: 40px;\">Odli\u010dnost veleprodajne distribucije: Kupite AIVONO AIM XXL 9000 Puffs v mno\u017eini<\/h3>\n<p style=\"margin-bottom: 20px;\">Trgovci, distributerji in podjetja lahko brez te\u017eav kupijo AIVONO AIM XXL 9000 Puffs v komercialnih koli\u010dinah izklju\u010dno prek Vapexyz. Izbira te naprave zagotavlja, da va\u0161i stranke prejmejo visoko in\u017eenirsko opremo, za katero so zna\u010dilne visoko donosne zmogljivosti in natan\u010dno kalibrirani aromi. Poleg tega sprejemamo prilagojene zahteve za proizvodnjo; \u010de va\u0161e podjetje zahteva uporabo prilagojenega logotipa ali posebne estetske spremembe, je na\u0161a infrastruktura OEM\/ODM v celoti opremljena za izpolnitev teh potreb.<\/p>\n<p style=\"margin-bottom: 30px;\">AIVONO AIM XXL 9000 Puffs predstavlja vrhunec na podro\u010dju za enkratno uporabo vape naprav, ki zdru\u017euje ogromno zmogljivost vleke s stabilno toplotno strojno opremo in ergonomska \u0161asija. Ne glede na to, ali \u0161irite svojo osebno zbirko ali dopolnjujete maloprodajne zaloge z visokim obsegom, ta oprema ponuja preverljivo zanesljivost. Izkusite industrijsko zmogljivost iz prve roke in razumejte, zakaj vodilni distributerji po vsem svetu vklju\u010dujejo to napravo v svoje osnovne zaloge.<\/p>\n<div style=\"text-align: center; margin: 40px 0;\"><img loading=\"lazy\" decoding=\"async\" class=\"alignnone wp-image-31590 size-full\" style=\"max-width: 100%; height: auto; border-radius: 8px; box-shadow: 0 4px 15px rgba(0,0,0,0.1);\" src=\"https:\/\/vapexyz.com\/wp-content\/uploads\/2024\/08\/AIVONO-AIM-XXL-9000-Puff-15-scaled.webp\" alt=\"AIVONO AIM XXL 9000 Puffs 0% 2% 3% 5% Nakup v velikih koli\u010dinah Ponovno polnijo\u010de se Vape Pero za enkratno uporabo Trgovina na debelo\" width=\"2560\" height=\"1131\" title=\"\" srcset=\"https:\/\/vapexyz.com\/wp-content\/uploads\/2024\/08\/AIVONO-AIM-XXL-9000-Puff-15-scaled.webp 2560w, https:\/\/vapexyz.com\/wp-content\/uploads\/2024\/08\/AIVONO-AIM-XXL-9000-Puff-15-500x221.webp 500w, https:\/\/vapexyz.com\/wp-content\/uploads\/2024\/08\/AIVONO-AIM-XXL-9000-Puff-15-1024x453.webp 1024w, https:\/\/vapexyz.com\/wp-content\/uploads\/2024\/08\/AIVONO-AIM-XXL-9000-Puff-15-768x339.webp 768w, https:\/\/vapexyz.com\/wp-content\/uploads\/2024\/08\/AIVONO-AIM-XXL-9000-Puff-15-1536x679.webp 1536w, https:\/\/vapexyz.com\/wp-content\/uploads\/2024\/08\/AIVONO-AIM-XXL-9000-Puff-15-2048x905.webp 2048w, https:\/\/vapexyz.com\/wp-content\/uploads\/2024\/08\/AIVONO-AIM-XXL-9000-Puff-15-18x8.webp 18w, https:\/\/vapexyz.com\/wp-content\/uploads\/2024\/08\/AIVONO-AIM-XXL-9000-Puff-15-600x265.webp 600w\" sizes=\"auto, (max-width: 2560px) 100vw, 2560px\" \/><\/div>\n<div style=\"text-align: center; margin: 40px 0;\"><img loading=\"lazy\" decoding=\"async\" class=\"alignnone wp-image-31583 size-full\" style=\"max-width: 100%; height: auto; border-radius: 8px; box-shadow: 0 4px 15px rgba(0,0,0,0.1);\" src=\"https:\/\/vapexyz.com\/wp-content\/uploads\/2024\/08\/AIVONO-AIM-XXL-9000-Puff-6.webp\" alt=\"AIVONO AIM XXL 9000 Puffs 0% 2% 3% 5% Nakup v velikih koli\u010dinah Ponovno polnijo\u010de se Vape Pero za enkratno uporabo Trgovina na debelo\" width=\"600\" height=\"800\" title=\"\" srcset=\"https:\/\/vapexyz.com\/wp-content\/uploads\/2024\/08\/AIVONO-AIM-XXL-9000-Puff-6.webp 600w, https:\/\/vapexyz.com\/wp-content\/uploads\/2024\/08\/AIVONO-AIM-XXL-9000-Puff-6-375x500.webp 375w, https:\/\/vapexyz.com\/wp-content\/uploads\/2024\/08\/AIVONO-AIM-XXL-9000-Puff-6-9x12.webp 9w\" sizes=\"auto, (max-width: 600px) 100vw, 600px\" \/><\/div>\n<h3 style=\"color: #1f2937; font-size: 1.5rem; margin-top: 50px; border-top: 1px solid #e5e7eb; padding-top: 20px;\">Pogosto zastavljena vpra\u0161anja (FAQ)<\/h3>\n<div style=\"margin-top: 20px;\">\n<details style=\"margin-bottom: 15px; background-color: #ffffff; border: 1px solid #cbd5e1; border-radius: 8px; overflow: hidden; box-shadow: 0 2px 4px rgba(0,0,0,0.05);\">\n<summary style=\"font-weight: 600; cursor: pointer; padding: 15px; background-color: #f8fafc; color: #0f172a; outline: none; list-style-type: none; position: relative;\"><span style=\"display: inline-block; width: 24px; color: #3b82f6;\">Vpra\u0161anje:<\/span> Kako je 9000-\u010drtna zmogljivost empiri\u010dno preverjena?<\/summary>\n<div style=\"padding: 15px; border-top: 1px solid #cbd5e1; color: #475569;\"><strong>A:<\/strong> Meritev 9000 vdihov je potrjena s presku\u0161anjem v laboratoriju z uporabo standardizirane pnevmatske opreme. Stroj izvede enoten 3-sekundni vdih pri standardnem atmosferskem tlaku. Posamezni rezultati se lahko nekoliko razlikujejo glede na trajanje osebnega vdihovanja in okolno temperaturo, vendar 19 mL rezervoar zagotavlja, da so navedeni omejitvi strojne opreme dosledno dosegljivi.<\/div>\n<\/details>\n<details style=\"margin-bottom: 15px; background-color: #ffffff; border: 1px solid #cbd5e1; border-radius: 8px; overflow: hidden; box-shadow: 0 2px 4px rgba(0,0,0,0.05);\">\n<summary style=\"font-weight: 600; cursor: pointer; padding: 15px; background-color: #f8fafc; color: #0f172a; outline: none; list-style-type: none;\"><span style=\"display: inline-block; width: 24px; color: #3b82f6;\">Vpra\u0161anje:<\/span> Katera je optimalna metoda za ponovno polnjenje 650mAh napajalnega elementa?<\/summary>\n<div style=\"padding: 15px; border-top: 1px solid #cbd5e1; color: #475569;\"><strong>A:<\/strong> Da bi ohranili zdravje baterije, je priporo\u010dljivo napravo polniti z uporabo standardnega kabla Type-C, povezanega s stenskim adapterjem 1A ali 2A. Izogibajte se uporabi hitrih polnilcev z visoko napetostjo, namenjenih za prenosnike, saj polnjenje z ni\u017ejo jakostjo toka ohrani dolgo \u017eivljenjsko dobo in toplotno stabilnost notranjih litij-ionskih celic.<\/div>\n<\/details>\n<details style=\"margin-bottom: 15px; background-color: #ffffff; border: 1px solid #cbd5e1; border-radius: 8px; overflow: hidden; box-shadow: 0 2px 4px rgba(0,0,0,0.05);\">\n<summary style=\"font-weight: 600; cursor: pointer; padding: 15px; background-color: #f8fafc; color: #0f172a; outline: none; list-style-type: none;\"><span style=\"display: inline-block; width: 24px; color: #3b82f6;\">Vpra\u0161anje:<\/span> Ali VapeXYZ zagotavlja ustrezno regulativno dokumentacijo za veleprodajne vapes za enkratno uporabo?<\/summary>\n<div style=\"padding: 15px; border-top: 1px solid #cbd5e1; color: #475569;\"><strong>A:<\/strong> Da, kot profesionalni B2B distributer, vzdr\u017eujemo strogo transparentnost v dobavni verigi. Sodelujemo s proizvajalci, ki zagotavljajo certifikate CE, RoHS in UN38.3 za baterije, kar zagotavlja, da veleprodajni kupci prejmejo skladne zaloge, pripravljene za prodajo v pravilno urejenih trgih.<\/div>\n<\/details>\n<details style=\"margin-bottom: 15px; background-color: #ffffff; border: 1px solid #cbd5e1; border-radius: 8px; overflow: hidden; box-shadow: 0 2px 4px rgba(0,0,0,0.05);\">\n<summary style=\"font-weight: 600; cursor: pointer; padding: 15px; background-color: #f8fafc; color: #0f172a; outline: none; list-style-type: none;\"><span style=\"display: inline-block; width: 24px; color: #3b82f6;\">Vpra\u0161anje:<\/span> Kako termodinamika mre\u017easte tuljave izbolj\u0161a napravo?<\/summary>\n<div style=\"padding: 15px; border-top: 1px solid #cbd5e1; color: #475569;\"><strong>A:<\/strong> Standardna okrogla \u017ei\u010dna tuljava se neenakomerno segreva od sredine navzven. 1,2\u03a9 mre\u017easta struktura, predstavljena v tem za enkratno uporabo primeru vape, deluje kot \u0161ir\u0161e omre\u017eje, ki enakomerno razpr\u0161i toploto po celotnem vla\u017enem vpojnem materialu. To prakti\u010dno odpravi lokalno izgorevanje, kar ima za posledico izjemno ohranjanje arom in gladko dostavo aerosola.<\/div>\n<\/details>\n<\/div>\n<\/article>","protected":false},"excerpt":{"rendered":"<p>AIVONO AIM XXL 9000 Puffs, ki je na voljo na Vapexyz, je premium ponovno polnijo\u010da se, za enkratno uporabo namenjena vape, ki ponuja do 9000 puffov, raznolike mo\u017enosti okusa in prilagodljive jakosti vape-a, zasnovana za superiorno in dolgotrajno izku\u0161njo vapinga.<\/p>","protected":false},"featured_media":31582,"comment_status":"open","ping_status":"closed","template":"","meta":{"_lmt_disableupdate":"no","_lmt_disable":""},"product_brand":[],"product_cat":[944,1009,1018,1019,1020,935,934,927,929,928,930,933,939,932,938,931,936,937,1017,1021,946,1023,1025,951,1029,1030,1031,1033,1034,953,1037,820,987,1038],"product_tag":[],"class_list":{"0":"post-31524","1":"product","2":"type-product","3":"status-publish","4":"has-post-thumbnail","6":"product_cat-aivono","7":"product_cat-9000-puff-vapes","8":"product_cat-apple-flavor-disposable-vapes","9":"product_cat-blue-razz-flavor-disposable-vapes","10":"product_cat-blueberry-flavor-disposable-vapes","11":"product_cat-bulk-buy-disposable-vapes-in-austria","12":"product_cat-bulk-buy-disposable-vapes-in-belgium","13":"product_cat-bulk-buy-disposable-vapes-in-europe","14":"product_cat-bulk-buy-disposable-vapes-in-france","15":"product_cat-bulk-buy-disposable-vapes-in-germany","16":"product_cat-bulk-buy-disposable-vapes-in-italy","17":"product_cat-bulk-buy-disposable-vapes-in-netherlands","18":"product_cat-bulk-buy-disposable-vapes-in-norway","19":"product_cat-bulk-buy-disposable-vapes-in-poland","20":"product_cat-bulk-buy-disposable-vapes-in-portugal","21":"product_cat-bulk-buy-disposable-vapes-in-spain","22":"product_cat-bulk-buy-disposable-vapes-in-sweden","23":"product_cat-bulk-buy-disposable-vapes-in-switzerland","24":"product_cat-buy-best-disposable-vape-flavors","25":"product_cat-cherry-flavor-disposable-vapes","26":"product_cat-disposable-vapes-series","27":"product_cat-grape-flavor-disposable-vapes","28":"product_cat-ice-flavor-disposable-vapes","29":"product_cat-lower-nicotine-vapes","30":"product_cat-mango-flavor-disposable-vapes","31":"product_cat-mint-flavor-disposable-vapes","32":"product_cat-mixed-berries-flavor-disposable-vapes","33":"product_cat-peach-flavor-disposable-vapes","34":"product_cat-pineapple-flavor-disposable-vapes","35":"product_cat-rechargeable-vapes","36":"product_cat-strawberry-flavor-disposable-vapes","37":"product_cat-vape","38":"product_cat-vape-shop-by-puffs","39":"product_cat-watermelon-flavor-disposable-vapes","41":"first","42":"outofstock","43":"shipping-taxable","44":"purchasable","45":"product-type-variable","46":"has-default-attributes"},"jetpack_sharing_enabled":true,"tiered_pricing_type":"fixed","tiered_pricing_fixed_rules":[],"tiered_pricing_product_settings":{"layout":"default","base_unit_name":{"singular":null,"plural":null},"default_variation":null},"tiered_pricing_minimum_quantity":null,"tiered_pricing_roles_data":[],"tiered_pricing_percentage_rules":[],"tiered_pricing_maximum_quantity":null,"tiered_pricing_quantity_step":null,"_links":{"self":[{"href":"https:\/\/vapexyz.com\/sl\/wp-json\/wp\/v2\/product\/31524","targetHints":{"allow":["GET"]}}],"collection":[{"href":"https:\/\/vapexyz.com\/sl\/wp-json\/wp\/v2\/product"}],"about":[{"href":"https:\/\/vapexyz.com\/sl\/wp-json\/wp\/v2\/types\/product"}],"replies":[{"embeddable":true,"href":"https:\/\/vapexyz.com\/sl\/wp-json\/wp\/v2\/comments?post=31524"}],"wp:featuredmedia":[{"embeddable":true,"href":"https:\/\/vapexyz.com\/sl\/wp-json\/wp\/v2\/media\/31582"}],"wp:attachment":[{"href":"https:\/\/vapexyz.com\/sl\/wp-json\/wp\/v2\/media?parent=31524"}],"wp:term":[{"taxonomy":"product_brand","embeddable":true,"href":"https:\/\/vapexyz.com\/sl\/wp-json\/wp\/v2\/product_brand?post=31524"},{"taxonomy":"product_cat","embeddable":true,"href":"https:\/\/vapexyz.com\/sl\/wp-json\/wp\/v2\/product_cat?post=31524"},{"taxonomy":"product_tag","embeddable":true,"href":"https:\/\/vapexyz.com\/sl\/wp-json\/wp\/v2\/product_tag?post=31524"}],"curies":[{"name":"wp","href":"https:\/\/api.w.org\/{rel}","templated":true}]}}