{"id":30778,"date":"2024-08-16T10:13:05","date_gmt":"2024-08-16T10:13:05","guid":{"rendered":"https:\/\/vapexyz.com\/?post_type=product&#038;p=30778"},"modified":"2026-02-28T15:01:35","modified_gmt":"2026-02-28T15:01:35","slug":"bang-25000-vpihov-0-2-3-5-nizko-nikotinska-kolicina-nakup-peresa-za-enkratno-uporabo-za-ponovno-polnjenje-na-debelo","status":"publish","type":"product","link":"https:\/\/vapexyz.com\/sl\/product\/bang-25000-puffs-0-2-3-5-low-nicotine-bulk-buy-rechargeable-disposable-vapes-pen-wholesale\/","title":{"rendered":"BANG 25000 Puffs Bulk Nakup Ponovno Polnjenje Enkratno Uporabnih Vapov na Veliko"},"content":{"rendered":"<article><div style=\"width: 720px;\" class=\"wp-video\"><video class=\"wp-video-shortcode\" id=\"video-30778-1\" width=\"720\" height=\"1280\" preload=\"metadata\" controls=\"controls\"><source type=\"video\/mp4\" src=\"https:\/\/vapexyz.com\/wp-content\/uploads\/2024\/08\/BANG-25000.mp4?_=1\" \/><a href=\"https:\/\/vapexyz.com\/wp-content\/uploads\/2024\/08\/BANG-25000.mp4\">https:\/\/vapexyz.com\/wp-content\/uploads\/2024\/08\/BANG-25000.mp4<\/a><\/video><\/div>\n<h2 style=\"color: #2c3e50; border-bottom: 2px solid #3498db; padding-bottom: 10px;\">BANG 25000 Puffs: In\u017eenirska odli\u010dnost v visoko zmogljivih, za enkratno uporabo primernih vapejih<\/h2>\n<p>BANG 25000 Puffs predstavlja pomemben skok v evoluciji za enkratno uporabo namenjenih vapeov, ki zdru\u017euje visoko zmogljivost s preciznim in\u017eeniringom. Zasnovan za uporabnike, ki dajejo prednost dolgo\u017eivosti in konsistenci, ta naprava odpravlja potrebo po pogostih zamenjavah in ponuja osupljivo oceno 25.000 pufov. Pri VapeXYZ, s prek 8 letnim specializiranim izku\u0161njami v globalni distribuciji za enkratno uporabo namenjenih vapeov, smo ta model podvrgli strogim notranjim merilom, da bi zagotovili, da izpolnjuje zahteve tako visoko zmogljivih navdu\u0161encev kot tudi veleprodajnih partnerjev.<\/p>\n<p>Ta profesionalno zasnovana naprava je name\u0161\u010dena v robustnem, ergonomske oblikovanem ohi\u0161ju, ki uravnote\u017ea prenosljivost z velikim notranjim rezervoarjem. Z integracijo napredne tehnologije atomizacije z visoko u\u010dinkovitim sistemom za upravljanje energije BANG 25000 zagotavlja enotno izku\u0161njo od prvega aktiviranja do zadnjega. Ne glede na to, ali ste maloprodajni potro\u0161nik ali i\u0161\u010dete nabavo na veliko, ta model predstavlja merilo za zanesljivost na sodobnem trgu.<\/p>\n<div style=\"background-color: #f8f9fa; border-left: 5px solid #3498db; padding: 20px; margin: 20px 0; border-radius: 4px;\">\n<h3 style=\"margin-top: 0; color: #2c3e50;\">Strokovna analiza: Zakaj je zmogljivost pomembna<\/h3>\n<p>V kontekstu sodobne strojne opreme \u201ckapaciteta\u201d ni samo povezana z volumnom; gre za strukturno celovitost notranjih komponent. BANG 25000 uporablja oja\u010dan notranji sistem rezervoarja, ki prepre\u010duje oksidacijo in ohranja \u010distost notranjega medija v dalj\u0161em \u010dasovnem obdobju.  Na\u0161a ekipa pri VapeXYZ je ugotovila, da visoko zmogljivi, za enkratno uporabo namenjeni vapeji znatno zmanj\u0161ajo okoljski odtis na uporabnika z zmanj\u0161anjem pogostosti odstranjevanja baterij in odpadnega pakiranja.<\/p>\n<\/div>\n<h3 style=\"color: #2c3e50;\"><a style=\"text-decoration: none; color: #3498db;\" href=\"https:\/\/vapexyz.com\/sl\/kategorijo-izdelkov\/pok\/\">BANG Disposable Vapes<\/a>: Tehni\u010dne specifikacije in znanost o materialih<\/h3>\n<p>Notranja arhitektura BANG 25000 je zgrajena okoli visoko zmogljive 18350 650mAh kobaltove baterije. Za razliko od standardnih litij-ionskih celic, je 18350 konfiguracija, uporabljena tukaj, optimizirana za toplotno stabilnost med hitrim polnjenjem prek integriranega vmesnika Type-C. To zagotavlja, da lahko naprava izpolnjuje zahteve po mo\u010di sistema 1,0\u03a9 mesh tuljave brez poslab\u0161anja zmogljivosti.<\/p>\n<table style=\"width: 100%; border-collapse: collapse; margin: 25px 0; font-family: sans-serif; box-shadow: 0 0 20px rgba(0,0,0,0.1);\">\n<thead>\n<tr style=\"background-color: #3498db; color: #ffffff; text-align: left; font-weight: bold;\">\n<th style=\"padding: 12px 15px;\">Specifikacija<\/th>\n<th style=\"padding: 12px 15px;\">Tehni\u010dna podrobnost<\/th>\n<\/tr>\n<\/thead>\n<tbody>\n<tr style=\"border-bottom: 1px solid #dddddd;\">\n<td style=\"padding: 12px 15px; font-weight: bold;\">Puff Count<\/td>\n<td style=\"padding: 12px 15px;\">Do 25.000 (standardizirano trajanje vdihavanja)<\/td>\n<\/tr>\n<tr style=\"border-bottom: 1px solid #dddddd; background-color: #f3f3f3;\">\n<td style=\"padding: 12px 15px; font-weight: bold;\">Notranji volumen<\/td>\n<td style=\"padding: 12px 15px;\">25ml natan\u010dno zaprta posoda<\/td>\n<\/tr>\n<tr style=\"border-bottom: 1px solid #dddddd;\">\n<td style=\"padding: 12px 15px; font-weight: bold;\">Baterijska celica<\/td>\n<td style=\"padding: 12px 15px;\">650mAh Ponovno polnijo\u010de 18350 jedro<\/td>\n<\/tr>\n<tr style=\"border-bottom: 1px solid #dddddd; background-color: #f3f3f3;\">\n<td style=\"padding: 12px 15px; font-weight: bold;\">Tip atomizerja<\/td>\n<td style=\"padding: 12px 15px;\">1,0 \u03a9 satenske mre\u017easte tuljava<\/td>\n<\/tr>\n<tr style=\"border-bottom: 1px solid #dddddd;\">\n<td style=\"padding: 12px 15px; font-weight: bold;\">Vmesnik za polnjenje<\/td>\n<td style=\"padding: 12px 15px;\">USB-C (zdru\u017eljiv s hitrim polnjenjem)<\/td>\n<\/tr>\n<tr style=\"border-bottom: 1px solid #dddddd; background-color: #f3f3f3;\">\n<td style=\"padding: 12px 15px; font-weight: bold;\">Aktivne koncentracije<\/td>\n<td style=\"padding: 12px 15px;\">0% | 2% | 3% | 5% mo\u017enosti<\/td>\n<\/tr>\n<\/tbody>\n<\/table>\n<h3 style=\"color: #2c3e50;\">Empiri\u010dna u\u010dinkovitost in validacija<\/h3>\n<p>Na\u0161a tehni\u010dna ekipa je izvedla 14-dnevni stresni test na BANG 25000, da bi potrdila trditve proizvajalca. Z uporabo kontroliranega sistema za vakuumsko \u010drpanje za simulacijo razli\u010dnih vzorcev vdihavanja smo spremljali stabilnost upora tuljave 1,0 \u03a9. Rezultati so pokazali odstopanje manj kot 0,05 \u03a9 v prvih 15.000 vdihih, kar potrjuje, da je mre\u017easti grelni element zasnovan za visoko vzdr\u017eljivost. Poleg tega je stopnja pu\u0161\u010danja ostala pri 0% tudi pod simuliranimi spremembami tlaka, kar je dokaz za superiorno tesnilno tehnologijo, uporabljeno v seriji BANG.<\/p>\n<h3 style=\"color: #2c3e50;\">Vape Veleprodaja: Strate\u0161ka Izbira za B2B Partnerje<\/h3>\n<p>Za trgovce na drobno in distributerje BANG 25000 predstavlja optimizirano SKU (enoto za upravljanje zalog). Glede na njegovo visoko zmogljivost so logisti\u010dni stro\u0161ki na vdih enakomerno ni\u017eji kot pri alternativah 2,0 ml ali 5,0 ml. VapeXYZ to olaj\u0161a z nizko minimalno koli\u010dino naro\u010dila (MOQ) samo 10 kosov, kar manj\u0161im prodajalcem omogo\u010da dostop do tovarni\u0161kih cen brez pretiranih kapitalnih izdatkov.<\/p>\n<div style=\"background-color: #e8f4fd; border: 1px solid #3498db; padding: 20px; border-radius: 8px; margin: 20px 0;\">\n<h4 style=\"margin-top: 0; color: #2980b9;\">Veleprodajni logisti\u010dni podatki:<\/h4>\n<ul style=\"list-style-type: none; padding-left: 0;\">\n<li style=\"margin-bottom: 10px;\">\u2714 Te\u017ea enote: 96g (Natan\u010dno ute\u017eena za natan\u010dnost po\u0161iljanja)<\/li>\n<li style=\"margin-bottom: 10px;\">\u2714 Veliko pakiranje: 200 enot na glavno kartonsko \u0161katlo<\/li>\n<li style=\"margin-bottom: 10px;\">Te\u017ea kartona: Bruto 21,5 kg \/ Neto 20 kg<\/li>\n<li style=\"margin-bottom: 10px;\">\u2714 Pripravljenost OEM\/ODM: Prilagodljivo ozna\u010devanje \u0161asije in prilagajanje koncentracije so na voljo za velike naro\u010dila.<\/li>\n<\/ul>\n<\/div>\n<h3 style=\"color: #2c3e50;\">Izbira aromati\u010dnega profila<\/h3>\n<p>BANG 25000 je skrbno izbran s sofisticirano paleto, zasnovano tako, da ugodi globalnim preferencam. Vsaka mo\u017enost je formulirana z uporabo visoko \u010distih sestavin, kar zagotavlja dosleden senzori\u010dni izku\u0161nje. Uporaba mre\u017easte tuljave pove\u010da povr\u0161ino ogrevalnega procesa, kar rezultira v bolj niansirani in plasti\u010dni dostavi izbranega profila.<\/p>\n<div style=\"display: flex; flex-wrap: wrap; gap: 10px; margin: 20px 0;\"><span style=\"background: #eee; padding: 8px 15px; border-radius: 20px; font-size: 14px;\">Led iz lubenice<\/span><br \/>\n<span style=\"background: #eee; padding: 8px 15px; border-radius: 20px; font-size: 14px;\">Jagodni kivi<\/span><br \/>\n<span style=\"background: #eee; padding: 8px 15px; border-radius: 20px; font-size: 14px;\">Jagodni led<\/span><br \/>\n<span style=\"background: #eee; padding: 8px 15px; border-radius: 20px; font-size: 14px;\">Mango breskev<\/span><br \/>\n<span style=\"background: #eee; padding: 8px 15px; border-radius: 20px; font-size: 14px;\">Borovnica Malina<\/span><br \/>\n<span style=\"background: #eee; padding: 8px 15px; border-radius: 20px; font-size: 14px;\">Borovni\u010deva meta<\/span><br \/>\n<span style=\"background: #eee; padding: 8px 15px; border-radius: 20px; font-size: 14px;\">Me\u0161ano sadje<\/span><br \/>\n<span style=\"background: #eee; padding: 8px 15px; border-radius: 20px; font-size: 14px;\">Jagodna lubenica<\/span><br \/>\n<span style=\"background: #eee; padding: 8px 15px; border-radius: 20px; font-size: 14px;\">Grozdni led<\/span><br \/>\n<span style=\"background: #eee; padding: 8px 15px; border-radius: 20px; font-size: 14px;\">\u017dve\u010dilni gumi iz lubenice<\/span><br \/>\n<span style=\"background: #eee; padding: 8px 15px; border-radius: 20px; font-size: 14px;\">Borovni\u010dev led<\/span><br \/>\n<span style=\"background: #eee; padding: 8px 15px; border-radius: 20px; font-size: 14px;\">Tigrova kri<\/span><\/div>\n<h3 style=\"color: #2c3e50;\">Zakaj izbrati BANG 25000 iz VapeXYZ?<\/h3>\n<p>Kot vodilni organ na podro\u010dju za enkratno uporabo vape izdelkov, VapeXYZ zagotavlja, da vsak izdelek v na\u0161em katalogu ustreza mednarodnim proizvodnim standardom. Na\u0161e dolgoletne povezave z originalnimi proizvajalci opreme (OEM) nam omogo\u010dajo, da preverimo preglednost verige dobave BANG 25000. Prednost dajemo napravam, ki uporabljajo nereciklirane litijeve celice in komponente brez svinca, kar zagotavlja, da je strojna oprema tako varna kot u\u010dinkovita.<\/p>\n<div style=\"background-color: #f9f9f9; padding: 25px; border-radius: 10px; border: 1px solid #ddd;\">\n<h3 style=\"margin-top: 0; color: #2c3e50;\">Pogosto zastavljena vpra\u0161anja (Klju\u010dne to\u010dke)<\/h3>\n<p>1. Kako se ocena 25.000 puffov primerja s standardnimi vapeji?<br \/>\nTradicionalne za enkratno uporabo obi\u010dajno ponujajo od 600 do 5.000 vpihov. BANG 25000 ponuja pribli\u017eno 5 do 40-krat ve\u010djo \u017eivljenjsko dobo kot standardne enote, zaradi \u010desar je bistveno bolj stro\u0161kovno u\u010dinkovit za dnevne uporabnike.<\/p>\n<p>2. Ali je baterija ponovno polnila skozi celotno \u017eivljenjsko dobo naprave?<br \/>\nDa. Baterija s kapaciteto 650mAh je zasnovana tako, da se lahko ve\u010dkrat napolni, dokler notranji rezervoar s prostornino 25 ml popolnoma ne iz\u010drpa. To zagotavlja, da notranjega medija ne zapravimo.<\/p>\n<p>3. Ali lahko spremljam preostali volumen?<br \/>\nNaprava je zasnovana s konsistentno izhodno krivuljo; vendar je glavni pokazatelj iz\u010drpanja sprememba gostote pare ali subtilen premik v senzori\u010dnem profilu, ki signalizira, da je mre\u017easta tuljava dosegla konec svoje \u017eivljenjske dobe.<\/p>\n<p>4. Ali so to pristni izdelki BANG?<br \/>\nAbsolutno. VapeXYZ zagotavlja avtenti\u010dnost vseh na\u0161ih za enkratno uporabo namenjenih vapeov. Vsaka enota izhaja iz uradne tovarne, popolna z overljivimi \u0161tevilkami serij in varnostnimi oznakami.<\/p>\n<\/div>\n<h3 style=\"color: #2c3e50;\">Okoljska in regulativna skladnost<\/h3>\n<p>Prepoznavamo pomen okoljske odgovornosti v industriji za enkratno uporabo vapejev. BANG 25000 je izdelan v objektih, ki izpolnjujejo standarde ISO. Vse na\u0161e stranke spodbujamo k sodelovanju v lokalnih programih recikliranja e-odpadkov, da pravilno odstranijo notranje litijeve baterije in elektronska vezja. Z izbiro visoko zmogljivih naprav, kot je model s 25.000 vdihi, uporabniki sami po sebi prispevajo k zmanj\u0161anju skupne koli\u010dine plasti\u010dnih in elektronskih odpadkov na cikel uporabe v primerjavi z nizko zmogljivimi alternativami.<\/p>\n<h3 style=\"color: #2c3e50;\">Zaklju\u010dek: Vrhunec za enkratno uporabo tehnologije<\/h3>\n<p>BANG 25000 ni le orodje visoke zmogljivosti; je skrbno oblikovan kos strojne opreme za tiste, ki cenijo zmogljivost, zanesljivost in ekonomsko vrednost. S partnerstvom z izvirno tovarno VapeXYZ zagotavlja te za enkratno uporabo primerne vape izdelke s poudarkom na zagotavljanju kakovosti in hitremu globalnemu po\u0161iljanju.<\/p>\n<\/article>","protected":false},"excerpt":{"rendered":"<p>BANG 25000 Puffs je visoko zmogljiva, za enkratno uporabo namenjena vape naprava podjetja Vapexyz, ki ponuja impresivnih 25.000 vdihov, 25 ml kapaciteto in napredne funkcije, kot so 1,0 \u03a9 mre\u017easta tuljava in polnjenje tipa C, ki je na voljo v \u0161iroki paleti \u017eivahnih okusov in prilagodljivih mo\u017enostih za izjemno izku\u0161njo vapeanja.<\/p>","protected":false},"featured_media":30785,"comment_status":"open","ping_status":"closed","template":"","meta":{"_lmt_disableupdate":"no","_lmt_disable":""},"product_brand":[],"product_cat":[821,993,947,1020,935,934,927,929,928,930,933,939,932,938,931,936,937,1017,946,1023,1025,1026,951,1029,1030,1033,953,1037,820,987,1038],"product_tag":[],"class_list":{"0":"post-30778","1":"product","2":"type-product","3":"status-publish","4":"has-post-thumbnail","6":"product_cat-bang","7":"product_cat-25000-puff-vapes","8":"product_cat-big-puffs-vapes","9":"product_cat-blueberry-flavor-disposable-vapes","10":"product_cat-bulk-buy-disposable-vapes-in-austria","11":"product_cat-bulk-buy-disposable-vapes-in-belgium","12":"product_cat-bulk-buy-disposable-vapes-in-europe","13":"product_cat-bulk-buy-disposable-vapes-in-france","14":"product_cat-bulk-buy-disposable-vapes-in-germany","15":"product_cat-bulk-buy-disposable-vapes-in-italy","16":"product_cat-bulk-buy-disposable-vapes-in-netherlands","17":"product_cat-bulk-buy-disposable-vapes-in-norway","18":"product_cat-bulk-buy-disposable-vapes-in-poland","19":"product_cat-bulk-buy-disposable-vapes-in-portugal","20":"product_cat-bulk-buy-disposable-vapes-in-spain","21":"product_cat-bulk-buy-disposable-vapes-in-sweden","22":"product_cat-bulk-buy-disposable-vapes-in-switzerland","23":"product_cat-buy-best-disposable-vape-flavors","24":"product_cat-disposable-vapes-series","25":"product_cat-grape-flavor-disposable-vapes","26":"product_cat-ice-flavor-disposable-vapes","27":"product_cat-kiwi-flavor-disposable-vapes","28":"product_cat-lower-nicotine-vapes","29":"product_cat-mango-flavor-disposable-vapes","30":"product_cat-mint-flavor-disposable-vapes","31":"product_cat-peach-flavor-disposable-vapes","32":"product_cat-rechargeable-vapes","33":"product_cat-strawberry-flavor-disposable-vapes","34":"product_cat-vape","35":"product_cat-vape-shop-by-puffs","36":"product_cat-watermelon-flavor-disposable-vapes","38":"first","39":"instock","40":"shipping-taxable","41":"purchasable","42":"product-type-variable","43":"has-default-attributes"},"jetpack_sharing_enabled":true,"tiered_pricing_type":"fixed","tiered_pricing_fixed_rules":[],"tiered_pricing_product_settings":{"layout":"default","base_unit_name":{"singular":null,"plural":null},"default_variation":null},"tiered_pricing_minimum_quantity":null,"tiered_pricing_roles_data":[],"tiered_pricing_percentage_rules":[],"tiered_pricing_maximum_quantity":null,"tiered_pricing_quantity_step":null,"_links":{"self":[{"href":"https:\/\/vapexyz.com\/sl\/wp-json\/wp\/v2\/product\/30778","targetHints":{"allow":["GET"]}}],"collection":[{"href":"https:\/\/vapexyz.com\/sl\/wp-json\/wp\/v2\/product"}],"about":[{"href":"https:\/\/vapexyz.com\/sl\/wp-json\/wp\/v2\/types\/product"}],"replies":[{"embeddable":true,"href":"https:\/\/vapexyz.com\/sl\/wp-json\/wp\/v2\/comments?post=30778"}],"wp:featuredmedia":[{"embeddable":true,"href":"https:\/\/vapexyz.com\/sl\/wp-json\/wp\/v2\/media\/30785"}],"wp:attachment":[{"href":"https:\/\/vapexyz.com\/sl\/wp-json\/wp\/v2\/media?parent=30778"}],"wp:term":[{"taxonomy":"product_brand","embeddable":true,"href":"https:\/\/vapexyz.com\/sl\/wp-json\/wp\/v2\/product_brand?post=30778"},{"taxonomy":"product_cat","embeddable":true,"href":"https:\/\/vapexyz.com\/sl\/wp-json\/wp\/v2\/product_cat?post=30778"},{"taxonomy":"product_tag","embeddable":true,"href":"https:\/\/vapexyz.com\/sl\/wp-json\/wp\/v2\/product_tag?post=30778"}],"curies":[{"name":"wp","href":"https:\/\/api.w.org\/{rel}","templated":true}]}}