{"id":30670,"date":"2024-08-16T10:05:57","date_gmt":"2024-08-16T10:05:57","guid":{"rendered":"https:\/\/vapexyz.com\/?post_type=product&#038;p=30670"},"modified":"2026-03-03T00:25:17","modified_gmt":"2026-03-03T00:25:17","slug":"bang-blaze-20000-vdihov-0-2-3-5-nizko-nikotinska-kolicina-nakup-pisalo-za-enkratno-uporabo-za-ponovno-polnjenje-na-debelo","status":"publish","type":"product","link":"https:\/\/vapexyz.com\/sl\/product\/bang-blaze-20000-puffs-0-2-3-5-low-nicotine-bulk-buy-rechargeable-disposable-vapes-pen-wholesale\/","title":{"rendered":"BANG BLAZE 20000 Puffov Zaenkratne Vape"},"content":{"rendered":"<article style=\"font-family: 'Segoe UI', Tahoma, Geneva, Verdana, sans-serif; color: #333333; line-height: 1.6; max-width: 100%; margin: 0 auto; padding: 20px;\">\n<h2 style=\"color: #1a56db; border-bottom: 2px solid #1a56db; padding-bottom: 10px; margin-top: 30px; font-size: 28px;\">In\u017eeniring naslednje generacije visoko zmogljivih za enkratno uporabo vapeov: BANG BLAZE SHISHA 40000 vdihov<\/h2>\n<p style=\"font-size: 16px; margin-bottom: 20px;\">Dobrodo\u0161li v VapeXYZ, va\u0161ega premiernega globalnega veletrgovca in avtoritete na trgu zaupnih vape izdelkov. Z ve\u010d kot osmimi leti dokumentirane operativne odli\u010dnosti in upravljanja dobavne verige, nenehno spremljamo tr\u017ene trende, empiri\u010dne podatke uporabnikov in tehnolo\u0161ke napredke. Na podlagi strogih tr\u017enih analiz in stalnega povratnega informiranja na\u0161ih mednarodnih distributerjev smo strate\u0161ko ukinili zastarele izdelke <em>BANG BLAZE 20000 Puffs<\/em> model. Na njegovem mestu smo ponosni, da predstavljamo superiornega, visoko in\u017eeniriranega naslednika, ki ponovno definira dolgo \u017eivljenjsko dobo in zmogljivost v kategoriji za enkratno uporabo vape: BANG BLAZE SHISHA 40000 Puffs.<\/p>\n<p style=\"font-size: 16px; margin-bottom: 20px;\">Ta prehod ni zgolj povr\u0161inska posodobitev; predstavlja celovito arhitekturno prenovo notranjih komponent naprave. S prednostjo empiri\u010dnega testiranja, tehni\u010dnega znanja in strogega zagotavljanja kakovosti nova iteracija ponuja kupcem na debelo in kon\u010dnim uporabnikom visoko zanesljivo, skladno in veliko bolj u\u010dinkovito izku\u0161njo vapinga. Spodaj predstavljamo podrobno tehni\u010dno raz\u010dlenitev, ki primerja zastareli sistem z na\u0161im novo optimiziranim vodilnim modelom.<\/p>\n<h3 style=\"color: #2563eb; margin-top: 25px; font-size: 22px;\">Tehni\u010dne specifikacije in arhitekturne nadgradnje<\/h3>\n<div style=\"overflow-x: auto; margin: 25px 0;\">\n<table style=\"border-collapse: collapse; width: 100%; box-shadow: 0 4px 15px rgba(0, 0, 0, 0.05); border-radius: 8px; overflow: hidden; font-size: 16px;\">\n<thead>\n<tr style=\"background-color: #1e3a8a; color: #ffffff; text-align: left;\">\n<th style=\"padding: 16px; font-weight: 600; text-transform: uppercase; letter-spacing: 0.5px;\">In\u017eenirska metrika<\/th>\n<th style=\"padding: 16px; font-weight: 600; text-transform: uppercase; letter-spacing: 0.5px;\">Dedi\u0161\u010dina: BANG BLAZE 20000<\/th>\n<th style=\"padding: 16px; font-weight: 600; text-transform: uppercase; letter-spacing: 0.5px;\">Optimizirano: BANG BLAZE SHISHA 40000<\/th>\n<\/tr>\n<\/thead>\n<tbody>\n<tr style=\"background-color: #f8fafc; border-bottom: 1px solid #e2e8f0;\">\n<td style=\"padding: 16px; font-weight: bold; color: #475569;\">Nazivnost volumetri\u010dnega izhoda<\/td>\n<td style=\"padding: 16px; color: #64748b;\">20.000 aktivacij<\/td>\n<td style=\"padding: 16px; font-weight: bold; color: #0f172a;\">40.000 aktivacij \u2013 100% Pove\u010danje<\/td>\n<\/tr>\n<tr style=\"background-color: #ffffff; border-bottom: 1px solid #e2e8f0;\">\n<td style=\"padding: 16px; font-weight: bold; color: #475569;\">Prostornina notranjega rezervoarja<\/td>\n<td style=\"padding: 16px; color: #64748b;\">25 ml standardna matrika<\/td>\n<td style=\"padding: 16px; font-weight: bold; color: #0f172a;\">40ml visokokapacitetni rezervoar<\/td>\n<\/tr>\n<tr style=\"background-color: #f8fafc; border-bottom: 1px solid #e2e8f0;\">\n<td style=\"padding: 16px; font-weight: bold; color: #475569;\">Sistem za dostavo energije<\/td>\n<td style=\"padding: 16px; color: #64748b;\">650mAh litij-ionska<\/td>\n<td style=\"padding: 16px; font-weight: bold; color: #0f172a;\">1000mAh visoko gostota baterijska celica \u2705<\/td>\n<\/tr>\n<tr style=\"background-color: #ffffff; border-bottom: 1px solid #e2e8f0;\">\n<td style=\"padding: 16px; font-weight: bold; color: #475569;\">Protokol polnjenja<\/td>\n<td style=\"padding: 16px; color: #64748b;\">USB Type-C (Standard) \nse ne prevede prevod, ostane enako \n\nUSB Type-C (standard)<\/td>\n<td style=\"padding: 16px; font-weight: bold; color: #0f172a;\">USB Type-C (Optimirano toplotno upravljanje)<\/td>\n<\/tr>\n<tr style=\"background-color: #f8fafc; border-bottom: 1px solid #e2e8f0;\">\n<td style=\"padding: 16px; font-weight: bold; color: #475569;\">Telemetrija in vmesnik<\/td>\n<td style=\"padding: 16px; color: #64748b;\">Analogna vizualna indikacija<\/td>\n<td style=\"padding: 16px; font-weight: bold; color: #0f172a;\">Pametni LED zaslon za telemetrijo HD \u2705<\/td>\n<\/tr>\n<tr style=\"background-color: #ffffff; border-bottom: 1px solid #e2e8f0;\">\n<td style=\"padding: 16px; font-weight: bold; color: #475569;\">Katalog aromati\u010dnih profilov<\/td>\n<td style=\"padding: 16px; color: #64748b;\">12 osnovnih mo\u017enosti<\/td>\n<td style=\"padding: 16px; font-weight: bold; color: #0f172a;\">12 znanstveno oblikovanih okusov \u2705<\/td>\n<\/tr>\n<\/tbody>\n<\/table>\n<\/div>\n<h2 style=\"color: #1a56db; border-bottom: 2px solid #1a56db; padding-bottom: 10px; margin-top: 40px; font-size: 28px;\">Neposredno testiranje in empiri\u010dno zagotavljanje kakovosti<\/h2>\n<p style=\"font-size: 16px; margin-bottom: 20px;\">V konkuren\u010dnem okolju za enkratno uporabo vape izdelkov se avtoritativno zaupanje gradi na preverljivih podatkih in ne na promocijskih trditvah. BANG BLAZE SHISHA 40000 Puffs je bil podvr\u017een rigoroznim notranjim in zunanjim laboratorijskim ocenam, da bi se zagotovila njegova strukturna celovitost, stalni izhod in skladnost z mednarodnimi standardi elektri\u010dne varnosti.<\/p>\n<div style=\"background-color: #f0f9ff; border-left: 6px solid #0ea5e9; padding: 20px; margin: 30px 0; border-radius: 0 8px 8px 0; box-shadow: 0 2px 5px rgba(0,0,0,0.05);\">\n<h4 style=\"margin-top: 0; color: #0369a1; font-size: 18px;\">Empiri\u010dna znanja: Preverjanje izhodov laboratorija<\/h4>\n<p style=\"margin-bottom: 0; font-size: 15px; color: #334155;\">Kako je preverjena ocena izhoda 40.000? Med fazo raziskave in razvoja so ti zaupravni vapeji povezani z avtomatiziranimi simuliranimi vle\u010dnimi stroji. Z uporabo standardiziranih parametrov presku\u0161anja (obi\u010dajno trajanje vleke 2 do 3 sekunde z dolo\u010denim tlakom vakuuma) so naprave neprekinjeno upravljane, dokler notranji rezervoar ni iz\u010drpan ali upor tuljave ne pade pod sprejemljive meje. Na\u0161i empiri\u010dni podatki potrjujejo, da 40 ml prostornina formulacije v kombinaciji z naprednimi materiali za vikanje zanesljivo podpira parameter 40.000 pod standardnimi okoljskimi pogoji.<\/p>\n<\/div>\n<h3 style=\"color: #2563eb; margin-top: 25px; font-size: 22px;\">Analiza cikla baterije in toplotnega upravljanja<\/h3>\n<p style=\"font-size: 16px; margin-bottom: 20px;\">Integracija robustne 1000mAh baterije predstavlja pomemben in\u017eenirski preskok. Litij-ionske polimerne celice te gostote zahtevajo sofisticirano toplotno upravljanje, da se prepre\u010di pregrevanje med ciklusom praznjenja in polnjenja. BANG BLAZE SHISHA uporablja napreden mikro\u010dip sistema za upravljanje baterije (BMS). Ta komponenta nenehno spremlja vhodne in izhodne napetosti ter zagotavlja klju\u010dne varnostne redundance, vklju\u010dno za\u0161\u010dito pred prepolnitvijo, prepre\u010ditev kratkega stika in odrezovanje pri prekomernem praznjenju. Te empiri\u010dno testirane varnostne funkcije zagotavljajo, da naprava ostane strukturno stabilna in deluje dosledno skozi celotno podalj\u0161ano \u017eivljenjsko dobo, kar zmanj\u0161uje tveganja, povezana z ni\u017ejimi elektronskimi napravami.<\/p>\n<h2 style=\"color: #1a56db; border-bottom: 2px solid #1a56db; padding-bottom: 10px; margin-top: 40px; font-size: 28px;\">Napredne arhitektonske zna\u010dilnosti BANG BLAZE SHISHA 40000 Puffs<\/h2>\n<p style=\"font-size: 16px; margin-bottom: 20px;\">\u010ce ocenijo specifi\u010dne mehanske elemente tega izdelka, lahko veletrgovci bolj\u0161e artikulirajo vrednostni predlog za svojo bazo potro\u0161nikov. Tukaj je podrobna raz\u010dlenitev primarnih tehnolo\u0161kih nadgradenj:<\/p>\n<ol style=\"list-style-type: none; counter-reset: custom-counter; padding-left: 0; margin-top: 25px;\">\n<li style=\"position: relative; padding-left: 50px; margin-bottom: 25px; font-size: 16px; background: #fafafa; padding: 20px 20px 20px 60px; border-radius: 8px; border: 1px solid #eaeaea;\"><span style=\"position: absolute; left: 15px; top: 20px; background-color: #3b82f6; color: white; border-radius: 50%; width: 30px; height: 30px; display: flex; align-items: center; justify-content: center;\">1<\/span>Neprimerljena volumetri\u010dna zmogljivost<br \/>\nPrehod od 25 ml do osupljive 40 ml notranjega rezervoarja temeljno spremeni operativno \u017eivljenjsko dobo enote. Ta 40 ml zmogljivost vsebuje natan\u010dno kalibrirano formulacijo, kar drasti\u010dno zmanj\u0161a pogostost, s katero morajo uporabniki zamenjati svoje za enkratno uporabo namenjene vape. Ta prostornina omogo\u010da podalj\u0161ano, neprekinjeno uporabni\u0161ko izku\u0161njo, kar pove\u010duje uporabnost, ki izhaja iz ene same enote.<\/li>\n<li style=\"position: relative; padding-left: 50px; margin-bottom: 25px; font-size: 16px; background: #fafafa; padding: 20px 20px 20px 60px; border-radius: 8px; border: 1px solid #eaeaea;\"><span style=\"position: absolute; left: 15px; top: 20px; background-color: #3b82f6; color: white; border-radius: 50%; width: 30px; height: 30px; display: flex; align-items: center; justify-content: center;\">2<\/span>Visoko zmogljiv sistem za napajanje 1000mAh \ud83d\udd0b<br \/>\nStandardne za enkratno uporabo vape naprave pogosto uporabljajo baterije z zmogljivostjo pod 700mAh, kar lahko povzro\u010di hitro izpraznitev baterije in nedosledno atomizacijo. BANG BLAZE SHISHA vklju\u010duje visoko gostoto 1000mAh celico. Ta vir energije zagotavlja stalni izhod napetosti na grelni element, kar omogo\u010da enakomerno izhlapevanje od prvega do zadnjega vdihavanja. V kombinaciji s standardnim vratom USB Type-C naprava podpira hitro in varno polnjenje, kar zmanj\u0161uje \u010das mirovanja.<\/li>\n<li style=\"position: relative; padding-left: 50px; margin-bottom: 25px; font-size: 16px; background: #fafafa; padding: 20px 20px 20px 60px; border-radius: 8px; border: 1px solid #eaeaea;\"><span style=\"position: absolute; left: 15px; top: 20px; background-color: #3b82f6; color: white; border-radius: 50%; width: 30px; height: 30px; display: flex; align-items: center; justify-content: center;\">3<\/span>Inteligentni telemetri\u010dni zaslon visoke zvestobe<br \/>\nOdstranjevanje ugibanj iz uporabni\u0161ke izku\u0161nje, ta naprava vklju\u010duje vgrajen LED pametni zaslon. Poganja ga namenska mikrokontrolerska enota (MCU), ta zaslon bere podatke neposredno iz sistema za upravljanje baterije in notranjega senzorja porabe. Zagotavlja natan\u010dne, vizualne povratne informacije v realnem \u010dasu glede preostalega elektri\u010dnega naboja in ocene preostalega volumna formulacije. To je kriti\u010dno izbolj\u0161anje kakovosti \u017eivljenja za sodobne potro\u0161nike.<\/li>\n<li style=\"position: relative; padding-left: 50px; margin-bottom: 25px; font-size: 16px; background: #fafafa; padding: 20px 20px 20px 60px; border-radius: 8px; border: 1px solid #eaeaea;\"><span style=\"position: absolute; left: 15px; top: 20px; background-color: #3b82f6; color: white; border-radius: 50%; width: 30px; height: 30px; display: flex; align-items: center; justify-content: center;\">4<\/span>Napredna termodinamika mre\u017easte tuljave<br \/>\n\u010ceprav ni takoj vidno, jedro BANG BLAZE SHISHE uporablja najnovej\u0161o tehnologijo mre\u017easte tuljave. Za razliko od tradicionalnih \u017ei\u010dnatih tuljav, mre\u017easta struktura dramati\u010dno pove\u010da povr\u0161ino ogrevanja. To povzro\u010di neverjetno hitro \u010das za ogrevanje in izjemno enakomerno porazdelitev toplote po vikinem materialu. Empiri\u010dni rezultat je gladkej\u0161a, bolj konsistentna proizvodnja pare brez tveganja lokalnega izgorevanja ali termi\u010dne degradacije notranje me\u0161anice.<\/li>\n<\/ol>\n<h2 style=\"color: #1a56db; border-bottom: 2px solid #1a56db; padding-bottom: 10px; margin-top: 40px; font-size: 28px;\">Kuratirano profili \u010dutov in botani\u010dne izbire<\/h2>\n<p style=\"font-size: 16px; margin-bottom: 20px;\">Napredna strojna arhitektura zahteva enako skrbno notranjo formulacijo. BANG BLAZE SHISHA 40000 Puffs je strokovno vnaprej polnjen z 12 razli\u010dnimi aromati\u010dnimi profili, ki uporabljajo visoko \u010distostne \u017eivilske ekstrakte in hladilne agente za zagotavljanje vrhunskega \u010dutnega izku\u0161nja. Na\u0161a izbira poteka skozi rigorozno analizo plinske kromatografije - masne spektrometrije (GC-MS), da se zagotovi \u010distost in konsistenca v vsaki seriji.<\/p>\n<ul style=\"display: grid; grid-template-columns: repeat(auto-fit, minmax(250px, 1fr)); gap: 15px; list-style-type: none; padding: 0; margin: 20px 0;\">\n<li style=\"background: #ffffff; border: 1px solid #d1d5db; padding: 15px; border-radius: 6px; text-align: center; font-weight: 500; color: #374151; box-shadow: 0 2px 4px rgba(0,0,0,0.02);\">Infuzija lubenice<\/li>\n<li style=\"background: #ffffff; border: 1px solid #d1d5db; padding: 15px; border-radius: 6px; text-align: center; font-weight: 500; color: #374151; box-shadow: 0 2px 4px rgba(0,0,0,0.02);\">Red Bull (Profil energije)<\/li>\n<li style=\"background: #ffffff; border: 1px solid #d1d5db; padding: 15px; border-radius: 6px; text-align: center; font-weight: 500; color: #374151; box-shadow: 0 2px 4px rgba(0,0,0,0.02);\">Botani\u010dno hlajenje breskve<\/li>\n<li style=\"background: #ffffff; border: 1px solid #d1d5db; padding: 15px; border-radius: 6px; text-align: center; font-weight: 500; color: #374151; box-shadow: 0 2px 4px rgba(0,0,0,0.02);\">Mango breskev matrika<\/li>\n<li style=\"background: #f3f4f6; border: 1px dashed #9ca3af; padding: 15px; border-radius: 6px; text-align: center; font-weight: 500; color: #6b7280;\">\u2026in 8 dodatnih natan\u010dno izdelanih izbir.<\/li>\n<\/ul>\n<h2 style=\"color: #1a56db; border-bottom: 2px solid #1a56db; padding-bottom: 10px; margin-top: 40px; font-size: 28px;\">Industrijska avtoriteta in odli\u010dnost v veleprodajni distribuciji<\/h2>\n<p style=\"font-size: 16px; margin-bottom: 20px;\">VapeXYZ ni samo trgovec na drobno; smo centralno vozli\u0161\u010de v globalni dobavni verigi zaupnih vape izdelkov. Z ve\u010d kot 8 leti operativne avtoritete je na\u0161e logisti\u010dno omre\u017eje zasnovano tako, da podpira tako buti\u010dne trgovine kot tudi ogromne regionalne distributerje. Partneriramo izklju\u010dno s proizvodnimi objekti, ki vzdr\u017eujejo strogo certifikacijo ISO 9001 za sisteme upravljanja kakovosti.<\/p>\n<h3 style=\"color: #2563eb; margin-top: 25px; font-size: 22px;\">Upornost predpisom in zaupanje v logistiki<\/h3>\n<p style=\"font-size: 16px; margin-bottom: 20px;\">Razumemo, da sta skladnost in zanesljivost izjemnega pomena za na\u0161e B2B partnerje. Enote BANG BLAZE SHISHA 40000 Puffs so izdelane iz materialov, ki so skladni s standardom RoHS (Omejitev uporabe nevarnih snovi). Poleg tega vgrajene baterije s kapaciteto 1000mAh izpolnjujejo zahteve preskusa UN38.3, ki je mednarodno priznan standard za varen zra\u010dni transport litijevih baterij. To zagotavlja, da va\u0161e veleprodajne po\u0161iljke u\u010dinkovito prehajajo carino in prispejo v va\u0161e izpolnitvene centre brez regulativnih te\u017eav.<\/p>\n<p style=\"font-size: 16px; margin-bottom: 20px;\">Optimizacija za veleprodajo: Vzdr\u017eujemo visoko dostopno minimalno koli\u010dino naro\u010dila (MOQ) samo 10 kosov, kar omogo\u010da maloprodajnim partnerjem, da preizkusijo odziv trga, preden se zave\u017eejo k velikoserijski po\u0161iljavi. Za podjetja s visokim obsegom prodaje ponujamo celovito podporo OEM\/ODM, ki omogo\u010da uporabo logotipa, specifi\u010dnega za blagovno znamko, prilagojeno strukturno pakiranje in izdelavo profila senzorike po meri.<\/p>\n<h2 style=\"color: #1a56db; border-bottom: 2px solid #1a56db; padding-bottom: 10px; margin-top: 40px; font-size: 28px;\">Pogosto zastavljena vpra\u0161anja (FAQ) za veleprodajne kupce<\/h2>\n<div style=\"margin-top: 25px;\">\n<div style=\"background: #ffffff; border: 1px solid #e5e7eb; border-radius: 8px; padding: 20px; margin-bottom: 15px; box-shadow: 0 4px 6px -1px rgba(0, 0, 0, 0.05);\">\n<h4 style=\"margin: 0 0 10px 0; color: #111827; font-size: 18px;\">Kaj naredi BANG BLAZE SHISHA mehansko bolj\u0161o od zastarelega modela?<\/h4>\n<p style=\"margin: 0; color: #4b5563; font-size: 15px;\">Nadgradnja se osredoto\u010da na pove\u010danje notranjega rezervoarja s 25 ml na 40 ml, pove\u010danje gostote baterije na 1000 mAh in integracijo LED telemetri\u010dnega zaslona, ki ga pogoni MCU, za spremljanje v realnem \u010dasu. Te strukturne spremembe u\u010dinkovito podvojijo operativno zmogljivost naprave.<\/p>\n<\/div>\n<div style=\"background: #ffffff; border: 1px solid #e5e7eb; border-radius: 8px; padding: 20px; margin-bottom: 15px; box-shadow: 0 4px 6px -1px rgba(0, 0, 0, 0.05);\">\n<h4 style=\"margin: 0 0 10px 0; color: #111827; font-size: 18px;\">Kako VapeXYZ zagotavlja strukturno celovitost teh za enkratno uporabo namenjenih vape-ov med po\u0161iljanjem?<\/h4>\n<p style=\"margin: 0; color: #4b5563; font-size: 15px;\">Vsaka enota je zaprta v industrijsko kvalitetnem, odpornem na vlago primarnem pakiranju, nato pa name\u0161\u010dena v oja\u010danih valovitih kartonskih prikazovalnih \u0161katlah. Poleg tega baterije, certificirane po UN38.3, zagotavljajo skladnost z mednarodnimi standardi varnosti tovora ter prepre\u010dujejo okvare, povezane s tlakom, med zra\u010dnim prevozom.<\/p>\n<\/div>\n<div style=\"background: #ffffff; border: 1px solid #e5e7eb; border-radius: 8px; padding: 20px; margin-bottom: 15px; box-shadow: 0 4px 6px -1px rgba(0, 0, 0, 0.05);\">\n<h4 style=\"margin: 0 0 10px 0; color: #111827; font-size: 18px;\">Kateri so parametri za prilagoditev OEM\/ODM?<\/h4>\n<p style=\"margin: 0; color: #4b5563; font-size: 15px;\">Za kvalificiranje razsutih naro\u010dil lahko na\u0161e ekipe za in\u017eeniring in oblikovanje izvajajo prilagojeno silkscreening logotipa, prilagajajo barve zunanjega ohi\u0161ja in spreminjajo senzori\u010dne profile. Za za\u010detek faze izdelave prototipa, prosim, kontaktirajte na\u0161e B2B predstavnike neposredno s svojimi CAD datotekami in posebnimi zahtevami glede koli\u010dine.<\/p>\n<\/div>\n<div style=\"background: #ffffff; border: 1px solid #e5e7eb; border-radius: 8px; padding: 20px; margin-bottom: 15px; box-shadow: 0 4px 6px -1px rgba(0, 0, 0, 0.05);\">\n<h4 style=\"margin: 0 0 10px 0; color: #111827; font-size: 18px;\">Katero polnjenje strojne opreme je treba uporabiti z baterijo 1000mAh?<\/h4>\n<p style=\"margin: 0; color: #4b5563; font-size: 15px;\">Naprava je zasnovana s standardnim priklju\u010dkom USB Type-C in je namenjena sprejemanju standardnih vhodov za napajanje 5V\/1A ali 5V\/2A. Medtem ko BMS \u0161\u010diti pred prenapetostjo, priporo\u010damo uporabo standardnih stenskih adapterjev namesto visoko zmogljivih polnilnikov za prenosnike, da se zagotovi maksimalna \u017eivljenjska doba litij-ionske polimerne celice.<\/p>\n<\/div>\n<\/div>\n<div style=\"background-color: #f8fafc; border: 2px solid #e2e8f0; padding: 30px; text-align: center; margin-top: 40px; border-radius: 12px;\">\n<h3 style=\"margin-top: 0; color: #1e293b; font-size: 24px;\">Pridobite naslednji standard v tehnologiji zaupanja<\/h3>\n<p style=\"font-size: 16px; color: #475569; max-width: 100%; margin: 0 auto 20px auto;\">Strategi\u010dno umikamo zastarelo tehnologijo <em>BANG BLAZE 20000<\/em> platforma, ki omogo\u010da pot do bistveno u\u010dinkovitej\u0161e in tehnolo\u0161ko naprednej\u0161e re\u0161itve. Uskladite svoje maloprodajne zaloge s trenutnimi tr\u017enimi povpra\u0161evanji in in\u017eenirsko odli\u010dnostjo.<\/p>\n<p style=\"font-size: 18px; font-weight: bold; color: #0f172a; margin-bottom: 25px;\">Integrirajte BANG BLAZE SHISHA 40000 Puffs v svojo verigo dobaviteljev danes.<\/p>\n<p><a style=\"display: inline-block; background-color: #2563eb; color: #ffffff; text-decoration: none; padding: 15px 30px; font-size: 18px; font-weight: bold; border-radius: 6px; box-shadow: 0 4px 6px rgba(37, 99, 235, 0.3); transition: background-color 0.3s ease;\" href=\"https:\/\/vapexyz.com\/sl\/izdelek\/bang-blaze-shisha-40000-puffs-bulk-buy-original-rechargeable-disposable-vapes-wholesale\/\">\ud83d\uded2 Zavarujte svoje veleprodajne naro\u010dilo pri VapeXYZ<\/a><\/p>\n<\/div>\n<\/article>","protected":false},"excerpt":{"rendered":"<div class=\"custom-product\" style=\"border: 1px solid #eee; text-align: center; max-width: 100%; margin: 0 auto; font-family: Arial, sans-serif; box-sizing: border-box;\">\n        <!-- Product image - full width -->\n        <a href=\"https:\/\/vapexyz.com\/sl\/product\/bang-blaze-shisha-40000-puffs-dsk040-low-nicotine-bulk-buy-original-rechargeable-disposable-vapes-wholesale\/\" style=\"display: block; margin-bottom: 15px;\">\n            <img decoding=\"async\" src=\"https:\/\/vapexyz.com\/wp-content\/uploads\/2025\/07\/BANG-BLAZE-40000-Puffs-DSK040-Low-Nicotine-Bulk-Buy-Original-Rechargeable-Disposable-Vapes-Wholesale-2.webp\" alt=\"BANG BLAZE SHISHA 40000 Puffov DSK040 Nakup na veliko Ponovno polnijo\u010de se 40K Vape za enkratno uporabo za veleprodajo\" style=\"width: 100%; height: auto; display: block;\">        <\/a>\n        \n        <!-- Product name -->\n        <h3 style=\"margin: 10px 0; font-size: 1.2em; line-height: 1.4; color: #333;\">\n            BANG BLAZE SHISHA 40000 Puffov DSK040 Nakup na veliko Ponovno polnijo\u010de se 40K Vape za enkratno uporabo za veleprodajo        <\/h3>\n        \n        <!-- Product price -->\n        <div class=\"price\" style=\"color: #ff0000; font-weight: bold; font-size: 1.4em; margin: 10px 0;\">\n            \t\t<span class=\"tiered-pricing-dynamic-price-wrapper tiered-pricing-dynamic-price-wrapper--variable\"\n\t\t\t  data-display-context=\"shop-loop\"\n\t\t\t  data-price-type=\"dynamic\"\n\t\t\t  data-product-id=\"51733\"\n\t\t\t  data-parent-id=\"51733\">\n\t\t\t<span class=\"woocommerce-Price-amount amount\"><bdi><span class=\"woocommerce-Price-currencySymbol\">\u20ac<\/span>5.09<\/bdi><\/span><\/span>        <\/div>\n        \n        <!-- Product rating -->\n        <div class=\"rating\" style=\"margin: 15px 0; min-height: 25px;\">\n            <div class=\"star-rating\" role=\"img\" aria-label=\"Ocenjeno s 5,00 od 5\"><span style=\"width:100%\">Ocenjeno <strong class=\"rating\">5.00<\/strong> od 5<\/span><\/div>        <\/div>\n        \n        <!-- Buy Now button -->\n        <div class=\"buy-now-button\" style=\"margin-top: 20px;\">\n            <a href=\"https:\/\/vapexyz.com\/sl\/product\/bang-blaze-shisha-40000-puffs-dsk040-low-nicotine-bulk-buy-original-rechargeable-disposable-vapes-wholesale\/\" \n               class=\"buy-now-btn\" \n               style=\"display: inline-block; background-color: #4CAF50; color: white !important; padding: 12px 24px; text-align: center; text-decoration: none; font-weight: bold; border-radius: 4px; transition: all 0.3s; border: none; cursor: pointer; font-size: 1em;\">\n                Kupi zdaj            <\/a>\n        <\/div>\n    <\/div>","protected":false},"featured_media":30673,"comment_status":"open","ping_status":"closed","template":"","meta":{"_lmt_disableupdate":"no","_lmt_disable":""},"product_brand":[],"product_cat":[821,1002,947,1020,935,934,927,929,928,930,933,939,932,938,931,936,937,1017,946,1023,1025,1026,951,1029,1031,1032,1033,953,1037,820,987,1038],"product_tag":[],"class_list":{"0":"post-30670","1":"product","2":"type-product","3":"status-publish","4":"has-post-thumbnail","6":"product_cat-bang","7":"product_cat-20000-puff-vapes","8":"product_cat-big-puffs-vapes","9":"product_cat-blueberry-flavor-disposable-vapes","10":"product_cat-bulk-buy-disposable-vapes-in-austria","11":"product_cat-bulk-buy-disposable-vapes-in-belgium","12":"product_cat-bulk-buy-disposable-vapes-in-europe","13":"product_cat-bulk-buy-disposable-vapes-in-france","14":"product_cat-bulk-buy-disposable-vapes-in-germany","15":"product_cat-bulk-buy-disposable-vapes-in-italy","16":"product_cat-bulk-buy-disposable-vapes-in-netherlands","17":"product_cat-bulk-buy-disposable-vapes-in-norway","18":"product_cat-bulk-buy-disposable-vapes-in-poland","19":"product_cat-bulk-buy-disposable-vapes-in-portugal","20":"product_cat-bulk-buy-disposable-vapes-in-spain","21":"product_cat-bulk-buy-disposable-vapes-in-sweden","22":"product_cat-bulk-buy-disposable-vapes-in-switzerland","23":"product_cat-buy-best-disposable-vape-flavors","24":"product_cat-disposable-vapes-series","25":"product_cat-grape-flavor-disposable-vapes","26":"product_cat-ice-flavor-disposable-vapes","27":"product_cat-kiwi-flavor-disposable-vapes","28":"product_cat-lower-nicotine-vapes","29":"product_cat-mango-flavor-disposable-vapes","30":"product_cat-mixed-berries-flavor-disposable-vapes","31":"product_cat-passion-fruit-flavor-disposable-vapes","32":"product_cat-peach-flavor-disposable-vapes","33":"product_cat-rechargeable-vapes","34":"product_cat-strawberry-flavor-disposable-vapes","35":"product_cat-vape","36":"product_cat-vape-shop-by-puffs","37":"product_cat-watermelon-flavor-disposable-vapes","39":"first","40":"outofstock","41":"shipping-taxable","42":"purchasable","43":"product-type-variable","44":"has-default-attributes"},"jetpack_sharing_enabled":true,"tiered_pricing_type":"fixed","tiered_pricing_fixed_rules":[],"tiered_pricing_product_settings":{"layout":"default","base_unit_name":{"singular":null,"plural":null},"default_variation":null},"tiered_pricing_minimum_quantity":null,"tiered_pricing_roles_data":[],"tiered_pricing_percentage_rules":[],"tiered_pricing_maximum_quantity":null,"tiered_pricing_quantity_step":null,"_links":{"self":[{"href":"https:\/\/vapexyz.com\/sl\/wp-json\/wp\/v2\/product\/30670","targetHints":{"allow":["GET"]}}],"collection":[{"href":"https:\/\/vapexyz.com\/sl\/wp-json\/wp\/v2\/product"}],"about":[{"href":"https:\/\/vapexyz.com\/sl\/wp-json\/wp\/v2\/types\/product"}],"replies":[{"embeddable":true,"href":"https:\/\/vapexyz.com\/sl\/wp-json\/wp\/v2\/comments?post=30670"}],"wp:featuredmedia":[{"embeddable":true,"href":"https:\/\/vapexyz.com\/sl\/wp-json\/wp\/v2\/media\/30673"}],"wp:attachment":[{"href":"https:\/\/vapexyz.com\/sl\/wp-json\/wp\/v2\/media?parent=30670"}],"wp:term":[{"taxonomy":"product_brand","embeddable":true,"href":"https:\/\/vapexyz.com\/sl\/wp-json\/wp\/v2\/product_brand?post=30670"},{"taxonomy":"product_cat","embeddable":true,"href":"https:\/\/vapexyz.com\/sl\/wp-json\/wp\/v2\/product_cat?post=30670"},{"taxonomy":"product_tag","embeddable":true,"href":"https:\/\/vapexyz.com\/sl\/wp-json\/wp\/v2\/product_tag?post=30670"}],"curies":[{"name":"wp","href":"https:\/\/api.w.org\/{rel}","templated":true}]}}