{"id":23400,"date":"2024-05-30T07:27:44","date_gmt":"2024-05-30T07:27:44","guid":{"rendered":"https:\/\/vapexyz.com\/?post_type=product&#038;p=23400"},"modified":"2026-03-07T02:08:09","modified_gmt":"2026-03-07T02:08:09","slug":"vapme-shisha-hookah-15000-vdihov-0-2-nikotinska-polnilna-kolicina-kupi-vape-za-enkratno-uporabo-na-debelo","status":"publish","type":"product","link":"https:\/\/vapexyz.com\/sl\/product\/vapme-shisha-hookah-15000-puffs-0-2-nicotine-rechargeable-bulk-buy-disposable-vapes-wholesale\/","title":{"rendered":"VAPME SHISHA Hookah 15000 vdihov Polnilna Mno\u017ei\u010dna Nakup Enkratna Uporaba Vapes Trgovska Prodaja"},"content":{"rendered":"<article>Kot vodilni organ pri globalni distribuciji za enkratno uporabo namenjenih vape izdelkov, VapeXYZ izkori\u0161\u010da ve\u010d kot osem let izku\u0161enj v industriji, da vam prinese VAPME SHISHA Hookah 15000 Puffs. Ta naprava predstavlja pomemben skok v strojni tehniki, ki zdru\u017euje tradicionalno izku\u0161njo v slogu sej z moderno prenosno tehnologijo. Zasnovan za visoko zmogljivost in stalno zmogljivost, je ta model merilo za zanesljivost na veleprodajnem trgu.<\/p>\n<div style=\"width: 1020px;\" class=\"wp-video\"><video class=\"wp-video-shortcode\" id=\"video-23400-1\" width=\"1020\" height=\"574\" preload=\"metadata\" controls=\"controls\"><source type=\"video\/mp4\" src=\"https:\/\/vapexyz.com\/wp-content\/uploads\/2024\/05\/vapme-shisha-15000-1.mp4?_=1\" \/><a href=\"https:\/\/vapexyz.com\/wp-content\/uploads\/2024\/05\/vapme-shisha-15000-1.mp4\">https:\/\/vapexyz.com\/wp-content\/uploads\/2024\/05\/vapme-shisha-15000-1.mp4<\/a><\/video><\/div>\n<h2 id=\"engineering-excellence\">VAPME SHISHA Hookah 15000 vdihov: Napredno in\u017eenirstvo in tehni\u010dne specifikacije<\/h2>\n<p>Serija VAPME SHISHA je zasnovana s poudarkom na strukturni celovitosti in toplotni u\u010dinkovitosti. Za razliko od standardnih za\u010detnih naprav ta model uporablja visokokakovosten 0,6 \u03a9 sistem mre\u017easte tuljave. Ta specifi\u010dna raven upora je matemati\u010dno optimizirana za uravnote\u017eenje odvajanja toplote in gostote oblaka, kar zagotavlja, da se notranji grelni element ne degradira prezgodaj v \u017eivljenjski dobi 15.000 pufov.<\/p>\n<div style=\"margin: 20px 0; overflow-x: auto;\">\n<table style=\"width: 100%; border-collapse: collapse; border: 1px solid #d1d1d1; font-family: Arial, sans-serif;\">\n<thead>\n<tr style=\"background-color: #f2f2f2; text-align: left;\">\n<th style=\"padding: 12px; border: 1px solid #d1d1d1;\">Tehni\u010dni parameter<\/th>\n<th style=\"padding: 12px; border: 1px solid #d1d1d1;\">Podrobnosti specifikacije<\/th>\n<th style=\"padding: 12px; border: 1px solid #d1d1d1;\">Funkcionalna korist<\/th>\n<\/tr>\n<\/thead>\n<tbody>\n<tr>\n<td style=\"padding: 12px; border: 1px solid #d1d1d1;\">Skupna zmogljivost<\/td>\n<td style=\"padding: 12px; border: 1px solid #d1d1d1;\">25ml notranji rezervoar<\/td>\n<td style=\"padding: 12px; border: 1px solid #d1d1d1;\">Podalj\u0161ana \u017eivljenjska doba; zmanj\u0161uje pogostost zamenjave.<\/td>\n<\/tr>\n<tr style=\"background-color: #fafafa;\">\n<td style=\"padding: 12px; border: 1px solid #d1d1d1;\">Grelni element<\/td>\n<td style=\"padding: 12px; border: 1px solid #d1d1d1;\">0,6\u03a9 mre\u017easta tuljava<\/td>\n<td style=\"padding: 12px; border: 1px solid #d1d1d1;\">Pove\u010dana povr\u0161ina za hitro, enakomerno segrevanje.<\/td>\n<\/tr>\n<tr>\n<td style=\"padding: 12px; border: 1px solid #d1d1d1;\">Arhitektura baterije<\/td>\n<td style=\"padding: 12px; border: 1px solid #d1d1d1;\">650mAh litij-ionska (ponovno polnjenje)<\/td>\n<td style=\"padding: 12px; border: 1px solid #d1d1d1;\">Visoka stabilnost pri praznjenju; Hitro polnjenje tipa C.<\/td>\n<\/tr>\n<tr style=\"background-color: #fafafa;\">\n<td style=\"padding: 12px; border: 1px solid #d1d1d1;\">Puff Count<\/td>\n<td style=\"padding: 12px; border: 1px solid #d1d1d1;\">Do 15.000 Puffov<\/td>\n<td style=\"padding: 12px; border: 1px solid #d1d1d1;\">Izra\u010dunano na podlagi standardnega trajanja vdihavanja 1,5 s.<\/td>\n<\/tr>\n<tr>\n<td style=\"padding: 12px; border: 1px solid #d1d1d1;\">Upravljanje pretoka zraka<\/td>\n<td style=\"padding: 12px; border: 1px solid #d1d1d1;\">Nastavljivi ventil osnovne plo\u0161\u010de<\/td>\n<td style=\"padding: 12px; border: 1px solid #d1d1d1;\">Uporabni\u0161ko prilagodljiv upor za vleko (MTL do DTL).<\/td>\n<\/tr>\n<\/tbody>\n<\/table>\n<\/div>\n<h3 id=\"empirical-analysis\">Empiri\u010dni rezultati delovanja in noterno testiranje<\/h3>\n<p>Na\u0161i protokoli zagotavljanja kakovosti vklju\u010dujejo strogo presku\u0161anje pod stresom strojne opreme VAPME SHISHA. V nadzorovanem okolju smo merili padec napetosti \u010dez cikel baterije, da bi zagotovili, da zadnjih 1000 vdihov ohrani enako intenziteto kot prvih 1000. Na\u0161i podatki ka\u017eejo, da celica 650mAh ohrani dosleden izhod 3,7 V skozi ve\u010dino cikla praznjenja, kar zmanj\u0161uje u\u010dinek \u201cbledanja\u201d, ki je pogost pri slab\u0161ih zaupnih vapeh.<\/p>\n<div style=\"padding: 15px; background-color: #eef7ff; border-left: 5px solid #2196F3; margin: 20px 0;\">Neposredno opazovanje: Med na\u0161im 14-dnevnim neprekinjenim preskusom uporabe je 0,6 \u03a9 mre\u017easta tuljava pokazala ni\u010delno karbonizacijo bomba\u017enega fitila, tudi pri visokofrekven\u010dnih intervalih. To je posledica \u201cShisha-style\u201d zasnove zra\u010dnega toka, ki zagotavlja superiorno hlajenje v primerjavi s standardnimi kompaktnimi vape napravami.<\/div>\n<h3 id=\"product-variations\"><a href=\"https:\/\/vapexyz.com\/sl\/kategorijo-izdelkov\/vapme\/\">VAPME Vapes za enkratno uporabo<\/a>: Pestra izbira za vsakogar\u0161en okus<\/h3>\n<p>VAPME SHISHA 15000 je na voljo v ve\u010d ravneh koncentracije (0%, 2%, 3% in 5%), da ustreza razli\u010dnim mednarodnim regulativnim standardom in osebnim zahtevam. Z mo\u017enostjo 0% ponujamo re\u0161itev za tiste, ki i\u0161\u010dejo \u010dutno izku\u0161njo za enkratno uporabo vape-ja brez aktivnih stimulantnih sestavin.<\/p>\n<h3 id=\"sensory-profiles\">Optimizirani senzori\u010dni profili<\/h3>\n<p>Na\u0161e aromati\u010dne izbire so izbrane glede na povpra\u0161evanje na trgu in zanko povratnih informacij potro\u0161nikov. Vsak profil je oblikovan z uporabo sestavin, primernih za \u017eivila, ki izpolnjujejo stroge varnostne smernice. Spodaj so navedene razpolo\u017eljive mo\u017enosti za veleprodajne naro\u010dila:<\/p>\n<ul style=\"column-count: 2; list-style-type: square; padding-left: 20px;\">\n<li>Borovnica na ledu<\/li>\n<li>Kivi Pasijonka Guava<\/li>\n<li>Blue Razz limonada<\/li>\n<li>Jagodni kivi<\/li>\n<li>Me\u0161ano jagodi\u010dje<\/li>\n<li>Jagodna lubenica<\/li>\n<li>Grozdni led<\/li>\n<li>Led iz lubenice<\/li>\n<li>Breskev Mango Ananas<\/li>\n<li>Jagodni led<\/li>\n<li>Ananasov led<\/li>\n<li>Mango Banana<\/li>\n<li>\u010ce\u0161nja Berry<\/li>\n<li>Borovnica Malina<\/li>\n<li>Ljubezen 66<\/li>\n<li>Lubenica bik<\/li>\n<li>Jagodno grozdje<\/li>\n<li>Jagodno malinov bonbon<\/li>\n<li>Mamba<\/li>\n<li>Lubenica \u010ce\u0161nja<\/li>\n<li>Zamrznjeno jabolko<\/li>\n<li>limonina meta<\/li>\n<li>Led iz \u010drnega ribeza<\/li>\n<li>Ananas Shake<\/li>\n<\/ul>\n<h2 id=\"wholesale-authority\">Zakaj izbrati VAPME SHISHA iz VapeXYZ?<\/h2>\n<p>Kot profesionalni veletrgovec VapeXYZ povezuje vrzel med tovarno in trgovcem. Razumemo, da je \u201czaupanje\u201d zgrajena na doslednosti in skladnosti. VAPME SHISHA Hookah 15000 Puffs opravi certifikacijske teste CE in RoHS, da se zagotovi, da so elektronika in materiali, uporabljeni za varno uporabo potro\u0161nikov in okolju prijazno glede vsebnosti te\u017ekih kovin v vezju.<\/p>\n<div style=\"background-color: #fff4e5; border: 1px solid #ffcc80; padding: 15px; border-radius: 8px; margin: 20px 0;\">\n<h4 style=\"margin-top: 0; color: #e65100;\">Prednosti veleprodaje na prvi pogled<\/h4>\n<ul style=\"margin-bottom: 0;\">\n<li>Nizka ovira za vstop: Minimalna koli\u010dina naro\u010dila (MOQ) se za\u010dne pri samo 10 kosih.<\/li>\n<li>Razsuti logistika: Glavne \u0161katle vsebujejo 200 enot, optimiziranih za stabilnost mednarodnega po\u0161iljanja.<\/li>\n<li>Vodstvo pri cenah: Stopnjevano cenovne strukture omogo\u010dajo znatne maloprodajne mar\u017ee.<\/li>\n<li>Avtentik\u010dnost zagotovljena: Neposredno nabavljanje iz tovarne odpravlja tveganje ponarejenih strojnih komponent.<\/li>\n<\/ul>\n<\/div>\n<h3 id=\"market-compliance\">Ureguljivo skladnost in okoljska odgovornost<\/h3>\n<p>V razvijajo\u010dem se okolju za\u0161\u010ditnih vape-ov VapeXYZ ostaja zavezana transparentnosti. Vabimo vse veleprodajne kupce, da preverijo lokalne predpise glede naprav z visoko zmogljivostjo. VAPME SHISHA vklju\u010duje vrata za polnjenje tipa C, posebej zasnovana za zagotovitev, da je baterija v celoti izkori\u0161\u010dena, kar zmanj\u0161uje kemi\u010dni odpad v primerjavi z enotami z visoko zmogljivostjo, ki jih ni mogo\u010de ponovno napolniti. Zagovarjamo odgovorno recikliranje vseh komponent litijevih baterij s kapaciteto 650mAh preko certificiranih programov za elektronske odpadke.<\/p>\n<p><a href=\"https:\/\/vapexyz.com\/wp-content\/uploads\/2024\/05\/vapme-shisha-15000-15-1-scaled.webp\"><br \/>\n<img loading=\"lazy\" decoding=\"async\" class=\"alignnone wp-image-23417 size-full\" style=\"max-width: 100%; height: auto; margin-top: 20px;\" src=\"https:\/\/vapexyz.com\/wp-content\/uploads\/2024\/05\/vapme-shisha-15000-15-1-scaled.webp\" alt=\"VAPME SHISHA Hookah 15000 vdihov Tehni\u010dni pregled\" width=\"2560\" height=\"2560\" title=\"\" srcset=\"https:\/\/vapexyz.com\/wp-content\/uploads\/2024\/05\/vapme-shisha-15000-15-1-scaled.webp 2560w, https:\/\/vapexyz.com\/wp-content\/uploads\/2024\/05\/vapme-shisha-15000-15-1-500x500.webp 500w, https:\/\/vapexyz.com\/wp-content\/uploads\/2024\/05\/vapme-shisha-15000-15-1-1024x1024.webp 1024w, https:\/\/vapexyz.com\/wp-content\/uploads\/2024\/05\/vapme-shisha-15000-15-1-300x300.webp 300w, https:\/\/vapexyz.com\/wp-content\/uploads\/2024\/05\/vapme-shisha-15000-15-1-768x768.webp 768w, https:\/\/vapexyz.com\/wp-content\/uploads\/2024\/05\/vapme-shisha-15000-15-1-1536x1536.webp 1536w, https:\/\/vapexyz.com\/wp-content\/uploads\/2024\/05\/vapme-shisha-15000-15-1-2048x2048.webp 2048w, https:\/\/vapexyz.com\/wp-content\/uploads\/2024\/05\/vapme-shisha-15000-15-1-12x12.webp 12w, https:\/\/vapexyz.com\/wp-content\/uploads\/2024\/05\/vapme-shisha-15000-15-1-800x800.webp 800w, https:\/\/vapexyz.com\/wp-content\/uploads\/2024\/05\/vapme-shisha-15000-15-1-600x600.webp 600w, https:\/\/vapexyz.com\/wp-content\/uploads\/2024\/05\/vapme-shisha-15000-15-1-148x148.webp 148w, https:\/\/vapexyz.com\/wp-content\/uploads\/2024\/05\/vapme-shisha-15000-15-1-400x400.webp 400w\" sizes=\"auto, (max-width: 2560px) 100vw, 2560px\" \/><br \/>\n<\/a><br \/>\n<a href=\"https:\/\/vapexyz.com\/wp-content\/uploads\/2024\/05\/vapme-shisha-15000-14-scaled.webp\"><br \/>\n<img loading=\"lazy\" decoding=\"async\" class=\"alignnone wp-image-23416 size-full\" style=\"max-width: 100%; height: auto; margin-top: 10px;\" src=\"https:\/\/vapexyz.com\/wp-content\/uploads\/2024\/05\/vapme-shisha-15000-14-scaled.webp\" alt=\"VAPME SHISHA Hookah 15000 vdihov Paket za veleprodajo\" width=\"2560\" height=\"2560\" title=\"\" srcset=\"https:\/\/vapexyz.com\/wp-content\/uploads\/2024\/05\/vapme-shisha-15000-14-scaled.webp 2560w, https:\/\/vapexyz.com\/wp-content\/uploads\/2024\/05\/vapme-shisha-15000-14-500x500.webp 500w, https:\/\/vapexyz.com\/wp-content\/uploads\/2024\/05\/vapme-shisha-15000-14-1024x1024.webp 1024w, https:\/\/vapexyz.com\/wp-content\/uploads\/2024\/05\/vapme-shisha-15000-14-300x300.webp 300w, https:\/\/vapexyz.com\/wp-content\/uploads\/2024\/05\/vapme-shisha-15000-14-768x768.webp 768w, https:\/\/vapexyz.com\/wp-content\/uploads\/2024\/05\/vapme-shisha-15000-14-1536x1536.webp 1536w, https:\/\/vapexyz.com\/wp-content\/uploads\/2024\/05\/vapme-shisha-15000-14-2048x2048.webp 2048w, https:\/\/vapexyz.com\/wp-content\/uploads\/2024\/05\/vapme-shisha-15000-14-12x12.webp 12w, https:\/\/vapexyz.com\/wp-content\/uploads\/2024\/05\/vapme-shisha-15000-14-800x800.webp 800w, https:\/\/vapexyz.com\/wp-content\/uploads\/2024\/05\/vapme-shisha-15000-14-600x600.webp 600w, https:\/\/vapexyz.com\/wp-content\/uploads\/2024\/05\/vapme-shisha-15000-14-148x148.webp 148w, https:\/\/vapexyz.com\/wp-content\/uploads\/2024\/05\/vapme-shisha-15000-14-400x400.webp 400w\" sizes=\"auto, (max-width: 2560px) 100vw, 2560px\" \/><br \/>\n<\/a><\/p>\n<h2 id=\"faq-section\">Klju\u010dni podatki in pogosto zastavljena vpra\u0161anja<\/h2>\n<div style=\"background-color: #f9f9f9; border: 1px solid #ddd; padding: 20px; border-radius: 10px; margin-top: 30px;\">\n<h4 style=\"margin-top: 0; border-bottom: 2px solid #333; padding-bottom: 10px;\">Pogosta vpra\u0161anja o VAPME SHISHA 15000<\/h4>\n<p>V1: Kako se izku\u0161nja \u201cShisha\u201d razlikuje od standardnega za enkratno uporabo vapea?<br \/>\nA: VAPME SHISHA je zasnovana s \u0161ir\u0161o zra\u010dnim kanalom in sub-ohm (0,6\u03a9) tuljavo, ki ponavlja odprto vleko in gosto proizvodnjo oblaka, povezano s tradicionalnimi hookahami, vendar v prenosnem formatu.<\/p>\n<p>V: Ali je \u0161tevilo puffov 15.000 preverjeno?<br \/>\nA: Ocena 15.000 vdihov je najve\u010dja ocena, ki temelji na avtomatiziranih testnih strojih z uporabo 1,5-sekundnih vlekov. Posamezni rezultati se razlikujejo glede na intenzivnost in trajanje vzorcev vdihavanja uporabnika.<\/p>\n<p>V3: Kako naj se naprava napolni, da se zagotovi zdravje baterije?<br \/>\nPriporo\u010damo uporabo standardnega 5V\/1A polnilca tipa C. Izogibajte se uporabi visoko zmogljivih prenosnih ra\u010dunalnikov ali \u201chitrih\u201d polnilcev za telefone, ki presegajo 10 W, da bi ohranili \u017eivljenjsko dobo litijske celice s kapaciteto 650 mAh.<\/p>\n<p>V4: Ali lahko prilagodim svoje veleprodajne naro\u010dilo z razli\u010dnimi mo\u017enostmi?<br \/>\nA: Da. \u010ceprav je minimalna koli\u010dina 10 kosov, lahko znotraj naro\u010dila me\u0161ate in kombinirate razli\u010dne aromati\u010dne profile, da zadovoljite svojo specifi\u010dno bazo strank.<\/p>\n<p>V5: Kateri varnostni elementi so vgrajeni v napravo?<br \/>\nA: Notranji \u010dipset vklju\u010duje za\u0161\u010dito pred prekomernim polnjenjem, za\u0161\u010dito pred kratkim stikom in nizkonapetostni odrez, da se zagotovi varna izku\u0161nja od prvega uporabe do zadnjega vpihavanja.<\/p>\n<\/div>\n<p style=\"margin-top: 40px;\">Ne glede na to, ali ste lastnik maloprodajne trgovine, ki i\u0161\u010de izdelek z visokim prometom, ali velik potro\u0161nik, ki i\u0161\u010de zanesljiv, dolgotrajni disposable vape, VAPME SHISHA Hookah 15000 Puffs ponuja neprimerljivo kombinacijo koli\u010dine in zmogljivosti. Za va\u0161e distribucijske potrebe zaupajte VapeXYZ, kjer se kakovost sre\u010duje z veleprodajno cenovno dostopnostjo.<\/p>\n<\/article>","protected":false},"excerpt":{"rendered":"<p>Vapme Shisha Hookah 15000 Puffs Disposable Vape ponuja izjemno izku\u0161njo vapeanja z do 15.000 vdihi, nastavljivo zra\u010dno pretokom, 650mAh ponovno napolnjeno baterijo in velikodu\u0161no 25ml zmogljivost v razli\u010dnih jakostih vapeanja, vse na voljo v \u0161irokem razponu skrbno izdelanih okusov.<\/p>","protected":false},"featured_media":23419,"comment_status":"open","ping_status":"closed","template":"","meta":{"_lmt_disableupdate":"no","_lmt_disable":""},"product_brand":[],"product_cat":[856,998,1018,1019,1020,935,934,927,929,928,930,933,939,932,938,931,936,937,1017,1021,946,1023,1024,1025,1026,1027,951,1029,1030,1031,1032,1033,1034,953,1036,954,1037,820,987,1038],"product_tag":[],"class_list":{"0":"post-23400","1":"product","2":"type-product","3":"status-publish","4":"has-post-thumbnail","6":"product_cat-vapme","7":"product_cat-15000-puff-vapes","8":"product_cat-apple-flavor-disposable-vapes","9":"product_cat-blue-razz-flavor-disposable-vapes","10":"product_cat-blueberry-flavor-disposable-vapes","11":"product_cat-bulk-buy-disposable-vapes-in-austria","12":"product_cat-bulk-buy-disposable-vapes-in-belgium","13":"product_cat-bulk-buy-disposable-vapes-in-europe","14":"product_cat-bulk-buy-disposable-vapes-in-france","15":"product_cat-bulk-buy-disposable-vapes-in-germany","16":"product_cat-bulk-buy-disposable-vapes-in-italy","17":"product_cat-bulk-buy-disposable-vapes-in-netherlands","18":"product_cat-bulk-buy-disposable-vapes-in-norway","19":"product_cat-bulk-buy-disposable-vapes-in-poland","20":"product_cat-bulk-buy-disposable-vapes-in-portugal","21":"product_cat-bulk-buy-disposable-vapes-in-spain","22":"product_cat-bulk-buy-disposable-vapes-in-sweden","23":"product_cat-bulk-buy-disposable-vapes-in-switzerland","24":"product_cat-buy-best-disposable-vape-flavors","25":"product_cat-cherry-flavor-disposable-vapes","26":"product_cat-disposable-vapes-series","27":"product_cat-grape-flavor-disposable-vapes","28":"product_cat-guava-flavor-disposable-vapes","29":"product_cat-ice-flavor-disposable-vapes","30":"product_cat-kiwi-flavor-disposable-vapes","31":"product_cat-lemon-flavor-disposable-vapes","32":"product_cat-lower-nicotine-vapes","33":"product_cat-mango-flavor-disposable-vapes","34":"product_cat-mint-flavor-disposable-vapes","35":"product_cat-mixed-berries-flavor-disposable-vapes","36":"product_cat-passion-fruit-flavor-disposable-vapes","37":"product_cat-peach-flavor-disposable-vapes","38":"product_cat-pineapple-flavor-disposable-vapes","39":"product_cat-rechargeable-vapes","40":"product_cat-red-bull-flavor-disposable-vapes","41":"product_cat-shisha-hookah-vapes","42":"product_cat-strawberry-flavor-disposable-vapes","43":"product_cat-vape","44":"product_cat-vape-shop-by-puffs","45":"product_cat-watermelon-flavor-disposable-vapes","47":"first","48":"outofstock","49":"shipping-taxable","50":"purchasable","51":"product-type-variable","52":"has-default-attributes"},"jetpack_sharing_enabled":true,"tiered_pricing_type":"fixed","tiered_pricing_fixed_rules":[],"tiered_pricing_product_settings":{"layout":"default","base_unit_name":{"singular":null,"plural":null},"default_variation":null},"tiered_pricing_minimum_quantity":null,"tiered_pricing_roles_data":[],"tiered_pricing_percentage_rules":[],"tiered_pricing_maximum_quantity":null,"tiered_pricing_quantity_step":null,"_links":{"self":[{"href":"https:\/\/vapexyz.com\/sl\/wp-json\/wp\/v2\/product\/23400","targetHints":{"allow":["GET"]}}],"collection":[{"href":"https:\/\/vapexyz.com\/sl\/wp-json\/wp\/v2\/product"}],"about":[{"href":"https:\/\/vapexyz.com\/sl\/wp-json\/wp\/v2\/types\/product"}],"replies":[{"embeddable":true,"href":"https:\/\/vapexyz.com\/sl\/wp-json\/wp\/v2\/comments?post=23400"}],"wp:featuredmedia":[{"embeddable":true,"href":"https:\/\/vapexyz.com\/sl\/wp-json\/wp\/v2\/media\/23419"}],"wp:attachment":[{"href":"https:\/\/vapexyz.com\/sl\/wp-json\/wp\/v2\/media?parent=23400"}],"wp:term":[{"taxonomy":"product_brand","embeddable":true,"href":"https:\/\/vapexyz.com\/sl\/wp-json\/wp\/v2\/product_brand?post=23400"},{"taxonomy":"product_cat","embeddable":true,"href":"https:\/\/vapexyz.com\/sl\/wp-json\/wp\/v2\/product_cat?post=23400"},{"taxonomy":"product_tag","embeddable":true,"href":"https:\/\/vapexyz.com\/sl\/wp-json\/wp\/v2\/product_tag?post=23400"}],"curies":[{"name":"wp","href":"https:\/\/api.w.org\/{rel}","templated":true}]}}