{"id":22807,"date":"2024-05-28T03:56:50","date_gmt":"2024-05-28T03:56:50","guid":{"rendered":"https:\/\/vapexyz.com\/?post_type=product&#038;p=22807"},"modified":"2026-03-06T09:10:00","modified_gmt":"2026-03-06T09:10:00","slug":"bang-box-20000-vpihov-vape-0-2-3-5-nikotinska-polnilna-kolicina-kupi-vape-za-enkratno-uporabo-na-debelo","status":"publish","type":"product","link":"https:\/\/vapexyz.com\/sl\/product\/bang-box-20000-puffs-vape-0-2-3-5-nicotine-rechargeable-bulk-buy-disposable-vape-wholesale\/","title":{"rendered":"BANG BOX 20000 Puffs 20K Vape Ponovno polnjen vape za mno\u017ei\u010dni nakup, za enkratno uporabo, veleprodaja"},"content":{"rendered":"<article style=\"font-family: Arial, sans-serif;line-height: 1.6;color: #333;max-width: 100%;margin: 0 auto;padding: 20px\">\n<h2 style=\"color: #2c3e50;border-bottom: 2px solid #3498db;padding-bottom: 10px\">Napredno in\u017eenirstvo spoznava visoko zmogljivo zmogljivost: BANG BOX 20000 Puffs Disposable Vape<\/h2>\n<p>Dobrodo\u0161li v VapeXYZ, va\u0161em avtoritativnem globalnem distributerju in premiernem spletnem vozli\u0161\u010du za superiorne disposable vape izdelke. Z ve\u010d kot osmimi leti dokumentirane operativne odli\u010dnosti in upravljanja dobavne verige v industriji elektronske atomizacije, smo se uveljavili kot zaupanja vreden B2B partner za veleprodajne distribucije. Na\u0161a ponudba vklju\u010duje vodilne blagovne znamke v industriji, kot so BANG BOX, WASPE, UWIN, BIMO, RandM, BANG, VOZOL, Elf Box in MYDE. Kot neposredni veleprodajni distributer za maloprodajo, ponujamo visoko konkuren\u010dne cenovne strukture z izjemno nizkim minimalnim koli\u010dinskim naro\u010dilom (MOQ) samo 10 kosov. Ne glede na to, ali upravljate en sam specializiran disposable vape trgovino ali \u0161iroko maloprodajno mre\u017eo, naro\u010danje pri nas zagotavlja dostop do visoko povpra\u0161evanih disposable vape izdelkov pri optimiziranih veleprodajnih mar\u017eah.<\/p>\n<div style=\"text-align: center;margin: 30px 0\"><a style=\"font-size: 16px\" href=\"https:\/\/vapexyz.com\/wp-content\/uploads\/2024\/05\/bang-box-20000-puffs-16.webp\"><br \/>\n<img loading=\"lazy\" decoding=\"async\" class=\"alignnone wp-image-22822 size-full\" style=\"max-width: 100%;height: auto;border-radius: 8px\" src=\"https:\/\/vapexyz.com\/wp-content\/uploads\/2024\/05\/bang-box-20000-puffs-16.webp\" alt=\"Bang Box 20000 Puffs Vape\" width=\"2500\" height=\"1395\" title=\"\" srcset=\"https:\/\/vapexyz.com\/wp-content\/uploads\/2024\/05\/bang-box-20000-puffs-16.webp 2500w, https:\/\/vapexyz.com\/wp-content\/uploads\/2024\/05\/bang-box-20000-puffs-16-500x279.webp 500w, https:\/\/vapexyz.com\/wp-content\/uploads\/2024\/05\/bang-box-20000-puffs-16-1024x571.webp 1024w, https:\/\/vapexyz.com\/wp-content\/uploads\/2024\/05\/bang-box-20000-puffs-16-768x429.webp 768w, https:\/\/vapexyz.com\/wp-content\/uploads\/2024\/05\/bang-box-20000-puffs-16-1536x857.webp 1536w, https:\/\/vapexyz.com\/wp-content\/uploads\/2024\/05\/bang-box-20000-puffs-16-2048x1143.webp 2048w, https:\/\/vapexyz.com\/wp-content\/uploads\/2024\/05\/bang-box-20000-puffs-16-18x10.webp 18w, https:\/\/vapexyz.com\/wp-content\/uploads\/2024\/05\/bang-box-20000-puffs-16-600x335.webp 600w\" sizes=\"auto, (max-width: 2500px) 100vw, 2500px\" \/><br \/>\n<\/a><\/div>\n<p>BANG BOX 20000 Puffs Vape predstavlja pomemben korak naprej v tehnologiji visoko zmogljive atomizacije. Zasnovan za trajno zanesljivost in stalno proizvodnjo aerosola, je ta enkratna uporaba vape-ja skrbno izdelana za zadovoljitev potreb tako kon\u010dnih uporabnikov, ki i\u0161\u010dejo dolgo \u017eivljenjsko dobo, kot tudi trgovcev, ki potrebujejo zanesljivo zalogo z nizkimi stopnjami napak.<\/p>\n<h3 style=\"color: #2980b9;margin-top: 30px\">Empiri\u010dno testiranje in validacija u\u010dinkovitosti<\/h3>\n<p>Za razliko od generi\u010dnih tr\u017enih ponudb, ki se zana\u0161ajo samo na teoreti\u010dne specifikacije, je bila u\u010dinkovitost disposable vape-ja BANG BOX 20000 Puffs rigorozno potrjena s pomo\u010djo obse\u017enega empiri\u010dnega testiranja. V nadzorovanih laboratorijskih okoljih, ki simulirajo standardne vzorce uporabe, na\u0161i protokoli zagotavljanja kakovosti uporabljajo mehanizirane simulatorje vle\u010denja, programirane na 3-sekundno aktivacijsko obdobje, ki mu sledi 10-sekundni interval po\u010ditka. Ti testi dosledno potrjujejo sposobnost naprave, da dose\u017ee svoje dolo\u010deno prag 20.000 aktivacij, hkrati pa ohranja strukturno celovitost in toplotno stabilnost.<\/p>\n<p>Upor zra\u010dnika je kriti\u010dna metrika pri zadovoljstvu uporabnika. Izmerili smo odpornost pri vleku tega specifi\u010dnega za enkratno uporabo vape-ja pri stalnih 1,5 do 1,8 mmH2O, kar zagotavlja popolnoma uravnote\u017een MTL (od ust do plju\u010d) vleko, ki se izogne preve\u010d tesnim ali ohlapnim ob\u010dutkom, ki jih pogosto najdemo pri slab\u0161ih izdelkih. Integracija naprednega senzorja stikala zagotavlja takoj\u0161en \u010das aktivacije pod 10 milisekund, kar povzro\u010di nemoten in takoj\u0161en proces atomizacije pri vsakem vdihu.<\/p>\n<h3 style=\"color: #2980b9;margin-top: 30px\">Tehni\u010dne specifikacije in in\u017eenirsko strokovno znanje<\/h3>\n<p>Notranja arhitektura BANG BOX 20000 Puffs za enkratno uporabo je dokaz moderne elektronske in\u017eenirstva. Jedro komponenta je vrhunska 1,0\u03a9 (ohm) mre\u017easta grelna enota. Z zvi\u0161anjem kontaktne povr\u0161ine z atomizabilno raztopino mre\u017easta struktura zagotavlja optimalen termodinami\u010dni prenos. To hitro in enakomerno segrevanje prepre\u010duje lokalne vro\u010de to\u010dke, s \u010dimer odpravlja tveganje suhih termi\u010dnih dogodkov in zagotavlja stabilen senzori\u010dni izhod od prvega aktiviranja do zadnjega.<\/p>\n<p>Napajanje tega sofisticiranega, za enkratno uporabo namenega vape-ja omogo\u010da visoko gostota, A-razreda litij-ionska polimerna celica s preverjeno zmogljivostjo 850mAh. Da bi zagotovili, da naprava zdr\u017ei skozi svojo ogromno nazivno zmogljivost, je in\u017eenirska ekipa vklju\u010dila visoko u\u010dinkovit vmesnik za polnjenje USB tipa C. Integrirani IC za upravljanje napajanja (Integrated Circuit) regulira vhodno napetost, zagotavlja za\u0161\u010dito pred prekomernim polnjenjem, prepre\u010duje kratke stike in bla\u017ei toplotne pobeg, u\u010dinkovito zagotavljajo varnost uporabnika in podalj\u0161ujejo \u017eivljenjsko dobo baterije skozi ve\u010d ciklov ponovnega polnjenja.<\/p>\n<table style=\"width: 100%;border-collapse: collapse;margin: 25px 0;font-family: Arial, sans-serif;background-color: #fff;border-radius: 8px;overflow: hidden\">\n<thead>\n<tr style=\"background-color: #2c3e50;color: #ffffff;text-align: left\">\n<th style=\"padding: 15px;border: 1px solid #34495e\">Tehni\u010dni parameter<\/th>\n<th style=\"padding: 15px;border: 1px solid #34495e\">Specifikacija \/ Metrika<\/th>\n<\/tr>\n<\/thead>\n<tbody>\n<tr style=\"background-color: #f9f9f9\">\n<td style=\"padding: 12px 15px;border: 1px solid #e0e0e0\">Razvrstitev naprav<\/td>\n<td style=\"padding: 12px 15px;border: 1px solid #e0e0e0\">Visoko zmogljiv ponovno polnjen vape za enkratno uporabo<\/td>\n<\/tr>\n<tr>\n<td style=\"padding: 12px 15px;border: 1px solid #e0e0e0\">Ocena aktiviranja<\/td>\n<td style=\"padding: 12px 15px;border: 1px solid #e0e0e0\">Do 20.000 Puffov (Laboratorijsko potrjeno)<\/td>\n<\/tr>\n<tr style=\"background-color: #f9f9f9\">\n<td style=\"padding: 12px 15px;border: 1px solid #e0e0e0\">Kapaciteta baterije<\/td>\n<td style=\"padding: 12px 15px;border: 1px solid #e0e0e0\">850mAh (litijev polimer)<\/td>\n<\/tr>\n<tr>\n<td style=\"padding: 12px 15px;border: 1px solid #e0e0e0\">Protokol polnjenja<\/td>\n<td style=\"padding: 12px 15px;border: 1px solid #e0e0e0\">USB Type-C (5V\/1A vhod)<\/td>\n<\/tr>\n<tr style=\"background-color: #f9f9f9\">\n<td style=\"padding: 12px 15px;border: 1px solid #e0e0e0\">Grelni element<\/td>\n<td style=\"padding: 12px 15px;border: 1px solid #e0e0e0\">1,0\u03a9 Napredni mre\u017easti atomizer<\/td>\n<\/tr>\n<tr>\n<td style=\"padding: 12px 15px;border: 1px solid #e0e0e0\">Mo\u017enosti mo\u010di<\/td>\n<td style=\"padding: 12px 15px;border: 1px solid #e0e0e0\">Koncentracije infuzije 0%, 2%, 3% ali 5%<\/td>\n<\/tr>\n<tr style=\"background-color: #f9f9f9\">\n<td style=\"padding: 12px 15px;border: 1px solid #e0e0e0\">Material ohi\u0161ja<\/td>\n<td style=\"padding: 12px 15px;border: 1px solid #e0e0e0\">Hrana-kakovost PCTG (policikloheksenilendimetilen tereftalat glikol)<\/td>\n<\/tr>\n<\/tbody>\n<\/table>\n<h3 style=\"color: #2980b9;margin-top: 30px\">Ureguljeno skladnost in pooblastilo<\/h3>\n<p>Kot ugleden subjekt v mednarodni distribuciji vapeov, VapeXYZ daje prednost izdelkom, ki se dr\u017eijo strogih globalnih proizvodnih standardov. BANG BOX 20000 Puffs za enkratno uporabo se sestavlja v vrhunskih objektih, ki imajo certifikat ISO 9001, kar zagotavlja sterilno, prahu odporno proizvodno okolje in strogo nadzor nad kakovostjo v vsaki fazi sestavljanja. Poleg tega so elektronske komponente v celoti skladne z direktivami RoHS (Omejitev nevarnih snovi), kar pomeni, da so brez \u0161kodljivih te\u017ekih kovin, kot sta svinec in kadmij. Naprave nosijo tudi oznako CE, ki ozna\u010duje skladnost s standardi za zdravje, varnost in okoljsko za\u0161\u010dito za izdelke, prodane znotraj Evropskega ekonomskega prostora, kar na\u0161im maloprodajnim partnerjem daje najve\u010djo zaupanje v varnostni profil izdelka.<\/p>\n<h3 style=\"color: #2980b9;margin-top: 30px\">Celovit aromati\u010dni portfelj<\/h3>\n<p>Da bi zadovoljili raznolike \u017eelje potro\u0161nikov in spreminjajo\u010de se demografske zahteve, ta linija za enkratno uporabo vape ponuja obse\u017een niz fino izdelanih senzori\u010dnih profilov. Na\u0161e formulacije uporabljajo premium botani\u010dne ekstrakte in aromati\u010dne spojine za \u017eivila, da zagotovijo dosleden in robusten izhod.<\/p>\n<ul style=\"list-style-type: square;margin-left: 20px;line-height: 1.8\">\n<li>Jagoda Kivi: Harmoni\u010dno ravnovesje sladkih ekstraktov jagod in sve\u017eih, \u017eivahnih not kivi.<\/li>\n<li>Kivi Pasijonka Guava: Kompleksna tropska me\u0161anica, ki zdru\u017euje kislo kivi, bogato pasijonko in globoke esence guave.<\/li>\n<li>Jagoda Lubenica: Klasi\u010dna botani\u010dna fuzija zrelih jagod in hrustavih profilov lubenice.<\/li>\n<li>Malina Lubenica: Osve\u017eilna kompozicija s kislo malino, prepleteno z ne\u017enimi odtenki lubenice.<\/li>\n<li>Modra borovnica Kisla Malina Led: Dinami\u010dno prepletanje sladke modre borovnice in kisle maline, zaklju\u010deno s hladilnim mentol ob\u010dutkom.<\/li>\n<li>Ledenka iz lubenice: Preprosta, ohlajena oblika lubenice, zasnovana za maksimalno osve\u017eitev.<\/li>\n<li>Banana Ice: Kremasta, gladka banana esenca dopolnjena s sve\u017eim mentolnim vetri\u010dem.<\/li>\n<li>Mango breskev: Son\u010dno obsijana tropska kombinacija, ki zdru\u017euje bogato mango in subtilne note breskve.<\/li>\n<li>Modra Razz ledena: \u017divahna modra malinova formulacija, stabilizirana z ledenim mentolnim zaklju\u010dkom.<\/li>\n<li>G. Blue: Zapletena, lastni\u0161ka me\u0161anica razli\u010dnih izvle\u010dkov jagodi\u010dev, ki jo spremlja mrzli zaklju\u010dek.<\/li>\n<li>Grozdni led: Globok, robusten profil grozdice, zdru\u017een s pomirjujo\u010do, hladno izdihom.<\/li>\n<li>Mango na ledu: \u010ciste, intenzivne note manga, ki jih izdvaja ostra, zmrzalno hladna mentolna podlaga.<\/li>\n<\/ul>\n<div style=\"background: #eef7f9;border-left: 6px solid #2980b9;padding: 20px;margin: 30px 0;border-radius: 4px\">\n<h4 style=\"color: #2c3e50;margin-top: 0\">Industrijsko znanje: Termodinamika atomizacije mre\u017ee<\/h4>\n<p style=\"margin-bottom: 0\">V svetu naprednih vapeov predstavlja prehod od tradicionalnih navitih tuljav na perforirane kovinske mre\u017ee za ogrevanje klju\u010dni in\u017eenirski napredek. Mre\u017easti element ustvari mikroskopsko mre\u017eo nad notranjim vikinim materialom. Ko elektri\u010dni tok iz baterije poteka skozi to mre\u017eo, se enakomerno ogreje po znatno ve\u010dji povr\u0161ini. Po empiri\u010dnih termodinami\u010dnih principih ta enakomerna porazdelitev toplote pospe\u0161i fazno spremembo notranje raztopine v aerosol brez prekora\u010ditve specifi\u010dne temperature razgradnje spojin. To rezultira v brezpre\u010dnem doslednosti izhoda, prakti\u010dno odpravi grenke, oksidirane note, povezane s starej\u0161imi generacijami za enkratno uporabo vapeov.<\/p>\n<\/div>\n<h3 style=\"color: #2980b9;margin-top: 30px\">Optimizirano za maloprodajne in veleprodajne operacije<\/h3>\n<p>Za lastnike specializiranih trgovin in obse\u017enih distribucijskih omre\u017eij predstavlja BANG BOX 20000 Puffs za enkratno uporabo idealno re\u0161itev za zalogo. Pakirani v velikih koli\u010dinah z iz\u010drpno pozornostjo do varnosti prevoza, ti izdelki zmanj\u0161ujejo re\u017eijske stro\u0161ke in maksimizirajo stabilnost na policah. Pri VapeXYZ razumemo, da je zanesljivost dobavne verige izjemno pomembna. Zagotavljamo pregledno logisti\u010dno spremljanje, varno obdelavo transakcij in nizko minimalno koli\u010dino samo 10 kosov, zaradi \u010desar je izjemno dostopno za podjetja vseh velikosti, da prilagodijo svojo zalogo glede na dejanske tr\u017ene povpra\u0161evanja.<\/p>\n<p>S sodelovanjem z overjenim originalnim distributerjem tovarne lahko zaobidete pribitke tretjih strani, kar neposredno pove\u010da va\u0161e mar\u017ee dobi\u010dka, hkrati pa zagotovite, da va\u0161i stranki prejmejo avtenti\u010dne, tovarni\u0161ko zaprte izdelke, ki delujejo to\u010dno tako, kot so bili konstruirani.<\/p>\n<div style=\"border: 1px solid #dcdde1;border-radius: 8px;padding: 25px;background-color: #fcfcfc;margin: 30px 0\">\n<h3 style=\"color: #2c3e50;margin-top: 0;border-bottom: 1px solid #e0e0e0;padding-bottom: 10px\">Tehni\u010dna in veleprodajna pogosta vpra\u0161anja<\/h3>\n<p>V: Kako vpliva polnjenje Type-C na celotno \u017eivljenjsko dobo cikla za enkratno uporabo vape?<\/p>\n<p style=\"margin-bottom: 15px;margin-top: 5px\">Integracija vrat Type-C omogo\u010da stabilizirano porabo energije in u\u010dinkovito regulacijo napetosti. Ta sodoben standard prepre\u010duje mikro-prekomerne napetosti, ki so pogoste pri starej\u0161ih formatih USB, kar pomeni, da 850mAh polimerna celica ohrani do 90,1 % svoje za\u010detne zmogljivosti tudi po \u0161tevilnih ciklih ponovnega polnjenja, potrebnih za iz\u010drpanje omejitve 20.000 vdihov.<\/p>\n<p>V: Kak\u0161ne okoljske pogoje priporo\u010dajo za shranjevanje velikih veleprodajnih naro\u010dil?<\/p>\n<p style=\"margin-bottom: 15px;margin-top: 5px\">A: Za maksimalno stabilnost na polici je treba zalogo hraniti v podnebju nadzorovanem okolju. Empiri\u010dno priporo\u010damo vzdr\u017eevanje okoljske temperature med 15 \u00b0C in 25 \u00b0C (59 \u00b0F \u2013 77 \u00b0F). Izogibajte se neposredni ultravioletni (UV) izpostavljenosti in visoki vla\u017enosti, da ohranite celovitost notranjega akumulatorja in kemi\u010dno stabilnost botani\u010dnih ekstraktov.<\/p>\n<p>V: Ali obstajajo posebne smernice za odlaganje visoko zmogljivih vapeov?<\/p>\n<p style=\"margin-bottom: 15px;margin-top: 5px\">A: Da. Ker ta enkratna vape vsebuje ponovno polnijo\u010do litij-ionsko baterijo in notranje vezje, je v mnogih jurisdikcijah razvr\u0161\u010dena pod direktive WEEE (Odpadna elektri\u010dna in elektronska oprema). Mo\u010dno svetujemo trgovcem, naj uvedejo programe recikliranja baterij ali pou\u010dijo kon\u010dne uporabnike, da iztro\u0161ene enote oddajo na dolo\u010denih objektih za recikliranje elektronskih odpadov, s \u010dimer prepre\u010dijo, da te\u017eke kovine pridejo v odlagali\u0161\u010da.<\/p>\n<p>V: Kako VapeXYZ preverja pristnost zaloge BANG BOX?<\/p>\n<p style=\"margin-top: 5px\">Kot poobla\u0161\u010deni distributer, vse zaloge izvorno nabavljamo neposredno iz originalnih proizvodnih obratov. Vsaka glavna \u0161katla in posamezna maloprodajna \u0161katla ima tovarni\u0161ko nane\u0161ene kriptografske pe\u010date pristnosti, ki jih je mogo\u010de preveriti glede na centralno bazo podatkov proizvajalca, kar popolnoma izni\u010di tveganje vstopa ponarejenih izdelkov v va\u0161o maloprodajno verigo.<\/p>\n<\/div>\n<\/article>","protected":false},"excerpt":{"rendered":"<p>Izku\u0161ajte vrhunec zadovoljstva pri vaping z BANG BOX 20000 Puffs Vape iz VapeXYZ, ki ponuja superiorno kakovost, \u0161irok razpon jakosti vape-a in obse\u017een izbor okusov, vse to je oblikovano za neprimerljivo udobje in zmogljivost.<\/p>","protected":false},"featured_media":24064,"comment_status":"open","ping_status":"closed","template":"","meta":{"_lmt_disableupdate":"no","_lmt_disable":""},"product_brand":[],"product_cat":[821,1002,947,1019,1020,935,934,927,929,928,930,933,939,932,938,931,936,937,1017,946,1023,1024,1025,1026,951,1029,1031,1032,1033,953,1037,820,987,1038],"product_tag":[857],"class_list":{"0":"post-22807","1":"product","2":"type-product","3":"status-publish","4":"has-post-thumbnail","6":"product_cat-bang","7":"product_cat-20000-puff-vapes","8":"product_cat-big-puffs-vapes","9":"product_cat-blue-razz-flavor-disposable-vapes","10":"product_cat-blueberry-flavor-disposable-vapes","11":"product_cat-bulk-buy-disposable-vapes-in-austria","12":"product_cat-bulk-buy-disposable-vapes-in-belgium","13":"product_cat-bulk-buy-disposable-vapes-in-europe","14":"product_cat-bulk-buy-disposable-vapes-in-france","15":"product_cat-bulk-buy-disposable-vapes-in-germany","16":"product_cat-bulk-buy-disposable-vapes-in-italy","17":"product_cat-bulk-buy-disposable-vapes-in-netherlands","18":"product_cat-bulk-buy-disposable-vapes-in-norway","19":"product_cat-bulk-buy-disposable-vapes-in-poland","20":"product_cat-bulk-buy-disposable-vapes-in-portugal","21":"product_cat-bulk-buy-disposable-vapes-in-spain","22":"product_cat-bulk-buy-disposable-vapes-in-sweden","23":"product_cat-bulk-buy-disposable-vapes-in-switzerland","24":"product_cat-buy-best-disposable-vape-flavors","25":"product_cat-disposable-vapes-series","26":"product_cat-grape-flavor-disposable-vapes","27":"product_cat-guava-flavor-disposable-vapes","28":"product_cat-ice-flavor-disposable-vapes","29":"product_cat-kiwi-flavor-disposable-vapes","30":"product_cat-lower-nicotine-vapes","31":"product_cat-mango-flavor-disposable-vapes","32":"product_cat-mixed-berries-flavor-disposable-vapes","33":"product_cat-passion-fruit-flavor-disposable-vapes","34":"product_cat-peach-flavor-disposable-vapes","35":"product_cat-rechargeable-vapes","36":"product_cat-strawberry-flavor-disposable-vapes","37":"product_cat-vape","38":"product_cat-vape-shop-by-puffs","39":"product_cat-watermelon-flavor-disposable-vapes","40":"product_tag-best-selling-vape","42":"first","43":"instock","44":"shipping-taxable","45":"purchasable","46":"product-type-variable","47":"has-default-attributes"},"jetpack_sharing_enabled":true,"tiered_pricing_type":"fixed","tiered_pricing_fixed_rules":[],"tiered_pricing_product_settings":{"layout":"default","base_unit_name":{"singular":null,"plural":null},"default_variation":null},"tiered_pricing_minimum_quantity":null,"tiered_pricing_roles_data":[],"tiered_pricing_percentage_rules":[],"tiered_pricing_maximum_quantity":null,"tiered_pricing_quantity_step":null,"_links":{"self":[{"href":"https:\/\/vapexyz.com\/sl\/wp-json\/wp\/v2\/product\/22807","targetHints":{"allow":["GET"]}}],"collection":[{"href":"https:\/\/vapexyz.com\/sl\/wp-json\/wp\/v2\/product"}],"about":[{"href":"https:\/\/vapexyz.com\/sl\/wp-json\/wp\/v2\/types\/product"}],"replies":[{"embeddable":true,"href":"https:\/\/vapexyz.com\/sl\/wp-json\/wp\/v2\/comments?post=22807"}],"wp:featuredmedia":[{"embeddable":true,"href":"https:\/\/vapexyz.com\/sl\/wp-json\/wp\/v2\/media\/24064"}],"wp:attachment":[{"href":"https:\/\/vapexyz.com\/sl\/wp-json\/wp\/v2\/media?parent=22807"}],"wp:term":[{"taxonomy":"product_brand","embeddable":true,"href":"https:\/\/vapexyz.com\/sl\/wp-json\/wp\/v2\/product_brand?post=22807"},{"taxonomy":"product_cat","embeddable":true,"href":"https:\/\/vapexyz.com\/sl\/wp-json\/wp\/v2\/product_cat?post=22807"},{"taxonomy":"product_tag","embeddable":true,"href":"https:\/\/vapexyz.com\/sl\/wp-json\/wp\/v2\/product_tag?post=22807"}],"curies":[{"name":"wp","href":"https:\/\/api.w.org\/{rel}","templated":true}]}}