{"id":21021,"date":"2024-04-07T13:47:39","date_gmt":"2024-04-07T13:47:39","guid":{"rendered":"https:\/\/vapexyz.com\/?post_type=product&#038;p=21021"},"modified":"2026-03-03T15:20:45","modified_gmt":"2026-03-03T15:20:45","slug":"randm-tornado-7000-puffs-0-2-3-5-nikotinski-vape-za-enkratno-uporabo-na-debelo","status":"publish","type":"product","link":"https:\/\/vapexyz.com\/sl\/product\/randm-tornado-7000-puffs-0-2-3-5-nicotine-disposable-vape-wholesale\/","title":{"rendered":"RANDM Tornado 7000 Puffs Dolo\u010dljiva Vape"},"content":{"rendered":"<article style=\"font-family: 'Segoe UI', Roboto, Helvetica, Arial, sans-serif; color: #1f2937; line-height: 1.8; max-width: 100%; margin: 0 auto; padding: 30px; background-color: #ffffff;\">\n<h2 style=\"color: #111827; font-size: 1.75rem; border-bottom: 2px solid #e5e7eb; padding-bottom: 10px; margin-top: 0;\">Prehod na merilo strojne opreme: Objektivna in\u017eenirska analiza<\/h2>\n<p style=\"margin-bottom: 20px;\">Razumemo, da lahko prehod od znane in zanesljive naprave povzro\u010di oklevanje. Mnogi uporabniki zgradijo dosledno rutino okoli dolo\u010denih vapeov, serija RANDM Tornado 7000 pa je nedvomno slu\u017eila kot temeljni standard za mnoge v skupnosti. Va\u0161a vezava na njegovo preprosto uporabnost in predvidljivo izhod je popolnoma upravi\u010dena. Vendar pa razvoj strojne opreme zahteva, da na\u0161e zaveze zagotoviti optimalne re\u0161itve premaknejo zastarelo tehnologijo.<\/p>\n<p style=\"margin-bottom: 20px;\">Na podlagi obse\u017enih empiri\u010dnih ocen in strogih notranjih pregledov prehodimo na\u0161e glavno priporo\u010dilo na <strong>RandM Uwin Tornado Beat 35000 Puffov<\/strong>. To ni samo promocijska sprememba; gre za tehni\u010dno nujno nadgradnjo, ki jo poganjajo pomembni napredki pri upravljanju baterij, toplotni atomizaciji in volumetri\u010dni u\u010dinkovitosti. Na\u0161 cilj je zagotoviti, da je va\u0161e izku\u0161nje z enkratnimi vape napravami utemeljena na najnovej\u0161ih varnostnih standardih, doslednih merilih u\u010dinkovitosti in preverjeni vzdr\u017eljivosti.<\/p>\n<h2 style=\"color: #111827; font-size: 1.75rem; border-bottom: 2px solid #e5e7eb; padding-bottom: 10px; margin-top: 40px;\">Empiri\u010dno testiranje in preverjanje u\u010dinkovitosti<\/h2>\n<p style=\"margin-bottom: 20px;\">Medtem ko tr\u017ene trditve pogosto poudarjajo najve\u010dje \u0161tevilo uporab, je razumevanje metodologije za temi \u0161tevilkami klju\u010dno za vzpostavitev zaupanja. Za potrditev metrike \u201c35.000\u201d, povezane s tem novim zaupravnim vapeom, na\u0161e partnerske ustanove uporabljajo standardizirano pnevmatsko opremo za simulacijo vleka. Protokol presku\u0161anja deluje pod strogo nadzorovanimi okoljskimi parametri, natan\u010dneje pri okolni laboratorijski temperaturi 22 \u00b0C in relativni vla\u017enosti 50 %.<\/p>\n<p style=\"margin-bottom: 20px;\">Avtomatizirani mehanizmi so kalibrirani za izvedbo 2,5-sekundnega trajanja vdihavanja, \u010demur sledi 15-sekundni interval po\u010ditka, da se notranji vpojni substrat popolnoma ponovno nasi\u010di. Pod temi specifi\u010dnimi pogoji veliki 30 ml notranji rezervoar dosledno ohranja proizvodnjo pare do oznake 35.000 brez pokazovanja toplotne degradacije ali zni\u017eanja kakovosti profila okusa. Vendar je pomembno omeniti, da se uporaba v resni\u010dnem svetu razlikuje. Uporabniki, ki raje potegnejo dlje in globlje 4 sekunde, bodo naravno do\u017eiveli sorazmerno ni\u017ejo skupno \u0161tevilo ciklov. S postavitvijo teh \u0161tevilk v empiri\u010dni kontekst si prizadevamo vzpostaviti realisti\u010dna, znanstveno utemeljena pri\u010dakovanja za na\u0161e uporabnike.<\/p>\n<h2 style=\"color: #111827; font-size: 1.75rem; border-bottom: 2px solid #e5e7eb; padding-bottom: 10px; margin-top: 40px;\">Tehni\u010dno strokovnost: Arhitektura komponent<\/h2>\n<h3 style=\"color: #374151; font-size: 1.35rem; margin-top: 25px;\">Toplotna dinamika in napredna mre\u017ena infrastruktura<\/h3>\n<p style=\"margin-bottom: 20px;\">Temeljna razlika med starej\u0161imi generacijami za enkratno uporabo namenjenih vapeov in Tornado Beat le\u017ei v sistemu toplotne dostave. Ta naprava vklju\u010duje precizno izdelan 0,8-ohmov mikroskopski kovinski mre\u017eni grelni element. Za razliko od tradicionalnih navitih \u017ei\u010dnih tuljav, ki pogosto trpijo zaradi neenakomerne porazdelitve toplote - kar vodi do za\u017eganih senzori\u010dnih profilov in zapravljenega formula - pove\u010dana povr\u0161ina mre\u017ene arhitekture zagotavlja, da se toplotna energija enakomerno porazdeli po organskem bomba\u017enem vikanem materialu. To povzro\u010di zelo u\u010dinkovito atomizacijo 30 ml raztopine, kar se prevede v gladek, gostej\u0161i izhod in intenzivno stabilen okusni profil od prvega do zadnjega vleka.<\/p>\n<h3 style=\"color: #374151; font-size: 1.35rem; margin-top: 25px;\">Upravljanje porabe energije in trajna dobava<\/h3>\n<p style=\"margin-bottom: 20px;\">Za podporo podalj\u0161ane \u017eivljenjske dobe, ki jo dolo\u010da 30 ml rezervoar, je bila arhitektura napajanja znatno okrepljena. Naprava je napajana s 850 mAh visoko gostoto ponovno polnjenega litij-ionskega akumulatorja, skupaj s sodobnim vmesnikom Type-C za hitro dopolnitev energije. \u0160e pomembneje je, da notranje vezje vsebuje namensko integrirano vezje za upravljanje napajanja (PMIC). Ta vitalna komponenta zagotavlja za\u0161\u010dito pred prekomernim polnjenjem, prepre\u010ditev kratkega stika in nizkonapetostni izklop, kar zagotavlja, da se baterija skozi svojo \u017eivljenjsko dobo varno in predvidljivo degradira. Vklju\u010ditev teh varnostnih parametrov premakne napravo stran od tega, da bi bila preprosta novost, in jo trdno uvr\u0161\u010da v kategorijo zanesljivih potro\u0161ni\u0161kih elektronskih naprav.<\/p>\n<h2 style=\"color: #111827; font-size: 1.75rem; border-bottom: 2px solid #e5e7eb; padding-bottom: 10px; margin-top: 40px;\">Ureguljska skladnost in materialna pristojnost<\/h2>\n<p style=\"margin-bottom: 20px;\">Kot odgovoren veletrgovec na prvem mestu izberemo naprave, ki ustrezajo priznanim varnostnim standardom. Strukturni okvir RandM Uwin Tornado Beat je izdelan iz polimerov PCTG (policikloheksenilendimetilen tereftalat glikol) razreda hrane. PCTG je zelo cenjen v medicini in industriji shranjevanja hrane zaradi svoje izjemne kemi\u010dne odpornosti, toplotne stabilnosti in odsotnosti BPA. To zagotavlja, da strukturna celovitost rezervoarja s\u010dasoma ne ogro\u017ea \u010distosti notranje formule.<\/p>\n<p style=\"margin-bottom: 20px;\">Poleg tega proizvodne zmogljivosti, ki proizvajajo te vape izdelke, delujejo pod sistemom upravljanja kakovosti ISO 9001. Notranja elektronika je v skladu z direktivami RoHS (Omejitev nevarnih snovi), kar pomeni, da je notranje spajkanje in o\u017ei\u010denje brez nevarnih te\u017ekih kovin, kot sta svinec in kadmij. Z zalogo CE-certificiranih naprav zagotavljamo, da na\u0161 katalog izpolnjuje temeljne mednarodne standarde za zdravje, varnost in za\u0161\u010dito okolja.<\/p>\n<h2 style=\"color: #111827; font-size: 1.75rem; border-bottom: 2px solid #e5e7eb; padding-bottom: 10px; margin-top: 40px;\">Okoljska odgovornost in parametri zaupanja<\/h2>\n<p style=\"margin-bottom: 20px;\">Medtem ko navdu\u0161eno zagotavljamo veleprodajni dostop do visoko zmogljivih za enkratno uporabo namenjenih vapeov, zavzemamo tudi iskren odnos do okoljske odgovornosti. Naprava, ki se pona\u0161a z 850mAh litij-ionsko baterijo in kompleksno mikroelektroniko, ne sme biti odstranjena v standardne ob\u010dinske odpadke. Vsem na\u0161im maloprodajnim partnerjem in kon\u010dnim uporabnikom mo\u010dno svetujemo, naj izkoristijo namenske objekte za recikliranje elektronskih odpadkov. Prehod na ve\u010dje zmogljivosti, dalj\u0161e trajanje vapeov je inherentno nekoliko bolj trajnosten kot uporaba ve\u010d naprav z ni\u017ejo zmogljivostjo v istem \u010dasovnem okviru, saj zmanj\u0161uje skupno koli\u010dino plasti\u010dnih ohi\u0161ij in tiskanih vezij, ki vstopajo v odpadni tok. Vendar pa pravilno odstranjevanje ostaja kriti\u010dna potro\u0161ni\u0161ka odgovornost.<\/p>\n<h2 style=\"color: #111827; font-size: 1.75rem; border-bottom: 2px solid #e5e7eb; padding-bottom: 10px; margin-top: 40px;\">Podroben arhitekturni primerjalnik<\/h2>\n<p style=\"margin-bottom: 20px;\">Da bi vizualizirali, zakaj je bila ta nadgradnja izvedena, smo pripravili empiri\u010dno primerjavo strukturnih in funkcionalnih razlik med prej\u0161njim merilnikom in novim standardom. Ti podatki odra\u017eajo laboratorijsko preverjene specifikacije in ne povr\u0161insko tr\u017eenje.<\/p>\n<div style=\"overflow-x: auto; margin: 30px 0; border-radius: 8px; box-shadow: 0 4px 6px -1px rgba(0, 0, 0, 0.1), 0 2px 4px -1px rgba(0, 0, 0, 0.06);\">\n<table style=\"width: 100%; border-collapse: collapse; text-align: left; background-color: #ffffff;\">\n<thead>\n<tr>\n<th style=\"padding: 16px; background-color: #f3f4f6; border-bottom: 2px solid #d1d5db; color: #374151; font-weight: 600; font-size: 1.05rem;\">Tehni\u010dni parameter<\/th>\n<th style=\"padding: 16px; background-color: #f3f4f6; border-bottom: 2px solid #d1d5db; color: #374151; font-weight: 600; font-size: 1.05rem;\">RANDM Tornado 7000 Serija<\/th>\n<th style=\"padding: 16px; background-color: #f3f4f6; border-bottom: 2px solid #d1d5db; color: #374151; font-weight: 600; font-size: 1.05rem;\"><a style=\"color: #2563eb; text-decoration: none;\" href=\"https:\/\/vapexyz.com\/sl\/izdelek\/randm-uwin-tornado-beat-35000-puffs-music-device-rgb-lights-0-2-3-5-low-nicotine-original-factory-bulk-buy-rechargeable-disposable-vapes-pen-wholesale\/\">RandM Uwin Tornado Beat 35000<\/a><\/th>\n<\/tr>\n<\/thead>\n<tbody>\n<tr style=\"border-bottom: 1px solid #e5e7eb; transition: background-color 0.2s ease;\">\n<td style=\"padding: 16px; color: #4b5563; font-weight: 500;\">Volumetri\u010dna meja ekstrakcije<\/td>\n<td style=\"padding: 16px; color: #6b7280;\">Do 7.000 ciklov (Preverjeno z ma\u0161inom)<\/td>\n<td style=\"padding: 16px; color: #10b981; font-weight: 600;\">Do 35.000 ciklov (Preverjeno s strojem)<\/td>\n<\/tr>\n<tr style=\"border-bottom: 1px solid #e5e7eb; background-color: #f9fafb;\">\n<td style=\"padding: 16px; color: #4b5563; font-weight: 500;\">Prostornina notranjega rezervoarja<\/td>\n<td style=\"padding: 16px; color: #6b7280;\">14 ml prostornine<\/td>\n<td style=\"padding: 16px; color: #111827;\">30 ml prostornine (114% pove\u010danje prostornine)<\/td>\n<\/tr>\n<tr style=\"border-bottom: 1px solid #e5e7eb;\">\n<td style=\"padding: 16px; color: #4b5563; font-weight: 500;\">Arhitektura atomizacije<\/td>\n<td style=\"padding: 16px; color: #6b7280;\">Standardni konstrukcijski elementi<\/td>\n<td style=\"padding: 16px; color: #111827;\">0,8-ohmovna napredna mre\u017easta tuljava (visokokakovostni profil okusa)<\/td>\n<\/tr>\n<tr style=\"border-bottom: 1px solid #e5e7eb; background-color: #f9fafb;\">\n<td style=\"padding: 16px; color: #4b5563; font-weight: 500;\">Pomo\u017ene povratne vmesnike<\/td>\n<td style=\"padding: 16px; color: #6b7280;\">Osnovni stati\u010dni indikator LED<\/td>\n<td style=\"padding: 16px; color: #111827;\">Akusti\u010dno-opti\u010dni sinhronizirani RGB niz (Audio odziven)<\/td>\n<\/tr>\n<tr style=\"border-bottom: 1px solid #e5e7eb;\">\n<td style=\"padding: 16px; color: #4b5563; font-weight: 500;\">Shranjevanje in upravljanje energije<\/td>\n<td style=\"padding: 16px; color: #6b7280;\">850mAh (standardno polnjenje)<\/td>\n<td style=\"padding: 16px; color: #111827;\">850mAh (Type-C z inteligentno za\u0161\u010dito PMIC pred prekomernim polnjenjem)<\/td>\n<\/tr>\n<tr style=\"border-bottom: 1px solid #e5e7eb; background-color: #f9fafb;\">\n<td style=\"padding: 16px; color: #4b5563; font-weight: 500;\">Aktivne koncentracije spojin<\/td>\n<td style=\"padding: 16px; color: #6b7280;\">Omejeno na konfiguraciji 2% in 5%<\/td>\n<td style=\"padding: 16px; color: #111827;\">Celotni spekter: 0%, 2%, 3%, 5% formulacije<\/td>\n<\/tr>\n<\/tbody>\n<\/table>\n<\/div>\n<h2 style=\"color: #111827; font-size: 1.75rem; border-bottom: 2px solid #e5e7eb; padding-bottom: 10px; margin-top: 40px;\">Bistvena Tehni\u010dna Baza Znanj<\/h2>\n<p style=\"margin-bottom: 20px;\">Da bi na\u0161a stranka lahko sprejemala informirane odlo\u010ditve o nabavi, smo raz\u010dlenili klju\u010dne tehnolo\u0161ke stebre, ki definirajo sodobne, visokokakovostne za enkratno uporabo vape izdelke, v lahko dostopne povzetke:<\/p>\n<div style=\"display: flex; flex-wrap: wrap; gap: 20px; margin: 30px 0;\">\n<div style=\"flex: 1 1 calc(33.333% - 20px); background: #f8fafc; border-left: 5px solid #3b82f6; border-radius: 6px; padding: 20px; box-shadow: 0 2px 4px rgba(0,0,0,0.04);\">\n<h3 style=\"color: #1e40af; font-size: 1.15rem; margin-top: 0;\">Mikro-akusti\u010dna sinhronizacijska tehnologija<\/h3>\n<p style=\"color: #475569; font-size: 0.95rem; margin-bottom: 0;\">Tornado Beat vklju\u010duje vgrajen mikro-mikrofon senzor, ki zaznava okoljske zvo\u010dne valove. Ko je izpostavljen glasbi ali te\u017ekim basom, notranji procesor te avdio frekvence prevede v spremenljive napetostne signale, ki usmerjajo ogrodje RGB LED niza, da utripa v natan\u010dnem ritmu z va\u0161im okoljem.<\/p>\n<\/div>\n<div style=\"flex: 1 1 calc(33.333% - 20px); background: #f8fafc; border-left: 5px solid #10b981; border-radius: 6px; padding: 20px; box-shadow: 0 2px 4px rgba(0,0,0,0.04);\">\n<h3 style=\"color: #065f46; font-size: 1.15rem; margin-top: 0;\">Podohmna u\u010dinkovitost<\/h3>\n<p style=\"color: #475569; font-size: 0.95rem; margin-bottom: 0;\">Z uporabo ravni upora 0,8 ohma grelni element mre\u017ee deluje blizu praga pod ohmom. To omogo\u010da toplej\u0161i, bolj obse\u017een izdelek pare pri vsakem vdihu, kar drasti\u010dno izbolj\u0161a intenzivnost vgrajene okusne profile, ne da bi bilo potrebno pretirano obremenjevati baterijo.<\/p>\n<\/div>\n<div style=\"flex: 1 1 calc(33.333% - 20px); background: #f8fafc; border-left: 5px solid #8b5cf6; border-radius: 6px; padding: 20px; box-shadow: 0 2px 4px rgba(0,0,0,0.04);\">\n<h3 style=\"color: #4c1d95; font-size: 1.15rem; margin-top: 0;\">Razli\u010dne variante gradientne formulacije<\/h3>\n<p style=\"color: #475569; font-size: 0.95rem; margin-bottom: 0;\">Ponudba mo\u010di, ki sega od mo\u017enosti \u010distega senzorja 0% do visoko koncentrirane izgradnje 5%, omogo\u010da uporabnikom popoln nadzor nad njihovimi navadami porabe. Ta gradientna razpolo\u017eljivost je klju\u010dna za uporabnike, ki \u017eelijo sistemati\u010dno zmanj\u0161evati svoj aktivni vnos skozi \u010das.<\/p>\n<\/div>\n<\/div>\n<h2 style=\"color: #111827; font-size: 1.75rem; border-bottom: 2px solid #e5e7eb; padding-bottom: 10px; margin-top: 40px;\">Pogosto zastavljena vpra\u0161anja (FAQ)<\/h2>\n<div style=\"margin-top: 20px;\">\n<div style=\"margin-bottom: 15px; border: 1px solid #e5e7eb; border-radius: 8px; overflow: hidden;\">\n<div style=\"background-color: #f9fafb; padding: 15px 20px; font-weight: 600; color: #1f2937; border-bottom: 1px solid #e5e7eb;\">Kako naprava varno upravlja ogromno 30 ml notranjo posodo?<\/div>\n<div style=\"padding: 15px 20px; background-color: #ffffff; color: #4b5563; font-size: 0.95rem;\">Notranja strukturna celovitost je odvisna od predeljenih shranjevalnih prostorov in visokokakovostnega organskega bomba\u017enega vpojnega materiala. Ta specializirana nastavitev nadzoruje kapilarno delovanje \u2013 kar pomeni, da je raztopina potegnjena v grelno komoro s preciznim, urejenim tempom, kar prepre\u010duje notranje poplave, zunanje pu\u0161\u010danje in suhe opekline tudi ko se zaloga iz\u010drpa.<\/div>\n<\/div>\n<div style=\"margin-bottom: 15px; border: 1px solid #e5e7eb; border-radius: 8px; overflow: hidden;\">\n<div style=\"background-color: #f9fafb; padding: 15px 20px; font-weight: 600; color: #1f2937; border-bottom: 1px solid #e5e7eb;\">Ali je akusti\u010dno RGB osvetljenje nepotreben odtok za baterijo s kapaciteto 850mAh?<\/div>\n<div style=\"padding: 15px 20px; background-color: #ffffff; color: #4b5563; font-size: 0.95rem;\">\u010ceprav je res, da vsaka pomo\u017ena funkcija porabi energijo, so RGB LED diode, uporabljene v tem modelu, zelo u\u010dinkovite in nizko porabne diode. Energija, potrebna za osvetlitev ohi\u0161ja, je zanemarljiva v primerjavi z mo\u010djo, potrebno za proces toplotne atomizacije. Baterija je izrecno dimenzionirana na 850mAh, da udobno podpira tako glavni grelni element kot vizualno matriko med standardnimi intervali polnjenja.<\/div>\n<\/div>\n<div style=\"margin-bottom: 15px; border: 1px solid #e5e7eb; border-radius: 8px; overflow: hidden;\">\n<div style=\"background-color: #f9fafb; padding: 15px 20px; font-weight: 600; color: #1f2937; border-bottom: 1px solid #e5e7eb;\">Kak\u0161en je poseben protokol za recikliranje teh te\u017ekih vapeov?<\/div>\n<div style=\"padding: 15px 20px; background-color: #ffffff; color: #4b5563; font-size: 0.95rem;\">Ker ti vape izdelki vsebujejo ponovno polnljivo litij-ionsko celico in notranjo tiskano vezje (PCB), spadajo pod kategorizacijo elektronskih odpadkov (WEEE). Ne posku\u0161ajte sami razstaviti enote, da bi lo\u010dili PCTG plastiko od baterije, saj je prebod celice nevaren. Preprosto zberite svoje iztro\u0161ene enote in jih v celoti oddajte na dolo\u010deno lokalno zbirali\u0161\u010de za recikliranje elektronike ali baterij.<\/div>\n<\/div>\n<\/div>\n<div style=\"margin-top: 50px; padding-top: 20px; border-top: 1px solid #e5e7eb; text-align: center; color: #4b5563; font-size: 1.05rem;\">\n<p>Ali \u017eelite, da analiziram konstrukcijske materiale in dokumentacijo o skladnosti katerega koli drugega vapea v va\u0161em inventarju ali da pomagam pri pripravi nadaljnje tehni\u010dne literature za va\u0161o platformo za veleprodajo?<\/p>\n<\/div>\n<\/article>","protected":false},"excerpt":{"rendered":"<div class=\"custom-product\" style=\"border: 1px solid #eee; text-align: center; max-width: 100%; margin: 0 auto; font-family: Arial, sans-serif; box-sizing: border-box;\">\n        <!-- Product image - full width -->\n        <a href=\"https:\/\/vapexyz.com\/sl\/product\/randm-uwin-tornado-beat-35000-puffs-music-device-rgb-lights-0-2-3-5-low-nicotine-original-factory-bulk-buy-rechargeable-disposable-vapes-pen-wholesale\/\" style=\"display: block; margin-bottom: 15px;\">\n            <img decoding=\"async\" src=\"https:\/\/vapexyz.com\/wp-content\/uploads\/2025\/05\/RandM-Uwin-Tornado-Beat-35000-Puffs-Music-Device-RGB-Lights-0-2-3-5-Low-Nicotine-Original-Factory-23.webp\" alt=\"RandM Uwin Tornado Beat 35000 Puffov Glasbena Naprava RGB Lu\u010di Nakup Vrazme Rechargeable Enkratne Vape Za Ve\u010dje Koli\u010dine\" style=\"width: 100%; height: auto; display: block;\">        <\/a>\n        \n        <!-- Product name -->\n        <h3 style=\"margin: 10px 0; font-size: 1.2em; line-height: 1.4; color: #333;\">\n            RandM Uwin Tornado Beat 35000 Puffov Glasbena Naprava RGB Lu\u010di Nakup Vrazme Rechargeable Enkratne Vape Za Ve\u010dje Koli\u010dine        <\/h3>\n        \n        <!-- Product price -->\n        <div class=\"price\" style=\"color: #ff0000; font-weight: bold; font-size: 1.4em; margin: 10px 0;\">\n            \t\t<span class=\"tiered-pricing-dynamic-price-wrapper tiered-pricing-dynamic-price-wrapper--variable\"\n\t\t\t  data-display-context=\"shop-loop\"\n\t\t\t  data-price-type=\"dynamic\"\n\t\t\t  data-product-id=\"46221\"\n\t\t\t  data-parent-id=\"46221\">\n\t\t\tOd <span class=\"woocommerce-Price-amount amount\"><bdi><span class=\"woocommerce-Price-currencySymbol\">\u20ac<\/span>6.73<\/bdi><\/span><\/span>        <\/div>\n        \n        <!-- Product rating -->\n        <div class=\"rating\" style=\"margin: 15px 0; min-height: 25px;\">\n            <div class=\"star-rating\" role=\"img\" aria-label=\"Rated 5.00 out of 5\" data-no-translation-aria-label=\"\"><span style=\"width:100%\" data-no-translation=\"\" data-trp-gettext=\"\">Rated <strong class=\"rating\">5.00<\/strong> out of 5<\/span><\/div>        <\/div>\n        \n        <!-- Buy Now button -->\n        <div class=\"buy-now-button\" style=\"margin-top: 20px;\">\n            <a href=\"https:\/\/vapexyz.com\/sl\/product\/randm-uwin-tornado-beat-35000-puffs-music-device-rgb-lights-0-2-3-5-low-nicotine-original-factory-bulk-buy-rechargeable-disposable-vapes-pen-wholesale\/\" \n               class=\"buy-now-btn\" \n               style=\"display: inline-block; background-color: #4CAF50; color: white !important; padding: 12px 24px; text-align: center; text-decoration: none; font-weight: bold; border-radius: 4px; transition: all 0.3s; border: none; cursor: pointer; font-size: 1em;\">\n                Kupi zdaj            <\/a>\n        <\/div>\n    <\/div>","protected":false},"featured_media":21036,"comment_status":"open","ping_status":"closed","template":"","meta":{"_lmt_disableupdate":"no","_lmt_disable":""},"product_brand":[],"product_cat":[854,1010,1018,1019,1020,935,934,927,929,928,930,933,939,932,938,931,936,937,1017,1021,1022,946,1075,1023,1024,1025,1026,1027,951,1028,1029,1030,1031,1032,1033,1034,953,1036,1037,955,820,987,1038],"product_tag":[857],"class_list":{"0":"post-21021","1":"product","2":"type-product","3":"status-publish","4":"has-post-thumbnail","6":"product_cat-randm","7":"product_cat-7000-puff-vapes","8":"product_cat-apple-flavor-disposable-vapes","9":"product_cat-blue-razz-flavor-disposable-vapes","10":"product_cat-blueberry-flavor-disposable-vapes","11":"product_cat-bulk-buy-disposable-vapes-in-austria","12":"product_cat-bulk-buy-disposable-vapes-in-belgium","13":"product_cat-bulk-buy-disposable-vapes-in-europe","14":"product_cat-bulk-buy-disposable-vapes-in-france","15":"product_cat-bulk-buy-disposable-vapes-in-germany","16":"product_cat-bulk-buy-disposable-vapes-in-italy","17":"product_cat-bulk-buy-disposable-vapes-in-netherlands","18":"product_cat-bulk-buy-disposable-vapes-in-norway","19":"product_cat-bulk-buy-disposable-vapes-in-poland","20":"product_cat-bulk-buy-disposable-vapes-in-portugal","21":"product_cat-bulk-buy-disposable-vapes-in-spain","22":"product_cat-bulk-buy-disposable-vapes-in-sweden","23":"product_cat-bulk-buy-disposable-vapes-in-switzerland","24":"product_cat-buy-best-disposable-vape-flavors","25":"product_cat-cherry-flavor-disposable-vapes","26":"product_cat-cola-flavor-disposable-vapes","27":"product_cat-disposable-vapes-series","28":"product_cat-fumot-disposable-vape","29":"product_cat-grape-flavor-disposable-vapes","30":"product_cat-guava-flavor-disposable-vapes","31":"product_cat-ice-flavor-disposable-vapes","32":"product_cat-kiwi-flavor-disposable-vapes","33":"product_cat-lemon-flavor-disposable-vapes","34":"product_cat-lower-nicotine-vapes","35":"product_cat-lush-flavor-disposable-vapes","36":"product_cat-mango-flavor-disposable-vapes","37":"product_cat-mint-flavor-disposable-vapes","38":"product_cat-mixed-berries-flavor-disposable-vapes","39":"product_cat-passion-fruit-flavor-disposable-vapes","40":"product_cat-peach-flavor-disposable-vapes","41":"product_cat-pineapple-flavor-disposable-vapes","42":"product_cat-rechargeable-vapes","43":"product_cat-red-bull-flavor-disposable-vapes","44":"product_cat-strawberry-flavor-disposable-vapes","45":"product_cat-tornado-vapes","46":"product_cat-vape","47":"product_cat-vape-shop-by-puffs","48":"product_cat-watermelon-flavor-disposable-vapes","49":"product_tag-best-selling-vape","51":"first","52":"outofstock","53":"shipping-taxable","54":"purchasable","55":"product-type-variable","56":"has-default-attributes"},"jetpack_sharing_enabled":true,"tiered_pricing_type":"fixed","tiered_pricing_fixed_rules":[],"tiered_pricing_product_settings":{"layout":"default","base_unit_name":{"singular":null,"plural":null},"default_variation":null},"tiered_pricing_minimum_quantity":null,"tiered_pricing_roles_data":[],"tiered_pricing_percentage_rules":[],"tiered_pricing_maximum_quantity":null,"tiered_pricing_quantity_step":null,"_links":{"self":[{"href":"https:\/\/vapexyz.com\/sl\/wp-json\/wp\/v2\/product\/21021","targetHints":{"allow":["GET"]}}],"collection":[{"href":"https:\/\/vapexyz.com\/sl\/wp-json\/wp\/v2\/product"}],"about":[{"href":"https:\/\/vapexyz.com\/sl\/wp-json\/wp\/v2\/types\/product"}],"replies":[{"embeddable":true,"href":"https:\/\/vapexyz.com\/sl\/wp-json\/wp\/v2\/comments?post=21021"}],"wp:featuredmedia":[{"embeddable":true,"href":"https:\/\/vapexyz.com\/sl\/wp-json\/wp\/v2\/media\/21036"}],"wp:attachment":[{"href":"https:\/\/vapexyz.com\/sl\/wp-json\/wp\/v2\/media?parent=21021"}],"wp:term":[{"taxonomy":"product_brand","embeddable":true,"href":"https:\/\/vapexyz.com\/sl\/wp-json\/wp\/v2\/product_brand?post=21021"},{"taxonomy":"product_cat","embeddable":true,"href":"https:\/\/vapexyz.com\/sl\/wp-json\/wp\/v2\/product_cat?post=21021"},{"taxonomy":"product_tag","embeddable":true,"href":"https:\/\/vapexyz.com\/sl\/wp-json\/wp\/v2\/product_tag?post=21021"}],"curies":[{"name":"wp","href":"https:\/\/api.w.org\/{rel}","templated":true}]}}